{"id":1097,"date":"2022-10-19T08:39:35","date_gmt":"2022-10-19T06:39:35","guid":{"rendered":"https:\/\/369agara.com\/?page_id=1097"},"modified":"2025-05-31T20:46:33","modified_gmt":"2025-05-31T18:46:33","slug":"aec-innovations","status":"publish","type":"page","link":"https:\/\/369agara.com\/de\/aec-innovations\/","title":{"rendered":"AEC Innovation"},"content":{"rendered":"<div class=\"row\"  id=\"row-1425738464\">\n\n\n\t<div id=\"col-1939771168\" class=\"col medium-4 small-12 large-4\"  >\n\t\t\t\t<div class=\"col-inner\"  >\n\t\t\t\n\t\t\t\n\n\n\t\t<\/div>\n\t\t\t\t\t<\/div>\n\n\t\n\n\t<div id=\"col-596081015\" class=\"col medium-4 small-12 large-4\"  >\n\t\t\t\t<div class=\"col-inner\"  >\n\t\t\t\n\t\t\t\n\n\t<div class=\"img has-hover x md-x lg-x y md-y lg-y\" id=\"image_290803792\">\n\t\t\t\t\t\t\t\t<div class=\"img-inner dark\" >\n\t\t\t<img loading=\"lazy\" decoding=\"async\" width=\"1020\" height=\"1020\" src=\"https:\/\/369agara.com\/wp-content\/uploads\/2022\/10\/Logo-AEC-Innovation-1024x1024.png\" class=\"attachment-large size-large\" alt=\"Logo-AEC-Innovation\" srcset=\"https:\/\/369agara.com\/wp-content\/uploads\/2022\/10\/Logo-AEC-Innovation-1024x1024.png 1024w, https:\/\/369agara.com\/wp-content\/uploads\/2022\/10\/Logo-AEC-Innovation-247x247.png 247w, https:\/\/369agara.com\/wp-content\/uploads\/2022\/10\/Logo-AEC-Innovation-100x100.png 100w, https:\/\/369agara.com\/wp-content\/uploads\/2022\/10\/Logo-AEC-Innovation-510x510.png 510w, https:\/\/369agara.com\/wp-content\/uploads\/2022\/10\/Logo-AEC-Innovation-300x300.png 300w, https:\/\/369agara.com\/wp-content\/uploads\/2022\/10\/Logo-AEC-Innovation-150x150.png 150w, https:\/\/369agara.com\/wp-content\/uploads\/2022\/10\/Logo-AEC-Innovation-768x768.png 768w, https:\/\/369agara.com\/wp-content\/uploads\/2022\/10\/Logo-AEC-Innovation.png 1311w\" sizes=\"auto, (max-width: 1020px) 100vw, 1020px\" \/>\t\t\t\t\t\t\n\t\t\t\t\t<\/div>\n\t\t\t\t\t\t\t\t\n<style>\n#image_290803792 {\n  width: 100%;\n}\n<\/style>\n\t<\/div>\n\t\n\n\n\t\t<\/div>\n\t\t\t\t\t<\/div>\n\n\t\n\n\t<div id=\"col-1129321015\" class=\"col medium-4 small-12 large-4\"  >\n\t\t\t\t<div class=\"col-inner\"  >\n\t\t\t\n\t\t\t\n\n\n\t\t<\/div>\n\t\t\t\t\t<\/div>\n\n\t\n\n<\/div>\n<a href=\"https:\/\/369agara.com\/product-category\/utrustning-for-fargterapi\/\" target=\"_self\" class=\"button primary is-shade is-large box-shadow-4 box-shadow-5-hover expand\"  style=\"border-radius:10px;\">\n    <span>Der Shop<\/span>\n  <\/a>\n\n\n\t<div id=\"gap-1704239956\" class=\"gap-element clearfix\" style=\"display:block; height:auto;\">\n\t\t\n<style>\n#gap-1704239956 {\n  padding-top: 70px;\n}\n<\/style>\n\t<\/div>\n\t\n\n<blockquote>\n<p><span style=\"font-family: 'Book Antiqua', Palatino; font-size: 120%; color: #0000ff;\">Chromotherapie durch Kristallresonanz auf einfache Weise.<\/span><\/p>\n<\/blockquote>\n<p><span style=\"font-family: 'Book Antiqua', Palatino; font-size: 120%; color: #333399;\">Die Innovation Arc En Ciel entstand aus dem Zusammentreffen von \u00c4rzten, Therapeuten und Ingenieuren, um neue Behandlungstechniken zu entwickeln, die im Einklang mit den energetischen, schwingenden und informativen Dimensionen des Lebens stehen.<\/span><br \/><span style=\"font-family: 'Book Antiqua', Palatino; font-size: 120%; color: #333399;\">Unser Ziel ist es, mithilfe der neuesten Technologien ganzheitliches und quantitatives Wissen zu entwickeln,<\/span><br \/><span style=\"font-family: 'Book Antiqua', Palatino; font-size: 120%; color: #333399;\">praktische L\u00f6sungen zur Verbesserung des Wohlbefindens der Menschen und ihres Lebensumfelds.<\/span><\/p>\n<p><span style=\"font-family: 'Book Antiqua', Palatino; font-size: 120%; color: #333399;\">In der Vend\u00e9e, Frankreich, in einem Gesundheitszentrum inmitten der Natur gelegen.<\/span><br \/><span style=\"font-family: 'Book Antiqua', Palatino; font-size: 120%; color: #333399;\">Unser Hauptwunsch wird angetrieben von <strong>die Suche nach Wohlbefinden und Harmonie f\u00fcr eine bessere Welt<\/strong> f\u00fcr alle im Alltag.<\/span><\/p>\n<p><span style=\"font-family: 'Book Antiqua', Palatino; font-size: 120%; color: #333399;\">Unsere Ingenieure entwickeln und produzieren eine Vielzahl von L\u00f6sungen und Ger\u00e4ten. Sie verf\u00fcgen \u00fcber technisches Know-how und eine ganzheitliche Sicht des Menschen, die auf 25 Jahren Forschung und Erfahrung beruhen, die vom Team um Dr. Dominique Bourdin (CDB La Chrysalide) weitergegeben wurden.<\/span><br \/><span style=\"font-family: 'Book Antiqua', Palatino; font-size: 120%; color: #333399;\">L\u00f6sungen, die von Studien inspiriert sind, die das Ergebnis der Erfahrung und des Know-hows von Partnern wie Jean Bouchet, Pierre Van Obberghen, Jean-Michel Weiss und vielen anderen Wissenschaftlern, \u00c4rzten und Ingenieuren auf der ganzen Welt sind.<\/span><\/p>\n<div class=\"col-sm-4\">\n<blockquote>\n<p><span style=\"font-family: 'Book Antiqua', Palatino; font-size: 120%; color: #0000ff;\">Wir bem\u00fchen uns, Ihnen das Beste aus unserer Forschung zu bieten, um Ihnen zu helfen, das Beste aus sich selbst herauszuholen und Ihre Lebensumst\u00e4nde zu verbessern.<\/span><\/p>\n<\/blockquote>\n<p><span style=\"font-family: 'Book Antiqua', Palatino; font-size: 120%; color: #333399;\">All unsere Handlungen werden von einer energischen Vision unserer Interaktionen in der Welt geleitet. Daher suchen wir jenseits der etablierten Normen nach allem, was zum Wohlergehen unserer Mitmenschen richtig angewendet werden kann.<\/span><br \/><span style=\"font-family: 'Book Antiqua', Palatino; font-size: 120%; color: #333399;\">Wir st\u00fctzen uns auf alle <strong>\u00fcberzeugende Konzepte<\/strong> die erkunden die <strong>subtile und vibrierende Energien<\/strong> die uns ausmachen, vom Schall \u00fcber Elektromagnetismus bis hin zu einigen physikalischen und quantenphysikalischen Aspekten, die immer noch als marginal angesehen werden, obwohl sie zu greifbaren Ergebnissen f\u00fchren.<\/span><\/p>\n<p><span style=\"font-family: 'Book Antiqua', Palatino; font-size: 120%; color: #333399;\">All unser Denken ist darauf ausgerichtet, die Effizienz und Qualit\u00e4t unserer Produkte zu steigern; von <strong>gesunde Prinzipien<\/strong>Die <strong>saubere\/stabile Materialien<\/strong> f\u00fcr Elektronik- und Computerkomponenten, w\u00e4hrend <strong>die Umwelt und die Sensibilit\u00e4ten der Nutzer respektieren<\/strong>.<\/span><\/p>\n<blockquote>\n<p><span style=\"font-family: 'Book Antiqua', Palatino; font-size: 120%; color: #0000ff;\">Einhaltung der Biokompatibilit\u00e4t mit einem m\u00f6glichst geringen CO2-Fu\u00dfabdruck.<\/span><\/p>\n<\/blockquote>\n<p><span style=\"font-family: 'Book Antiqua', Palatino; font-size: 120%; color: #333399;\"><strong>Gesundheit ist nat\u00fcrlich<\/strong> f\u00fcr die Menschen. Zu verstehen und auf das einzuwirken, was uns ver\u00e4ndert, hat uns dazu gebracht, die mechanistische\/materialistische Sicht des Lebens zu \u00fcberwinden.<\/span><\/p>\n<p><span style=\"font-family: 'Book Antiqua', Palatino; font-size: 120%; color: #333399;\">Unsere Forschung und die entwickelten Behandlungsmethoden haben uns dazu veranlasst, die Arbeiten renommierter Vorg\u00e4nger wie Dinash Gadiali, David Bohm, Fritz-Albert Popp und Jean-Michel Weiss \u00fcber die <strong>Biophotonik<\/strong>Die <strong>Bioresonanz<\/strong>Die <strong>Farbtherapie<\/strong> und die holographische Funktionsweise des Menschen und die Funktionsweise des Universums: ein relevanter Schl\u00fcssel zum Verst\u00e4ndnis dessen, was wir sind... eingeladen, unsere Verantwortung zu \u00fcbernehmen, um mehr Liebe f\u00fcr uns selbst, f\u00fcr andere und f\u00fcr den Planeten zu schaffen.<\/span><\/p>\n<p><span style=\"font-family: 'Book Antiqua', Palatino; font-size: 120%; color: #333399;\">Er ist also <strong>wichtig<\/strong> f\u00fcr uns zu bieten <strong>verschiedene therapeutische Techniken<\/strong> die das Ergebnis unserer Arbeit sind und deren Wirksamkeit uns jeden Tag aufs Neue \u00fcberrascht.<\/span><\/p>\n<\/div>","protected":false},"excerpt":{"rendered":"","protected":false},"author":1,"featured_media":0,"parent":0,"menu_order":0,"comment_status":"closed","ping_status":"closed","template":"","meta":{"footnotes":""},"class_list":["post-1097","page","type-page","status-publish","hentry"],"yoast_head":"<!-- This site is optimized with the Yoast SEO Premium plugin v25.1 (Yoast SEO v27.4) - https:\/\/yoast.com\/product\/yoast-seo-premium-wordpress\/ -->\n<title>AEC Innovation | Agara<\/title>\n<meta name=\"robots\" content=\"index, follow, max-snippet:-1, max-image-preview:large, max-video-preview:-1\" \/>\n<link rel=\"canonical\" href=\"https:\/\/369agara.com\/de\/aec-innovations\/\" \/>\n<meta property=\"og:locale\" content=\"de_DE\" \/>\n<meta property=\"og:type\" content=\"article\" \/>\n<meta property=\"og:title\" content=\"AEC Innovation\" \/>\n<meta property=\"og:url\" content=\"https:\/\/369agara.com\/de\/aec-innovations\/\" \/>\n<meta property=\"og:site_name\" content=\"Agara\" \/>\n<meta property=\"article:modified_time\" content=\"2025-05-31T18:46:33+00:00\" \/>\n<meta name=\"twitter:card\" content=\"summary_large_image\" \/>\n<meta name=\"twitter:label1\" content=\"Gesch\u00e4tzte Lesezeit\" \/>\n\t<meta name=\"twitter:data1\" content=\"3\u00a0Minuten\" \/>\n<script type=\"application\/ld+json\" class=\"yoast-schema-graph\">{\"@context\":\"https:\\\/\\\/schema.org\",\"@graph\":[{\"@type\":\"WebPage\",\"@id\":\"https:\\\/\\\/369agara.com\\\/aec-innovations\\\/\",\"url\":\"https:\\\/\\\/369agara.com\\\/aec-innovations\\\/\",\"name\":\"AEC Innovation | Agara\",\"isPartOf\":{\"@id\":\"https:\\\/\\\/369agara.com\\\/#website\"},\"datePublished\":\"2022-10-19T06:39:35+00:00\",\"dateModified\":\"2025-05-31T18:46:33+00:00\",\"breadcrumb\":{\"@id\":\"https:\\\/\\\/369agara.com\\\/aec-innovations\\\/#breadcrumb\"},\"inLanguage\":\"de\",\"potentialAction\":[{\"@type\":\"ReadAction\",\"target\":[\"https:\\\/\\\/369agara.com\\\/aec-innovations\\\/\"]}]},{\"@type\":\"BreadcrumbList\",\"@id\":\"https:\\\/\\\/369agara.com\\\/aec-innovations\\\/#breadcrumb\",\"itemListElement\":[{\"@type\":\"ListItem\",\"position\":1,\"name\":\"Accueil\",\"item\":\"https:\\\/\\\/369agara.com\\\/\"},{\"@type\":\"ListItem\",\"position\":2,\"name\":\"AEC Innovation\"}]},{\"@type\":\"WebSite\",\"@id\":\"https:\\\/\\\/369agara.com\\\/#website\",\"url\":\"https:\\\/\\\/369agara.com\\\/\",\"name\":\"Livsrikedomar\",\"description\":\"D\u00e9connectez pour mieux vous connecter\",\"publisher\":{\"@id\":\"https:\\\/\\\/369agara.com\\\/#organization\"},\"potentialAction\":[{\"@type\":\"SearchAction\",\"target\":{\"@type\":\"EntryPoint\",\"urlTemplate\":\"https:\\\/\\\/369agara.com\\\/?s={search_term_string}\"},\"query-input\":{\"@type\":\"PropertyValueSpecification\",\"valueRequired\":true,\"valueName\":\"search_term_string\"}}],\"inLanguage\":\"de\"},{\"@type\":\"Organization\",\"@id\":\"https:\\\/\\\/369agara.com\\\/#organization\",\"name\":\"EACreations\",\"url\":\"https:\\\/\\\/369agara.com\\\/\",\"logo\":{\"@type\":\"ImageObject\",\"inLanguage\":\"de\",\"@id\":\"https:\\\/\\\/369agara.com\\\/#\\\/schema\\\/logo\\\/image\\\/\",\"url\":\"\",\"contentUrl\":\"\",\"caption\":\"EACreations\"},\"image\":{\"@id\":\"https:\\\/\\\/369agara.com\\\/#\\\/schema\\\/logo\\\/image\\\/\"}}]}<\/script>\n<!-- \/ Yoast SEO Premium plugin. -->","yoast_head_json":{"title":"AEC Innovation | Agara","robots":{"index":"index","follow":"follow","max-snippet":"max-snippet:-1","max-image-preview":"max-image-preview:large","max-video-preview":"max-video-preview:-1"},"canonical":"https:\/\/369agara.com\/de\/aec-innovations\/","og_locale":"de_DE","og_type":"article","og_title":"AEC Innovation","og_url":"https:\/\/369agara.com\/de\/aec-innovations\/","og_site_name":"Agara","article_modified_time":"2025-05-31T18:46:33+00:00","twitter_card":"summary_large_image","twitter_misc":{"Gesch\u00e4tzte Lesezeit":"3\u00a0Minuten"},"schema":{"@context":"https:\/\/schema.org","@graph":[{"@type":"WebPage","@id":"https:\/\/369agara.com\/aec-innovations\/","url":"https:\/\/369agara.com\/aec-innovations\/","name":"AEC Innovation | Agara","isPartOf":{"@id":"https:\/\/369agara.com\/#website"},"datePublished":"2022-10-19T06:39:35+00:00","dateModified":"2025-05-31T18:46:33+00:00","breadcrumb":{"@id":"https:\/\/369agara.com\/aec-innovations\/#breadcrumb"},"inLanguage":"de","potentialAction":[{"@type":"ReadAction","target":["https:\/\/369agara.com\/aec-innovations\/"]}]},{"@type":"BreadcrumbList","@id":"https:\/\/369agara.com\/aec-innovations\/#breadcrumb","itemListElement":[{"@type":"ListItem","position":1,"name":"Accueil","item":"https:\/\/369agara.com\/"},{"@type":"ListItem","position":2,"name":"AEC Innovation"}]},{"@type":"WebSite","@id":"https:\/\/369agara.com\/#website","url":"https:\/\/369agara.com\/","name":"Livsrikedomar","description":"Trennen Sie die Verbindung, um sich besser zu verbinden","publisher":{"@id":"https:\/\/369agara.com\/#organization"},"potentialAction":[{"@type":"SearchAction","target":{"@type":"EntryPoint","urlTemplate":"https:\/\/369agara.com\/?s={search_term_string}"},"query-input":{"@type":"PropertyValueSpecification","valueRequired":true,"valueName":"search_term_string"}}],"inLanguage":"de"},{"@type":"Organization","@id":"https:\/\/369agara.com\/#organization","name":"EACreations","url":"https:\/\/369agara.com\/","logo":{"@type":"ImageObject","inLanguage":"de","@id":"https:\/\/369agara.com\/#\/schema\/logo\/image\/","url":"","contentUrl":"","caption":"EACreations"},"image":{"@id":"https:\/\/369agara.com\/#\/schema\/logo\/image\/"}}]}},"jetpack_sharing_enabled":true,"_links":{"self":[{"href":"https:\/\/369agara.com\/de\/wp-json\/wp\/v2\/pages\/1097","targetHints":{"allow":["GET"]}}],"collection":[{"href":"https:\/\/369agara.com\/de\/wp-json\/wp\/v2\/pages"}],"about":[{"href":"https:\/\/369agara.com\/de\/wp-json\/wp\/v2\/types\/page"}],"author":[{"embeddable":true,"href":"https:\/\/369agara.com\/de\/wp-json\/wp\/v2\/users\/1"}],"replies":[{"embeddable":true,"href":"https:\/\/369agara.com\/de\/wp-json\/wp\/v2\/comments?post=1097"}],"version-history":[{"count":14,"href":"https:\/\/369agara.com\/de\/wp-json\/wp\/v2\/pages\/1097\/revisions"}],"predecessor-version":[{"id":3572,"href":"https:\/\/369agara.com\/de\/wp-json\/wp\/v2\/pages\/1097\/revisions\/3572"}],"wp:attachment":[{"href":"https:\/\/369agara.com\/de\/wp-json\/wp\/v2\/media?parent=1097"}],"curies":[{"name":"wp","href":"https:\/\/api.w.org\/{rel}","templated":true}]}}