{"id":1099,"date":"2022-10-19T08:40:36","date_gmt":"2022-10-19T06:40:36","guid":{"rendered":"https:\/\/369agara.com\/?page_id=1099"},"modified":"2025-05-14T23:51:34","modified_gmt":"2025-05-14T21:51:34","slug":"musique-des-plantes","status":"publish","type":"page","link":"https:\/\/369agara.com\/de\/musique-des-plantes\/","title":{"rendered":"Musik der Pflanzen"},"content":{"rendered":"<div class=\"row\"  id=\"row-380626541\">\n\n\n\t<div id=\"col-136075391\" class=\"col medium-4 small-12 large-4\"  >\n\t\t\t\t<div class=\"col-inner\"  >\n\t\t\t\n\t\t\t\n\n\n\t\t<\/div>\n\t\t\t\t\t<\/div>\n\n\t\n\n\t<div id=\"col-1757961280\" class=\"col medium-4 small-12 large-4\"  >\n\t\t\t\t<div class=\"col-inner\"  >\n\t\t\t\n\t\t\t\n\n\t<div class=\"img has-hover x md-x lg-x y md-y lg-y\" id=\"image_1652601177\">\n\t\t\t\t\t\t\t\t<div class=\"img-inner dark\" >\n\t\t\t<img loading=\"lazy\" decoding=\"async\" width=\"709\" height=\"708\" src=\"https:\/\/369agara.com\/wp-content\/uploads\/2022\/10\/logo.png\" class=\"attachment-large size-large\" alt=\"Logo Music of the plants\" srcset=\"https:\/\/369agara.com\/wp-content\/uploads\/2022\/10\/logo.png 709w, https:\/\/369agara.com\/wp-content\/uploads\/2022\/10\/logo-247x247.png 247w, https:\/\/369agara.com\/wp-content\/uploads\/2022\/10\/logo-100x100.png 100w, https:\/\/369agara.com\/wp-content\/uploads\/2022\/10\/logo-510x509.png 510w, https:\/\/369agara.com\/wp-content\/uploads\/2022\/10\/logo-300x300.png 300w, https:\/\/369agara.com\/wp-content\/uploads\/2022\/10\/logo-150x150.png 150w\" sizes=\"auto, (max-width: 709px) 100vw, 709px\" \/>\t\t\t\t\t\t\n\t\t\t\t\t<\/div>\n\t\t\t\t\t\t\t\t\n<style>\n#image_1652601177 {\n  width: 100%;\n}\n<\/style>\n\t<\/div>\n\t\n\n\n\t\t<\/div>\n\t\t\t\t\t<\/div>\n\n\t\n\n\t<div id=\"col-1227145933\" class=\"col medium-4 small-12 large-4\"  >\n\t\t\t\t<div class=\"col-inner\"  >\n\t\t\t\n\t\t\t\n\n\n\t\t<\/div>\n\t\t\t\t\t<\/div>\n\n\t\n\n<\/div>\n<div class=\"row\"  id=\"row-337511340\">\n\n\n\t<div id=\"col-1016305389\" class=\"col small-12 large-12\"  >\n\t\t\t\t<div class=\"col-inner\"  >\n\t\t\t\n\t\t\t\n\n<h3><span style=\"font-family: 'Book Antiqua', Palatino; font-size: 120%; color: #333399;\">Haben Sie schon einmal den Klang einer Pflanze geh\u00f6rt?<\/span><\/h3>\n<p><span style=\"font-family: 'Book Antiqua', Palatino; font-size: 120%; color: #333399;\">Entdecken Sie, was Pflanzen Ihnen zu bieten haben...<\/span><br \/><span style=\"font-family: 'Book Antiqua', Palatino; font-size: 120%; color: #333399;\">Lassen Sie sich von diesen au\u00dfergew\u00f6hnlichen Kl\u00e4ngen mitrei\u00dfen...<\/span><br \/><span style=\"font-family: 'Book Antiqua', Palatino; font-size: 120%; color: #333399;\">Erneuern Sie die Magie des Lebens ...<\/span><\/p>\n<p><span style=\"font-family: 'Book Antiqua', Palatino; font-size: 120%; color: #333399;\">Dank Bambus M ist das m\u00f6glich!<\/span><\/p>\n<p><span style=\"font-family: 'Book Antiqua', Palatino; font-size: 120%; color: #333399;\">In Peter Tompkins und Christopher Birds Buch \"Das geheime Leben der Pflanzen\" wird anhand zahlreicher Beispiele und Forschungsergebnisse gezeigt, wie Pflanzen reagieren.<\/span><\/p>\n<p><span style=\"font-family: 'Book Antiqua', Palatino; font-size: 120%; color: #333399;\">Es ist klar, dass Pflanzen Emotionen und Ged\u00e4chtnisleistungen haben, sie nehmen optische und akustische Eindr\u00fccke wahr, unterscheiden aber auch zwischen Harmonie und Dissonanz.<\/span><br \/><span style=\"font-family: 'Book Antiqua', Palatino; font-size: 120%; color: #333399;\">Jede Pflanze ist einzigartig, genau wie wir Menschen. Daher ist jede Melodie spezifisch f\u00fcr eine Pflanze.<\/span><br \/><span style=\"font-family: 'Book Antiqua', Palatino; font-size: 120%; color: #333399;\">Die Melodie variiert und entwickelt sich je nach der Umgebung, in der die Pflanze und die Person leben.<\/span><br \/><span style=\"font-family: 'Book Antiqua', Palatino; font-size: 120%; color: #333399;\">Ob im Topf, in Ihrem Gem\u00fcsegarten oder im Wald - diese Pflanze hat ihre eigene Identit\u00e4t und damit auch ihre eigene Melodie.<\/span><\/p>\n<h3><span style=\"font-family: 'Book Antiqua', Palatino; font-size: 120%; color: #333399;\">Die Musik der Pflanzen : Wie funktioniert sie?<\/span><\/h3>\n<p><span style=\"font-family: 'Book Antiqua', Palatino; font-size: 120%; color: #333399;\">Mithilfe des Bambus-Ger\u00e4ts wird das elektrische Signal der Pflanze in Schall umgewandelt: Ein Sensor wird in der Mitte der Wurzeln in den Boden gesteckt, der andere Sensor ist mit einem Blatt, einer Bl\u00fcte oder einer Knospe verbunden.<\/span><\/p>\n<h3><span style=\"font-family: 'Book Antiqua', Palatino; font-size: 120%; color: #333399;\">Effekte eines vibrierenden Lautsprechers :<\/span><\/h3>\n<p><span style=\"font-family: 'Book Antiqua', Palatino; font-size: 120%; color: #333399;\">Indem er Bambus an einen vibrierenden Lautsprecher anschlie\u00dft, nutzt er die Unterlage, auf der er steht, als Resonanzk\u00f6rper :<\/span><br \/><span style=\"font-family: 'Book Antiqua', Palatino; font-size: 120%; color: #333399;\">indem du sie auf einen Tisch, einen Sessel oder sogar auf deinen K\u00f6rper legst, verst\u00e4rkt der verst\u00e4rkte Klang die Resonanz mit der Pflanze.<\/span><\/p>\n<h3><span style=\"font-family: 'Book Antiqua', Palatino; font-size: 120%; color: #333399;\">Kommunikation mit der Pflanzenwelt :<\/span><\/h3>\n<p><span style=\"font-family: 'Book Antiqua', Palatino; font-size: 120%; color: #333399;\">Pflanzen reagieren und verbinden sich mit der Umwelt und den Menschen.<\/span><br \/><span style=\"font-family: 'Book Antiqua', Palatino; font-size: 120%; color: #333399;\">Wenn Sie sich verbal oder geistig mit der Pflanze verbinden, wird die Pflanze Sie beeinflussen und ein Signal erzeugen, das Ihr Wohlbefinden steigern kann.<\/span><br \/><span style=\"font-family: 'Book Antiqua', Palatino; font-size: 120%; color: #333399;\">Dank der Bambusvorrichtung sendet die Pflanze Ihnen die Klangfrequenzen, die Sie brauchen.<\/span><br \/><span style=\"font-family: 'Book Antiqua', Palatino; font-size: 120%; color: #333399;\">Das Ergebnis ist ein sofortiges tiefes Wohlbefinden und eine Wiederverbindung mit sich selbst.<\/span><br \/><span style=\"font-family: 'Book Antiqua', Palatino; font-size: 120%; color: #333399;\">Diese Verbesserung wird durch regelm\u00e4\u00dfiges Zuh\u00f6ren umso effektiver und tiefgreifender sein.<\/span><\/p>\n\t<div id=\"gap-1745036286\" class=\"gap-element clearfix\" style=\"display:block; height:auto;\">\n\t\t\n<style>\n#gap-1745036286 {\n  padding-top: 36px;\n}\n<\/style>\n\t<\/div>\n\t\n\n<div class=\"row\"  id=\"row-2060430658\">\n\n\n\t<div id=\"col-1198191131\" class=\"col medium-6 small-12 large-6\"  >\n\t\t\t\t<div class=\"col-inner\"  >\n\t\t\t\n\t\t\t\n\n\t<div class=\"img has-hover x md-x lg-x y md-y lg-y\" id=\"image_1520923732\">\n\t\t\t\t\t\t\t\t<div class=\"img-inner dark\" >\n\t\t\t<img loading=\"lazy\" decoding=\"async\" width=\"768\" height=\"576\" src=\"https:\/\/369agara.com\/wp-content\/uploads\/2024\/01\/photo_2023-02-07_15-42-09.jpg\" class=\"attachment-large size-large\" alt=\"\" srcset=\"https:\/\/369agara.com\/wp-content\/uploads\/2024\/01\/photo_2023-02-07_15-42-09.jpg 768w, https:\/\/369agara.com\/wp-content\/uploads\/2024\/01\/photo_2023-02-07_15-42-09-300x225.jpg 300w, https:\/\/369agara.com\/wp-content\/uploads\/2024\/01\/photo_2023-02-07_15-42-09-510x383.jpg 510w\" sizes=\"auto, (max-width: 768px) 100vw, 768px\" \/>\t\t\t\t\t\t\n\t\t\t\t\t<\/div>\n\t\t\t\t\t\t\t\t\n<style>\n#image_1520923732 {\n  width: 100%;\n}\n<\/style>\n\t<\/div>\n\t\n\n<blockquote>\n<p><span style=\"font-size: 75%;\"><em><span style=\"font-family: 'Book Antiqua', Palatino; color: #333399;\">Rote Blutk\u00f6rperchen in gutem Zustand, die unter einem Dunkelfeldmikroskop beobachtet wurden.<\/span><\/em><\/span><br \/><span style=\"font-size: 75%;\"><em><span style=\"font-family: 'Book Antiqua', Palatino; color: #333399;\">Sie haben eine glatte und gleichm\u00e4\u00dfige Form. Dadurch sind sie beweglicher und versorgen die K\u00f6rperzellen richtig mit Sauerstoff.<\/span><\/em><\/span><\/p>\n<\/blockquote>\n\n\t\t<\/div>\n\t\t\t\t\t<\/div>\n\n\t\n\n\t<div id=\"col-2057604337\" class=\"col medium-6 small-12 large-6\"  >\n\t\t\t\t<div class=\"col-inner\"  >\n\t\t\t\n\t\t\t\n\n\t<div class=\"img has-hover x md-x lg-x y md-y lg-y\" id=\"image_1047491741\">\n\t\t\t\t\t\t\t\t<div class=\"img-inner dark\" >\n\t\t\t<img loading=\"lazy\" decoding=\"async\" width=\"768\" height=\"576\" src=\"https:\/\/369agara.com\/wp-content\/uploads\/2024\/01\/photo_2023-02-07_15-42-01.jpg\" class=\"attachment-large size-large\" alt=\"\" srcset=\"https:\/\/369agara.com\/wp-content\/uploads\/2024\/01\/photo_2023-02-07_15-42-01.jpg 768w, https:\/\/369agara.com\/wp-content\/uploads\/2024\/01\/photo_2023-02-07_15-42-01-300x225.jpg 300w, https:\/\/369agara.com\/wp-content\/uploads\/2024\/01\/photo_2023-02-07_15-42-01-510x383.jpg 510w\" sizes=\"auto, (max-width: 768px) 100vw, 768px\" \/>\t\t\t\t\t\t\n\t\t\t\t\t<\/div>\n\t\t\t\t\t\t\t\t\n<style>\n#image_1047491741 {\n  width: 100%;\n}\n<\/style>\n\t<\/div>\n\t\n\n<blockquote>\n<p><span style=\"color: #333399;\"><em><span style=\"font-family: 'Book Antiqua', Palatino; font-size: 75%;\">Rote Blutk\u00f6rperchen in schlechtem Zustand, die unter einem Dunkelfeldmikroskop betrachtet werden.<\/span><\/em><\/span><br \/><span style=\"color: #333399;\"><em><span style=\"font-family: 'Book Antiqua', Palatino; font-size: 75%;\">Sie haben eine eif\u00f6rmige, gestapelte Form. Dadurch sind sie weniger beweglich und versorgen die K\u00f6rperzellen nicht richtig mit Sauerstoff.<\/span><\/em><\/span><\/p>\n<\/blockquote>\n\n\t\t<\/div>\n\t\t\t\t\t<\/div>\n\n\t\n\n<\/div>\n<p><span style=\"font-family: 'Book Antiqua', Palatino; font-size: 120%; color: #333399;\">Die Effekte sind sogar unter einem Dunkelfeldmikroskop sichtbar (siehe Bild oben).<\/span><\/p>\n<p><span style=\"font-family: 'Book Antiqua', Palatino; font-size: 120%; color: #333399;\">Die Visualisierung der roten Blutk\u00f6rperchen zeigt bereits nach 15 Minuten beweglichere Blutzellen: Sie sorgen f\u00fcr eine bessere Sauerstoffversorgung des K\u00f6rpers und neue Energie.<\/span><br \/><span style=\"font-family: 'Book Antiqua', Palatino; font-size: 120%; color: #333399;\">Eine bessere Sauerstoffversorgung reduziert Stress, verlangsamt die vorzeitige Zellalterung, erh\u00f6ht die Konzentrationsf\u00e4higkeit, verbessert die Schlafqualit\u00e4t...<\/span><\/p>\n<p><span style=\"font-family: 'Book Antiqua', Palatino; font-size: 120%; color: #333399;\">Dadurch erh\u00e4lt Ihr K\u00f6rper wieder Lebensenergie.<\/span><\/p>\n\n\t\t<\/div>\n\t\t\t\t\t<\/div>\n\n\t\n\n<\/div>\n<a href=\"https:\/\/369agara.com\/product-category\/musique-des-plantes\/\" target=\"_self\" class=\"button primary is-shade is-large box-shadow-4 box-shadow-5-hover expand\"  style=\"border-radius:10px;\">\n    <span>Der Shop<\/span>\n  <\/a>\n\n\n\t<div id=\"gap-416009184\" class=\"gap-element clearfix\" style=\"display:block; height:auto;\">\n\t\t\n<style>\n#gap-416009184 {\n  padding-top: 108px;\n}\n<\/style>\n\t<\/div>","protected":false},"excerpt":{"rendered":"","protected":false},"author":1,"featured_media":0,"parent":0,"menu_order":0,"comment_status":"closed","ping_status":"closed","template":"","meta":{"footnotes":""},"class_list":["post-1099","page","type-page","status-publish","hentry"],"yoast_head":"<!-- This site is optimized with the Yoast SEO Premium plugin v25.1 (Yoast SEO v27.6) - https:\/\/yoast.com\/product\/yoast-seo-premium-wordpress\/ -->\n<title>Musique des Plantes | Agara<\/title>\n<meta name=\"robots\" content=\"index, follow, max-snippet:-1, max-image-preview:large, max-video-preview:-1\" \/>\n<link rel=\"canonical\" href=\"https:\/\/369agara.com\/de\/musique-des-plantes\/\" \/>\n<meta property=\"og:locale\" content=\"de_DE\" \/>\n<meta property=\"og:type\" content=\"article\" \/>\n<meta property=\"og:title\" content=\"Musique des Plantes\" \/>\n<meta property=\"og:url\" content=\"https:\/\/369agara.com\/de\/musique-des-plantes\/\" \/>\n<meta property=\"og:site_name\" content=\"Agara\" \/>\n<meta property=\"article:modified_time\" content=\"2025-05-14T21:51:34+00:00\" \/>\n<meta name=\"twitter:card\" content=\"summary_large_image\" \/>\n<meta name=\"twitter:label1\" content=\"Gesch\u00e4tzte Lesezeit\" \/>\n\t<meta name=\"twitter:data1\" content=\"4\u00a0Minuten\" \/>\n<script type=\"application\/ld+json\" class=\"yoast-schema-graph\">{\"@context\":\"https:\\\/\\\/schema.org\",\"@graph\":[{\"@type\":\"WebPage\",\"@id\":\"https:\\\/\\\/369agara.com\\\/musique-des-plantes\\\/\",\"url\":\"https:\\\/\\\/369agara.com\\\/musique-des-plantes\\\/\",\"name\":\"Musique des Plantes | Agara\",\"isPartOf\":{\"@id\":\"https:\\\/\\\/369agara.com\\\/#website\"},\"datePublished\":\"2022-10-19T06:40:36+00:00\",\"dateModified\":\"2025-05-14T21:51:34+00:00\",\"breadcrumb\":{\"@id\":\"https:\\\/\\\/369agara.com\\\/musique-des-plantes\\\/#breadcrumb\"},\"inLanguage\":\"de\",\"potentialAction\":[{\"@type\":\"ReadAction\",\"target\":[\"https:\\\/\\\/369agara.com\\\/musique-des-plantes\\\/\"]}]},{\"@type\":\"BreadcrumbList\",\"@id\":\"https:\\\/\\\/369agara.com\\\/musique-des-plantes\\\/#breadcrumb\",\"itemListElement\":[{\"@type\":\"ListItem\",\"position\":1,\"name\":\"Accueil\",\"item\":\"https:\\\/\\\/369agara.com\\\/\"},{\"@type\":\"ListItem\",\"position\":2,\"name\":\"Musique des Plantes\"}]},{\"@type\":\"WebSite\",\"@id\":\"https:\\\/\\\/369agara.com\\\/#website\",\"url\":\"https:\\\/\\\/369agara.com\\\/\",\"name\":\"Livsrikedomar\",\"description\":\"D\u00e9connectez pour mieux vous connecter\",\"publisher\":{\"@id\":\"https:\\\/\\\/369agara.com\\\/#organization\"},\"potentialAction\":[{\"@type\":\"SearchAction\",\"target\":{\"@type\":\"EntryPoint\",\"urlTemplate\":\"https:\\\/\\\/369agara.com\\\/?s={search_term_string}\"},\"query-input\":{\"@type\":\"PropertyValueSpecification\",\"valueRequired\":true,\"valueName\":\"search_term_string\"}}],\"inLanguage\":\"de\"},{\"@type\":\"Organization\",\"@id\":\"https:\\\/\\\/369agara.com\\\/#organization\",\"name\":\"EACreations\",\"url\":\"https:\\\/\\\/369agara.com\\\/\",\"logo\":{\"@type\":\"ImageObject\",\"inLanguage\":\"de\",\"@id\":\"https:\\\/\\\/369agara.com\\\/#\\\/schema\\\/logo\\\/image\\\/\",\"url\":\"\",\"contentUrl\":\"\",\"caption\":\"EACreations\"},\"image\":{\"@id\":\"https:\\\/\\\/369agara.com\\\/#\\\/schema\\\/logo\\\/image\\\/\"}}]}<\/script>\n<!-- \/ Yoast SEO Premium plugin. -->","yoast_head_json":{"title":"Musique des Plantes | Agara","robots":{"index":"index","follow":"follow","max-snippet":"max-snippet:-1","max-image-preview":"max-image-preview:large","max-video-preview":"max-video-preview:-1"},"canonical":"https:\/\/369agara.com\/de\/musique-des-plantes\/","og_locale":"de_DE","og_type":"article","og_title":"Musique des Plantes","og_url":"https:\/\/369agara.com\/de\/musique-des-plantes\/","og_site_name":"Agara","article_modified_time":"2025-05-14T21:51:34+00:00","twitter_card":"summary_large_image","twitter_misc":{"Gesch\u00e4tzte Lesezeit":"4\u00a0Minuten"},"schema":{"@context":"https:\/\/schema.org","@graph":[{"@type":"WebPage","@id":"https:\/\/369agara.com\/musique-des-plantes\/","url":"https:\/\/369agara.com\/musique-des-plantes\/","name":"Musique des Plantes | Agara","isPartOf":{"@id":"https:\/\/369agara.com\/#website"},"datePublished":"2022-10-19T06:40:36+00:00","dateModified":"2025-05-14T21:51:34+00:00","breadcrumb":{"@id":"https:\/\/369agara.com\/musique-des-plantes\/#breadcrumb"},"inLanguage":"de","potentialAction":[{"@type":"ReadAction","target":["https:\/\/369agara.com\/musique-des-plantes\/"]}]},{"@type":"BreadcrumbList","@id":"https:\/\/369agara.com\/musique-des-plantes\/#breadcrumb","itemListElement":[{"@type":"ListItem","position":1,"name":"Accueil","item":"https:\/\/369agara.com\/"},{"@type":"ListItem","position":2,"name":"Musique des Plantes"}]},{"@type":"WebSite","@id":"https:\/\/369agara.com\/#website","url":"https:\/\/369agara.com\/","name":"Livsrikedomar","description":"Trennen Sie die Verbindung, um sich besser zu verbinden","publisher":{"@id":"https:\/\/369agara.com\/#organization"},"potentialAction":[{"@type":"SearchAction","target":{"@type":"EntryPoint","urlTemplate":"https:\/\/369agara.com\/?s={search_term_string}"},"query-input":{"@type":"PropertyValueSpecification","valueRequired":true,"valueName":"search_term_string"}}],"inLanguage":"de"},{"@type":"Organization","@id":"https:\/\/369agara.com\/#organization","name":"EACreations","url":"https:\/\/369agara.com\/","logo":{"@type":"ImageObject","inLanguage":"de","@id":"https:\/\/369agara.com\/#\/schema\/logo\/image\/","url":"","contentUrl":"","caption":"EACreations"},"image":{"@id":"https:\/\/369agara.com\/#\/schema\/logo\/image\/"}}]}},"jetpack_sharing_enabled":true,"_links":{"self":[{"href":"https:\/\/369agara.com\/de\/wp-json\/wp\/v2\/pages\/1099","targetHints":{"allow":["GET"]}}],"collection":[{"href":"https:\/\/369agara.com\/de\/wp-json\/wp\/v2\/pages"}],"about":[{"href":"https:\/\/369agara.com\/de\/wp-json\/wp\/v2\/types\/page"}],"author":[{"embeddable":true,"href":"https:\/\/369agara.com\/de\/wp-json\/wp\/v2\/users\/1"}],"replies":[{"embeddable":true,"href":"https:\/\/369agara.com\/de\/wp-json\/wp\/v2\/comments?post=1099"}],"version-history":[{"count":16,"href":"https:\/\/369agara.com\/de\/wp-json\/wp\/v2\/pages\/1099\/revisions"}],"predecessor-version":[{"id":3914,"href":"https:\/\/369agara.com\/de\/wp-json\/wp\/v2\/pages\/1099\/revisions\/3914"}],"wp:attachment":[{"href":"https:\/\/369agara.com\/de\/wp-json\/wp\/v2\/media?parent=1099"}],"curies":[{"name":"wp","href":"https:\/\/api.w.org\/{rel}","templated":true}]}}