{"id":1220,"date":"2022-11-01T19:03:53","date_gmt":"2022-11-01T18:03:53","guid":{"rendered":"https:\/\/369agara.com\/?page_id=1220"},"modified":"2026-02-01T20:37:38","modified_gmt":"2026-02-01T19:37:38","slug":"a-propos-de-nous","status":"publish","type":"page","link":"https:\/\/369agara.com\/de\/a-propos-de-nous\/","title":{"rendered":"\u00dcber uns"},"content":{"rendered":"<h1><span style=\"font-family: 'book antiqua', palatino, serif; font-size: 120%;\">\u00dcber uns<\/span><\/h1>\n\t<div id=\"gap-770370859\" class=\"gap-element clearfix\" style=\"display:block; height:auto;\">\n\t\t\n<style>\n#gap-770370859 {\n  padding-top: 45px;\n}\n<\/style>\n\t<\/div>\n\t\n\n<div class=\"row\"  id=\"row-1019762709\">\n\n\n\t<div id=\"col-1075329192\" class=\"col small-12 large-12\"  >\n\t\t\t\t<div class=\"col-inner\"  >\n\t\t\t\n\t\t\t\n\n<p><span style=\"font-family: 'Book Antiqua', Palatino; font-size: 120%; color: #333399;\"><strong>Agara <\/strong>(fr\u00fcher Livsrikedomar \u00abReichtum des Lebens\u00bb auf Schwedisch) ist ein franz\u00f6sisches Unternehmen, das von mir gegr\u00fcndet wurde. <\/span><\/p>\n<p><span style=\"font-family: 'Book Antiqua', Palatino; font-size: 120%; color: #333399;\">In Sanskrit, <em>Agara<\/em> bedeutet \" <strong>Haus<\/strong> \u00bb, ein Wort, das meine Vision widerspiegelt: die Harmonie wiederfinden <strong>zu Hause <\/strong>und<strong> in sich selbst<\/strong>.<\/span><\/p>\n<p><span style=\"font-family: 'Book Antiqua', Palatino; font-size: 120%; color: #333399;\">Durch meinen Ansatz stelle ich das Wohlbefinden in den Mittelpunkt des Lebens und verfolge dabei einen ganzheitlichen Ansatz. <br \/>Mein Ziel ist es, Sie bei der Verbesserung Ihres Alltags zu begleiten, indem ich Ihren K\u00f6rper und Ihre Energien wieder ins Gleichgewicht bringe.<\/span><\/p>\n<p><span style=\"font-family: 'Book Antiqua', Palatino; font-size: 120%; color: #333399;\">Dies geschieht \u00fcber mehrere Hebel:<\/span><\/p>\n<ul>\n<li><span style=\"font-family: 'Book Antiqua', Palatino; font-size: 120%; color: #333399;\">Sorgf\u00e4ltig ausgew\u00e4hlte und mit Liebe zubereitete Nahrung,<\/span><\/li>\n<li><span style=\"font-family: 'Book Antiqua', Palatino; font-size: 120%; color: #333399;\">Ein reines, umstrukturiertes, dynamisiertes, magnetisiertes, informiertes und remineralisiertes Wasser,<\/span><\/li>\n<li><span style=\"font-family: 'Book Antiqua', Palatino; font-size: 120%; color: #333399;\">Eine Verringerung der Exposition gegen\u00fcber sch\u00e4dlichen elektromagnetischen Feldern,<\/span><\/li>\n<li><span style=\"font-family: 'Book Antiqua', Palatino; font-size: 120%; color: #333399;\">Die Integration von nat\u00fcrlichen Frequenzen wie der Schumann-Strahlung und der Musik von Pflanzen, um positive Gef\u00fchle zu intensivieren,<\/span><\/li>\n<li><span style=\"font-family: 'Book Antiqua', Palatino; font-size: 120%; color: #333399;\">Die t\u00e4gliche Verwendung von Kristallen und Farben zur F\u00f6rderung des Gleichgewichts,<\/span><\/li>\n<li><span style=\"font-family: 'Book Antiqua', Palatino; font-size: 120%; color: #333399;\">Die Praxis der Erdung, um Spannungen zu l\u00f6sen, die sich Tag f\u00fcr Tag aufgrund der im K\u00f6rper \u00fcberm\u00e4\u00dfig vorhandenen freien Radikale angesammelt haben,<\/span><\/li>\n<li><span style=\"font-family: 'Book Antiqua', Palatino; font-size: 120%; color: #333399;\">Harmonisierung Ihres Lebensraums durch Neutralisierung geopathogener Zonen, die den Schlaf und die Gesundheit langfristig beeintr\u00e4chtigen k\u00f6nnen.<\/span><\/li>\n<\/ul>\n<p><span style=\"font-family: 'Book Antiqua', Palatino; font-size: 120%; color: #333399;\">Wenn Sie jeden Tag eine harmonische Schwingung in Ihrem K\u00f6rper kultivieren, steigern Sie auf nat\u00fcrliche Weise Ihre Lebensenergie. <br \/>Dadurch werden Sie weniger anf\u00e4llig f\u00fcr \u00e4u\u00dfere Einfl\u00fcsse und verringern potenzielle Quellen chronischer Entz\u00fcndungen, die viele Schmerzen und Leiden verursachen. <br \/>Damit ebnen Sie den Weg zu einem leichteren, fr\u00f6hlicheren und dynamischeren Dasein.<\/span><\/p>\n<p><span style=\"font-family: 'Book Antiqua', Palatino; font-size: 120%; color: #333399;\">Alle Produkte, die ich auf meiner Website anbiete, wurden von mir selbst getestet und t\u00e4glich verwendet.<br \/>Ich w\u00e4hle sie streng nach Qualit\u00e4t und Wirksamkeit aus und \u00fcberpr\u00fcfe unter dem Dunkelfeldmikroskop ihre Wirkung auf den K\u00f6rper. <br \/>Da ich ihre Funktionsweise perfekt beherrsche, kann ich Sie darauf hinweisen, was Ihren Bed\u00fcrfnissen und Erwartungen am besten entspricht.<\/span><\/p>\n\n\t\t<\/div>\n\t\t\t\t\t<\/div>\n\n\t\n\n<\/div>","protected":false},"excerpt":{"rendered":"","protected":false},"author":1,"featured_media":0,"parent":0,"menu_order":0,"comment_status":"closed","ping_status":"closed","template":"","meta":{"footnotes":""},"class_list":["post-1220","page","type-page","status-publish","hentry"],"yoast_head":"<!-- This site is optimized with the Yoast SEO Premium plugin v25.1 (Yoast SEO v27.4) - https:\/\/yoast.com\/product\/yoast-seo-premium-wordpress\/ -->\n<title>\u00c0 propos de nous | Agara<\/title>\n<meta name=\"robots\" content=\"index, follow, max-snippet:-1, max-image-preview:large, max-video-preview:-1\" \/>\n<link rel=\"canonical\" href=\"https:\/\/369agara.com\/de\/a-propos-de-nous\/\" \/>\n<meta property=\"og:locale\" content=\"de_DE\" \/>\n<meta property=\"og:type\" content=\"article\" \/>\n<meta property=\"og:title\" content=\"\u00c0 propos de nous\" \/>\n<meta property=\"og:url\" content=\"https:\/\/369agara.com\/de\/a-propos-de-nous\/\" \/>\n<meta property=\"og:site_name\" content=\"Agara\" \/>\n<meta property=\"article:modified_time\" content=\"2026-02-01T19:37:38+00:00\" \/>\n<meta name=\"twitter:card\" content=\"summary_large_image\" \/>\n<script type=\"application\/ld+json\" class=\"yoast-schema-graph\">{\"@context\":\"https:\\\/\\\/schema.org\",\"@graph\":[{\"@type\":\"WebPage\",\"@id\":\"https:\\\/\\\/369agara.com\\\/a-propos-de-nous\\\/\",\"url\":\"https:\\\/\\\/369agara.com\\\/a-propos-de-nous\\\/\",\"name\":\"\u00c0 propos de nous | Agara\",\"isPartOf\":{\"@id\":\"https:\\\/\\\/369agara.com\\\/#website\"},\"datePublished\":\"2022-11-01T18:03:53+00:00\",\"dateModified\":\"2026-02-01T19:37:38+00:00\",\"breadcrumb\":{\"@id\":\"https:\\\/\\\/369agara.com\\\/a-propos-de-nous\\\/#breadcrumb\"},\"inLanguage\":\"de\",\"potentialAction\":[{\"@type\":\"ReadAction\",\"target\":[\"https:\\\/\\\/369agara.com\\\/a-propos-de-nous\\\/\"]}]},{\"@type\":\"BreadcrumbList\",\"@id\":\"https:\\\/\\\/369agara.com\\\/a-propos-de-nous\\\/#breadcrumb\",\"itemListElement\":[{\"@type\":\"ListItem\",\"position\":1,\"name\":\"Accueil\",\"item\":\"https:\\\/\\\/369agara.com\\\/\"},{\"@type\":\"ListItem\",\"position\":2,\"name\":\"\u00c0 propos de nous\"}]},{\"@type\":\"WebSite\",\"@id\":\"https:\\\/\\\/369agara.com\\\/#website\",\"url\":\"https:\\\/\\\/369agara.com\\\/\",\"name\":\"Livsrikedomar\",\"description\":\"D\u00e9connectez pour mieux vous connecter\",\"publisher\":{\"@id\":\"https:\\\/\\\/369agara.com\\\/#organization\"},\"potentialAction\":[{\"@type\":\"SearchAction\",\"target\":{\"@type\":\"EntryPoint\",\"urlTemplate\":\"https:\\\/\\\/369agara.com\\\/?s={search_term_string}\"},\"query-input\":{\"@type\":\"PropertyValueSpecification\",\"valueRequired\":true,\"valueName\":\"search_term_string\"}}],\"inLanguage\":\"de\"},{\"@type\":\"Organization\",\"@id\":\"https:\\\/\\\/369agara.com\\\/#organization\",\"name\":\"EACreations\",\"url\":\"https:\\\/\\\/369agara.com\\\/\",\"logo\":{\"@type\":\"ImageObject\",\"inLanguage\":\"de\",\"@id\":\"https:\\\/\\\/369agara.com\\\/#\\\/schema\\\/logo\\\/image\\\/\",\"url\":\"\",\"contentUrl\":\"\",\"caption\":\"EACreations\"},\"image\":{\"@id\":\"https:\\\/\\\/369agara.com\\\/#\\\/schema\\\/logo\\\/image\\\/\"}}]}<\/script>\n<!-- \/ Yoast SEO Premium plugin. -->","yoast_head_json":{"title":"\u00dcber uns | Agara","robots":{"index":"index","follow":"follow","max-snippet":"max-snippet:-1","max-image-preview":"max-image-preview:large","max-video-preview":"max-video-preview:-1"},"canonical":"https:\/\/369agara.com\/de\/a-propos-de-nous\/","og_locale":"de_DE","og_type":"article","og_title":"\u00c0 propos de nous","og_url":"https:\/\/369agara.com\/de\/a-propos-de-nous\/","og_site_name":"Agara","article_modified_time":"2026-02-01T19:37:38+00:00","twitter_card":"summary_large_image","schema":{"@context":"https:\/\/schema.org","@graph":[{"@type":"WebPage","@id":"https:\/\/369agara.com\/a-propos-de-nous\/","url":"https:\/\/369agara.com\/a-propos-de-nous\/","name":"\u00dcber uns | Agara","isPartOf":{"@id":"https:\/\/369agara.com\/#website"},"datePublished":"2022-11-01T18:03:53+00:00","dateModified":"2026-02-01T19:37:38+00:00","breadcrumb":{"@id":"https:\/\/369agara.com\/a-propos-de-nous\/#breadcrumb"},"inLanguage":"de","potentialAction":[{"@type":"ReadAction","target":["https:\/\/369agara.com\/a-propos-de-nous\/"]}]},{"@type":"BreadcrumbList","@id":"https:\/\/369agara.com\/a-propos-de-nous\/#breadcrumb","itemListElement":[{"@type":"ListItem","position":1,"name":"Accueil","item":"https:\/\/369agara.com\/"},{"@type":"ListItem","position":2,"name":"\u00c0 propos de nous"}]},{"@type":"WebSite","@id":"https:\/\/369agara.com\/#website","url":"https:\/\/369agara.com\/","name":"Livsrikedomar","description":"Trennen Sie die Verbindung, um sich besser zu verbinden","publisher":{"@id":"https:\/\/369agara.com\/#organization"},"potentialAction":[{"@type":"SearchAction","target":{"@type":"EntryPoint","urlTemplate":"https:\/\/369agara.com\/?s={search_term_string}"},"query-input":{"@type":"PropertyValueSpecification","valueRequired":true,"valueName":"search_term_string"}}],"inLanguage":"de"},{"@type":"Organization","@id":"https:\/\/369agara.com\/#organization","name":"EACreations","url":"https:\/\/369agara.com\/","logo":{"@type":"ImageObject","inLanguage":"de","@id":"https:\/\/369agara.com\/#\/schema\/logo\/image\/","url":"","contentUrl":"","caption":"EACreations"},"image":{"@id":"https:\/\/369agara.com\/#\/schema\/logo\/image\/"}}]}},"jetpack_sharing_enabled":true,"_links":{"self":[{"href":"https:\/\/369agara.com\/de\/wp-json\/wp\/v2\/pages\/1220","targetHints":{"allow":["GET"]}}],"collection":[{"href":"https:\/\/369agara.com\/de\/wp-json\/wp\/v2\/pages"}],"about":[{"href":"https:\/\/369agara.com\/de\/wp-json\/wp\/v2\/types\/page"}],"author":[{"embeddable":true,"href":"https:\/\/369agara.com\/de\/wp-json\/wp\/v2\/users\/1"}],"replies":[{"embeddable":true,"href":"https:\/\/369agara.com\/de\/wp-json\/wp\/v2\/comments?post=1220"}],"version-history":[{"count":25,"href":"https:\/\/369agara.com\/de\/wp-json\/wp\/v2\/pages\/1220\/revisions"}],"predecessor-version":[{"id":4203,"href":"https:\/\/369agara.com\/de\/wp-json\/wp\/v2\/pages\/1220\/revisions\/4203"}],"wp:attachment":[{"href":"https:\/\/369agara.com\/de\/wp-json\/wp\/v2\/media?parent=1220"}],"curies":[{"name":"wp","href":"https:\/\/api.w.org\/{rel}","templated":true}]}}