{"id":1336,"date":"2023-01-06T20:42:07","date_gmt":"2023-01-06T19:42:07","guid":{"rendered":"https:\/\/369agara.com\/?page_id=1336"},"modified":"2025-05-14T12:21:43","modified_gmt":"2025-05-14T10:21:43","slug":"conditions-generales-de-vente","status":"publish","type":"page","link":"https:\/\/369agara.com\/de\/conditions-generales-de-vente\/","title":{"rendered":"Allgemeine Gesch\u00e4ftsbedingungen"},"content":{"rendered":"<h1><span style=\"font-family: 'Book Antiqua', Palatino; font-size: 120%; color: #333399;\"><strong>Allgemeine Gesch\u00e4ftsbedingungen (AGB)<\/strong><\/span><\/h1>\n<p><span style=\"font-family: 'Book Antiqua', Palatino; font-size: 120%; color: #333399;\"><strong>Letzte Aktualisierung: 14\/05\/2025<\/strong><\/span><\/p>\n<hr \/>\n<h2><span style=\"font-family: 'Book Antiqua', Palatino; font-size: 120%; color: #333399;\"><strong>Pr\u00e4ambel<\/strong><\/span><\/h2>\n<p><span style=\"font-family: 'Book Antiqua', Palatino; font-size: 120%; color: #333399;\">Die vorliegenden Allgemeinen Gesch\u00e4ftsbedingungen (im Folgenden \"AGB\") regeln die vertraglichen Beziehungen zwischen dem Unternehmer <strong>Agara<\/strong>(im Folgenden \"der Kunde\"), die \u00fcber die Website www.agara.com einen Kauf t\u00e4tigen m\u00f6chten.<\/span><\/p>\n<p><span style=\"font-family: 'Book Antiqua', Palatino; font-size: 120%; color: #333399;\">Jede auf der Website best\u00e4tigte Bestellung setzt die vorbehaltlose Annahme der vorliegenden AGB durch den Kunden voraus.<\/span><\/p>\n<hr \/>\n<h2><span style=\"font-family: 'Book Antiqua', Palatino; font-size: 120%; color: #333399;\"><strong>Artikel 1 - Bestellung<\/strong><\/span><\/h2>\n<p><span style=\"font-family: 'Book Antiqua', Palatino; font-size: 120%; color: #333399;\">Der Kunde kann seine Bestellung direkt auf der Internetseite aufgeben. Jede Bestellung wird erst nach Best\u00e4tigung der Zahlung endg\u00fcltig. Der Verk\u00e4ufer beh\u00e4lt sich das Recht vor, eine Bestellung im Falle eines fr\u00fcheren ungel\u00f6sten Rechtsstreits, eines Zahlungsvorfalls oder eines Betrugsverdachts abzulehnen.<\/span><\/p>\n<hr \/>\n<h2><span style=\"font-family: 'Book Antiqua', Palatino; font-size: 120%; color: #333399;\"><strong>Artikel 2 - Preis, Verf\u00fcgbarkeit und Versandzeit<\/strong><\/span><\/h2>\n<p><span style=\"font-family: 'Book Antiqua', Palatino; font-size: 120%; color: #333399;\">Die angezeigten Preise sind in Euro, inklusive aller Steuern (TTC).<\/span><br \/><span style=\"font-family: 'Book Antiqua', Palatino; font-size: 120%; color: #333399;\">Unser Unternehmen praktiziert <strong>Lieferantenpreise<\/strong>Dies bedeutet, dass die Preise ge\u00e4ndert werden k\u00f6nnen. <strong>zu jeder Zeit und ohne Vorank\u00fcndigung<\/strong>.<\/span><\/p>\n<p><span style=\"font-family: 'Book Antiqua', Palatino; font-size: 120%; color: #333399;\">Die Verf\u00fcgbarkeit der Produkte wird auf jeder Artikelkarte angegeben, kann sich aber unabh\u00e4ngig von unserem Willen \u00e4ndern, insbesondere aufgrund von Bestands\u00e4nderungen bei Lieferanten.<\/span><\/p>\n<p><span style=\"font-family: 'Book Antiqua', Palatino; font-size: 120%; color: #333399;\"><strong>Produktspezifikationen :<\/strong><\/span><\/p>\n<ul>\n<li>\n<p><span style=\"font-family: 'Book Antiqua', Palatino; font-size: 120%; color: #333399;\">Artikel im Shop <strong>Baubiologie<\/strong> sind verf\u00fcgbar <strong>nur auf Bestellung<\/strong>Dies kann zu l\u00e4ngeren Versandzeiten f\u00fchren.<\/span><\/p>\n<\/li>\n<li>\n<p><span style=\"font-family: 'Book Antiqua', Palatino; font-size: 120%; color: #333399;\">Die Produkte von <strong>Arc En Ciel Innovations<\/strong> sind <strong>auf Bestellung gefertigt<\/strong>Dies f\u00fchrt zu einer l\u00e4ngeren Bearbeitungszeit.<\/span><\/p>\n<\/li>\n<\/ul>\n<p><span style=\"font-family: 'Book Antiqua', Palatino; font-size: 120%; color: #333399;\">Die Versandzeit beginnt mit der Best\u00e4tigung der Zahlung und h\u00e4ngt auch davon ab, ob die Produkte auf Lager sind oder hergestellt werden.<\/span><\/p>\n<hr \/>\n<h2><span style=\"font-family: 'Book Antiqua', Palatino; font-size: 120%; color: #333399;\"><strong>Artikel 3 - Lieferung<\/strong><\/span><\/h2>\n<p><span style=\"font-family: 'Book Antiqua', Palatino; font-size: 120%; color: #333399;\">Die Lieferungen erfolgen durch <a style=\"color: #333399;\" href=\"https:\/\/www.laposte.fr\/conditions-contractuelles\"><strong>Die Post<\/strong><\/a> und <a style=\"color: #333399;\" href=\"https:\/\/www.dpd.com\/fr\/fr\/conditions-generales-vente\/\"><strong>DPD<\/strong><\/a>in Frankreich und im Ausland. Die Lieferkosten und -fristen h\u00e4ngen von der gew\u00e4hlten Versandart und dem Zielort ab.<\/span><\/p>\n<p><span style=\"font-family: 'Book Antiqua', Palatino; font-size: 120%; color: #333399;\">Sobald das Paket dem Spediteur \u00fcbergeben wurde, <strong>der Verk\u00e4ufer kann nicht f\u00fcr Verz\u00f6gerungen, Verluste oder Besch\u00e4digungen im Zusammenhang mit dem Transport haftbar gemacht werden<\/strong>.<\/span><\/p>\n<p><span style=\"font-family: 'Book Antiqua', Palatino; font-size: 120%; color: #333399;\">Die Verwaltung der Daten durch La Poste und DPD liegt in deren eigener Verantwortung. Der Verk\u00e4ufer haftet nicht f\u00fcr die Nutzung dieser Daten durch sie.<\/span><\/p>\n<hr \/>\n<h2><span style=\"font-family: 'Book Antiqua', Palatino; font-size: 120%; color: #333399;\"><strong>Artikel 4 - Zahlung<\/strong><\/span><\/h2>\n<p><span style=\"font-family: 'Book Antiqua', Palatino; font-size: 120%; color: #333399;\">Die Bezahlung der Bestellungen erfolgt ausschlie\u00dflich online \u00fcber die Plattform <a style=\"color: #333399;\" href=\"https:\/\/stripe.com\/fr\/privacy\"><strong>Stripe<\/strong><\/a>Die Bank akzeptiert alle g\u00e4ngigen Bankkarten und einige internationale Zahlungsmittel.<\/span><\/p>\n<p><span style=\"font-family: 'Book Antiqua', Palatino; font-size: 120%; color: #333399;\">Die Transaktionen werden durch SSL-Verschl\u00fcsselung gesichert. Auf unserer Website werden keine Bankdaten \u00fcbertragen oder gespeichert.<\/span><\/p>\n<p><span style=\"font-family: 'Book Antiqua', Palatino; font-size: 120%; color: #333399;\">Die Verantwortung im Zusammenhang mit der Verwaltung und Sicherheit von Zahlungsdaten liegt ausschlie\u00dflich bei <strong>Stripe<\/strong>.<\/span><\/p>\n<hr \/>\n<h2><span style=\"font-family: 'Book Antiqua', Palatino; font-size: 120%; color: #333399;\"><strong>Artikel 5 - Widerrufsrecht und R\u00fccksendungen<\/strong><\/span><\/h2>\n<p><span style=\"font-family: 'Book Antiqua', Palatino; font-size: 120%; color: #333399;\">In \u00dcbereinstimmung mit dem<a style=\"color: #333399;\" href=\"https:\/\/www.legifrance.gouv.fr\/codes\/article_lc\/LEGIARTI000032226842\/2020-08-27\">Artikel L.221-18 des Verbrauchergesetzbuches<\/a>Der Kunde hat eine Frist von <strong>14 Tage<\/strong> ab dem Erhalt der Produkte, um von seinem Widerrufsrecht Gebrauch zu machen, <strong>mit Ausnahme von gesetzlich ausgeschlossenen Produkten<\/strong>, so dass :<\/span><\/p>\n<ul>\n<li>\n<p><span style=\"font-family: 'Book Antiqua', Palatino; font-size: 120%; color: #333399;\"><strong>Produkte, die nach Ma\u00df oder auf Anfrage hergestellt werden<\/strong> ;<\/span><\/p>\n<\/li>\n<li>\n<p><span style=\"font-family: 'Book Antiqua', Palatino; font-size: 120%; color: #333399;\"><strong>Textilwaren (Kleidung, Bettw\u00e4sche, etc.)<\/strong> davon <strong>die Verpackung ge\u00f6ffnet wurde<\/strong>.<\/span><\/p>\n<\/li>\n<\/ul>\n<p><span style=\"font-family: 'Book Antiqua', Palatino; font-size: 120%; color: #333399;\">Der Verk\u00e4ufer <strong>beh\u00e4lt sich das Recht vor, eine R\u00fccksendung abzulehnen<\/strong> wenn die Originalverpackung besch\u00e4digt oder ge\u00f6ffnet ist oder wenn das Produkt nicht mehr als neu angesehen werden kann.<\/span><\/p>\n<p><span style=\"font-family: 'Book Antiqua', Palatino; font-size: 120%; color: #333399;\">Die R\u00fcckkehrer sind <strong>zu Lasten des Klienten<\/strong>und m\u00fcssen durchgef\u00fchrt werden <strong>mit Empfangsbest\u00e4tigung<\/strong>. Bei Fehlen eines Sende- oder Empfangsnachweises lehnt der Verk\u00e4ufer jede Haftung ab.<\/span><\/p>\n<hr \/>\n<h2><span style=\"font-family: 'Book Antiqua', Palatino; font-size: 120%; color: #333399;\"><strong>Artikel 6 - Eigentumsvorbehaltsklausel<\/strong><\/span><\/h2>\n<p><span style=\"font-family: 'Book Antiqua', Palatino; font-size: 120%; color: #333399;\">Die Produkte bleiben Eigentum des Verk\u00e4ufers bis zum <strong>vollst\u00e4ndige Bezahlung des Preises<\/strong> durch den Klienten.<\/span><br \/><span style=\"font-family: 'Book Antiqua', Palatino; font-size: 120%; color: #333399;\">Ab dem Zeitpunkt der Lieferung geht das Risiko (Verlust, Diebstahl, Besch\u00e4digung) auf den Kunden \u00fcber.<\/span><\/p>\n<hr \/>\n<h2><span style=\"font-family: 'Book Antiqua', Palatino; font-size: 120%; color: #333399;\"><strong>Artikel 7 - R\u00fcckerstattung<\/strong><\/span><\/h2>\n<p><span style=\"font-family: 'Book Antiqua', Palatino; font-size: 120%; color: #333399;\">F\u00fcr eine R\u00fccksendung in Frage kommende Produkte sind <strong>in Form eines Boutique-Schecks zur\u00fcckerstattet<\/strong>, materialisiert durch ein <strong>Rabattcode<\/strong> in H\u00f6he des Betrags der zur\u00fcckgesandten Artikel (ohne Versandkosten), der f\u00fcr eine n\u00e4chste Bestellung verwendet werden kann.<\/span><\/p>\n<hr \/>\n<h2><span style=\"font-family: 'Book Antiqua', Palatino; font-size: 120%; color: #333399;\"><strong>Artikel 8 - Produktgarantie<\/strong><\/span><\/h2>\n<p><span style=\"font-family: 'Book Antiqua', Palatino; font-size: 120%; color: #333399;\">Alle Produkte profitieren von der <strong>gesetzliche Konformit\u00e4tsgarantie<\/strong> (<a style=\"color: #333399;\" href=\"https:\/\/www.legifrance.gouv.fr\/contenu\/menu\/droit-national-en-vigueur\">Artikel L.217-4 bis L.217-14 des Verbrauchergesetzbuches<\/a>) und der <strong>Garantie gegen versteckte M\u00e4ngel<\/strong> (<a style=\"color: #333399;\" href=\"https:\/\/www.legifrance.gouv.fr\/contenu\/menu\/droit-national-en-vigueur\">Artikel 1641 bis 1649 des Zivilgesetzbuches<\/a>).<\/span><\/p>\n<p><span style=\"font-family: 'Book Antiqua', Palatino; font-size: 120%; color: #333399;\">Im Falle eines festgestellten Mangels ist der Kunde verpflichtet, das Problem innerhalb einer angemessenen Frist zu melden. Der Verk\u00e4ufer verpflichtet sich, das betroffene Produkt zu ersetzen oder zu reparieren oder eine gleichwertige Gutschrift anzubieten.<\/span><\/p>\n<hr \/>\n<h2><span style=\"font-family: 'Book Antiqua', Palatino; font-size: 120%; color: #333399;\"><strong>Artikel 9 - Verantwortlichkeit<\/strong><\/span><\/h2>\n<p><span style=\"font-family: 'Book Antiqua', Palatino; font-size: 120%; color: #333399;\">Der Verk\u00e4ufer haftet nicht f\u00fcr Sch\u00e4den, die aus einer unsachgem\u00e4\u00dfen Verwendung des gekauften Produkts oder aus einer Nachl\u00e4ssigkeit des Kunden resultieren.<\/span><\/p>\n<p><span style=\"font-family: 'Book Antiqua', Palatino; font-size: 120%; color: #333399;\">Der Verk\u00e4ufer kann nicht f\u00fcr Verz\u00f6gerungen oder Vers\u00e4umnisse haftbar gemacht werden, die seinen Partnern (Transportunternehmen, Zahlungsdienstleister) zuzuschreiben sind.<\/span><\/p>\n<hr \/>\n<h2><span style=\"font-family: 'Book Antiqua', Palatino; font-size: 120%; color: #333399;\"><strong>Artikel 10 - Schutz personenbezogener Daten (DSGVO)<\/strong><\/span><\/h2>\n<p><span style=\"font-family: 'Book Antiqua', Palatino; font-size: 120%; color: #333399;\">Der Verk\u00e4ufer verpflichtet sich zur Einhaltung der <strong>Privatleben<\/strong> ihrer Klientinnen und Klienten zu gew\u00e4hrleisten und die <strong>Schutz von pers\u00f6nlichen Daten<\/strong>gem\u00e4\u00df dem <a style=\"color: #333399;\" href=\"https:\/\/eur-lex.europa.eu\/legal-content\/FR\/TXT\/?uri=CELEX%3A32016R0679\"><strong>Allgemeine Datenschutzverordnung (DSGVO)<\/strong><\/a>.<\/span><\/p>\n<h3><span style=\"font-family: 'Book Antiqua', Palatino; font-size: 120%; color: #333399;\">Erfasste Daten :<\/span><\/h3>\n<p><span style=\"font-family: 'Book Antiqua', Palatino; font-size: 120%; color: #333399;\">Die erhobenen personenbezogenen Daten sind unbedingt erforderlich, um :<\/span><\/p>\n<ul>\n<li>\n<p><span style=\"font-family: 'Book Antiqua', Palatino; font-size: 120%; color: #333399;\">die Verwaltung von Bestellungen,<\/span><\/p>\n<\/li>\n<li>\n<p><span style=\"font-family: 'Book Antiqua', Palatino; font-size: 120%; color: #333399;\">die Verbesserung der Nutzererfahrung,<\/span><\/p>\n<\/li>\n<li>\n<p><span style=\"font-family: 'Book Antiqua', Palatino; font-size: 120%; color: #333399;\">die Kundenbeziehung.<\/span><\/p>\n<\/li>\n<\/ul>\n<p><span style=\"font-family: 'Book Antiqua', Palatino; font-size: 120%; color: #333399;\">Keine pers\u00f6nlichen Informationen werden <strong>weiterverkauft oder abgetreten<\/strong> an Dritte zu kommerziellen Zwecken weitergegeben werden.<\/span><\/p>\n<p><span style=\"font-family: 'Book Antiqua', Palatino; font-size: 120%; color: #333399;\">Die Daten werden auf sichere Weise gehostet. Der Kunde verf\u00fcgt jederzeit \u00fcber ein <strong>Recht auf Zugang, Berichtigung, L\u00f6schung, Widerspruch und \u00dcbertragbarkeit<\/strong> seiner Daten, auf einfache Anfrage \u00fcber unsere Seite <strong>Kontakt<\/strong>.<\/span><\/p>\n<p><span style=\"font-family: 'Book Antiqua', Palatino; font-size: 120%; color: #333399;\">Wir \u00fcbernehmen keine Verantwortung f\u00fcr die <strong>Umgang der Partner mit pers\u00f6nlichen Daten<\/strong> Dritte, die an der Bearbeitung des Auftrags beteiligt sind, insbesondere <strong>Stripe<\/strong>, <strong>Die Post<\/strong> und <strong>DPD<\/strong>Jeder ist f\u00fcr seine eigenen Datenschutzrichtlinien verantwortlich.<\/span><\/p>\n<hr \/>\n<h2><span style=\"font-family: 'Book Antiqua', Palatino; font-size: 120%; color: #333399;\"><strong>Artikel 11 - Anwendbares Recht und zust\u00e4ndige Gerichtsbarkeit<\/strong><\/span><\/h2>\n<p><span style=\"font-family: 'Book Antiqua', Palatino; font-size: 120%; color: #333399;\">Diese AGB unterliegen dem <strong>franz\u00f6sisches Recht<\/strong>.<\/span><br \/><span style=\"font-family: 'Book Antiqua', Palatino; font-size: 120%; color: #333399;\">Im Falle eines Rechtsstreits und nach dem Versuch einer g\u00fctlichen Einigung liegt die Zust\u00e4ndigkeit bei den <strong>franz\u00f6sische Gerichte<\/strong> territorial zust\u00e4ndigen Beh\u00f6rden nach den Regeln der Zivilprozessordnung.<\/span><\/p>","protected":false},"excerpt":{"rendered":"","protected":false},"author":1,"featured_media":0,"parent":0,"menu_order":0,"comment_status":"closed","ping_status":"closed","template":"","meta":{"footnotes":""},"class_list":["post-1336","page","type-page","status-publish","hentry"],"yoast_head":"<!-- This site is optimized with the Yoast SEO Premium plugin v25.1 (Yoast SEO v27.4) - https:\/\/yoast.com\/product\/yoast-seo-premium-wordpress\/ -->\n<title>Conditions g\u00e9n\u00e9rales de vente | Agara<\/title>\n<meta name=\"robots\" content=\"index, follow, max-snippet:-1, max-image-preview:large, max-video-preview:-1\" \/>\n<link rel=\"canonical\" href=\"https:\/\/369agara.com\/de\/conditions-generales-de-vente\/\" \/>\n<meta property=\"og:locale\" content=\"de_DE\" \/>\n<meta property=\"og:type\" content=\"article\" \/>\n<meta property=\"og:title\" content=\"Conditions g\u00e9n\u00e9rales de vente\" \/>\n<meta property=\"og:url\" content=\"https:\/\/369agara.com\/de\/conditions-generales-de-vente\/\" \/>\n<meta property=\"og:site_name\" content=\"Agara\" \/>\n<meta property=\"article:modified_time\" content=\"2025-05-14T10:21:43+00:00\" \/>\n<meta name=\"twitter:card\" content=\"summary_large_image\" \/>\n<script type=\"application\/ld+json\" class=\"yoast-schema-graph\">{\"@context\":\"https:\\\/\\\/schema.org\",\"@graph\":[{\"@type\":\"WebPage\",\"@id\":\"https:\\\/\\\/369agara.com\\\/conditions-generales-de-vente\\\/\",\"url\":\"https:\\\/\\\/369agara.com\\\/conditions-generales-de-vente\\\/\",\"name\":\"Conditions g\u00e9n\u00e9rales de vente | Agara\",\"isPartOf\":{\"@id\":\"https:\\\/\\\/369agara.com\\\/#website\"},\"datePublished\":\"2023-01-06T19:42:07+00:00\",\"dateModified\":\"2025-05-14T10:21:43+00:00\",\"breadcrumb\":{\"@id\":\"https:\\\/\\\/369agara.com\\\/conditions-generales-de-vente\\\/#breadcrumb\"},\"inLanguage\":\"de\",\"potentialAction\":[{\"@type\":\"ReadAction\",\"target\":[\"https:\\\/\\\/369agara.com\\\/conditions-generales-de-vente\\\/\"]}]},{\"@type\":\"BreadcrumbList\",\"@id\":\"https:\\\/\\\/369agara.com\\\/conditions-generales-de-vente\\\/#breadcrumb\",\"itemListElement\":[{\"@type\":\"ListItem\",\"position\":1,\"name\":\"Accueil\",\"item\":\"https:\\\/\\\/369agara.com\\\/\"},{\"@type\":\"ListItem\",\"position\":2,\"name\":\"Conditions g\u00e9n\u00e9rales de vente\"}]},{\"@type\":\"WebSite\",\"@id\":\"https:\\\/\\\/369agara.com\\\/#website\",\"url\":\"https:\\\/\\\/369agara.com\\\/\",\"name\":\"Livsrikedomar\",\"description\":\"D\u00e9connectez pour mieux vous connecter\",\"publisher\":{\"@id\":\"https:\\\/\\\/369agara.com\\\/#organization\"},\"potentialAction\":[{\"@type\":\"SearchAction\",\"target\":{\"@type\":\"EntryPoint\",\"urlTemplate\":\"https:\\\/\\\/369agara.com\\\/?s={search_term_string}\"},\"query-input\":{\"@type\":\"PropertyValueSpecification\",\"valueRequired\":true,\"valueName\":\"search_term_string\"}}],\"inLanguage\":\"de\"},{\"@type\":\"Organization\",\"@id\":\"https:\\\/\\\/369agara.com\\\/#organization\",\"name\":\"EACreations\",\"url\":\"https:\\\/\\\/369agara.com\\\/\",\"logo\":{\"@type\":\"ImageObject\",\"inLanguage\":\"de\",\"@id\":\"https:\\\/\\\/369agara.com\\\/#\\\/schema\\\/logo\\\/image\\\/\",\"url\":\"\",\"contentUrl\":\"\",\"caption\":\"EACreations\"},\"image\":{\"@id\":\"https:\\\/\\\/369agara.com\\\/#\\\/schema\\\/logo\\\/image\\\/\"}}]}<\/script>\n<!-- \/ Yoast SEO Premium plugin. -->","yoast_head_json":{"title":"Conditions g\u00e9n\u00e9rales de vente | Agara","robots":{"index":"index","follow":"follow","max-snippet":"max-snippet:-1","max-image-preview":"max-image-preview:large","max-video-preview":"max-video-preview:-1"},"canonical":"https:\/\/369agara.com\/de\/conditions-generales-de-vente\/","og_locale":"de_DE","og_type":"article","og_title":"Conditions g\u00e9n\u00e9rales de vente","og_url":"https:\/\/369agara.com\/de\/conditions-generales-de-vente\/","og_site_name":"Agara","article_modified_time":"2025-05-14T10:21:43+00:00","twitter_card":"summary_large_image","schema":{"@context":"https:\/\/schema.org","@graph":[{"@type":"WebPage","@id":"https:\/\/369agara.com\/conditions-generales-de-vente\/","url":"https:\/\/369agara.com\/conditions-generales-de-vente\/","name":"Conditions g\u00e9n\u00e9rales de vente | Agara","isPartOf":{"@id":"https:\/\/369agara.com\/#website"},"datePublished":"2023-01-06T19:42:07+00:00","dateModified":"2025-05-14T10:21:43+00:00","breadcrumb":{"@id":"https:\/\/369agara.com\/conditions-generales-de-vente\/#breadcrumb"},"inLanguage":"de","potentialAction":[{"@type":"ReadAction","target":["https:\/\/369agara.com\/conditions-generales-de-vente\/"]}]},{"@type":"BreadcrumbList","@id":"https:\/\/369agara.com\/conditions-generales-de-vente\/#breadcrumb","itemListElement":[{"@type":"ListItem","position":1,"name":"Accueil","item":"https:\/\/369agara.com\/"},{"@type":"ListItem","position":2,"name":"Conditions g\u00e9n\u00e9rales de vente"}]},{"@type":"WebSite","@id":"https:\/\/369agara.com\/#website","url":"https:\/\/369agara.com\/","name":"Livsrikedomar","description":"Trennen Sie die Verbindung, um sich besser zu verbinden","publisher":{"@id":"https:\/\/369agara.com\/#organization"},"potentialAction":[{"@type":"SearchAction","target":{"@type":"EntryPoint","urlTemplate":"https:\/\/369agara.com\/?s={search_term_string}"},"query-input":{"@type":"PropertyValueSpecification","valueRequired":true,"valueName":"search_term_string"}}],"inLanguage":"de"},{"@type":"Organization","@id":"https:\/\/369agara.com\/#organization","name":"EACreations","url":"https:\/\/369agara.com\/","logo":{"@type":"ImageObject","inLanguage":"de","@id":"https:\/\/369agara.com\/#\/schema\/logo\/image\/","url":"","contentUrl":"","caption":"EACreations"},"image":{"@id":"https:\/\/369agara.com\/#\/schema\/logo\/image\/"}}]}},"jetpack_sharing_enabled":true,"_links":{"self":[{"href":"https:\/\/369agara.com\/de\/wp-json\/wp\/v2\/pages\/1336","targetHints":{"allow":["GET"]}}],"collection":[{"href":"https:\/\/369agara.com\/de\/wp-json\/wp\/v2\/pages"}],"about":[{"href":"https:\/\/369agara.com\/de\/wp-json\/wp\/v2\/types\/page"}],"author":[{"embeddable":true,"href":"https:\/\/369agara.com\/de\/wp-json\/wp\/v2\/users\/1"}],"replies":[{"embeddable":true,"href":"https:\/\/369agara.com\/de\/wp-json\/wp\/v2\/comments?post=1336"}],"version-history":[{"count":18,"href":"https:\/\/369agara.com\/de\/wp-json\/wp\/v2\/pages\/1336\/revisions"}],"predecessor-version":[{"id":3876,"href":"https:\/\/369agara.com\/de\/wp-json\/wp\/v2\/pages\/1336\/revisions\/3876"}],"wp:attachment":[{"href":"https:\/\/369agara.com\/de\/wp-json\/wp\/v2\/media?parent=1336"}],"curies":[{"name":"wp","href":"https:\/\/api.w.org\/{rel}","templated":true}]}}