{"id":3819,"date":"2025-05-12T22:15:49","date_gmt":"2025-05-12T20:15:49","guid":{"rendered":"https:\/\/369agara.com\/?page_id=3819"},"modified":"2025-05-12T22:38:31","modified_gmt":"2025-05-12T20:38:31","slug":"a-quoi-servent-les-peintures-anti-ondes","status":"publish","type":"page","link":"https:\/\/369agara.com\/de\/a-quoi-servent-les-peintures-anti-ondes\/","title":{"rendered":"Wozu dienen Anti-Wellen-Farben?"},"content":{"rendered":"<p><\/p>\n\n\n\n\t<section class=\"section\" id=\"section_1037252476\">\n\t\t<div class=\"bg section-bg fill bg-fill bg-loaded bg-loaded\" >\n\n\t\t\t\n\t\t\t\n\t\t\t\n\n\t\t<\/div>\n\n\t\t\n\n\t\t<div class=\"section-content relative\">\n\t\t\t\n\n<h1 style=\"text-align: center;\"><span style=\"font-family: 'Book Antiqua', Palatino; font-size: 120%;\">Wozu dienen Anti-Wellen-Farben?<\/span><\/h1>\n<p><span style=\"font-family: 'Book Antiqua', Palatino; font-size: 120%; color: #333399;\">Anti-Wellen-Farben dienen dazu, Ihre Belastung durch nieder- und hochfrequente Wellen in R\u00e4umen, in denen Sie sich l\u00e4nger aufhalten, zu verringern.<\/span><\/p>\n<p><span style=\"font-family: 'Book Antiqua', Palatino; font-size: 120%; color: #333399;\">Es gibt zwei Arten von Anti-Wellen-Farben:<\/span><\/p>\n<ul>\n<li><span style=\"font-family: 'Book Antiqua', Palatino; font-size: 120%; color: #333399;\">Niederfrequenzschutzfarbe, um sich vor niederfrequenten elektrischen Wechselfeldern zu sch\u00fctzen (die 50 Hertz \/ 230 V, die aus der elektrischen Verkabelung in Ihrem Haus stammen).<\/span><\/li>\n<li><span style=\"font-family: 'Book Antiqua', Palatino; font-size: 120%; color: #333399;\">Hochfrequenz-Schutzanstriche, die verhindern sollen, dass hochfrequente Strahlung in Ihre Wohnung gelangt (Strahlung von Mobilfunkmasten, WLAN und\/oder dem schnurlosen DECT-Telefon der Nachbarn usw.).<\/span><\/li>\n<\/ul>\n<h3><span style=\"font-family: 'Book Antiqua', Palatino; font-size: 120%; color: #ed1c24;\">Die Niederfrequenz-Schutzfarbe<\/span><\/h3>\n<p><span style=\"font-family: 'Book Antiqua', Palatino; font-size: 120%; color: #333399;\">Elektrische Felder in Ihren W\u00e4nden und Decken k\u00f6nnen durch Ihre Elektroinstallation oder durch :<\/span><\/p>\n<ul>\n<li><span style=\"font-family: 'Book Antiqua', Palatino; font-size: 120%; color: #333399;\">eine oberirdische Versorgungsleitung, die \u00fcber Ihr Haus verl\u00e4uft und es durch den Dachstuhl verschmutzt<\/span><\/li>\n<li><span style=\"font-family: 'Book Antiqua', Palatino; font-size: 120%; color: #333399;\">eine Stromzufuhr \u00fcber das Dach und einen Schaltkasten im Keller oder Erdgeschoss (die st\u00e4ndige Spannung des Zufuhrkabels verschmutzt W\u00e4nde und B\u00f6den)<\/span><\/li>\n<li><span style=\"font-family: 'Book Antiqua', Palatino; font-size: 120%; color: #333399;\">die Elektroinstallation Ihres Nachbarn, wenn Sie in einem Reihenhaus oder einer Doppelhaush\u00e4lfte wohnen<\/span><\/li>\n<\/ul>\n<p><span style=\"font-family: 'Book Antiqua', Palatino; font-size: 120%; color: #333399;\">Im Gegensatz zu automatischen Feldfreischaltern, die bei ausgeschaltetem Licht die Elektrosmogbelastung unterdr\u00fccken, entst\u00f6rt die geerdete Farbe Ihr Haus rund um die Uhr und bei eingeschaltetem Licht.<\/span><\/p>\n<p><span style=\"font-family: 'Book Antiqua', Palatino; font-size: 120%; color: #333399;\">In H\u00e4usern mit Holzrahmen oder aus Holz, in denen sehr starke elektrische Felder messbar sind (das Holz leitet diese Felder), ist ein Anstrich oft die beste L\u00f6sung. Sie ist so lange wirksam, wie sie mit der Erde verbunden ist.<\/span><\/p>\n\n\t\t<\/div>\n\n\t\t\n<style>\n#section_1037252476 {\n  padding-top: 30px;\n  padding-bottom: 30px;\n}\n#section_1037252476 .ux-shape-divider--top svg {\n  height: 150px;\n  --divider-top-width: 100%;\n}\n#section_1037252476 .ux-shape-divider--bottom svg {\n  height: 150px;\n  --divider-width: 100%;\n}\n<\/style>\n\t<\/section>","protected":false},"excerpt":{"rendered":"","protected":false},"author":1,"featured_media":0,"parent":0,"menu_order":0,"comment_status":"closed","ping_status":"closed","template":"","meta":{"footnotes":""},"class_list":["post-3819","page","type-page","status-publish","hentry"],"yoast_head":"<!-- This site is optimized with the Yoast SEO Premium plugin v25.1 (Yoast SEO v27.4) - https:\/\/yoast.com\/product\/yoast-seo-premium-wordpress\/ -->\n<title>\u00c0 quoi servent les peintures anti-ondes ? | Agara<\/title>\n<meta name=\"robots\" content=\"index, follow, max-snippet:-1, max-image-preview:large, max-video-preview:-1\" \/>\n<link rel=\"canonical\" href=\"https:\/\/369agara.com\/de\/a-quoi-servent-les-peintures-anti-ondes\/\" \/>\n<meta property=\"og:locale\" content=\"de_DE\" \/>\n<meta property=\"og:type\" content=\"article\" \/>\n<meta property=\"og:title\" content=\"\u00c0 quoi servent les peintures anti-ondes ?\" \/>\n<meta property=\"og:url\" content=\"https:\/\/369agara.com\/de\/a-quoi-servent-les-peintures-anti-ondes\/\" \/>\n<meta property=\"og:site_name\" content=\"Agara\" \/>\n<meta property=\"article:modified_time\" content=\"2025-05-12T20:38:31+00:00\" \/>\n<meta name=\"twitter:card\" content=\"summary_large_image\" \/>\n<script type=\"application\/ld+json\" class=\"yoast-schema-graph\">{\"@context\":\"https:\\\/\\\/schema.org\",\"@graph\":[{\"@type\":\"WebPage\",\"@id\":\"https:\\\/\\\/369agara.com\\\/a-quoi-servent-les-peintures-anti-ondes\\\/\",\"url\":\"https:\\\/\\\/369agara.com\\\/a-quoi-servent-les-peintures-anti-ondes\\\/\",\"name\":\"\u00c0 quoi servent les peintures anti-ondes ? | Agara\",\"isPartOf\":{\"@id\":\"https:\\\/\\\/369agara.com\\\/#website\"},\"datePublished\":\"2025-05-12T20:15:49+00:00\",\"dateModified\":\"2025-05-12T20:38:31+00:00\",\"breadcrumb\":{\"@id\":\"https:\\\/\\\/369agara.com\\\/a-quoi-servent-les-peintures-anti-ondes\\\/#breadcrumb\"},\"inLanguage\":\"de\",\"potentialAction\":[{\"@type\":\"ReadAction\",\"target\":[\"https:\\\/\\\/369agara.com\\\/a-quoi-servent-les-peintures-anti-ondes\\\/\"]}]},{\"@type\":\"BreadcrumbList\",\"@id\":\"https:\\\/\\\/369agara.com\\\/a-quoi-servent-les-peintures-anti-ondes\\\/#breadcrumb\",\"itemListElement\":[{\"@type\":\"ListItem\",\"position\":1,\"name\":\"Accueil\",\"item\":\"https:\\\/\\\/369agara.com\\\/\"},{\"@type\":\"ListItem\",\"position\":2,\"name\":\"\u00c0 quoi servent les peintures anti-ondes ?\"}]},{\"@type\":\"WebSite\",\"@id\":\"https:\\\/\\\/369agara.com\\\/#website\",\"url\":\"https:\\\/\\\/369agara.com\\\/\",\"name\":\"Livsrikedomar\",\"description\":\"D\u00e9connectez pour mieux vous connecter\",\"publisher\":{\"@id\":\"https:\\\/\\\/369agara.com\\\/#organization\"},\"potentialAction\":[{\"@type\":\"SearchAction\",\"target\":{\"@type\":\"EntryPoint\",\"urlTemplate\":\"https:\\\/\\\/369agara.com\\\/?s={search_term_string}\"},\"query-input\":{\"@type\":\"PropertyValueSpecification\",\"valueRequired\":true,\"valueName\":\"search_term_string\"}}],\"inLanguage\":\"de\"},{\"@type\":\"Organization\",\"@id\":\"https:\\\/\\\/369agara.com\\\/#organization\",\"name\":\"EACreations\",\"url\":\"https:\\\/\\\/369agara.com\\\/\",\"logo\":{\"@type\":\"ImageObject\",\"inLanguage\":\"de\",\"@id\":\"https:\\\/\\\/369agara.com\\\/#\\\/schema\\\/logo\\\/image\\\/\",\"url\":\"\",\"contentUrl\":\"\",\"caption\":\"EACreations\"},\"image\":{\"@id\":\"https:\\\/\\\/369agara.com\\\/#\\\/schema\\\/logo\\\/image\\\/\"}}]}<\/script>\n<!-- \/ Yoast SEO Premium plugin. -->","yoast_head_json":{"title":"\u00c0 quoi servent les peintures anti-ondes ? | Agara","robots":{"index":"index","follow":"follow","max-snippet":"max-snippet:-1","max-image-preview":"max-image-preview:large","max-video-preview":"max-video-preview:-1"},"canonical":"https:\/\/369agara.com\/de\/a-quoi-servent-les-peintures-anti-ondes\/","og_locale":"de_DE","og_type":"article","og_title":"\u00c0 quoi servent les peintures anti-ondes ?","og_url":"https:\/\/369agara.com\/de\/a-quoi-servent-les-peintures-anti-ondes\/","og_site_name":"Agara","article_modified_time":"2025-05-12T20:38:31+00:00","twitter_card":"summary_large_image","schema":{"@context":"https:\/\/schema.org","@graph":[{"@type":"WebPage","@id":"https:\/\/369agara.com\/a-quoi-servent-les-peintures-anti-ondes\/","url":"https:\/\/369agara.com\/a-quoi-servent-les-peintures-anti-ondes\/","name":"\u00c0 quoi servent les peintures anti-ondes ? | Agara","isPartOf":{"@id":"https:\/\/369agara.com\/#website"},"datePublished":"2025-05-12T20:15:49+00:00","dateModified":"2025-05-12T20:38:31+00:00","breadcrumb":{"@id":"https:\/\/369agara.com\/a-quoi-servent-les-peintures-anti-ondes\/#breadcrumb"},"inLanguage":"de","potentialAction":[{"@type":"ReadAction","target":["https:\/\/369agara.com\/a-quoi-servent-les-peintures-anti-ondes\/"]}]},{"@type":"BreadcrumbList","@id":"https:\/\/369agara.com\/a-quoi-servent-les-peintures-anti-ondes\/#breadcrumb","itemListElement":[{"@type":"ListItem","position":1,"name":"Accueil","item":"https:\/\/369agara.com\/"},{"@type":"ListItem","position":2,"name":"\u00c0 quoi servent les peintures anti-ondes ?"}]},{"@type":"WebSite","@id":"https:\/\/369agara.com\/#website","url":"https:\/\/369agara.com\/","name":"Livsrikedomar","description":"Trennen Sie die Verbindung, um sich besser zu verbinden","publisher":{"@id":"https:\/\/369agara.com\/#organization"},"potentialAction":[{"@type":"SearchAction","target":{"@type":"EntryPoint","urlTemplate":"https:\/\/369agara.com\/?s={search_term_string}"},"query-input":{"@type":"PropertyValueSpecification","valueRequired":true,"valueName":"search_term_string"}}],"inLanguage":"de"},{"@type":"Organization","@id":"https:\/\/369agara.com\/#organization","name":"EACreations","url":"https:\/\/369agara.com\/","logo":{"@type":"ImageObject","inLanguage":"de","@id":"https:\/\/369agara.com\/#\/schema\/logo\/image\/","url":"","contentUrl":"","caption":"EACreations"},"image":{"@id":"https:\/\/369agara.com\/#\/schema\/logo\/image\/"}}]}},"jetpack_sharing_enabled":true,"_links":{"self":[{"href":"https:\/\/369agara.com\/de\/wp-json\/wp\/v2\/pages\/3819","targetHints":{"allow":["GET"]}}],"collection":[{"href":"https:\/\/369agara.com\/de\/wp-json\/wp\/v2\/pages"}],"about":[{"href":"https:\/\/369agara.com\/de\/wp-json\/wp\/v2\/types\/page"}],"author":[{"embeddable":true,"href":"https:\/\/369agara.com\/de\/wp-json\/wp\/v2\/users\/1"}],"replies":[{"embeddable":true,"href":"https:\/\/369agara.com\/de\/wp-json\/wp\/v2\/comments?post=3819"}],"version-history":[{"count":3,"href":"https:\/\/369agara.com\/de\/wp-json\/wp\/v2\/pages\/3819\/revisions"}],"predecessor-version":[{"id":3822,"href":"https:\/\/369agara.com\/de\/wp-json\/wp\/v2\/pages\/3819\/revisions\/3822"}],"wp:attachment":[{"href":"https:\/\/369agara.com\/de\/wp-json\/wp\/v2\/media?parent=3819"}],"curies":[{"name":"wp","href":"https:\/\/api.w.org\/{rel}","templated":true}]}}