{"id":3823,"date":"2025-05-12T22:45:36","date_gmt":"2025-05-12T20:45:36","guid":{"rendered":"https:\/\/369agara.com\/?page_id=3823"},"modified":"2025-05-12T23:20:09","modified_gmt":"2025-05-12T21:20:09","slug":"application-peinture-anti-ondes","status":"publish","type":"page","link":"https:\/\/369agara.com\/de\/application-peinture-anti-ondes\/","title":{"rendered":"Anwendung von Anti-Wellenfarbe"},"content":{"rendered":"<section class=\"section\" id=\"section_1540814478\">\n\t\t<div class=\"bg section-bg fill bg-fill bg-loaded bg-loaded\" >\n\n\t\t\t\n\t\t\t\n\t\t\t\n\n\t\t<\/div>\n\n\t\t\n\n\t\t<div class=\"section-content relative\">\n\t\t\t\n\n<h1 style=\"text-align: center;\"><span style=\"font-family: 'Book Antiqua', Palatino; font-size: 120%; color: #333399;\">Wie bringt man die Wellenschutzfarbe an?<\/span><\/h1>\n<p><span style=\"font-family: 'Book Antiqua', Palatino; font-size: 120%; color: #333399;\">Sie haben beschlossen, sich vor Wellen zu sch\u00fctzen, indem Sie Ihre W\u00e4nde und\/oder Decken mit wellenabschirmender Farbe streichen, und haben das n\u00f6tige Material beisammen (nat\u00fcrlich Farbe, aber auch das unerl\u00e4ssliche Erdungszubeh\u00f6r, Pinsel oder Rolle, Baustellenkleidung, ...), jetzt m\u00fcssen Sie nur noch die Arbeiten durchf\u00fchren.<\/span><\/p>\n<p><span style=\"font-family: 'Book Antiqua', Palatino; font-size: 120%; color: #333399;\">In diesem Artikel werden wir Sie Schritt f\u00fcr Schritt anleiten, damit Sie Ihre Farbe einfach und schnell anbringen k\u00f6nnen. Sie wird wie jede \"herk\u00f6mmliche\" Farbe auf Gips, Zement, Lehm, Tapeten oder eine andere vorhandene Farbe aufgetragen.<\/span><\/p>\n<h3><span style=\"font-family: 'Book Antiqua', Palatino; font-size: 120%; color: #ed1c24;\">Schritt 1: Bereiten Sie die zu streichende Fl\u00e4che vor<\/span><\/h3>\n<p><span style=\"font-family: 'Book Antiqua', Palatino; font-size: 120%; color: #333399;\">Wie bei jeder anderen Farbe muss die zu streichende Fl\u00e4che gr\u00fcndlich entfettet und vorbereitet werden, um por\u00f6se Unebenheiten zu entfernen und eventuelle L\u00f6cher zu f\u00fcllen. Je nach Art des zu streichenden Belags kann ein Haftvermittler (Grundierung) wie GK5 YShield o.\u00e4. erforderlich sein.<\/span><\/p>\n<h3><span style=\"font-family: 'Book Antiqua', Palatino; font-size: 120%; color: #ed1c24;\">Schritt<\/span><span style=\"font-family: 'Book Antiqua', Palatino; font-size: 120%; color: #ed1c24;\"> 2: Erdungsband EBX anbringen oder Zusatzstoff AF3 vorbereiten<\/span><\/h3>\n<p><span style=\"font-family: 'Book Antiqua', Palatino; font-size: 120%; color: #333399;\">Um die Leitf\u00e4higkeit deiner Farbe zu gew\u00e4hrleisten, hast du 2 M\u00f6glichkeiten: Entweder du bringst an deinen W\u00e4nden EBX-Erdungsband an oder du verwendest den Zusatzstoff AF3.<\/span><\/p>\n<p><span style=\"font-family: 'Book Antiqua', Palatino; font-size: 120%; color: #333399;\">Anbringen des EBX-Bandes: Das YShield EBX-Band ist ein Klebeband, das vor dem Streichen an der Wand angebracht werden muss. Beachten Sie dabei, dass an den Schnittpunkten der beiden B\u00e4nder die Erdungsplatte angebracht wird.<\/span><br \/><span style=\"font-family: 'Book Antiqua', Palatino; font-size: 120%; color: #333399;\">Bei der Wahl des Ortes wird also in erster Linie auf die Zweckm\u00e4\u00dfigkeit geachtet (bei einem vertikalen Streifen oft an einer Seite der Wand, bei einem horizontalen Streifen an der Fu\u00dfleiste). Diese L\u00f6sung eignet sich, wenn Ihre W\u00e4nde in gutem Zustand sind und die Oberfl\u00e4che eben ist. Das EBX10-Band kann auch nach dem Streichen angebracht werden.<\/span><\/p>\n<p><span style=\"font-family: 'Book Antiqua', Palatino; font-size: 120%; color: #333399;\">Verwendung des AF3-Additivs: Das AF3-Additiv enth\u00e4lt lange Kohlenstofffasern. Wenn es mit Anti-Wellen-Farben gemischt wird, verleiht es ihnen eine h\u00f6here Leitf\u00e4higkeit, selbst auf unebenen Oberfl\u00e4chen. Eine Dose des Additivs ist f\u00fcr 5 Liter Farbe geeignet. Gie\u00dfe den Inhalt in den Farbtopf und mische ihn mit einem elektrischen R\u00fchrger\u00e4t mindestens eine Minute lang gut durch, bis eine homogene Mischung entsteht.<\/span><\/p>\n<h3><span style=\"font-family: 'Book Antiqua', Palatino; font-size: 120%; color: #ed1c24;\">Schritt<\/span><span style=\"font-family: 'Book Antiqua', Palatino; font-size: 120%; color: #ed1c24;\"> 3: Farbe auftragen<\/span><\/h3>\n<p><span style=\"font-family: 'Book Antiqua', Palatino; font-size: 120%; color: #333399;\">Die Anti-Wellen-Farbe kann sowohl mit einem Pinsel als auch mit einer Rolle oder einer Spritzpistole (Spritzpistole mit 6 mm D\u00fcse) aufgetragen werden.<\/span><br \/><span style=\"font-family: 'Book Antiqua', Palatino; font-size: 120%; color: #333399;\">Erfahrungsgem\u00e4\u00df empfehlen wir Ihnen, eine \"kleine\" Rolle mit einer Breite von 10-15 cm zu w\u00e4hlen, um Spritzer weitestgehend zu vermeiden.<\/span><br \/><span style=\"font-family: 'Book Antiqua', Palatino; font-size: 120%; color: #333399;\">Sie ist mit Wasser auswaschbar und l\u00e4sst sich daher leicht von den H\u00e4nden oder Pinseln entfernen. Wenn du die Dose \u00f6ffnest, r\u00fchre die Farbe gut um und trage sie dann bei trockenem Wetter (wenn du im Freien malst) und einer Temperatur von \u00fcber 5 \u00b0C auf die gesamte zu sch\u00fctzende Fl\u00e4che auf. Die Trocknungszeit betr\u00e4gt je nach Temperatur 12 bis 36 Stunden. Warten Sie, bis die Farbe trocken ist, wenn Sie eine zweite Schicht auftragen.<\/span><\/p>\n<h3><span style=\"font-family: 'Book Antiqua', Palatino; font-size: 120%; color: #ed1c24;\">Schritt<\/span><span style=\"font-family: 'Book Antiqua', Palatino; font-size: 120%; color: #ed1c24;\"> 4: Erdung durchf\u00fchren<\/span><\/h3>\n<p><span style=\"font-family: 'Book Antiqua', Palatino; font-size: 120%; color: #333399;\">Wenn die Farbe gut getrocknet ist, k\u00f6nnen wir mit dem Schritt der Erdung fortfahren. Die Erdungsplatte GW wird, wie bereits erw\u00e4hnt, an der Wand am Schnittpunkt der beiden Streifen des Klebebands EB2 oder an der gew\u00e4hlten Stelle befestigt, wenn Sie den Zusatzstoff AF3 verwendet haben. Die Befestigungsschrauben sind im Lieferumfang enthalten. Normalerweise wird eine Erdungsplatte pro Wand vorgesehen, oder eine f\u00fcr zwei W\u00e4nde, wenn diese schmal und aneinandergrenzend sind. Jede Unterbrechung des Anstrichs bedeutet, dass eine neue Erdungsplatte angebracht werden muss. Das GC-Erdungskabel mit einem Bananenstecker wird in eines der drei L\u00f6cher in der Platte gesteckt. Die andere Seite des GC-Kabels wird in eines der L\u00f6cher des GP-Erdungssteckers gesteckt.<\/span><br \/><span style=\"font-family: 'Book Antiqua', Palatino; font-size: 120%; color: #333399;\">Der GP-Erdungsstecker wird dann in Ihre (geerdete) Wandsteckdose gesteckt. Um dies zu \u00fcberpr\u00fcfen, k\u00f6nnen Sie einen Steckdosentester oder ein Erdungsmessger\u00e4t wie den Tohm-e oder den Catohm DT-300 verwenden).<\/span><br \/><span style=\"font-family: 'Book Antiqua', Palatino; font-size: 120%; color: #333399;\">Sobald die einzelnen Teile befestigt sind, k\u00f6nnen Sie die Kunststoffabdeckungen auf der Platte und dem Erdungsstecker anbringen. So machen sie die Installation nicht nur optisch ansprechender, sondern dienen auch als Abrei\u00dfsicherung.<\/span><\/p>\n<h3><span style=\"font-family: 'Book Antiqua', Palatino; font-size: 120%; color: #ed1c24;\">Schritt 5: Die Dekoration<\/span><\/h3>\n<p><span style=\"font-family: 'Book Antiqua', Palatino; font-size: 120%; color: #333399;\">Ihr Wohnraum ist nun vor den Wellen gesch\u00fctzt, und es ist an der Zeit, mit der Dekoration zu beginnen. Die meisten Farben k\u00f6nnen unterschiedslos mit Farbe, Putz, Kalk, Tapete usw. \u00fcberstrichen werden. Z\u00f6gern Sie nicht, auf dem technischen Datenblatt jeder Farbe nach eventuellen Kontraindikationen zu suchen.<\/span><\/p>\n<h3><span style=\"font-family: 'Book Antiqua', Palatino; font-size: 120%; color: #333399;\">Der Agara-Rat<\/span><\/h3>\n<p><span style=\"font-family: 'Book Antiqua', Palatino; font-size: 120%; color: #333399;\">Je nachdem, wie stark Sie hochfrequenter Strahlung ausgesetzt sind, kann es sein, dass Sie zwei Farbschichten (stellenweise sogar drei) auftragen m\u00fcssen, um einen ausreichenden Schutz zu erreichen. Um sicherzugehen, k\u00f6nnen Sie ruhig Messungen mit einem Messger\u00e4t durchf\u00fchren. Sie k\u00f6nnen entweder in den Kauf eines Messger\u00e4ts investieren oder eines f\u00fcr 15 Tage mieten, in denen Sie vor, w\u00e4hrend und nach Ihren Arbeiten messen.<\/span><\/p>\n<p><span style=\"font-family: 'Book Antiqua', Palatino; font-size: 120%; color: #333399;\">Wir \u00fcbernehmen keine Haftung f\u00fcr Sch\u00e4den an Personen, Tieren oder Gegenst\u00e4nden, die durch eine falsche Farbanwendung, insbesondere eine nicht DIN 57100 \/ VDE 0100 entsprechende Erdung und Elektroinstallation, entstehen.<\/span><br \/><span style=\"font-family: 'Book Antiqua', Palatino; font-size: 120%; color: #333399;\">Wir empfehlen die \u00dcberpr\u00fcfung der Elektroinstallation und die Erdung der YShield\u00ae-Farben durch einen Elektrofachmann.<\/span><\/p>\n\n\t\t<\/div>\n\n\t\t\n<style>\n#section_1540814478 {\n  padding-top: 30px;\n  padding-bottom: 30px;\n}\n#section_1540814478 .ux-shape-divider--top svg {\n  height: 150px;\n  --divider-top-width: 100%;\n}\n#section_1540814478 .ux-shape-divider--bottom svg {\n  height: 150px;\n  --divider-width: 100%;\n}\n<\/style>\n\t<\/section>","protected":false},"excerpt":{"rendered":"","protected":false},"author":1,"featured_media":0,"parent":0,"menu_order":0,"comment_status":"closed","ping_status":"closed","template":"","meta":{"footnotes":""},"class_list":["post-3823","page","type-page","status-publish","hentry"],"yoast_head":"<!-- This site is optimized with the Yoast SEO Premium plugin v25.1 (Yoast SEO v27.4) - https:\/\/yoast.com\/product\/yoast-seo-premium-wordpress\/ -->\n<title>Application peinture anti-ondes | Agara<\/title>\n<meta name=\"robots\" content=\"index, follow, max-snippet:-1, max-image-preview:large, max-video-preview:-1\" \/>\n<link rel=\"canonical\" href=\"https:\/\/369agara.com\/de\/application-peinture-anti-ondes\/\" \/>\n<meta property=\"og:locale\" content=\"de_DE\" \/>\n<meta property=\"og:type\" content=\"article\" \/>\n<meta property=\"og:title\" content=\"Application peinture anti-ondes\" \/>\n<meta property=\"og:url\" content=\"https:\/\/369agara.com\/de\/application-peinture-anti-ondes\/\" \/>\n<meta property=\"og:site_name\" content=\"Agara\" \/>\n<meta property=\"article:modified_time\" content=\"2025-05-12T21:20:09+00:00\" \/>\n<meta name=\"twitter:card\" content=\"summary_large_image\" \/>\n<script type=\"application\/ld+json\" class=\"yoast-schema-graph\">{\"@context\":\"https:\\\/\\\/schema.org\",\"@graph\":[{\"@type\":\"WebPage\",\"@id\":\"https:\\\/\\\/369agara.com\\\/application-peinture-anti-ondes\\\/\",\"url\":\"https:\\\/\\\/369agara.com\\\/application-peinture-anti-ondes\\\/\",\"name\":\"Application peinture anti-ondes | Agara\",\"isPartOf\":{\"@id\":\"https:\\\/\\\/369agara.com\\\/#website\"},\"datePublished\":\"2025-05-12T20:45:36+00:00\",\"dateModified\":\"2025-05-12T21:20:09+00:00\",\"breadcrumb\":{\"@id\":\"https:\\\/\\\/369agara.com\\\/application-peinture-anti-ondes\\\/#breadcrumb\"},\"inLanguage\":\"de\",\"potentialAction\":[{\"@type\":\"ReadAction\",\"target\":[\"https:\\\/\\\/369agara.com\\\/application-peinture-anti-ondes\\\/\"]}]},{\"@type\":\"BreadcrumbList\",\"@id\":\"https:\\\/\\\/369agara.com\\\/application-peinture-anti-ondes\\\/#breadcrumb\",\"itemListElement\":[{\"@type\":\"ListItem\",\"position\":1,\"name\":\"Accueil\",\"item\":\"https:\\\/\\\/369agara.com\\\/\"},{\"@type\":\"ListItem\",\"position\":2,\"name\":\"Application peinture anti-ondes\"}]},{\"@type\":\"WebSite\",\"@id\":\"https:\\\/\\\/369agara.com\\\/#website\",\"url\":\"https:\\\/\\\/369agara.com\\\/\",\"name\":\"Livsrikedomar\",\"description\":\"D\u00e9connectez pour mieux vous connecter\",\"publisher\":{\"@id\":\"https:\\\/\\\/369agara.com\\\/#organization\"},\"potentialAction\":[{\"@type\":\"SearchAction\",\"target\":{\"@type\":\"EntryPoint\",\"urlTemplate\":\"https:\\\/\\\/369agara.com\\\/?s={search_term_string}\"},\"query-input\":{\"@type\":\"PropertyValueSpecification\",\"valueRequired\":true,\"valueName\":\"search_term_string\"}}],\"inLanguage\":\"de\"},{\"@type\":\"Organization\",\"@id\":\"https:\\\/\\\/369agara.com\\\/#organization\",\"name\":\"EACreations\",\"url\":\"https:\\\/\\\/369agara.com\\\/\",\"logo\":{\"@type\":\"ImageObject\",\"inLanguage\":\"de\",\"@id\":\"https:\\\/\\\/369agara.com\\\/#\\\/schema\\\/logo\\\/image\\\/\",\"url\":\"\",\"contentUrl\":\"\",\"caption\":\"EACreations\"},\"image\":{\"@id\":\"https:\\\/\\\/369agara.com\\\/#\\\/schema\\\/logo\\\/image\\\/\"}}]}<\/script>\n<!-- \/ Yoast SEO Premium plugin. -->","yoast_head_json":{"title":"Application peinture anti-ondes | Agara","robots":{"index":"index","follow":"follow","max-snippet":"max-snippet:-1","max-image-preview":"max-image-preview:large","max-video-preview":"max-video-preview:-1"},"canonical":"https:\/\/369agara.com\/de\/application-peinture-anti-ondes\/","og_locale":"de_DE","og_type":"article","og_title":"Application peinture anti-ondes","og_url":"https:\/\/369agara.com\/de\/application-peinture-anti-ondes\/","og_site_name":"Agara","article_modified_time":"2025-05-12T21:20:09+00:00","twitter_card":"summary_large_image","schema":{"@context":"https:\/\/schema.org","@graph":[{"@type":"WebPage","@id":"https:\/\/369agara.com\/application-peinture-anti-ondes\/","url":"https:\/\/369agara.com\/application-peinture-anti-ondes\/","name":"Application peinture anti-ondes | Agara","isPartOf":{"@id":"https:\/\/369agara.com\/#website"},"datePublished":"2025-05-12T20:45:36+00:00","dateModified":"2025-05-12T21:20:09+00:00","breadcrumb":{"@id":"https:\/\/369agara.com\/application-peinture-anti-ondes\/#breadcrumb"},"inLanguage":"de","potentialAction":[{"@type":"ReadAction","target":["https:\/\/369agara.com\/application-peinture-anti-ondes\/"]}]},{"@type":"BreadcrumbList","@id":"https:\/\/369agara.com\/application-peinture-anti-ondes\/#breadcrumb","itemListElement":[{"@type":"ListItem","position":1,"name":"Accueil","item":"https:\/\/369agara.com\/"},{"@type":"ListItem","position":2,"name":"Application peinture anti-ondes"}]},{"@type":"WebSite","@id":"https:\/\/369agara.com\/#website","url":"https:\/\/369agara.com\/","name":"Livsrikedomar","description":"Trennen Sie die Verbindung, um sich besser zu verbinden","publisher":{"@id":"https:\/\/369agara.com\/#organization"},"potentialAction":[{"@type":"SearchAction","target":{"@type":"EntryPoint","urlTemplate":"https:\/\/369agara.com\/?s={search_term_string}"},"query-input":{"@type":"PropertyValueSpecification","valueRequired":true,"valueName":"search_term_string"}}],"inLanguage":"de"},{"@type":"Organization","@id":"https:\/\/369agara.com\/#organization","name":"EACreations","url":"https:\/\/369agara.com\/","logo":{"@type":"ImageObject","inLanguage":"de","@id":"https:\/\/369agara.com\/#\/schema\/logo\/image\/","url":"","contentUrl":"","caption":"EACreations"},"image":{"@id":"https:\/\/369agara.com\/#\/schema\/logo\/image\/"}}]}},"jetpack_sharing_enabled":true,"_links":{"self":[{"href":"https:\/\/369agara.com\/de\/wp-json\/wp\/v2\/pages\/3823","targetHints":{"allow":["GET"]}}],"collection":[{"href":"https:\/\/369agara.com\/de\/wp-json\/wp\/v2\/pages"}],"about":[{"href":"https:\/\/369agara.com\/de\/wp-json\/wp\/v2\/types\/page"}],"author":[{"embeddable":true,"href":"https:\/\/369agara.com\/de\/wp-json\/wp\/v2\/users\/1"}],"replies":[{"embeddable":true,"href":"https:\/\/369agara.com\/de\/wp-json\/wp\/v2\/comments?post=3823"}],"version-history":[{"count":3,"href":"https:\/\/369agara.com\/de\/wp-json\/wp\/v2\/pages\/3823\/revisions"}],"predecessor-version":[{"id":3826,"href":"https:\/\/369agara.com\/de\/wp-json\/wp\/v2\/pages\/3823\/revisions\/3826"}],"wp:attachment":[{"href":"https:\/\/369agara.com\/de\/wp-json\/wp\/v2\/media?parent=3823"}],"curies":[{"name":"wp","href":"https:\/\/api.w.org\/{rel}","templated":true}]}}