{"id":3836,"date":"2025-05-13T00:03:16","date_gmt":"2025-05-12T22:03:16","guid":{"rendered":"https:\/\/369agara.com\/?page_id=3836"},"modified":"2025-05-13T10:45:49","modified_gmt":"2025-05-13T08:45:49","slug":"fiche-technique-peinture-anti-ondes-yshield","status":"publish","type":"page","link":"https:\/\/369agara.com\/de\/fiche-technique-peinture-anti-ondes-yshield\/","title":{"rendered":"Datenblatt Yshield Anti-Wellen-Farbe"},"content":{"rendered":"<section class=\"section\" id=\"section_186876608\">\n\t\t<div class=\"bg section-bg fill bg-fill bg-loaded bg-loaded\" >\n\n\t\t\t\n\t\t\t\n\t\t\t\n\n\t\t<\/div>\n\n\t\t\n\n\t\t<div class=\"section-content relative\">\n\t\t\t\n\n<h1 style=\"text-align: center;\"><span style=\"font-family: 'Book Antiqua', Palatino; font-size: 120%; color: #333399;\">PRO54 YShield Hoch- und Niederfrequenzwellenschutzfarbe<\/span><\/h1>\n<p><span style=\"font-family: 'Book Antiqua', Palatino; font-size: 120%; color: #333399;\">Die YShield PRO54 Hoch- und Niederfrequenz-Wellenschutzfarbe dient zum Schutz vor hochfrequenter Strahlung (von schnurlosen DECT-Haustelefonen, WLAN, Wimax, Mobilfunkantennen, 5G, Radar usw.), aber auch zur Reduzierung von niederfrequenten elektrischen Feldern (haupts\u00e4chlich von Haushaltsstrom) und elektrostatischen Feldern.<\/span><\/p>\n<p><span style=\"font-family: 'Book Antiqua', Palatino; font-size: 120%; color: #333399;\">Professionelle, graphitfreie Panzerfarbe mit maximaler H\u00e4rte und Haftung. F\u00e4rbt nur wenig ab. Riecht leicht s\u00fc\u00dflich. Nur in R\u00e4umen verwenden, die 7 Tage lang nicht belegt sind.<\/span><\/p>\n<ul>\n<li><span style=\"font-family: 'Book Antiqua', Palatino; font-size: 120%; color: #333399;\">Atmungsaktiv, l\u00f6sungsmittel- und weichmacherfrei - geringe VOC-Emissionen<\/span><\/li>\n<li><span style=\"font-family: 'Book Antiqua', Palatino; font-size: 120%; color: #333399;\">Hervorragende Haftung auf allen Oberfl\u00e4chen im Innen- und Au\u00dfenbereich (sehr hohe Feuchtigkeitsbest\u00e4ndigkeit)<\/span><\/li>\n<li><span style=\"font-family: 'Book Antiqua', Palatino; font-size: 120%; color: #333399;\">Au\u00dfergew\u00f6hnliche physikalische und chemische Eigenschaften kombiniert mit hoher \u00d6kologie<\/span><\/li>\n<li><span style=\"font-family: 'Book Antiqua', Palatino; font-size: 120%; color: #333399;\">Wird wie eine \"normale\" Farbe aufgetragen, kann \u00fcberstrichen und tapeziert werden<\/span><\/li>\n<\/ul>\n<p><span style=\"font-family: 'Book Antiqua', Palatino; font-size: 120%; color: #333399;\">Das Fehlen von Graphit hat viele Vorteile:<\/span><\/p>\n<ul>\n<li><span style=\"font-family: 'Book Antiqua', Palatino; font-size: 120%; color: #333399;\">Hinterl\u00e4sst beim Wischen keine wei\u00dfen Spuren<\/span><\/li>\n<li><span style=\"font-family: 'Book Antiqua', Palatino; font-size: 120%; color: #333399;\">Hinterl\u00e4sst auch keine schwarzen Spuren auf hellen Oberfl\u00e4chen (daher leichter zu \u00fcberstreichen)<\/span><\/li>\n<li><span style=\"font-family: 'Book Antiqua', Palatino; font-size: 120%; color: #333399;\">Die raue mikropor\u00f6se Oberfl\u00e4che bildet eine rutschfeste Oberfl\u00e4che f\u00fcr eine hervorragende Haftung der Deckfarbe.<\/span><\/li>\n<li><span style=\"font-family: 'Book Antiqua', Palatino; font-size: 120%; color: #333399;\">Seine Haftfestigkeit (4,8 N\/mm\u00b2 - Haftung am Substrat) ist genauso hoch wie bei graphithaltigen Farben.<\/span><\/li>\n<\/ul>\n<p><span style=\"font-family: 'Book Antiqua', Palatino; font-size: 120%; color: #333399;\">Einziger Nachteil: Der elektrische Widerstand und damit die Abschirmwirkung pro Schicht ist um etwa 10 % geringer als bei anderen Farben. Wir empfehlen immer, zwei Schichten Farbe aufzutragen, um eine D\u00e4mpfung von 35 bis 40 dB zu erreichen.<\/span><\/p>\n<div class=\"row\"  id=\"row-543935019\">\n\n\n\t<div id=\"col-527091971\" class=\"col medium-6 small-12 large-6\"  >\n\t\t\t\t<div class=\"col-inner\"  >\n\t\t\t\n\t\t\t\n\n<h3><span style=\"font-family: 'Book Antiqua', Palatino; font-size: 120%; color: #333399;\">Bereit f\u00fcr 5G<\/span><\/h3>\n<p><span style=\"font-family: 'Book Antiqua', Palatino; font-size: 120%; color: #333399;\">Dank st\u00e4ndiger Weiterentwicklung haben YShield-Farben eine nahezu lineare D\u00e4mpfung \u00fcber einen sehr breiten Frequenzbereich. Dazu geh\u00f6ren seit langem die beiden 5G-Frequenzspektren FR1 (600 MHz - 6 GHz) und FR2 (24 GHz - 40 GHz).<\/span><\/p>\n<h3><span style=\"font-family: 'Book Antiqua', Palatino; font-size: 120%; color: #333399;\">Technische Daten<\/span><\/h3>\n<p><span style=\"font-family: 'Book Antiqua', Palatino; font-size: 120%; color: #333399;\">Zusammensetzung: Wasser, Reinacrylatdispersion, Kohlefasern, Ru\u00df, Zusatzstoffe, Konservierungsmittel (MIT, INN, BIT). D\u00e4mpfung: eine Schicht 32 dB | 2 Schichten 40 dB | 3 Schichten 48 dB. Die angegebenen Werte gelten f\u00fcr 1 GHz. Messung von 40\/600 MHz bis 40 GHz gem\u00e4\u00df ASTM D4935-10 oder IEEE Std 299-2006.<\/span><\/p>\n\n\t\t<\/div>\n\t\t\t\t\t<\/div>\n\n\t\n\n\t<div id=\"col-2037658760\" class=\"col medium-6 small-12 large-6\"  >\n\t\t\t\t<div class=\"col-inner\"  >\n\t\t\t\n\t\t\t\n\n\t<div class=\"img has-hover x md-x lg-x y md-y lg-y\" id=\"image_1562943115\">\n\t\t\t\t\t\t\t\t<div class=\"img-inner dark\" >\n\t\t\t<img loading=\"lazy\" decoding=\"async\" width=\"770\" height=\"740\" src=\"https:\/\/369agara.com\/wp-content\/uploads\/2025\/05\/Peinture-PRO54-YShield-1.jpg\" class=\"attachment-large size-large\" alt=\"\" srcset=\"https:\/\/369agara.com\/wp-content\/uploads\/2025\/05\/Peinture-PRO54-YShield-1.jpg 770w, https:\/\/369agara.com\/wp-content\/uploads\/2025\/05\/Peinture-PRO54-YShield-1-300x288.jpg 300w, https:\/\/369agara.com\/wp-content\/uploads\/2025\/05\/Peinture-PRO54-YShield-1-768x738.jpg 768w, https:\/\/369agara.com\/wp-content\/uploads\/2025\/05\/Peinture-PRO54-YShield-1-12x12.jpg 12w, https:\/\/369agara.com\/wp-content\/uploads\/2025\/05\/Peinture-PRO54-YShield-1-510x490.jpg 510w\" sizes=\"auto, (max-width: 770px) 100vw, 770px\" \/>\t\t\t\t\t\t\n\t\t\t\t\t<\/div>\n\t\t\t\t\t\t\t\t\n<style>\n#image_1562943115 {\n  width: 100%;\n}\n<\/style>\n\t<\/div>\n\t\n\n\n\t\t<\/div>\n\t\t\t\t\t<\/div>\n\n\t\n\n<\/div>\n<h3><span style=\"font-family: 'Book Antiqua', Palatino; font-size: 120%; color: #333399;\">Ben\u00f6tigte Menge :<\/span><\/h3>\n<p><span style=\"font-family: 'Book Antiqua', Palatino; font-size: 120%; color: #333399;\">(je nach Unterschicht): einlagig 5 bis 7.5 m\u00b2 \/ Liter, zweilagig 2.5 bis 3.75 m\u00b2 \/ Liter Brandverhalten: Dieses Produkt ist feuerhemmend nach DIN 4102-1 oder DIN EN 13501-1. Kann vorzugsweise mit Emulsionsfarben auf Kunststoffbasis (Latex), Dispersionssilikatfarben, Fassadenfarben oder Silikonharzfarben \u00fcberstrichen werden.<\/span><\/p>\n<p><span style=\"font-family: 'Book Antiqua', Palatino; font-size: 120%; color: #333399;\">Da diese Farbe leitf\u00e4hig ist, ist eine Erdung erforderlich! Wir empfehlen f\u00fcr Innenr\u00e4ume das Erdungsband EBX YShield + Erdungsplatte GW YShield + Erdungskabel GC YShield in der gew\u00fcnschten L\u00e4nge + Erdungsstecker GP YShield und f\u00fcr Au\u00dfenbereiche den Zusatz AF3 und die Erdungsplatte GE.<\/span><br \/><span style=\"font-family: 'Book Antiqua', Palatino; font-size: 120%; color: #333399;\">Optional: Um Risse f\u00fcr eine bessere Erdung zu \u00fcberbr\u00fccken, empfehlen wir den Faserzusatz AF3 mit langen, leitf\u00e4higen Kohlefasern. Mit diesen Kohlefasern lassen sich auch EBX-B\u00e4nder bei der Erdung von Farbe ersetzen.<\/span><\/p>\n<p><span style=\"font-family: 'Book Antiqua', Palatino; font-size: 120%; color: #333399;\">Frostbest\u00e4ndigkeit: Dieses Produkt ist frostbest\u00e4ndig (5 getestete Frost-\/Auftauzyklen) | Kann das ganze Jahr \u00fcber versendet werden.<\/span><br \/><span style=\"font-family: 'Book Antiqua', Palatino; font-size: 120%; color: #333399;\">Ohne chemische oder metallische Partikel, daher ist diese Farbe langzeitstabil Bio vertr\u00e4glich und hypoallergen - h\u00e4lt sich an die Standards der Baubiologie. <\/span><br \/><span style=\"font-family: 'Book Antiqua', Palatino; font-size: 120%; color: #333399;\">Farbe des Anstrichs: schwarz Lagerstabilit\u00e4t: An einem k\u00fchlen Ort, siehe Verfallsdatum auf dem Kanister. <\/span><br \/><span style=\"font-family: 'Book Antiqua', Palatino; font-size: 120%; color: #333399;\">Auf keinen Fall verd\u00fcnnen! <\/span><br \/><span style=\"font-family: 'Book Antiqua', Palatino; font-size: 120%; color: #333399;\">Trockenzeit: zwischen 12 und 24 Stunden Mit Wasser waschbar VOC: 0.2 \/ Liter (von der Europ\u00e4ischen Union 2010 festgelegter Grenzwert: 30 g\/Liter) <\/span><br \/><span style=\"font-family: 'Book Antiqua', Palatino; font-size: 120%; color: #333399;\">Kann mit einem Pinsel, einer Rolle oder einer Spritzpistole mit einer D\u00fcse gr\u00f6\u00dfer als 6 mm aufgetragen werden. <\/span><br \/><span style=\"font-family: 'Book Antiqua', Palatino; font-size: 120%; color: #333399;\">Verpackung: 1-Liter-Kanister. und 5-Liter-Kanister. <\/span><br \/><span style=\"font-family: 'Book Antiqua', Palatino; font-size: 120%; color: #333399;\">Keine Nanotechnologie: Die Abschirmfarben werden nach strengen \u00f6kologischen Kriterien entwickelt. <\/span><\/p>\n<p><span style=\"font-family: 'Book Antiqua', Palatino; font-size: 120%; color: #333399;\">Hergestellt in Deutschland von YShield T\u00dcV-S\u00dcD-Zertifizierung: Alle YShield-Abschirmfarben werden vom T\u00dcV-S\u00dcD gepr\u00fcft. <\/span><br \/><span style=\"font-family: 'Book Antiqua', Palatino; font-size: 120%; color: #333399;\">Der gesamte Herstellungsprozess mit Qualit\u00e4tssicherung, die Emissionen der Produkte und der wirtschaftliche Einsatz von Konservierungsmitteln unterliegen der Kontrolle.<\/span><\/p>\n<h3><span style=\"font-family: 'Book Antiqua', Palatino; font-size: 120%; color: #333399;\">Anwendung<\/span><\/h3>\n<p><span style=\"font-family: 'Book Antiqua', Palatino; font-size: 120%; color: #333399;\">Kann nur in Innenr\u00e4umen mit einem Pinsel, einer Rolle oder einer D\u00fcse aufgetragen werden.<\/span><br \/><span style=\"font-family: 'Book Antiqua', Palatino; font-size: 120%; color: #333399;\">Alle unsere Ratschl\u00e4ge finden Sie im Arbeitsblatt \"Aufbringen von Anti-Wellen-Farbe\", das Sie auf unserer Website herunterladen k\u00f6nnen.<\/span><\/p>\n<p><span style=\"font-family: 'Book Antiqua', Palatino; font-size: 120%; color: #333399;\">Wir \u00fcbernehmen keine Haftung f\u00fcr Sch\u00e4den an Personen, Tieren oder Gegenst\u00e4nden, die durch unsachgem\u00e4\u00dfe Anwendung der Farbe entstehen, insbesondere durch eine nicht DIN 57100 \/ VDE 0100 entsprechende Erdung und Elektroinstallation. Wir empfehlen die \u00dcberpr\u00fcfung der Elektroinstallation und die Erdung der YShield\u00ae-Farben durch einen Elektrofachmann.<\/span><\/p>\n\n\t\t<\/div>\n\n\t\t\n<style>\n#section_186876608 {\n  padding-top: 30px;\n  padding-bottom: 30px;\n}\n#section_186876608 .ux-shape-divider--top svg {\n  height: 150px;\n  --divider-top-width: 100%;\n}\n#section_186876608 .ux-shape-divider--bottom svg {\n  height: 150px;\n  --divider-width: 100%;\n}\n<\/style>\n\t<\/section>","protected":false},"excerpt":{"rendered":"","protected":false},"author":1,"featured_media":0,"parent":0,"menu_order":0,"comment_status":"closed","ping_status":"closed","template":"","meta":{"footnotes":""},"class_list":["post-3836","page","type-page","status-publish","hentry"],"yoast_head":"<!-- This site is optimized with the Yoast SEO Premium plugin v25.1 (Yoast SEO v27.4) - https:\/\/yoast.com\/product\/yoast-seo-premium-wordpress\/ -->\n<title>Fiche technique peinture anti-ondes Yshield | Agara<\/title>\n<meta name=\"robots\" content=\"index, follow, max-snippet:-1, max-image-preview:large, max-video-preview:-1\" \/>\n<link rel=\"canonical\" href=\"https:\/\/369agara.com\/de\/fiche-technique-peinture-anti-ondes-yshield\/\" \/>\n<meta property=\"og:locale\" content=\"de_DE\" \/>\n<meta property=\"og:type\" content=\"article\" \/>\n<meta property=\"og:title\" content=\"Fiche technique peinture anti-ondes Yshield\" \/>\n<meta property=\"og:url\" content=\"https:\/\/369agara.com\/de\/fiche-technique-peinture-anti-ondes-yshield\/\" \/>\n<meta property=\"og:site_name\" content=\"Agara\" \/>\n<meta property=\"article:modified_time\" content=\"2025-05-13T08:45:49+00:00\" \/>\n<meta name=\"twitter:card\" content=\"summary_large_image\" \/>\n<script type=\"application\/ld+json\" class=\"yoast-schema-graph\">{\"@context\":\"https:\\\/\\\/schema.org\",\"@graph\":[{\"@type\":\"WebPage\",\"@id\":\"https:\\\/\\\/369agara.com\\\/fiche-technique-peinture-anti-ondes-yshield\\\/\",\"url\":\"https:\\\/\\\/369agara.com\\\/fiche-technique-peinture-anti-ondes-yshield\\\/\",\"name\":\"Fiche technique peinture anti-ondes Yshield | Agara\",\"isPartOf\":{\"@id\":\"https:\\\/\\\/369agara.com\\\/#website\"},\"datePublished\":\"2025-05-12T22:03:16+00:00\",\"dateModified\":\"2025-05-13T08:45:49+00:00\",\"breadcrumb\":{\"@id\":\"https:\\\/\\\/369agara.com\\\/fiche-technique-peinture-anti-ondes-yshield\\\/#breadcrumb\"},\"inLanguage\":\"de\",\"potentialAction\":[{\"@type\":\"ReadAction\",\"target\":[\"https:\\\/\\\/369agara.com\\\/fiche-technique-peinture-anti-ondes-yshield\\\/\"]}]},{\"@type\":\"BreadcrumbList\",\"@id\":\"https:\\\/\\\/369agara.com\\\/fiche-technique-peinture-anti-ondes-yshield\\\/#breadcrumb\",\"itemListElement\":[{\"@type\":\"ListItem\",\"position\":1,\"name\":\"Accueil\",\"item\":\"https:\\\/\\\/369agara.com\\\/\"},{\"@type\":\"ListItem\",\"position\":2,\"name\":\"Fiche technique peinture anti-ondes Yshield\"}]},{\"@type\":\"WebSite\",\"@id\":\"https:\\\/\\\/369agara.com\\\/#website\",\"url\":\"https:\\\/\\\/369agara.com\\\/\",\"name\":\"Livsrikedomar\",\"description\":\"D\u00e9connectez pour mieux vous connecter\",\"publisher\":{\"@id\":\"https:\\\/\\\/369agara.com\\\/#organization\"},\"potentialAction\":[{\"@type\":\"SearchAction\",\"target\":{\"@type\":\"EntryPoint\",\"urlTemplate\":\"https:\\\/\\\/369agara.com\\\/?s={search_term_string}\"},\"query-input\":{\"@type\":\"PropertyValueSpecification\",\"valueRequired\":true,\"valueName\":\"search_term_string\"}}],\"inLanguage\":\"de\"},{\"@type\":\"Organization\",\"@id\":\"https:\\\/\\\/369agara.com\\\/#organization\",\"name\":\"EACreations\",\"url\":\"https:\\\/\\\/369agara.com\\\/\",\"logo\":{\"@type\":\"ImageObject\",\"inLanguage\":\"de\",\"@id\":\"https:\\\/\\\/369agara.com\\\/#\\\/schema\\\/logo\\\/image\\\/\",\"url\":\"\",\"contentUrl\":\"\",\"caption\":\"EACreations\"},\"image\":{\"@id\":\"https:\\\/\\\/369agara.com\\\/#\\\/schema\\\/logo\\\/image\\\/\"}}]}<\/script>\n<!-- \/ Yoast SEO Premium plugin. -->","yoast_head_json":{"title":"Fiche technique peinture anti-ondes Yshield | Agara","robots":{"index":"index","follow":"follow","max-snippet":"max-snippet:-1","max-image-preview":"max-image-preview:large","max-video-preview":"max-video-preview:-1"},"canonical":"https:\/\/369agara.com\/de\/fiche-technique-peinture-anti-ondes-yshield\/","og_locale":"de_DE","og_type":"article","og_title":"Fiche technique peinture anti-ondes Yshield","og_url":"https:\/\/369agara.com\/de\/fiche-technique-peinture-anti-ondes-yshield\/","og_site_name":"Agara","article_modified_time":"2025-05-13T08:45:49+00:00","twitter_card":"summary_large_image","schema":{"@context":"https:\/\/schema.org","@graph":[{"@type":"WebPage","@id":"https:\/\/369agara.com\/fiche-technique-peinture-anti-ondes-yshield\/","url":"https:\/\/369agara.com\/fiche-technique-peinture-anti-ondes-yshield\/","name":"Fiche technique peinture anti-ondes Yshield | Agara","isPartOf":{"@id":"https:\/\/369agara.com\/#website"},"datePublished":"2025-05-12T22:03:16+00:00","dateModified":"2025-05-13T08:45:49+00:00","breadcrumb":{"@id":"https:\/\/369agara.com\/fiche-technique-peinture-anti-ondes-yshield\/#breadcrumb"},"inLanguage":"de","potentialAction":[{"@type":"ReadAction","target":["https:\/\/369agara.com\/fiche-technique-peinture-anti-ondes-yshield\/"]}]},{"@type":"BreadcrumbList","@id":"https:\/\/369agara.com\/fiche-technique-peinture-anti-ondes-yshield\/#breadcrumb","itemListElement":[{"@type":"ListItem","position":1,"name":"Accueil","item":"https:\/\/369agara.com\/"},{"@type":"ListItem","position":2,"name":"Fiche technique peinture anti-ondes Yshield"}]},{"@type":"WebSite","@id":"https:\/\/369agara.com\/#website","url":"https:\/\/369agara.com\/","name":"Livsrikedomar","description":"Trennen Sie die Verbindung, um sich besser zu verbinden","publisher":{"@id":"https:\/\/369agara.com\/#organization"},"potentialAction":[{"@type":"SearchAction","target":{"@type":"EntryPoint","urlTemplate":"https:\/\/369agara.com\/?s={search_term_string}"},"query-input":{"@type":"PropertyValueSpecification","valueRequired":true,"valueName":"search_term_string"}}],"inLanguage":"de"},{"@type":"Organization","@id":"https:\/\/369agara.com\/#organization","name":"EACreations","url":"https:\/\/369agara.com\/","logo":{"@type":"ImageObject","inLanguage":"de","@id":"https:\/\/369agara.com\/#\/schema\/logo\/image\/","url":"","contentUrl":"","caption":"EACreations"},"image":{"@id":"https:\/\/369agara.com\/#\/schema\/logo\/image\/"}}]}},"jetpack_sharing_enabled":true,"_links":{"self":[{"href":"https:\/\/369agara.com\/de\/wp-json\/wp\/v2\/pages\/3836","targetHints":{"allow":["GET"]}}],"collection":[{"href":"https:\/\/369agara.com\/de\/wp-json\/wp\/v2\/pages"}],"about":[{"href":"https:\/\/369agara.com\/de\/wp-json\/wp\/v2\/types\/page"}],"author":[{"embeddable":true,"href":"https:\/\/369agara.com\/de\/wp-json\/wp\/v2\/users\/1"}],"replies":[{"embeddable":true,"href":"https:\/\/369agara.com\/de\/wp-json\/wp\/v2\/comments?post=3836"}],"version-history":[{"count":3,"href":"https:\/\/369agara.com\/de\/wp-json\/wp\/v2\/pages\/3836\/revisions"}],"predecessor-version":[{"id":3840,"href":"https:\/\/369agara.com\/de\/wp-json\/wp\/v2\/pages\/3836\/revisions\/3840"}],"wp:attachment":[{"href":"https:\/\/369agara.com\/de\/wp-json\/wp\/v2\/media?parent=3836"}],"curies":[{"name":"wp","href":"https:\/\/api.w.org\/{rel}","templated":true}]}}