{"id":3859,"date":"2025-05-13T23:08:27","date_gmt":"2025-05-13T21:08:27","guid":{"rendered":"https:\/\/369agara.com\/?page_id=3859"},"modified":"2025-05-14T11:56:31","modified_gmt":"2025-05-14T09:56:31","slug":"mode-de-paiement-paiement-securise","status":"publish","type":"page","link":"https:\/\/369agara.com\/de\/mode-de-paiement-paiement-securise\/","title":{"rendered":"Zahlungsweise - sichere Zahlung"},"content":{"rendered":"<section class=\"section\" id=\"section_1968863613\">\n\t\t<div class=\"bg section-bg fill bg-fill bg-loaded bg-loaded\" >\n\n\t\t\t\n\t\t\t\n\t\t\t\n\n\t\t<\/div>\n\n\t\t\n\n\t\t<div class=\"section-content relative\">\n\t\t\t\n\n<h1 class=\"page-heading\"><span style=\"font-family: 'Book Antiqua', Palatino; font-size: 120%; color: #333399;\">Zahlungsarten - Sichere Zahlung<\/span><\/h1>\n<section id=\"content\" class=\"page-content page-cms page-cms-5\">\n<div class=\"typo\">\n<p><span style=\"font-family: 'Book Antiqua', Palatino; font-size: 120%; color: #333399;\">Sie k\u00f6nnen Ihre Bestellungen per Kreditkarte online oder per Bank\u00fcberweisung bezahlen.<\/span><\/p>\n<\/div>\n<\/section>\n<h3><strong><span style=\"font-family: 'Book Antiqua', Palatino; font-size: 120%; color: #333399;\">Sichere Zahlung per Kreditkarte (Carte Bleue, Visa, Mastercard)<\/span><\/strong><\/h3>\n<p data-start=\"212\" data-end=\"451\"><span style=\"font-family: 'Book Antiqua', Palatino; font-size: 120%; color: #333399;\"><span class=\"_fadeIn_m1hgl_8\">Um <\/span><span class=\"_fadeIn_m1hgl_8\">von <\/span><span class=\"_fadeIn_m1hgl_8\">Sie <\/span><span class=\"_fadeIn_m1hgl_8\">anbieten <\/span><span class=\"_fadeIn_m1hgl_8\">eine <\/span><span class=\"_fadeIn_m1hgl_8\">Dienst <\/span><span class=\"_fadeIn_m1hgl_8\">von <\/span><span class=\"_fadeIn_m1hgl_8\">Qualit\u00e4t <\/span><span class=\"_fadeIn_m1hgl_8\">und <\/span><span class=\"_fadeIn_m1hgl_8\">eine <\/span><span class=\"_fadeIn_m1hgl_8\">Sicherheit <\/span><span class=\"_fadeIn_m1hgl_8\">optimal <\/span><span class=\"_fadeIn_m1hgl_8\">bei <\/span><span class=\"_fadeIn_m1hgl_8\">von <\/span><span class=\"_fadeIn_m1hgl_8\">Ihre <\/span><span class=\"_fadeIn_m1hgl_8\">Eink\u00e4ufe, <\/span><span class=\"_fadeIn_m1hgl_8\">unsere <\/span><span class=\"_fadeIn_m1hgl_8\">Website <\/span><span class=\"_fadeIn_m1hgl_8\">st\u00fctzt sich <\/span><span class=\"_fadeIn_m1hgl_8\">auf <\/span><span class=\"_fadeIn_m1hgl_8\">die <\/span><span class=\"_fadeIn_m1hgl_8\">L\u00f6sung <\/span><span class=\"_fadeIn_m1hgl_8\">von <\/span><span class=\"_fadeIn_m1hgl_8\">Zahlung <\/span><span class=\"_fadeIn_m1hgl_8\">in <\/span><span class=\"_fadeIn_m1hgl_8\">Linie <\/span><a style=\"color: #333399;\" href=\"https:\/\/stripe.com\/fr\"><strong data-start=\"356\" data-end=\"366\"><span class=\"_fadeIn_m1hgl_8\">Stripe<\/span><\/strong><\/a><span class=\"_fadeIn_m1hgl_8\">, <\/span><span class=\"_fadeIn_m1hgl_8\">anerkannt <\/span><span class=\"_fadeIn_m1hgl_8\">f\u00fcr <\/span><span class=\"_fadeIn_m1hgl_8\">seine <\/span><span class=\"_fadeIn_m1hgl_8\">Zuverl\u00e4ssigkeit <\/span><span class=\"_fadeIn_m1hgl_8\">und <\/span><span class=\"_fadeIn_m1hgl_8\">seine <\/span><span class=\"_fadeIn_m1hgl_8\">Konformit\u00e4t <\/span><span class=\"_fadeIn_m1hgl_8\">an <\/span><span class=\"_fadeIn_m1hgl_8\">Standards <\/span><span class=\"_fadeIn_m1hgl_8\">von <\/span><span class=\"_fadeIn_m1hgl_8\">Sicherheit <\/span><span class=\"_fadeIn_m1hgl_8\">internationalen.<\/span><\/span><\/p>\n<p data-start=\"453\" data-end=\"807\"><span style=\"font-family: 'Book Antiqua', Palatino; font-size: 120%; color: #333399;\"><span class=\"_fadeIn_m1hgl_8\">Die <\/span><strong><span class=\"_fadeIn_m1hgl_8\">Regelungen <\/span><\/strong><span class=\"_fadeIn_m1hgl_8\">k\u00f6nnen <\/span><span class=\"_fadeIn_m1hgl_8\">sein <\/span><span class=\"_fadeIn_m1hgl_8\">durchgef\u00fchrt <\/span><strong><span class=\"_fadeIn_m1hgl_8\">von <\/span><span class=\"_fadeIn_m1hgl_8\">Karte <\/span><span class=\"_fadeIn_m1hgl_8\">Bank (<\/span><span class=\"_fadeIn_m1hgl_8\">Visa, <\/span><span class=\"_fadeIn_m1hgl_8\">MasterCard, <\/span><span class=\"_fadeIn_m1hgl_8\">Amerikanisch <\/span><span class=\"_fadeIn_m1hgl_8\">Express, <\/span><span class=\"_fadeIn_m1hgl_8\">usw.), <\/span><span class=\"_fadeIn_m1hgl_8\">so <\/span><span class=\"_fadeIn_m1hgl_8\">als <\/span><span class=\"_fadeIn_m1hgl_8\">von <\/span><span class=\"_fadeIn_m1hgl_8\">andere <\/span><span class=\"_fadeIn_m1hgl_8\">Mittel <\/span><span class=\"_fadeIn_m1hgl_8\">von <\/span><span class=\"_fadeIn_m1hgl_8\">Zahlung <\/span><span class=\"_fadeIn_m1hgl_8\">genommen <\/span><span class=\"_fadeIn_m1hgl_8\">in <\/span><span class=\"_fadeIn_m1hgl_8\">Ladung <\/span><span class=\"_fadeIn_m1hgl_8\">von <\/span><\/strong><span class=\"_fadeIn_m1hgl_8\"><strong>Strip<\/strong>e. <\/span><span class=\"_fadeIn_m1hgl_8\">Alle <\/span><span class=\"_fadeIn_m1hgl_8\">die <\/span><span class=\"_fadeIn_m1hgl_8\">Transaktionen <\/span><span class=\"_fadeIn_m1hgl_8\">sind <\/span><span class=\"_fadeIn_m1hgl_8\">vollst\u00e4ndig <\/span><span class=\"_fadeIn_m1hgl_8\">gesichert <\/span><span class=\"_fadeIn_m1hgl_8\">Gnade <\/span><span class=\"_fadeIn_m1hgl_8\">\u00e0 <\/span><span class=\"_fadeIn_m1hgl_8\">eine <\/span><span class=\"_fadeIn_m1hgl_8\">System <\/span><span class=\"_fadeIn_m1hgl_8\">von <\/span><span class=\"_fadeIn_m1hgl_8\">Verschl\u00fcsselung <\/span><span class=\"_fadeIn_m1hgl_8\">SSL (<\/span><span class=\"_fadeIn_m1hgl_8\">Sicher <\/span><span class=\"_fadeIn_m1hgl_8\">Socket <\/span><span class=\"_fadeIn_m1hgl_8\">Layer), <\/span><span class=\"_fadeIn_m1hgl_8\">garantiert <\/span><span class=\"_fadeIn_m1hgl_8\">die <\/span><span class=\"_fadeIn_m1hgl_8\">Datenschutz <\/span><span class=\"_fadeIn_m1hgl_8\">und <\/span><span class=\"_fadeIn_m1hgl_8\">die <\/span><span class=\"_fadeIn_m1hgl_8\">Schutz <\/span><span class=\"_fadeIn_m1hgl_8\">von <\/span><span class=\"_fadeIn_m1hgl_8\">Ihre <\/span><span class=\"_fadeIn_m1hgl_8\">Daten <\/span><span class=\"_fadeIn_m1hgl_8\">bankwesen.<\/span><\/span><\/p>\n<p data-start=\"809\" data-end=\"1039\"><span style=\"font-family: 'Book Antiqua', Palatino; font-size: 120%; color: #333399;\"><span class=\"_fadeIn_m1hgl_8\">Ihre <\/span><span class=\"_fadeIn_m1hgl_8\">Informationen <\/span><span class=\"_fadeIn_m1hgl_8\">von <\/span><span class=\"_fadeIn_m1hgl_8\">Zahlung <\/span><span class=\"_fadeIn_m1hgl_8\">ne <\/span><span class=\"_fadeIn_m1hgl_8\">sind <\/span><span class=\"_fadeIn_m1hgl_8\">\u00e0 <\/span><span class=\"_fadeIn_m1hgl_8\">keine <\/span><span class=\"_fadeIn_m1hgl_8\">Moment <\/span><span class=\"_fadeIn_m1hgl_8\">gelagert <\/span><span class=\"_fadeIn_m1hgl_8\">auf <\/span><span class=\"_fadeIn_m1hgl_8\">unsere <\/span><span class=\"_fadeIn_m1hgl_8\">Standort. <\/span><span class=\"_fadeIn_m1hgl_8\">Sie <\/span><span class=\"_fadeIn_m1hgl_8\">sind <\/span><span class=\"_fadeIn_m1hgl_8\">weitergeleitet <\/span><span class=\"_fadeIn_m1hgl_8\">von <\/span><span class=\"_fadeIn_m1hgl_8\">Weise <\/span><span class=\"_fadeIn_m1hgl_8\">beziffert <\/span><span class=\"_fadeIn_m1hgl_8\">direkt <\/span><span class=\"_fadeIn_m1hgl_8\">\u00e0 <\/span><span class=\"_fadeIn_m1hgl_8\">die <\/span><span class=\"_fadeIn_m1hgl_8\">Plattform <\/span><span class=\"_fadeIn_m1hgl_8\">Stripe, <\/span><span class=\"_fadeIn_m1hgl_8\">konform <\/span><span class=\"_fadeIn_m1hgl_8\">\u00e0 <\/span><span class=\"_fadeIn_m1hgl_8\">die <\/span><span class=\"_fadeIn_m1hgl_8\">Norm <\/span><span class=\"_fadeIn_m1hgl_8\">PCI-<\/span><span class=\"_fadeIn_m1hgl_8\">DSS (<\/span><span class=\"_fadeIn_m1hgl_8\">Zahlung <\/span><span class=\"_fadeIn_m1hgl_8\">Karte <\/span><span class=\"_fadeIn_m1hgl_8\">Industry <\/span><span class=\"_fadeIn_m1hgl_8\">Data <\/span><span class=\"_fadeIn_m1hgl_8\">Sicherheit <\/span><span class=\"_fadeIn_m1hgl_8\">Standard).<\/span><\/span><\/p>\n<p data-start=\"1041\" data-end=\"1165\"><span style=\"font-family: 'Book Antiqua', Palatino; font-size: 120%; color: #333399;\"><strong data-start=\"1041\" data-end=\"1056\"><span class=\"_fadeIn_m1hgl_8\">In <\/span><span class=\"_fadeIn_m1hgl_8\">Zusammenfassung :<\/span><\/strong><\/span><\/p>\n<ul>\n<li data-start=\"1041\" data-end=\"1165\"><span style=\"font-family: 'Book Antiqua', Palatino; font-size: 120%; color: #333399;\"><span class=\"_fadeIn_m1hgl_8\">Zahlung <\/span><span class=\"_fadeIn_m1hgl_8\">gesichert <\/span><span class=\"_fadeIn_m1hgl_8\">\u00fcber <\/span><span class=\"_fadeIn_m1hgl_8\">Stripe<\/span><\/span><\/li>\n<li data-start=\"1041\" data-end=\"1165\"><span style=\"font-family: 'Book Antiqua', Palatino; font-size: 120%; color: #333399;\"><span class=\"_fadeIn_m1hgl_8\">Daten <\/span><span class=\"_fadeIn_m1hgl_8\">vertraulich <\/span><span class=\"_fadeIn_m1hgl_8\">gesch\u00fctzt<\/span><\/span><\/li>\n<li data-start=\"1041\" data-end=\"1165\"><span style=\"font-family: 'Book Antiqua', Palatino; font-size: 120%; color: #333399;\"><span class=\"_fadeIn_m1hgl_8\">Transaktionen <\/span><span class=\"_fadeIn_m1hgl_8\">schnell <\/span><span class=\"_fadeIn_m1hgl_8\">und <\/span><span class=\"_fadeIn_m1hgl_8\">zuverl\u00e4ssig<\/span><\/span><\/li>\n<\/ul>\n<p data-start=\"1167\" data-end=\"1317\"><span style=\"font-family: 'Book Antiqua', Palatino; font-size: 120%; color: #333399;\"><span class=\"_fadeIn_m1hgl_8\">F\u00fcr <\/span><span class=\"_fadeIn_m1hgl_8\">jede <\/span><span class=\"_fadeIn_m1hgl_8\">Informationen <\/span><span class=\"_fadeIn_m1hgl_8\">erg\u00e4nzend <\/span><span class=\"_fadeIn_m1hgl_8\">relativ <\/span><span class=\"_fadeIn_m1hgl_8\">an <\/span><span class=\"_fadeIn_m1hgl_8\">Modalit\u00e4ten <\/span><span class=\"_fadeIn_m1hgl_8\">von <\/span><span class=\"_fadeIn_m1hgl_8\">Zahlung, <\/span><span class=\"_fadeIn_m1hgl_8\">wir <\/span><span class=\"_fadeIn_m1hgl_8\">Sie <\/span><span class=\"_fadeIn_m1hgl_8\">laden wir ein <\/span><span class=\"_fadeIn_m1hgl_8\">\u00e0 <\/span><span class=\"_fadeIn_m1hgl_8\">konsultieren <\/span><span class=\"_fadeIn_m1hgl_8\">unsere <\/span><span class=\"_fadeIn_m1hgl_8\">Dienst <\/span><span class=\"_fadeIn_m1hgl_8\">Kunde <\/span><span class=\"_fadeIn_m1hgl_8\">\u00fcber <\/span><span class=\"_fadeIn_m1hgl_8\">die <\/span><span class=\"_fadeIn_m1hgl_8\">Seite <\/span><a style=\"color: #333399;\" href=\"mailto:livsrikedomar@protonmail.com?cc=&amp;bcc=&amp;subject=Question%20concernant%20le%20mode%20de%20paiement&amp;body=\"><strong data-start=\"1305\" data-end=\"1316\"><span class=\"_fadeIn_m1hgl_8\">Kontakt<\/span><\/strong><\/a><span class=\"_fadeIn_m1hgl_8\">.<\/span><\/span><\/p>\n<div class=\"row\"  id=\"row-1512090127\">\n\n\n\t<div id=\"col-2006030673\" class=\"col medium-3 small-12 large-3\"  >\n\t\t\t\t<div class=\"col-inner\"  >\n\t\t\t\n\t\t\t\n\n\t<div class=\"img has-hover x md-x lg-x y md-y lg-y\" id=\"image_27397760\">\n\t\t\t\t\t\t\t\t<div class=\"img-inner dark\" >\n\t\t\t<img loading=\"lazy\" decoding=\"async\" width=\"1020\" height=\"574\" src=\"https:\/\/369agara.com\/wp-content\/uploads\/2025\/05\/Payments-social-card-1024x576.png\" class=\"attachment-large size-large\" alt=\"\" srcset=\"https:\/\/369agara.com\/wp-content\/uploads\/2025\/05\/Payments-social-card-1024x576.png 1024w, https:\/\/369agara.com\/wp-content\/uploads\/2025\/05\/Payments-social-card-300x169.png 300w, https:\/\/369agara.com\/wp-content\/uploads\/2025\/05\/Payments-social-card-768x432.png 768w, https:\/\/369agara.com\/wp-content\/uploads\/2025\/05\/Payments-social-card-1536x864.png 1536w, https:\/\/369agara.com\/wp-content\/uploads\/2025\/05\/Payments-social-card-18x10.png 18w, https:\/\/369agara.com\/wp-content\/uploads\/2025\/05\/Payments-social-card-510x287.png 510w, https:\/\/369agara.com\/wp-content\/uploads\/2025\/05\/Payments-social-card.png 2048w\" sizes=\"auto, (max-width: 1020px) 100vw, 1020px\" \/>\t\t\t\t\t\t\n\t\t\t\t\t<\/div>\n\t\t\t\t\t\t\t\t\n<style>\n#image_27397760 {\n  width: 100%;\n}\n<\/style>\n\t<\/div>\n\t\n\n\n\t\t<\/div>\n\t\t\t\t\t<\/div>\n\n\t\n\n\t<div id=\"col-467433589\" class=\"col medium-5 small-12 large-5\"  >\n\t\t\t\t<div class=\"col-inner\"  >\n\t\t\t\n\t\t\t\n\n\t<div class=\"img has-hover x md-x lg-x y md-y lg-y\" id=\"image_138955207\">\n\t\t\t\t\t\t\t\t<div class=\"img-inner dark\" >\n\t\t\t<img loading=\"lazy\" decoding=\"async\" width=\"759\" height=\"149\" src=\"https:\/\/369agara.com\/wp-content\/uploads\/2025\/05\/Logos-CB.jpg\" class=\"attachment-large size-large\" alt=\"\" srcset=\"https:\/\/369agara.com\/wp-content\/uploads\/2025\/05\/Logos-CB.jpg 759w, https:\/\/369agara.com\/wp-content\/uploads\/2025\/05\/Logos-CB-300x59.jpg 300w, https:\/\/369agara.com\/wp-content\/uploads\/2025\/05\/Logos-CB-18x4.jpg 18w, https:\/\/369agara.com\/wp-content\/uploads\/2025\/05\/Logos-CB-510x100.jpg 510w\" sizes=\"auto, (max-width: 759px) 100vw, 759px\" \/>\t\t\t\t\t\t\n\t\t\t\t\t<\/div>\n\t\t\t\t\t\t\t\t\n<style>\n#image_138955207 {\n  width: 100%;\n}\n<\/style>\n\t<\/div>\n\t\n\n\n\t\t<\/div>\n\t\t\t\t\t<\/div>\n\n\t\n\n<\/div>\n<h3><strong><span style=\"font-family: 'Book Antiqua', Palatino; font-size: 120%; color: #333399;\">Zahlung per Bank\u00fcberweisung<\/span><\/strong><\/h3>\n<p><span style=\"font-family: 'Book Antiqua', Palatino; font-size: 120%; color: #333399;\">Sie k\u00f6nnen Ihre Eink\u00e4ufe auch per Bank\u00fcberweisung (SEPA) bezahlen.<\/span><\/p>\n<p><span style=\"font-family: 'Book Antiqua', Palatino; font-size: 120%; color: #333399;\">Unsere Bankverbindung wird Ihnen mitgeteilt, wenn Sie diese Zahlungsmethode ausw\u00e4hlen, nachdem Sie Ihren Warenkorb best\u00e4tigt haben.<\/span><\/p>\n<p><span style=\"font-family: 'Book Antiqua', Palatino; font-size: 120%; color: #333399;\">Ihre Bestellung wird bearbeitet, sobald die f\u00e4lligen Betr\u00e4ge gutgeschrieben wurden. Die auf der Website angegebenen Lieferfristen laufen ab dem Datum des Zahlungseingangs.<\/span><\/p>\n\n\t\t<\/div>\n\n\t\t\n<style>\n#section_1968863613 {\n  padding-top: 30px;\n  padding-bottom: 30px;\n}\n#section_1968863613 .ux-shape-divider--top svg {\n  height: 150px;\n  --divider-top-width: 100%;\n}\n#section_1968863613 .ux-shape-divider--bottom svg {\n  height: 150px;\n  --divider-width: 100%;\n}\n<\/style>\n\t<\/section>","protected":false},"excerpt":{"rendered":"","protected":false},"author":1,"featured_media":0,"parent":0,"menu_order":0,"comment_status":"closed","ping_status":"closed","template":"","meta":{"footnotes":""},"class_list":["post-3859","page","type-page","status-publish","hentry"],"yoast_head":"<!-- This site is optimized with the Yoast SEO Premium plugin v25.1 (Yoast SEO v27.4) - https:\/\/yoast.com\/product\/yoast-seo-premium-wordpress\/ -->\n<title>Mode de paiement - paiement s\u00e9curis\u00e9 | Agara<\/title>\n<meta name=\"robots\" content=\"index, follow, max-snippet:-1, max-image-preview:large, max-video-preview:-1\" \/>\n<link rel=\"canonical\" href=\"https:\/\/369agara.com\/de\/mode-de-paiement-paiement-securise\/\" \/>\n<meta property=\"og:locale\" content=\"de_DE\" \/>\n<meta property=\"og:type\" content=\"article\" \/>\n<meta property=\"og:title\" content=\"Mode de paiement - paiement s\u00e9curis\u00e9\" \/>\n<meta property=\"og:url\" content=\"https:\/\/369agara.com\/de\/mode-de-paiement-paiement-securise\/\" \/>\n<meta property=\"og:site_name\" content=\"Agara\" \/>\n<meta property=\"article:modified_time\" content=\"2025-05-14T09:56:31+00:00\" \/>\n<meta name=\"twitter:card\" content=\"summary_large_image\" \/>\n<script type=\"application\/ld+json\" class=\"yoast-schema-graph\">{\"@context\":\"https:\\\/\\\/schema.org\",\"@graph\":[{\"@type\":\"WebPage\",\"@id\":\"https:\\\/\\\/369agara.com\\\/mode-de-paiement-paiement-securise\\\/\",\"url\":\"https:\\\/\\\/369agara.com\\\/mode-de-paiement-paiement-securise\\\/\",\"name\":\"Mode de paiement - paiement s\u00e9curis\u00e9 | Agara\",\"isPartOf\":{\"@id\":\"https:\\\/\\\/369agara.com\\\/#website\"},\"datePublished\":\"2025-05-13T21:08:27+00:00\",\"dateModified\":\"2025-05-14T09:56:31+00:00\",\"breadcrumb\":{\"@id\":\"https:\\\/\\\/369agara.com\\\/mode-de-paiement-paiement-securise\\\/#breadcrumb\"},\"inLanguage\":\"de\",\"potentialAction\":[{\"@type\":\"ReadAction\",\"target\":[\"https:\\\/\\\/369agara.com\\\/mode-de-paiement-paiement-securise\\\/\"]}]},{\"@type\":\"BreadcrumbList\",\"@id\":\"https:\\\/\\\/369agara.com\\\/mode-de-paiement-paiement-securise\\\/#breadcrumb\",\"itemListElement\":[{\"@type\":\"ListItem\",\"position\":1,\"name\":\"Accueil\",\"item\":\"https:\\\/\\\/369agara.com\\\/\"},{\"@type\":\"ListItem\",\"position\":2,\"name\":\"Mode de paiement &#8211; paiement s\u00e9curis\u00e9\"}]},{\"@type\":\"WebSite\",\"@id\":\"https:\\\/\\\/369agara.com\\\/#website\",\"url\":\"https:\\\/\\\/369agara.com\\\/\",\"name\":\"Livsrikedomar\",\"description\":\"D\u00e9connectez pour mieux vous connecter\",\"publisher\":{\"@id\":\"https:\\\/\\\/369agara.com\\\/#organization\"},\"potentialAction\":[{\"@type\":\"SearchAction\",\"target\":{\"@type\":\"EntryPoint\",\"urlTemplate\":\"https:\\\/\\\/369agara.com\\\/?s={search_term_string}\"},\"query-input\":{\"@type\":\"PropertyValueSpecification\",\"valueRequired\":true,\"valueName\":\"search_term_string\"}}],\"inLanguage\":\"de\"},{\"@type\":\"Organization\",\"@id\":\"https:\\\/\\\/369agara.com\\\/#organization\",\"name\":\"EACreations\",\"url\":\"https:\\\/\\\/369agara.com\\\/\",\"logo\":{\"@type\":\"ImageObject\",\"inLanguage\":\"de\",\"@id\":\"https:\\\/\\\/369agara.com\\\/#\\\/schema\\\/logo\\\/image\\\/\",\"url\":\"\",\"contentUrl\":\"\",\"caption\":\"EACreations\"},\"image\":{\"@id\":\"https:\\\/\\\/369agara.com\\\/#\\\/schema\\\/logo\\\/image\\\/\"}}]}<\/script>\n<!-- \/ Yoast SEO Premium plugin. -->","yoast_head_json":{"title":"Mode de paiement - paiement s\u00e9curis\u00e9 | Agara","robots":{"index":"index","follow":"follow","max-snippet":"max-snippet:-1","max-image-preview":"max-image-preview:large","max-video-preview":"max-video-preview:-1"},"canonical":"https:\/\/369agara.com\/de\/mode-de-paiement-paiement-securise\/","og_locale":"de_DE","og_type":"article","og_title":"Mode de paiement - paiement s\u00e9curis\u00e9","og_url":"https:\/\/369agara.com\/de\/mode-de-paiement-paiement-securise\/","og_site_name":"Agara","article_modified_time":"2025-05-14T09:56:31+00:00","twitter_card":"summary_large_image","schema":{"@context":"https:\/\/schema.org","@graph":[{"@type":"WebPage","@id":"https:\/\/369agara.com\/mode-de-paiement-paiement-securise\/","url":"https:\/\/369agara.com\/mode-de-paiement-paiement-securise\/","name":"Mode de paiement - paiement s\u00e9curis\u00e9 | Agara","isPartOf":{"@id":"https:\/\/369agara.com\/#website"},"datePublished":"2025-05-13T21:08:27+00:00","dateModified":"2025-05-14T09:56:31+00:00","breadcrumb":{"@id":"https:\/\/369agara.com\/mode-de-paiement-paiement-securise\/#breadcrumb"},"inLanguage":"de","potentialAction":[{"@type":"ReadAction","target":["https:\/\/369agara.com\/mode-de-paiement-paiement-securise\/"]}]},{"@type":"BreadcrumbList","@id":"https:\/\/369agara.com\/mode-de-paiement-paiement-securise\/#breadcrumb","itemListElement":[{"@type":"ListItem","position":1,"name":"Accueil","item":"https:\/\/369agara.com\/"},{"@type":"ListItem","position":2,"name":"Mode de paiement &#8211; paiement s\u00e9curis\u00e9"}]},{"@type":"WebSite","@id":"https:\/\/369agara.com\/#website","url":"https:\/\/369agara.com\/","name":"Livsrikedomar","description":"Trennen Sie die Verbindung, um sich besser zu verbinden","publisher":{"@id":"https:\/\/369agara.com\/#organization"},"potentialAction":[{"@type":"SearchAction","target":{"@type":"EntryPoint","urlTemplate":"https:\/\/369agara.com\/?s={search_term_string}"},"query-input":{"@type":"PropertyValueSpecification","valueRequired":true,"valueName":"search_term_string"}}],"inLanguage":"de"},{"@type":"Organization","@id":"https:\/\/369agara.com\/#organization","name":"EACreations","url":"https:\/\/369agara.com\/","logo":{"@type":"ImageObject","inLanguage":"de","@id":"https:\/\/369agara.com\/#\/schema\/logo\/image\/","url":"","contentUrl":"","caption":"EACreations"},"image":{"@id":"https:\/\/369agara.com\/#\/schema\/logo\/image\/"}}]}},"jetpack_sharing_enabled":true,"_links":{"self":[{"href":"https:\/\/369agara.com\/de\/wp-json\/wp\/v2\/pages\/3859","targetHints":{"allow":["GET"]}}],"collection":[{"href":"https:\/\/369agara.com\/de\/wp-json\/wp\/v2\/pages"}],"about":[{"href":"https:\/\/369agara.com\/de\/wp-json\/wp\/v2\/types\/page"}],"author":[{"embeddable":true,"href":"https:\/\/369agara.com\/de\/wp-json\/wp\/v2\/users\/1"}],"replies":[{"embeddable":true,"href":"https:\/\/369agara.com\/de\/wp-json\/wp\/v2\/comments?post=3859"}],"version-history":[{"count":5,"href":"https:\/\/369agara.com\/de\/wp-json\/wp\/v2\/pages\/3859\/revisions"}],"predecessor-version":[{"id":3875,"href":"https:\/\/369agara.com\/de\/wp-json\/wp\/v2\/pages\/3859\/revisions\/3875"}],"wp:attachment":[{"href":"https:\/\/369agara.com\/de\/wp-json\/wp\/v2\/media?parent=3859"}],"curies":[{"name":"wp","href":"https:\/\/api.w.org\/{rel}","templated":true}]}}