{"id":3877,"date":"2025-05-14T12:26:02","date_gmt":"2025-05-14T10:26:02","guid":{"rendered":"https:\/\/369agara.com\/?page_id=3877"},"modified":"2026-02-01T20:42:14","modified_gmt":"2026-02-01T19:42:14","slug":"mentions-legales","status":"publish","type":"page","link":"https:\/\/369agara.com\/de\/mentions-legales\/","title":{"rendered":"Rechtliche Hinweise"},"content":{"rendered":"<section class=\"section\" id=\"section_1813419258\">\n\t\t<div class=\"bg section-bg fill bg-fill bg-loaded bg-loaded\" >\n\n\t\t\t\n\t\t\t\n\t\t\t\n\n\t\t<\/div>\n\n\t\t\n\n\t\t<div class=\"section-content relative\">\n\t\t\t\n\n<p><span style=\"font-family: Book Antiqua, Palatino; font-size: 120%; color: #000080;\"><strong>Rechtliche Hinweise<\/strong><\/span><\/p>\n<p><span style=\"font-family: Book Antiqua, Palatino; font-size: 120%; color: #000080;\">Gem\u00e4\u00df den Bestimmungen der Artikel 6-III und 19 des Gesetzes Nr. 2004-575 vom 21. Juni 2004 \u00fcber das Vertrauen in die digitale Wirtschaft (LCEN) wird den Nutzern der Website Folgendes zur Kenntnis gebracht <strong><a style=\"color: #000080;\" href=\"http:\/\/www.369agara.com\/\">www.<\/a><a style=\"color: #000080;\" href=\"http:\/\/www.agara.com\/\">369<\/a><a style=\"color: #000080;\" href=\"http:\/\/www.369agara.com\/\">agara.com<\/a><\/strong> die vorliegenden rechtlichen Hinweise.<\/span><\/p>\n<hr \/>\n<h2><span style=\"font-family: Book Antiqua, Palatino; font-size: 120%; color: #000080;\"><strong>Herausgeber der Seite<\/strong><\/span><\/h2>\n<p><span style=\"font-family: Book Antiqua, Palatino; font-size: 120%; color: #000080;\">Die Seite <strong><a style=\"color: #000080;\" href=\"http:\/\/www.369agara.com\/\">www.<\/a><a style=\"color: #000080;\" href=\"http:\/\/www.agara.com\/\">369<\/a><a style=\"color: #000080;\" href=\"http:\/\/www.369agara.com\/\">agara.com<\/a><\/strong> wird herausgegeben von :<\/span><br \/><span style=\"font-family: Book Antiqua, Palatino; font-size: 120%; color: #000080;\"><strong>M<\/strong><strong>oi<\/strong>Ein Einzelunternehmer, der unter dem Status eines<strong>Selbstunternehmer<\/strong>.<\/span><\/p>\n<ul>\n<li>\n<p><span style=\"font-family: Book Antiqua, Palatino; font-size: 120%; color: #000080;\"><strong>Handelsname<\/strong> : 369Agara<\/span><\/p>\n<\/li>\n<li>\n<p><span style=\"font-family: Book Antiqua, Palatino; font-size: 120%; color: #000080;\"><strong>Adresse des Firmensitzes<\/strong> :\u00a0<\/span><br \/><span style=\"font-family: Book Antiqua, Palatino; font-size: 120%; color: #000080;\">XXXXXXXXXXXX<\/span><br \/><span style=\"font-family: Book Antiqua, Palatino; font-size: 120%; color: #000080;\">XXXXXXXXXXXX<\/span><br \/><span style=\"font-family: Book Antiqua, Palatino; font-size: 120%; color: #000080;\">XXXXXXXXXXXX<\/span><\/p>\n<\/li>\n<li>\n<p><span style=\"font-family: Book Antiqua, Palatino; font-size: 120%; color: #000080;\"><strong>SIRET-Nummer<\/strong> : XXXXXXXXXXXXXX<\/span><\/p>\n<\/li>\n<li>\n<p><span style=\"font-family: Book Antiqua, Palatino; font-size: 120%; color: #000080;\"><strong>Mehrwertsteuer nicht anwendbar<\/strong>Art. 293 B des CGI<\/span><\/p>\n<\/li>\n<li>\n<p><span style=\"font-family: Book Antiqua, Palatino; font-size: 120%; color: #000080;\"><strong>E-Mail-Adresse<\/strong> : 369agara@gmail.com<\/span><\/p>\n<\/li>\n<li>\n<p><span style=\"font-family: Book Antiqua, Palatino; font-size: 120%; color: #000080;\"><strong>Telefon<\/strong> : +33 6 59 50 16 05<\/span><\/p>\n<\/li>\n<\/ul>\n<hr \/>\n<h2><span style=\"font-family: Book Antiqua, Palatino; font-size: 120%; color: #000080;\"><strong>Leiter der Ver\u00f6ffentlichung<\/strong><\/span><\/h2>\n<p><span style=\"font-family: Book Antiqua, Palatino; font-size: 120%; color: #000080;\"><strong>Ich<\/strong>als Herausgeber der Website.<\/span><\/p>\n<hr \/>\n<h2><span style=\"font-family: Book Antiqua, Palatino; font-size: 120%; color: #000080;\"><strong>Webhoster der Seite<\/strong><\/span><\/h2>\n<p><span style=\"font-family: Book Antiqua, Palatino; font-size: 120%; color: #000080;\">Die Seite <strong><a style=\"color: #000080;\" href=\"http:\/\/www.369agara.com\/\">www.369agara.com<\/a><\/strong> wird gehostet von :<\/span><br \/><span style=\"font-family: Book Antiqua, Palatino; font-size: 120%; color: #000080;\"><strong>IONOS<\/strong><\/span><\/p>\n<ul>\n<li>\n<p><span style=\"font-family: Book Antiqua, Palatino; font-size: 120%; color: #000080;\"><strong>Firmenname<\/strong> : <\/span><br \/><span style=\"font-family: Book Antiqua, Palatino; font-size: 120%; color: #000080;\">IONOS SARL<\/span><\/p>\n<\/li>\n<li>\n<p><span style=\"font-family: Book Antiqua, Palatino; font-size: 120%; color: #000080;\"><strong>Adresse<\/strong> : <\/span><br \/><span style=\"font-family: Book Antiqua, Palatino; font-size: 120%; color: #000080;\">7, place de la Gare<\/span><br \/><span style=\"font-family: Book Antiqua, Palatino; font-size: 120%; color: #000080;\">BP 70109<\/span><br \/><span style=\"font-family: Book Antiqua, Palatino; font-size: 120%; color: #000080;\">57200 Sarreguemines Cedex, Frankreich<\/span><\/p>\n<\/li>\n<li>\n<p><span style=\"font-family: Book Antiqua, Palatino; font-size: 120%; color: #000080;\"><strong>Kontakt<\/strong> : <\/span><br \/><span style=\"font-family: Book Antiqua, Palatino; font-size: 120%; color: #000080;\">Kundenservice per Telefon rund um die Uhr unter 0970 808 911 (geb\u00fchrenfreier Anruf) oder per E-Mail an folgende Adresse: info@ionos.fr<\/span><\/p>\n<\/li>\n<li>\n<p><span style=\"font-family: Book Antiqua, Palatino; font-size: 120%; color: #000080;\"><strong>Website<\/strong> : <\/span><br \/><span style=\"font-family: Book Antiqua, Palatino; font-size: 120%; color: #000080;\">www.ionos.fr<\/span><\/p>\n<\/li>\n<\/ul>\n<hr \/>\n<h2><span style=\"font-family: Book Antiqua, Palatino; font-size: 120%; color: #000080;\"><strong>Geistiges Eigentum<\/strong><\/span><\/h2>\n<p><span style=\"font-family: Book Antiqua, Palatino; font-size: 120%; color: #000080;\">Der gesamte Inhalt der Seite <strong><a style=\"color: #000080;\" href=\"http:\/\/www.369agara.com\/\">www.369agara.com<\/a><\/strong> (Texte, Bilder, Illustrationen, Logos, Videos, herunterladbare Dateien usw.) ist urheberrechtlich gesch\u00fctzt und bleibt, sofern nicht anders angegeben, das ausschlie\u00dfliche Eigentum seines Herausgebers.<\/span><\/p>\n<p><span style=\"font-family: Book Antiqua, Palatino; font-size: 120%; color: #000080;\">Jede vollst\u00e4ndige oder teilweise Vervielf\u00e4ltigung, Darstellung, Verbreitung oder Verwertung ohne vorherige schriftliche Genehmigung ist untersagt.<\/span><\/p>\n<hr \/>\n<h2><span style=\"font-family: Book Antiqua, Palatino; font-size: 120%; color: #000080;\"><strong>Beschr\u00e4nkung der Haftung<\/strong><\/span><\/h2>\n<p><span style=\"font-family: Book Antiqua, Palatino; font-size: 120%; color: #000080;\">Der Herausgeber der Website haftet weder f\u00fcr Fehler oder Auslassungen in den verbreiteten Informationen noch f\u00fcr die vor\u00fcbergehende Nichtverf\u00fcgbarkeit der Website oder f\u00fcr eventuelle direkte oder indirekte Sch\u00e4den, die sich aus ihrer Nutzung ergeben k\u00f6nnen.<\/span><\/p>\n<hr \/>\n<h2><span style=\"font-family: Book Antiqua, Palatino; font-size: 120%; color: #000080;\"><strong>Pers\u00f6nliche Daten (DSGVO)<\/strong><\/span><\/h2>\n<p><span style=\"font-family: Book Antiqua, Palatino; font-size: 120%; color: #000080;\">Gem\u00e4\u00df dem <strong>Allgemeine Datenschutzverordnung (DSGVO)<\/strong>Die Nutzer haben das Recht, auf ihre personenbezogenen Daten zuzugreifen, sie zu berichtigen, zu l\u00f6schen und zu \u00fcbertragen.<\/span><\/p>\n<p><span style=\"font-family: Book Antiqua, Palatino; font-size: 120%; color: #000080;\">\u00dcber die Website gesammelte Daten <strong><a style=\"color: #000080;\" href=\"http:\/\/www.369agara.com\/\">www.<\/a><a style=\"color: #000080;\" href=\"http:\/\/www.agara.com\/\">369<\/a><a style=\"color: #000080;\" href=\"http:\/\/www.369agara.com\/\">agara.com<\/a><\/strong> werden ausschlie\u00dflich im Rahmen der Gesch\u00e4ftsbeziehung oder zur Verbesserung der Nutzererfahrung verwendet. Es werden keine Daten an Dritte abgetreten oder verkauft.<\/span><\/p>\n<p><span style=\"font-family: Book Antiqua, Palatino; font-size: 120%; color: #000080;\">Um Ihre Rechte auszu\u00fcben, k\u00f6nnen Sie sich an uns wenden unter : <strong>369agara@gmail.com<\/strong><\/span><\/p>\n<hr \/>\n<h2><span style=\"font-family: Book Antiqua, Palatino; font-size: 120%; color: #000080;\"><strong>Cookies<\/strong><\/span><\/h2>\n<p><span style=\"font-family: Book Antiqua, Palatino; font-size: 120%; color: #000080;\">Die Website kann Cookies ablegen, um den reibungslosen Betrieb zu gew\u00e4hrleisten, die Navigation zu verbessern und anonyme Statistiken zu erstellen.<\/span><\/p>\n<p><span style=\"font-family: Book Antiqua, Palatino; font-size: 120%; color: #000080;\">Sie haben die M\u00f6glichkeit, Cookies \u00fcber die Einstellungen Ihres Browsers zu deaktivieren.<\/span><\/p>\n<hr \/>\n<h2><span style=\"font-family: Book Antiqua, Palatino; font-size: 120%; color: #000080;\"><strong>Kredite<\/strong><\/span><\/h2>\n<p><span style=\"font-family: Book Antiqua, Palatino; font-size: 120%; color: #000080;\">Webdesign, Texte und Entwicklung : <strong>Ich<\/strong><\/span><br \/><span style=\"font-family: Book Antiqua, Palatino; font-size: 120%; color: #000080;\">Bilder: lizenzfrei \/ propriet\u00e4r \/ von den Partnern Pexel, La Poste, DPD, Stripe, Choix de Vie, Musique des plantes, Arc En Ciel Innovations, StructWater zur Verf\u00fcgung gestellt.<\/span><\/p>\n\n\t\t<\/div>\n\n\t\t\n<style>\n#section_1813419258 {\n  padding-top: 30px;\n  padding-bottom: 30px;\n}\n#section_1813419258 .ux-shape-divider--top svg {\n  height: 150px;\n  --divider-top-width: 100%;\n}\n#section_1813419258 .ux-shape-divider--bottom svg {\n  height: 150px;\n  --divider-width: 100%;\n}\n<\/style>\n\t<\/section>","protected":false},"excerpt":{"rendered":"","protected":false},"author":1,"featured_media":0,"parent":0,"menu_order":0,"comment_status":"closed","ping_status":"closed","template":"","meta":{"footnotes":""},"class_list":["post-3877","page","type-page","status-publish","hentry"],"yoast_head":"<!-- This site is optimized with the Yoast SEO Premium plugin v25.1 (Yoast SEO v27.4) - https:\/\/yoast.com\/product\/yoast-seo-premium-wordpress\/ -->\n<title>Mentions l\u00e9gales | Agara<\/title>\n<meta name=\"robots\" content=\"index, follow, max-snippet:-1, max-image-preview:large, max-video-preview:-1\" \/>\n<link rel=\"canonical\" href=\"https:\/\/369agara.com\/de\/mentions-legales\/\" \/>\n<meta property=\"og:locale\" content=\"de_DE\" \/>\n<meta property=\"og:type\" content=\"article\" \/>\n<meta property=\"og:title\" content=\"Mentions l\u00e9gales\" \/>\n<meta property=\"og:url\" content=\"https:\/\/369agara.com\/de\/mentions-legales\/\" \/>\n<meta property=\"og:site_name\" content=\"Agara\" \/>\n<meta property=\"article:modified_time\" content=\"2026-02-01T19:42:14+00:00\" \/>\n<meta name=\"twitter:card\" content=\"summary_large_image\" \/>\n<script type=\"application\/ld+json\" class=\"yoast-schema-graph\">{\"@context\":\"https:\\\/\\\/schema.org\",\"@graph\":[{\"@type\":\"WebPage\",\"@id\":\"https:\\\/\\\/369agara.com\\\/mentions-legales\\\/\",\"url\":\"https:\\\/\\\/369agara.com\\\/mentions-legales\\\/\",\"name\":\"Mentions l\u00e9gales | Agara\",\"isPartOf\":{\"@id\":\"https:\\\/\\\/369agara.com\\\/#website\"},\"datePublished\":\"2025-05-14T10:26:02+00:00\",\"dateModified\":\"2026-02-01T19:42:14+00:00\",\"breadcrumb\":{\"@id\":\"https:\\\/\\\/369agara.com\\\/mentions-legales\\\/#breadcrumb\"},\"inLanguage\":\"de\",\"potentialAction\":[{\"@type\":\"ReadAction\",\"target\":[\"https:\\\/\\\/369agara.com\\\/mentions-legales\\\/\"]}]},{\"@type\":\"BreadcrumbList\",\"@id\":\"https:\\\/\\\/369agara.com\\\/mentions-legales\\\/#breadcrumb\",\"itemListElement\":[{\"@type\":\"ListItem\",\"position\":1,\"name\":\"Accueil\",\"item\":\"https:\\\/\\\/369agara.com\\\/\"},{\"@type\":\"ListItem\",\"position\":2,\"name\":\"Mentions l\u00e9gales\"}]},{\"@type\":\"WebSite\",\"@id\":\"https:\\\/\\\/369agara.com\\\/#website\",\"url\":\"https:\\\/\\\/369agara.com\\\/\",\"name\":\"Livsrikedomar\",\"description\":\"D\u00e9connectez pour mieux vous connecter\",\"publisher\":{\"@id\":\"https:\\\/\\\/369agara.com\\\/#organization\"},\"potentialAction\":[{\"@type\":\"SearchAction\",\"target\":{\"@type\":\"EntryPoint\",\"urlTemplate\":\"https:\\\/\\\/369agara.com\\\/?s={search_term_string}\"},\"query-input\":{\"@type\":\"PropertyValueSpecification\",\"valueRequired\":true,\"valueName\":\"search_term_string\"}}],\"inLanguage\":\"de\"},{\"@type\":\"Organization\",\"@id\":\"https:\\\/\\\/369agara.com\\\/#organization\",\"name\":\"EACreations\",\"url\":\"https:\\\/\\\/369agara.com\\\/\",\"logo\":{\"@type\":\"ImageObject\",\"inLanguage\":\"de\",\"@id\":\"https:\\\/\\\/369agara.com\\\/#\\\/schema\\\/logo\\\/image\\\/\",\"url\":\"\",\"contentUrl\":\"\",\"caption\":\"EACreations\"},\"image\":{\"@id\":\"https:\\\/\\\/369agara.com\\\/#\\\/schema\\\/logo\\\/image\\\/\"}}]}<\/script>\n<!-- \/ Yoast SEO Premium plugin. -->","yoast_head_json":{"title":"Mentions l\u00e9gales | Agara","robots":{"index":"index","follow":"follow","max-snippet":"max-snippet:-1","max-image-preview":"max-image-preview:large","max-video-preview":"max-video-preview:-1"},"canonical":"https:\/\/369agara.com\/de\/mentions-legales\/","og_locale":"de_DE","og_type":"article","og_title":"Mentions l\u00e9gales","og_url":"https:\/\/369agara.com\/de\/mentions-legales\/","og_site_name":"Agara","article_modified_time":"2026-02-01T19:42:14+00:00","twitter_card":"summary_large_image","schema":{"@context":"https:\/\/schema.org","@graph":[{"@type":"WebPage","@id":"https:\/\/369agara.com\/mentions-legales\/","url":"https:\/\/369agara.com\/mentions-legales\/","name":"Mentions l\u00e9gales | Agara","isPartOf":{"@id":"https:\/\/369agara.com\/#website"},"datePublished":"2025-05-14T10:26:02+00:00","dateModified":"2026-02-01T19:42:14+00:00","breadcrumb":{"@id":"https:\/\/369agara.com\/mentions-legales\/#breadcrumb"},"inLanguage":"de","potentialAction":[{"@type":"ReadAction","target":["https:\/\/369agara.com\/mentions-legales\/"]}]},{"@type":"BreadcrumbList","@id":"https:\/\/369agara.com\/mentions-legales\/#breadcrumb","itemListElement":[{"@type":"ListItem","position":1,"name":"Accueil","item":"https:\/\/369agara.com\/"},{"@type":"ListItem","position":2,"name":"Mentions l\u00e9gales"}]},{"@type":"WebSite","@id":"https:\/\/369agara.com\/#website","url":"https:\/\/369agara.com\/","name":"Livsrikedomar","description":"Trennen Sie die Verbindung, um sich besser zu verbinden","publisher":{"@id":"https:\/\/369agara.com\/#organization"},"potentialAction":[{"@type":"SearchAction","target":{"@type":"EntryPoint","urlTemplate":"https:\/\/369agara.com\/?s={search_term_string}"},"query-input":{"@type":"PropertyValueSpecification","valueRequired":true,"valueName":"search_term_string"}}],"inLanguage":"de"},{"@type":"Organization","@id":"https:\/\/369agara.com\/#organization","name":"EACreations","url":"https:\/\/369agara.com\/","logo":{"@type":"ImageObject","inLanguage":"de","@id":"https:\/\/369agara.com\/#\/schema\/logo\/image\/","url":"","contentUrl":"","caption":"EACreations"},"image":{"@id":"https:\/\/369agara.com\/#\/schema\/logo\/image\/"}}]}},"jetpack_sharing_enabled":true,"_links":{"self":[{"href":"https:\/\/369agara.com\/de\/wp-json\/wp\/v2\/pages\/3877","targetHints":{"allow":["GET"]}}],"collection":[{"href":"https:\/\/369agara.com\/de\/wp-json\/wp\/v2\/pages"}],"about":[{"href":"https:\/\/369agara.com\/de\/wp-json\/wp\/v2\/types\/page"}],"author":[{"embeddable":true,"href":"https:\/\/369agara.com\/de\/wp-json\/wp\/v2\/users\/1"}],"replies":[{"embeddable":true,"href":"https:\/\/369agara.com\/de\/wp-json\/wp\/v2\/comments?post=3877"}],"version-history":[{"count":4,"href":"https:\/\/369agara.com\/de\/wp-json\/wp\/v2\/pages\/3877\/revisions"}],"predecessor-version":[{"id":4205,"href":"https:\/\/369agara.com\/de\/wp-json\/wp\/v2\/pages\/3877\/revisions\/4205"}],"wp:attachment":[{"href":"https:\/\/369agara.com\/de\/wp-json\/wp\/v2\/media?parent=3877"}],"curies":[{"name":"wp","href":"https:\/\/api.w.org\/{rel}","templated":true}]}}