{"id":3880,"date":"2025-05-14T12:45:57","date_gmt":"2025-05-14T10:45:57","guid":{"rendered":"https:\/\/369agara.com\/?page_id=3880"},"modified":"2025-12-11T16:43:14","modified_gmt":"2025-12-11T15:43:14","slug":"politique-de-confidentialite","status":"publish","type":"page","link":"https:\/\/369agara.com\/de\/politique-de-confidentialite\/","title":{"rendered":"Datenschutzrichtlinie"},"content":{"rendered":"<section class=\"section\" id=\"section_1456506102\">\n\t\t<div class=\"bg section-bg fill bg-fill bg-loaded bg-loaded\" >\n\n\t\t\t\n\t\t\t\n\t\t\t\n\n\t\t<\/div>\n\n\t\t\n\n\t\t<div class=\"section-content relative\">\n\t\t\t\n\n<h1><span style=\"font-family: Book Antiqua, Palatino; font-size: 120%;\"><strong>Datenschutzrichtlinie<\/strong><\/span><\/h1>\n<p><span style=\"font-family: Book Antiqua, Palatino; font-size: 120%;\"><strong>Letzte Aktualisierung: 11.12.2025<\/strong><\/span><\/p>\n<p><span style=\"font-family: Book Antiqua, Palatino; font-size: 120%;\">Diese Datenschutzrichtlinie soll die Nutzer der Website dar\u00fcber informieren, dass <strong><a href=\"http:\/\/www.369agara.com\/\">www.369agara.com<\/a><\/strong> dar\u00fcber, wie ihre personenbezogenen Daten erhoben, verarbeitet, gespeichert und gesch\u00fctzt werden, gem\u00e4\u00df dem <strong>Allgemeine Datenschutzverordnung (GDPR - EU 2016\/679)<\/strong> und dem Gesetz \u00fcber Informatik und Freiheitsrechte.<\/span><\/p>\n<hr \/>\n<h2><span style=\"font-family: Book Antiqua, Palatino; font-size: 120%;\"><strong>1. Verantwortlicher f\u00fcr die Verarbeitung<\/strong><\/span><\/h2>\n<ul>\n<li><span style=\"font-family: Book Antiqua, Palatino; font-size: 120%;\">Der Verantwortliche f\u00fcr die Datenverarbeitung ist :<\/span><br \/><span style=\"font-family: Book Antiqua, Palatino; font-size: 120%;\"><strong>Aur\u00e9lien Louali<\/strong><\/span><\/li>\n<li><span style=\"font-family: Book Antiqua, Palatino; font-size: 120%;\">Selbst\u00e4ndiger Unternehmer, der unter der SIRET-Nummer XXXXXXXXXXXXXXXX registriert ist.<\/span><\/li>\n<li><span style=\"font-family: Book Antiqua, Palatino; font-size: 120%;\">Adresse:<\/span><br \/><span style=\"font-family: Book Antiqua, Palatino; font-size: 120%;\">XXXXXXXXXXXXXXX<\/span><br \/><span style=\"font-family: Book Antiqua, Palatino; font-size: 120%;\">XXXXXXXXXXXXXXX<\/span><br \/><span style=\"font-family: Book Antiqua, Palatino; font-size: 120%;\">XXXXXXXXXXXXXXX<\/span><\/li>\n<li><span style=\"font-family: Book Antiqua, Palatino; font-size: 120%;\">Kontakt-E-Mail: <\/span><br \/><span style=\"font-family: Book Antiqua, Palatino; font-size: 120%;\">369agara@gmail.com<\/span><\/li>\n<\/ul>\n<hr \/>\n<h2><span style=\"font-family: Book Antiqua, Palatino; font-size: 120%;\"><strong>2. Gesammelte Daten<\/strong><\/span><\/h2>\n<p><span style=\"font-family: Book Antiqua, Palatino; font-size: 120%;\">Wir sammeln nur Daten, die notwendig sind, um :<\/span><\/p>\n<ul>\n<li>\n<p><span style=\"font-family: Book Antiqua, Palatino; font-size: 120%;\">Die Verwaltung der Bestellungen und des Kundenservice ;<\/span><\/p>\n<\/li>\n<li>\n<p><span style=\"font-family: Book Antiqua, Palatino; font-size: 120%;\">Die Verbesserung der Navigation auf der Website ;<\/span><\/p>\n<\/li>\n<li>\n<p><span style=\"font-family: Book Antiqua, Palatino; font-size: 120%;\">Das m\u00f6gliche Versenden von personalisierten Mitteilungen (mit Zustimmung).<\/span><\/p>\n<\/li>\n<\/ul>\n<h3><span style=\"font-family: Book Antiqua, Palatino; font-size: 120%;\">Folgende Daten k\u00f6nnen gesammelt werden:<\/span><\/h3>\n<ul>\n<li>\n<p><span style=\"font-family: Book Antiqua, Palatino; font-size: 120%;\">Vorname und Name ;<\/span><\/p>\n<\/li>\n<li>\n<p><span style=\"font-family: Book Antiqua, Palatino; font-size: 120%;\">Postanschrift ;<\/span><\/p>\n<\/li>\n<li>\n<p><span style=\"font-family: Book Antiqua, Palatino; font-size: 120%;\">E-Mail-Adresse ;<\/span><\/p>\n<\/li>\n<li>\n<p><span style=\"font-family: Book Antiqua, Palatino; font-size: 120%;\">Telefonnummer ;<\/span><\/p>\n<\/li>\n<li>\n<p><span style=\"font-family: Book Antiqua, Palatino; font-size: 120%;\">Bestell- und Zahlungsinformationen (\u00fcber Stripe) ;<\/span><\/p>\n<\/li>\n<li>\n<p><span style=\"font-family: Book Antiqua, Palatino; font-size: 120%;\">IP-Adresse und Browserdaten (\u00fcber analytische Cookies) ;<\/span><\/p>\n<\/li>\n<li>\n<p><span style=\"font-family: Book Antiqua, Palatino; font-size: 120%;\">Alle anderen Informationen, die freiwillig \u00fcber unsere Formulare bereitgestellt werden.<\/span><\/p>\n<\/li>\n<\/ul>\n<hr \/>\n<h2><span style=\"font-family: Book Antiqua, Palatino; font-size: 120%;\"><strong>3. Zweck der Verarbeitung<\/strong><\/span><\/h2>\n<p><span style=\"font-family: Book Antiqua, Palatino; font-size: 120%;\">Ihre Daten werden zu folgenden Zwecken verarbeitet:<\/span><\/p>\n<ul>\n<li>\n<p><span style=\"font-family: Book Antiqua, Palatino; font-size: 120%;\">Auftragsbearbeitung ;<\/span><\/p>\n<\/li>\n<li>\n<p><span style=\"font-family: Book Antiqua, Palatino; font-size: 120%;\">Rechnungsstellung ;<\/span><\/p>\n<\/li>\n<li>\n<p><span style=\"font-family: Book Antiqua, Palatino; font-size: 120%;\">Lieferung der Produkte ;<\/span><\/p>\n<\/li>\n<li>\n<p><span style=\"font-family: Book Antiqua, Palatino; font-size: 120%;\">Beantwortung von Anfragen \u00fcber das Kontaktformular ;<\/span><\/p>\n<\/li>\n<li>\n<p><span style=\"font-family: Book Antiqua, Palatino; font-size: 120%;\">Anonymisierte Besucherstatistiken ;<\/span><\/p>\n<\/li>\n<li>\n<p><span style=\"font-family: Book Antiqua, Palatino; font-size: 120%;\">Sicherung des Standorts.<\/span><\/p>\n<\/li>\n<\/ul>\n<p><span style=\"font-family: Book Antiqua, Palatino; font-size: 120%;\">Ohne Ihre ausdr\u00fcckliche Zustimmung werden keine Daten f\u00fcr Werbezwecke verwendet.<\/span><\/p>\n<hr \/>\n<h2><span style=\"font-family: Book Antiqua, Palatino; font-size: 120%;\"><strong>4. Rechtsgrundlage der Verarbeitung<\/strong><\/span><\/h2>\n<p><span style=\"font-family: Book Antiqua, Palatino; font-size: 120%;\">Die Daten werden auf der Grundlage :<\/span><\/p>\n<ul>\n<li>\n<p><span style=\"font-family: Book Antiqua, Palatino; font-size: 120%;\">Von <strong>Vertrag<\/strong> : Ausf\u00fchrung Ihrer Bestellungen ;<\/span><\/p>\n<\/li>\n<li>\n<p><span style=\"font-family: Book Antiqua, Palatino; font-size: 120%;\">Von <strong>Zustimmung<\/strong> : Versand von Marketingmitteilungen oder Newslettern (Opt-in) ;<\/span><\/p>\n<\/li>\n<li>\n<p><span style=\"font-family: Book Antiqua, Palatino; font-size: 120%;\">Aus dem<strong>gesetzliche Verpflichtung<\/strong> : Aufbewahrung von Rechnungen, Betrugsbek\u00e4mpfung ;<\/span><\/p>\n<\/li>\n<li>\n<p><span style=\"font-family: Book Antiqua, Palatino; font-size: 120%;\">Aus dem<strong>legitimes Interesse<\/strong> : Verbesserung der Nutzererfahrung.<\/span><\/p>\n<\/li>\n<\/ul>\n<hr \/>\n<h2><span style=\"font-family: Book Antiqua, Palatino; font-size: 120%;\"><strong>5. Dauer der Speicherung der Daten<\/strong><\/span><\/h2>\n<p><span style=\"font-family: Book Antiqua, Palatino; font-size: 120%;\">Ihre pers\u00f6nlichen Daten werden aufbewahrt f\u00fcr :<\/span><\/p>\n<ul>\n<li>\n<p><span style=\"font-family: Book Antiqua, Palatino; font-size: 120%;\">Die f\u00fcr die Ausf\u00fchrung der Bestellung und des Kundenservice erforderliche Zeit ;<\/span><\/p>\n<\/li>\n<li>\n<p><span style=\"font-family: Book Antiqua, Palatino; font-size: 120%;\">Bis zu 3 Jahre nach der letzten gesch\u00e4ftlichen Interaktion f\u00fcr Zwecke der Kundenbetreuung ;<\/span><\/p>\n<\/li>\n<li>\n<p><span style=\"font-family: Book Antiqua, Palatino; font-size: 120%;\">10 Jahre f\u00fcr Buchhaltungsdaten gem\u00e4\u00df den steuerlichen Verpflichtungen.<\/span><\/p>\n<\/li>\n<\/ul>\n<hr \/>\n<h2><span style=\"font-family: Book Antiqua, Palatino; font-size: 120%;\"><strong>6. Empf\u00e4nger der Daten<\/strong><\/span><\/h2>\n<p><span style=\"font-family: Book Antiqua, Palatino; font-size: 120%;\">Ihre pers\u00f6nlichen Daten sind streng zug\u00e4nglich :<\/span><\/p>\n<ul>\n<li>\n<p><span style=\"font-family: Book Antiqua, Palatino; font-size: 120%;\">An den Herausgeber der Seite <strong><a href=\"http:\/\/www.369agara.com\/\">www.369agara.com<\/a><\/strong> und ggf. an seine Teammitglieder ;<\/span><\/p>\n<\/li>\n<li>\n<p><span style=\"font-family: Book Antiqua, Palatino; font-size: 120%;\">An technische und kommerzielle Dienstleister im Rahmen der Ausf\u00fchrung Ihrer Bestellung :<\/span><\/p>\n<ul>\n<li>\n<p><span style=\"font-family: Book Antiqua, Palatino; font-size: 120%;\"><strong>Stripe<\/strong> (Verwaltung von sicheren Online-Zahlungen),<\/span><\/p>\n<\/li>\n<li>\n<p><span style=\"font-family: Book Antiqua, Palatino; font-size: 120%;\"><strong>Die Post<\/strong> und <strong>DPD<\/strong> (Lieferdienste, auch international),<\/span><\/p>\n<\/li>\n<li>\n<p><span style=\"font-family: Book Antiqua, Palatino; font-size: 120%;\">Die <strong>Lieferanten Partner<\/strong>(2) Die Mitgliedstaaten k\u00f6nnen die Kosten f\u00fcr den Versand von Waren, die direkt von ihnen versendet werden, \u00fcbernehmen:<\/span><\/p>\n<ul>\n<li>\n<p><span style=\"font-family: Book Antiqua, Palatino; font-size: 120%;\"><strong>Musik der Pflanzen<\/strong>,<\/span><\/p>\n<\/li>\n<li>\n<p><span style=\"font-family: Book Antiqua, Palatino; font-size: 120%;\"><strong>Lebensentscheidungen<\/strong>,<\/span><\/p>\n<\/li>\n<li>\n<p><span style=\"font-family: Book Antiqua, Palatino; font-size: 120%;\"><strong>Arc En Ciel Innovations<\/strong>,<\/span><\/p>\n<\/li>\n<li>\n<p><span style=\"font-family: Book Antiqua, Palatino; font-size: 120%;\"><strong>StructWater<\/strong>.<\/span><\/p>\n<\/li>\n<\/ul>\n<\/li>\n<\/ul>\n<\/li>\n<\/ul>\n<p><span style=\"font-family: Book Antiqua, Palatino; font-size: 120%;\">Diese Empf\u00e4nger haben nur Zugang zu den Daten, die f\u00fcr die ordnungsgem\u00e4\u00dfe Ausf\u00fchrung ihrer Dienstleistungen (Vorbereitung, Versand, Rechnungsstellung) erforderlich sind. Jeder dieser Empf\u00e4nger verpflichtet sich, die Vertraulichkeit der personenbezogenen Daten gem\u00e4\u00df den geltenden Vorschriften zu wahren.<\/span><\/p>\n<p><span style=\"font-family: Book Antiqua, Palatino; font-size: 120%;\">Der Herausgeber der Website verkauft nicht weiter <strong>in keinem Fall<\/strong> Ihre Daten an Dritte zu kommerziellen Zwecken weitergeben.<\/span><\/p>\n<hr \/>\n<h2><span style=\"font-family: Book Antiqua, Palatino; font-size: 120%;\"><strong>7. Sicherheit der Daten<\/strong><\/span><\/h2>\n<p><span style=\"font-family: Book Antiqua, Palatino; font-size: 120%;\">Wir setzen alle notwendigen Sicherheitsma\u00dfnahmen (sicheres Hosting, Firewall, SSL-Verschl\u00fcsselung, Zugriffsschutz) ein, um die Vertraulichkeit und Integrit\u00e4t Ihrer Daten zu gew\u00e4hrleisten.<\/span><\/p>\n<hr \/>\n<h2><span style=\"font-family: Book Antiqua, Palatino; font-size: 120%;\"><strong>8. Ihre Rechte<\/strong><\/span><\/h2>\n<p><span style=\"font-family: Book Antiqua, Palatino; font-size: 120%;\">Gem\u00e4\u00df der geltenden Gesetzgebung haben Sie folgende Rechte:<\/span><\/p>\n<ul>\n<li>\n<p><span style=\"font-family: Book Antiqua, Palatino; font-size: 120%;\"><strong>Recht auf Zugang<\/strong> zu Ihren Daten ;<\/span><\/p>\n<\/li>\n<li>\n<p><span style=\"font-family: Book Antiqua, Palatino; font-size: 120%;\"><strong>Recht auf Berichtigung<\/strong> Ihrer Daten ;<\/span><\/p>\n<\/li>\n<li>\n<p><span style=\"font-family: Book Antiqua, Palatino; font-size: 120%;\"><strong>Recht auf L\u00f6schung<\/strong> (\"Recht auf Vergessen\") ;<\/span><\/p>\n<\/li>\n<li>\n<p><span style=\"font-family: Book Antiqua, Palatino; font-size: 120%;\"><strong>Recht auf Einschr\u00e4nkung der Verarbeitung<\/strong> ;<\/span><\/p>\n<\/li>\n<li>\n<p><span style=\"font-family: Book Antiqua, Palatino; font-size: 120%;\"><strong>Recht auf \u00dcbertragbarkeit<\/strong> ;<\/span><\/p>\n<\/li>\n<li>\n<p><span style=\"font-family: Book Antiqua, Palatino; font-size: 120%;\"><strong>Recht auf Widerspruch<\/strong>Dies gilt auch f\u00fcr die kommerzielle Werbung;<\/span><\/p>\n<\/li>\n<li>\n<p><span style=\"font-family: Book Antiqua, Palatino; font-size: 120%;\"><strong>Recht, Ihre Zustimmung jederzeit zu widerrufen<\/strong>.<\/span><\/p>\n<\/li>\n<\/ul>\n<p><span style=\"font-family: Book Antiqua, Palatino; font-size: 120%;\">Um Ihre Rechte auszu\u00fcben, kontaktieren Sie uns einfach per E-Mail an :<\/span><br \/><span style=\"font-family: Book Antiqua, Palatino; font-size: 120%;\">agara@gmail.com<\/span><br \/><span style=\"font-family: Book Antiqua, Palatino; font-size: 120%;\">Wir verpflichten uns, innerhalb von h\u00f6chstens 30 Tagen zu antworten.<\/span><\/p>\n<hr \/>\n<h2><span style=\"font-family: Book Antiqua, Palatino; font-size: 120%;\"><strong>9. Cookies<\/strong><\/span><\/h2>\n<p><span style=\"font-family: Book Antiqua, Palatino; font-size: 120%;\">Die Seite verwendet <strong>Cookies<\/strong> die f\u00fcr das reibungslose Funktionieren der Website und die statistische Analyse des Datenverkehrs erforderlich sind.<\/span><br \/><span style=\"font-family: Book Antiqua, Palatino; font-size: 120%;\">Sie k\u00f6nnen nicht-essentielle Cookies von dem daf\u00fcr vorgesehenen Banner aus bei Ihrem ersten Besuch annehmen oder ablehnen.<\/span><\/p>\n<hr \/>\n<h2><span style=\"font-family: Book Antiqua, Palatino; font-size: 120%;\"><strong>10. Transfers au\u00dferhalb der EU<\/strong><\/span><\/h2>\n<p><span style=\"font-family: Book Antiqua, Palatino; font-size: 120%;\">Es werden keine personenbezogenen Daten in ein Land au\u00dferhalb der Europ\u00e4ischen Union \u00fcbertragen, es sei denn, dies ist aufgrund eines Dienstleisters (z. B. Stripe) erforderlich; in diesem Fall wird diese \u00dcbertragung von Vertragsklauseln begleitet, die mit der DSGVO \u00fcbereinstimmen.<\/span><\/p>\n<hr \/>\n<h2><span style=\"font-family: Book Antiqua, Palatino; font-size: 120%;\"><strong>11. \u00c4nderungen der Datenschutzrichtlinie<\/strong><\/span><\/h2>\n<p><span style=\"font-family: Book Antiqua, Palatino; font-size: 120%;\">Wir behalten uns das Recht vor, diese Richtlinie jederzeit zu \u00e4ndern.<\/span><br \/><span style=\"font-family: Book Antiqua, Palatino; font-size: 120%;\">Die Nutzer werden \u00fcber alle Aktualisierungen durch eine Benachrichtigung auf der Website oder per E-Mail, falls zutreffend, informiert.<\/span><\/p>\n<hr \/>\n<h2><span style=\"font-family: Book Antiqua, Palatino; font-size: 120%;\"><strong>12. Kontakt<\/strong><\/span><\/h2>\n<p><span style=\"font-family: Book Antiqua, Palatino; font-size: 120%;\">Wenn Sie Fragen zu dieser Richtlinie oder zu Ihren pers\u00f6nlichen Daten haben, k\u00f6nnen Sie uns unter : 369agara@gmail.com<\/span><\/p>\n\n\t\t<\/div>\n\n\t\t\n<style>\n#section_1456506102 {\n  padding-top: 30px;\n  padding-bottom: 30px;\n}\n#section_1456506102 .ux-shape-divider--top svg {\n  height: 150px;\n  --divider-top-width: 100%;\n}\n#section_1456506102 .ux-shape-divider--bottom svg {\n  height: 150px;\n  --divider-width: 100%;\n}\n<\/style>\n\t<\/section>","protected":false},"excerpt":{"rendered":"","protected":false},"author":1,"featured_media":0,"parent":0,"menu_order":0,"comment_status":"closed","ping_status":"closed","template":"","meta":{"footnotes":""},"class_list":["post-3880","page","type-page","status-publish","hentry"],"yoast_head":"<!-- This site is optimized with the Yoast SEO Premium plugin v25.1 (Yoast SEO v27.4) - https:\/\/yoast.com\/product\/yoast-seo-premium-wordpress\/ -->\n<title>Politique de confidentialit\u00e9 | Agara<\/title>\n<meta name=\"robots\" content=\"index, follow, max-snippet:-1, max-image-preview:large, max-video-preview:-1\" \/>\n<link rel=\"canonical\" href=\"https:\/\/369agara.com\/de\/politique-de-confidentialite\/\" \/>\n<meta property=\"og:locale\" content=\"de_DE\" \/>\n<meta property=\"og:type\" content=\"article\" \/>\n<meta property=\"og:title\" content=\"Politique de confidentialit\u00e9\" \/>\n<meta property=\"og:url\" content=\"https:\/\/369agara.com\/de\/politique-de-confidentialite\/\" \/>\n<meta property=\"og:site_name\" content=\"Agara\" \/>\n<meta property=\"article:modified_time\" content=\"2025-12-11T15:43:14+00:00\" \/>\n<meta name=\"twitter:card\" content=\"summary_large_image\" \/>\n<script type=\"application\/ld+json\" class=\"yoast-schema-graph\">{\"@context\":\"https:\\\/\\\/schema.org\",\"@graph\":[{\"@type\":\"WebPage\",\"@id\":\"https:\\\/\\\/369agara.com\\\/politique-de-confidentialite\\\/\",\"url\":\"https:\\\/\\\/369agara.com\\\/politique-de-confidentialite\\\/\",\"name\":\"Politique de confidentialit\u00e9 | Agara\",\"isPartOf\":{\"@id\":\"https:\\\/\\\/369agara.com\\\/#website\"},\"datePublished\":\"2025-05-14T10:45:57+00:00\",\"dateModified\":\"2025-12-11T15:43:14+00:00\",\"breadcrumb\":{\"@id\":\"https:\\\/\\\/369agara.com\\\/politique-de-confidentialite\\\/#breadcrumb\"},\"inLanguage\":\"de\",\"potentialAction\":[{\"@type\":\"ReadAction\",\"target\":[\"https:\\\/\\\/369agara.com\\\/politique-de-confidentialite\\\/\"]}]},{\"@type\":\"BreadcrumbList\",\"@id\":\"https:\\\/\\\/369agara.com\\\/politique-de-confidentialite\\\/#breadcrumb\",\"itemListElement\":[{\"@type\":\"ListItem\",\"position\":1,\"name\":\"Accueil\",\"item\":\"https:\\\/\\\/369agara.com\\\/\"},{\"@type\":\"ListItem\",\"position\":2,\"name\":\"Politique de confidentialit\u00e9\"}]},{\"@type\":\"WebSite\",\"@id\":\"https:\\\/\\\/369agara.com\\\/#website\",\"url\":\"https:\\\/\\\/369agara.com\\\/\",\"name\":\"Livsrikedomar\",\"description\":\"D\u00e9connectez pour mieux vous connecter\",\"publisher\":{\"@id\":\"https:\\\/\\\/369agara.com\\\/#organization\"},\"potentialAction\":[{\"@type\":\"SearchAction\",\"target\":{\"@type\":\"EntryPoint\",\"urlTemplate\":\"https:\\\/\\\/369agara.com\\\/?s={search_term_string}\"},\"query-input\":{\"@type\":\"PropertyValueSpecification\",\"valueRequired\":true,\"valueName\":\"search_term_string\"}}],\"inLanguage\":\"de\"},{\"@type\":\"Organization\",\"@id\":\"https:\\\/\\\/369agara.com\\\/#organization\",\"name\":\"EACreations\",\"url\":\"https:\\\/\\\/369agara.com\\\/\",\"logo\":{\"@type\":\"ImageObject\",\"inLanguage\":\"de\",\"@id\":\"https:\\\/\\\/369agara.com\\\/#\\\/schema\\\/logo\\\/image\\\/\",\"url\":\"\",\"contentUrl\":\"\",\"caption\":\"EACreations\"},\"image\":{\"@id\":\"https:\\\/\\\/369agara.com\\\/#\\\/schema\\\/logo\\\/image\\\/\"}}]}<\/script>\n<!-- \/ Yoast SEO Premium plugin. -->","yoast_head_json":{"title":"Datenschutzrichtlinie | Agara","robots":{"index":"index","follow":"follow","max-snippet":"max-snippet:-1","max-image-preview":"max-image-preview:large","max-video-preview":"max-video-preview:-1"},"canonical":"https:\/\/369agara.com\/de\/politique-de-confidentialite\/","og_locale":"de_DE","og_type":"article","og_title":"Politique de confidentialit\u00e9","og_url":"https:\/\/369agara.com\/de\/politique-de-confidentialite\/","og_site_name":"Agara","article_modified_time":"2025-12-11T15:43:14+00:00","twitter_card":"summary_large_image","schema":{"@context":"https:\/\/schema.org","@graph":[{"@type":"WebPage","@id":"https:\/\/369agara.com\/politique-de-confidentialite\/","url":"https:\/\/369agara.com\/politique-de-confidentialite\/","name":"Datenschutzrichtlinie | Agara","isPartOf":{"@id":"https:\/\/369agara.com\/#website"},"datePublished":"2025-05-14T10:45:57+00:00","dateModified":"2025-12-11T15:43:14+00:00","breadcrumb":{"@id":"https:\/\/369agara.com\/politique-de-confidentialite\/#breadcrumb"},"inLanguage":"de","potentialAction":[{"@type":"ReadAction","target":["https:\/\/369agara.com\/politique-de-confidentialite\/"]}]},{"@type":"BreadcrumbList","@id":"https:\/\/369agara.com\/politique-de-confidentialite\/#breadcrumb","itemListElement":[{"@type":"ListItem","position":1,"name":"Accueil","item":"https:\/\/369agara.com\/"},{"@type":"ListItem","position":2,"name":"Politique de confidentialit\u00e9"}]},{"@type":"WebSite","@id":"https:\/\/369agara.com\/#website","url":"https:\/\/369agara.com\/","name":"Livsrikedomar","description":"Trennen Sie die Verbindung, um sich besser zu verbinden","publisher":{"@id":"https:\/\/369agara.com\/#organization"},"potentialAction":[{"@type":"SearchAction","target":{"@type":"EntryPoint","urlTemplate":"https:\/\/369agara.com\/?s={search_term_string}"},"query-input":{"@type":"PropertyValueSpecification","valueRequired":true,"valueName":"search_term_string"}}],"inLanguage":"de"},{"@type":"Organization","@id":"https:\/\/369agara.com\/#organization","name":"EACreations","url":"https:\/\/369agara.com\/","logo":{"@type":"ImageObject","inLanguage":"de","@id":"https:\/\/369agara.com\/#\/schema\/logo\/image\/","url":"","contentUrl":"","caption":"EACreations"},"image":{"@id":"https:\/\/369agara.com\/#\/schema\/logo\/image\/"}}]}},"jetpack_sharing_enabled":true,"_links":{"self":[{"href":"https:\/\/369agara.com\/de\/wp-json\/wp\/v2\/pages\/3880","targetHints":{"allow":["GET"]}}],"collection":[{"href":"https:\/\/369agara.com\/de\/wp-json\/wp\/v2\/pages"}],"about":[{"href":"https:\/\/369agara.com\/de\/wp-json\/wp\/v2\/types\/page"}],"author":[{"embeddable":true,"href":"https:\/\/369agara.com\/de\/wp-json\/wp\/v2\/users\/1"}],"replies":[{"embeddable":true,"href":"https:\/\/369agara.com\/de\/wp-json\/wp\/v2\/comments?post=3880"}],"version-history":[{"count":4,"href":"https:\/\/369agara.com\/de\/wp-json\/wp\/v2\/pages\/3880\/revisions"}],"predecessor-version":[{"id":4202,"href":"https:\/\/369agara.com\/de\/wp-json\/wp\/v2\/pages\/3880\/revisions\/4202"}],"wp:attachment":[{"href":"https:\/\/369agara.com\/de\/wp-json\/wp\/v2\/media?parent=3880"}],"curies":[{"name":"wp","href":"https:\/\/api.w.org\/{rel}","templated":true}]}}