{"id":1505,"date":"2023-04-08T16:34:24","date_gmt":"2023-04-08T14:34:24","guid":{"rendered":"https:\/\/369agara.com\/?post_type=product&#038;p=1505"},"modified":"2025-09-13T16:53:56","modified_gmt":"2025-09-13T14:53:56","slug":"programme-bambou-control-v110","status":"publish","type":"product","link":"https:\/\/369agara.com\/de\/produkt\/programme-bambou-control-v110\/","title":{"rendered":"Programm Bambus Control V110 (entmaterialisiert)"},"content":{"rendered":"<h3><span style=\"font-family: 'Book Antiqua', Palatino; font-size: 120%; color: #333399;\">Das Programm bietet folgende Funktionen:<\/span><\/h3>\n<ul>\n<li><span style=\"font-family: 'Book Antiqua', Palatino; font-size: 120%; color: #333399;\">Aktualisieren Sie Ihren Bambus mit der neuesten Firmware (falls vorhanden).<\/span><\/li>\n<li><span style=\"font-family: 'Book Antiqua', Palatino; font-size: 120%; color: #333399;\">\u00dcberpr\u00fcfen Sie alle allgemeinen Ger\u00e4te und Audioeinstellungen<\/span><\/li>\n<li><span style=\"font-family: 'Book Antiqua', Palatino; font-size: 120%; color: #333399;\">Daten von der SDHC-Karte auf den PC \u00fcbertragen<\/span><\/li>\n<li><span style=\"font-family: 'Book Antiqua', Palatino; font-size: 120%; color: #333399;\">Live-Aufnahmen \u00fcber USB direkt am PC durchf\u00fchren<\/span><\/li>\n<li><span style=\"font-family: 'Book Antiqua', Palatino; font-size: 120%; color: #333399;\">Visualisieren Sie die elektrischen Signale Ihrer Pflanze zu Forschungszwecken<\/span><\/li>\n<\/ul>","protected":false},"excerpt":{"rendered":"<p><span style=\"font-family: 'Book Antiqua', Palatino; font-size: 120%; color: #333399;\">Bambus Control Software ist eine revolution\u00e4re Software, die es Ihnen erm\u00f6glicht, die elektrischen Signale der Pflanze in Echtzeit zu visualisieren. Dadurch k\u00f6nnen Sie das Verhalten der Pflanzen kontrollieren und verstehen.\u00a0<\/span><\/p>\n<p><span style=\"font-family: 'Book Antiqua', Palatino; font-size: 120%; color: #333399;\">Dies ist eine au\u00dfergew\u00f6hnliche Er\u00f6ffnung einer neuen \u00c4ra der Pflanzenforschung, nicht nur f\u00fcr wissenschaftliche Labore, sondern f\u00fcr alle Enthusiasten, die mehr \u00fcber die Pflanzenwelt erfahren m\u00f6chten.\u00a0<\/span><\/p>\n<p><span style=\"font-family: 'Book Antiqua', Palatino; font-size: 120%; color: #333399;\">Es wird derzeit nur f\u00fcr Windows-PCs entwickelt.\u00a0<\/span><\/p>\n<p><span style=\"font-family: 'Book Antiqua', Palatino; font-size: 120%; color: #333399;\">Es kann nur mit einem Bambus-Ger\u00e4t mit einem f\u00fcr das Bambus-Ger\u00e4t geeigneten USB-Kabel (am besten mit dem Ger\u00e4t mitgeliefert) verwendet werden.<\/span><\/p>","protected":false},"featured_media":2761,"comment_status":"open","ping_status":"closed","template":"","meta":[],"product_brand":[270],"product_cat":[141],"product_tag":[271,272],"class_list":{"0":"post-1505","1":"product","2":"type-product","3":"status-publish","4":"has-post-thumbnail","6":"product_brand-musique-des-plantes","7":"product_cat-musique-des-plantes","8":"product_tag-bien-etre","9":"product_tag-therapie","11":"first","12":"instock","13":"sale","14":"downloadable","15":"sold-individually","16":"taxable","17":"shipping-taxable","18":"purchasable","19":"product-type-simple"},"yoast_head":"<!-- This site is optimized with the Yoast SEO Premium plugin v25.1 (Yoast SEO v27.6) - https:\/\/yoast.com\/product\/yoast-seo-premium-wordpress\/ -->\n<title>Programme Bambou Control V110 (d\u00e9mat\u00e9rialis\u00e9) | Agara<\/title>\n<meta name=\"description\" content=\"Bambou Control Software est un logiciel r\u00e9volutionnaire qui vous permet de visualiser les signaux \u00e9lectriques de la plante en temps r\u00e9el. Cela vous permet de contr\u00f4ler et de comprendre le comportement des plantes.\u00a0Il s\u2019agit d\u2019une ouverture extraordinaire d\u2019une nouvelle \u00e8re de recherche sur les plantes, non seulement pour les laboratoires scientifiques mais pour tous les passionn\u00e9s d\u00e9sireux d\u2019en d\u00e9couvrir davantage sur le monde v\u00e9g\u00e9tal.\u00a0Il est actuellement d\u00e9velopp\u00e9 uniquement pour les PC Windows.\u00a0Il ne peut \u00eatre utilis\u00e9 qu&#039;avec un appareil Bambou avec un c\u00e2ble USB adapt\u00e9 \u00e0 l&#039;appareil Bambou (de pr\u00e9f\u00e9rence inclus avec l&#039;appareil).\" \/>\n<meta name=\"robots\" content=\"index, follow, max-snippet:-1, max-image-preview:large, max-video-preview:-1\" \/>\n<link rel=\"canonical\" href=\"https:\/\/369agara.com\/de\/produkt\/programme-bambou-control-v110\/\" \/>\n<meta property=\"og:locale\" content=\"de_DE\" \/>\n<meta property=\"og:type\" content=\"article\" \/>\n<meta property=\"og:title\" content=\"Programme Bambou Control V110 (d\u00e9mat\u00e9rialis\u00e9)\" \/>\n<meta property=\"og:description\" content=\"Bambou Control Software est un logiciel r\u00e9volutionnaire qui vous permet de visualiser les signaux \u00e9lectriques de la plante en temps r\u00e9el. Cela vous permet de contr\u00f4ler et de comprendre le comportement des plantes.\u00a0Il s\u2019agit d\u2019une ouverture extraordinaire d\u2019une nouvelle \u00e8re de recherche sur les plantes, non seulement pour les laboratoires scientifiques mais pour tous les passionn\u00e9s d\u00e9sireux d\u2019en d\u00e9couvrir davantage sur le monde v\u00e9g\u00e9tal.\u00a0Il est actuellement d\u00e9velopp\u00e9 uniquement pour les PC Windows.\u00a0Il ne peut \u00eatre utilis\u00e9 qu&#039;avec un appareil Bambou avec un c\u00e2ble USB adapt\u00e9 \u00e0 l&#039;appareil Bambou (de pr\u00e9f\u00e9rence inclus avec l&#039;appareil).\" \/>\n<meta property=\"og:url\" content=\"https:\/\/369agara.com\/de\/produkt\/programme-bambou-control-v110\/\" \/>\n<meta property=\"og:site_name\" content=\"Agara\" \/>\n<meta property=\"article:modified_time\" content=\"2025-09-13T14:53:56+00:00\" \/>\n<meta property=\"og:image\" content=\"https:\/\/369agara.com\/wp-content\/uploads\/2023\/06\/Program.png\" \/>\n\t<meta property=\"og:image:width\" content=\"1000\" \/>\n\t<meta property=\"og:image:height\" content=\"974\" \/>\n\t<meta property=\"og:image:type\" content=\"image\/png\" \/>\n<meta name=\"twitter:card\" content=\"summary_large_image\" \/>\n<meta name=\"twitter:label1\" content=\"Gesch\u00e4tzte Lesezeit\" \/>\n\t<meta name=\"twitter:data1\" content=\"1\u00a0Minute\" \/>\n<script type=\"application\/ld+json\" class=\"yoast-schema-graph\">{\"@context\":\"https:\\\/\\\/schema.org\",\"@graph\":[{\"@type\":\"WebPage\",\"@id\":\"https:\\\/\\\/369agara.com\\\/produit\\\/programme-bambou-control-v110\\\/\",\"url\":\"https:\\\/\\\/369agara.com\\\/produit\\\/programme-bambou-control-v110\\\/\",\"name\":\"Programme Bambou Control V110 (d\u00e9mat\u00e9rialis\u00e9) | Agara\",\"isPartOf\":{\"@id\":\"https:\\\/\\\/369agara.com\\\/#website\"},\"primaryImageOfPage\":{\"@id\":\"https:\\\/\\\/369agara.com\\\/produit\\\/programme-bambou-control-v110\\\/#primaryimage\"},\"image\":{\"@id\":\"https:\\\/\\\/369agara.com\\\/produit\\\/programme-bambou-control-v110\\\/#primaryimage\"},\"thumbnailUrl\":\"https:\\\/\\\/369agara.com\\\/wp-content\\\/uploads\\\/2023\\\/06\\\/Program.png\",\"datePublished\":\"2023-04-08T14:34:24+00:00\",\"dateModified\":\"2025-09-13T14:53:56+00:00\",\"description\":\"Bambou Control Software est un logiciel r\u00e9volutionnaire qui vous permet de visualiser les signaux \u00e9lectriques de la plante en temps r\u00e9el. Cela vous permet de contr\u00f4ler et de comprendre le comportement des plantes.\u00a0Il s\u2019agit d\u2019une ouverture extraordinaire d\u2019une nouvelle \u00e8re de recherche sur les plantes, non seulement pour les laboratoires scientifiques mais pour tous les passionn\u00e9s d\u00e9sireux d\u2019en d\u00e9couvrir davantage sur le monde v\u00e9g\u00e9tal.\u00a0Il est actuellement d\u00e9velopp\u00e9 uniquement pour les PC Windows.\u00a0Il ne peut \u00eatre utilis\u00e9 qu'avec un appareil Bambou avec un c\u00e2ble USB adapt\u00e9 \u00e0 l'appareil Bambou (de pr\u00e9f\u00e9rence inclus avec l'appareil).\",\"breadcrumb\":{\"@id\":\"https:\\\/\\\/369agara.com\\\/produit\\\/programme-bambou-control-v110\\\/#breadcrumb\"},\"inLanguage\":\"de\",\"potentialAction\":[{\"@type\":\"ReadAction\",\"target\":[\"https:\\\/\\\/369agara.com\\\/produit\\\/programme-bambou-control-v110\\\/\"]}]},{\"@type\":\"ImageObject\",\"inLanguage\":\"de\",\"@id\":\"https:\\\/\\\/369agara.com\\\/produit\\\/programme-bambou-control-v110\\\/#primaryimage\",\"url\":\"https:\\\/\\\/369agara.com\\\/wp-content\\\/uploads\\\/2023\\\/06\\\/Program.png\",\"contentUrl\":\"https:\\\/\\\/369agara.com\\\/wp-content\\\/uploads\\\/2023\\\/06\\\/Program.png\",\"width\":1000,\"height\":974},{\"@type\":\"BreadcrumbList\",\"@id\":\"https:\\\/\\\/369agara.com\\\/produit\\\/programme-bambou-control-v110\\\/#breadcrumb\",\"itemListElement\":[{\"@type\":\"ListItem\",\"position\":1,\"name\":\"Accueil\",\"item\":\"https:\\\/\\\/369agara.com\\\/\"},{\"@type\":\"ListItem\",\"position\":2,\"name\":\"La boutique\",\"item\":\"https:\\\/\\\/369agara.com\\\/la-boutique\\\/\"},{\"@type\":\"ListItem\",\"position\":3,\"name\":\"Programme Bambou Control V110 (d\u00e9mat\u00e9rialis\u00e9)\"}]},{\"@type\":\"WebSite\",\"@id\":\"https:\\\/\\\/369agara.com\\\/#website\",\"url\":\"https:\\\/\\\/369agara.com\\\/\",\"name\":\"Livsrikedomar\",\"description\":\"D\u00e9connectez pour mieux vous connecter\",\"publisher\":{\"@id\":\"https:\\\/\\\/369agara.com\\\/#organization\"},\"potentialAction\":[{\"@type\":\"SearchAction\",\"target\":{\"@type\":\"EntryPoint\",\"urlTemplate\":\"https:\\\/\\\/369agara.com\\\/?s={search_term_string}\"},\"query-input\":{\"@type\":\"PropertyValueSpecification\",\"valueRequired\":true,\"valueName\":\"search_term_string\"}}],\"inLanguage\":\"de\"},{\"@type\":\"Organization\",\"@id\":\"https:\\\/\\\/369agara.com\\\/#organization\",\"name\":\"EACreations\",\"url\":\"https:\\\/\\\/369agara.com\\\/\",\"logo\":{\"@type\":\"ImageObject\",\"inLanguage\":\"de\",\"@id\":\"https:\\\/\\\/369agara.com\\\/#\\\/schema\\\/logo\\\/image\\\/\",\"url\":\"\",\"contentUrl\":\"\",\"caption\":\"EACreations\"},\"image\":{\"@id\":\"https:\\\/\\\/369agara.com\\\/#\\\/schema\\\/logo\\\/image\\\/\"}}]}<\/script>\n<!-- \/ Yoast SEO Premium plugin. -->","yoast_head_json":{"title":"Programme Bambou Control V110 (d\u00e9mat\u00e9rialis\u00e9) | Agara","description":"Bambou Control Software est un logiciel r\u00e9volutionnaire qui vous permet de visualiser les signaux \u00e9lectriques de la plante en temps r\u00e9el. Cela vous permet de contr\u00f4ler et de comprendre le comportement des plantes.\u00a0Il s\u2019agit d\u2019une ouverture extraordinaire d\u2019une nouvelle \u00e8re de recherche sur les plantes, non seulement pour les laboratoires scientifiques mais pour tous les passionn\u00e9s d\u00e9sireux d\u2019en d\u00e9couvrir davantage sur le monde v\u00e9g\u00e9tal.\u00a0Il est actuellement d\u00e9velopp\u00e9 uniquement pour les PC Windows.\u00a0Il ne peut \u00eatre utilis\u00e9 qu'avec un appareil Bambou avec un c\u00e2ble USB adapt\u00e9 \u00e0 l'appareil Bambou (de pr\u00e9f\u00e9rence inclus avec l'appareil).","robots":{"index":"index","follow":"follow","max-snippet":"max-snippet:-1","max-image-preview":"max-image-preview:large","max-video-preview":"max-video-preview:-1"},"canonical":"https:\/\/369agara.com\/de\/produkt\/programme-bambou-control-v110\/","og_locale":"de_DE","og_type":"article","og_title":"Programme Bambou Control V110 (d\u00e9mat\u00e9rialis\u00e9)","og_description":"Bambou Control Software est un logiciel r\u00e9volutionnaire qui vous permet de visualiser les signaux \u00e9lectriques de la plante en temps r\u00e9el. Cela vous permet de contr\u00f4ler et de comprendre le comportement des plantes.\u00a0Il s\u2019agit d\u2019une ouverture extraordinaire d\u2019une nouvelle \u00e8re de recherche sur les plantes, non seulement pour les laboratoires scientifiques mais pour tous les passionn\u00e9s d\u00e9sireux d\u2019en d\u00e9couvrir davantage sur le monde v\u00e9g\u00e9tal.\u00a0Il est actuellement d\u00e9velopp\u00e9 uniquement pour les PC Windows.\u00a0Il ne peut \u00eatre utilis\u00e9 qu'avec un appareil Bambou avec un c\u00e2ble USB adapt\u00e9 \u00e0 l'appareil Bambou (de pr\u00e9f\u00e9rence inclus avec l'appareil).","og_url":"https:\/\/369agara.com\/de\/produkt\/programme-bambou-control-v110\/","og_site_name":"Agara","article_modified_time":"2025-09-13T14:53:56+00:00","og_image":[{"width":1000,"height":974,"url":"https:\/\/369agara.com\/wp-content\/uploads\/2023\/06\/Program.png","type":"image\/png"}],"twitter_card":"summary_large_image","twitter_misc":{"Gesch\u00e4tzte Lesezeit":"1\u00a0Minute"},"schema":{"@context":"https:\/\/schema.org","@graph":[{"@type":"WebPage","@id":"https:\/\/369agara.com\/produit\/programme-bambou-control-v110\/","url":"https:\/\/369agara.com\/produit\/programme-bambou-control-v110\/","name":"Programme Bambou Control V110 (d\u00e9mat\u00e9rialis\u00e9) | Agara","isPartOf":{"@id":"https:\/\/369agara.com\/#website"},"primaryImageOfPage":{"@id":"https:\/\/369agara.com\/produit\/programme-bambou-control-v110\/#primaryimage"},"image":{"@id":"https:\/\/369agara.com\/produit\/programme-bambou-control-v110\/#primaryimage"},"thumbnailUrl":"https:\/\/369agara.com\/wp-content\/uploads\/2023\/06\/Program.png","datePublished":"2023-04-08T14:34:24+00:00","dateModified":"2025-09-13T14:53:56+00:00","description":"Bambou Control Software est un logiciel r\u00e9volutionnaire qui vous permet de visualiser les signaux \u00e9lectriques de la plante en temps r\u00e9el. Cela vous permet de contr\u00f4ler et de comprendre le comportement des plantes.\u00a0Il s\u2019agit d\u2019une ouverture extraordinaire d\u2019une nouvelle \u00e8re de recherche sur les plantes, non seulement pour les laboratoires scientifiques mais pour tous les passionn\u00e9s d\u00e9sireux d\u2019en d\u00e9couvrir davantage sur le monde v\u00e9g\u00e9tal.\u00a0Il est actuellement d\u00e9velopp\u00e9 uniquement pour les PC Windows.\u00a0Il ne peut \u00eatre utilis\u00e9 qu'avec un appareil Bambou avec un c\u00e2ble USB adapt\u00e9 \u00e0 l'appareil Bambou (de pr\u00e9f\u00e9rence inclus avec l'appareil).","breadcrumb":{"@id":"https:\/\/369agara.com\/produit\/programme-bambou-control-v110\/#breadcrumb"},"inLanguage":"de","potentialAction":[{"@type":"ReadAction","target":["https:\/\/369agara.com\/produit\/programme-bambou-control-v110\/"]}]},{"@type":"ImageObject","inLanguage":"de","@id":"https:\/\/369agara.com\/produit\/programme-bambou-control-v110\/#primaryimage","url":"https:\/\/369agara.com\/wp-content\/uploads\/2023\/06\/Program.png","contentUrl":"https:\/\/369agara.com\/wp-content\/uploads\/2023\/06\/Program.png","width":1000,"height":974},{"@type":"BreadcrumbList","@id":"https:\/\/369agara.com\/produit\/programme-bambou-control-v110\/#breadcrumb","itemListElement":[{"@type":"ListItem","position":1,"name":"Accueil","item":"https:\/\/369agara.com\/"},{"@type":"ListItem","position":2,"name":"La boutique","item":"https:\/\/369agara.com\/la-boutique\/"},{"@type":"ListItem","position":3,"name":"Programme Bambou Control V110 (d\u00e9mat\u00e9rialis\u00e9)"}]},{"@type":"WebSite","@id":"https:\/\/369agara.com\/#website","url":"https:\/\/369agara.com\/","name":"Livsrikedomar","description":"Trennen Sie die Verbindung, um sich besser zu verbinden","publisher":{"@id":"https:\/\/369agara.com\/#organization"},"potentialAction":[{"@type":"SearchAction","target":{"@type":"EntryPoint","urlTemplate":"https:\/\/369agara.com\/?s={search_term_string}"},"query-input":{"@type":"PropertyValueSpecification","valueRequired":true,"valueName":"search_term_string"}}],"inLanguage":"de"},{"@type":"Organization","@id":"https:\/\/369agara.com\/#organization","name":"EACreations","url":"https:\/\/369agara.com\/","logo":{"@type":"ImageObject","inLanguage":"de","@id":"https:\/\/369agara.com\/#\/schema\/logo\/image\/","url":"","contentUrl":"","caption":"EACreations"},"image":{"@id":"https:\/\/369agara.com\/#\/schema\/logo\/image\/"}}]}},"jetpack_sharing_enabled":true,"_links":{"self":[{"href":"https:\/\/369agara.com\/de\/wp-json\/wp\/v2\/product\/1505","targetHints":{"allow":["GET"]}}],"collection":[{"href":"https:\/\/369agara.com\/de\/wp-json\/wp\/v2\/product"}],"about":[{"href":"https:\/\/369agara.com\/de\/wp-json\/wp\/v2\/types\/product"}],"replies":[{"embeddable":true,"href":"https:\/\/369agara.com\/de\/wp-json\/wp\/v2\/comments?post=1505"}],"wp:featuredmedia":[{"embeddable":true,"href":"https:\/\/369agara.com\/de\/wp-json\/wp\/v2\/media\/2761"}],"wp:attachment":[{"href":"https:\/\/369agara.com\/de\/wp-json\/wp\/v2\/media?parent=1505"}],"wp:term":[{"taxonomy":"product_brand","embeddable":true,"href":"https:\/\/369agara.com\/de\/wp-json\/wp\/v2\/product_brand?post=1505"},{"taxonomy":"product_cat","embeddable":true,"href":"https:\/\/369agara.com\/de\/wp-json\/wp\/v2\/product_cat?post=1505"},{"taxonomy":"product_tag","embeddable":true,"href":"https:\/\/369agara.com\/de\/wp-json\/wp\/v2\/product_tag?post=1505"}],"curies":[{"name":"wp","href":"https:\/\/api.w.org\/{rel}","templated":true}]}}