{"id":157,"date":"2020-06-26T13:15:31","date_gmt":"2020-06-26T11:15:31","guid":{"rendered":"https:\/\/369agara.com\/?post_type=product&#038;p=157"},"modified":"2025-05-22T12:45:01","modified_gmt":"2025-05-22T10:45:01","slug":"bracelet-oman-pratiti-ekagra-27","status":"publish","type":"product","link":"https:\/\/369agara.com\/de\/produkt\/bracelet-oman-pratiti-ekagra-27\/","title":{"rendered":"Oman Armband Aghnya Pratiti Ekagra"},"content":{"rendered":"<p><span style=\"font-family: 'Book Antiqua', Palatino; font-size: 120%; color: #333399;\">Dieses Armband ist aus Bronzit, Lapislazuli, Ochsenauge und Pyrit von 6 mm bis 10 mm hergestellt.<\/span><\/p>\n<p><span style=\"font-family: 'Book Antiqua', Palatino; font-size: 120%; color: #333399;\">Eigenschaften :\u00a0<\/span><\/p>\n<p><span style=\"font-family: 'Book Antiqua', Palatino; font-size: 120%; color: #333399;\">Bronzit: Sch\u00fctzend.\u00a0<\/span><br \/>\n<span style=\"font-family: 'Book Antiqua', Palatino; font-size: 120%; color: #333399;\">Lapislazuli: Vertrauen.\u00a0<\/span><br \/>\n<span style=\"font-family: 'Book Antiqua', Palatino; font-size: 120%; color: #333399;\">Ochsenauge: Besch\u00fctzend.\u00a0<\/span><br \/>\n<span style=\"font-family: 'Book Antiqua', Palatino; font-size: 120%; color: #333399;\">Pyrit: Mental.<\/span><\/p>","protected":false},"excerpt":{"rendered":"<p><span style=\"font-family: 'Book Antiqua', Palatino; font-size: 120%; color: #333399;\">Zusammensetzung: 27 Steine \/ Gewicht: 19 g \/ L\u00e4nge: 18,2 cm<\/span><\/p>","protected":false},"featured_media":488,"comment_status":"open","ping_status":"closed","template":"","meta":[],"product_brand":[],"product_cat":[73,119],"product_tag":[148,26,155,27,158,28,29,149],"class_list":{"0":"post-157","1":"product","2":"type-product","3":"status-publish","4":"has-post-thumbnail","6":"product_cat-bracelets","7":"product_cat-homme","8":"product_tag-bleu","9":"product_tag-bronze","10":"product_tag-brun","11":"product_tag-lapis-lazuli","12":"product_tag-metal","13":"product_tag-oeil-de-boeuf","14":"product_tag-pyrite","15":"product_tag-rouge","17":"first","18":"instock","19":"sold-individually","20":"taxable","21":"shipping-taxable","22":"purchasable","23":"product-type-simple"},"yoast_head":"<!-- This site is optimized with the Yoast SEO Premium plugin v25.1 (Yoast SEO v27.4) - https:\/\/yoast.com\/product\/yoast-seo-premium-wordpress\/ -->\n<title>Bracelet Oman Aghnya Pratiti Ekagra | Agara<\/title>\n<meta name=\"description\" content=\"Ce bracelet est compos\u00e9 de Bronzite, Lapis lazuli, \u0152il de b\u0153uf et Pyrite de 6 mm \u00e0 10 mm.Propri\u00e9t\u00e9s :\u00a0Bronzite : Protectrice.\u00a0Lapis-lazuli : Confiance.\u00a0\u0152il de b\u0153uf : Protectrice.\u00a0Pyrite : Mentale.\" \/>\n<meta name=\"robots\" content=\"index, follow, max-snippet:-1, max-image-preview:large, max-video-preview:-1\" \/>\n<link rel=\"canonical\" href=\"https:\/\/369agara.com\/de\/produkt\/bracelet-oman-pratiti-ekagra-27\/\" \/>\n<meta property=\"og:locale\" content=\"de_DE\" \/>\n<meta property=\"og:type\" content=\"article\" \/>\n<meta property=\"og:title\" content=\"Bracelet Oman Aghnya Pratiti Ekagra\" \/>\n<meta property=\"og:description\" content=\"Ce bracelet est compos\u00e9 de Bronzite, Lapis lazuli, \u0152il de b\u0153uf et Pyrite de 6 mm \u00e0 10 mm.Propri\u00e9t\u00e9s :\u00a0Bronzite : Protectrice.\u00a0Lapis-lazuli : Confiance.\u00a0\u0152il de b\u0153uf : Protectrice.\u00a0Pyrite : Mentale.\" \/>\n<meta property=\"og:url\" content=\"https:\/\/369agara.com\/de\/produkt\/bracelet-oman-pratiti-ekagra-27\/\" \/>\n<meta property=\"og:site_name\" content=\"Agara\" \/>\n<meta property=\"article:modified_time\" content=\"2025-05-22T10:45:01+00:00\" \/>\n<meta property=\"og:image\" content=\"https:\/\/369agara.com\/wp-content\/uploads\/2020\/06\/IMG_4402cc-scaled.jpg\" \/>\n\t<meta property=\"og:image:width\" content=\"2560\" \/>\n\t<meta property=\"og:image:height\" content=\"2560\" \/>\n\t<meta property=\"og:image:type\" content=\"image\/jpeg\" \/>\n<meta name=\"twitter:card\" content=\"summary_large_image\" \/>\n<meta name=\"twitter:label1\" content=\"Gesch\u00e4tzte Lesezeit\" \/>\n\t<meta name=\"twitter:data1\" content=\"1\u00a0Minute\" \/>\n<script type=\"application\/ld+json\" class=\"yoast-schema-graph\">{\"@context\":\"https:\\\/\\\/schema.org\",\"@graph\":[{\"@type\":\"WebPage\",\"@id\":\"https:\\\/\\\/369agara.com\\\/produit\\\/bracelet-oman-pratiti-ekagra-27\\\/\",\"url\":\"https:\\\/\\\/369agara.com\\\/produit\\\/bracelet-oman-pratiti-ekagra-27\\\/\",\"name\":\"Bracelet Oman Aghnya Pratiti Ekagra | Agara\",\"isPartOf\":{\"@id\":\"https:\\\/\\\/369agara.com\\\/#website\"},\"primaryImageOfPage\":{\"@id\":\"https:\\\/\\\/369agara.com\\\/produit\\\/bracelet-oman-pratiti-ekagra-27\\\/#primaryimage\"},\"image\":{\"@id\":\"https:\\\/\\\/369agara.com\\\/produit\\\/bracelet-oman-pratiti-ekagra-27\\\/#primaryimage\"},\"thumbnailUrl\":\"https:\\\/\\\/369agara.com\\\/wp-content\\\/uploads\\\/2020\\\/06\\\/IMG_4402cc-scaled.jpg\",\"datePublished\":\"2020-06-26T11:15:31+00:00\",\"dateModified\":\"2025-05-22T10:45:01+00:00\",\"description\":\"Ce bracelet est compos\u00e9 de Bronzite, Lapis lazuli, \u0152il de b\u0153uf et Pyrite de 6 mm \u00e0 10 mm.Propri\u00e9t\u00e9s :\u00a0Bronzite : Protectrice.\u00a0Lapis-lazuli : Confiance.\u00a0\u0152il de b\u0153uf : Protectrice.\u00a0Pyrite : Mentale.\",\"breadcrumb\":{\"@id\":\"https:\\\/\\\/369agara.com\\\/produit\\\/bracelet-oman-pratiti-ekagra-27\\\/#breadcrumb\"},\"inLanguage\":\"de\",\"potentialAction\":[{\"@type\":\"ReadAction\",\"target\":[\"https:\\\/\\\/369agara.com\\\/produit\\\/bracelet-oman-pratiti-ekagra-27\\\/\"]}]},{\"@type\":\"ImageObject\",\"inLanguage\":\"de\",\"@id\":\"https:\\\/\\\/369agara.com\\\/produit\\\/bracelet-oman-pratiti-ekagra-27\\\/#primaryimage\",\"url\":\"https:\\\/\\\/369agara.com\\\/wp-content\\\/uploads\\\/2020\\\/06\\\/IMG_4402cc-scaled.jpg\",\"contentUrl\":\"https:\\\/\\\/369agara.com\\\/wp-content\\\/uploads\\\/2020\\\/06\\\/IMG_4402cc-scaled.jpg\",\"width\":2560,\"height\":2560},{\"@type\":\"BreadcrumbList\",\"@id\":\"https:\\\/\\\/369agara.com\\\/produit\\\/bracelet-oman-pratiti-ekagra-27\\\/#breadcrumb\",\"itemListElement\":[{\"@type\":\"ListItem\",\"position\":1,\"name\":\"Accueil\",\"item\":\"https:\\\/\\\/369agara.com\\\/\"},{\"@type\":\"ListItem\",\"position\":2,\"name\":\"La boutique\",\"item\":\"https:\\\/\\\/369agara.com\\\/la-boutique\\\/\"},{\"@type\":\"ListItem\",\"position\":3,\"name\":\"Bracelet Oman Aghnya Pratiti Ekagra\"}]},{\"@type\":\"WebSite\",\"@id\":\"https:\\\/\\\/369agara.com\\\/#website\",\"url\":\"https:\\\/\\\/369agara.com\\\/\",\"name\":\"Livsrikedomar\",\"description\":\"D\u00e9connectez pour mieux vous connecter\",\"publisher\":{\"@id\":\"https:\\\/\\\/369agara.com\\\/#organization\"},\"potentialAction\":[{\"@type\":\"SearchAction\",\"target\":{\"@type\":\"EntryPoint\",\"urlTemplate\":\"https:\\\/\\\/369agara.com\\\/?s={search_term_string}\"},\"query-input\":{\"@type\":\"PropertyValueSpecification\",\"valueRequired\":true,\"valueName\":\"search_term_string\"}}],\"inLanguage\":\"de\"},{\"@type\":\"Organization\",\"@id\":\"https:\\\/\\\/369agara.com\\\/#organization\",\"name\":\"EACreations\",\"url\":\"https:\\\/\\\/369agara.com\\\/\",\"logo\":{\"@type\":\"ImageObject\",\"inLanguage\":\"de\",\"@id\":\"https:\\\/\\\/369agara.com\\\/#\\\/schema\\\/logo\\\/image\\\/\",\"url\":\"\",\"contentUrl\":\"\",\"caption\":\"EACreations\"},\"image\":{\"@id\":\"https:\\\/\\\/369agara.com\\\/#\\\/schema\\\/logo\\\/image\\\/\"}}]}<\/script>\n<!-- \/ Yoast SEO Premium plugin. -->","yoast_head_json":{"title":"Bracelet Oman Aghnya Pratiti Ekagra | Agara","description":"Ce bracelet est compos\u00e9 de Bronzite, Lapis lazuli, \u0152il de b\u0153uf et Pyrite de 6 mm \u00e0 10 mm.Propri\u00e9t\u00e9s :\u00a0Bronzite : Protectrice.\u00a0Lapis-lazuli : Confiance.\u00a0\u0152il de b\u0153uf : Protectrice.\u00a0Pyrite : Mentale.","robots":{"index":"index","follow":"follow","max-snippet":"max-snippet:-1","max-image-preview":"max-image-preview:large","max-video-preview":"max-video-preview:-1"},"canonical":"https:\/\/369agara.com\/de\/produkt\/bracelet-oman-pratiti-ekagra-27\/","og_locale":"de_DE","og_type":"article","og_title":"Bracelet Oman Aghnya Pratiti Ekagra","og_description":"Ce bracelet est compos\u00e9 de Bronzite, Lapis lazuli, \u0152il de b\u0153uf et Pyrite de 6 mm \u00e0 10 mm.Propri\u00e9t\u00e9s :\u00a0Bronzite : Protectrice.\u00a0Lapis-lazuli : Confiance.\u00a0\u0152il de b\u0153uf : Protectrice.\u00a0Pyrite : Mentale.","og_url":"https:\/\/369agara.com\/de\/produkt\/bracelet-oman-pratiti-ekagra-27\/","og_site_name":"Agara","article_modified_time":"2025-05-22T10:45:01+00:00","og_image":[{"width":2560,"height":2560,"url":"https:\/\/369agara.com\/wp-content\/uploads\/2020\/06\/IMG_4402cc-scaled.jpg","type":"image\/jpeg"}],"twitter_card":"summary_large_image","twitter_misc":{"Gesch\u00e4tzte Lesezeit":"1\u00a0Minute"},"schema":{"@context":"https:\/\/schema.org","@graph":[{"@type":"WebPage","@id":"https:\/\/369agara.com\/produit\/bracelet-oman-pratiti-ekagra-27\/","url":"https:\/\/369agara.com\/produit\/bracelet-oman-pratiti-ekagra-27\/","name":"Bracelet Oman Aghnya Pratiti Ekagra | Agara","isPartOf":{"@id":"https:\/\/369agara.com\/#website"},"primaryImageOfPage":{"@id":"https:\/\/369agara.com\/produit\/bracelet-oman-pratiti-ekagra-27\/#primaryimage"},"image":{"@id":"https:\/\/369agara.com\/produit\/bracelet-oman-pratiti-ekagra-27\/#primaryimage"},"thumbnailUrl":"https:\/\/369agara.com\/wp-content\/uploads\/2020\/06\/IMG_4402cc-scaled.jpg","datePublished":"2020-06-26T11:15:31+00:00","dateModified":"2025-05-22T10:45:01+00:00","description":"Ce bracelet est compos\u00e9 de Bronzite, Lapis lazuli, \u0152il de b\u0153uf et Pyrite de 6 mm \u00e0 10 mm.Propri\u00e9t\u00e9s :\u00a0Bronzite : Protectrice.\u00a0Lapis-lazuli : Confiance.\u00a0\u0152il de b\u0153uf : Protectrice.\u00a0Pyrite : Mentale.","breadcrumb":{"@id":"https:\/\/369agara.com\/produit\/bracelet-oman-pratiti-ekagra-27\/#breadcrumb"},"inLanguage":"de","potentialAction":[{"@type":"ReadAction","target":["https:\/\/369agara.com\/produit\/bracelet-oman-pratiti-ekagra-27\/"]}]},{"@type":"ImageObject","inLanguage":"de","@id":"https:\/\/369agara.com\/produit\/bracelet-oman-pratiti-ekagra-27\/#primaryimage","url":"https:\/\/369agara.com\/wp-content\/uploads\/2020\/06\/IMG_4402cc-scaled.jpg","contentUrl":"https:\/\/369agara.com\/wp-content\/uploads\/2020\/06\/IMG_4402cc-scaled.jpg","width":2560,"height":2560},{"@type":"BreadcrumbList","@id":"https:\/\/369agara.com\/produit\/bracelet-oman-pratiti-ekagra-27\/#breadcrumb","itemListElement":[{"@type":"ListItem","position":1,"name":"Accueil","item":"https:\/\/369agara.com\/"},{"@type":"ListItem","position":2,"name":"La boutique","item":"https:\/\/369agara.com\/la-boutique\/"},{"@type":"ListItem","position":3,"name":"Bracelet Oman Aghnya Pratiti Ekagra"}]},{"@type":"WebSite","@id":"https:\/\/369agara.com\/#website","url":"https:\/\/369agara.com\/","name":"Livsrikedomar","description":"Trennen Sie die Verbindung, um sich besser zu verbinden","publisher":{"@id":"https:\/\/369agara.com\/#organization"},"potentialAction":[{"@type":"SearchAction","target":{"@type":"EntryPoint","urlTemplate":"https:\/\/369agara.com\/?s={search_term_string}"},"query-input":{"@type":"PropertyValueSpecification","valueRequired":true,"valueName":"search_term_string"}}],"inLanguage":"de"},{"@type":"Organization","@id":"https:\/\/369agara.com\/#organization","name":"EACreations","url":"https:\/\/369agara.com\/","logo":{"@type":"ImageObject","inLanguage":"de","@id":"https:\/\/369agara.com\/#\/schema\/logo\/image\/","url":"","contentUrl":"","caption":"EACreations"},"image":{"@id":"https:\/\/369agara.com\/#\/schema\/logo\/image\/"}}]}},"jetpack_sharing_enabled":true,"_links":{"self":[{"href":"https:\/\/369agara.com\/de\/wp-json\/wp\/v2\/product\/157","targetHints":{"allow":["GET"]}}],"collection":[{"href":"https:\/\/369agara.com\/de\/wp-json\/wp\/v2\/product"}],"about":[{"href":"https:\/\/369agara.com\/de\/wp-json\/wp\/v2\/types\/product"}],"replies":[{"embeddable":true,"href":"https:\/\/369agara.com\/de\/wp-json\/wp\/v2\/comments?post=157"}],"wp:featuredmedia":[{"embeddable":true,"href":"https:\/\/369agara.com\/de\/wp-json\/wp\/v2\/media\/488"}],"wp:attachment":[{"href":"https:\/\/369agara.com\/de\/wp-json\/wp\/v2\/media?parent=157"}],"wp:term":[{"taxonomy":"product_brand","embeddable":true,"href":"https:\/\/369agara.com\/de\/wp-json\/wp\/v2\/product_brand?post=157"},{"taxonomy":"product_cat","embeddable":true,"href":"https:\/\/369agara.com\/de\/wp-json\/wp\/v2\/product_cat?post=157"},{"taxonomy":"product_tag","embeddable":true,"href":"https:\/\/369agara.com\/de\/wp-json\/wp\/v2\/product_tag?post=157"}],"curies":[{"name":"wp","href":"https:\/\/api.w.org\/{rel}","templated":true}]}}