{"id":1705,"date":"2023-08-20T15:44:19","date_gmt":"2023-08-20T13:44:19","guid":{"rendered":"https:\/\/369agara.com\/?post_type=product&#038;p=1705"},"modified":"2025-05-12T19:08:05","modified_gmt":"2025-05-12T17:08:05","slug":"cable-terre-usb-a-usb-c-2m","status":"publish","type":"product","link":"https:\/\/369agara.com\/de\/produkt\/cable-terre-usb-a-usb-c-2m\/","title":{"rendered":"Geerdetes USB-A | USB-C-Kabel mit zylindrischer Buchse - 2 m"},"content":{"rendered":"<p><span style=\"font-family: 'Book Antiqua', Palatino; font-size: 120%; color: #333399;\">Mit dem USB-Erdungskabel mit zylindrischer Buchse k\u00f6nnen Sie alle Ihre Ger\u00e4te mit einem USB-Anschluss (Modem\/Box, Laptop, Fernseher, iphone, ipad usw.) erden und sich vor den von ihnen ausgehenden elektrischen Feldern sch\u00fctzen.<\/span><\/p>\n<p><span style=\"font-family: 'Book Antiqua', Palatino; font-size: 120%; color: #333399;\">Modems oder Boxen sind nicht geerdet und erzeugen daher ein starkes elektrisches Feld, das sich vielf\u00e4ltig auf den K\u00f6rper auswirkt: Stress, Reizbarkeit, Nervosit\u00e4t, Kopfschmerzen, Hyperaktivit\u00e4t, Konzentrationsschwierigkeiten, Schlafst\u00f6rungen etc.<\/span><\/p>\n<p><span style=\"font-family: 'Book Antiqua', Palatino; font-size: 120%; color: #333399;\">Dieses USB-Erdungskabel neutralisiert sie wirksam und unterdr\u00fcckt gleichzeitig die elektrischen Felder, die von den an die Box angeschlossenen schnurgebundenen Telefonen ausgehen. Empfindliche Personen werden so beim Telefonieren nicht mehr gest\u00f6rt.<\/span><\/p>\n<p><span style=\"font-family: 'Book Antiqua', Palatino; font-size: 120%; color: #333399;\">Er kann auch elektrische Felder unterdr\u00fccken, die von einem Laptop ohne Erdungsanschluss (2-poliger, flacher Stecker) und von anderen Ger\u00e4ten ohne Erdungsanschluss, aber mit USB-Anschluss (z. B. Fernseher) ausgehen.<\/span><\/p>\n<p><span style=\"font-family: 'Book Antiqua', Palatino; font-size: 120%; color: #333399;\"><strong>Geringer Platzbedarf<\/strong><\/span><\/p>\n<h3><span style=\"font-family: 'Book Antiqua', Palatino; font-size: 120%; color: #333399;\">Sein Vorteil<\/span><\/h3>\n<p><span style=\"font-family: 'Book Antiqua', Palatino; font-size: 120%; color: #333399;\">Elektrische Felder werden vom USB-Anschluss aufgefangen und \u00fcber die zylindrische Buchse abgeleitet, die mit dem Erdungsanschluss Ihrer Wandsteckdose verbunden wird (siehe Foto). Dadurch bleibt die Buchse frei, um ein Kabel anzuschlie\u00dfen, das nicht \u00fcber einen Erdungsanschluss verf\u00fcgt (flacher, zweipoliger Stecker).\u00a0<\/span><\/p>\n<p><span style=\"font-family: 'Book Antiqua', Palatino; font-size: 120%; color: #333399;\">Der Durchmesser dieser Buchse erm\u00f6glicht es, sie auch auf den Metallfl\u00fcgeln von Schuko-Steckdosen zu befestigen. Sie k\u00f6nnen sie also auch an eine geschirmte Biologa Danell-Steckdosenleiste anschlie\u00dfen.<\/span><\/p>\n<p><span style=\"font-family: 'Book Antiqua', Palatino; font-size: 120%; color: #ed1c24;\"><strong>Achtung! Dieses Kabel muss an eine geerdete Wandsteckdose angeschlossen werden!\u00a0<\/strong><\/span><\/p>\n<p><span style=\"font-family: 'Book Antiqua', Palatino; font-size: 120%; color: #333399;\"><strong><span style=\"color: #ed1c24;\">Bevor Sie die Erdung vornehmen, vergewissern Sie sich, dass die Erdung an der Steckdose, die Sie verwenden m\u00f6chten, vorhanden ist!\u00a0<\/span><\/strong><span style=\"color: #ed1c24;\">(mit einem Peakmeter PM6860DR Erdungspr\u00fcfer oder einem Erdungsmessger\u00e4t vom Typ Catohm DT300, Tohm-E oder 9052SI).<\/span><\/span><\/p>\n<h3><span style=\"font-family: 'Book Antiqua', Palatino; font-size: 120%; color: #333399;\">Technische Daten<\/span><\/h3>\n<ul>\n<li><span style=\"font-family: 'Book Antiqua', Palatino; font-size: 120%; color: #333399;\">Anschl\u00fcsse: USB-A oder USB-C und 330er-Buchse<\/span><\/li>\n<li><span style=\"font-family: 'Book Antiqua', Palatino; font-size: 120%; color: #333399;\">L\u00e4nge: 2 Meter<\/span><\/li>\n<li><span style=\"font-family: 'Book Antiqua', Palatino; font-size: 120%; color: #333399;\">Farben: Schwarz<\/span><\/li>\n<li><span style=\"font-family: 'Book Antiqua', Palatino; font-size: 120%; color: #333399;\">Gewicht: 0.080 kg<\/span><\/li>\n<\/ul>\n<p><span style=\"font-family: 'Book Antiqua', Palatino; font-size: 120%; color: #333399;\">Hergestellt in Frankreich<\/span><\/p>\n<h3><span style=\"font-family: 'Book Antiqua', Palatino; font-size: 120%; color: #333399;\">Vorsichtsma\u00dfnahmen bei der Verwendung<\/span><\/h3>\n<p><span style=\"font-family: 'Book Antiqua', Palatino; font-size: 120%; color: #333399;\">Da dieses Kabel mit der elektrischen Erdung verbunden werden muss, ist es wichtig, sein Vorhandensein und seine Qualit\u00e4t zu \u00fcberpr\u00fcfen.\u00a0<\/span><\/p>\n<p><span style=\"font-family: 'Book Antiqua', Palatino; font-size: 120%; color: #333399;\">Sie k\u00f6nnen sein Vorhandensein mit dem Earthing-Erdtestger\u00e4t und seine Qualit\u00e4t mit einem Erdungsmessger\u00e4t wie dem Tohm-E oder dem Catohm DT-300 \u00fcberpr\u00fcfen.<\/span><\/p>\n<p><span style=\"font-family: 'Book Antiqua', Palatino; font-size: 120%; color: #ed1c24;\">Gem\u00e4\u00df der Norm NF C15-100 darf der Widerstand des Erdungsanschlusses h\u00f6chstens 100 Ohm betragen. Um elektrische Felder und Streuspannungen zu neutralisieren, empfehlen wir jedoch einen Erdungswiderstand von 50 Ohm oder weniger.\u00a0<\/span><\/p>\n<p><span style=\"font-family: 'Book Antiqua', Palatino; font-size: 120%; color: #ed1c24;\">Im Zweifelsfall wenden Sie sich bitte an einen Elektriker.<\/span><\/p>","protected":false},"excerpt":{"rendered":"<p><span style=\"font-family: 'Book Antiqua', Palatino; font-size: 120%; color: #333399;\">Mit dem USB-A- oder USB-C-Erdungskabel mit zylindrischer Buchse k\u00f6nnen Sie alle Ihre Ger\u00e4te mit einem USB-A- oder USB-C-Anschluss (Modem\/Box, Laptop, Fernseher, iphone, ipad usw.) an die Erde anschlie\u00dfen und sich vor den von ihnen ausgehenden elektrischen Feldern sch\u00fctzen.<\/span><\/p>","protected":false},"featured_media":1714,"comment_status":"open","ping_status":"closed","template":"","meta":[],"product_brand":[],"product_cat":[164],"product_tag":[248,246,247,251,249,245],"class_list":{"0":"post-1705","1":"product","2":"type-product","3":"status-publish","4":"has-post-thumbnail","6":"product_cat-baubiologie","7":"product_tag-baubiologie","8":"product_tag-bureau","9":"product_tag-chambre","10":"product_tag-electricite","11":"product_tag-electromagnetisme","12":"product_tag-maison","14":"first","15":"instock","16":"taxable","17":"shipping-taxable","18":"purchasable","19":"product-type-variable"},"yoast_head":"<!-- This site is optimized with the Yoast SEO Premium plugin v25.1 (Yoast SEO v27.6) - https:\/\/yoast.com\/product\/yoast-seo-premium-wordpress\/ -->\n<title>C\u00e2ble USB-A | USB-C de mise \u00e0 la terre avec douille cylindrique - 2 m | Agara<\/title>\n<meta name=\"description\" content=\"Le c\u00e2ble USB-A ou USB-C de mise \u00e0 la terre avec douille cylindrique permet de raccorder \u00e0 la terre tous vos appareils munis d&#039;un port USB-A ou USB-C (modem\/box, ordinateur portable, t\u00e9l\u00e9viseurs, iphone, ipad etc.) et de vous prot\u00e9ger des champs \u00e9lectriques qu&#039;ils \u00e9mettent.\" \/>\n<meta name=\"robots\" content=\"index, follow, max-snippet:-1, max-image-preview:large, max-video-preview:-1\" \/>\n<link rel=\"canonical\" href=\"https:\/\/369agara.com\/de\/produkt\/cable-terre-usb-a-usb-c-2m\/\" \/>\n<meta property=\"og:locale\" content=\"de_DE\" \/>\n<meta property=\"og:type\" content=\"article\" \/>\n<meta property=\"og:title\" content=\"C\u00e2ble USB-A | USB-C de mise \u00e0 la terre avec douille cylindrique - 2 m\" \/>\n<meta property=\"og:description\" content=\"Le c\u00e2ble USB-A ou USB-C de mise \u00e0 la terre avec douille cylindrique permet de raccorder \u00e0 la terre tous vos appareils munis d&#039;un port USB-A ou USB-C (modem\/box, ordinateur portable, t\u00e9l\u00e9viseurs, iphone, ipad etc.) et de vous prot\u00e9ger des champs \u00e9lectriques qu&#039;ils \u00e9mettent.\" \/>\n<meta property=\"og:url\" content=\"https:\/\/369agara.com\/de\/produkt\/cable-terre-usb-a-usb-c-2m\/\" \/>\n<meta property=\"og:site_name\" content=\"Agara\" \/>\n<meta property=\"article:modified_time\" content=\"2025-05-12T17:08:05+00:00\" \/>\n<meta property=\"og:image\" content=\"https:\/\/369agara.com\/wp-content\/uploads\/2023\/08\/cable-usb-de-mise-a-la-terre-avec-douille-cylindrique-1-1.jpg\" \/>\n\t<meta property=\"og:image:width\" content=\"807\" \/>\n\t<meta property=\"og:image:height\" content=\"808\" \/>\n\t<meta property=\"og:image:type\" content=\"image\/jpeg\" \/>\n<meta name=\"twitter:card\" content=\"summary_large_image\" \/>\n<meta name=\"twitter:label1\" content=\"Gesch\u00e4tzte Lesezeit\" \/>\n\t<meta name=\"twitter:data1\" content=\"3\u00a0Minuten\" \/>\n<script type=\"application\/ld+json\" class=\"yoast-schema-graph\">{\"@context\":\"https:\\\/\\\/schema.org\",\"@graph\":[{\"@type\":\"WebPage\",\"@id\":\"https:\\\/\\\/369agara.com\\\/produit\\\/cable-terre-usb-a-usb-c-2m\\\/\",\"url\":\"https:\\\/\\\/369agara.com\\\/produit\\\/cable-terre-usb-a-usb-c-2m\\\/\",\"name\":\"C\u00e2ble USB-A | USB-C de mise \u00e0 la terre avec douille cylindrique - 2 m | Agara\",\"isPartOf\":{\"@id\":\"https:\\\/\\\/369agara.com\\\/#website\"},\"primaryImageOfPage\":{\"@id\":\"https:\\\/\\\/369agara.com\\\/produit\\\/cable-terre-usb-a-usb-c-2m\\\/#primaryimage\"},\"image\":{\"@id\":\"https:\\\/\\\/369agara.com\\\/produit\\\/cable-terre-usb-a-usb-c-2m\\\/#primaryimage\"},\"thumbnailUrl\":\"https:\\\/\\\/369agara.com\\\/wp-content\\\/uploads\\\/2023\\\/08\\\/cable-usb-de-mise-a-la-terre-avec-douille-cylindrique-1-1.jpg\",\"datePublished\":\"2023-08-20T13:44:19+00:00\",\"dateModified\":\"2025-05-12T17:08:05+00:00\",\"description\":\"Le c\u00e2ble USB-A ou USB-C de mise \u00e0 la terre avec douille cylindrique permet de raccorder \u00e0 la terre tous vos appareils munis d'un port USB-A ou USB-C (modem\\\/box, ordinateur portable, t\u00e9l\u00e9viseurs, iphone, ipad etc.) et de vous prot\u00e9ger des champs \u00e9lectriques qu'ils \u00e9mettent.\",\"breadcrumb\":{\"@id\":\"https:\\\/\\\/369agara.com\\\/produit\\\/cable-terre-usb-a-usb-c-2m\\\/#breadcrumb\"},\"inLanguage\":\"de\",\"potentialAction\":[{\"@type\":\"ReadAction\",\"target\":[\"https:\\\/\\\/369agara.com\\\/produit\\\/cable-terre-usb-a-usb-c-2m\\\/\"]}]},{\"@type\":\"ImageObject\",\"inLanguage\":\"de\",\"@id\":\"https:\\\/\\\/369agara.com\\\/produit\\\/cable-terre-usb-a-usb-c-2m\\\/#primaryimage\",\"url\":\"https:\\\/\\\/369agara.com\\\/wp-content\\\/uploads\\\/2023\\\/08\\\/cable-usb-de-mise-a-la-terre-avec-douille-cylindrique-1-1.jpg\",\"contentUrl\":\"https:\\\/\\\/369agara.com\\\/wp-content\\\/uploads\\\/2023\\\/08\\\/cable-usb-de-mise-a-la-terre-avec-douille-cylindrique-1-1.jpg\",\"width\":807,\"height\":808},{\"@type\":\"BreadcrumbList\",\"@id\":\"https:\\\/\\\/369agara.com\\\/produit\\\/cable-terre-usb-a-usb-c-2m\\\/#breadcrumb\",\"itemListElement\":[{\"@type\":\"ListItem\",\"position\":1,\"name\":\"Accueil\",\"item\":\"https:\\\/\\\/369agara.com\\\/\"},{\"@type\":\"ListItem\",\"position\":2,\"name\":\"La boutique\",\"item\":\"https:\\\/\\\/369agara.com\\\/la-boutique\\\/\"},{\"@type\":\"ListItem\",\"position\":3,\"name\":\"C\u00e2ble USB-A | USB-C de mise \u00e0 la terre avec douille cylindrique &#8211; 2 m\"}]},{\"@type\":\"WebSite\",\"@id\":\"https:\\\/\\\/369agara.com\\\/#website\",\"url\":\"https:\\\/\\\/369agara.com\\\/\",\"name\":\"Livsrikedomar\",\"description\":\"D\u00e9connectez pour mieux vous connecter\",\"publisher\":{\"@id\":\"https:\\\/\\\/369agara.com\\\/#organization\"},\"potentialAction\":[{\"@type\":\"SearchAction\",\"target\":{\"@type\":\"EntryPoint\",\"urlTemplate\":\"https:\\\/\\\/369agara.com\\\/?s={search_term_string}\"},\"query-input\":{\"@type\":\"PropertyValueSpecification\",\"valueRequired\":true,\"valueName\":\"search_term_string\"}}],\"inLanguage\":\"de\"},{\"@type\":\"Organization\",\"@id\":\"https:\\\/\\\/369agara.com\\\/#organization\",\"name\":\"EACreations\",\"url\":\"https:\\\/\\\/369agara.com\\\/\",\"logo\":{\"@type\":\"ImageObject\",\"inLanguage\":\"de\",\"@id\":\"https:\\\/\\\/369agara.com\\\/#\\\/schema\\\/logo\\\/image\\\/\",\"url\":\"\",\"contentUrl\":\"\",\"caption\":\"EACreations\"},\"image\":{\"@id\":\"https:\\\/\\\/369agara.com\\\/#\\\/schema\\\/logo\\\/image\\\/\"}}]}<\/script>\n<!-- \/ Yoast SEO Premium plugin. -->","yoast_head_json":{"title":"C\u00e2ble USB-A | USB-C de mise \u00e0 la terre avec douille cylindrique - 2 m | Agara","description":"Le c\u00e2ble USB-A ou USB-C de mise \u00e0 la terre avec douille cylindrique permet de raccorder \u00e0 la terre tous vos appareils munis d'un port USB-A ou USB-C (modem\/box, ordinateur portable, t\u00e9l\u00e9viseurs, iphone, ipad etc.) et de vous prot\u00e9ger des champs \u00e9lectriques qu'ils \u00e9mettent.","robots":{"index":"index","follow":"follow","max-snippet":"max-snippet:-1","max-image-preview":"max-image-preview:large","max-video-preview":"max-video-preview:-1"},"canonical":"https:\/\/369agara.com\/de\/produkt\/cable-terre-usb-a-usb-c-2m\/","og_locale":"de_DE","og_type":"article","og_title":"C\u00e2ble USB-A | USB-C de mise \u00e0 la terre avec douille cylindrique - 2 m","og_description":"Le c\u00e2ble USB-A ou USB-C de mise \u00e0 la terre avec douille cylindrique permet de raccorder \u00e0 la terre tous vos appareils munis d'un port USB-A ou USB-C (modem\/box, ordinateur portable, t\u00e9l\u00e9viseurs, iphone, ipad etc.) et de vous prot\u00e9ger des champs \u00e9lectriques qu'ils \u00e9mettent.","og_url":"https:\/\/369agara.com\/de\/produkt\/cable-terre-usb-a-usb-c-2m\/","og_site_name":"Agara","article_modified_time":"2025-05-12T17:08:05+00:00","og_image":[{"width":807,"height":808,"url":"https:\/\/369agara.com\/wp-content\/uploads\/2023\/08\/cable-usb-de-mise-a-la-terre-avec-douille-cylindrique-1-1.jpg","type":"image\/jpeg"}],"twitter_card":"summary_large_image","twitter_misc":{"Gesch\u00e4tzte Lesezeit":"3\u00a0Minuten"},"schema":{"@context":"https:\/\/schema.org","@graph":[{"@type":"WebPage","@id":"https:\/\/369agara.com\/produit\/cable-terre-usb-a-usb-c-2m\/","url":"https:\/\/369agara.com\/produit\/cable-terre-usb-a-usb-c-2m\/","name":"C\u00e2ble USB-A | USB-C de mise \u00e0 la terre avec douille cylindrique - 2 m | Agara","isPartOf":{"@id":"https:\/\/369agara.com\/#website"},"primaryImageOfPage":{"@id":"https:\/\/369agara.com\/produit\/cable-terre-usb-a-usb-c-2m\/#primaryimage"},"image":{"@id":"https:\/\/369agara.com\/produit\/cable-terre-usb-a-usb-c-2m\/#primaryimage"},"thumbnailUrl":"https:\/\/369agara.com\/wp-content\/uploads\/2023\/08\/cable-usb-de-mise-a-la-terre-avec-douille-cylindrique-1-1.jpg","datePublished":"2023-08-20T13:44:19+00:00","dateModified":"2025-05-12T17:08:05+00:00","description":"Le c\u00e2ble USB-A ou USB-C de mise \u00e0 la terre avec douille cylindrique permet de raccorder \u00e0 la terre tous vos appareils munis d'un port USB-A ou USB-C (modem\/box, ordinateur portable, t\u00e9l\u00e9viseurs, iphone, ipad etc.) et de vous prot\u00e9ger des champs \u00e9lectriques qu'ils \u00e9mettent.","breadcrumb":{"@id":"https:\/\/369agara.com\/produit\/cable-terre-usb-a-usb-c-2m\/#breadcrumb"},"inLanguage":"de","potentialAction":[{"@type":"ReadAction","target":["https:\/\/369agara.com\/produit\/cable-terre-usb-a-usb-c-2m\/"]}]},{"@type":"ImageObject","inLanguage":"de","@id":"https:\/\/369agara.com\/produit\/cable-terre-usb-a-usb-c-2m\/#primaryimage","url":"https:\/\/369agara.com\/wp-content\/uploads\/2023\/08\/cable-usb-de-mise-a-la-terre-avec-douille-cylindrique-1-1.jpg","contentUrl":"https:\/\/369agara.com\/wp-content\/uploads\/2023\/08\/cable-usb-de-mise-a-la-terre-avec-douille-cylindrique-1-1.jpg","width":807,"height":808},{"@type":"BreadcrumbList","@id":"https:\/\/369agara.com\/produit\/cable-terre-usb-a-usb-c-2m\/#breadcrumb","itemListElement":[{"@type":"ListItem","position":1,"name":"Accueil","item":"https:\/\/369agara.com\/"},{"@type":"ListItem","position":2,"name":"La boutique","item":"https:\/\/369agara.com\/la-boutique\/"},{"@type":"ListItem","position":3,"name":"C\u00e2ble USB-A | USB-C de mise \u00e0 la terre avec douille cylindrique &#8211; 2 m"}]},{"@type":"WebSite","@id":"https:\/\/369agara.com\/#website","url":"https:\/\/369agara.com\/","name":"Livsrikedomar","description":"Trennen Sie die Verbindung, um sich besser zu verbinden","publisher":{"@id":"https:\/\/369agara.com\/#organization"},"potentialAction":[{"@type":"SearchAction","target":{"@type":"EntryPoint","urlTemplate":"https:\/\/369agara.com\/?s={search_term_string}"},"query-input":{"@type":"PropertyValueSpecification","valueRequired":true,"valueName":"search_term_string"}}],"inLanguage":"de"},{"@type":"Organization","@id":"https:\/\/369agara.com\/#organization","name":"EACreations","url":"https:\/\/369agara.com\/","logo":{"@type":"ImageObject","inLanguage":"de","@id":"https:\/\/369agara.com\/#\/schema\/logo\/image\/","url":"","contentUrl":"","caption":"EACreations"},"image":{"@id":"https:\/\/369agara.com\/#\/schema\/logo\/image\/"}}]}},"jetpack_sharing_enabled":true,"_links":{"self":[{"href":"https:\/\/369agara.com\/de\/wp-json\/wp\/v2\/product\/1705","targetHints":{"allow":["GET"]}}],"collection":[{"href":"https:\/\/369agara.com\/de\/wp-json\/wp\/v2\/product"}],"about":[{"href":"https:\/\/369agara.com\/de\/wp-json\/wp\/v2\/types\/product"}],"replies":[{"embeddable":true,"href":"https:\/\/369agara.com\/de\/wp-json\/wp\/v2\/comments?post=1705"}],"wp:featuredmedia":[{"embeddable":true,"href":"https:\/\/369agara.com\/de\/wp-json\/wp\/v2\/media\/1714"}],"wp:attachment":[{"href":"https:\/\/369agara.com\/de\/wp-json\/wp\/v2\/media?parent=1705"}],"wp:term":[{"taxonomy":"product_brand","embeddable":true,"href":"https:\/\/369agara.com\/de\/wp-json\/wp\/v2\/product_brand?post=1705"},{"taxonomy":"product_cat","embeddable":true,"href":"https:\/\/369agara.com\/de\/wp-json\/wp\/v2\/product_cat?post=1705"},{"taxonomy":"product_tag","embeddable":true,"href":"https:\/\/369agara.com\/de\/wp-json\/wp\/v2\/product_tag?post=1705"}],"curies":[{"name":"wp","href":"https:\/\/api.w.org\/{rel}","templated":true}]}}