{"id":1715,"date":"2023-08-20T16:10:32","date_gmt":"2023-08-20T14:10:32","guid":{"rendered":"https:\/\/369agara.com\/?post_type=product&#038;p=1715"},"modified":"2025-05-12T19:05:24","modified_gmt":"2025-05-12T17:05:24","slug":"cable-avec-fiche-usb-a-2m","status":"publish","type":"product","link":"https:\/\/369agara.com\/de\/produkt\/cable-avec-fiche-usb-a-2m\/","title":{"rendered":"Geerdetes USB-A-Kabel mit Stecker zum Anschlie\u00dfen - 2 Meter"},"content":{"rendered":"<div class=\"block md-bottom product-description-block\">\n<div class=\"block-content box-bg\">\n<div class=\"product-description typo\">\n<p><span style=\"font-family: 'Book Antiqua', Palatino; color: #333399; font-size: 120%;\">Mit dem USB-Erdungskabel k\u00f6nnen Sie alle Ihre Ger\u00e4te mit USB-Anschluss (Modem\/Box, Laptop, Fernseher usw.) erden und sich so vor den von ihnen ausgehenden elektrischen Feldern sch\u00fctzen.<\/span><\/p>\n<p><span style=\"font-family: 'Book Antiqua', Palatino; color: #333399; font-size: 120%;\">Modems oder Boxen sind nicht geerdet und erzeugen daher ein starkes elektrisches Feld, das sich vielf\u00e4ltig auf den K\u00f6rper auswirkt: Stress, Reizbarkeit, Nervosit\u00e4t, Kopfschmerzen, Hyperaktivit\u00e4t, Konzentrationsschwierigkeiten, Schlafst\u00f6rungen etc.<\/span><\/p>\n<p><span style=\"font-family: 'Book Antiqua', Palatino; color: #333399; font-size: 120%;\">Dieses USB-Erdungskabel neutralisiert sie wirksam und unterdr\u00fcckt gleichzeitig die elektrischen Felder, die von den an die Box angeschlossenen schnurgebundenen Telefonen ausgehen. Empfindliche Personen werden so beim Telefonieren nicht mehr gest\u00f6rt.<\/span><\/p>\n<p><span style=\"font-family: 'Book Antiqua', Palatino; color: #333399; font-size: 120%;\">Er kann auch elektrische Felder unterdr\u00fccken, die von einem Laptop ohne Erdungsanschluss (2-poliger, flacher Stecker) und von anderen Ger\u00e4ten ohne Erdungsanschluss, aber mit USB-Anschluss (z. B. Fernseher) ausgehen.<\/span><\/p>\n<p><span style=\"font-family: 'Book Antiqua', Palatino; color: #333399; font-size: 120%;\"><strong><span style=\"color: #ed1c24;\">Achtung! Dieses USB-Kabel muss an eine geerdete Wandsteckdose angeschlossen werden!<\/span>\u00a0<\/strong><\/span><\/p>\n<h3><span style=\"font-family: 'Book Antiqua', Palatino; color: #333399; font-size: 120%;\">Technische Daten<\/span><\/h3>\n<ul>\n<li><span style=\"font-family: 'Book Antiqua', Palatino; color: #333399; font-size: 120%;\">Europ\u00e4ische Steckdose Typ 2P+T (kompatibel mit franz\u00f6sischen Steckdosen und geschirmten Danell-Steckdosenleisten)<\/span><\/li>\n<li><span style=\"font-family: 'Book Antiqua', Palatino; color: #333399; font-size: 120%;\">L\u00e4nge: 2 Meter<\/span><\/li>\n<li><span style=\"font-family: 'Book Antiqua', Palatino; color: #333399; font-size: 120%;\">Farben: Kupfer<\/span><\/li>\n<li><span style=\"font-family: 'Book Antiqua', Palatino; color: #333399; font-size: 120%;\">Gewicht: 0.130 kg<\/span><\/li>\n<li><span style=\"font-family: 'Book Antiqua', Palatino; color: #333399; font-size: 120%;\">Garantie: 2 Jahre<\/span><\/li>\n<\/ul>\n<p><span style=\"font-family: 'Book Antiqua', Palatino; color: #333399; font-size: 120%;\">Hergestellt in Frankreich<\/span><\/p>\n<h3><span style=\"font-family: 'Book Antiqua', Palatino; color: #333399; font-size: 120%;\">Vorsichtsma\u00dfnahmen bei der Verwendung<\/span><\/h3>\n<p><span style=\"font-family: 'Book Antiqua', Palatino; color: #333399; font-size: 120%;\">Da dieses Kabel mit der elektrischen Erdung verbunden werden muss, ist es wichtig, sein Vorhandensein und seine Qualit\u00e4t zu \u00fcberpr\u00fcfen.\u00a0<\/span><\/p>\n<p><span style=\"font-family: 'Book Antiqua', Palatino; color: #333399; font-size: 120%;\">Sie k\u00f6nnen sein Vorhandensein mit dem Earthing-Erdtestger\u00e4t und seine Qualit\u00e4t mit einem Erdungsmessger\u00e4t wie dem Tohm-E oder dem Catohm DT-300 \u00fcberpr\u00fcfen.<\/span><\/p>\n<p><span style=\"font-family: 'Book Antiqua', Palatino; color: #ed1c24; font-size: 120%;\">Gem\u00e4\u00df der Norm NF C15-100 darf der Widerstand des Erdungsanschlusses h\u00f6chstens 100 Ohm betragen. Um elektrische Felder und Streuspannungen zu neutralisieren, empfehlen wir jedoch einen Erdungswiderstand von 50 Ohm oder weniger.\u00a0<\/span><\/p>\n<p><span style=\"font-family: 'Book Antiqua', Palatino; color: #ed1c24; font-size: 120%;\">Im Zweifelsfall wenden Sie sich bitte an einen Elektriker.<\/span><\/p>\n<\/div>\n<\/div>\n<\/div>\n<div class=\"block product-attachments-block sm-bottom\">\n<h3 class=\"title-block\"><span style=\"font-family: 'Book Antiqua', Palatino; color: #333399; font-size: 120%;\">Denken Sie daran, zu konsultieren<\/span><\/h3>\n<div class=\"block-content\">\n<section class=\"product-attachments\">\n<div class=\"row\">\n<div class=\"attachment col-12 col-lg-4\">\n<div class=\"box-bg my-2\">\n<ul>\n<li class=\"h5\"><span style=\"font-family: 'Book Antiqua', Palatino; color: #333399; font-size: 120%;\">USB-Kabel<\/span><br \/>\n<span style=\"font-family: 'Book Antiqua', Palatino; color: #333399; font-size: 120%;\">Datenblatt USB-Erdungskabel<\/span><\/li>\n<\/ul>\n<\/div>\n<\/div>\n<\/div>\n<\/section>\n<\/div>\n<\/div>","protected":false},"excerpt":{"rendered":"<p><span style=\"font-family: 'Book Antiqua', Palatino; font-size: 120%; color: #333399;\">Mit dem USB-Erdungskabel k\u00f6nnen Sie alle Ihre Ger\u00e4te mit USB-Anschluss (Modem\/Box, Laptop, Fernseher usw.) erden und sich so vor den von ihnen ausgehenden elektrischen Feldern sch\u00fctzen.\u00a0<\/span><\/p>","protected":false},"featured_media":1716,"comment_status":"open","ping_status":"closed","template":"","meta":[],"product_brand":[],"product_cat":[164],"product_tag":[248,246,247,251,249,245],"class_list":{"0":"post-1715","1":"product","2":"type-product","3":"status-publish","4":"has-post-thumbnail","6":"product_cat-baubiologie","7":"product_tag-baubiologie","8":"product_tag-bureau","9":"product_tag-chambre","10":"product_tag-electricite","11":"product_tag-electromagnetisme","12":"product_tag-maison","14":"first","15":"instock","16":"taxable","17":"shipping-taxable","18":"purchasable","19":"product-type-simple"},"yoast_head":"<!-- This site is optimized with the Yoast SEO Premium plugin v25.1 (Yoast SEO v27.4) - https:\/\/yoast.com\/product\/yoast-seo-premium-wordpress\/ -->\n<title>C\u00e2ble USB-A de mise \u00e0 la terre avec fiche de branchement - 2 m\u00e8tres | Agara<\/title>\n<meta name=\"description\" content=\"Le c\u00e2ble USB de mise \u00e0 la terre permet de raccorder \u00e0 la terre tous vos appareils munis d&#039;un port USB (modem\/box, ordinateur portable, t\u00e9l\u00e9viseurs, etc.) et de vous prot\u00e9ger des champs \u00e9lectriques qu&#039;ils \u00e9mettent.\u00a0\" \/>\n<meta name=\"robots\" content=\"index, follow, max-snippet:-1, max-image-preview:large, max-video-preview:-1\" \/>\n<link rel=\"canonical\" href=\"https:\/\/369agara.com\/de\/produkt\/cable-avec-fiche-usb-a-2m\/\" \/>\n<meta property=\"og:locale\" content=\"de_DE\" \/>\n<meta property=\"og:type\" content=\"article\" \/>\n<meta property=\"og:title\" content=\"C\u00e2ble USB-A de mise \u00e0 la terre avec fiche de branchement - 2 m\u00e8tres\" \/>\n<meta property=\"og:description\" content=\"Le c\u00e2ble USB de mise \u00e0 la terre permet de raccorder \u00e0 la terre tous vos appareils munis d&#039;un port USB (modem\/box, ordinateur portable, t\u00e9l\u00e9viseurs, etc.) et de vous prot\u00e9ger des champs \u00e9lectriques qu&#039;ils \u00e9mettent.\u00a0\" \/>\n<meta property=\"og:url\" content=\"https:\/\/369agara.com\/de\/produkt\/cable-avec-fiche-usb-a-2m\/\" \/>\n<meta property=\"og:site_name\" content=\"Agara\" \/>\n<meta property=\"article:modified_time\" content=\"2025-05-12T17:05:24+00:00\" \/>\n<meta property=\"og:image\" content=\"https:\/\/369agara.com\/wp-content\/uploads\/2023\/08\/cable-usb-de-mise-a-la-terre.jpg\" \/>\n\t<meta property=\"og:image:width\" content=\"800\" \/>\n\t<meta property=\"og:image:height\" content=\"800\" \/>\n\t<meta property=\"og:image:type\" content=\"image\/jpeg\" \/>\n<meta name=\"twitter:card\" content=\"summary_large_image\" \/>\n<meta name=\"twitter:label1\" content=\"Gesch\u00e4tzte Lesezeit\" \/>\n\t<meta name=\"twitter:data1\" content=\"2\u00a0Minuten\" \/>\n<script type=\"application\/ld+json\" class=\"yoast-schema-graph\">{\"@context\":\"https:\\\/\\\/schema.org\",\"@graph\":[{\"@type\":\"WebPage\",\"@id\":\"https:\\\/\\\/369agara.com\\\/produit\\\/cable-avec-fiche-usb-a-2m\\\/\",\"url\":\"https:\\\/\\\/369agara.com\\\/produit\\\/cable-avec-fiche-usb-a-2m\\\/\",\"name\":\"C\u00e2ble USB-A de mise \u00e0 la terre avec fiche de branchement - 2 m\u00e8tres | Agara\",\"isPartOf\":{\"@id\":\"https:\\\/\\\/369agara.com\\\/#website\"},\"primaryImageOfPage\":{\"@id\":\"https:\\\/\\\/369agara.com\\\/produit\\\/cable-avec-fiche-usb-a-2m\\\/#primaryimage\"},\"image\":{\"@id\":\"https:\\\/\\\/369agara.com\\\/produit\\\/cable-avec-fiche-usb-a-2m\\\/#primaryimage\"},\"thumbnailUrl\":\"https:\\\/\\\/369agara.com\\\/wp-content\\\/uploads\\\/2023\\\/08\\\/cable-usb-de-mise-a-la-terre.jpg\",\"datePublished\":\"2023-08-20T14:10:32+00:00\",\"dateModified\":\"2025-05-12T17:05:24+00:00\",\"description\":\"Le c\u00e2ble USB de mise \u00e0 la terre permet de raccorder \u00e0 la terre tous vos appareils munis d'un port USB (modem\\\/box, ordinateur portable, t\u00e9l\u00e9viseurs, etc.) et de vous prot\u00e9ger des champs \u00e9lectriques qu'ils \u00e9mettent.\u00a0\",\"breadcrumb\":{\"@id\":\"https:\\\/\\\/369agara.com\\\/produit\\\/cable-avec-fiche-usb-a-2m\\\/#breadcrumb\"},\"inLanguage\":\"de\",\"potentialAction\":[{\"@type\":\"ReadAction\",\"target\":[\"https:\\\/\\\/369agara.com\\\/produit\\\/cable-avec-fiche-usb-a-2m\\\/\"]}]},{\"@type\":\"ImageObject\",\"inLanguage\":\"de\",\"@id\":\"https:\\\/\\\/369agara.com\\\/produit\\\/cable-avec-fiche-usb-a-2m\\\/#primaryimage\",\"url\":\"https:\\\/\\\/369agara.com\\\/wp-content\\\/uploads\\\/2023\\\/08\\\/cable-usb-de-mise-a-la-terre.jpg\",\"contentUrl\":\"https:\\\/\\\/369agara.com\\\/wp-content\\\/uploads\\\/2023\\\/08\\\/cable-usb-de-mise-a-la-terre.jpg\",\"width\":800,\"height\":800},{\"@type\":\"BreadcrumbList\",\"@id\":\"https:\\\/\\\/369agara.com\\\/produit\\\/cable-avec-fiche-usb-a-2m\\\/#breadcrumb\",\"itemListElement\":[{\"@type\":\"ListItem\",\"position\":1,\"name\":\"Accueil\",\"item\":\"https:\\\/\\\/369agara.com\\\/\"},{\"@type\":\"ListItem\",\"position\":2,\"name\":\"La boutique\",\"item\":\"https:\\\/\\\/369agara.com\\\/la-boutique\\\/\"},{\"@type\":\"ListItem\",\"position\":3,\"name\":\"C\u00e2ble USB-A de mise \u00e0 la terre avec fiche de branchement &#8211; 2 m\u00e8tres\"}]},{\"@type\":\"WebSite\",\"@id\":\"https:\\\/\\\/369agara.com\\\/#website\",\"url\":\"https:\\\/\\\/369agara.com\\\/\",\"name\":\"Livsrikedomar\",\"description\":\"D\u00e9connectez pour mieux vous connecter\",\"publisher\":{\"@id\":\"https:\\\/\\\/369agara.com\\\/#organization\"},\"potentialAction\":[{\"@type\":\"SearchAction\",\"target\":{\"@type\":\"EntryPoint\",\"urlTemplate\":\"https:\\\/\\\/369agara.com\\\/?s={search_term_string}\"},\"query-input\":{\"@type\":\"PropertyValueSpecification\",\"valueRequired\":true,\"valueName\":\"search_term_string\"}}],\"inLanguage\":\"de\"},{\"@type\":\"Organization\",\"@id\":\"https:\\\/\\\/369agara.com\\\/#organization\",\"name\":\"EACreations\",\"url\":\"https:\\\/\\\/369agara.com\\\/\",\"logo\":{\"@type\":\"ImageObject\",\"inLanguage\":\"de\",\"@id\":\"https:\\\/\\\/369agara.com\\\/#\\\/schema\\\/logo\\\/image\\\/\",\"url\":\"\",\"contentUrl\":\"\",\"caption\":\"EACreations\"},\"image\":{\"@id\":\"https:\\\/\\\/369agara.com\\\/#\\\/schema\\\/logo\\\/image\\\/\"}}]}<\/script>\n<!-- \/ Yoast SEO Premium plugin. -->","yoast_head_json":{"title":"C\u00e2ble USB-A de mise \u00e0 la terre avec fiche de branchement - 2 m\u00e8tres | Agara","description":"Le c\u00e2ble USB de mise \u00e0 la terre permet de raccorder \u00e0 la terre tous vos appareils munis d'un port USB (modem\/box, ordinateur portable, t\u00e9l\u00e9viseurs, etc.) et de vous prot\u00e9ger des champs \u00e9lectriques qu'ils \u00e9mettent.\u00a0","robots":{"index":"index","follow":"follow","max-snippet":"max-snippet:-1","max-image-preview":"max-image-preview:large","max-video-preview":"max-video-preview:-1"},"canonical":"https:\/\/369agara.com\/de\/produkt\/cable-avec-fiche-usb-a-2m\/","og_locale":"de_DE","og_type":"article","og_title":"C\u00e2ble USB-A de mise \u00e0 la terre avec fiche de branchement - 2 m\u00e8tres","og_description":"Le c\u00e2ble USB de mise \u00e0 la terre permet de raccorder \u00e0 la terre tous vos appareils munis d'un port USB (modem\/box, ordinateur portable, t\u00e9l\u00e9viseurs, etc.) et de vous prot\u00e9ger des champs \u00e9lectriques qu'ils \u00e9mettent.\u00a0","og_url":"https:\/\/369agara.com\/de\/produkt\/cable-avec-fiche-usb-a-2m\/","og_site_name":"Agara","article_modified_time":"2025-05-12T17:05:24+00:00","og_image":[{"width":800,"height":800,"url":"https:\/\/369agara.com\/wp-content\/uploads\/2023\/08\/cable-usb-de-mise-a-la-terre.jpg","type":"image\/jpeg"}],"twitter_card":"summary_large_image","twitter_misc":{"Gesch\u00e4tzte Lesezeit":"2\u00a0Minuten"},"schema":{"@context":"https:\/\/schema.org","@graph":[{"@type":"WebPage","@id":"https:\/\/369agara.com\/produit\/cable-avec-fiche-usb-a-2m\/","url":"https:\/\/369agara.com\/produit\/cable-avec-fiche-usb-a-2m\/","name":"C\u00e2ble USB-A de mise \u00e0 la terre avec fiche de branchement - 2 m\u00e8tres | Agara","isPartOf":{"@id":"https:\/\/369agara.com\/#website"},"primaryImageOfPage":{"@id":"https:\/\/369agara.com\/produit\/cable-avec-fiche-usb-a-2m\/#primaryimage"},"image":{"@id":"https:\/\/369agara.com\/produit\/cable-avec-fiche-usb-a-2m\/#primaryimage"},"thumbnailUrl":"https:\/\/369agara.com\/wp-content\/uploads\/2023\/08\/cable-usb-de-mise-a-la-terre.jpg","datePublished":"2023-08-20T14:10:32+00:00","dateModified":"2025-05-12T17:05:24+00:00","description":"Le c\u00e2ble USB de mise \u00e0 la terre permet de raccorder \u00e0 la terre tous vos appareils munis d'un port USB (modem\/box, ordinateur portable, t\u00e9l\u00e9viseurs, etc.) et de vous prot\u00e9ger des champs \u00e9lectriques qu'ils \u00e9mettent.\u00a0","breadcrumb":{"@id":"https:\/\/369agara.com\/produit\/cable-avec-fiche-usb-a-2m\/#breadcrumb"},"inLanguage":"de","potentialAction":[{"@type":"ReadAction","target":["https:\/\/369agara.com\/produit\/cable-avec-fiche-usb-a-2m\/"]}]},{"@type":"ImageObject","inLanguage":"de","@id":"https:\/\/369agara.com\/produit\/cable-avec-fiche-usb-a-2m\/#primaryimage","url":"https:\/\/369agara.com\/wp-content\/uploads\/2023\/08\/cable-usb-de-mise-a-la-terre.jpg","contentUrl":"https:\/\/369agara.com\/wp-content\/uploads\/2023\/08\/cable-usb-de-mise-a-la-terre.jpg","width":800,"height":800},{"@type":"BreadcrumbList","@id":"https:\/\/369agara.com\/produit\/cable-avec-fiche-usb-a-2m\/#breadcrumb","itemListElement":[{"@type":"ListItem","position":1,"name":"Accueil","item":"https:\/\/369agara.com\/"},{"@type":"ListItem","position":2,"name":"La boutique","item":"https:\/\/369agara.com\/la-boutique\/"},{"@type":"ListItem","position":3,"name":"C\u00e2ble USB-A de mise \u00e0 la terre avec fiche de branchement &#8211; 2 m\u00e8tres"}]},{"@type":"WebSite","@id":"https:\/\/369agara.com\/#website","url":"https:\/\/369agara.com\/","name":"Livsrikedomar","description":"Trennen Sie die Verbindung, um sich besser zu verbinden","publisher":{"@id":"https:\/\/369agara.com\/#organization"},"potentialAction":[{"@type":"SearchAction","target":{"@type":"EntryPoint","urlTemplate":"https:\/\/369agara.com\/?s={search_term_string}"},"query-input":{"@type":"PropertyValueSpecification","valueRequired":true,"valueName":"search_term_string"}}],"inLanguage":"de"},{"@type":"Organization","@id":"https:\/\/369agara.com\/#organization","name":"EACreations","url":"https:\/\/369agara.com\/","logo":{"@type":"ImageObject","inLanguage":"de","@id":"https:\/\/369agara.com\/#\/schema\/logo\/image\/","url":"","contentUrl":"","caption":"EACreations"},"image":{"@id":"https:\/\/369agara.com\/#\/schema\/logo\/image\/"}}]}},"jetpack_sharing_enabled":true,"_links":{"self":[{"href":"https:\/\/369agara.com\/de\/wp-json\/wp\/v2\/product\/1715","targetHints":{"allow":["GET"]}}],"collection":[{"href":"https:\/\/369agara.com\/de\/wp-json\/wp\/v2\/product"}],"about":[{"href":"https:\/\/369agara.com\/de\/wp-json\/wp\/v2\/types\/product"}],"replies":[{"embeddable":true,"href":"https:\/\/369agara.com\/de\/wp-json\/wp\/v2\/comments?post=1715"}],"wp:featuredmedia":[{"embeddable":true,"href":"https:\/\/369agara.com\/de\/wp-json\/wp\/v2\/media\/1716"}],"wp:attachment":[{"href":"https:\/\/369agara.com\/de\/wp-json\/wp\/v2\/media?parent=1715"}],"wp:term":[{"taxonomy":"product_brand","embeddable":true,"href":"https:\/\/369agara.com\/de\/wp-json\/wp\/v2\/product_brand?post=1715"},{"taxonomy":"product_cat","embeddable":true,"href":"https:\/\/369agara.com\/de\/wp-json\/wp\/v2\/product_cat?post=1715"},{"taxonomy":"product_tag","embeddable":true,"href":"https:\/\/369agara.com\/de\/wp-json\/wp\/v2\/product_tag?post=1715"}],"curies":[{"name":"wp","href":"https:\/\/api.w.org\/{rel}","templated":true}]}}