{"id":1717,"date":"2023-08-20T16:28:21","date_gmt":"2023-08-20T14:28:21","guid":{"rendered":"https:\/\/369agara.com\/?post_type=product&#038;p=1717"},"modified":"2025-05-12T19:03:04","modified_gmt":"2025-05-12T17:03:04","slug":"oreillettes-stethoscopiques-fc12-ibrain","status":"publish","type":"product","link":"https:\/\/369agara.com\/de\/produkt\/oreillettes-stethoscopiques-fc12-ibrain\/","title":{"rendered":"ibrain FC12 stethoskopisches Anti-Wellen-Headset | 3,5-mm-Klinkenstecker - Schwarz"},"content":{"rendered":"<p>Das iBrain FC12 Stereo Anti-Wellen-Headset reduziert die von Ihrem Mobiltelefon ausgehende Strahlung um 98 %.<\/p>\n<p>Der Nachteil herk\u00f6mmlicher Ohrh\u00f6rer ist, dass sie die hohen Frequenzen \u00fcber das Kabel direkt in den Geh\u00f6rgang leiten. Dies wird bei 98 % durch das \"Stethoskoprohr\" dieses Headsets, das sich zwischen Mikrofon und H\u00f6rer befindet, zuverl\u00e4ssig vermieden. Dadurch werden die hohen Frequenzen am Mikrofon gestoppt.<\/p>\n<p>Das abgeschirmte Metallkabel, der doppelte Schallkonzentrator, die Abschirmung gegen Magnetfelder und das Luftrohr sch\u00fctzen Sie effektiv und machen dieses Headset ideal f\u00fcr empfindliche Personen, Kinder, Schwangere oder einfach f\u00fcr alle, die sich so weit wie m\u00f6glich vor Wellen sch\u00fctzen m\u00f6chten.<\/p>\n<p>Entwickelt, um Ihrem aktiven Leben standzuhalten und Ihre Gesundheit zu sch\u00fctzen, w\u00e4hrend Sie einen klaren, durch die Luft in der R\u00f6hre geleiteten Klang behalten.<\/p>\n<p>Dieses ultraleichte und ergonomisch geformte Headset sorgt f\u00fcr optimalen Tragekomfort und eine hervorragende Gespr\u00e4chsqualit\u00e4t. Dank der Stereo-Ohrh\u00f6rer eignet es sich auch perfekt zum Musikh\u00f6ren.<\/p>\n<p>Mit den Funktionstasten k\u00f6nnen Sie ganz einfach Ihre Musik steuern und Ihre Anrufe verwalten. Das Headset unterst\u00fctzt Anrufe mit einem hochwertigen Mikrofon, sodass Sie beim Autofahren die H\u00e4nde am Lenkrad lassen k\u00f6nnen oder sie f\u00fcr sportliche Aktivit\u00e4ten frei haben.<\/p>\n<p>Das Anti-Wellen-Headset iBrain FC12 ist auch sehr angenehm zu tragen: Die In-Ear-Kopfh\u00f6rer mit ihren weichen und hautfreundlichen Kunstlederabdeckungen sind durchl\u00e4ssig, angenehm zu tragen und k\u00f6nnen Sie leicht von den Ger\u00e4uschen um Sie herum isolieren.<\/p>\n<p><strong>3,5-mm-Klinkenanschluss,<\/strong>\u00a0kompatibel mit den meisten Smartphones, MP3-Playern, Tablets und Laptops.<br \/>\nF\u00fcr iPhones (bis zum iPhone 15) sollte ein Klinke\/Lightning-Adapter verwendet werden.<br \/>\nBei Smartphones mit USB-C-Anschluss sollte ein Adapter Klinke\/USB-C verwendet werden.<\/p>\n<p>Hinweis: Halten Sie diese Kopfh\u00f6rer von scharfen Gegenst\u00e4nden fern, um Kratzer und Besch\u00e4digungen zu vermeiden!<\/p>\n<h3>Technische Daten<\/h3>\n<ul>\n<li>Modellnummer: FC12<\/li>\n<li>Farben: Schwarz<\/li>\n<li>Durchmesser des Lautsprechers: 8 mm<\/li>\n<li>Empfindlichkeit: 93 \u00b1 2dBSPL bei 1KHZ<\/li>\n<li>Frequenzbereich: 20HZ-20KHZ<\/li>\n<li>Impedanz: 16\u03a9<\/li>\n<li>Kabell\u00e4nge: ca. 132 cm (einschlie\u00dflich der L\u00e4nge des Luftschlauchs)<\/li>\n<li>L\u00e4nge des Luftschlauchs: ca. 15 cm<\/li>\n<li>Gewicht des Kopfh\u00f6rers: 21 g<\/li>\n<li>Gr\u00f6\u00dfe des Pakets: 20,2 x 12,2 x 2,4 cm<\/li>\n<li>Gewicht des Pakets: 67 g<\/li>\n<li>Garantie: 3 Monate<\/li>\n<\/ul>\n<h3>Der Agara-Rat<\/h3>\n<p>Die Strahlung nimmt mit zunehmender Entfernung vom Handy proportional ab.<br \/>\nUm die Belastung, die insbesondere den Kopf erreicht, zu verringern, sollte das Handy w\u00e4hrend des Gespr\u00e4chs so weit wie m\u00f6glich weggelegt oder gehalten werden.<br \/>\nAndererseits sollten Sie die Intensit\u00e4tsanzeige Ihres Handys \u00fcberpr\u00fcfen, damit Sie nur von Orten mit gutem Empfang aus telefonieren, da sonst die Sendeleistung erh\u00f6ht wird.<\/p>\n<p>Beim Telefonieren sendet Ihr Handy deutlich weniger, wenn es mit 3G verbunden ist, als wenn es die anderen Frequenzb\u00e4nder (1800 und 900 MHz) nutzt.<\/p>","protected":false},"excerpt":{"rendered":"<p><span style=\"font-family: 'Book Antiqua', Palatino; font-size: 120%; color: #333399;\">Das ibrain FC12 Stereo Anti-Wellen-Headset reduziert die von Ihrem Mobiltelefon ausgehende Strahlung um 98 %.\u00a0<\/span><\/p>\n<p><span style=\"font-family: 'Book Antiqua', Palatino; font-size: 120%; color: #333399;\">Der Schall wird \u00fcber die Luft (Prinzip des Stethoskoprohrs) und nicht \u00fcber das Kabel geleitet, sodass Sie effektiv gesch\u00fctzt sind. Perfekter Klang f\u00fcr Musik und Kommunikation. Optimaler Tragekomfort.\u00a0<\/span><\/p>\n<p><span style=\"font-family: 'Book Antiqua', Palatino; font-size: 120%; color: #333399;\">Schwarze Farbe.<\/span><\/p>","protected":false},"featured_media":3790,"comment_status":"open","ping_status":"closed","template":"","meta":[],"product_brand":[266],"product_cat":[164],"product_tag":[248,246,247,249,245],"class_list":{"0":"post-1717","1":"product","2":"type-product","3":"status-publish","4":"has-post-thumbnail","6":"product_brand-ibrain","7":"product_cat-baubiologie","8":"product_tag-baubiologie","9":"product_tag-bureau","10":"product_tag-chambre","11":"product_tag-electromagnetisme","12":"product_tag-maison","14":"first","15":"onbackorder","16":"taxable","17":"shipping-taxable","18":"purchasable","19":"product-type-simple"},"yoast_head":"<!-- This site is optimized with the Yoast SEO Premium plugin v25.1 (Yoast SEO v27.4) - https:\/\/yoast.com\/product\/yoast-seo-premium-wordpress\/ -->\n<title>Oreillette anti-ondes st\u00e9thoscopique ibrain FC12 | Connectique jack 3.5 - Noir | Agara<\/title>\n<meta name=\"description\" content=\"L&#039;oreillette anti-ondes iBrain FC12 st\u00e9r\u00e9o permet de r\u00e9duire de 98 % les rayonnements \u00e9mis par votre t\u00e9l\u00e9phone portable.\u00a0Le son est conduit par l&#039;air (principe du tube de st\u00e9thoscope) et non par le c\u00e2ble, vous prot\u00e9geant ainsi efficacement. Son parfait pour la musique et la communication. Confort d&#039;utilisation optimal.\u00a0Coloris noir.\" \/>\n<meta name=\"robots\" content=\"index, follow, max-snippet:-1, max-image-preview:large, max-video-preview:-1\" \/>\n<link rel=\"canonical\" href=\"https:\/\/369agara.com\/de\/produkt\/oreillettes-stethoscopiques-fc12-ibrain\/\" \/>\n<meta property=\"og:locale\" content=\"de_DE\" \/>\n<meta property=\"og:type\" content=\"article\" \/>\n<meta property=\"og:title\" content=\"Oreillette anti-ondes st\u00e9thoscopique ibrain FC12 | Connectique jack 3.5 - Noir\" \/>\n<meta property=\"og:description\" content=\"L&#039;oreillette anti-ondes iBrain FC12 st\u00e9r\u00e9o permet de r\u00e9duire de 98 % les rayonnements \u00e9mis par votre t\u00e9l\u00e9phone portable.\u00a0Le son est conduit par l&#039;air (principe du tube de st\u00e9thoscope) et non par le c\u00e2ble, vous prot\u00e9geant ainsi efficacement. Son parfait pour la musique et la communication. Confort d&#039;utilisation optimal.\u00a0Coloris noir.\" \/>\n<meta property=\"og:url\" content=\"https:\/\/369agara.com\/de\/produkt\/oreillettes-stethoscopiques-fc12-ibrain\/\" \/>\n<meta property=\"og:site_name\" content=\"Agara\" \/>\n<meta property=\"article:modified_time\" content=\"2025-05-12T17:03:04+00:00\" \/>\n<meta property=\"og:image\" content=\"https:\/\/369agara.com\/wp-content\/uploads\/2023\/08\/bonnet.jpg\" \/>\n\t<meta property=\"og:image:width\" content=\"800\" \/>\n\t<meta property=\"og:image:height\" content=\"800\" \/>\n\t<meta property=\"og:image:type\" content=\"image\/jpeg\" \/>\n<meta name=\"twitter:card\" content=\"summary_large_image\" \/>\n<meta name=\"twitter:label1\" content=\"Gesch\u00e4tzte Lesezeit\" \/>\n\t<meta name=\"twitter:data1\" content=\"3\u00a0Minuten\" \/>\n<script type=\"application\/ld+json\" class=\"yoast-schema-graph\">{\"@context\":\"https:\\\/\\\/schema.org\",\"@graph\":[{\"@type\":\"WebPage\",\"@id\":\"https:\\\/\\\/369agara.com\\\/produit\\\/oreillettes-stethoscopiques-fc12-ibrain\\\/\",\"url\":\"https:\\\/\\\/369agara.com\\\/produit\\\/oreillettes-stethoscopiques-fc12-ibrain\\\/\",\"name\":\"Oreillette anti-ondes st\u00e9thoscopique ibrain FC12 | Connectique jack 3.5 - Noir | Agara\",\"isPartOf\":{\"@id\":\"https:\\\/\\\/369agara.com\\\/#website\"},\"primaryImageOfPage\":{\"@id\":\"https:\\\/\\\/369agara.com\\\/produit\\\/oreillettes-stethoscopiques-fc12-ibrain\\\/#primaryimage\"},\"image\":{\"@id\":\"https:\\\/\\\/369agara.com\\\/produit\\\/oreillettes-stethoscopiques-fc12-ibrain\\\/#primaryimage\"},\"thumbnailUrl\":\"https:\\\/\\\/369agara.com\\\/wp-content\\\/uploads\\\/2023\\\/08\\\/bonnet.jpg\",\"datePublished\":\"2023-08-20T14:28:21+00:00\",\"dateModified\":\"2025-05-12T17:03:04+00:00\",\"description\":\"L'oreillette anti-ondes iBrain FC12 st\u00e9r\u00e9o permet de r\u00e9duire de 98 % les rayonnements \u00e9mis par votre t\u00e9l\u00e9phone portable.\u00a0Le son est conduit par l'air (principe du tube de st\u00e9thoscope) et non par le c\u00e2ble, vous prot\u00e9geant ainsi efficacement. Son parfait pour la musique et la communication. Confort d'utilisation optimal.\u00a0Coloris noir.\",\"breadcrumb\":{\"@id\":\"https:\\\/\\\/369agara.com\\\/produit\\\/oreillettes-stethoscopiques-fc12-ibrain\\\/#breadcrumb\"},\"inLanguage\":\"de\",\"potentialAction\":[{\"@type\":\"ReadAction\",\"target\":[\"https:\\\/\\\/369agara.com\\\/produit\\\/oreillettes-stethoscopiques-fc12-ibrain\\\/\"]}]},{\"@type\":\"ImageObject\",\"inLanguage\":\"de\",\"@id\":\"https:\\\/\\\/369agara.com\\\/produit\\\/oreillettes-stethoscopiques-fc12-ibrain\\\/#primaryimage\",\"url\":\"https:\\\/\\\/369agara.com\\\/wp-content\\\/uploads\\\/2023\\\/08\\\/bonnet.jpg\",\"contentUrl\":\"https:\\\/\\\/369agara.com\\\/wp-content\\\/uploads\\\/2023\\\/08\\\/bonnet.jpg\",\"width\":800,\"height\":800},{\"@type\":\"BreadcrumbList\",\"@id\":\"https:\\\/\\\/369agara.com\\\/produit\\\/oreillettes-stethoscopiques-fc12-ibrain\\\/#breadcrumb\",\"itemListElement\":[{\"@type\":\"ListItem\",\"position\":1,\"name\":\"Accueil\",\"item\":\"https:\\\/\\\/369agara.com\\\/\"},{\"@type\":\"ListItem\",\"position\":2,\"name\":\"La boutique\",\"item\":\"https:\\\/\\\/369agara.com\\\/la-boutique\\\/\"},{\"@type\":\"ListItem\",\"position\":3,\"name\":\"Oreillette anti-ondes st\u00e9thoscopique ibrain FC12 | Connectique jack 3.5 &#8211; Noir\"}]},{\"@type\":\"WebSite\",\"@id\":\"https:\\\/\\\/369agara.com\\\/#website\",\"url\":\"https:\\\/\\\/369agara.com\\\/\",\"name\":\"Livsrikedomar\",\"description\":\"D\u00e9connectez pour mieux vous connecter\",\"publisher\":{\"@id\":\"https:\\\/\\\/369agara.com\\\/#organization\"},\"potentialAction\":[{\"@type\":\"SearchAction\",\"target\":{\"@type\":\"EntryPoint\",\"urlTemplate\":\"https:\\\/\\\/369agara.com\\\/?s={search_term_string}\"},\"query-input\":{\"@type\":\"PropertyValueSpecification\",\"valueRequired\":true,\"valueName\":\"search_term_string\"}}],\"inLanguage\":\"de\"},{\"@type\":\"Organization\",\"@id\":\"https:\\\/\\\/369agara.com\\\/#organization\",\"name\":\"EACreations\",\"url\":\"https:\\\/\\\/369agara.com\\\/\",\"logo\":{\"@type\":\"ImageObject\",\"inLanguage\":\"de\",\"@id\":\"https:\\\/\\\/369agara.com\\\/#\\\/schema\\\/logo\\\/image\\\/\",\"url\":\"\",\"contentUrl\":\"\",\"caption\":\"EACreations\"},\"image\":{\"@id\":\"https:\\\/\\\/369agara.com\\\/#\\\/schema\\\/logo\\\/image\\\/\"}}]}<\/script>\n<!-- \/ Yoast SEO Premium plugin. -->","yoast_head_json":{"title":"Oreillette anti-ondes st\u00e9thoscopique ibrain FC12 | Connectique jack 3.5 - Noir | Agara","description":"L'oreillette anti-ondes iBrain FC12 st\u00e9r\u00e9o permet de r\u00e9duire de 98 % les rayonnements \u00e9mis par votre t\u00e9l\u00e9phone portable.\u00a0Le son est conduit par l'air (principe du tube de st\u00e9thoscope) et non par le c\u00e2ble, vous prot\u00e9geant ainsi efficacement. Son parfait pour la musique et la communication. Confort d'utilisation optimal.\u00a0Coloris noir.","robots":{"index":"index","follow":"follow","max-snippet":"max-snippet:-1","max-image-preview":"max-image-preview:large","max-video-preview":"max-video-preview:-1"},"canonical":"https:\/\/369agara.com\/de\/produkt\/oreillettes-stethoscopiques-fc12-ibrain\/","og_locale":"de_DE","og_type":"article","og_title":"Oreillette anti-ondes st\u00e9thoscopique ibrain FC12 | Connectique jack 3.5 - Noir","og_description":"L'oreillette anti-ondes iBrain FC12 st\u00e9r\u00e9o permet de r\u00e9duire de 98 % les rayonnements \u00e9mis par votre t\u00e9l\u00e9phone portable.\u00a0Le son est conduit par l'air (principe du tube de st\u00e9thoscope) et non par le c\u00e2ble, vous prot\u00e9geant ainsi efficacement. Son parfait pour la musique et la communication. Confort d'utilisation optimal.\u00a0Coloris noir.","og_url":"https:\/\/369agara.com\/de\/produkt\/oreillettes-stethoscopiques-fc12-ibrain\/","og_site_name":"Agara","article_modified_time":"2025-05-12T17:03:04+00:00","og_image":[{"width":800,"height":800,"url":"https:\/\/369agara.com\/wp-content\/uploads\/2023\/08\/bonnet.jpg","type":"image\/jpeg"}],"twitter_card":"summary_large_image","twitter_misc":{"Gesch\u00e4tzte Lesezeit":"3\u00a0Minuten"},"schema":{"@context":"https:\/\/schema.org","@graph":[{"@type":"WebPage","@id":"https:\/\/369agara.com\/produit\/oreillettes-stethoscopiques-fc12-ibrain\/","url":"https:\/\/369agara.com\/produit\/oreillettes-stethoscopiques-fc12-ibrain\/","name":"Oreillette anti-ondes st\u00e9thoscopique ibrain FC12 | Connectique jack 3.5 - Noir | Agara","isPartOf":{"@id":"https:\/\/369agara.com\/#website"},"primaryImageOfPage":{"@id":"https:\/\/369agara.com\/produit\/oreillettes-stethoscopiques-fc12-ibrain\/#primaryimage"},"image":{"@id":"https:\/\/369agara.com\/produit\/oreillettes-stethoscopiques-fc12-ibrain\/#primaryimage"},"thumbnailUrl":"https:\/\/369agara.com\/wp-content\/uploads\/2023\/08\/bonnet.jpg","datePublished":"2023-08-20T14:28:21+00:00","dateModified":"2025-05-12T17:03:04+00:00","description":"L'oreillette anti-ondes iBrain FC12 st\u00e9r\u00e9o permet de r\u00e9duire de 98 % les rayonnements \u00e9mis par votre t\u00e9l\u00e9phone portable.\u00a0Le son est conduit par l'air (principe du tube de st\u00e9thoscope) et non par le c\u00e2ble, vous prot\u00e9geant ainsi efficacement. Son parfait pour la musique et la communication. Confort d'utilisation optimal.\u00a0Coloris noir.","breadcrumb":{"@id":"https:\/\/369agara.com\/produit\/oreillettes-stethoscopiques-fc12-ibrain\/#breadcrumb"},"inLanguage":"de","potentialAction":[{"@type":"ReadAction","target":["https:\/\/369agara.com\/produit\/oreillettes-stethoscopiques-fc12-ibrain\/"]}]},{"@type":"ImageObject","inLanguage":"de","@id":"https:\/\/369agara.com\/produit\/oreillettes-stethoscopiques-fc12-ibrain\/#primaryimage","url":"https:\/\/369agara.com\/wp-content\/uploads\/2023\/08\/bonnet.jpg","contentUrl":"https:\/\/369agara.com\/wp-content\/uploads\/2023\/08\/bonnet.jpg","width":800,"height":800},{"@type":"BreadcrumbList","@id":"https:\/\/369agara.com\/produit\/oreillettes-stethoscopiques-fc12-ibrain\/#breadcrumb","itemListElement":[{"@type":"ListItem","position":1,"name":"Accueil","item":"https:\/\/369agara.com\/"},{"@type":"ListItem","position":2,"name":"La boutique","item":"https:\/\/369agara.com\/la-boutique\/"},{"@type":"ListItem","position":3,"name":"Oreillette anti-ondes st\u00e9thoscopique ibrain FC12 | Connectique jack 3.5 &#8211; Noir"}]},{"@type":"WebSite","@id":"https:\/\/369agara.com\/#website","url":"https:\/\/369agara.com\/","name":"Livsrikedomar","description":"Trennen Sie die Verbindung, um sich besser zu verbinden","publisher":{"@id":"https:\/\/369agara.com\/#organization"},"potentialAction":[{"@type":"SearchAction","target":{"@type":"EntryPoint","urlTemplate":"https:\/\/369agara.com\/?s={search_term_string}"},"query-input":{"@type":"PropertyValueSpecification","valueRequired":true,"valueName":"search_term_string"}}],"inLanguage":"de"},{"@type":"Organization","@id":"https:\/\/369agara.com\/#organization","name":"EACreations","url":"https:\/\/369agara.com\/","logo":{"@type":"ImageObject","inLanguage":"de","@id":"https:\/\/369agara.com\/#\/schema\/logo\/image\/","url":"","contentUrl":"","caption":"EACreations"},"image":{"@id":"https:\/\/369agara.com\/#\/schema\/logo\/image\/"}}]}},"jetpack_sharing_enabled":true,"_links":{"self":[{"href":"https:\/\/369agara.com\/de\/wp-json\/wp\/v2\/product\/1717","targetHints":{"allow":["GET"]}}],"collection":[{"href":"https:\/\/369agara.com\/de\/wp-json\/wp\/v2\/product"}],"about":[{"href":"https:\/\/369agara.com\/de\/wp-json\/wp\/v2\/types\/product"}],"replies":[{"embeddable":true,"href":"https:\/\/369agara.com\/de\/wp-json\/wp\/v2\/comments?post=1717"}],"wp:featuredmedia":[{"embeddable":true,"href":"https:\/\/369agara.com\/de\/wp-json\/wp\/v2\/media\/3790"}],"wp:attachment":[{"href":"https:\/\/369agara.com\/de\/wp-json\/wp\/v2\/media?parent=1717"}],"wp:term":[{"taxonomy":"product_brand","embeddable":true,"href":"https:\/\/369agara.com\/de\/wp-json\/wp\/v2\/product_brand?post=1717"},{"taxonomy":"product_cat","embeddable":true,"href":"https:\/\/369agara.com\/de\/wp-json\/wp\/v2\/product_cat?post=1717"},{"taxonomy":"product_tag","embeddable":true,"href":"https:\/\/369agara.com\/de\/wp-json\/wp\/v2\/product_tag?post=1717"}],"curies":[{"name":"wp","href":"https:\/\/api.w.org\/{rel}","templated":true}]}}