{"id":1748,"date":"2023-08-21T17:42:51","date_gmt":"2023-08-21T15:42:51","guid":{"rendered":"https:\/\/369agara.com\/?post_type=product&#038;p=1748"},"modified":"2025-05-12T17:21:06","modified_gmt":"2025-05-12T15:21:06","slug":"rallong-blindee-3m-5m-noir-blanc","status":"publish","type":"product","link":"https:\/\/369agara.com\/de\/produkt\/rallong-blindee-3m-5m-noir-blanc\/","title":{"rendered":"Abgeschirmtes Verl\u00e4ngerungskabel 1.5 mm\u00b2 Biologa Danell 3 m | 5 m - Schwarz | Wei\u00df"},"content":{"rendered":"<div class=\"block md-bottom product-description-block\">\n<div class=\"block-content box-bg\">\n<div class=\"product-description typo\">\n<h3><span style=\"font-family: 'Book Antiqua', Palatino; font-size: 120%; color: #333399;\">Verl\u00e4ngern Sie Ihre Verbindungen, nicht Ihre Wellenbelastung!<\/span><\/h3>\n<p><span style=\"font-family: 'Book Antiqua', Palatino; font-size: 120%; color: #333399;\">Die\u00a0<strong>abgeschirmtes Verl\u00e4ngerungskabel<\/strong>\u00a0Biologa Danell wurde entwickelt, um Ihre Anschl\u00fcsse zu verl\u00e4ngern und gleichzeitig\u00a0<strong>die elektromagnetische Felder (EMF) begrenzen<\/strong>\u00a0in Ihrer Umgebung. Sie ist ideal f\u00fcr Menschen, die sich ein gesundes Zuhause w\u00fcnschen oder an Elektrosensibilit\u00e4t leiden.<\/span><\/p>\n<p><span style=\"font-family: 'Book Antiqua', Palatino; font-size: 120%; color: #333399;\">Mit dem abgeschirmten Biologa Danell Verl\u00e4ngerungskabel 5 m wei\u00df k\u00f6nnen Sie sich sowohl vor elektrischen als auch vor magnetischen Feldern sch\u00fctzen.<\/span><\/p>\n<p><span style=\"font-family: 'Book Antiqua', Palatino; font-size: 120%; color: #333399;\">Aufgrund seiner Konstruktion gibt dieses abgeschirmte Verl\u00e4ngerungskabel im Gegensatz zu einem Standardverl\u00e4ngerungskabel keine elektrischen Felder ab (Niederfrequenz 50 Hertz).\u00a0<\/span><\/p>\n<p><span style=\"font-family: 'Book Antiqua', Palatino; font-size: 120%; color: #333399;\">Dieses abgeschirmte Biologa Danell-Verl\u00e4ngerungskabel ist daher ideal, wenn Sie ein Verl\u00e4ngerungskabel unter Ihrem Bett, hinter einem Sofa oder Schreibtisch verlegen m\u00f6chten.<\/span><\/p>\n<p><span style=\"font-family: 'Book Antiqua', Palatino; font-size: 120%; color: #333399;\">Das Kabel dieses Verl\u00e4ngerungskabels besteht aus drei Dr\u00e4hten (Phase, Erde und Neutralleiter), die mit einer Metallfolie ummantelt sind, die geerdet elektrische Felder unterdr\u00fcckt. Diese Dr\u00e4hte sind au\u00dferdem 15 Mal pro Meter in sich selbst verdreht, um magnetische Felder sehr stark zu d\u00e4mpfen.<\/span><\/p>\n<p><span style=\"font-family: 'Book Antiqua', Palatino; font-size: 120%; color: #333399;\">Der Anschlussstecker ist abgeschirmt.<\/span><\/p>\n<ul>\n<li><span style=\"font-family: 'Book Antiqua', Palatino; font-size: 120%; color: #333399;\"><strong>Vollst\u00e4ndige Abschirmung<\/strong>\u00a0des Kabels gegen niederfrequente elektrische Felder<\/span><\/li>\n<li><span style=\"font-family: 'Book Antiqua', Palatino; font-size: 120%; color: #333399;\"><strong>Reduzierung der elektromagnetischen Emissionen<\/strong>\u00a0um das Kabel herum<\/span><\/li>\n<li><span style=\"font-family: 'Book Antiqua', Palatino; font-size: 120%; color: #333399;\"><strong>Hochwertige Steckverbindungen<\/strong>\u00a0f\u00fcr maximale Sicherheit und Zuverl\u00e4ssigkeit<\/span><\/li>\n<li><span style=\"font-family: 'Book Antiqua', Palatino; font-size: 120%; color: #333399;\"><strong>CE-Normen<\/strong>\u00a0und nachhaltige Materialien<\/span><\/li>\n<li><span style=\"font-family: 'Book Antiqua', Palatino; font-size: 120%; color: #333399;\">Kompatibel mit\u00a0<strong>franz\u00f6sische Steckdosen (Typ E)<\/strong><\/span><\/li>\n<li><span style=\"font-family: 'Book Antiqua', Palatino; font-size: 120%; color: #333399;\">Geeignet f\u00fcr allt\u00e4gliche Elektroger\u00e4te (Lampen, Ladeger\u00e4te, Computer usw.).<\/span><\/li>\n<\/ul>\n<h3><span style=\"font-family: 'Book Antiqua', Palatino; font-size: 120%; color: #333399;\">Ideale Verwendung :<\/span><\/h3>\n<ul>\n<li><span style=\"font-family: 'Book Antiqua', Palatino; font-size: 120%; color: #333399;\">Schlafzimmer (z. B. Nachttischlampe)<\/span><\/li>\n<li><span style=\"font-family: 'Book Antiqua', Palatino; font-size: 120%; color: #333399;\">B\u00fcro oder Arbeitsbereich<\/span><\/li>\n<li><span style=\"font-family: 'Book Antiqua', Palatino; font-size: 120%; color: #333399;\">Wohnzimmer \/ Fernsehbereich<\/span><\/li>\n<li><span style=\"font-family: 'Book Antiqua', Palatino; font-size: 120%; color: #333399;\">Audio-\/HiFi-Anlage<\/span><\/li>\n<li><span style=\"font-family: 'Book Antiqua', Palatino; font-size: 120%; color: #333399;\">Ruhezonen \/ Energiepflege<\/span><\/li>\n<li><span style=\"font-family: 'Book Antiqua', Palatino; font-size: 120%; color: #333399;\"><strong>Wellenfreies Wohnen f\u00fcr elektrohypersensible Personen (EHS)<\/strong><\/span><\/li>\n<\/ul>\n<h3><span style=\"font-family: 'Book Antiqua', Palatino; font-size: 120%; color: #333399;\">Warum sollte man ein abgeschirmtes Verl\u00e4ngerungskabel verwenden?<\/span><\/h3>\n<p><span style=\"font-family: 'Book Antiqua', Palatino; font-size: 120%; color: #333399;\">Herk\u00f6mmliche Verl\u00e4ngerungskabel strahlen \u00fcber ihre gesamte L\u00e4nge elektrische Felder ab, auch ohne angeschlossenes Ger\u00e4t.<\/span><br \/>\n<span style=\"font-family: 'Book Antiqua', Palatino; font-size: 120%; color: #333399;\">Unser abgeschirmtes Verl\u00e4ngerungskabel\u00a0<strong>unterbricht diese Emissionen durch eine vollst\u00e4ndige Abschirmung<\/strong>und tr\u00e4gt zu einer besseren Umwelt bei\u00a0<strong>ges\u00fcnder und gelassener<\/strong>.<\/span><\/p>\n<ul>\n<li><span style=\"font-family: 'Book Antiqua', Palatino; font-size: 120%; color: #333399;\">Elektrische Felder beeinflussen unser Nerven-, Endokrin- und Immunsystem. Sie st\u00f6ren die Aussch\u00fcttung von Melatonin (Schlafhormon, Antikrebsmittel) und das S\u00e4ure-Basen-Gleichgewicht, indem sie unseren K\u00f6rper \u00fcbers\u00e4uern. Au\u00dferdem ionisieren sie die Luft positiv, was zu einer erh\u00f6hten Herzfrequenz, Stress, Unwohlsein und einer ver\u00e4nderten Sauerstoffversorgung des Gehirns f\u00fchrt.<\/span><\/li>\n<li><span style=\"font-family: 'Book Antiqua', Palatino; font-size: 120%; color: #333399;\">Magnetfelder wirken sich auf unser Zellsystem aus. \u00a0<\/span><\/li>\n<\/ul>\n<p><span style=\"font-family: 'Book Antiqua', Palatino; font-size: 120%; color: #ed1c24;\"><strong>Achtung! Um keine elektrischen Felder abzustrahlen, muss dieses abgeschirmte Verl\u00e4ngerungskabel an eine geerdete Wandsteckdose angeschlossen werden!\u00a0<\/strong><\/span><\/p>\n<p><span style=\"font-family: 'Book Antiqua', Palatino; font-size: 120%; color: #333399;\">Die \u00dcberpr\u00fcfung und Wirksamkeit der Abschirmung wurde nach den Normen TCO'99, Band I (MPR II, DIN prEN 50279) gemessen.<\/span><\/p>\n<h3><span style=\"font-family: 'Book Antiqua', Palatino; font-size: 120%; color: #333399;\">Technische Daten<\/span><\/h3>\n<ul>\n<li><span style=\"font-family: 'Book Antiqua', Palatino; font-size: 120%; color: #333399;\">Anschl\u00fcsse: Europ\u00e4ische 2P+T-Stecker und -Buchsen<\/span><\/li>\n<li><span style=\"font-family: 'Book Antiqua', Palatino; font-size: 120%; color: #333399;\">Kindersicherung<\/span><\/li>\n<li><span style=\"font-family: 'Book Antiqua', Palatino; font-size: 120%; color: #333399;\">Abgeschirmtes Kabel 3 x 1,5 mm\u00b2 (VDE)<\/span><\/li>\n<li><span style=\"font-family: 'Book Antiqua', Palatino; font-size: 120%; color: #333399;\">L\u00e4nge des abgeschirmten Kabels: 5 Meter<\/span><\/li>\n<li><span style=\"font-family: 'Book Antiqua', Palatino; font-size: 120%; color: #333399;\">Farben: Wei\u00df<\/span><\/li>\n<li><span style=\"font-family: 'Book Antiqua', Palatino; font-size: 120%; color: #333399;\">Abgeschirmtes Schuko-Verl\u00e4ngerungskabel von h\u00f6chster Qualit\u00e4t und Robustheit<\/span><\/li>\n<li><span style=\"font-family: 'Book Antiqua', Palatino; font-size: 120%; color: #333399;\">Gussh\u00fclse, EWG-Norm 7 \/ VII, DIN 49441<\/span><\/li>\n<li><span style=\"font-family: 'Book Antiqua', Palatino; font-size: 120%; color: #333399;\">Durchmesser \u00d8 8,4 mm \u00b1 0,2 mm<\/span><\/li>\n<li><span style=\"font-family: 'Book Antiqua', Palatino; font-size: 120%; color: #333399;\">Kabelisolierung aus Polyvinylchlorid<\/span><\/li>\n<li><span style=\"font-family: 'Book Antiqua', Palatino; font-size: 120%; color: #333399;\">Betriebsspannung 230 V Wechselstrom (max. 250 VAC \/ 50 Hz - 16 A nach IEC 320-1<\/span><\/li>\n<li><span style=\"font-family: 'Book Antiqua', Palatino; font-size: 120%; color: #333399;\">Einzeln getestet nach EN 60320 \/ 2.2 (iso 9002) TCO'99 (MPR II, DIN prEN 50279)<\/span><\/li>\n<li><span style=\"font-family: 'Book Antiqua', Palatino; font-size: 120%; color: #333399;\">Abschirmungsd\u00e4mpfung: &gt; 99 % (abh\u00e4ngig von der Erdung)<\/span><\/li>\n<li><span style=\"font-family: 'Book Antiqua', Palatino; font-size: 120%; color: #333399;\">Leistung 3500 W max. \/ 16 A max. \u00a0<\/span><\/li>\n<\/ul>\n<p><span style=\"font-family: 'Book Antiqua', Palatino; font-size: 120%; color: #333399;\">Hergestellt in Deutschland<\/span><\/p>\n<\/div>\n<\/div>\n<\/div>\n<div class=\"block product-attachments-block sm-bottom\">\n<h3 class=\"title-block\"><span style=\"font-family: 'Book Antiqua', Palatino; font-size: 120%; color: #333399;\">Denken Sie daran, zu konsultieren<\/span><\/h3>\n<div class=\"block-content\">\n<section class=\"product-attachments\">\n<div class=\"row\">\n<div class=\"attachment col-12 col-lg-4\">\n<div class=\"box-bg my-2\">\n<ul>\n<li class=\"h5\"><span style=\"font-family: 'Book Antiqua', Palatino; font-size: 120%; color: #333399;\">Abgeschirmtes Verl\u00e4ngerungskabel Danell<\/span><br \/>\n<span style=\"font-family: 'Book Antiqua', Palatino; font-size: 120%; color: #333399;\">Datenblatt<\/span><\/li>\n<\/ul>\n<\/div>\n<\/div>\n<\/div>\n<\/section>\n<\/div>\n<\/div>","protected":false},"excerpt":{"rendered":"<p><span style=\"font-family: 'Book Antiqua', Palatino; font-size: 120%; color: #333399;\">Die\u00a0<strong>abgeschirmtes Verl\u00e4ngerungskabel<\/strong>\u00a0Biologa Danell wurde entwickelt, um Ihre Anschl\u00fcsse zu verl\u00e4ngern und gleichzeitig\u00a0<strong>die elektromagnetische Felder (EMF) begrenzen<\/strong> in Ihrer Umgebung. Sie ist ideal f\u00fcr Menschen, die sich ein gesundes Zuhause w\u00fcnschen oder an Elektrosensibilit\u00e4t leiden.\u00a0<\/span><\/p>\n<p><span style=\"font-family: 'Book Antiqua', Palatino; font-size: 120%; color: #333399;\">Mit ihr k\u00f6nnen Sie sich sowohl vor elektrischen als auch vor magnetischen Feldern sch\u00fctzen.\u00a0<\/span><\/p>\n<p><span style=\"font-family: 'Book Antiqua', Palatino; font-size: 120%; color: #333399;\">L\u00e4nge 3 oder 5 Meter.\u00a0<\/span><br \/>\n<span style=\"font-family: 'Book Antiqua', Palatino; font-size: 120%; color: #333399;\">Wei\u00df oder schwarz, abgeschirmter Anschlussstecker, kindersicher.\u00a0<\/span><\/p>\n<p><span style=\"font-family: 'Book Antiqua', Palatino; font-size: 120%; color: #333399;\">Ideal unter einem Bett oder am Schreibtisch.<\/span><\/p>","protected":false},"featured_media":3785,"comment_status":"open","ping_status":"closed","template":"","meta":[],"product_brand":[265],"product_cat":[164],"product_tag":[248,246,247,251,249,245],"class_list":{"0":"post-1748","1":"product","2":"type-product","3":"status-publish","4":"has-post-thumbnail","6":"product_brand-biologa-danell","7":"product_cat-baubiologie","8":"product_tag-baubiologie","9":"product_tag-bureau","10":"product_tag-chambre","11":"product_tag-electricite","12":"product_tag-electromagnetisme","13":"product_tag-maison","15":"first","16":"instock","17":"taxable","18":"shipping-taxable","19":"purchasable","20":"product-type-variable"},"yoast_head":"<!-- This site is optimized with the Yoast SEO Premium plugin v25.1 (Yoast SEO v27.4) - https:\/\/yoast.com\/product\/yoast-seo-premium-wordpress\/ -->\n<title>Rallonge blind\u00e9e 1.5 mm\u00b2 Biologa Danell 3 m | 5 m - Noir | Blanc | Agara<\/title>\n<meta name=\"description\" content=\"La\u00a0rallonge \u00e9lectrique blind\u00e9e\u00a0Biologa Danell est con\u00e7ue pour prolonger vos branchements tout en\u00a0limitant les champs \u00e9lectromagn\u00e9tiques (CEM) dans votre environnement. Elle est id\u00e9ale pour les personnes souhaitant un habitat sain ou souffrant d\u2019\u00e9lectrosensibilit\u00e9.\u00a0Elle permet de vous prot\u00e9ger \u00e0 la fois des champs \u00e9lectriques et des champs magn\u00e9tiques.\u00a0Longueur 3 ou 5 m\u00e8tres. Blanche ou noire, fiche de branchement blind\u00e9e, s\u00e9curit\u00e9 enfant.\u00a0Id\u00e9ale sous un lit ou au bureau.\" \/>\n<meta name=\"robots\" content=\"index, follow, max-snippet:-1, max-image-preview:large, max-video-preview:-1\" \/>\n<link rel=\"canonical\" href=\"https:\/\/369agara.com\/de\/produkt\/rallong-blindee-3m-5m-noir-blanc\/\" \/>\n<meta property=\"og:locale\" content=\"de_DE\" \/>\n<meta property=\"og:type\" content=\"article\" \/>\n<meta property=\"og:title\" content=\"Rallonge blind\u00e9e 1.5 mm\u00b2 Biologa Danell 3 m | 5 m - Noir | Blanc\" \/>\n<meta property=\"og:description\" content=\"La\u00a0rallonge \u00e9lectrique blind\u00e9e\u00a0Biologa Danell est con\u00e7ue pour prolonger vos branchements tout en\u00a0limitant les champs \u00e9lectromagn\u00e9tiques (CEM) dans votre environnement. Elle est id\u00e9ale pour les personnes souhaitant un habitat sain ou souffrant d\u2019\u00e9lectrosensibilit\u00e9.\u00a0Elle permet de vous prot\u00e9ger \u00e0 la fois des champs \u00e9lectriques et des champs magn\u00e9tiques.\u00a0Longueur 3 ou 5 m\u00e8tres. Blanche ou noire, fiche de branchement blind\u00e9e, s\u00e9curit\u00e9 enfant.\u00a0Id\u00e9ale sous un lit ou au bureau.\" \/>\n<meta property=\"og:url\" content=\"https:\/\/369agara.com\/de\/produkt\/rallong-blindee-3m-5m-noir-blanc\/\" \/>\n<meta property=\"og:site_name\" content=\"Agara\" \/>\n<meta property=\"article:modified_time\" content=\"2025-05-12T15:21:06+00:00\" \/>\n<meta property=\"og:image\" content=\"https:\/\/369agara.com\/wp-content\/uploads\/2023\/08\/rallonge-blindee-danell-5-metres-blanche-15-mm.jpg\" \/>\n\t<meta property=\"og:image:width\" content=\"800\" \/>\n\t<meta property=\"og:image:height\" content=\"800\" \/>\n\t<meta property=\"og:image:type\" content=\"image\/jpeg\" \/>\n<meta name=\"twitter:card\" content=\"summary_large_image\" \/>\n<meta name=\"twitter:label1\" content=\"Gesch\u00e4tzte Lesezeit\" \/>\n\t<meta name=\"twitter:data1\" content=\"3\u00a0Minuten\" \/>\n<script type=\"application\/ld+json\" class=\"yoast-schema-graph\">{\"@context\":\"https:\\\/\\\/schema.org\",\"@graph\":[{\"@type\":\"WebPage\",\"@id\":\"https:\\\/\\\/369agara.com\\\/produit\\\/rallong-blindee-3m-5m-noir-blanc\\\/\",\"url\":\"https:\\\/\\\/369agara.com\\\/produit\\\/rallong-blindee-3m-5m-noir-blanc\\\/\",\"name\":\"Rallonge blind\u00e9e 1.5 mm\u00b2 Biologa Danell 3 m | 5 m - Noir | Blanc | Agara\",\"isPartOf\":{\"@id\":\"https:\\\/\\\/369agara.com\\\/#website\"},\"primaryImageOfPage\":{\"@id\":\"https:\\\/\\\/369agara.com\\\/produit\\\/rallong-blindee-3m-5m-noir-blanc\\\/#primaryimage\"},\"image\":{\"@id\":\"https:\\\/\\\/369agara.com\\\/produit\\\/rallong-blindee-3m-5m-noir-blanc\\\/#primaryimage\"},\"thumbnailUrl\":\"https:\\\/\\\/369agara.com\\\/wp-content\\\/uploads\\\/2023\\\/08\\\/rallonge-blindee-danell-5-metres-blanche-15-mm.jpg\",\"datePublished\":\"2023-08-21T15:42:51+00:00\",\"dateModified\":\"2025-05-12T15:21:06+00:00\",\"description\":\"La\u00a0rallonge \u00e9lectrique blind\u00e9e\u00a0Biologa Danell est con\u00e7ue pour prolonger vos branchements tout en\u00a0limitant les champs \u00e9lectromagn\u00e9tiques (CEM) dans votre environnement. Elle est id\u00e9ale pour les personnes souhaitant un habitat sain ou souffrant d\u2019\u00e9lectrosensibilit\u00e9.\u00a0Elle permet de vous prot\u00e9ger \u00e0 la fois des champs \u00e9lectriques et des champs magn\u00e9tiques.\u00a0Longueur 3 ou 5 m\u00e8tres. Blanche ou noire, fiche de branchement blind\u00e9e, s\u00e9curit\u00e9 enfant.\u00a0Id\u00e9ale sous un lit ou au bureau.\",\"breadcrumb\":{\"@id\":\"https:\\\/\\\/369agara.com\\\/produit\\\/rallong-blindee-3m-5m-noir-blanc\\\/#breadcrumb\"},\"inLanguage\":\"de\",\"potentialAction\":[{\"@type\":\"ReadAction\",\"target\":[\"https:\\\/\\\/369agara.com\\\/produit\\\/rallong-blindee-3m-5m-noir-blanc\\\/\"]}]},{\"@type\":\"ImageObject\",\"inLanguage\":\"de\",\"@id\":\"https:\\\/\\\/369agara.com\\\/produit\\\/rallong-blindee-3m-5m-noir-blanc\\\/#primaryimage\",\"url\":\"https:\\\/\\\/369agara.com\\\/wp-content\\\/uploads\\\/2023\\\/08\\\/rallonge-blindee-danell-5-metres-blanche-15-mm.jpg\",\"contentUrl\":\"https:\\\/\\\/369agara.com\\\/wp-content\\\/uploads\\\/2023\\\/08\\\/rallonge-blindee-danell-5-metres-blanche-15-mm.jpg\",\"width\":800,\"height\":800},{\"@type\":\"BreadcrumbList\",\"@id\":\"https:\\\/\\\/369agara.com\\\/produit\\\/rallong-blindee-3m-5m-noir-blanc\\\/#breadcrumb\",\"itemListElement\":[{\"@type\":\"ListItem\",\"position\":1,\"name\":\"Accueil\",\"item\":\"https:\\\/\\\/369agara.com\\\/\"},{\"@type\":\"ListItem\",\"position\":2,\"name\":\"La boutique\",\"item\":\"https:\\\/\\\/369agara.com\\\/la-boutique\\\/\"},{\"@type\":\"ListItem\",\"position\":3,\"name\":\"Rallonge blind\u00e9e 1.5 mm\u00b2 Biologa Danell 3 m | 5 m &#8211; Noir | Blanc\"}]},{\"@type\":\"WebSite\",\"@id\":\"https:\\\/\\\/369agara.com\\\/#website\",\"url\":\"https:\\\/\\\/369agara.com\\\/\",\"name\":\"Livsrikedomar\",\"description\":\"D\u00e9connectez pour mieux vous connecter\",\"publisher\":{\"@id\":\"https:\\\/\\\/369agara.com\\\/#organization\"},\"potentialAction\":[{\"@type\":\"SearchAction\",\"target\":{\"@type\":\"EntryPoint\",\"urlTemplate\":\"https:\\\/\\\/369agara.com\\\/?s={search_term_string}\"},\"query-input\":{\"@type\":\"PropertyValueSpecification\",\"valueRequired\":true,\"valueName\":\"search_term_string\"}}],\"inLanguage\":\"de\"},{\"@type\":\"Organization\",\"@id\":\"https:\\\/\\\/369agara.com\\\/#organization\",\"name\":\"EACreations\",\"url\":\"https:\\\/\\\/369agara.com\\\/\",\"logo\":{\"@type\":\"ImageObject\",\"inLanguage\":\"de\",\"@id\":\"https:\\\/\\\/369agara.com\\\/#\\\/schema\\\/logo\\\/image\\\/\",\"url\":\"\",\"contentUrl\":\"\",\"caption\":\"EACreations\"},\"image\":{\"@id\":\"https:\\\/\\\/369agara.com\\\/#\\\/schema\\\/logo\\\/image\\\/\"}}]}<\/script>\n<!-- \/ Yoast SEO Premium plugin. -->","yoast_head_json":{"title":"Rallonge blind\u00e9e 1.5 mm\u00b2 Biologa Danell 3 m | 5 m - Noir | Blanc | Agara","description":"La\u00a0rallonge \u00e9lectrique blind\u00e9e\u00a0Biologa Danell est con\u00e7ue pour prolonger vos branchements tout en\u00a0limitant les champs \u00e9lectromagn\u00e9tiques (CEM) dans votre environnement. Elle est id\u00e9ale pour les personnes souhaitant un habitat sain ou souffrant d\u2019\u00e9lectrosensibilit\u00e9.\u00a0Elle permet de vous prot\u00e9ger \u00e0 la fois des champs \u00e9lectriques et des champs magn\u00e9tiques.\u00a0Longueur 3 ou 5 m\u00e8tres. Blanche ou noire, fiche de branchement blind\u00e9e, s\u00e9curit\u00e9 enfant.\u00a0Id\u00e9ale sous un lit ou au bureau.","robots":{"index":"index","follow":"follow","max-snippet":"max-snippet:-1","max-image-preview":"max-image-preview:large","max-video-preview":"max-video-preview:-1"},"canonical":"https:\/\/369agara.com\/de\/produkt\/rallong-blindee-3m-5m-noir-blanc\/","og_locale":"de_DE","og_type":"article","og_title":"Rallonge blind\u00e9e 1.5 mm\u00b2 Biologa Danell 3 m | 5 m - Noir | Blanc","og_description":"La\u00a0rallonge \u00e9lectrique blind\u00e9e\u00a0Biologa Danell est con\u00e7ue pour prolonger vos branchements tout en\u00a0limitant les champs \u00e9lectromagn\u00e9tiques (CEM) dans votre environnement. Elle est id\u00e9ale pour les personnes souhaitant un habitat sain ou souffrant d\u2019\u00e9lectrosensibilit\u00e9.\u00a0Elle permet de vous prot\u00e9ger \u00e0 la fois des champs \u00e9lectriques et des champs magn\u00e9tiques.\u00a0Longueur 3 ou 5 m\u00e8tres. Blanche ou noire, fiche de branchement blind\u00e9e, s\u00e9curit\u00e9 enfant.\u00a0Id\u00e9ale sous un lit ou au bureau.","og_url":"https:\/\/369agara.com\/de\/produkt\/rallong-blindee-3m-5m-noir-blanc\/","og_site_name":"Agara","article_modified_time":"2025-05-12T15:21:06+00:00","og_image":[{"width":800,"height":800,"url":"https:\/\/369agara.com\/wp-content\/uploads\/2023\/08\/rallonge-blindee-danell-5-metres-blanche-15-mm.jpg","type":"image\/jpeg"}],"twitter_card":"summary_large_image","twitter_misc":{"Gesch\u00e4tzte Lesezeit":"3\u00a0Minuten"},"schema":{"@context":"https:\/\/schema.org","@graph":[{"@type":"WebPage","@id":"https:\/\/369agara.com\/produit\/rallong-blindee-3m-5m-noir-blanc\/","url":"https:\/\/369agara.com\/produit\/rallong-blindee-3m-5m-noir-blanc\/","name":"Rallonge blind\u00e9e 1.5 mm\u00b2 Biologa Danell 3 m | 5 m - Noir | Blanc | Agara","isPartOf":{"@id":"https:\/\/369agara.com\/#website"},"primaryImageOfPage":{"@id":"https:\/\/369agara.com\/produit\/rallong-blindee-3m-5m-noir-blanc\/#primaryimage"},"image":{"@id":"https:\/\/369agara.com\/produit\/rallong-blindee-3m-5m-noir-blanc\/#primaryimage"},"thumbnailUrl":"https:\/\/369agara.com\/wp-content\/uploads\/2023\/08\/rallonge-blindee-danell-5-metres-blanche-15-mm.jpg","datePublished":"2023-08-21T15:42:51+00:00","dateModified":"2025-05-12T15:21:06+00:00","description":"La\u00a0rallonge \u00e9lectrique blind\u00e9e\u00a0Biologa Danell est con\u00e7ue pour prolonger vos branchements tout en\u00a0limitant les champs \u00e9lectromagn\u00e9tiques (CEM) dans votre environnement. Elle est id\u00e9ale pour les personnes souhaitant un habitat sain ou souffrant d\u2019\u00e9lectrosensibilit\u00e9.\u00a0Elle permet de vous prot\u00e9ger \u00e0 la fois des champs \u00e9lectriques et des champs magn\u00e9tiques.\u00a0Longueur 3 ou 5 m\u00e8tres. Blanche ou noire, fiche de branchement blind\u00e9e, s\u00e9curit\u00e9 enfant.\u00a0Id\u00e9ale sous un lit ou au bureau.","breadcrumb":{"@id":"https:\/\/369agara.com\/produit\/rallong-blindee-3m-5m-noir-blanc\/#breadcrumb"},"inLanguage":"de","potentialAction":[{"@type":"ReadAction","target":["https:\/\/369agara.com\/produit\/rallong-blindee-3m-5m-noir-blanc\/"]}]},{"@type":"ImageObject","inLanguage":"de","@id":"https:\/\/369agara.com\/produit\/rallong-blindee-3m-5m-noir-blanc\/#primaryimage","url":"https:\/\/369agara.com\/wp-content\/uploads\/2023\/08\/rallonge-blindee-danell-5-metres-blanche-15-mm.jpg","contentUrl":"https:\/\/369agara.com\/wp-content\/uploads\/2023\/08\/rallonge-blindee-danell-5-metres-blanche-15-mm.jpg","width":800,"height":800},{"@type":"BreadcrumbList","@id":"https:\/\/369agara.com\/produit\/rallong-blindee-3m-5m-noir-blanc\/#breadcrumb","itemListElement":[{"@type":"ListItem","position":1,"name":"Accueil","item":"https:\/\/369agara.com\/"},{"@type":"ListItem","position":2,"name":"La boutique","item":"https:\/\/369agara.com\/la-boutique\/"},{"@type":"ListItem","position":3,"name":"Rallonge blind\u00e9e 1.5 mm\u00b2 Biologa Danell 3 m | 5 m &#8211; Noir | Blanc"}]},{"@type":"WebSite","@id":"https:\/\/369agara.com\/#website","url":"https:\/\/369agara.com\/","name":"Livsrikedomar","description":"Trennen Sie die Verbindung, um sich besser zu verbinden","publisher":{"@id":"https:\/\/369agara.com\/#organization"},"potentialAction":[{"@type":"SearchAction","target":{"@type":"EntryPoint","urlTemplate":"https:\/\/369agara.com\/?s={search_term_string}"},"query-input":{"@type":"PropertyValueSpecification","valueRequired":true,"valueName":"search_term_string"}}],"inLanguage":"de"},{"@type":"Organization","@id":"https:\/\/369agara.com\/#organization","name":"EACreations","url":"https:\/\/369agara.com\/","logo":{"@type":"ImageObject","inLanguage":"de","@id":"https:\/\/369agara.com\/#\/schema\/logo\/image\/","url":"","contentUrl":"","caption":"EACreations"},"image":{"@id":"https:\/\/369agara.com\/#\/schema\/logo\/image\/"}}]}},"jetpack_sharing_enabled":true,"_links":{"self":[{"href":"https:\/\/369agara.com\/de\/wp-json\/wp\/v2\/product\/1748","targetHints":{"allow":["GET"]}}],"collection":[{"href":"https:\/\/369agara.com\/de\/wp-json\/wp\/v2\/product"}],"about":[{"href":"https:\/\/369agara.com\/de\/wp-json\/wp\/v2\/types\/product"}],"replies":[{"embeddable":true,"href":"https:\/\/369agara.com\/de\/wp-json\/wp\/v2\/comments?post=1748"}],"wp:featuredmedia":[{"embeddable":true,"href":"https:\/\/369agara.com\/de\/wp-json\/wp\/v2\/media\/3785"}],"wp:attachment":[{"href":"https:\/\/369agara.com\/de\/wp-json\/wp\/v2\/media?parent=1748"}],"wp:term":[{"taxonomy":"product_brand","embeddable":true,"href":"https:\/\/369agara.com\/de\/wp-json\/wp\/v2\/product_brand?post=1748"},{"taxonomy":"product_cat","embeddable":true,"href":"https:\/\/369agara.com\/de\/wp-json\/wp\/v2\/product_cat?post=1748"},{"taxonomy":"product_tag","embeddable":true,"href":"https:\/\/369agara.com\/de\/wp-json\/wp\/v2\/product_tag?post=1748"}],"curies":[{"name":"wp","href":"https:\/\/api.w.org\/{rel}","templated":true}]}}