{"id":1753,"date":"2023-08-21T18:20:43","date_gmt":"2023-08-21T16:20:43","guid":{"rendered":"https:\/\/369agara.com\/?post_type=product&#038;p=1753"},"modified":"2025-05-15T22:01:20","modified_gmt":"2025-05-15T20:01:20","slug":"tapis-universel","status":"publish","type":"product","link":"https:\/\/369agara.com\/de\/produkt\/tapis-universel\/","title":{"rendered":"Universelle Erdungsmatte Earthing"},"content":{"rendered":"<h4><span style=\"font-family: 'Book Antiqua', Palatino; font-size: 120%; color: #333399;\">Dieser Teppich ist ideal f\u00fcr :<\/span><\/h4>\n<ul>\n<li><span style=\"font-family: 'Book Antiqua', Palatino; font-size: 120%; color: #333399;\">das B\u00fcro: arbeiten Sie mit einer Verbindung zur Erde<\/span><\/li>\n<li><span style=\"font-family: 'Book Antiqua', Palatino; font-size: 120%; color: #333399;\">das Bett: genie\u00dfen Sie seine Wohltaten die ganze Nacht lang<\/span><\/li>\n<li><span style=\"font-family: 'Book Antiqua', Palatino; font-size: 120%; color: #333399;\">Meditation oder Yoga auf dem Stuhl: f\u00fcr eine st\u00e4rker verankerte Praxis<\/span><\/li>\n<\/ul>\n<p><span style=\"font-family: 'Book Antiqua', Palatino; font-size: 120%; color: #333399;\">Die universelle Erdungsmatte (Earthing) ist nicht nur ideal, wenn Sie im B\u00fcro sitzen und am Computer arbeiten, sondern auch, wenn Sie fernsehen, ein Buch lesen oder sich einfach nur entspannen.<\/span><\/p>\n<p><span style=\"font-family: 'Book Antiqua', Palatino; font-size: 120%; color: #333399;\">Sie kann direkt unter Ihren nackten F\u00fc\u00dfen oder auf Ihrem Schreibtisch verwendet werden, indem Sie Ihre nackten H\u00e4nde darauf ablegen (in diesem Fall legen Sie auch Ihre Tastatur und Maus darauf).<\/span><\/p>\n<p><span style=\"font-family: 'Book Antiqua', Palatino; font-size: 120%; color: #333399;\">Unter Ihrer Computertastatur und Maus platziert, sorgt es daf\u00fcr, dass Sie geerdet sind, wenn Ihre H\u00e4nde oder Handgelenke auf der Matte ruhen, w\u00e4hrend Sie tippen oder die Maus benutzen.<\/span><\/p>\n<p><span style=\"font-family: 'Book Antiqua', Palatino; font-size: 120%; color: #333399;\">Die Matte ist auch weich und flexibel genug, um sie im Bett zu verwenden, z. B. indem Sie Ihre nackten F\u00fc\u00dfe darauf ablegen.<\/span><\/p>\n<h3><span style=\"font-family: 'Book Antiqua', Palatino; font-size: 120%; color: #333399;\">Verbinden Sie sich von zu Hause aus wieder mit der Erde<\/span><\/h3>\n<p><span style=\"font-family: 'Book Antiqua', Palatino; font-size: 120%; color: #333399;\">Die Earthing-Matte, auch Erdungsmatte genannt, ist ein einfaches und nat\u00fcrliches Hilfsmittel, um das energetische Gleichgewicht des K\u00f6rpers wiederherzustellen. Durch ein Leitungssystem, das mit der Erde verbunden ist, entl\u00e4dt sie statische Elektrizit\u00e4t und elektromagnetische Verschmutzungen, die sich im Alltag angesammelt haben, z. B. wenn man barfu\u00df durch das Gras geht.<\/span><\/p>\n<p><span style=\"font-family: 'Book Antiqua', Palatino; font-size: 120%; color: #333399;\">Wenn Sie alles \u00fcber Earthing wissen m\u00f6chten, dient das Buch von Clinton Ober, Stephen Sinatra und Martin Zucker \"Connecting to the Earth, Maybe the most important discovery on health\" als Standardwerk zu diesem Thema.<\/span><\/p>\n<h3><span style=\"font-family: 'Book Antiqua', Palatino; font-size: 120%; color: #333399;\">Vorteile von Earthing f\u00fcr Ihre Gesundheit\u00a0<\/span><\/h3>\n<ul>\n<li><span style=\"font-family: 'Book Antiqua', Palatino; font-size: 120%; color: #333399;\">Verbesserter Schlaf<\/span><\/li>\n<li><span style=\"font-family: 'Book Antiqua', Palatino; font-size: 120%; color: #333399;\">Abbau von Stress und \u00c4ngsten<\/span><\/li>\n<li><span style=\"font-family: 'Book Antiqua', Palatino; font-size: 120%; color: #333399;\">Verbesserung der Konzentration<\/span><\/li>\n<li><span style=\"font-family: 'Book Antiqua', Palatino; font-size: 120%; color: #333399;\">Verringerung der M\u00fcdigkeit am Ende des Tages, chronischer Schmerzen und Entz\u00fcndungen<\/span><\/li>\n<li><span style=\"font-family: 'Book Antiqua', Palatino; font-size: 120%; color: #333399;\">Bessere k\u00f6rperliche Erholung<\/span><\/li>\n<li><span style=\"font-family: 'Book Antiqua', Palatino; font-size: 120%; color: #333399;\">St\u00e4rkung der nat\u00fcrlichen Immunit\u00e4t<\/span><\/li>\n<li><span style=\"font-family: 'Book Antiqua', Palatino; font-size: 120%; color: #333399;\">Verbesserung der Verdauung und des Blutkreislaufs<\/span><\/li>\n<li><span style=\"font-family: 'Book Antiqua', Palatino; font-size: 120%; color: #333399;\">Linderung von Verspannungen, Kopfschmerzen, hormonellen Symptomen und Menstruationsbeschwerden<\/span><\/li>\n<li><span style=\"font-family: 'Book Antiqua', Palatino; font-size: 120%; color: #333399;\">Verringerung der Symptome von Elektrosensibilit\u00e4t<\/span><\/li>\n<\/ul>\n<p><span style=\"font-family: 'Book Antiqua', Palatino; font-size: 120%; color: #ed1c24;\">Diese Informationen ersetzen keinesfalls den Rat Ihres Arztes und erheben nicht den Anspruch, irgendwelche Krankheitszust\u00e4nde zu behandeln oder zu heilen. Bei gesundheitlichen Problemen wenden Sie sich bitte an Ihren Arzt.<\/span><\/p>\n<h3><span style=\"font-family: 'Book Antiqua', Palatino; font-size: 120%; color: #333399;\">Einfache Installation<\/span><\/h3>\n<p><span style=\"font-family: 'Book Antiqua', Palatino; font-size: 120%; color: #333399;\">Schlie\u00dfen Sie die Matte einfach mit dem mitgelieferten Kabel und Stecker an eine geerdete Wandsteckdose an. Bei direktem Kontakt mit der Haut oder unter einem d\u00fcnnen Tuch beginnt die Matte sofort, die nat\u00fcrliche Energie der Erde zu leiten.<\/span><\/p>\n<p><span style=\"font-family: 'Book Antiqua', Palatino; font-size: 120%; color: #333399;\">Sie muss an eine geerdete Steckdose angeschlossen werden.<\/span><\/p>\n<h3><span style=\"font-family: 'Book Antiqua', Palatino; font-size: 120%; color: #333399;\">Technische Daten<\/span><\/h3>\n<p><span style=\"font-family: 'Book Antiqua', Palatino; font-size: 120%; color: #333399;\">Ma\u00dfe: 68 x 25 cm<\/span><\/p>\n<p><span style=\"font-family: 'Book Antiqua', Palatino; font-size: 120%; color: #333399;\">Hergestellt aus einem Schaumstoffkern mit einer Schicht aus leitf\u00e4higem Kohlenstoff.<\/span><\/p>\n<p><span style=\"font-family: 'Book Antiqua', Palatino; font-size: 120%; color: #333399;\">Wird mit einem 4,60 m langen Erdungskabel und einem Anschlussstecker geliefert.<\/span><\/p>\n<p><span style=\"font-family: 'Book Antiqua', Palatino; font-size: 120%; color: #333399;\">Einfache Pflege (Reinigung mit einem weichen Tuch)<\/span><\/p>\n<h3><span style=\"font-family: 'Book Antiqua', Palatino; font-size: 120%; color: #333399;\">Der Agara-Rat<\/span><\/h3>\n<p><span style=\"font-family: 'Book Antiqua', Palatino; font-size: 120%; color: #333399;\">Damit Earthing wirksam ist, ist es entscheidend, dass Sie die Qualit\u00e4t Ihrer Erdung testen, entweder mit einem geeigneten Ger\u00e4t (Earthing-Steckdosen-Tester, Tohm-E Erdungsmessger\u00e4t oder Catohm DT-300) oder indem Sie einen Fachmann mit entsprechender Ausr\u00fcstung beauftragen.\u00a0<\/span><\/p>\n<p><span style=\"font-family: 'Book Antiqua', Palatino; font-size: 120%; color: #ed1c24;\">Denn wenn die elektrischen Installationen zu alt oder falsch installiert sind, kann es sein, dass die Erdverbindung nicht ausreichend oder gar nicht vorhanden ist.<\/span><\/p>\n<p><span style=\"font-family: 'Book Antiqua', Palatino; font-size: 120%; color: #ed1c24;\">Es ist auch sehr wichtig, elektrische Felder im Raum so weit wie m\u00f6glich einzuschr\u00e4nken (Radiowecker, Nachttischlampen, nicht abgeschirmte Mehrfachsteckdosen und Verl\u00e4ngerungskabel), damit sie die Erdung nicht st\u00f6ren. Z\u00f6gern Sie nicht, sie zu messen oder messen zu lassen!\u00a0<\/span><\/p>","protected":false},"excerpt":{"rendered":"<p><span style=\"font-family: 'Book Antiqua', Palatino; font-size: 120%; color: #333399;\">Entdecken Sie\u00a0<strong>die Vorteile der Erdung<\/strong> mit unserer universellen Erdungsmatte earthing.\u00a0<\/span><\/p>\n<p><span style=\"font-family: 'Book Antiqua', Palatino; font-size: 120%; color: #333399;\"><strong>Ideal f\u00fcr den Schreibtisch, das Bett oder zum Entspannen<\/strong>Es verbindet Sie wieder mit der nat\u00fcrlichen Energie der Erde, um einen erholsamen Schlaf zu f\u00f6rdern, Stress abzubauen und Ihre Vitalit\u00e4t zu steigern.\u00a0<\/span><\/p>\n<p><span style=\"font-family: 'Book Antiqua', Palatino; font-size: 120%; color: #333399;\">Wird mit einem Kabel und einem Erdungsstecker geliefert.\u00a0<\/span><\/p>\n<p><span style=\"font-family: 'Book Antiqua', Palatino; font-size: 120%; color: #333399;\">Ma\u00dfe: 68 x 25 cm.\u00a0<\/span><\/p>\n<p><span style=\"font-family: 'Book Antiqua', Palatino; font-size: 120%; color: #333399;\">Passt unter die Tastatur und die Maus auf dem Schreibtisch, unter die nackten F\u00fc\u00dfe, ins Bett usw.<\/span><\/p>","protected":false},"featured_media":1755,"comment_status":"open","ping_status":"closed","template":"","meta":[],"product_brand":[267],"product_cat":[164],"product_tag":[246,247,249,245,253,184],"class_list":{"0":"post-1753","1":"product","2":"type-product","3":"status-publish","4":"has-post-thumbnail","6":"product_brand-earthing","7":"product_cat-baubiologie","8":"product_tag-bureau","9":"product_tag-chambre","10":"product_tag-electromagnetisme","11":"product_tag-maison","12":"product_tag-meditation","13":"product_tag-yoga","15":"first","16":"instock","17":"taxable","18":"shipping-taxable","19":"purchasable","20":"product-type-simple"},"yoast_head":"<!-- This site is optimized with the Yoast SEO Premium plugin v25.1 (Yoast SEO v27.6) - https:\/\/yoast.com\/product\/yoast-seo-premium-wordpress\/ -->\n<title>Tapis universel de mise \u00e0 la terre Earthing | Agara<\/title>\n<meta name=\"description\" content=\"D\u00e9couvrez\u00a0les bienfaits de la mise \u00e0 la terre avec notre tapis universel de mise \u00e0 la terre earthing.\u00a0Id\u00e9al pour le bureau, le lit ou les moments de d\u00e9tente, il vous reconnecte \u00e0 l\u2019\u00e9nergie naturelle de la Terre pour favoriser un sommeil r\u00e9parateur, r\u00e9duire le stress et am\u00e9liorer votre vitalit\u00e9.\u00a0Livr\u00e9 avec un c\u00e2ble et une fiche de raccordement \u00e0 la terre.\u00a0Dimensions : 68 x 25 cm.\u00a0Se place sous le clavier et la souris sur le bureau, sous les pieds nus, dans le lit, etc.\" \/>\n<meta name=\"robots\" content=\"index, follow, max-snippet:-1, max-image-preview:large, max-video-preview:-1\" \/>\n<link rel=\"canonical\" href=\"https:\/\/369agara.com\/de\/produkt\/tapis-universel\/\" \/>\n<meta property=\"og:locale\" content=\"de_DE\" \/>\n<meta property=\"og:type\" content=\"article\" \/>\n<meta property=\"og:title\" content=\"Tapis universel de mise \u00e0 la terre Earthing\" \/>\n<meta property=\"og:description\" content=\"D\u00e9couvrez\u00a0les bienfaits de la mise \u00e0 la terre avec notre tapis universel de mise \u00e0 la terre earthing.\u00a0Id\u00e9al pour le bureau, le lit ou les moments de d\u00e9tente, il vous reconnecte \u00e0 l\u2019\u00e9nergie naturelle de la Terre pour favoriser un sommeil r\u00e9parateur, r\u00e9duire le stress et am\u00e9liorer votre vitalit\u00e9.\u00a0Livr\u00e9 avec un c\u00e2ble et une fiche de raccordement \u00e0 la terre.\u00a0Dimensions : 68 x 25 cm.\u00a0Se place sous le clavier et la souris sur le bureau, sous les pieds nus, dans le lit, etc.\" \/>\n<meta property=\"og:url\" content=\"https:\/\/369agara.com\/de\/produkt\/tapis-universel\/\" \/>\n<meta property=\"og:site_name\" content=\"Agara\" \/>\n<meta property=\"article:modified_time\" content=\"2025-05-15T20:01:20+00:00\" \/>\n<meta property=\"og:image\" content=\"https:\/\/369agara.com\/wp-content\/uploads\/2023\/08\/tapis-universel-de-mise-a-la-terre-earthing.jpg\" \/>\n\t<meta property=\"og:image:width\" content=\"800\" \/>\n\t<meta property=\"og:image:height\" content=\"800\" \/>\n\t<meta property=\"og:image:type\" content=\"image\/jpeg\" \/>\n<meta name=\"twitter:card\" content=\"summary_large_image\" \/>\n<meta name=\"twitter:label1\" content=\"Gesch\u00e4tzte Lesezeit\" \/>\n\t<meta name=\"twitter:data1\" content=\"4\u00a0Minuten\" \/>\n<script type=\"application\/ld+json\" class=\"yoast-schema-graph\">{\"@context\":\"https:\\\/\\\/schema.org\",\"@graph\":[{\"@type\":\"WebPage\",\"@id\":\"https:\\\/\\\/369agara.com\\\/produit\\\/tapis-universel\\\/\",\"url\":\"https:\\\/\\\/369agara.com\\\/produit\\\/tapis-universel\\\/\",\"name\":\"Tapis universel de mise \u00e0 la terre Earthing | Agara\",\"isPartOf\":{\"@id\":\"https:\\\/\\\/369agara.com\\\/#website\"},\"primaryImageOfPage\":{\"@id\":\"https:\\\/\\\/369agara.com\\\/produit\\\/tapis-universel\\\/#primaryimage\"},\"image\":{\"@id\":\"https:\\\/\\\/369agara.com\\\/produit\\\/tapis-universel\\\/#primaryimage\"},\"thumbnailUrl\":\"https:\\\/\\\/369agara.com\\\/wp-content\\\/uploads\\\/2023\\\/08\\\/tapis-universel-de-mise-a-la-terre-earthing.jpg\",\"datePublished\":\"2023-08-21T16:20:43+00:00\",\"dateModified\":\"2025-05-15T20:01:20+00:00\",\"description\":\"D\u00e9couvrez\u00a0les bienfaits de la mise \u00e0 la terre avec notre tapis universel de mise \u00e0 la terre earthing.\u00a0Id\u00e9al pour le bureau, le lit ou les moments de d\u00e9tente, il vous reconnecte \u00e0 l\u2019\u00e9nergie naturelle de la Terre pour favoriser un sommeil r\u00e9parateur, r\u00e9duire le stress et am\u00e9liorer votre vitalit\u00e9.\u00a0Livr\u00e9 avec un c\u00e2ble et une fiche de raccordement \u00e0 la terre.\u00a0Dimensions : 68 x 25 cm.\u00a0Se place sous le clavier et la souris sur le bureau, sous les pieds nus, dans le lit, etc.\",\"breadcrumb\":{\"@id\":\"https:\\\/\\\/369agara.com\\\/produit\\\/tapis-universel\\\/#breadcrumb\"},\"inLanguage\":\"de\",\"potentialAction\":[{\"@type\":\"ReadAction\",\"target\":[\"https:\\\/\\\/369agara.com\\\/produit\\\/tapis-universel\\\/\"]}]},{\"@type\":\"ImageObject\",\"inLanguage\":\"de\",\"@id\":\"https:\\\/\\\/369agara.com\\\/produit\\\/tapis-universel\\\/#primaryimage\",\"url\":\"https:\\\/\\\/369agara.com\\\/wp-content\\\/uploads\\\/2023\\\/08\\\/tapis-universel-de-mise-a-la-terre-earthing.jpg\",\"contentUrl\":\"https:\\\/\\\/369agara.com\\\/wp-content\\\/uploads\\\/2023\\\/08\\\/tapis-universel-de-mise-a-la-terre-earthing.jpg\",\"width\":800,\"height\":800},{\"@type\":\"BreadcrumbList\",\"@id\":\"https:\\\/\\\/369agara.com\\\/produit\\\/tapis-universel\\\/#breadcrumb\",\"itemListElement\":[{\"@type\":\"ListItem\",\"position\":1,\"name\":\"Accueil\",\"item\":\"https:\\\/\\\/369agara.com\\\/\"},{\"@type\":\"ListItem\",\"position\":2,\"name\":\"La boutique\",\"item\":\"https:\\\/\\\/369agara.com\\\/la-boutique\\\/\"},{\"@type\":\"ListItem\",\"position\":3,\"name\":\"Tapis universel de mise \u00e0 la terre Earthing\"}]},{\"@type\":\"WebSite\",\"@id\":\"https:\\\/\\\/369agara.com\\\/#website\",\"url\":\"https:\\\/\\\/369agara.com\\\/\",\"name\":\"Livsrikedomar\",\"description\":\"D\u00e9connectez pour mieux vous connecter\",\"publisher\":{\"@id\":\"https:\\\/\\\/369agara.com\\\/#organization\"},\"potentialAction\":[{\"@type\":\"SearchAction\",\"target\":{\"@type\":\"EntryPoint\",\"urlTemplate\":\"https:\\\/\\\/369agara.com\\\/?s={search_term_string}\"},\"query-input\":{\"@type\":\"PropertyValueSpecification\",\"valueRequired\":true,\"valueName\":\"search_term_string\"}}],\"inLanguage\":\"de\"},{\"@type\":\"Organization\",\"@id\":\"https:\\\/\\\/369agara.com\\\/#organization\",\"name\":\"EACreations\",\"url\":\"https:\\\/\\\/369agara.com\\\/\",\"logo\":{\"@type\":\"ImageObject\",\"inLanguage\":\"de\",\"@id\":\"https:\\\/\\\/369agara.com\\\/#\\\/schema\\\/logo\\\/image\\\/\",\"url\":\"\",\"contentUrl\":\"\",\"caption\":\"EACreations\"},\"image\":{\"@id\":\"https:\\\/\\\/369agara.com\\\/#\\\/schema\\\/logo\\\/image\\\/\"}}]}<\/script>\n<!-- \/ Yoast SEO Premium plugin. -->","yoast_head_json":{"title":"Tapis universel de mise \u00e0 la terre Earthing | Agara","description":"D\u00e9couvrez\u00a0les bienfaits de la mise \u00e0 la terre avec notre tapis universel de mise \u00e0 la terre earthing.\u00a0Id\u00e9al pour le bureau, le lit ou les moments de d\u00e9tente, il vous reconnecte \u00e0 l\u2019\u00e9nergie naturelle de la Terre pour favoriser un sommeil r\u00e9parateur, r\u00e9duire le stress et am\u00e9liorer votre vitalit\u00e9.\u00a0Livr\u00e9 avec un c\u00e2ble et une fiche de raccordement \u00e0 la terre.\u00a0Dimensions : 68 x 25 cm.\u00a0Se place sous le clavier et la souris sur le bureau, sous les pieds nus, dans le lit, etc.","robots":{"index":"index","follow":"follow","max-snippet":"max-snippet:-1","max-image-preview":"max-image-preview:large","max-video-preview":"max-video-preview:-1"},"canonical":"https:\/\/369agara.com\/de\/produkt\/tapis-universel\/","og_locale":"de_DE","og_type":"article","og_title":"Tapis universel de mise \u00e0 la terre Earthing","og_description":"D\u00e9couvrez\u00a0les bienfaits de la mise \u00e0 la terre avec notre tapis universel de mise \u00e0 la terre earthing.\u00a0Id\u00e9al pour le bureau, le lit ou les moments de d\u00e9tente, il vous reconnecte \u00e0 l\u2019\u00e9nergie naturelle de la Terre pour favoriser un sommeil r\u00e9parateur, r\u00e9duire le stress et am\u00e9liorer votre vitalit\u00e9.\u00a0Livr\u00e9 avec un c\u00e2ble et une fiche de raccordement \u00e0 la terre.\u00a0Dimensions : 68 x 25 cm.\u00a0Se place sous le clavier et la souris sur le bureau, sous les pieds nus, dans le lit, etc.","og_url":"https:\/\/369agara.com\/de\/produkt\/tapis-universel\/","og_site_name":"Agara","article_modified_time":"2025-05-15T20:01:20+00:00","og_image":[{"width":800,"height":800,"url":"https:\/\/369agara.com\/wp-content\/uploads\/2023\/08\/tapis-universel-de-mise-a-la-terre-earthing.jpg","type":"image\/jpeg"}],"twitter_card":"summary_large_image","twitter_misc":{"Gesch\u00e4tzte Lesezeit":"4\u00a0Minuten"},"schema":{"@context":"https:\/\/schema.org","@graph":[{"@type":"WebPage","@id":"https:\/\/369agara.com\/produit\/tapis-universel\/","url":"https:\/\/369agara.com\/produit\/tapis-universel\/","name":"Tapis universel de mise \u00e0 la terre Earthing | Agara","isPartOf":{"@id":"https:\/\/369agara.com\/#website"},"primaryImageOfPage":{"@id":"https:\/\/369agara.com\/produit\/tapis-universel\/#primaryimage"},"image":{"@id":"https:\/\/369agara.com\/produit\/tapis-universel\/#primaryimage"},"thumbnailUrl":"https:\/\/369agara.com\/wp-content\/uploads\/2023\/08\/tapis-universel-de-mise-a-la-terre-earthing.jpg","datePublished":"2023-08-21T16:20:43+00:00","dateModified":"2025-05-15T20:01:20+00:00","description":"D\u00e9couvrez\u00a0les bienfaits de la mise \u00e0 la terre avec notre tapis universel de mise \u00e0 la terre earthing.\u00a0Id\u00e9al pour le bureau, le lit ou les moments de d\u00e9tente, il vous reconnecte \u00e0 l\u2019\u00e9nergie naturelle de la Terre pour favoriser un sommeil r\u00e9parateur, r\u00e9duire le stress et am\u00e9liorer votre vitalit\u00e9.\u00a0Livr\u00e9 avec un c\u00e2ble et une fiche de raccordement \u00e0 la terre.\u00a0Dimensions : 68 x 25 cm.\u00a0Se place sous le clavier et la souris sur le bureau, sous les pieds nus, dans le lit, etc.","breadcrumb":{"@id":"https:\/\/369agara.com\/produit\/tapis-universel\/#breadcrumb"},"inLanguage":"de","potentialAction":[{"@type":"ReadAction","target":["https:\/\/369agara.com\/produit\/tapis-universel\/"]}]},{"@type":"ImageObject","inLanguage":"de","@id":"https:\/\/369agara.com\/produit\/tapis-universel\/#primaryimage","url":"https:\/\/369agara.com\/wp-content\/uploads\/2023\/08\/tapis-universel-de-mise-a-la-terre-earthing.jpg","contentUrl":"https:\/\/369agara.com\/wp-content\/uploads\/2023\/08\/tapis-universel-de-mise-a-la-terre-earthing.jpg","width":800,"height":800},{"@type":"BreadcrumbList","@id":"https:\/\/369agara.com\/produit\/tapis-universel\/#breadcrumb","itemListElement":[{"@type":"ListItem","position":1,"name":"Accueil","item":"https:\/\/369agara.com\/"},{"@type":"ListItem","position":2,"name":"La boutique","item":"https:\/\/369agara.com\/la-boutique\/"},{"@type":"ListItem","position":3,"name":"Tapis universel de mise \u00e0 la terre Earthing"}]},{"@type":"WebSite","@id":"https:\/\/369agara.com\/#website","url":"https:\/\/369agara.com\/","name":"Livsrikedomar","description":"Trennen Sie die Verbindung, um sich besser zu verbinden","publisher":{"@id":"https:\/\/369agara.com\/#organization"},"potentialAction":[{"@type":"SearchAction","target":{"@type":"EntryPoint","urlTemplate":"https:\/\/369agara.com\/?s={search_term_string}"},"query-input":{"@type":"PropertyValueSpecification","valueRequired":true,"valueName":"search_term_string"}}],"inLanguage":"de"},{"@type":"Organization","@id":"https:\/\/369agara.com\/#organization","name":"EACreations","url":"https:\/\/369agara.com\/","logo":{"@type":"ImageObject","inLanguage":"de","@id":"https:\/\/369agara.com\/#\/schema\/logo\/image\/","url":"","contentUrl":"","caption":"EACreations"},"image":{"@id":"https:\/\/369agara.com\/#\/schema\/logo\/image\/"}}]}},"jetpack_sharing_enabled":true,"_links":{"self":[{"href":"https:\/\/369agara.com\/de\/wp-json\/wp\/v2\/product\/1753","targetHints":{"allow":["GET"]}}],"collection":[{"href":"https:\/\/369agara.com\/de\/wp-json\/wp\/v2\/product"}],"about":[{"href":"https:\/\/369agara.com\/de\/wp-json\/wp\/v2\/types\/product"}],"replies":[{"embeddable":true,"href":"https:\/\/369agara.com\/de\/wp-json\/wp\/v2\/comments?post=1753"}],"wp:featuredmedia":[{"embeddable":true,"href":"https:\/\/369agara.com\/de\/wp-json\/wp\/v2\/media\/1755"}],"wp:attachment":[{"href":"https:\/\/369agara.com\/de\/wp-json\/wp\/v2\/media?parent=1753"}],"wp:term":[{"taxonomy":"product_brand","embeddable":true,"href":"https:\/\/369agara.com\/de\/wp-json\/wp\/v2\/product_brand?post=1753"},{"taxonomy":"product_cat","embeddable":true,"href":"https:\/\/369agara.com\/de\/wp-json\/wp\/v2\/product_cat?post=1753"},{"taxonomy":"product_tag","embeddable":true,"href":"https:\/\/369agara.com\/de\/wp-json\/wp\/v2\/product_tag?post=1753"}],"curies":[{"name":"wp","href":"https:\/\/api.w.org\/{rel}","templated":true}]}}