{"id":1759,"date":"2023-08-26T13:26:38","date_gmt":"2023-08-26T11:26:38","guid":{"rendered":"https:\/\/369agara.com\/?post_type=product&#038;p=1759"},"modified":"2025-05-15T22:00:57","modified_gmt":"2025-05-15T20:00:57","slug":"tapis-yoga-fitness","status":"publish","type":"product","link":"https:\/\/369agara.com\/de\/produkt\/tapis-yoga-fitness\/","title":{"rendered":"Yoga | Fitness Matte Erdung Earthing ohne PVC \/ ohne Latex"},"content":{"rendered":"<p><span style=\"font-family: 'Book Antiqua', Palatino; font-size: 120%; color: #333399;\">Verbinden Sie k\u00f6rperliche Aktivit\u00e4t und Erdung mit der Earthing-Yogamatte. Sie wurde entwickelt, um elektrostatische Ladungen von Ihrem K\u00f6rper abzuleiten, w\u00e4hrend Sie Ihre Lieblings\u00fcbungen machen.<\/span><\/p>\n<p><span style=\"font-family: 'Book Antiqua', Palatino; font-size: 120%; color: #333399;\">Ob Yoga, Stretching, Meditation oder Entspannung - diese Matte verbindet Sie auf nat\u00fcrliche Weise wieder mit der Energie der Erde.<\/span><\/p>\n<h3><span style=\"font-family: 'Book Antiqua', Palatino; font-size: 120%; color: #333399;\">Ein Teppich, der auf Komfort und Gesundheit ausgelegt ist<\/span><\/h3>\n<ul>\n<li><span style=\"font-family: 'Book Antiqua', Palatino; font-size: 120%; color: #333399;\">Gro\u00dfz\u00fcgige Abmessungen: 183 x 61 cm - perfekt, um sich ganz hinzulegen und sich frei zu bewegen.<\/span><\/li>\n<li><span style=\"font-family: 'Book Antiqua', Palatino; font-size: 120%; color: #333399;\">PVC- und latexfrei: haut- und umweltfreundliches Material.<\/span><\/li>\n<li><span style=\"font-family: 'Book Antiqua', Palatino; font-size: 120%; color: #333399;\">Direkter Hautkontakt wird f\u00fcr eine optimale Erdung empfohlen.<\/span><\/li>\n<\/ul>\n<h3><span style=\"font-family: 'Book Antiqua', Palatino; font-size: 120%; color: #333399;\">Effektive Erdung im Innen- und Au\u00dfenbereich<\/span><\/h3>\n<p><span style=\"font-family: 'Book Antiqua', Palatino; font-size: 120%; color: #333399;\">Die Matte wird geliefert mit :<\/span><\/p>\n<ul>\n<li><span style=\"font-family: 'Book Antiqua', Palatino; font-size: 120%; color: #333399;\">1 magnetische Sicherheitsschnur (l\u00f6st sich bei ruckartigem Ziehen),<\/span><\/li>\n<li><span style=\"font-family: 'Book Antiqua', Palatino; font-size: 120%; color: #333399;\">1 Verbindungskabel, 4,60 m,<\/span><\/li>\n<li><span style=\"font-family: 'Book Antiqua', Palatino; font-size: 120%; color: #333399;\">1 geerdeter Anschlussstecker (nur an einer geerdeten Steckdose verwenden).<\/span><\/li>\n<\/ul>\n<p><span style=\"font-family: 'Book Antiqua', Palatino; font-size: 120%; color: #333399;\">Im Freien kann sie mit einer Erdungsstange aus Metall verbunden werden. Die Matte l\u00e4sst sich leicht mit einem Schwamm und Seifenwasser reinigen.<\/span><\/p>\n<h3><span style=\"font-family: 'Book Antiqua', Palatino; font-size: 120%; color: #333399;\">Die Vorteile von Earthing w\u00e4hrend Ihrer Sitzungen<\/span><\/h3>\n<p><span style=\"font-family: 'Book Antiqua', Palatino; font-size: 120%; color: #333399;\">Bei regelm\u00e4\u00dfigem Gebrauch kann diese geerdete Yogamatte :<\/span><\/p>\n<ul>\n<li><span style=\"font-family: 'Book Antiqua', Palatino; font-size: 120%; color: #333399;\">Stress und \u00c4ngste abbauen,<\/span><\/li>\n<li><span style=\"font-family: 'Book Antiqua', Palatino; font-size: 120%; color: #333399;\">F\u00f6rderung der Muskelerholung,<\/span><\/li>\n<li><span style=\"font-family: 'Book Antiqua', Palatino; font-size: 120%; color: #333399;\">Verringerung der belastungsbedingten Entz\u00fcndungen,<\/span><\/li>\n<li><span style=\"font-family: 'Book Antiqua', Palatino; font-size: 120%; color: #333399;\">Verbesserung der Lebensenergie,<\/span><\/li>\n<li><span style=\"font-family: 'Book Antiqua', Palatino; font-size: 120%; color: #333399;\">Bieten Sie einen Moment der tiefen Verankerung w\u00e4hrend der Meditation oder der Yogastellungen.<\/span><\/li>\n<\/ul>\n<h3><span style=\"font-family: 'Book Antiqua', Palatino; font-size: 120%; color: #333399;\">Was ist Earthing?<\/span><\/h3>\n<p><span style=\"font-family: 'Book Antiqua', Palatino; font-size: 120%; color: #333399;\">Beim Earthing (oder Grounding) geht es darum, sich elektrisch wieder mit der Erde zu verbinden, um das nat\u00fcrliche Gleichgewicht des K\u00f6rpers wiederherzustellen. Inspiriert von Clinton Obers \"Verbinden Sie sich mit der Erde, vielleicht die wichtigste Entdeckung f\u00fcr die Gesundheit!\", beruht dieses Konzept auf dem direkten Kontakt des K\u00f6rpers mit leitf\u00e4higen, geerdeten Oberfl\u00e4chen.<\/span><\/p>\n<p><span style=\"font-family: 'Book Antiqua', Palatino; font-size: 120%; color: #333399;\">Beobachtete positive Effekte :<\/span><\/p>\n<ul>\n<li><span style=\"font-family: 'Book Antiqua', Palatino; font-size: 120%; color: #333399;\">St\u00e4rkung des Immunsystems,<\/span><\/li>\n<li><span style=\"font-family: 'Book Antiqua', Palatino; font-size: 120%; color: #333399;\">Verbessert den Schlaf und die Verdauung,<\/span><\/li>\n<li><span style=\"font-family: 'Book Antiqua', Palatino; font-size: 120%; color: #333399;\">Linderung von Muskel- und Hormonschmerzen,<\/span><\/li>\n<li><span style=\"font-family: 'Book Antiqua', Palatino; font-size: 120%; color: #333399;\">Verringerung von Elektrosensibilit\u00e4t und M\u00fcdigkeit,<\/span><\/li>\n<li><span style=\"font-family: 'Book Antiqua', Palatino; font-size: 120%; color: #333399;\">Verbessert die Durchblutung und die Erholung nach dem Sport.<\/span><\/li>\n<\/ul>\n<p><span style=\"font-family: 'Book Antiqua', Palatino; font-size: 120%; color: #ed1c24;\">Dieses Produkt dient der Erg\u00e4nzung des Wohlbefindens und ersetzt nicht den Rat eines Gesundheitsexperten. Bei gesundheitlichen Problemen wenden Sie sich bitte an Ihren Arzt.<\/span><\/p>\n<h3><span style=\"font-family: 'Book Antiqua', Palatino; font-size: 120%; color: #333399;\">Technische Daten<\/span><\/h3>\n<p><span style=\"font-family: 'Book Antiqua', Palatino; font-size: 120%; color: #333399;\">Ma\u00dfe: 61 x 183 cm<\/span><\/p>\n<p><span style=\"font-family: 'Book Antiqua', Palatino; font-size: 120%; color: #333399;\">Hergestellt aus einem Schaumstoffkern mit einer Schicht aus leitf\u00e4higem Kohlenstoff.<\/span><\/p>\n<h3><span style=\"font-family: 'Book Antiqua', Palatino; font-size: 120%; color: #333399;\">Der Agara-Rat<\/span><\/h3>\n<p><span style=\"font-family: 'Book Antiqua', Palatino; font-size: 120%; color: #333399;\">Damit Earthing wirksam ist, ist es entscheidend, dass Sie die Qualit\u00e4t Ihrer Erdung testen, entweder mit einem geeigneten Ger\u00e4t (Erdungspr\u00fcfer, Tohm-E Erdungsmessger\u00e4t oder Catohm DT-300) oder indem Sie einen Fachmann mit entsprechender Ausr\u00fcstung beauftragen.\u00a0<\/span><\/p>\n<p><span style=\"font-family: 'Book Antiqua', Palatino; font-size: 120%; color: #ed1c24;\">Denn wenn die elektrischen Installationen zu alt oder falsch installiert sind, kann es sein, dass die Erdverbindung nicht ausreichend oder gar nicht vorhanden ist.<\/span><\/p>\n<p><span style=\"font-family: 'Book Antiqua', Palatino; font-size: 120%; color: #ed1c24;\">Es ist auch sehr wichtig, elektrische Felder im Raum so weit wie m\u00f6glich einzuschr\u00e4nken (Radiowecker, Nachttischlampen, nicht abgeschirmte Mehrfachsteckdosen und Verl\u00e4ngerungskabel), damit sie die Erdung nicht st\u00f6ren. Z\u00f6gern Sie nicht, sie zu messen oder messen zu lassen!\u00a0<\/span><\/p>","protected":false},"excerpt":{"rendered":"<p><span style=\"font-family: 'Book Antiqua', Palatino; font-size: 120%; color: #333399;\">Verbinden Sie k\u00f6rperliche Aktivit\u00e4t und Erdung mit dem\u00a0<strong>Earthing-Yogamatte<\/strong>, der entwickelt wurde, um elektrostatische Ladungen von Ihrem K\u00f6rper abzuleiten, w\u00e4hrend Sie Ihre Lieblings\u00fcbungen machen.\u00a0<\/span><\/p>\n<p><span style=\"font-family: 'Book Antiqua', Palatino; font-size: 120%; color: #333399;\">Ob Yoga, Stretching, Meditation oder Entspannung - diese Matte verbindet Sie auf nat\u00fcrliche Weise wieder mit der Energie der Erde.\u00a0<\/span><\/p>\n<p><span style=\"font-family: 'Book Antiqua', Palatino; font-size: 120%; color: #333399;\">PVC- und latexfrei.<\/span><\/p>","protected":false},"featured_media":1760,"comment_status":"open","ping_status":"closed","template":"","meta":[],"product_brand":[267],"product_cat":[164],"product_tag":[246,247,249,252,245,184],"class_list":{"0":"post-1759","1":"product","2":"type-product","3":"status-publish","4":"has-post-thumbnail","6":"product_brand-earthing","7":"product_cat-baubiologie","8":"product_tag-bureau","9":"product_tag-chambre","10":"product_tag-electromagnetisme","11":"product_tag-fitness","12":"product_tag-maison","13":"product_tag-yoga","15":"first","16":"instock","17":"taxable","18":"shipping-taxable","19":"purchasable","20":"product-type-simple"},"yoast_head":"<!-- This site is optimized with the Yoast SEO Premium plugin v25.1 (Yoast SEO v27.4) - https:\/\/yoast.com\/product\/yoast-seo-premium-wordpress\/ -->\n<title>Tapis de yoga | fitness de mise \u00e0 la terre Earthing sans PVC \/ sans latex | Agara<\/title>\n<meta name=\"description\" content=\"Alliez activit\u00e9 physique et mise \u00e0 la terre gr\u00e2ce au\u00a0tapis de yoga Earthing, con\u00e7u pour \u00e9vacuer les charges \u00e9lectrostatiques de votre corps tout en pratiquant vos exercices pr\u00e9f\u00e9r\u00e9s.\u00a0Que vous fassiez du yoga, des \u00e9tirements, de la m\u00e9ditation ou de la relaxation, ce tapis vous reconnecte naturellement \u00e0 l\u2019\u00e9nergie de la Terre.\u00a0Sans PVC, sans latex.\" \/>\n<meta name=\"robots\" content=\"index, follow, max-snippet:-1, max-image-preview:large, max-video-preview:-1\" \/>\n<link rel=\"canonical\" href=\"https:\/\/369agara.com\/de\/produkt\/tapis-yoga-fitness\/\" \/>\n<meta property=\"og:locale\" content=\"de_DE\" \/>\n<meta property=\"og:type\" content=\"article\" \/>\n<meta property=\"og:title\" content=\"Tapis de yoga | fitness de mise \u00e0 la terre Earthing sans PVC \/ sans latex\" \/>\n<meta property=\"og:description\" content=\"Alliez activit\u00e9 physique et mise \u00e0 la terre gr\u00e2ce au\u00a0tapis de yoga Earthing, con\u00e7u pour \u00e9vacuer les charges \u00e9lectrostatiques de votre corps tout en pratiquant vos exercices pr\u00e9f\u00e9r\u00e9s.\u00a0Que vous fassiez du yoga, des \u00e9tirements, de la m\u00e9ditation ou de la relaxation, ce tapis vous reconnecte naturellement \u00e0 l\u2019\u00e9nergie de la Terre.\u00a0Sans PVC, sans latex.\" \/>\n<meta property=\"og:url\" content=\"https:\/\/369agara.com\/de\/produkt\/tapis-yoga-fitness\/\" \/>\n<meta property=\"og:site_name\" content=\"Agara\" \/>\n<meta property=\"article:modified_time\" content=\"2025-05-15T20:00:57+00:00\" \/>\n<meta property=\"og:image\" content=\"https:\/\/369agara.com\/wp-content\/uploads\/2023\/08\/tapis-de-yoga-fitness-de-mise-a-terre-earthing.jpg\" \/>\n\t<meta property=\"og:image:width\" content=\"800\" \/>\n\t<meta property=\"og:image:height\" content=\"800\" \/>\n\t<meta property=\"og:image:type\" content=\"image\/jpeg\" \/>\n<meta name=\"twitter:card\" content=\"summary_large_image\" \/>\n<meta name=\"twitter:label1\" content=\"Gesch\u00e4tzte Lesezeit\" \/>\n\t<meta name=\"twitter:data1\" content=\"3\u00a0Minuten\" \/>\n<script type=\"application\/ld+json\" class=\"yoast-schema-graph\">{\"@context\":\"https:\\\/\\\/schema.org\",\"@graph\":[{\"@type\":\"WebPage\",\"@id\":\"https:\\\/\\\/369agara.com\\\/produit\\\/tapis-yoga-fitness\\\/\",\"url\":\"https:\\\/\\\/369agara.com\\\/produit\\\/tapis-yoga-fitness\\\/\",\"name\":\"Tapis de yoga | fitness de mise \u00e0 la terre Earthing sans PVC \\\/ sans latex | Agara\",\"isPartOf\":{\"@id\":\"https:\\\/\\\/369agara.com\\\/#website\"},\"primaryImageOfPage\":{\"@id\":\"https:\\\/\\\/369agara.com\\\/produit\\\/tapis-yoga-fitness\\\/#primaryimage\"},\"image\":{\"@id\":\"https:\\\/\\\/369agara.com\\\/produit\\\/tapis-yoga-fitness\\\/#primaryimage\"},\"thumbnailUrl\":\"https:\\\/\\\/369agara.com\\\/wp-content\\\/uploads\\\/2023\\\/08\\\/tapis-de-yoga-fitness-de-mise-a-terre-earthing.jpg\",\"datePublished\":\"2023-08-26T11:26:38+00:00\",\"dateModified\":\"2025-05-15T20:00:57+00:00\",\"description\":\"Alliez activit\u00e9 physique et mise \u00e0 la terre gr\u00e2ce au\u00a0tapis de yoga Earthing, con\u00e7u pour \u00e9vacuer les charges \u00e9lectrostatiques de votre corps tout en pratiquant vos exercices pr\u00e9f\u00e9r\u00e9s.\u00a0Que vous fassiez du yoga, des \u00e9tirements, de la m\u00e9ditation ou de la relaxation, ce tapis vous reconnecte naturellement \u00e0 l\u2019\u00e9nergie de la Terre.\u00a0Sans PVC, sans latex.\",\"breadcrumb\":{\"@id\":\"https:\\\/\\\/369agara.com\\\/produit\\\/tapis-yoga-fitness\\\/#breadcrumb\"},\"inLanguage\":\"de\",\"potentialAction\":[{\"@type\":\"ReadAction\",\"target\":[\"https:\\\/\\\/369agara.com\\\/produit\\\/tapis-yoga-fitness\\\/\"]}]},{\"@type\":\"ImageObject\",\"inLanguage\":\"de\",\"@id\":\"https:\\\/\\\/369agara.com\\\/produit\\\/tapis-yoga-fitness\\\/#primaryimage\",\"url\":\"https:\\\/\\\/369agara.com\\\/wp-content\\\/uploads\\\/2023\\\/08\\\/tapis-de-yoga-fitness-de-mise-a-terre-earthing.jpg\",\"contentUrl\":\"https:\\\/\\\/369agara.com\\\/wp-content\\\/uploads\\\/2023\\\/08\\\/tapis-de-yoga-fitness-de-mise-a-terre-earthing.jpg\",\"width\":800,\"height\":800},{\"@type\":\"BreadcrumbList\",\"@id\":\"https:\\\/\\\/369agara.com\\\/produit\\\/tapis-yoga-fitness\\\/#breadcrumb\",\"itemListElement\":[{\"@type\":\"ListItem\",\"position\":1,\"name\":\"Accueil\",\"item\":\"https:\\\/\\\/369agara.com\\\/\"},{\"@type\":\"ListItem\",\"position\":2,\"name\":\"La boutique\",\"item\":\"https:\\\/\\\/369agara.com\\\/la-boutique\\\/\"},{\"@type\":\"ListItem\",\"position\":3,\"name\":\"Tapis de yoga | fitness de mise \u00e0 la terre Earthing sans PVC \\\/ sans latex\"}]},{\"@type\":\"WebSite\",\"@id\":\"https:\\\/\\\/369agara.com\\\/#website\",\"url\":\"https:\\\/\\\/369agara.com\\\/\",\"name\":\"Livsrikedomar\",\"description\":\"D\u00e9connectez pour mieux vous connecter\",\"publisher\":{\"@id\":\"https:\\\/\\\/369agara.com\\\/#organization\"},\"potentialAction\":[{\"@type\":\"SearchAction\",\"target\":{\"@type\":\"EntryPoint\",\"urlTemplate\":\"https:\\\/\\\/369agara.com\\\/?s={search_term_string}\"},\"query-input\":{\"@type\":\"PropertyValueSpecification\",\"valueRequired\":true,\"valueName\":\"search_term_string\"}}],\"inLanguage\":\"de\"},{\"@type\":\"Organization\",\"@id\":\"https:\\\/\\\/369agara.com\\\/#organization\",\"name\":\"EACreations\",\"url\":\"https:\\\/\\\/369agara.com\\\/\",\"logo\":{\"@type\":\"ImageObject\",\"inLanguage\":\"de\",\"@id\":\"https:\\\/\\\/369agara.com\\\/#\\\/schema\\\/logo\\\/image\\\/\",\"url\":\"\",\"contentUrl\":\"\",\"caption\":\"EACreations\"},\"image\":{\"@id\":\"https:\\\/\\\/369agara.com\\\/#\\\/schema\\\/logo\\\/image\\\/\"}}]}<\/script>\n<!-- \/ Yoast SEO Premium plugin. -->","yoast_head_json":{"title":"Tapis de yoga | fitness de mise \u00e0 la terre Earthing sans PVC \/ sans latex | Agara","description":"Verbinden Sie k\u00f6rperliche Aktivit\u00e4t und Erdung mit der Earthing-Yogamatte, die so konzipiert ist, dass sie elektrostatische Ladungen von Ihrem K\u00f6rper ableitet, w\u00e4hrend Sie Ihre Lieblings\u00fcbungen machen. Ob Yoga, Dehn\u00fcbungen, Meditation oder Entspannung - diese Matte verbindet Sie auf nat\u00fcrliche Weise wieder mit der Energie der Erde. PVC- und latexfrei.","robots":{"index":"index","follow":"follow","max-snippet":"max-snippet:-1","max-image-preview":"max-image-preview:large","max-video-preview":"max-video-preview:-1"},"canonical":"https:\/\/369agara.com\/de\/produkt\/tapis-yoga-fitness\/","og_locale":"de_DE","og_type":"article","og_title":"Tapis de yoga | fitness de mise \u00e0 la terre Earthing sans PVC \/ sans latex","og_description":"Alliez activit\u00e9 physique et mise \u00e0 la terre gr\u00e2ce au\u00a0tapis de yoga Earthing, con\u00e7u pour \u00e9vacuer les charges \u00e9lectrostatiques de votre corps tout en pratiquant vos exercices pr\u00e9f\u00e9r\u00e9s.\u00a0Que vous fassiez du yoga, des \u00e9tirements, de la m\u00e9ditation ou de la relaxation, ce tapis vous reconnecte naturellement \u00e0 l\u2019\u00e9nergie de la Terre.\u00a0Sans PVC, sans latex.","og_url":"https:\/\/369agara.com\/de\/produkt\/tapis-yoga-fitness\/","og_site_name":"Agara","article_modified_time":"2025-05-15T20:00:57+00:00","og_image":[{"width":800,"height":800,"url":"https:\/\/369agara.com\/wp-content\/uploads\/2023\/08\/tapis-de-yoga-fitness-de-mise-a-terre-earthing.jpg","type":"image\/jpeg"}],"twitter_card":"summary_large_image","twitter_misc":{"Gesch\u00e4tzte Lesezeit":"3\u00a0Minuten"},"schema":{"@context":"https:\/\/schema.org","@graph":[{"@type":"WebPage","@id":"https:\/\/369agara.com\/produit\/tapis-yoga-fitness\/","url":"https:\/\/369agara.com\/produit\/tapis-yoga-fitness\/","name":"Tapis de yoga | fitness de mise \u00e0 la terre Earthing sans PVC \/ sans latex | Agara","isPartOf":{"@id":"https:\/\/369agara.com\/#website"},"primaryImageOfPage":{"@id":"https:\/\/369agara.com\/produit\/tapis-yoga-fitness\/#primaryimage"},"image":{"@id":"https:\/\/369agara.com\/produit\/tapis-yoga-fitness\/#primaryimage"},"thumbnailUrl":"https:\/\/369agara.com\/wp-content\/uploads\/2023\/08\/tapis-de-yoga-fitness-de-mise-a-terre-earthing.jpg","datePublished":"2023-08-26T11:26:38+00:00","dateModified":"2025-05-15T20:00:57+00:00","description":"Verbinden Sie k\u00f6rperliche Aktivit\u00e4t und Erdung mit der Earthing-Yogamatte, die so konzipiert ist, dass sie elektrostatische Ladungen von Ihrem K\u00f6rper ableitet, w\u00e4hrend Sie Ihre Lieblings\u00fcbungen machen. Ob Yoga, Dehn\u00fcbungen, Meditation oder Entspannung - diese Matte verbindet Sie auf nat\u00fcrliche Weise wieder mit der Energie der Erde. PVC- und latexfrei.","breadcrumb":{"@id":"https:\/\/369agara.com\/produit\/tapis-yoga-fitness\/#breadcrumb"},"inLanguage":"de","potentialAction":[{"@type":"ReadAction","target":["https:\/\/369agara.com\/produit\/tapis-yoga-fitness\/"]}]},{"@type":"ImageObject","inLanguage":"de","@id":"https:\/\/369agara.com\/produit\/tapis-yoga-fitness\/#primaryimage","url":"https:\/\/369agara.com\/wp-content\/uploads\/2023\/08\/tapis-de-yoga-fitness-de-mise-a-terre-earthing.jpg","contentUrl":"https:\/\/369agara.com\/wp-content\/uploads\/2023\/08\/tapis-de-yoga-fitness-de-mise-a-terre-earthing.jpg","width":800,"height":800},{"@type":"BreadcrumbList","@id":"https:\/\/369agara.com\/produit\/tapis-yoga-fitness\/#breadcrumb","itemListElement":[{"@type":"ListItem","position":1,"name":"Accueil","item":"https:\/\/369agara.com\/"},{"@type":"ListItem","position":2,"name":"La boutique","item":"https:\/\/369agara.com\/la-boutique\/"},{"@type":"ListItem","position":3,"name":"Tapis de yoga | fitness de mise \u00e0 la terre Earthing sans PVC \/ sans latex"}]},{"@type":"WebSite","@id":"https:\/\/369agara.com\/#website","url":"https:\/\/369agara.com\/","name":"Livsrikedomar","description":"Trennen Sie die Verbindung, um sich besser zu verbinden","publisher":{"@id":"https:\/\/369agara.com\/#organization"},"potentialAction":[{"@type":"SearchAction","target":{"@type":"EntryPoint","urlTemplate":"https:\/\/369agara.com\/?s={search_term_string}"},"query-input":{"@type":"PropertyValueSpecification","valueRequired":true,"valueName":"search_term_string"}}],"inLanguage":"de"},{"@type":"Organization","@id":"https:\/\/369agara.com\/#organization","name":"EACreations","url":"https:\/\/369agara.com\/","logo":{"@type":"ImageObject","inLanguage":"de","@id":"https:\/\/369agara.com\/#\/schema\/logo\/image\/","url":"","contentUrl":"","caption":"EACreations"},"image":{"@id":"https:\/\/369agara.com\/#\/schema\/logo\/image\/"}}]}},"jetpack_sharing_enabled":true,"_links":{"self":[{"href":"https:\/\/369agara.com\/de\/wp-json\/wp\/v2\/product\/1759","targetHints":{"allow":["GET"]}}],"collection":[{"href":"https:\/\/369agara.com\/de\/wp-json\/wp\/v2\/product"}],"about":[{"href":"https:\/\/369agara.com\/de\/wp-json\/wp\/v2\/types\/product"}],"replies":[{"embeddable":true,"href":"https:\/\/369agara.com\/de\/wp-json\/wp\/v2\/comments?post=1759"}],"wp:featuredmedia":[{"embeddable":true,"href":"https:\/\/369agara.com\/de\/wp-json\/wp\/v2\/media\/1760"}],"wp:attachment":[{"href":"https:\/\/369agara.com\/de\/wp-json\/wp\/v2\/media?parent=1759"}],"wp:term":[{"taxonomy":"product_brand","embeddable":true,"href":"https:\/\/369agara.com\/de\/wp-json\/wp\/v2\/product_brand?post=1759"},{"taxonomy":"product_cat","embeddable":true,"href":"https:\/\/369agara.com\/de\/wp-json\/wp\/v2\/product_cat?post=1759"},{"taxonomy":"product_tag","embeddable":true,"href":"https:\/\/369agara.com\/de\/wp-json\/wp\/v2\/product_tag?post=1759"}],"curies":[{"name":"wp","href":"https:\/\/api.w.org\/{rel}","templated":true}]}}