{"id":1762,"date":"2023-08-26T15:01:32","date_gmt":"2023-08-26T13:01:32","guid":{"rendered":"https:\/\/369agara.com\/?post_type=product&#038;p=1762"},"modified":"2025-05-13T13:16:33","modified_gmt":"2025-05-13T11:16:33","slug":"tige-metallique-mise-terre","status":"publish","type":"product","link":"https:\/\/369agara.com\/de\/produkt\/tige-metallique-mise-terre\/","title":{"rendered":"Metallstab zur Erdung Earthing"},"content":{"rendered":"<p><span style=\"font-family: 'Book Antiqua', Palatino; font-size: 120%; color: #333399;\">Der 30 cm lange Earthing-Metallstab zur Erdung wird mit einem 12 m langen Kabel geliefert.<\/span><\/p>\n<p><span style=\"font-family: 'Book Antiqua', Palatino; font-size: 120%; color: #333399;\">Sie dient dazu, m\u00f6gliche M\u00e4ngel Ihrer inneren Erdung zu beheben (Wandsteckdosen, die nicht mit der Erde verbunden sind, unzureichende Erdung, ...).<\/span><\/p>\n<p><span style=\"font-family: 'Book Antiqua', Palatino; font-size: 120%; color: #333399;\">Damit Earthing wirksam ist, ist es entscheidend, dass Sie die Qualit\u00e4t Ihres Erdungsanschlusses testen, entweder mit einem geeigneten Ger\u00e4t oder durch einen Fachmann mit entsprechender Ausr\u00fcstung.<\/span><\/p>\n<p><span style=\"font-family: 'Book Antiqua', Palatino; font-size: 120%; color: #333399;\">Wenn die elektrischen Anlagen zu alt oder falsch installiert sind, kann es n\u00e4mlich sein, dass die Erdverbindung nicht ausreichend oder gar nicht vorhanden ist. In diesem Fall k\u00f6nnen Sie diesen metallenen Erdungsstab direkt in die Erde Ihres Gartens stecken, am besten in einem feuchten oder vom Regen bew\u00e4sserten Gebiet.<\/span><br \/>\n<span style=\"font-family: 'Book Antiqua', Palatino; font-size: 120%; color: #333399;\">Anschlie\u00dfend verbinden Sie Ihr Earthing-Ger\u00e4t mit der Schnur.<\/span><\/p>\n<p><span style=\"font-family: 'Book Antiqua', Palatino; font-size: 120%; color: #333399;\">Da der Erdungsdraht sehr d\u00fcnn und sehr stark ist, kann er durch ein Fenster gef\u00fchrt werden und wird nicht besch\u00e4digt, wenn du das Fenster schlie\u00dft.<\/span><\/p>\n<p><span style=\"font-family: 'Book Antiqua', Palatino; font-size: 120%; color: #333399;\">Je nachdem, wie lang das Kabel sein muss, um den Ort zu erreichen, an dem Sie Ihr Earthing-Ger\u00e4t verwenden m\u00f6chten, k\u00f6nnen Sie bei Bedarf ein Earthing-Verl\u00e4ngerungskabel (3 m oder 12 m) verwenden.<\/span><\/p>\n<h3><span style=\"font-family: 'Book Antiqua', Palatino; font-size: 120%; color: #333399;\">Was ist Earthing?<\/span><\/h3>\n<p><span style=\"font-family: 'Book Antiqua', Palatino; font-size: 120%; color: #333399;\">Laut dem Buch von Clinton Ober, Stephen Sinatra und Martin Zucker \"Verbinde dich mit der Erde, Vielleicht die wichtigste Entdeckung f\u00fcr die Gesundheit\", das als Standardwerk zu diesem Thema gilt, wird durch die Verbindung des K\u00f6rpers mit der Erde (oder Earthing) das nat\u00fcrliche elektrische Gleichgewicht des K\u00f6rpers wiederhergestellt und er wird von elektrostatischen Ladungen entladen, wie wenn man barfu\u00df durch das Gras geht.<\/span><\/p>\n<p><span style=\"font-family: 'Book Antiqua', Palatino; font-size: 120%; color: #333399;\">Die verschiedenen Produkte von Earthing ahmen dieses nat\u00fcrliche Ph\u00e4nomen nach.<\/span><\/p>\n<p><span style=\"font-family: 'Book Antiqua', Palatino; font-size: 120%; color: #333399;\">Daraus ergeben sich zahlreiche Vorteile, wie :<\/span><\/p>\n<ul>\n<li><span style=\"font-family: 'Book Antiqua', Palatino; font-size: 120%; color: #333399;\">eine Verbesserung des Immunsystems<\/span><\/li>\n<li><span style=\"font-family: 'Book Antiqua', Palatino; font-size: 120%; color: #333399;\">eine Verbesserung der Verdauung<\/span><\/li>\n<li><span style=\"font-family: 'Book Antiqua', Palatino; font-size: 120%; color: #333399;\">eine Verbesserung der Schlafqualit\u00e4t und ein Ausbalancieren unserer biologischen Uhr<\/span><\/li>\n<li><span style=\"font-family: 'Book Antiqua', Palatino; font-size: 120%; color: #333399;\">eine Steigerung der Energie und eine Verringerung von Stress<\/span><\/li>\n<li><span style=\"font-family: 'Book Antiqua', Palatino; font-size: 120%; color: #333399;\">eine Verbesserung der Blutzirkulation<\/span><\/li>\n<li><span style=\"font-family: 'Book Antiqua', Palatino; font-size: 120%; color: #333399;\">eine schnellere Erholung nach intensiver k\u00f6rperlicher Aktivit\u00e4t und eine schnellere Heilung von Verletzungen<\/span><\/li>\n<li><span style=\"font-family: 'Book Antiqua', Palatino; font-size: 120%; color: #333399;\">eine Linderung von Muskelverspannungen, Kopfschmerzen, hormonellen und menstruellen Symptomen<\/span><\/li>\n<li><span style=\"font-family: 'Book Antiqua', Palatino; font-size: 120%; color: #333399;\">eine Verringerung von Entz\u00fcndungen<\/span><\/li>\n<li><span style=\"font-family: 'Book Antiqua', Palatino; font-size: 120%; color: #333399;\">eine Verringerung von Stress, Angst, Reizbarkeit oder sogar Symptomen von Elektrosensibilit\u00e4t<\/span><\/li>\n<\/ul>\n<p><span style=\"font-family: 'Book Antiqua', Palatino; font-size: 120%; color: #333399;\">Diese Informationen ersetzen keinesfalls den Rat Ihres Arztes und erheben nicht den Anspruch, irgendwelche Krankheitszust\u00e4nde zu behandeln oder zu heilen. Bei gesundheitlichen Problemen wenden Sie sich bitte an Ihren Arzt.<\/span><\/p>\n<h3><span style=\"font-family: 'Book Antiqua', Palatino; font-size: 120%; color: #333399;\">Der Agara-Rat<\/span><\/h3>\n<p><span style=\"font-family: 'Book Antiqua', Palatino; font-size: 120%; color: #333399;\">Damit Earthing wirksam ist, m\u00fcssen Sie unbedingt die Qualit\u00e4t Ihres Erdungsanschlusses testen, entweder mit einem geeigneten Ger\u00e4t (Earthing-Steckdosentester, Tohm-E Erdungsmessger\u00e4t oder Catohm DT-300) oder indem Sie einen Fachmann mit entsprechender Ausr\u00fcstung beauftragen.\u00a0<\/span><\/p>\n<p><span style=\"font-family: 'Book Antiqua', Palatino; font-size: 120%; color: #ed1c24;\">Denn wenn die elektrischen Installationen zu alt oder falsch installiert sind, kann es sein, dass die Erdverbindung nicht ausreichend oder gar nicht vorhanden ist.<\/span><\/p>\n<p><span style=\"font-family: 'Book Antiqua', Palatino; font-size: 120%; color: #ed1c24;\">Es ist auch sehr wichtig, elektrische Felder im Raum so weit wie m\u00f6glich einzuschr\u00e4nken (Radiowecker, Nachttischlampen, nicht abgeschirmte Mehrfachsteckdosen und Verl\u00e4ngerungskabel), damit sie die Erdung nicht st\u00f6ren. Z\u00f6gern Sie nicht, sie zu messen oder messen zu lassen!<\/span><\/p>","protected":false},"excerpt":{"rendered":"<p><span style=\"font-family: 'Book Antiqua', Palatino; font-size: 120%; color: #333399;\">Der Earthing-Erdungsstab aus Metall wird bei nicht geerdeten oder defekten Netzerdungen im Freien in die Erde gesteckt.\u00a0<\/span><\/p>\n<p><span style=\"font-family: 'Book Antiqua', Palatino; font-size: 120%; color: #333399;\">Wird mit einem 12 m langen Faden geliefert.<\/span><\/p>","protected":false},"featured_media":1763,"comment_status":"open","ping_status":"closed","template":"","meta":[],"product_brand":[267],"product_cat":[164],"product_tag":[248,249,264,245],"class_list":{"0":"post-1762","1":"product","2":"type-product","3":"status-publish","4":"has-post-thumbnail","6":"product_brand-earthing","7":"product_cat-baubiologie","8":"product_tag-baubiologie","9":"product_tag-electromagnetisme","10":"product_tag-exterieur","11":"product_tag-maison","13":"first","14":"instock","15":"taxable","16":"shipping-taxable","17":"purchasable","18":"product-type-simple"},"yoast_head":"<!-- This site is optimized with the Yoast SEO Premium plugin v25.1 (Yoast SEO v27.4) - https:\/\/yoast.com\/product\/yoast-seo-premium-wordpress\/ -->\n<title>Tige m\u00e9tallique de mise \u00e0 la terre Earthing | Agara<\/title>\n<meta name=\"description\" content=\"Den jordande metallslangen ska planteras i jorden utanf\u00f6r i h\u00e4ndelse av n\u00e4tjordsuttag som inte \u00e4r anslutna till jord eller \u00e4r felaktiga.Levereras med en 12 m tr\u00e5d.\" \/>\n<meta name=\"robots\" content=\"index, follow, max-snippet:-1, max-image-preview:large, max-video-preview:-1\" \/>\n<link rel=\"canonical\" href=\"https:\/\/369agara.com\/de\/produkt\/tige-metallique-mise-terre\/\" \/>\n<meta property=\"og:locale\" content=\"de_DE\" \/>\n<meta property=\"og:type\" content=\"article\" \/>\n<meta property=\"og:title\" content=\"Tige m\u00e9tallique de mise \u00e0 la terre Earthing\" \/>\n<meta property=\"og:description\" content=\"Den jordande metallslangen ska planteras i jorden utanf\u00f6r i h\u00e4ndelse av n\u00e4tjordsuttag som inte \u00e4r anslutna till jord eller \u00e4r felaktiga.Levereras med en 12 m tr\u00e5d.\" \/>\n<meta property=\"og:url\" content=\"https:\/\/369agara.com\/de\/produkt\/tige-metallique-mise-terre\/\" \/>\n<meta property=\"og:site_name\" content=\"Agara\" \/>\n<meta property=\"article:modified_time\" content=\"2025-05-13T11:16:33+00:00\" \/>\n<meta property=\"og:image\" content=\"https:\/\/369agara.com\/wp-content\/uploads\/2023\/08\/tige-metallique-de-mise-a-terre-earthing.jpg\" \/>\n\t<meta property=\"og:image:width\" content=\"800\" \/>\n\t<meta property=\"og:image:height\" content=\"800\" \/>\n\t<meta property=\"og:image:type\" content=\"image\/jpeg\" \/>\n<meta name=\"twitter:card\" content=\"summary_large_image\" \/>\n<meta name=\"twitter:label1\" content=\"Gesch\u00e4tzte Lesezeit\" \/>\n\t<meta name=\"twitter:data1\" content=\"3\u00a0Minuten\" \/>\n<script type=\"application\/ld+json\" class=\"yoast-schema-graph\">{\"@context\":\"https:\\\/\\\/schema.org\",\"@graph\":[{\"@type\":\"WebPage\",\"@id\":\"https:\\\/\\\/369agara.com\\\/produit\\\/tige-metallique-mise-terre\\\/\",\"url\":\"https:\\\/\\\/369agara.com\\\/produit\\\/tige-metallique-mise-terre\\\/\",\"name\":\"Tige m\u00e9tallique de mise \u00e0 la terre Earthing | Agara\",\"isPartOf\":{\"@id\":\"https:\\\/\\\/369agara.com\\\/#website\"},\"primaryImageOfPage\":{\"@id\":\"https:\\\/\\\/369agara.com\\\/produit\\\/tige-metallique-mise-terre\\\/#primaryimage\"},\"image\":{\"@id\":\"https:\\\/\\\/369agara.com\\\/produit\\\/tige-metallique-mise-terre\\\/#primaryimage\"},\"thumbnailUrl\":\"https:\\\/\\\/369agara.com\\\/wp-content\\\/uploads\\\/2023\\\/08\\\/tige-metallique-de-mise-a-terre-earthing.jpg\",\"datePublished\":\"2023-08-26T13:01:32+00:00\",\"dateModified\":\"2025-05-13T11:16:33+00:00\",\"description\":\"Den jordande metallslangen ska planteras i jorden utanf\u00f6r i h\u00e4ndelse av n\u00e4tjordsuttag som inte \u00e4r anslutna till jord eller \u00e4r felaktiga.Levereras med en 12 m tr\u00e5d.\",\"breadcrumb\":{\"@id\":\"https:\\\/\\\/369agara.com\\\/produit\\\/tige-metallique-mise-terre\\\/#breadcrumb\"},\"inLanguage\":\"de\",\"potentialAction\":[{\"@type\":\"ReadAction\",\"target\":[\"https:\\\/\\\/369agara.com\\\/produit\\\/tige-metallique-mise-terre\\\/\"]}]},{\"@type\":\"ImageObject\",\"inLanguage\":\"de\",\"@id\":\"https:\\\/\\\/369agara.com\\\/produit\\\/tige-metallique-mise-terre\\\/#primaryimage\",\"url\":\"https:\\\/\\\/369agara.com\\\/wp-content\\\/uploads\\\/2023\\\/08\\\/tige-metallique-de-mise-a-terre-earthing.jpg\",\"contentUrl\":\"https:\\\/\\\/369agara.com\\\/wp-content\\\/uploads\\\/2023\\\/08\\\/tige-metallique-de-mise-a-terre-earthing.jpg\",\"width\":800,\"height\":800},{\"@type\":\"BreadcrumbList\",\"@id\":\"https:\\\/\\\/369agara.com\\\/produit\\\/tige-metallique-mise-terre\\\/#breadcrumb\",\"itemListElement\":[{\"@type\":\"ListItem\",\"position\":1,\"name\":\"Accueil\",\"item\":\"https:\\\/\\\/369agara.com\\\/\"},{\"@type\":\"ListItem\",\"position\":2,\"name\":\"La boutique\",\"item\":\"https:\\\/\\\/369agara.com\\\/la-boutique\\\/\"},{\"@type\":\"ListItem\",\"position\":3,\"name\":\"Tige m\u00e9tallique de mise \u00e0 la terre Earthing\"}]},{\"@type\":\"WebSite\",\"@id\":\"https:\\\/\\\/369agara.com\\\/#website\",\"url\":\"https:\\\/\\\/369agara.com\\\/\",\"name\":\"Livsrikedomar\",\"description\":\"D\u00e9connectez pour mieux vous connecter\",\"publisher\":{\"@id\":\"https:\\\/\\\/369agara.com\\\/#organization\"},\"potentialAction\":[{\"@type\":\"SearchAction\",\"target\":{\"@type\":\"EntryPoint\",\"urlTemplate\":\"https:\\\/\\\/369agara.com\\\/?s={search_term_string}\"},\"query-input\":{\"@type\":\"PropertyValueSpecification\",\"valueRequired\":true,\"valueName\":\"search_term_string\"}}],\"inLanguage\":\"de\"},{\"@type\":\"Organization\",\"@id\":\"https:\\\/\\\/369agara.com\\\/#organization\",\"name\":\"EACreations\",\"url\":\"https:\\\/\\\/369agara.com\\\/\",\"logo\":{\"@type\":\"ImageObject\",\"inLanguage\":\"de\",\"@id\":\"https:\\\/\\\/369agara.com\\\/#\\\/schema\\\/logo\\\/image\\\/\",\"url\":\"\",\"contentUrl\":\"\",\"caption\":\"EACreations\"},\"image\":{\"@id\":\"https:\\\/\\\/369agara.com\\\/#\\\/schema\\\/logo\\\/image\\\/\"}}]}<\/script>\n<!-- \/ Yoast SEO Premium plugin. -->","yoast_head_json":{"title":"Tige m\u00e9tallique de mise \u00e0 la terre Earthing | Agara","description":"Den jordande metallslangen ska planteras i jorden utanf\u00f6r i h\u00e4ndelse av n\u00e4tjordsuttag som inte \u00e4r anslutna till jord eller \u00e4r felaktiga.Levereras med en 12 m tr\u00e5d.","robots":{"index":"index","follow":"follow","max-snippet":"max-snippet:-1","max-image-preview":"max-image-preview:large","max-video-preview":"max-video-preview:-1"},"canonical":"https:\/\/369agara.com\/de\/produkt\/tige-metallique-mise-terre\/","og_locale":"de_DE","og_type":"article","og_title":"Tige m\u00e9tallique de mise \u00e0 la terre Earthing","og_description":"Den jordande metallslangen ska planteras i jorden utanf\u00f6r i h\u00e4ndelse av n\u00e4tjordsuttag som inte \u00e4r anslutna till jord eller \u00e4r felaktiga.Levereras med en 12 m tr\u00e5d.","og_url":"https:\/\/369agara.com\/de\/produkt\/tige-metallique-mise-terre\/","og_site_name":"Agara","article_modified_time":"2025-05-13T11:16:33+00:00","og_image":[{"width":800,"height":800,"url":"https:\/\/369agara.com\/wp-content\/uploads\/2023\/08\/tige-metallique-de-mise-a-terre-earthing.jpg","type":"image\/jpeg"}],"twitter_card":"summary_large_image","twitter_misc":{"Gesch\u00e4tzte Lesezeit":"3\u00a0Minuten"},"schema":{"@context":"https:\/\/schema.org","@graph":[{"@type":"WebPage","@id":"https:\/\/369agara.com\/produit\/tige-metallique-mise-terre\/","url":"https:\/\/369agara.com\/produit\/tige-metallique-mise-terre\/","name":"Tige m\u00e9tallique de mise \u00e0 la terre Earthing | Agara","isPartOf":{"@id":"https:\/\/369agara.com\/#website"},"primaryImageOfPage":{"@id":"https:\/\/369agara.com\/produit\/tige-metallique-mise-terre\/#primaryimage"},"image":{"@id":"https:\/\/369agara.com\/produit\/tige-metallique-mise-terre\/#primaryimage"},"thumbnailUrl":"https:\/\/369agara.com\/wp-content\/uploads\/2023\/08\/tige-metallique-de-mise-a-terre-earthing.jpg","datePublished":"2023-08-26T13:01:32+00:00","dateModified":"2025-05-13T11:16:33+00:00","description":"Den jordande metallslangen ska planteras i jorden utanf\u00f6r i h\u00e4ndelse av n\u00e4tjordsuttag som inte \u00e4r anslutna till jord eller \u00e4r felaktiga.Levereras med en 12 m tr\u00e5d.","breadcrumb":{"@id":"https:\/\/369agara.com\/produit\/tige-metallique-mise-terre\/#breadcrumb"},"inLanguage":"de","potentialAction":[{"@type":"ReadAction","target":["https:\/\/369agara.com\/produit\/tige-metallique-mise-terre\/"]}]},{"@type":"ImageObject","inLanguage":"de","@id":"https:\/\/369agara.com\/produit\/tige-metallique-mise-terre\/#primaryimage","url":"https:\/\/369agara.com\/wp-content\/uploads\/2023\/08\/tige-metallique-de-mise-a-terre-earthing.jpg","contentUrl":"https:\/\/369agara.com\/wp-content\/uploads\/2023\/08\/tige-metallique-de-mise-a-terre-earthing.jpg","width":800,"height":800},{"@type":"BreadcrumbList","@id":"https:\/\/369agara.com\/produit\/tige-metallique-mise-terre\/#breadcrumb","itemListElement":[{"@type":"ListItem","position":1,"name":"Accueil","item":"https:\/\/369agara.com\/"},{"@type":"ListItem","position":2,"name":"La boutique","item":"https:\/\/369agara.com\/la-boutique\/"},{"@type":"ListItem","position":3,"name":"Tige m\u00e9tallique de mise \u00e0 la terre Earthing"}]},{"@type":"WebSite","@id":"https:\/\/369agara.com\/#website","url":"https:\/\/369agara.com\/","name":"Livsrikedomar","description":"Trennen Sie die Verbindung, um sich besser zu verbinden","publisher":{"@id":"https:\/\/369agara.com\/#organization"},"potentialAction":[{"@type":"SearchAction","target":{"@type":"EntryPoint","urlTemplate":"https:\/\/369agara.com\/?s={search_term_string}"},"query-input":{"@type":"PropertyValueSpecification","valueRequired":true,"valueName":"search_term_string"}}],"inLanguage":"de"},{"@type":"Organization","@id":"https:\/\/369agara.com\/#organization","name":"EACreations","url":"https:\/\/369agara.com\/","logo":{"@type":"ImageObject","inLanguage":"de","@id":"https:\/\/369agara.com\/#\/schema\/logo\/image\/","url":"","contentUrl":"","caption":"EACreations"},"image":{"@id":"https:\/\/369agara.com\/#\/schema\/logo\/image\/"}}]}},"jetpack_sharing_enabled":true,"_links":{"self":[{"href":"https:\/\/369agara.com\/de\/wp-json\/wp\/v2\/product\/1762","targetHints":{"allow":["GET"]}}],"collection":[{"href":"https:\/\/369agara.com\/de\/wp-json\/wp\/v2\/product"}],"about":[{"href":"https:\/\/369agara.com\/de\/wp-json\/wp\/v2\/types\/product"}],"replies":[{"embeddable":true,"href":"https:\/\/369agara.com\/de\/wp-json\/wp\/v2\/comments?post=1762"}],"wp:featuredmedia":[{"embeddable":true,"href":"https:\/\/369agara.com\/de\/wp-json\/wp\/v2\/media\/1763"}],"wp:attachment":[{"href":"https:\/\/369agara.com\/de\/wp-json\/wp\/v2\/media?parent=1762"}],"wp:term":[{"taxonomy":"product_brand","embeddable":true,"href":"https:\/\/369agara.com\/de\/wp-json\/wp\/v2\/product_brand?post=1762"},{"taxonomy":"product_cat","embeddable":true,"href":"https:\/\/369agara.com\/de\/wp-json\/wp\/v2\/product_cat?post=1762"},{"taxonomy":"product_tag","embeddable":true,"href":"https:\/\/369agara.com\/de\/wp-json\/wp\/v2\/product_tag?post=1762"}],"curies":[{"name":"wp","href":"https:\/\/api.w.org\/{rel}","templated":true}]}}