{"id":1764,"date":"2023-09-18T20:22:35","date_gmt":"2023-09-18T18:22:35","guid":{"rendered":"https:\/\/369agara.com\/?post_type=product&#038;p=1764"},"modified":"2025-05-15T22:00:00","modified_gmt":"2025-05-15T20:00:00","slug":"lampe-chevet-rome","status":"publish","type":"product","link":"https:\/\/369agara.com\/de\/produkt\/lampe-chevet-rome\/","title":{"rendered":"Biologa Danell \"Rom\" abgeschirmte Nachttischlampe"},"content":{"rendered":"<p><span style=\"font-family: 'Book Antiqua', Palatino; font-size: 120%; color: #333399;\"><strong>Die abgeschirmte Nachttischlampe \"Rom\" Biologa Danell erm\u00f6glicht es, sich vor elektrischen und magnetischen Feldern im Niederfrequenzbereich zu sch\u00fctzen.<\/strong><\/span><\/p>\n<p><span style=\"font-family: 'Book Antiqua', Palatino; font-size: 120%; color: #333399;\">Sie eignet sich hervorragend als Nachttischlampe oder als Tischlampe in Ihrem Wohnzimmer, Esszimmer usw.<\/span><\/p>\n<p><span style=\"font-family: 'Book Antiqua', Palatino; font-size: 120%; color: #333399;\">Diese Lampe wurde so entworfen, dass sie perfekt zu der abgeschirmten Deckenleuchte Biologa Danell passt.<\/span><\/p>\n<p><span style=\"font-family: 'Book Antiqua', Palatino; font-size: 120%; color: #333399;\">Sie vereint au\u00dferdem schlichtes Design und Bedienkomfort (Zugschalter, klare Ablesbarkeit). Ihr zylinderf\u00f6rmiger Design-Lampenschirm verleiht Ihren R\u00e4umen einen modernen und originellen Touch.<\/span><\/p>\n<p><span style=\"font-family: 'Book Antiqua', Palatino; font-size: 120%; color: #333399;\">Der Fu\u00df besteht aus gedrechseltem Buchenholz. Jeder gedrechselte Fu\u00df unterscheidet sich in Farbe und Maserung vom n\u00e4chsten; Ihre Lampe ist also ein Unikat.<\/span><\/p>\n<p><span style=\"font-family: 'Book Antiqua', Palatino; font-size: 120%; color: #333399;\">Der Lampenschirm besteht innen aus Papierkarton und ist au\u00dfen mit naturfarbenem Nesselstoff \u00fcberzogen.<\/span><\/p>\n<h3><span style=\"font-family: 'Book Antiqua', Palatino; font-size: 120%; color: #333399;\">Seine St\u00e4rken\u00a0<\/span><\/h3>\n<p><span style=\"font-family: 'Book Antiqua', Palatino; font-size: 120%; color: #333399;\">Alle abgeschirmten Biologa Danell-Lampen werden aus gesunden, umweltfreundlichen Materialien hergestellt und sind vor allem frei von Elektrosmog.<\/span><\/p>\n<ul>\n<li><span style=\"font-family: 'Book Antiqua', Palatino; font-size: 120%; color: #333399;\">Das verwendete Kabel ist abgeschirmt: Die drei Adern (Phase + Neutralleiter + Erde) sind von einer Metallfolie umgeben, die geerdet ist, um das elektrische Feld zu unterdr\u00fccken.<\/span><\/li>\n<li><span style=\"font-family: 'Book Antiqua', Palatino; font-size: 120%; color: #333399;\">Die drei Dr\u00e4hte sind 15-mal pro Meter verdreht, um das Magnetfeld zu d\u00e4mpfen.<\/span><\/li>\n<li><span style=\"font-family: 'Book Antiqua', Palatino; font-size: 120%; color: #333399;\">Der 3-polige Anschlussstecker ist abgeschirmt. Die Tatsache, dass er mit einem Erdungsanschluss versehen ist, verhindert au\u00dferdem eine Verwechslung der Anschlussrichtung.<\/span><\/li>\n<li><span style=\"font-family: 'Book Antiqua', Palatino; font-size: 120%; color: #333399;\">Der Schalter ist zweipolig (schaltet gleichzeitig die Phase und den Neutralleiter aus).<\/span><\/li>\n<li><span style=\"font-family: 'Book Antiqua', Palatino; font-size: 120%; color: #333399;\">Auf jede Gl\u00fchbirne wird eine Abschirmwindung geschraubt, die die letzten elektrischen Felder, die von der Gl\u00fchbirne ausgehen, unterdr\u00fcckt.<\/span><\/li>\n<\/ul>\n<p><span style=\"font-family: 'Book Antiqua', Palatino; font-size: 120%; color: #333399;\">Elektrische Felder haben Auswirkungen auf unser Nerven-, Hormon- und Immunsystem. Sie beeinflussen die Qualit\u00e4t Ihres Schlafs und Ihre Erholungsf\u00e4higkeit, verursachen Stress, Nervosit\u00e4t und Konzentrationsschwierigkeiten. Sie st\u00f6ren auch das S\u00e4ure-Basen-Gleichgewicht, indem sie unseren K\u00f6rper \u00fcbers\u00e4uern. Mit einer abgeschirmten Lampe k\u00f6nnen Sie diese Probleme beseitigen!<\/span><\/p>\n<p><span style=\"font-family: 'Book Antiqua', Palatino; font-size: 120%; color: #333399;\">Die abgeschirmte Nachttischlampe Biologa Danell wird vollst\u00e4ndig in Deutschland hergestellt. Die hochwertigen Teile kommen von Firmen, die ihr Handwerk verstehen und langfristig arbeiten. So k\u00f6nnen Teile wie der Lampenschirm oder das Netzkabel auch noch nach Jahren ausgetauscht werden.<\/span><\/p>\n<p><span style=\"font-family: 'Book Antiqua', Palatino; font-size: 120%; color: #333399;\">Das Motto von Biologa Danell ist es, langlebige Produkte herzustellen, die repariert und wiederaufbereitet werden k\u00f6nnen.<\/span><\/p>\n<p><span style=\"font-family: 'Book Antiqua', Palatino; font-size: 120%; color: #ed1c24;\"><strong>Achtung! Diese abgeschirmte Lampe muss an eine geerdete Wand- oder Mehrfachsteckdose angeschlossen werden!\u00a0<\/strong><\/span><\/p>\n<h3><span style=\"font-family: 'Book Antiqua', Palatino; font-size: 120%; color: #333399;\">Abschirmwirkung im Vergleich (gilt f\u00fcr alle abgeschirmten Leuchten von Biologa Danell)<\/span><\/h3>\n<p><span style=\"font-family: 'Book Antiqua', Palatino; font-size: 120%; color: #333399;\">Eine ungeschirmte Leuchte (Schutzklasse 2) mit einem ungeschirmten Zuleitungskabel erzeugt ein elektrisches Wechselfeld von 100,0 bis 160,0 V\/m (empfohlener Richtwert der Baubiologie: 10 V\/m).<\/span><br \/>\n<span style=\"font-family: 'Book Antiqua', Palatino; font-size: 120%; color: #333399;\">Die abgeschirmte Leuchte (Schutzklasse 1) mit entsprechendem Design erzeugt nur ein elektrisches Wechselfeld zwischen 0,4 und 0,6 V\/m.<\/span><br \/>\n<span style=\"font-family: 'Book Antiqua', Palatino; font-size: 120%; color: #333399;\">Die Pr\u00fcfung erfolgt nach den Spezifikationen, Frequenzb\u00e4ndern und Messabst\u00e4nden der anerkannten Bildschirmstandards (f\u00fcr strahlungsarme Bildschirme, Monitore): TCO'99, Volume I (MPR II) und DIN EN 50279 (Messabstand 30 cm).<\/span><\/p>\n<h3><span style=\"font-family: 'Book Antiqua', Palatino; font-size: 120%; color: #333399;\">Technische Daten<\/span><\/h3>\n<ul>\n<li><span style=\"font-family: 'Book Antiqua', Palatino; font-size: 120%; color: #333399;\">Fu\u00df aus nat\u00fcrlicher Buche<\/span><\/li>\n<li><span style=\"font-family: 'Book Antiqua', Palatino; font-size: 120%; color: #333399;\">Zylindrischer Lampenschirm aus Papier-Karton, bezogen mit Nesselstoff in der Farbe Baumwolle Natur<\/span><\/li>\n<li><span style=\"font-family: 'Book Antiqua', Palatino; font-size: 120%; color: #333399;\">Wird mit einer biologisch optimierten 5,5 W Biologa Danell LED-Kapsel geliefert.<\/span><\/li>\n<li><span style=\"font-family: 'Book Antiqua', Palatino; font-size: 120%; color: #333399;\">Kompatibel mit LED-Lampen max. 33W (Gl\u00fchlampen 40 W)<\/span><\/li>\n<li><span style=\"font-family: 'Book Antiqua', Palatino; font-size: 120%; color: #333399;\">Wei\u00dfes, abgeschirmtes Kabel, ca. 1,80 m lang<\/span><\/li>\n<li><span style=\"font-family: 'Book Antiqua', Palatino; font-size: 120%; color: #333399;\">Garantie: 2 Jahre<\/span><\/li>\n<\/ul>\n<p><span style=\"font-family: 'Book Antiqua', Palatino; font-size: 120%; color: #333399;\">Hergestellt in Deutschland von Biologa Danell<\/span><\/p>\n<h3><span style=\"font-family: 'Book Antiqua', Palatino; font-size: 120%; color: #333399;\">Abmessungen<\/span><\/h3>\n<ul>\n<li><span style=\"font-family: 'Book Antiqua', Palatino; font-size: 120%; color: #333399;\">Gesamth\u00f6he: 31 cm<\/span><\/li>\n<li><span style=\"font-family: 'Book Antiqua', Palatino; font-size: 120%; color: #333399;\">H\u00f6he des Lampenschirms: 15 cm<\/span><\/li>\n<li><span style=\"font-family: 'Book Antiqua', Palatino; font-size: 120%; color: #333399;\">Durchmesser des Lampenschirms: 20 cm<\/span><\/li>\n<li><span style=\"font-family: 'Book Antiqua', Palatino; font-size: 120%; color: #333399;\">Durchmesser des Fu\u00dfes: 15 cm\u00a0<\/span><\/li>\n<\/ul>","protected":false},"excerpt":{"rendered":"<p><span style=\"font-family: 'Book Antiqua', Palatino; font-size: 120%; color: #333399;\"><strong>Die abgeschirmte Nachttischlampe \"Rom\" Biologa Danell erm\u00f6glicht den Schutz vor Wellenfeldern (niederfrequenten elektrischen und magnetischen Feldern).\u00a0<\/strong><\/span><\/p>\n<p><span style=\"font-family: 'Book Antiqua', Palatino; font-size: 120%; color: #333399;\">Ihr zylindrischer Lampenschirm aus Baumwolle bringt einen Hauch von Modernit\u00e4t und Design in Ihr Zuhause.\u00a0<\/span><\/p>\n<p><span style=\"font-family: 'Book Antiqua', Palatino; font-size: 120%; color: #333399;\">Seine Vorteile: abgeschirmtes Kabel, Erdungsanschluss, zweipoliger Schalter, Abschirmungswindung...\u00a0<\/span><\/p>\n<p><span style=\"font-family: 'Book Antiqua', Palatino; font-size: 120%; color: #333399;\">Passend zur abgeschirmten Deckenleuchte Biologa Danell.<\/span><\/p>","protected":false},"featured_media":1873,"comment_status":"open","ping_status":"closed","template":"","meta":[],"product_brand":[265],"product_cat":[164],"product_tag":[248,246,247,249,258,245],"class_list":{"0":"post-1764","1":"product","2":"type-product","3":"status-publish","4":"has-post-thumbnail","6":"product_brand-biologa-danell","7":"product_cat-baubiologie","8":"product_tag-baubiologie","9":"product_tag-bureau","10":"product_tag-chambre","11":"product_tag-electromagnetisme","12":"product_tag-lampe","13":"product_tag-maison","15":"first","16":"instock","17":"taxable","18":"shipping-taxable","19":"purchasable","20":"product-type-simple"},"yoast_head":"<!-- This site is optimized with the Yoast SEO Premium plugin v25.1 (Yoast SEO v27.4) - https:\/\/yoast.com\/product\/yoast-seo-premium-wordpress\/ -->\n<title>Lampe de chevet blind\u00e9e Biologa Danell &quot;Rome&quot; | Agara<\/title>\n<meta name=\"description\" content=\"La lampe de chevet blind\u00e9e &quot;Rome&quot; Biologa Danell permet de se prot\u00e9ger des champs ondes (champs \u00e9lectriques et magn\u00e9tiques en basses fr\u00e9quences).\u00a0Son abat-jour cylindrique en coton apporte une touche de modernit\u00e9 et de design dans votre int\u00e9rieur.\u00a0Ses atouts : c\u00e2ble blind\u00e9, prise de terre, interrupteur bipolaire, spire de blindage...\u00a0Assortie au plafonnier blind\u00e9 Biologa Danell.\" \/>\n<meta name=\"robots\" content=\"index, follow, max-snippet:-1, max-image-preview:large, max-video-preview:-1\" \/>\n<link rel=\"canonical\" href=\"https:\/\/369agara.com\/de\/produkt\/lampe-chevet-rome\/\" \/>\n<meta property=\"og:locale\" content=\"de_DE\" \/>\n<meta property=\"og:type\" content=\"article\" \/>\n<meta property=\"og:title\" content=\"Lampe de chevet blind\u00e9e Biologa Danell &quot;Rome&quot;\" \/>\n<meta property=\"og:description\" content=\"La lampe de chevet blind\u00e9e &quot;Rome&quot; Biologa Danell permet de se prot\u00e9ger des champs ondes (champs \u00e9lectriques et magn\u00e9tiques en basses fr\u00e9quences).\u00a0Son abat-jour cylindrique en coton apporte une touche de modernit\u00e9 et de design dans votre int\u00e9rieur.\u00a0Ses atouts : c\u00e2ble blind\u00e9, prise de terre, interrupteur bipolaire, spire de blindage...\u00a0Assortie au plafonnier blind\u00e9 Biologa Danell.\" \/>\n<meta property=\"og:url\" content=\"https:\/\/369agara.com\/de\/produkt\/lampe-chevet-rome\/\" \/>\n<meta property=\"og:site_name\" content=\"Agara\" \/>\n<meta property=\"article:modified_time\" content=\"2025-05-15T20:00:00+00:00\" \/>\n<meta property=\"og:image\" content=\"https:\/\/369agara.com\/wp-content\/uploads\/2023\/09\/lampe-de-chevet-blindee-biologa-danell-abat-jour-cylindrique.jpg\" \/>\n\t<meta property=\"og:image:width\" content=\"800\" \/>\n\t<meta property=\"og:image:height\" content=\"800\" \/>\n\t<meta property=\"og:image:type\" content=\"image\/jpeg\" \/>\n<meta name=\"twitter:card\" content=\"summary_large_image\" \/>\n<meta name=\"twitter:label1\" content=\"Gesch\u00e4tzte Lesezeit\" \/>\n\t<meta name=\"twitter:data1\" content=\"4\u00a0Minuten\" \/>\n<script type=\"application\/ld+json\" class=\"yoast-schema-graph\">{\"@context\":\"https:\\\/\\\/schema.org\",\"@graph\":[{\"@type\":\"WebPage\",\"@id\":\"https:\\\/\\\/369agara.com\\\/produit\\\/lampe-chevet-rome\\\/\",\"url\":\"https:\\\/\\\/369agara.com\\\/produit\\\/lampe-chevet-rome\\\/\",\"name\":\"Lampe de chevet blind\u00e9e Biologa Danell \\\"Rome\\\" | Agara\",\"isPartOf\":{\"@id\":\"https:\\\/\\\/369agara.com\\\/#website\"},\"primaryImageOfPage\":{\"@id\":\"https:\\\/\\\/369agara.com\\\/produit\\\/lampe-chevet-rome\\\/#primaryimage\"},\"image\":{\"@id\":\"https:\\\/\\\/369agara.com\\\/produit\\\/lampe-chevet-rome\\\/#primaryimage\"},\"thumbnailUrl\":\"https:\\\/\\\/369agara.com\\\/wp-content\\\/uploads\\\/2023\\\/09\\\/lampe-de-chevet-blindee-biologa-danell-abat-jour-cylindrique.jpg\",\"datePublished\":\"2023-09-18T18:22:35+00:00\",\"dateModified\":\"2025-05-15T20:00:00+00:00\",\"description\":\"La lampe de chevet blind\u00e9e \\\"Rome\\\" Biologa Danell permet de se prot\u00e9ger des champs ondes (champs \u00e9lectriques et magn\u00e9tiques en basses fr\u00e9quences).\u00a0Son abat-jour cylindrique en coton apporte une touche de modernit\u00e9 et de design dans votre int\u00e9rieur.\u00a0Ses atouts : c\u00e2ble blind\u00e9, prise de terre, interrupteur bipolaire, spire de blindage...\u00a0Assortie au plafonnier blind\u00e9 Biologa Danell.\",\"breadcrumb\":{\"@id\":\"https:\\\/\\\/369agara.com\\\/produit\\\/lampe-chevet-rome\\\/#breadcrumb\"},\"inLanguage\":\"de\",\"potentialAction\":[{\"@type\":\"ReadAction\",\"target\":[\"https:\\\/\\\/369agara.com\\\/produit\\\/lampe-chevet-rome\\\/\"]}]},{\"@type\":\"ImageObject\",\"inLanguage\":\"de\",\"@id\":\"https:\\\/\\\/369agara.com\\\/produit\\\/lampe-chevet-rome\\\/#primaryimage\",\"url\":\"https:\\\/\\\/369agara.com\\\/wp-content\\\/uploads\\\/2023\\\/09\\\/lampe-de-chevet-blindee-biologa-danell-abat-jour-cylindrique.jpg\",\"contentUrl\":\"https:\\\/\\\/369agara.com\\\/wp-content\\\/uploads\\\/2023\\\/09\\\/lampe-de-chevet-blindee-biologa-danell-abat-jour-cylindrique.jpg\",\"width\":800,\"height\":800},{\"@type\":\"BreadcrumbList\",\"@id\":\"https:\\\/\\\/369agara.com\\\/produit\\\/lampe-chevet-rome\\\/#breadcrumb\",\"itemListElement\":[{\"@type\":\"ListItem\",\"position\":1,\"name\":\"Accueil\",\"item\":\"https:\\\/\\\/369agara.com\\\/\"},{\"@type\":\"ListItem\",\"position\":2,\"name\":\"La boutique\",\"item\":\"https:\\\/\\\/369agara.com\\\/la-boutique\\\/\"},{\"@type\":\"ListItem\",\"position\":3,\"name\":\"Lampe de chevet blind\u00e9e Biologa Danell \u00ab\u00a0Rome\u00a0\u00bb\"}]},{\"@type\":\"WebSite\",\"@id\":\"https:\\\/\\\/369agara.com\\\/#website\",\"url\":\"https:\\\/\\\/369agara.com\\\/\",\"name\":\"Livsrikedomar\",\"description\":\"D\u00e9connectez pour mieux vous connecter\",\"publisher\":{\"@id\":\"https:\\\/\\\/369agara.com\\\/#organization\"},\"potentialAction\":[{\"@type\":\"SearchAction\",\"target\":{\"@type\":\"EntryPoint\",\"urlTemplate\":\"https:\\\/\\\/369agara.com\\\/?s={search_term_string}\"},\"query-input\":{\"@type\":\"PropertyValueSpecification\",\"valueRequired\":true,\"valueName\":\"search_term_string\"}}],\"inLanguage\":\"de\"},{\"@type\":\"Organization\",\"@id\":\"https:\\\/\\\/369agara.com\\\/#organization\",\"name\":\"EACreations\",\"url\":\"https:\\\/\\\/369agara.com\\\/\",\"logo\":{\"@type\":\"ImageObject\",\"inLanguage\":\"de\",\"@id\":\"https:\\\/\\\/369agara.com\\\/#\\\/schema\\\/logo\\\/image\\\/\",\"url\":\"\",\"contentUrl\":\"\",\"caption\":\"EACreations\"},\"image\":{\"@id\":\"https:\\\/\\\/369agara.com\\\/#\\\/schema\\\/logo\\\/image\\\/\"}}]}<\/script>\n<!-- \/ Yoast SEO Premium plugin. -->","yoast_head_json":{"title":"Lampe de chevet blind\u00e9e Biologa Danell \"Rome\" | Agara","description":"La lampe de chevet blind\u00e9e \"Rome\" Biologa Danell permet de se prot\u00e9ger des champs ondes (champs \u00e9lectriques et magn\u00e9tiques en basses fr\u00e9quences).\u00a0Son abat-jour cylindrique en coton apporte une touche de modernit\u00e9 et de design dans votre int\u00e9rieur.\u00a0Ses atouts : c\u00e2ble blind\u00e9, prise de terre, interrupteur bipolaire, spire de blindage...\u00a0Assortie au plafonnier blind\u00e9 Biologa Danell.","robots":{"index":"index","follow":"follow","max-snippet":"max-snippet:-1","max-image-preview":"max-image-preview:large","max-video-preview":"max-video-preview:-1"},"canonical":"https:\/\/369agara.com\/de\/produkt\/lampe-chevet-rome\/","og_locale":"de_DE","og_type":"article","og_title":"Lampe de chevet blind\u00e9e Biologa Danell \"Rome\"","og_description":"La lampe de chevet blind\u00e9e \"Rome\" Biologa Danell permet de se prot\u00e9ger des champs ondes (champs \u00e9lectriques et magn\u00e9tiques en basses fr\u00e9quences).\u00a0Son abat-jour cylindrique en coton apporte une touche de modernit\u00e9 et de design dans votre int\u00e9rieur.\u00a0Ses atouts : c\u00e2ble blind\u00e9, prise de terre, interrupteur bipolaire, spire de blindage...\u00a0Assortie au plafonnier blind\u00e9 Biologa Danell.","og_url":"https:\/\/369agara.com\/de\/produkt\/lampe-chevet-rome\/","og_site_name":"Agara","article_modified_time":"2025-05-15T20:00:00+00:00","og_image":[{"width":800,"height":800,"url":"https:\/\/369agara.com\/wp-content\/uploads\/2023\/09\/lampe-de-chevet-blindee-biologa-danell-abat-jour-cylindrique.jpg","type":"image\/jpeg"}],"twitter_card":"summary_large_image","twitter_misc":{"Gesch\u00e4tzte Lesezeit":"4\u00a0Minuten"},"schema":{"@context":"https:\/\/schema.org","@graph":[{"@type":"WebPage","@id":"https:\/\/369agara.com\/produit\/lampe-chevet-rome\/","url":"https:\/\/369agara.com\/produit\/lampe-chevet-rome\/","name":"Lampe de chevet blind\u00e9e Biologa Danell \"Rome\" | Agara","isPartOf":{"@id":"https:\/\/369agara.com\/#website"},"primaryImageOfPage":{"@id":"https:\/\/369agara.com\/produit\/lampe-chevet-rome\/#primaryimage"},"image":{"@id":"https:\/\/369agara.com\/produit\/lampe-chevet-rome\/#primaryimage"},"thumbnailUrl":"https:\/\/369agara.com\/wp-content\/uploads\/2023\/09\/lampe-de-chevet-blindee-biologa-danell-abat-jour-cylindrique.jpg","datePublished":"2023-09-18T18:22:35+00:00","dateModified":"2025-05-15T20:00:00+00:00","description":"La lampe de chevet blind\u00e9e \"Rome\" Biologa Danell permet de se prot\u00e9ger des champs ondes (champs \u00e9lectriques et magn\u00e9tiques en basses fr\u00e9quences).\u00a0Son abat-jour cylindrique en coton apporte une touche de modernit\u00e9 et de design dans votre int\u00e9rieur.\u00a0Ses atouts : c\u00e2ble blind\u00e9, prise de terre, interrupteur bipolaire, spire de blindage...\u00a0Assortie au plafonnier blind\u00e9 Biologa Danell.","breadcrumb":{"@id":"https:\/\/369agara.com\/produit\/lampe-chevet-rome\/#breadcrumb"},"inLanguage":"de","potentialAction":[{"@type":"ReadAction","target":["https:\/\/369agara.com\/produit\/lampe-chevet-rome\/"]}]},{"@type":"ImageObject","inLanguage":"de","@id":"https:\/\/369agara.com\/produit\/lampe-chevet-rome\/#primaryimage","url":"https:\/\/369agara.com\/wp-content\/uploads\/2023\/09\/lampe-de-chevet-blindee-biologa-danell-abat-jour-cylindrique.jpg","contentUrl":"https:\/\/369agara.com\/wp-content\/uploads\/2023\/09\/lampe-de-chevet-blindee-biologa-danell-abat-jour-cylindrique.jpg","width":800,"height":800},{"@type":"BreadcrumbList","@id":"https:\/\/369agara.com\/produit\/lampe-chevet-rome\/#breadcrumb","itemListElement":[{"@type":"ListItem","position":1,"name":"Accueil","item":"https:\/\/369agara.com\/"},{"@type":"ListItem","position":2,"name":"La boutique","item":"https:\/\/369agara.com\/la-boutique\/"},{"@type":"ListItem","position":3,"name":"Lampe de chevet blind\u00e9e Biologa Danell \u00ab\u00a0Rome\u00a0\u00bb"}]},{"@type":"WebSite","@id":"https:\/\/369agara.com\/#website","url":"https:\/\/369agara.com\/","name":"Livsrikedomar","description":"Trennen Sie die Verbindung, um sich besser zu verbinden","publisher":{"@id":"https:\/\/369agara.com\/#organization"},"potentialAction":[{"@type":"SearchAction","target":{"@type":"EntryPoint","urlTemplate":"https:\/\/369agara.com\/?s={search_term_string}"},"query-input":{"@type":"PropertyValueSpecification","valueRequired":true,"valueName":"search_term_string"}}],"inLanguage":"de"},{"@type":"Organization","@id":"https:\/\/369agara.com\/#organization","name":"EACreations","url":"https:\/\/369agara.com\/","logo":{"@type":"ImageObject","inLanguage":"de","@id":"https:\/\/369agara.com\/#\/schema\/logo\/image\/","url":"","contentUrl":"","caption":"EACreations"},"image":{"@id":"https:\/\/369agara.com\/#\/schema\/logo\/image\/"}}]}},"jetpack_sharing_enabled":true,"_links":{"self":[{"href":"https:\/\/369agara.com\/de\/wp-json\/wp\/v2\/product\/1764","targetHints":{"allow":["GET"]}}],"collection":[{"href":"https:\/\/369agara.com\/de\/wp-json\/wp\/v2\/product"}],"about":[{"href":"https:\/\/369agara.com\/de\/wp-json\/wp\/v2\/types\/product"}],"replies":[{"embeddable":true,"href":"https:\/\/369agara.com\/de\/wp-json\/wp\/v2\/comments?post=1764"}],"wp:featuredmedia":[{"embeddable":true,"href":"https:\/\/369agara.com\/de\/wp-json\/wp\/v2\/media\/1873"}],"wp:attachment":[{"href":"https:\/\/369agara.com\/de\/wp-json\/wp\/v2\/media?parent=1764"}],"wp:term":[{"taxonomy":"product_brand","embeddable":true,"href":"https:\/\/369agara.com\/de\/wp-json\/wp\/v2\/product_brand?post=1764"},{"taxonomy":"product_cat","embeddable":true,"href":"https:\/\/369agara.com\/de\/wp-json\/wp\/v2\/product_cat?post=1764"},{"taxonomy":"product_tag","embeddable":true,"href":"https:\/\/369agara.com\/de\/wp-json\/wp\/v2\/product_tag?post=1764"}],"curies":[{"name":"wp","href":"https:\/\/api.w.org\/{rel}","templated":true}]}}