{"id":1766,"date":"2023-08-26T18:44:23","date_gmt":"2023-08-26T16:44:23","guid":{"rendered":"https:\/\/369agara.com\/?post_type=product&#038;p=1766"},"modified":"2025-05-15T22:00:17","modified_gmt":"2025-05-15T20:00:17","slug":"capsule-g9-led-55w","status":"publish","type":"product","link":"https:\/\/369agara.com\/de\/produkt\/capsule-g9-led-55w\/","title":{"rendered":"Capsule G9 LED 5.5 W Biologa Danell | 485 lm"},"content":{"rendered":"<div class=\"block md-bottom product-description-block\">\n<div class=\"block-content box-bg\">\n<div class=\"product-description typo\">\n<p><span style=\"font-family: 'Book Antiqua', Palatino; font-size: 120%; color: #333399;\">Die Biologa Danell 5,5 W G9 LED-Kapsel ist eine hervorragende Alternative zur herk\u00f6mmlichen G9-Hochvolt-Halogenkapsel und bietet eine hervorragende Farbwiedergabe und flimmerfreies Licht.<\/span><\/p>\n<ul>\n<li><span style=\"font-family: 'Book Antiqua', Palatino; font-size: 120%; color: #333399;\">Geringer Energieverbrauch<\/span><\/li>\n<li><span style=\"font-family: 'Book Antiqua', Palatino; font-size: 120%; color: #333399;\">Lange Lebensdauer<\/span><\/li>\n<li><span style=\"font-family: 'Book Antiqua', Palatino; font-size: 120%; color: #333399;\">Flimmerfrei: biologisch optimierte Lichtquelle f\u00fcr den t\u00e4glichen Gebrauch<\/span><\/li>\n<li><span style=\"font-family: 'Book Antiqua', Palatino; font-size: 120%; color: #333399;\">Kompatibel mit vielen bestehenden Modellen von abgeschirmten Danell-Lampen*.<\/span><\/li>\n<\/ul>\n<p><span style=\"font-family: 'Book Antiqua', Palatino; font-size: 120%; color: #333399;\">Das nahezu kontinuierliche Spektrum des ausgestrahlten Lichts entspricht in etwa dem von Gl\u00fch- oder Halogenlampen, allerdings ohne den Anteil der W\u00e4rmestrahlung (IR oder Infrarot).<\/span><\/p>\n<p><span style=\"font-family: 'Book Antiqua', Palatino; font-size: 120%; color: #333399;\">Der Farbwiedergabeindex (Ra oder CRI) beschreibt die Wirkung von Licht auf das farbliche Erscheinungsbild von Gegenst\u00e4nden im Vergleich zu Tageslicht (nicht abh\u00e4ngig von der Farbtemperatur). Diese LED hat einen sehr guten CRI von 95 im Vergleich zu einer Gl\u00fchlampe mit einem CRI von 100.<\/span><\/p>\n<p><span style=\"font-family: 'Book Antiqua', Palatino; font-size: 120%; color: #333399;\">Die Farbtemperatur ist ein Ma\u00df f\u00fcr den jeweiligen Farbeindruck einer Lichtquelle. Warmlichtfarben (Warmwei\u00df, 2700 bis 3000 K) haben eine niedrige Kelvinzahl, Kaltlichtfarben (Kaltwei\u00df, 5000 K) eine hohe.<\/span><\/p>\n<p><span style=\"font-family: 'Book Antiqua', Palatino; font-size: 120%; color: #333399;\">Der Lichtaustrittswinkel von 270 \u00b0 eignet sich sehr gut f\u00fcr alle Anwendungen, bei denen fr\u00fcher Gl\u00fchlampen verwendet wurden.<\/span><\/p>\n<p><span style=\"font-family: 'Book Antiqua', Palatino; font-size: 120%; color: #333399;\">Die \"herk\u00f6mmlichen\" LED-Lampen werden aus einem Halbleiter hergestellt und mit einem eingebauten Vorschaltger\u00e4t betrieben. Die dadurch entstehende Spannung erzeugt ein starkes \"Lichtflackern\" (Pulsieren), das in der Regel mit dem blo\u00dfen Auge nicht wahrgenommen werden kann. Allerdings kann das Lichtflackern in unserem K\u00f6rper Stress verursachen.<\/span><br \/>\n<span style=\"font-family: 'Book Antiqua', Palatino; font-size: 120%; color: #333399;\">Die Pulsation wird bei dieser biologisch optimierten LED auf ein Minimum reduziert (unter 1%).<\/span><\/p>\n<p><span style=\"font-family: 'Book Antiqua', Palatino; font-size: 120%; color: #333399;\">Energieeffizienzklasse EEK: Klassifizierung aller Lampen f\u00fcr den Hausgebrauch. Ber\u00fccksichtigt werden Watt, Lumen und Betriebsstunden. Die europ\u00e4ische Richtlinie 98\/11 \/ EG deckt die Klassen E (weniger effizient) bis A ++ (sehr effizient) ab. Die Danell G9 LED-Kapsel befindet sich in der Klasse A+.<\/span><\/p>\n<p><span style=\"font-family: 'Book Antiqua', Palatino; font-size: 120%; color: #333399;\">G9-Stecksockel: Kann mit dem G9-Adapter f\u00fcr E14-Fassungen (41-7104) und dem G9-Adapter f\u00fcr E27-Fassungen (41-7126) f\u00fcr fast alle im Handel erh\u00e4ltlichen Lampen mit Schraubsockel verwendet werden. Dies hat den Vorteil, dass Sie unabh\u00e4ngig von der Gr\u00f6\u00dfe des Sockels nur einen Lampentyp verwenden k\u00f6nnen. Der Austausch ist durch einfaches Ziehen und Stecken m\u00f6glich.<\/span><\/p>\n<p><strong><span style=\"font-family: 'Book Antiqua', Palatino; font-size: 120%; color: #333399;\">Bitte beachten Sie nach Gebrauch, dass die LED-Gl\u00fchbirne eine eingebaute Elektronik hat (kein Quecksilber!). Sie sollte daher nach Gebrauch an einer Sammelstelle f\u00fcr Elektronikschrott abgegeben werden (nicht im Hausm\u00fcll entsorgen).<\/span><\/strong><\/p>\n<p><span style=\"font-family: 'Book Antiqua', Palatino; font-size: 120%; color: #ed1c24;\">* Nicht geeignet f\u00fcr die abgeschirmten Leuchten der Serie \"Geb\u00fcrsteter Stahl\" Biologa Danell (41-8803, 41-8904, 41-8882, 41-8904, 41-8926) und f\u00fcr die abgeschirmte Salzlampe (41-6226).<\/span><\/p>\n<h3><span style=\"font-family: 'Book Antiqua', Palatino; font-size: 120%; color: #333399;\">Technische Daten<\/span><\/h3>\n<ul>\n<li><span style=\"font-family: 'Book Antiqua', Palatino; font-size: 120%; color: #333399;\">Verkauf von Einzelst\u00fccken<\/span><\/li>\n<li><span style=\"font-family: 'Book Antiqua', Palatino; font-size: 120%; color: #333399;\">Gesamth\u00f6he: 54.5 mm +\/- 0.5<\/span><\/li>\n<li><span style=\"font-family: 'Book Antiqua', Palatino; font-size: 120%; color: #333399;\">H\u00f6he des Filaments: 20 mm +\/- 0,5<\/span><\/li>\n<li><span style=\"font-family: 'Book Antiqua', Palatino; font-size: 120%; color: #333399;\">Durchmesser: 18 mm +\/- 0,5<\/span><\/li>\n<li><span style=\"font-family: 'Book Antiqua', Palatino; font-size: 120%; color: #333399;\">Flimmerfreie Lichtimpulse (&lt;1%)<\/span><\/li>\n<li><span style=\"font-family: 'Book Antiqua', Palatino; font-size: 120%; color: #333399;\">Stromverbrauch: 5,5 W (Watt); entspricht einer 41-W-Gl\u00fchlampe<\/span><\/li>\n<li><span style=\"font-family: 'Book Antiqua', Palatino; font-size: 120%; color: #333399;\">Lichtstrom: 485 lm (Lumen)<\/span><\/li>\n<li><span style=\"font-family: 'Book Antiqua', Palatino; font-size: 120%; color: #333399;\">Farbtemperatur: 2970 K (Kelvin) warmwei\u00df<\/span><\/li>\n<li><span style=\"font-family: 'Book Antiqua', Palatino; font-size: 120%; color: #333399;\">Farbwiedergabeindex: 95 (CRI oder Ra)<\/span><\/li>\n<li><span style=\"font-family: 'Book Antiqua', Palatino; font-size: 120%; color: #333399;\">Klares Design<\/span><\/li>\n<li><span style=\"font-family: 'Book Antiqua', Palatino; font-size: 120%; color: #333399;\">Energieeffizienzklasse: A+<\/span><\/li>\n<li><span style=\"font-family: 'Book Antiqua', Palatino; font-size: 120%; color: #333399;\">Energieverbrauch: 5.5 kWh \/ 1000 h<\/span><\/li>\n<li><span style=\"font-family: 'Book Antiqua', Palatino; font-size: 120%; color: #333399;\">Lichtaustrittswinkel: 270 \u00b0<\/span><\/li>\n<li><span style=\"font-family: 'Book Antiqua', Palatino; font-size: 120%; color: #333399;\">Basis (Standardbezeichnung): G9<\/span><\/li>\n<li><span style=\"font-family: 'Book Antiqua', Palatino; font-size: 120%; color: #333399;\">Quecksilberfrei<\/span><\/li>\n<li><span style=\"font-family: 'Book Antiqua', Palatino; font-size: 120%; color: #333399;\">Aufw\u00e4rmzeit: &lt;0,3 Sekunden<\/span><\/li>\n<li><span style=\"font-family: 'Book Antiqua', Palatino; font-size: 120%; color: #333399;\">Nicht dimmbar<\/span><\/li>\n<li><span style=\"font-family: 'Book Antiqua', Palatino; font-size: 120%; color: #333399;\">Durchschnittliche Lebensdauer: 20.000 Stunden<\/span><\/li>\n<li><span style=\"font-family: 'Book Antiqua', Palatino; font-size: 120%; color: #333399;\">Bis zu 20.000 Schaltzyklen<\/span><\/li>\n<li><span style=\"font-family: 'Book Antiqua', Palatino; font-size: 120%; color: #333399;\">Betriebstemperatur : -25 \u00b0C bis + 40 \u00b0C<\/span><\/li>\n<li><span style=\"font-family: 'Book Antiqua', Palatino; font-size: 120%; color: #333399;\">Netzspannung: 220 bis 240 V \/ 50 Hz<\/span><\/li>\n<li><span style=\"font-family: 'Book Antiqua', Palatino; font-size: 120%; color: #333399;\">Gewicht: 15 g<\/span><\/li>\n<li><span style=\"font-family: 'Book Antiqua', Palatino; font-size: 120%; color: #333399;\">Geeignet f\u00fcr alle Leuchten mit einer vorhandenen G9-Fassung; passt auf die Keramikfassungen G9 E14 und G9 E27<\/span><\/li>\n<\/ul>\n<p><span style=\"font-family: 'Book Antiqua', Palatino; font-size: 120%; color: #333399;\">Kann in allen privaten Wohnr\u00e4umen, \u00f6ffentlichen Geb\u00e4uden, Hotels, B\u00fcrogeb\u00e4uden, ... verwendet werden.<\/span><\/p>\n<p><span style=\"font-family: 'Book Antiqua', Palatino; font-size: 120%; color: #333399;\">Verwendung im Freien nur mit geeigneter Beleuchtung.<\/span><\/p>\n<h3><span style=\"color: #333399; font-family: 'Book Antiqua', Palatino; font-size: 120%;\">Denken Sie daran, zu konsultieren<\/span><\/h3>\n<\/div>\n<\/div>\n<\/div>\n<div class=\"block product-attachments-block sm-bottom\">\n<div class=\"block-content\">\n<section class=\"product-attachments\">\n<div class=\"row\">\n<div class=\"attachment col-12 col-lg-4\">\n<div class=\"box-bg my-2\">\n<ul>\n<li class=\"h5\"><span style=\"font-family: 'Book Antiqua', Palatino; font-size: 120%; color: #333399;\">Capsule G9 LED 5.5 W<\/span><br \/>\n<span style=\"font-family: 'Book Antiqua', Palatino; font-size: 120%; color: #333399;\">Datenblatt<\/span><\/li>\n<\/ul>\n<\/div>\n<\/div>\n<div class=\"attachment col-12 col-lg-4\">\n<div class=\"box-bg my-2\">\n<ul>\n<li class=\"h5\"><span style=\"font-family: 'Book Antiqua', Palatino; font-size: 120%; color: #333399;\">Capsule G9 LED 5.5 W<\/span><br \/>\n<span style=\"font-family: 'Book Antiqua', Palatino; font-size: 120%; color: #333399;\">Gebrauchsanweisung<\/span><\/li>\n<\/ul>\n<\/div>\n<\/div>\n<\/div>\n<\/section>\n<\/div>\n<\/div>","protected":false},"excerpt":{"rendered":"<p><span style=\"font-family: 'Book Antiqua', Palatino; font-size: 120%; color: #333399;\">Die Biologa Danell 5,5 W G9 LED-Kapsel ist eine hervorragende Alternative zur herk\u00f6mmlichen G9-Hochvolt-Halogenkapsel und bietet eine hervorragende Farbwiedergabe und flimmerfreies Licht.\u00a0<\/span><\/p>\n<p><span style=\"font-family: 'Book Antiqua', Palatino; font-size: 120%; color: #333399;\">\u00c4quivalent 41 W, 485 lm.<\/span><\/p>","protected":false},"featured_media":1769,"comment_status":"open","ping_status":"closed","template":"","meta":[],"product_brand":[265],"product_cat":[164],"product_tag":[248,246,247,251,258,245],"class_list":{"0":"post-1766","1":"product","2":"type-product","3":"status-publish","4":"has-post-thumbnail","6":"product_brand-biologa-danell","7":"product_cat-baubiologie","8":"product_tag-baubiologie","9":"product_tag-bureau","10":"product_tag-chambre","11":"product_tag-electricite","12":"product_tag-lampe","13":"product_tag-maison","15":"first","16":"instock","17":"taxable","18":"shipping-taxable","19":"purchasable","20":"product-type-simple"},"yoast_head":"<!-- This site is optimized with the Yoast SEO Premium plugin v25.1 (Yoast SEO v27.4) - https:\/\/yoast.com\/product\/yoast-seo-premium-wordpress\/ -->\n<title>Capsule G9 LED 5.5 W Biologa Danell | 485 lm | Agara<\/title>\n<meta name=\"description\" content=\"La capsule G9 LED 5.5 W Biologa Danell est une excellente alternative \u00e0 la capsule halog\u00e8ne G9 haute tension conventionnelle, offrant un excellent rendu des couleurs et une lumi\u00e8re sans scintillement.\u00a0Equivalent 41 W, 485 lm.\" \/>\n<meta name=\"robots\" content=\"index, follow, max-snippet:-1, max-image-preview:large, max-video-preview:-1\" \/>\n<link rel=\"canonical\" href=\"https:\/\/369agara.com\/de\/produkt\/capsule-g9-led-55w\/\" \/>\n<meta property=\"og:locale\" content=\"de_DE\" \/>\n<meta property=\"og:type\" content=\"article\" \/>\n<meta property=\"og:title\" content=\"Capsule G9 LED 5.5 W Biologa Danell | 485 lm\" \/>\n<meta property=\"og:description\" content=\"La capsule G9 LED 5.5 W Biologa Danell est une excellente alternative \u00e0 la capsule halog\u00e8ne G9 haute tension conventionnelle, offrant un excellent rendu des couleurs et une lumi\u00e8re sans scintillement.\u00a0Equivalent 41 W, 485 lm.\" \/>\n<meta property=\"og:url\" content=\"https:\/\/369agara.com\/de\/produkt\/capsule-g9-led-55w\/\" \/>\n<meta property=\"og:site_name\" content=\"Agara\" \/>\n<meta property=\"article:modified_time\" content=\"2025-05-15T20:00:17+00:00\" \/>\n<meta property=\"og:image\" content=\"https:\/\/369agara.com\/wp-content\/uploads\/2023\/08\/capsule-g9-led-55-w-biologa-danell.jpg\" \/>\n\t<meta property=\"og:image:width\" content=\"800\" \/>\n\t<meta property=\"og:image:height\" content=\"800\" \/>\n\t<meta property=\"og:image:type\" content=\"image\/jpeg\" \/>\n<meta name=\"twitter:card\" content=\"summary_large_image\" \/>\n<meta name=\"twitter:label1\" content=\"Gesch\u00e4tzte Lesezeit\" \/>\n\t<meta name=\"twitter:data1\" content=\"4\u00a0Minuten\" \/>\n<script type=\"application\/ld+json\" class=\"yoast-schema-graph\">{\"@context\":\"https:\\\/\\\/schema.org\",\"@graph\":[{\"@type\":\"WebPage\",\"@id\":\"https:\\\/\\\/369agara.com\\\/produit\\\/capsule-g9-led-55w\\\/\",\"url\":\"https:\\\/\\\/369agara.com\\\/produit\\\/capsule-g9-led-55w\\\/\",\"name\":\"Capsule G9 LED 5.5 W Biologa Danell | 485 lm | Agara\",\"isPartOf\":{\"@id\":\"https:\\\/\\\/369agara.com\\\/#website\"},\"primaryImageOfPage\":{\"@id\":\"https:\\\/\\\/369agara.com\\\/produit\\\/capsule-g9-led-55w\\\/#primaryimage\"},\"image\":{\"@id\":\"https:\\\/\\\/369agara.com\\\/produit\\\/capsule-g9-led-55w\\\/#primaryimage\"},\"thumbnailUrl\":\"https:\\\/\\\/369agara.com\\\/wp-content\\\/uploads\\\/2023\\\/08\\\/capsule-g9-led-55-w-biologa-danell.jpg\",\"datePublished\":\"2023-08-26T16:44:23+00:00\",\"dateModified\":\"2025-05-15T20:00:17+00:00\",\"description\":\"La capsule G9 LED 5.5 W Biologa Danell est une excellente alternative \u00e0 la capsule halog\u00e8ne G9 haute tension conventionnelle, offrant un excellent rendu des couleurs et une lumi\u00e8re sans scintillement.\u00a0Equivalent 41 W, 485 lm.\",\"breadcrumb\":{\"@id\":\"https:\\\/\\\/369agara.com\\\/produit\\\/capsule-g9-led-55w\\\/#breadcrumb\"},\"inLanguage\":\"de\",\"potentialAction\":[{\"@type\":\"ReadAction\",\"target\":[\"https:\\\/\\\/369agara.com\\\/produit\\\/capsule-g9-led-55w\\\/\"]}]},{\"@type\":\"ImageObject\",\"inLanguage\":\"de\",\"@id\":\"https:\\\/\\\/369agara.com\\\/produit\\\/capsule-g9-led-55w\\\/#primaryimage\",\"url\":\"https:\\\/\\\/369agara.com\\\/wp-content\\\/uploads\\\/2023\\\/08\\\/capsule-g9-led-55-w-biologa-danell.jpg\",\"contentUrl\":\"https:\\\/\\\/369agara.com\\\/wp-content\\\/uploads\\\/2023\\\/08\\\/capsule-g9-led-55-w-biologa-danell.jpg\",\"width\":800,\"height\":800},{\"@type\":\"BreadcrumbList\",\"@id\":\"https:\\\/\\\/369agara.com\\\/produit\\\/capsule-g9-led-55w\\\/#breadcrumb\",\"itemListElement\":[{\"@type\":\"ListItem\",\"position\":1,\"name\":\"Accueil\",\"item\":\"https:\\\/\\\/369agara.com\\\/\"},{\"@type\":\"ListItem\",\"position\":2,\"name\":\"La boutique\",\"item\":\"https:\\\/\\\/369agara.com\\\/la-boutique\\\/\"},{\"@type\":\"ListItem\",\"position\":3,\"name\":\"Capsule G9 LED 5.5 W Biologa Danell | 485 lm\"}]},{\"@type\":\"WebSite\",\"@id\":\"https:\\\/\\\/369agara.com\\\/#website\",\"url\":\"https:\\\/\\\/369agara.com\\\/\",\"name\":\"Livsrikedomar\",\"description\":\"D\u00e9connectez pour mieux vous connecter\",\"publisher\":{\"@id\":\"https:\\\/\\\/369agara.com\\\/#organization\"},\"potentialAction\":[{\"@type\":\"SearchAction\",\"target\":{\"@type\":\"EntryPoint\",\"urlTemplate\":\"https:\\\/\\\/369agara.com\\\/?s={search_term_string}\"},\"query-input\":{\"@type\":\"PropertyValueSpecification\",\"valueRequired\":true,\"valueName\":\"search_term_string\"}}],\"inLanguage\":\"de\"},{\"@type\":\"Organization\",\"@id\":\"https:\\\/\\\/369agara.com\\\/#organization\",\"name\":\"EACreations\",\"url\":\"https:\\\/\\\/369agara.com\\\/\",\"logo\":{\"@type\":\"ImageObject\",\"inLanguage\":\"de\",\"@id\":\"https:\\\/\\\/369agara.com\\\/#\\\/schema\\\/logo\\\/image\\\/\",\"url\":\"\",\"contentUrl\":\"\",\"caption\":\"EACreations\"},\"image\":{\"@id\":\"https:\\\/\\\/369agara.com\\\/#\\\/schema\\\/logo\\\/image\\\/\"}}]}<\/script>\n<!-- \/ Yoast SEO Premium plugin. -->","yoast_head_json":{"title":"Capsule G9 LED 5.5 W Biologa Danell | 485 lm | Agara","description":"Die Biologa Danell 5.5 W G9 LED-Kapsel ist eine hervorragende Alternative zur herk\u00f6mmlichen G9-Hochvolt-Halogenkapsel und bietet eine hervorragende Farbwiedergabe und flimmerfreies Licht. \u00c4quivalent 41 W, 485 lm.","robots":{"index":"index","follow":"follow","max-snippet":"max-snippet:-1","max-image-preview":"max-image-preview:large","max-video-preview":"max-video-preview:-1"},"canonical":"https:\/\/369agara.com\/de\/produkt\/capsule-g9-led-55w\/","og_locale":"de_DE","og_type":"article","og_title":"Capsule G9 LED 5.5 W Biologa Danell | 485 lm","og_description":"La capsule G9 LED 5.5 W Biologa Danell est une excellente alternative \u00e0 la capsule halog\u00e8ne G9 haute tension conventionnelle, offrant un excellent rendu des couleurs et une lumi\u00e8re sans scintillement.\u00a0Equivalent 41 W, 485 lm.","og_url":"https:\/\/369agara.com\/de\/produkt\/capsule-g9-led-55w\/","og_site_name":"Agara","article_modified_time":"2025-05-15T20:00:17+00:00","og_image":[{"width":800,"height":800,"url":"https:\/\/369agara.com\/wp-content\/uploads\/2023\/08\/capsule-g9-led-55-w-biologa-danell.jpg","type":"image\/jpeg"}],"twitter_card":"summary_large_image","twitter_misc":{"Gesch\u00e4tzte Lesezeit":"4\u00a0Minuten"},"schema":{"@context":"https:\/\/schema.org","@graph":[{"@type":"WebPage","@id":"https:\/\/369agara.com\/produit\/capsule-g9-led-55w\/","url":"https:\/\/369agara.com\/produit\/capsule-g9-led-55w\/","name":"Capsule G9 LED 5.5 W Biologa Danell | 485 lm | Agara","isPartOf":{"@id":"https:\/\/369agara.com\/#website"},"primaryImageOfPage":{"@id":"https:\/\/369agara.com\/produit\/capsule-g9-led-55w\/#primaryimage"},"image":{"@id":"https:\/\/369agara.com\/produit\/capsule-g9-led-55w\/#primaryimage"},"thumbnailUrl":"https:\/\/369agara.com\/wp-content\/uploads\/2023\/08\/capsule-g9-led-55-w-biologa-danell.jpg","datePublished":"2023-08-26T16:44:23+00:00","dateModified":"2025-05-15T20:00:17+00:00","description":"Die Biologa Danell 5.5 W G9 LED-Kapsel ist eine hervorragende Alternative zur herk\u00f6mmlichen G9-Hochvolt-Halogenkapsel und bietet eine hervorragende Farbwiedergabe und flimmerfreies Licht. \u00c4quivalent 41 W, 485 lm.","breadcrumb":{"@id":"https:\/\/369agara.com\/produit\/capsule-g9-led-55w\/#breadcrumb"},"inLanguage":"de","potentialAction":[{"@type":"ReadAction","target":["https:\/\/369agara.com\/produit\/capsule-g9-led-55w\/"]}]},{"@type":"ImageObject","inLanguage":"de","@id":"https:\/\/369agara.com\/produit\/capsule-g9-led-55w\/#primaryimage","url":"https:\/\/369agara.com\/wp-content\/uploads\/2023\/08\/capsule-g9-led-55-w-biologa-danell.jpg","contentUrl":"https:\/\/369agara.com\/wp-content\/uploads\/2023\/08\/capsule-g9-led-55-w-biologa-danell.jpg","width":800,"height":800},{"@type":"BreadcrumbList","@id":"https:\/\/369agara.com\/produit\/capsule-g9-led-55w\/#breadcrumb","itemListElement":[{"@type":"ListItem","position":1,"name":"Accueil","item":"https:\/\/369agara.com\/"},{"@type":"ListItem","position":2,"name":"La boutique","item":"https:\/\/369agara.com\/la-boutique\/"},{"@type":"ListItem","position":3,"name":"Capsule G9 LED 5.5 W Biologa Danell | 485 lm"}]},{"@type":"WebSite","@id":"https:\/\/369agara.com\/#website","url":"https:\/\/369agara.com\/","name":"Livsrikedomar","description":"Trennen Sie die Verbindung, um sich besser zu verbinden","publisher":{"@id":"https:\/\/369agara.com\/#organization"},"potentialAction":[{"@type":"SearchAction","target":{"@type":"EntryPoint","urlTemplate":"https:\/\/369agara.com\/?s={search_term_string}"},"query-input":{"@type":"PropertyValueSpecification","valueRequired":true,"valueName":"search_term_string"}}],"inLanguage":"de"},{"@type":"Organization","@id":"https:\/\/369agara.com\/#organization","name":"EACreations","url":"https:\/\/369agara.com\/","logo":{"@type":"ImageObject","inLanguage":"de","@id":"https:\/\/369agara.com\/#\/schema\/logo\/image\/","url":"","contentUrl":"","caption":"EACreations"},"image":{"@id":"https:\/\/369agara.com\/#\/schema\/logo\/image\/"}}]}},"jetpack_sharing_enabled":true,"_links":{"self":[{"href":"https:\/\/369agara.com\/de\/wp-json\/wp\/v2\/product\/1766","targetHints":{"allow":["GET"]}}],"collection":[{"href":"https:\/\/369agara.com\/de\/wp-json\/wp\/v2\/product"}],"about":[{"href":"https:\/\/369agara.com\/de\/wp-json\/wp\/v2\/types\/product"}],"replies":[{"embeddable":true,"href":"https:\/\/369agara.com\/de\/wp-json\/wp\/v2\/comments?post=1766"}],"wp:featuredmedia":[{"embeddable":true,"href":"https:\/\/369agara.com\/de\/wp-json\/wp\/v2\/media\/1769"}],"wp:attachment":[{"href":"https:\/\/369agara.com\/de\/wp-json\/wp\/v2\/media?parent=1766"}],"wp:term":[{"taxonomy":"product_brand","embeddable":true,"href":"https:\/\/369agara.com\/de\/wp-json\/wp\/v2\/product_brand?post=1766"},{"taxonomy":"product_cat","embeddable":true,"href":"https:\/\/369agara.com\/de\/wp-json\/wp\/v2\/product_cat?post=1766"},{"taxonomy":"product_tag","embeddable":true,"href":"https:\/\/369agara.com\/de\/wp-json\/wp\/v2\/product_tag?post=1766"}],"curies":[{"name":"wp","href":"https:\/\/api.w.org\/{rel}","templated":true}]}}