{"id":1882,"date":"2023-09-18T21:18:00","date_gmt":"2023-09-18T19:18:00","guid":{"rendered":"https:\/\/369agara.com\/?post_type=product&#038;p=1882"},"modified":"2025-05-15T21:59:39","modified_gmt":"2025-05-15T19:59:39","slug":"plaque-mise-terre-gs3-yshield","status":"publish","type":"product","link":"https:\/\/369agara.com\/de\/produkt\/plaque-mise-terre-gs3-yshield\/","title":{"rendered":"GS3 YShield Erdungsplatte f\u00fcr Gem\u00e4lde, Leinw\u00e4nde und Wellenschutzgitter"},"content":{"rendered":"<p><span style=\"color: #333399; font-family: 'book antiqua', palatino, serif; font-size: 120%;\">GS3 YShield jordningsplattan \u00e4r avsedd f\u00f6r att jorda f\u00e4rger, dukar och anti-v\u00e5gn\u00e4t. Den ers\u00e4tter den gamla GW YShield-plattan.<\/span><\/p>\n<p><span style=\"color: #333399; font-family: 'book antiqua', palatino, serif; font-size: 120%;\">Standardstorlek, m\u00e4ter 80 x 80 mm, denna platta placeras direkt p\u00e5 f\u00e4rger, dukar och anti-v\u00e5gn\u00e4t och jordningstejper.<\/span><\/p>\n<p><span style=\"color: #333399; font-family: 'book antiqua', palatino, serif; font-size: 120%;\">Dess fyrkantiga form g\u00f6r den idealisk f\u00f6r installation bredvid v\u00e4gguttaget. Den kommer med ett vitt skydds\u00f6verdrag som f\u00f6rb\u00e4ttrar hemmets estetik. Detta skydd skyddar \u00e4ven jordkablarna fr\u00e5n eventuellt drag.<\/span><\/p>\n<p><span style=\"color: #333399; font-family: 'book antiqua', palatino, serif; font-size: 120%;\">Endast l\u00e4mplig f\u00f6r inomhusbruk.<\/span><\/p>\n<p><span style=\"color: #333399; font-family: 'book antiqua', palatino, serif; font-size: 120%;\">P\u00e5 grund av storleken p\u00e5 kontaktytan \u00e4r GS3-plattan l\u00e4mplig f\u00f6r en stor v\u00e4gg eller tv\u00e5 sm\u00e5 angr\u00e4nsande ytor.<\/span><\/p>\n<p><span style=\"color: #333399; font-family: 'book antiqua', palatino, serif; font-size: 120%;\">Den Anv\u00e4nds f\u00f6rutom en GL-Jordkabel (finns i 5 olika l\u00e4ngder: 20 cm, 1 meter, 2 meter, 5 meter eller 10 meter) och en GP1-Jordkontakt, som best\u00e4lls separat.<\/span><\/p>\n<p><span style=\"text-decoration: underline;\"><strong><span style=\"color: #333399; font-family: 'book antiqua', palatino, serif; font-size: 120%; text-decoration: underline;\">Anslutningsm\u00f6jligheter:<\/span><\/strong><\/span><\/p>\n<p><span style=\"color: #333399; font-family: 'book antiqua', palatino, serif; font-size: 120%;\">3 m\u00f6jliga kabelanslutningar. Detta g\u00f6r att andra produkter kan jordas via denna platta med hj\u00e4lp av andra GL-jordkablar (s\u00e5som ett tak, underb\u00e4dd, jordningsduk, etc.).<\/span><\/p>\n<p><span style=\"text-decoration: underline;\"><strong><span style=\"color: #333399; font-family: 'book antiqua', palatino, serif; font-size: 120%; text-decoration: underline;\">Leveransens omfattning:<\/span><\/strong><\/span><\/p>\n<p><span style=\"color: #333399; font-family: 'book antiqua', palatino, serif; font-size: 120%;\">Aluminiumpl\u00e5t 75 x 75 x 2 mm, plastk\u00e5pa 80 x 80 x 6 mm, alla skruvar, brickor, pluggar, kabelskor och ett skruvverktyg med Torx\u00ae-bits<\/span><\/p>\n<p>&nbsp;<\/p>\n<p><strong><span style=\"text-decoration: underline;\"><span style=\"color: #333399; font-family: 'book antiqua', palatino, serif; font-size: 120%; text-decoration: underline;\">Uppstart:<\/span><\/span><\/strong><\/p>\n<p><img loading=\"lazy\" decoding=\"async\" class=\"size-medium wp-image-1885 aligncenter\" src=\"https:\/\/369agara.com\/wp-content\/uploads\/2023\/09\/Plaque-de-mise-a-la-terre-GS3-YShield-3-300x295.jpg\" alt=\"\" width=\"300\" height=\"295\" srcset=\"https:\/\/369agara.com\/wp-content\/uploads\/2023\/09\/Plaque-de-mise-a-la-terre-GS3-YShield-3-300x295.jpg 300w, https:\/\/369agara.com\/wp-content\/uploads\/2023\/09\/Plaque-de-mise-a-la-terre-GS3-YShield-3.jpg 433w\" sizes=\"auto, (max-width: 300px) 100vw, 300px\" \/><\/p>\n<p><span style=\"color: #333399; font-family: 'book antiqua', palatino, serif; font-size: 120%;\">1. F\u00f6rbered sk\u00f6lden: Beroende p\u00e5 typen av applikation kan GSX jordningstejp f\u00e4stas \u00f6ver eller under sk\u00e4rmningsmaterialet. F\u00f6r m\u00e5lning, placera den helst under, f\u00f6r duk, g\u00e4rna ovanp\u00e5.<\/span><\/p>\n<p><span style=\"color: #333399; font-family: 'book antiqua', palatino, serif; font-size: 120%;\">2. F\u00f6rborra 4 6 mm h\u00e5l. S\u00e4tt i pluggarna och skruva sedan GS3-plattan mot v\u00e4ggen vid platsen f\u00f6r jordningslisten med universalskruvarna 3,5 x 40.<\/span><br \/>\n<span style=\"color: #333399; font-family: 'book antiqua', palatino, serif; font-size: 120%;\">Om du anv\u00e4nde AF3-tillsats f\u00f6r din f\u00e4rg, beh\u00f6ver du inte installera jordningstejp; I det h\u00e4r fallet l\u00e4gger du plattan direkt p\u00e5 f\u00e4rgen.<\/span><\/p>\n<p><span style=\"color: #333399; font-family: 'book antiqua', palatino, serif; font-size: 120%;\">3. Skruva in kabeln (tapparna) med M4x3,2-skruvar och sp\u00e4nnbrickor.<\/span><\/p>\n<p><span style=\"color: #333399; font-family: 'book antiqua', palatino, serif; font-size: 120%;\">4. Skruva fast locket med M4x3,2-skruvar. Om du \u00e4r begr\u00e4nsad till en tjocklek p\u00e5 4 mm bakom din sockel f\u00e5rr du inte anv\u00e4nda locket.<\/span><\/p>\n<p><span style=\"text-decoration: underline;\"><strong><span style=\"color: #333399; font-family: 'book antiqua', palatino, serif; font-size: 120%; text-decoration: underline;\">Tekniska egenskaper:<\/span><\/strong><\/span><\/p>\n<p><span style=\"color: #333399; font-family: 'book antiqua', palatino, serif; font-size: 120%;\">Jordningsplatta f\u00f6r fasta installationer som f\u00e4rger, dukar, n\u00e4t, antiv\u00e5gbel\u00e4ggningar<\/span><\/p>\n<p><span style=\"color: #333399; font-family: 'book antiqua', palatino, serif; font-size: 120%;\">Vikt: 100g<\/span><\/p>\n<p><span style=\"color: #333399; font-family: 'book antiqua', palatino, serif; font-size: 120%;\">Gjord i Tyskland<\/span><\/p>\n<p><strong><em><span style=\"color: #e14d43; font-family: 'book antiqua', palatino, serif; font-size: 120%;\">Vi fr\u00e5ns\u00e4ger oss allt ansvar f\u00f6r skador som orsakats av m\u00e4nniskor, djur eller f\u00f6rem\u00e5l genom felaktig anv\u00e4ndning av denna produkt, i synnerhet jordning och elektrisk installation som inte \u00f6verensst\u00e4mmer med standarderna DIN 57100 \/ VDE 0100. Vi rekommenderar att du kontrollerar den elektriska installationen och jordningen av YShield\u00ae-produkter av en specialiserad elektriker.<\/span><\/em><\/strong><\/p>","protected":false},"excerpt":{"rendered":"<p><span style=\"font-family: 'Book Antiqua', Palatino; font-size: 120%; color: #333399;\">Die GS3 YShield-Erdungsplatte ist f\u00fcr die Erdung von wellenabweisenden Farben und Leinw\u00e4nden gedacht.\u00a0<\/span><\/p>\n<p><span style=\"font-family: 'Book Antiqua', Palatino; font-size: 120%; color: #333399;\">Wird auf H\u00f6he der Steckdosen angebracht.\u00a0<\/span><\/p>\n<p><span style=\"font-family: 'Book Antiqua', Palatino; font-size: 120%; color: #333399;\">Standard\"-Platte, 80 x 80 mm.<\/span><\/p>","protected":false},"featured_media":1883,"comment_status":"open","ping_status":"closed","template":"","meta":[],"product_brand":[268],"product_cat":[164],"product_tag":[246,247,249,245],"class_list":{"0":"post-1882","1":"product","2":"type-product","3":"status-publish","4":"has-post-thumbnail","6":"product_brand-yshield","7":"product_cat-baubiologie","8":"product_tag-bureau","9":"product_tag-chambre","10":"product_tag-electromagnetisme","11":"product_tag-maison","13":"first","14":"instock","15":"taxable","16":"shipping-taxable","17":"purchasable","18":"product-type-simple"},"yoast_head":"<!-- This site is optimized with the Yoast SEO Premium plugin v25.1 (Yoast SEO v27.4) - https:\/\/yoast.com\/product\/yoast-seo-premium-wordpress\/ -->\n<title>Plaque de mise \u00e0 la terre GS3 YShield pour peintures, toiles et grillages anti-ondes | Agara<\/title>\n<meta name=\"description\" content=\"La plaque de mise \u00e0 la terre GS3 YShield est destin\u00e9e \u00e0 la mise \u00e0 la terre des peintures et toiles anti-ondes.\u00a0Se place au niveau des prises.\u00a0Plaque &quot;standard&quot;, 80 x 80 mm.\" \/>\n<meta name=\"robots\" content=\"index, follow, max-snippet:-1, max-image-preview:large, max-video-preview:-1\" \/>\n<link rel=\"canonical\" href=\"https:\/\/369agara.com\/de\/produkt\/plaque-mise-terre-gs3-yshield\/\" \/>\n<meta property=\"og:locale\" content=\"de_DE\" \/>\n<meta property=\"og:type\" content=\"article\" \/>\n<meta property=\"og:title\" content=\"Plaque de mise \u00e0 la terre GS3 YShield pour peintures, toiles et grillages anti-ondes\" \/>\n<meta property=\"og:description\" content=\"La plaque de mise \u00e0 la terre GS3 YShield est destin\u00e9e \u00e0 la mise \u00e0 la terre des peintures et toiles anti-ondes.\u00a0Se place au niveau des prises.\u00a0Plaque &quot;standard&quot;, 80 x 80 mm.\" \/>\n<meta property=\"og:url\" content=\"https:\/\/369agara.com\/de\/produkt\/plaque-mise-terre-gs3-yshield\/\" \/>\n<meta property=\"og:site_name\" content=\"Agara\" \/>\n<meta property=\"article:modified_time\" content=\"2025-05-15T19:59:39+00:00\" \/>\n<meta property=\"og:image\" content=\"https:\/\/369agara.com\/wp-content\/uploads\/2023\/09\/plaque-de-mise-a-la-terre-gs3-yshield-pour-peintures-et-toiles-anti-ondes.jpg\" \/>\n\t<meta property=\"og:image:width\" content=\"800\" \/>\n\t<meta property=\"og:image:height\" content=\"800\" \/>\n\t<meta property=\"og:image:type\" content=\"image\/jpeg\" \/>\n<meta name=\"twitter:card\" content=\"summary_large_image\" \/>\n<meta name=\"twitter:label1\" content=\"Gesch\u00e4tzte Lesezeit\" \/>\n\t<meta name=\"twitter:data1\" content=\"3\u00a0Minuten\" \/>\n<script type=\"application\/ld+json\" class=\"yoast-schema-graph\">{\"@context\":\"https:\\\/\\\/schema.org\",\"@graph\":[{\"@type\":\"WebPage\",\"@id\":\"https:\\\/\\\/369agara.com\\\/produit\\\/plaque-mise-terre-gs3-yshield\\\/\",\"url\":\"https:\\\/\\\/369agara.com\\\/produit\\\/plaque-mise-terre-gs3-yshield\\\/\",\"name\":\"Plaque de mise \u00e0 la terre GS3 YShield pour peintures, toiles et grillages anti-ondes | Agara\",\"isPartOf\":{\"@id\":\"https:\\\/\\\/369agara.com\\\/#website\"},\"primaryImageOfPage\":{\"@id\":\"https:\\\/\\\/369agara.com\\\/produit\\\/plaque-mise-terre-gs3-yshield\\\/#primaryimage\"},\"image\":{\"@id\":\"https:\\\/\\\/369agara.com\\\/produit\\\/plaque-mise-terre-gs3-yshield\\\/#primaryimage\"},\"thumbnailUrl\":\"https:\\\/\\\/369agara.com\\\/wp-content\\\/uploads\\\/2023\\\/09\\\/plaque-de-mise-a-la-terre-gs3-yshield-pour-peintures-et-toiles-anti-ondes.jpg\",\"datePublished\":\"2023-09-18T19:18:00+00:00\",\"dateModified\":\"2025-05-15T19:59:39+00:00\",\"description\":\"La plaque de mise \u00e0 la terre GS3 YShield est destin\u00e9e \u00e0 la mise \u00e0 la terre des peintures et toiles anti-ondes.\u00a0Se place au niveau des prises.\u00a0Plaque \\\"standard\\\", 80 x 80 mm.\",\"breadcrumb\":{\"@id\":\"https:\\\/\\\/369agara.com\\\/produit\\\/plaque-mise-terre-gs3-yshield\\\/#breadcrumb\"},\"inLanguage\":\"de\",\"potentialAction\":[{\"@type\":\"ReadAction\",\"target\":[\"https:\\\/\\\/369agara.com\\\/produit\\\/plaque-mise-terre-gs3-yshield\\\/\"]}]},{\"@type\":\"ImageObject\",\"inLanguage\":\"de\",\"@id\":\"https:\\\/\\\/369agara.com\\\/produit\\\/plaque-mise-terre-gs3-yshield\\\/#primaryimage\",\"url\":\"https:\\\/\\\/369agara.com\\\/wp-content\\\/uploads\\\/2023\\\/09\\\/plaque-de-mise-a-la-terre-gs3-yshield-pour-peintures-et-toiles-anti-ondes.jpg\",\"contentUrl\":\"https:\\\/\\\/369agara.com\\\/wp-content\\\/uploads\\\/2023\\\/09\\\/plaque-de-mise-a-la-terre-gs3-yshield-pour-peintures-et-toiles-anti-ondes.jpg\",\"width\":800,\"height\":800},{\"@type\":\"BreadcrumbList\",\"@id\":\"https:\\\/\\\/369agara.com\\\/produit\\\/plaque-mise-terre-gs3-yshield\\\/#breadcrumb\",\"itemListElement\":[{\"@type\":\"ListItem\",\"position\":1,\"name\":\"Accueil\",\"item\":\"https:\\\/\\\/369agara.com\\\/\"},{\"@type\":\"ListItem\",\"position\":2,\"name\":\"La boutique\",\"item\":\"https:\\\/\\\/369agara.com\\\/la-boutique\\\/\"},{\"@type\":\"ListItem\",\"position\":3,\"name\":\"Plaque de mise \u00e0 la terre GS3 YShield pour peintures, toiles et grillages anti-ondes\"}]},{\"@type\":\"WebSite\",\"@id\":\"https:\\\/\\\/369agara.com\\\/#website\",\"url\":\"https:\\\/\\\/369agara.com\\\/\",\"name\":\"Livsrikedomar\",\"description\":\"D\u00e9connectez pour mieux vous connecter\",\"publisher\":{\"@id\":\"https:\\\/\\\/369agara.com\\\/#organization\"},\"potentialAction\":[{\"@type\":\"SearchAction\",\"target\":{\"@type\":\"EntryPoint\",\"urlTemplate\":\"https:\\\/\\\/369agara.com\\\/?s={search_term_string}\"},\"query-input\":{\"@type\":\"PropertyValueSpecification\",\"valueRequired\":true,\"valueName\":\"search_term_string\"}}],\"inLanguage\":\"de\"},{\"@type\":\"Organization\",\"@id\":\"https:\\\/\\\/369agara.com\\\/#organization\",\"name\":\"EACreations\",\"url\":\"https:\\\/\\\/369agara.com\\\/\",\"logo\":{\"@type\":\"ImageObject\",\"inLanguage\":\"de\",\"@id\":\"https:\\\/\\\/369agara.com\\\/#\\\/schema\\\/logo\\\/image\\\/\",\"url\":\"\",\"contentUrl\":\"\",\"caption\":\"EACreations\"},\"image\":{\"@id\":\"https:\\\/\\\/369agara.com\\\/#\\\/schema\\\/logo\\\/image\\\/\"}}]}<\/script>\n<!-- \/ Yoast SEO Premium plugin. -->","yoast_head_json":{"title":"Plaque de mise \u00e0 la terre GS3 YShield pour peintures, toiles et grillages anti-ondes | Agara","description":"La plaque de mise \u00e0 la terre GS3 YShield est destin\u00e9e \u00e0 la mise \u00e0 la terre des peintures et toiles anti-ondes.\u00a0Se place au niveau des prises.\u00a0Plaque \"standard\", 80 x 80 mm.","robots":{"index":"index","follow":"follow","max-snippet":"max-snippet:-1","max-image-preview":"max-image-preview:large","max-video-preview":"max-video-preview:-1"},"canonical":"https:\/\/369agara.com\/de\/produkt\/plaque-mise-terre-gs3-yshield\/","og_locale":"de_DE","og_type":"article","og_title":"Plaque de mise \u00e0 la terre GS3 YShield pour peintures, toiles et grillages anti-ondes","og_description":"La plaque de mise \u00e0 la terre GS3 YShield est destin\u00e9e \u00e0 la mise \u00e0 la terre des peintures et toiles anti-ondes.\u00a0Se place au niveau des prises.\u00a0Plaque \"standard\", 80 x 80 mm.","og_url":"https:\/\/369agara.com\/de\/produkt\/plaque-mise-terre-gs3-yshield\/","og_site_name":"Agara","article_modified_time":"2025-05-15T19:59:39+00:00","og_image":[{"width":800,"height":800,"url":"https:\/\/369agara.com\/wp-content\/uploads\/2023\/09\/plaque-de-mise-a-la-terre-gs3-yshield-pour-peintures-et-toiles-anti-ondes.jpg","type":"image\/jpeg"}],"twitter_card":"summary_large_image","twitter_misc":{"Gesch\u00e4tzte Lesezeit":"3\u00a0Minuten"},"schema":{"@context":"https:\/\/schema.org","@graph":[{"@type":"WebPage","@id":"https:\/\/369agara.com\/produit\/plaque-mise-terre-gs3-yshield\/","url":"https:\/\/369agara.com\/produit\/plaque-mise-terre-gs3-yshield\/","name":"Plaque de mise \u00e0 la terre GS3 YShield pour peintures, toiles et grillages anti-ondes | Agara","isPartOf":{"@id":"https:\/\/369agara.com\/#website"},"primaryImageOfPage":{"@id":"https:\/\/369agara.com\/produit\/plaque-mise-terre-gs3-yshield\/#primaryimage"},"image":{"@id":"https:\/\/369agara.com\/produit\/plaque-mise-terre-gs3-yshield\/#primaryimage"},"thumbnailUrl":"https:\/\/369agara.com\/wp-content\/uploads\/2023\/09\/plaque-de-mise-a-la-terre-gs3-yshield-pour-peintures-et-toiles-anti-ondes.jpg","datePublished":"2023-09-18T19:18:00+00:00","dateModified":"2025-05-15T19:59:39+00:00","description":"La plaque de mise \u00e0 la terre GS3 YShield est destin\u00e9e \u00e0 la mise \u00e0 la terre des peintures et toiles anti-ondes.\u00a0Se place au niveau des prises.\u00a0Plaque \"standard\", 80 x 80 mm.","breadcrumb":{"@id":"https:\/\/369agara.com\/produit\/plaque-mise-terre-gs3-yshield\/#breadcrumb"},"inLanguage":"de","potentialAction":[{"@type":"ReadAction","target":["https:\/\/369agara.com\/produit\/plaque-mise-terre-gs3-yshield\/"]}]},{"@type":"ImageObject","inLanguage":"de","@id":"https:\/\/369agara.com\/produit\/plaque-mise-terre-gs3-yshield\/#primaryimage","url":"https:\/\/369agara.com\/wp-content\/uploads\/2023\/09\/plaque-de-mise-a-la-terre-gs3-yshield-pour-peintures-et-toiles-anti-ondes.jpg","contentUrl":"https:\/\/369agara.com\/wp-content\/uploads\/2023\/09\/plaque-de-mise-a-la-terre-gs3-yshield-pour-peintures-et-toiles-anti-ondes.jpg","width":800,"height":800},{"@type":"BreadcrumbList","@id":"https:\/\/369agara.com\/produit\/plaque-mise-terre-gs3-yshield\/#breadcrumb","itemListElement":[{"@type":"ListItem","position":1,"name":"Accueil","item":"https:\/\/369agara.com\/"},{"@type":"ListItem","position":2,"name":"La boutique","item":"https:\/\/369agara.com\/la-boutique\/"},{"@type":"ListItem","position":3,"name":"Plaque de mise \u00e0 la terre GS3 YShield pour peintures, toiles et grillages anti-ondes"}]},{"@type":"WebSite","@id":"https:\/\/369agara.com\/#website","url":"https:\/\/369agara.com\/","name":"Livsrikedomar","description":"Trennen Sie die Verbindung, um sich besser zu verbinden","publisher":{"@id":"https:\/\/369agara.com\/#organization"},"potentialAction":[{"@type":"SearchAction","target":{"@type":"EntryPoint","urlTemplate":"https:\/\/369agara.com\/?s={search_term_string}"},"query-input":{"@type":"PropertyValueSpecification","valueRequired":true,"valueName":"search_term_string"}}],"inLanguage":"de"},{"@type":"Organization","@id":"https:\/\/369agara.com\/#organization","name":"EACreations","url":"https:\/\/369agara.com\/","logo":{"@type":"ImageObject","inLanguage":"de","@id":"https:\/\/369agara.com\/#\/schema\/logo\/image\/","url":"","contentUrl":"","caption":"EACreations"},"image":{"@id":"https:\/\/369agara.com\/#\/schema\/logo\/image\/"}}]}},"jetpack_sharing_enabled":true,"_links":{"self":[{"href":"https:\/\/369agara.com\/de\/wp-json\/wp\/v2\/product\/1882","targetHints":{"allow":["GET"]}}],"collection":[{"href":"https:\/\/369agara.com\/de\/wp-json\/wp\/v2\/product"}],"about":[{"href":"https:\/\/369agara.com\/de\/wp-json\/wp\/v2\/types\/product"}],"replies":[{"embeddable":true,"href":"https:\/\/369agara.com\/de\/wp-json\/wp\/v2\/comments?post=1882"}],"wp:featuredmedia":[{"embeddable":true,"href":"https:\/\/369agara.com\/de\/wp-json\/wp\/v2\/media\/1883"}],"wp:attachment":[{"href":"https:\/\/369agara.com\/de\/wp-json\/wp\/v2\/media?parent=1882"}],"wp:term":[{"taxonomy":"product_brand","embeddable":true,"href":"https:\/\/369agara.com\/de\/wp-json\/wp\/v2\/product_brand?post=1882"},{"taxonomy":"product_cat","embeddable":true,"href":"https:\/\/369agara.com\/de\/wp-json\/wp\/v2\/product_cat?post=1882"},{"taxonomy":"product_tag","embeddable":true,"href":"https:\/\/369agara.com\/de\/wp-json\/wp\/v2\/product_tag?post=1882"}],"curies":[{"name":"wp","href":"https:\/\/api.w.org\/{rel}","templated":true}]}}