{"id":1898,"date":"2023-09-18T21:57:17","date_gmt":"2023-09-18T19:57:17","guid":{"rendered":"https:\/\/369agara.com\/?post_type=product&#038;p=1898"},"modified":"2025-05-15T21:53:31","modified_gmt":"2025-05-15T19:53:31","slug":"fiche-mise-terre-gp1-yshield","status":"publish","type":"product","link":"https:\/\/369agara.com\/de\/produkt\/fiche-mise-terre-gp1-yshield\/","title":{"rendered":"GP1 YShield Erdungsstecker f\u00fcr Farben, Leinw\u00e4nde und Wellenschutzgitter"},"content":{"rendered":"<div class=\"block md-bottom product-description-block\">\n<div class=\"block-content box-bg\">\n<div class=\"product-description typo\">\n<p><span style=\"font-family: 'Book Antiqua', Palatino; font-size: 120%; color: #333399;\">Der YShield GP1-Erdungsstecker ist ein professioneller Erdungsstecker vom Typ EF, der mit den Wandsteckdosen CEE 7\/4 und CEE 7\/7 (franz\u00f6sische und deutsche Schuko-Steckdosen) kompatibel ist.\u00a0<\/span><\/p>\n<p><span style=\"font-family: 'Book Antiqua', Palatino; font-size: 120%; color: #333399;\">Sie sorgt daf\u00fcr, dass Leinw\u00e4nde, Farben, Wellenschutzgitter usw. richtig geerdet sind. Dazu wird sie in eine Wandsteckdose mit Erdung geschraubt.\u00a0<\/span><\/p>\n<p><span style=\"font-family: 'Book Antiqua', Palatino; font-size: 120%; color: #333399;\">Sie wird zus\u00e4tzlich zu einer GS2-, GS3- oder GF3-Erdungsplatte in Verbindung mit einem GL-Erdungskabel (in 5 verschiedenen L\u00e4ngen erh\u00e4ltlich: 20 cm, 1 Meter, 2 Meter, 5 Meter oder 10 Meter) verwendet.\u00a0<\/span><\/p>\n<h3><span style=\"font-family: 'Book Antiqua', Palatino; font-size: 120%; color: #333399;\">Konnektivit\u00e4t<\/span><\/h3>\n<p><span style=\"font-family: 'Book Antiqua', Palatino; font-size: 120%; color: #333399;\">4 Kabelanschl\u00fcsse<\/span><\/p>\n<h3><span style=\"font-family: 'Book Antiqua', Palatino; font-size: 120%; color: #333399;\">Inhalt der Lieferung<\/span><\/h3>\n<p><span style=\"font-family: 'Book Antiqua', Palatino; font-size: 120%; color: #333399;\">Erdungsstecker, Schutzkappe 55 x 55 x 8 mm, alle ben\u00f6tigten Schrauben, Unterlegscheiben, Kabelschuhe und ein Schraubwerkzeug mit Torx\u00ae-Bits<\/span><\/p>\n<h3><span style=\"font-family: 'Book Antiqua', Palatino; font-size: 120%; color: #333399;\">Einsetzen<\/span><\/h3>\n<p><span style=\"font-family: 'Book Antiqua', Palatino; font-size: 120%; color: #333399;\">1. L\u00f6sen und entfernen Sie die Schraube des Buchseneinsatzes<\/span><\/p>\n<p><span style=\"font-family: 'Book Antiqua', Palatino; font-size: 120%; color: #333399;\">2. Bauen Sie den Stecker mit dem Steckdoseneinsatz zusammen, indem Sie sie mit einer Schraube M2.5\u00d735 oder M3x35 verschrauben<\/span><\/p>\n<p><span style=\"font-family: 'Book Antiqua', Palatino; font-size: 120%; color: #333399;\">3. Schrauben Sie das Kabel (Kabelschuh) mit den M4x3.2-Schrauben und der Spannscheibe fest.<\/span><\/p>\n<h3><span style=\"font-family: 'Book Antiqua', Palatino; font-size: 120%; color: #333399;\">Technische Daten<\/span><\/h3>\n<p><span style=\"font-family: 'Book Antiqua', Palatino; font-size: 120%; color: #333399;\"><strong>Erdungsstecker f\u00fcr feste Installationen<\/strong>\u00a0wie Farben, Leinw\u00e4nde, Gitter, Anti-Wellen-Beschichtungen<\/span><\/p>\n<p><span style=\"font-family: 'Book Antiqua', Palatino; font-size: 120%; color: #333399;\">F\u00fcr die Erdung von Textilartikeln w\u00e4hlen Sie bitte den GPE YShield-Erdungsstecker.<\/span><\/p>\n<p><span style=\"font-family: 'Book Antiqua', Palatino; font-size: 120%; color: #333399;\">Gewicht: 80 g<\/span><\/p>\n<p><span style=\"font-family: 'Book Antiqua', Palatino; font-size: 120%; color: #333399;\">Hergestellt in Deutschland<\/span><\/p>\n<p><span style=\"font-family: 'Book Antiqua', Palatino; font-size: 120%; color: #ed1c24;\">Wir \u00fcbernehmen keine Haftung f\u00fcr Sch\u00e4den an Personen, Tieren oder Gegenst\u00e4nden, die durch eine unsachgem\u00e4\u00dfe Verwendung dieses Produkts entstehen, insbesondere wenn die Erdung und elektrische Installation nicht den Normen DIN 57100 \/ VDE 0100 entspricht. <\/span><\/p>\n<p><span style=\"font-family: 'Book Antiqua', Palatino; font-size: 120%; color: #ed1c24;\">Wir empfehlen die \u00dcberpr\u00fcfung der Elektroinstallation und die Erdung der YShield\u00ae-Produkte durch einen Elektrofachmann.<\/span><\/p>\n<\/div>\n<\/div>\n<\/div>\n<div class=\"block product-attachments-block sm-bottom\">\n<h3 class=\"title-block\"><span style=\"font-family: 'Book Antiqua', Palatino; font-size: 120%; color: #333399;\">Denken Sie daran, zu konsultieren<\/span><\/h3>\n<div class=\"block-content\">\n<section class=\"product-attachments\">\n<div class=\"row\">\n<div class=\"attachment col-12 col-lg-4\">\n<div class=\"box-bg my-2\">\n<ul>\n<li class=\"h5\"><span style=\"font-family: 'Book Antiqua', Palatino; font-size: 120%; color: #333399;\">GP1 YShield-Stecker<\/span><br \/>\n<span style=\"font-family: 'Book Antiqua', Palatino; font-size: 120%; color: #333399;\">Datenblatt - Gebrauchsanweisung<\/span><\/li>\n<\/ul>\n<\/div>\n<\/div>\n<div class=\"attachment col-12 col-lg-4\">\n<div class=\"box-bg my-2\">\n<ul>\n<li class=\"h5\"><span style=\"font-family: 'Book Antiqua', Palatino; font-size: 120%; color: #333399;\">Erdungen<\/span><br \/>\n<span style=\"font-family: 'Book Antiqua', Palatino; font-size: 120%; color: #333399;\">Fokus auf das neue YShield-Erdungszubeh\u00f6r - nach 2021<\/span><\/li>\n<\/ul>\n<\/div>\n<\/div>\n<\/div>\n<\/section>\n<\/div>\n<\/div>","protected":false},"excerpt":{"rendered":"<p><span style=\"font-family: 'Book Antiqua', Palatino; font-size: 120%; color: #333399;\">Der GP1 YShield-Erdungsstecker ist mit den Wandsteckdosen CEE 7\/4 und CEE 7\/7 kompatibel.\u00a0<\/span><\/p>\n<p><span style=\"font-family: 'Book Antiqua', Palatino; font-size: 120%; color: #333399;\">Sie ist f\u00fcr die dauerhafte Erdung von wellenabweisenden T\u00fcchern, Beschichtungen und Farben bestimmt.<\/span><\/p>","protected":false},"featured_media":1899,"comment_status":"open","ping_status":"closed","template":"","meta":[],"product_brand":[268],"product_cat":[164],"product_tag":[248,246,247,249,245,262],"class_list":{"0":"post-1898","1":"product","2":"type-product","3":"status-publish","4":"has-post-thumbnail","6":"product_brand-yshield","7":"product_cat-baubiologie","8":"product_tag-baubiologie","9":"product_tag-bureau","10":"product_tag-chambre","11":"product_tag-electromagnetisme","12":"product_tag-maison","13":"product_tag-peinture","15":"first","16":"instock","17":"taxable","18":"shipping-taxable","19":"purchasable","20":"product-type-simple"},"yoast_head":"<!-- This site is optimized with the Yoast SEO Premium plugin v25.1 (Yoast SEO v27.4) - https:\/\/yoast.com\/product\/yoast-seo-premium-wordpress\/ -->\n<title>Fiche de mise \u00e0 la terre GP1 YShield pour peintures, toiles et grillages anti-ondes | Agara<\/title>\n<meta name=\"description\" content=\"La fiche de mise \u00e0 la terre GP1 YShield est compatible avec les prises de courant murales CEE 7\/4 et CEE 7\/7.\u00a0Elle est destin\u00e9e \u00e0 la mise \u00e0 la terre permanente des toiles, rev\u00eatements et peintures anti-ondes.\" \/>\n<meta name=\"robots\" content=\"index, follow, max-snippet:-1, max-image-preview:large, max-video-preview:-1\" \/>\n<link rel=\"canonical\" href=\"https:\/\/369agara.com\/de\/produkt\/fiche-mise-terre-gp1-yshield\/\" \/>\n<meta property=\"og:locale\" content=\"de_DE\" \/>\n<meta property=\"og:type\" content=\"article\" \/>\n<meta property=\"og:title\" content=\"Fiche de mise \u00e0 la terre GP1 YShield pour peintures, toiles et grillages anti-ondes\" \/>\n<meta property=\"og:description\" content=\"La fiche de mise \u00e0 la terre GP1 YShield est compatible avec les prises de courant murales CEE 7\/4 et CEE 7\/7.\u00a0Elle est destin\u00e9e \u00e0 la mise \u00e0 la terre permanente des toiles, rev\u00eatements et peintures anti-ondes.\" \/>\n<meta property=\"og:url\" content=\"https:\/\/369agara.com\/de\/produkt\/fiche-mise-terre-gp1-yshield\/\" \/>\n<meta property=\"og:site_name\" content=\"Agara\" \/>\n<meta property=\"article:modified_time\" content=\"2025-05-15T19:53:31+00:00\" \/>\n<meta property=\"og:image\" content=\"https:\/\/369agara.com\/wp-content\/uploads\/2023\/09\/fiche-de-mise-a-la-terre-gp1-yshield-1.jpg\" \/>\n\t<meta property=\"og:image:width\" content=\"800\" \/>\n\t<meta property=\"og:image:height\" content=\"800\" \/>\n\t<meta property=\"og:image:type\" content=\"image\/jpeg\" \/>\n<meta name=\"twitter:card\" content=\"summary_large_image\" \/>\n<meta name=\"twitter:label1\" content=\"Gesch\u00e4tzte Lesezeit\" \/>\n\t<meta name=\"twitter:data1\" content=\"2\u00a0Minuten\" \/>\n<script type=\"application\/ld+json\" class=\"yoast-schema-graph\">{\"@context\":\"https:\\\/\\\/schema.org\",\"@graph\":[{\"@type\":\"WebPage\",\"@id\":\"https:\\\/\\\/369agara.com\\\/produit\\\/fiche-mise-terre-gp1-yshield\\\/\",\"url\":\"https:\\\/\\\/369agara.com\\\/produit\\\/fiche-mise-terre-gp1-yshield\\\/\",\"name\":\"Fiche de mise \u00e0 la terre GP1 YShield pour peintures, toiles et grillages anti-ondes | Agara\",\"isPartOf\":{\"@id\":\"https:\\\/\\\/369agara.com\\\/#website\"},\"primaryImageOfPage\":{\"@id\":\"https:\\\/\\\/369agara.com\\\/produit\\\/fiche-mise-terre-gp1-yshield\\\/#primaryimage\"},\"image\":{\"@id\":\"https:\\\/\\\/369agara.com\\\/produit\\\/fiche-mise-terre-gp1-yshield\\\/#primaryimage\"},\"thumbnailUrl\":\"https:\\\/\\\/369agara.com\\\/wp-content\\\/uploads\\\/2023\\\/09\\\/fiche-de-mise-a-la-terre-gp1-yshield-1.jpg\",\"datePublished\":\"2023-09-18T19:57:17+00:00\",\"dateModified\":\"2025-05-15T19:53:31+00:00\",\"description\":\"La fiche de mise \u00e0 la terre GP1 YShield est compatible avec les prises de courant murales CEE 7\\\/4 et CEE 7\\\/7.\u00a0Elle est destin\u00e9e \u00e0 la mise \u00e0 la terre permanente des toiles, rev\u00eatements et peintures anti-ondes.\",\"breadcrumb\":{\"@id\":\"https:\\\/\\\/369agara.com\\\/produit\\\/fiche-mise-terre-gp1-yshield\\\/#breadcrumb\"},\"inLanguage\":\"de\",\"potentialAction\":[{\"@type\":\"ReadAction\",\"target\":[\"https:\\\/\\\/369agara.com\\\/produit\\\/fiche-mise-terre-gp1-yshield\\\/\"]}]},{\"@type\":\"ImageObject\",\"inLanguage\":\"de\",\"@id\":\"https:\\\/\\\/369agara.com\\\/produit\\\/fiche-mise-terre-gp1-yshield\\\/#primaryimage\",\"url\":\"https:\\\/\\\/369agara.com\\\/wp-content\\\/uploads\\\/2023\\\/09\\\/fiche-de-mise-a-la-terre-gp1-yshield-1.jpg\",\"contentUrl\":\"https:\\\/\\\/369agara.com\\\/wp-content\\\/uploads\\\/2023\\\/09\\\/fiche-de-mise-a-la-terre-gp1-yshield-1.jpg\",\"width\":800,\"height\":800},{\"@type\":\"BreadcrumbList\",\"@id\":\"https:\\\/\\\/369agara.com\\\/produit\\\/fiche-mise-terre-gp1-yshield\\\/#breadcrumb\",\"itemListElement\":[{\"@type\":\"ListItem\",\"position\":1,\"name\":\"Accueil\",\"item\":\"https:\\\/\\\/369agara.com\\\/\"},{\"@type\":\"ListItem\",\"position\":2,\"name\":\"La boutique\",\"item\":\"https:\\\/\\\/369agara.com\\\/la-boutique\\\/\"},{\"@type\":\"ListItem\",\"position\":3,\"name\":\"Fiche de mise \u00e0 la terre GP1 YShield pour peintures, toiles et grillages anti-ondes\"}]},{\"@type\":\"WebSite\",\"@id\":\"https:\\\/\\\/369agara.com\\\/#website\",\"url\":\"https:\\\/\\\/369agara.com\\\/\",\"name\":\"Livsrikedomar\",\"description\":\"D\u00e9connectez pour mieux vous connecter\",\"publisher\":{\"@id\":\"https:\\\/\\\/369agara.com\\\/#organization\"},\"potentialAction\":[{\"@type\":\"SearchAction\",\"target\":{\"@type\":\"EntryPoint\",\"urlTemplate\":\"https:\\\/\\\/369agara.com\\\/?s={search_term_string}\"},\"query-input\":{\"@type\":\"PropertyValueSpecification\",\"valueRequired\":true,\"valueName\":\"search_term_string\"}}],\"inLanguage\":\"de\"},{\"@type\":\"Organization\",\"@id\":\"https:\\\/\\\/369agara.com\\\/#organization\",\"name\":\"EACreations\",\"url\":\"https:\\\/\\\/369agara.com\\\/\",\"logo\":{\"@type\":\"ImageObject\",\"inLanguage\":\"de\",\"@id\":\"https:\\\/\\\/369agara.com\\\/#\\\/schema\\\/logo\\\/image\\\/\",\"url\":\"\",\"contentUrl\":\"\",\"caption\":\"EACreations\"},\"image\":{\"@id\":\"https:\\\/\\\/369agara.com\\\/#\\\/schema\\\/logo\\\/image\\\/\"}}]}<\/script>\n<!-- \/ Yoast SEO Premium plugin. -->","yoast_head_json":{"title":"Fiche de mise \u00e0 la terre GP1 YShield pour peintures, toiles et grillages anti-ondes | Agara","description":"Der YShield GP1-Erdungsstecker ist mit den Wandsteckdosen CEE 7\/4 und CEE 7\/7 kompatibel. Er ist f\u00fcr die dauerhafte Erdung von Anti-Wellen-T\u00fcchern, -Beschichtungen und -Farben bestimmt.","robots":{"index":"index","follow":"follow","max-snippet":"max-snippet:-1","max-image-preview":"max-image-preview:large","max-video-preview":"max-video-preview:-1"},"canonical":"https:\/\/369agara.com\/de\/produkt\/fiche-mise-terre-gp1-yshield\/","og_locale":"de_DE","og_type":"article","og_title":"Fiche de mise \u00e0 la terre GP1 YShield pour peintures, toiles et grillages anti-ondes","og_description":"La fiche de mise \u00e0 la terre GP1 YShield est compatible avec les prises de courant murales CEE 7\/4 et CEE 7\/7.\u00a0Elle est destin\u00e9e \u00e0 la mise \u00e0 la terre permanente des toiles, rev\u00eatements et peintures anti-ondes.","og_url":"https:\/\/369agara.com\/de\/produkt\/fiche-mise-terre-gp1-yshield\/","og_site_name":"Agara","article_modified_time":"2025-05-15T19:53:31+00:00","og_image":[{"width":800,"height":800,"url":"https:\/\/369agara.com\/wp-content\/uploads\/2023\/09\/fiche-de-mise-a-la-terre-gp1-yshield-1.jpg","type":"image\/jpeg"}],"twitter_card":"summary_large_image","twitter_misc":{"Gesch\u00e4tzte Lesezeit":"2\u00a0Minuten"},"schema":{"@context":"https:\/\/schema.org","@graph":[{"@type":"WebPage","@id":"https:\/\/369agara.com\/produit\/fiche-mise-terre-gp1-yshield\/","url":"https:\/\/369agara.com\/produit\/fiche-mise-terre-gp1-yshield\/","name":"Fiche de mise \u00e0 la terre GP1 YShield pour peintures, toiles et grillages anti-ondes | Agara","isPartOf":{"@id":"https:\/\/369agara.com\/#website"},"primaryImageOfPage":{"@id":"https:\/\/369agara.com\/produit\/fiche-mise-terre-gp1-yshield\/#primaryimage"},"image":{"@id":"https:\/\/369agara.com\/produit\/fiche-mise-terre-gp1-yshield\/#primaryimage"},"thumbnailUrl":"https:\/\/369agara.com\/wp-content\/uploads\/2023\/09\/fiche-de-mise-a-la-terre-gp1-yshield-1.jpg","datePublished":"2023-09-18T19:57:17+00:00","dateModified":"2025-05-15T19:53:31+00:00","description":"Der YShield GP1-Erdungsstecker ist mit den Wandsteckdosen CEE 7\/4 und CEE 7\/7 kompatibel. Er ist f\u00fcr die dauerhafte Erdung von Anti-Wellen-T\u00fcchern, -Beschichtungen und -Farben bestimmt.","breadcrumb":{"@id":"https:\/\/369agara.com\/produit\/fiche-mise-terre-gp1-yshield\/#breadcrumb"},"inLanguage":"de","potentialAction":[{"@type":"ReadAction","target":["https:\/\/369agara.com\/produit\/fiche-mise-terre-gp1-yshield\/"]}]},{"@type":"ImageObject","inLanguage":"de","@id":"https:\/\/369agara.com\/produit\/fiche-mise-terre-gp1-yshield\/#primaryimage","url":"https:\/\/369agara.com\/wp-content\/uploads\/2023\/09\/fiche-de-mise-a-la-terre-gp1-yshield-1.jpg","contentUrl":"https:\/\/369agara.com\/wp-content\/uploads\/2023\/09\/fiche-de-mise-a-la-terre-gp1-yshield-1.jpg","width":800,"height":800},{"@type":"BreadcrumbList","@id":"https:\/\/369agara.com\/produit\/fiche-mise-terre-gp1-yshield\/#breadcrumb","itemListElement":[{"@type":"ListItem","position":1,"name":"Accueil","item":"https:\/\/369agara.com\/"},{"@type":"ListItem","position":2,"name":"La boutique","item":"https:\/\/369agara.com\/la-boutique\/"},{"@type":"ListItem","position":3,"name":"Fiche de mise \u00e0 la terre GP1 YShield pour peintures, toiles et grillages anti-ondes"}]},{"@type":"WebSite","@id":"https:\/\/369agara.com\/#website","url":"https:\/\/369agara.com\/","name":"Livsrikedomar","description":"Trennen Sie die Verbindung, um sich besser zu verbinden","publisher":{"@id":"https:\/\/369agara.com\/#organization"},"potentialAction":[{"@type":"SearchAction","target":{"@type":"EntryPoint","urlTemplate":"https:\/\/369agara.com\/?s={search_term_string}"},"query-input":{"@type":"PropertyValueSpecification","valueRequired":true,"valueName":"search_term_string"}}],"inLanguage":"de"},{"@type":"Organization","@id":"https:\/\/369agara.com\/#organization","name":"EACreations","url":"https:\/\/369agara.com\/","logo":{"@type":"ImageObject","inLanguage":"de","@id":"https:\/\/369agara.com\/#\/schema\/logo\/image\/","url":"","contentUrl":"","caption":"EACreations"},"image":{"@id":"https:\/\/369agara.com\/#\/schema\/logo\/image\/"}}]}},"jetpack_sharing_enabled":true,"_links":{"self":[{"href":"https:\/\/369agara.com\/de\/wp-json\/wp\/v2\/product\/1898","targetHints":{"allow":["GET"]}}],"collection":[{"href":"https:\/\/369agara.com\/de\/wp-json\/wp\/v2\/product"}],"about":[{"href":"https:\/\/369agara.com\/de\/wp-json\/wp\/v2\/types\/product"}],"replies":[{"embeddable":true,"href":"https:\/\/369agara.com\/de\/wp-json\/wp\/v2\/comments?post=1898"}],"wp:featuredmedia":[{"embeddable":true,"href":"https:\/\/369agara.com\/de\/wp-json\/wp\/v2\/media\/1899"}],"wp:attachment":[{"href":"https:\/\/369agara.com\/de\/wp-json\/wp\/v2\/media?parent=1898"}],"wp:term":[{"taxonomy":"product_brand","embeddable":true,"href":"https:\/\/369agara.com\/de\/wp-json\/wp\/v2\/product_brand?post=1898"},{"taxonomy":"product_cat","embeddable":true,"href":"https:\/\/369agara.com\/de\/wp-json\/wp\/v2\/product_cat?post=1898"},{"taxonomy":"product_tag","embeddable":true,"href":"https:\/\/369agara.com\/de\/wp-json\/wp\/v2\/product_tag?post=1898"}],"curies":[{"name":"wp","href":"https:\/\/api.w.org\/{rel}","templated":true}]}}