{"id":1919,"date":"2023-09-19T19:02:09","date_gmt":"2023-09-19T17:02:09","guid":{"rendered":"https:\/\/369agara.com\/?post_type=product&#038;p=1919"},"modified":"2025-05-15T21:52:58","modified_gmt":"2025-05-15T19:52:58","slug":"lessive-tissus-liquide-poudre","status":"publish","type":"product","link":"https:\/\/369agara.com\/de\/produkt\/lessive-tissus-liquide-poudre\/","title":{"rendered":"YShield Waschmittel f\u00fcr wellenabschirmende Stoffe - fl\u00fcssig | Pulver"},"content":{"rendered":"<p><span style=\"font-family: 'Book Antiqua', Palatino; font-size: 120%; color: #333399;\">Das Texcare YShield-Waschmittel wurde speziell entwickelt, um die verschiedenen wellenabweisenden Stoffe, die aus Silber und Edelstahldraht bestehen, zu waschen. Dabei werden die Fasern gepflegt und ihre abschirmenden Eigenschaften bleiben erhalten.<\/span><\/p>\n<ul>\n<li><span style=\"font-family: 'Book Antiqua', Palatino; font-size: 120%; color: #333399;\">Verschiedene Fabriktests und Kundenfeedbacks haben gezeigt, dass herk\u00f6mmliche Waschmittel (oder sogar die chemische Reinigung in der Reinigung) dazu neigen, die Panzerfasern zu besch\u00e4digen und die Leistung der Stoffe sowie ihr Aussehen zu beeintr\u00e4chtigen.<\/span><\/li>\n<li><span style=\"font-family: 'Book Antiqua', Palatino; font-size: 120%; color: #333399;\">Mit Texcare-Waschmittel werden die Stoffe perfekt sauber und ihre Eigenschaften und Leistungsf\u00e4higkeit bleiben erhalten.<\/span><\/li>\n<\/ul>\n<p><span style=\"font-family: 'Book Antiqua', Palatino; font-size: 120%; color: #ed1c24;\">Dieses Waschmittel ist\u00a0<strong>\u00f6kologisch<\/strong>\u00a0und schont somit die Umwelt. Sie wurde auch\u00a0<strong>speziell f\u00fcr Allergiker und MCS entwickelt<\/strong>\u00a0: Enth\u00e4lt keine Duftstoffe, ist garantiert frei von Farbstoffen und chemischen Wirkstoffen.<\/span><\/p>\n<p><span style=\"font-family: 'Book Antiqua', Palatino; font-size: 120%; color: #333399;\">Mit einem Liter Waschmittel \/ einem Kilogramm Texcare-Waschmittel k\u00f6nnen 20 Waschg\u00e4nge durchgef\u00fchrt werden.<\/span><br \/>\n<span style=\"font-family: 'Book Antiqua', Palatino; font-size: 120%; color: #333399;\">50 ml Waschmittel reichen pro Waschgang aus, unabh\u00e4ngig von der Wasserh\u00e4rte.<\/span><\/p>\n<p><span style=\"font-family: 'Book Antiqua', Palatino; font-size: 120%; color: #333399;\">Verwenden Sie am besten das Feinwaschprogramm Ihrer Maschine, waschen Sie kalt oder bei max. 30 \u00b0C und bevorzugen Sie einen leichten Schleudergang.<\/span><\/p>\n<p><span style=\"font-family: 'Book Antiqua', Palatino; font-size: 120%; color: #ed1c24;\">Beachten Sie in jedem Fall die technischen Anleitungen der verschiedenen Stoffe und halten Sie sich an die darin enthaltenen Pflegehinweise.<\/span><\/p>\n<h3><span style=\"font-family: 'Book Antiqua', Palatino; font-size: 120%; color: #333399;\">Technische Daten<\/span><\/h3>\n<p><span style=\"font-family: 'Book Antiqua', Palatino; font-size: 120%; color: #333399;\">Fl\u00fcssigkeit :<\/span><\/p>\n<ul>\n<li><span style=\"font-family: 'Book Antiqua', Palatino; font-size: 120%; color: #333399;\"><strong>Zusammensetzung<\/strong>\u00a0<strong>:<\/strong>\u00a0Raps\u00f6lseife 5 bis 15%, Zuckertensid 5 bis 15%, Kokosalkoholsulfat 5 bis 15%, Pflanzenalkohol (Ethanol) 1 bis 5%, sulfatiertes Rizinus\u00f6l<\/span><\/li>\n<li><span style=\"font-family: 'Book Antiqua', Palatino; font-size: 120%; color: #333399;\"><strong>INCI-Inhaltsstoffe :<\/strong>\u00a0Wasser, Kaliseife, Alkylpolyglucosid C8-16, Natrium C 8-14 Fettalkoholsulfat, Alkohol, sulfatiertes Rizinus\u00f6l, Kaliumcitrat.<\/span><\/li>\n<li><span style=\"font-family: 'Book Antiqua', Palatino; font-size: 120%; color: #333399;\">Inhalt: 1 Liter<\/span><\/li>\n<li><span style=\"font-family: 'Book Antiqua', Palatino; font-size: 120%; color: #333399;\">Gewicht: 1.2 kg<\/span><\/li>\n<\/ul>\n<p><span style=\"font-family: 'Book Antiqua', Palatino; font-size: 120%; color: #333399;\">Pulver :<\/span><\/p>\n<ul>\n<li><span style=\"font-family: 'Book Antiqua', Palatino; font-size: 120%; color: #333399;\"><strong>Zusammensetzung :<\/strong>\u00a0Zeolith 15 bis 30%, Seife aus pflanzlichen \u00d6len 15 bis 30%, Citrat 15 bis 30%, Zuckertenside 5 bis 15%, Natriumcarbonat 5 bis 15%, Silikate 1 bis 5%, Natriumbicarbonat 1 bis 5%, Bio-Quillaja &lt;1%, Feuchtigkeitsgehalt des Pulvers 10 bis 15%<\/span><\/li>\n<li><span style=\"font-family: 'Book Antiqua', Palatino; font-size: 120%; color: #333399;\"><strong>INCI-Inhaltsstoffe :<\/strong>\u00a0Zeolith, Natriumseife, Natriumcitrat, Kokosglucoside, Natriumcarbonat, Natriumsilikat, Natriumbicarbonat, Quillaja Saponaria<\/span><\/li>\n<li><span style=\"font-family: 'Book Antiqua', Palatino; font-size: 120%; color: #333399;\">Inhalt: 1 kg<\/span><\/li>\n<li><span style=\"font-family: 'Book Antiqua', Palatino; font-size: 120%; color: #333399;\">Gewicht: 1.1 kg<\/span><\/li>\n<\/ul>","protected":false},"excerpt":{"rendered":"<p><span style=\"font-family: 'Book Antiqua', Palatino; font-size: 120%; color: #333399;\">Texcare YShield Waschmittel wurde speziell zum Waschen und Pflegen von wellenfesten Stoffen entwickelt, die aus Silber und Edelstahldraht bestehen.\u00a0<\/span><\/p>\n<ul>\n<li><span style=\"font-family: 'Book Antiqua', Palatino; font-size: 120%; color: #333399;\">1-Liter-Kanister (20 Waschg\u00e4nge).<\/span><\/li>\n<li><span style=\"font-family: 'Book Antiqua', Palatino; font-size: 120%; color: #333399;\">1-kg-Beutel (20 Waschg\u00e4nge).<\/span><\/li>\n<\/ul>","protected":false},"featured_media":1922,"comment_status":"open","ping_status":"closed","template":"","meta":[],"product_brand":[268],"product_cat":[164],"product_tag":[248,247,249,245],"class_list":{"0":"post-1919","1":"product","2":"type-product","3":"status-publish","4":"has-post-thumbnail","6":"product_brand-yshield","7":"product_cat-baubiologie","8":"product_tag-baubiologie","9":"product_tag-chambre","10":"product_tag-electromagnetisme","11":"product_tag-maison","13":"first","14":"instock","15":"taxable","16":"shipping-taxable","17":"purchasable","18":"product-type-variable"},"yoast_head":"<!-- This site is optimized with the Yoast SEO Premium plugin v25.1 (Yoast SEO v27.4) - https:\/\/yoast.com\/product\/yoast-seo-premium-wordpress\/ -->\n<title>Lessive YShield pour tissus de protection anti-ondes - liquide | poudre | Agara<\/title>\n<meta name=\"description\" content=\"La lessive Texcare YShield est sp\u00e9cialement con\u00e7ue pour laver et prendre soin des tissus anti-ondes compos\u00e9s d&#039;argent et de fils d&#039;acier inoxydable.\u00a0Bidon d&#039;un litre (20 lavages) \/ Sac d&#039;un kilo (20 lavages).\" \/>\n<meta name=\"robots\" content=\"index, follow, max-snippet:-1, max-image-preview:large, max-video-preview:-1\" \/>\n<link rel=\"canonical\" href=\"https:\/\/369agara.com\/de\/produkt\/lessive-tissus-liquide-poudre\/\" \/>\n<meta property=\"og:locale\" content=\"de_DE\" \/>\n<meta property=\"og:type\" content=\"article\" \/>\n<meta property=\"og:title\" content=\"Lessive YShield pour tissus de protection anti-ondes - liquide | poudre\" \/>\n<meta property=\"og:description\" content=\"La lessive Texcare YShield est sp\u00e9cialement con\u00e7ue pour laver et prendre soin des tissus anti-ondes compos\u00e9s d&#039;argent et de fils d&#039;acier inoxydable.\u00a0Bidon d&#039;un litre (20 lavages) \/ Sac d&#039;un kilo (20 lavages).\" \/>\n<meta property=\"og:url\" content=\"https:\/\/369agara.com\/de\/produkt\/lessive-tissus-liquide-poudre\/\" \/>\n<meta property=\"og:site_name\" content=\"Agara\" \/>\n<meta property=\"article:modified_time\" content=\"2025-05-15T19:52:58+00:00\" \/>\n<meta property=\"og:image\" content=\"https:\/\/369agara.com\/wp-content\/uploads\/2023\/09\/lessive-liquide-texcare-yshield-pour-tissus-anti-ondes.jpg\" \/>\n\t<meta property=\"og:image:width\" content=\"800\" \/>\n\t<meta property=\"og:image:height\" content=\"800\" \/>\n\t<meta property=\"og:image:type\" content=\"image\/jpeg\" \/>\n<meta name=\"twitter:card\" content=\"summary_large_image\" \/>\n<meta name=\"twitter:label1\" content=\"Gesch\u00e4tzte Lesezeit\" \/>\n\t<meta name=\"twitter:data1\" content=\"2\u00a0Minuten\" \/>\n<script type=\"application\/ld+json\" class=\"yoast-schema-graph\">{\"@context\":\"https:\\\/\\\/schema.org\",\"@graph\":[{\"@type\":\"WebPage\",\"@id\":\"https:\\\/\\\/369agara.com\\\/produit\\\/lessive-tissus-liquide-poudre\\\/\",\"url\":\"https:\\\/\\\/369agara.com\\\/produit\\\/lessive-tissus-liquide-poudre\\\/\",\"name\":\"Lessive YShield pour tissus de protection anti-ondes - liquide | poudre | Agara\",\"isPartOf\":{\"@id\":\"https:\\\/\\\/369agara.com\\\/#website\"},\"primaryImageOfPage\":{\"@id\":\"https:\\\/\\\/369agara.com\\\/produit\\\/lessive-tissus-liquide-poudre\\\/#primaryimage\"},\"image\":{\"@id\":\"https:\\\/\\\/369agara.com\\\/produit\\\/lessive-tissus-liquide-poudre\\\/#primaryimage\"},\"thumbnailUrl\":\"https:\\\/\\\/369agara.com\\\/wp-content\\\/uploads\\\/2023\\\/09\\\/lessive-liquide-texcare-yshield-pour-tissus-anti-ondes.jpg\",\"datePublished\":\"2023-09-19T17:02:09+00:00\",\"dateModified\":\"2025-05-15T19:52:58+00:00\",\"description\":\"La lessive Texcare YShield est sp\u00e9cialement con\u00e7ue pour laver et prendre soin des tissus anti-ondes compos\u00e9s d'argent et de fils d'acier inoxydable.\u00a0Bidon d'un litre (20 lavages) \\\/ Sac d'un kilo (20 lavages).\",\"breadcrumb\":{\"@id\":\"https:\\\/\\\/369agara.com\\\/produit\\\/lessive-tissus-liquide-poudre\\\/#breadcrumb\"},\"inLanguage\":\"de\",\"potentialAction\":[{\"@type\":\"ReadAction\",\"target\":[\"https:\\\/\\\/369agara.com\\\/produit\\\/lessive-tissus-liquide-poudre\\\/\"]}]},{\"@type\":\"ImageObject\",\"inLanguage\":\"de\",\"@id\":\"https:\\\/\\\/369agara.com\\\/produit\\\/lessive-tissus-liquide-poudre\\\/#primaryimage\",\"url\":\"https:\\\/\\\/369agara.com\\\/wp-content\\\/uploads\\\/2023\\\/09\\\/lessive-liquide-texcare-yshield-pour-tissus-anti-ondes.jpg\",\"contentUrl\":\"https:\\\/\\\/369agara.com\\\/wp-content\\\/uploads\\\/2023\\\/09\\\/lessive-liquide-texcare-yshield-pour-tissus-anti-ondes.jpg\",\"width\":800,\"height\":800},{\"@type\":\"BreadcrumbList\",\"@id\":\"https:\\\/\\\/369agara.com\\\/produit\\\/lessive-tissus-liquide-poudre\\\/#breadcrumb\",\"itemListElement\":[{\"@type\":\"ListItem\",\"position\":1,\"name\":\"Accueil\",\"item\":\"https:\\\/\\\/369agara.com\\\/\"},{\"@type\":\"ListItem\",\"position\":2,\"name\":\"La boutique\",\"item\":\"https:\\\/\\\/369agara.com\\\/la-boutique\\\/\"},{\"@type\":\"ListItem\",\"position\":3,\"name\":\"Lessive YShield pour tissus de protection anti-ondes &#8211; liquide | poudre\"}]},{\"@type\":\"WebSite\",\"@id\":\"https:\\\/\\\/369agara.com\\\/#website\",\"url\":\"https:\\\/\\\/369agara.com\\\/\",\"name\":\"Livsrikedomar\",\"description\":\"D\u00e9connectez pour mieux vous connecter\",\"publisher\":{\"@id\":\"https:\\\/\\\/369agara.com\\\/#organization\"},\"potentialAction\":[{\"@type\":\"SearchAction\",\"target\":{\"@type\":\"EntryPoint\",\"urlTemplate\":\"https:\\\/\\\/369agara.com\\\/?s={search_term_string}\"},\"query-input\":{\"@type\":\"PropertyValueSpecification\",\"valueRequired\":true,\"valueName\":\"search_term_string\"}}],\"inLanguage\":\"de\"},{\"@type\":\"Organization\",\"@id\":\"https:\\\/\\\/369agara.com\\\/#organization\",\"name\":\"EACreations\",\"url\":\"https:\\\/\\\/369agara.com\\\/\",\"logo\":{\"@type\":\"ImageObject\",\"inLanguage\":\"de\",\"@id\":\"https:\\\/\\\/369agara.com\\\/#\\\/schema\\\/logo\\\/image\\\/\",\"url\":\"\",\"contentUrl\":\"\",\"caption\":\"EACreations\"},\"image\":{\"@id\":\"https:\\\/\\\/369agara.com\\\/#\\\/schema\\\/logo\\\/image\\\/\"}}]}<\/script>\n<!-- \/ Yoast SEO Premium plugin. -->","yoast_head_json":{"title":"Lessive YShield pour tissus de protection anti-ondes - liquide | poudre | Agara","description":"La lessive Texcare YShield est sp\u00e9cialement con\u00e7ue pour laver et prendre soin des tissus anti-ondes compos\u00e9s d'argent et de fils d'acier inoxydable.\u00a0Bidon d'un litre (20 lavages) \/ Sac d'un kilo (20 lavages).","robots":{"index":"index","follow":"follow","max-snippet":"max-snippet:-1","max-image-preview":"max-image-preview:large","max-video-preview":"max-video-preview:-1"},"canonical":"https:\/\/369agara.com\/de\/produkt\/lessive-tissus-liquide-poudre\/","og_locale":"de_DE","og_type":"article","og_title":"Lessive YShield pour tissus de protection anti-ondes - liquide | poudre","og_description":"La lessive Texcare YShield est sp\u00e9cialement con\u00e7ue pour laver et prendre soin des tissus anti-ondes compos\u00e9s d'argent et de fils d'acier inoxydable.\u00a0Bidon d'un litre (20 lavages) \/ Sac d'un kilo (20 lavages).","og_url":"https:\/\/369agara.com\/de\/produkt\/lessive-tissus-liquide-poudre\/","og_site_name":"Agara","article_modified_time":"2025-05-15T19:52:58+00:00","og_image":[{"width":800,"height":800,"url":"https:\/\/369agara.com\/wp-content\/uploads\/2023\/09\/lessive-liquide-texcare-yshield-pour-tissus-anti-ondes.jpg","type":"image\/jpeg"}],"twitter_card":"summary_large_image","twitter_misc":{"Gesch\u00e4tzte Lesezeit":"2\u00a0Minuten"},"schema":{"@context":"https:\/\/schema.org","@graph":[{"@type":"WebPage","@id":"https:\/\/369agara.com\/produit\/lessive-tissus-liquide-poudre\/","url":"https:\/\/369agara.com\/produit\/lessive-tissus-liquide-poudre\/","name":"Lessive YShield pour tissus de protection anti-ondes - liquide | poudre | Agara","isPartOf":{"@id":"https:\/\/369agara.com\/#website"},"primaryImageOfPage":{"@id":"https:\/\/369agara.com\/produit\/lessive-tissus-liquide-poudre\/#primaryimage"},"image":{"@id":"https:\/\/369agara.com\/produit\/lessive-tissus-liquide-poudre\/#primaryimage"},"thumbnailUrl":"https:\/\/369agara.com\/wp-content\/uploads\/2023\/09\/lessive-liquide-texcare-yshield-pour-tissus-anti-ondes.jpg","datePublished":"2023-09-19T17:02:09+00:00","dateModified":"2025-05-15T19:52:58+00:00","description":"La lessive Texcare YShield est sp\u00e9cialement con\u00e7ue pour laver et prendre soin des tissus anti-ondes compos\u00e9s d'argent et de fils d'acier inoxydable.\u00a0Bidon d'un litre (20 lavages) \/ Sac d'un kilo (20 lavages).","breadcrumb":{"@id":"https:\/\/369agara.com\/produit\/lessive-tissus-liquide-poudre\/#breadcrumb"},"inLanguage":"de","potentialAction":[{"@type":"ReadAction","target":["https:\/\/369agara.com\/produit\/lessive-tissus-liquide-poudre\/"]}]},{"@type":"ImageObject","inLanguage":"de","@id":"https:\/\/369agara.com\/produit\/lessive-tissus-liquide-poudre\/#primaryimage","url":"https:\/\/369agara.com\/wp-content\/uploads\/2023\/09\/lessive-liquide-texcare-yshield-pour-tissus-anti-ondes.jpg","contentUrl":"https:\/\/369agara.com\/wp-content\/uploads\/2023\/09\/lessive-liquide-texcare-yshield-pour-tissus-anti-ondes.jpg","width":800,"height":800},{"@type":"BreadcrumbList","@id":"https:\/\/369agara.com\/produit\/lessive-tissus-liquide-poudre\/#breadcrumb","itemListElement":[{"@type":"ListItem","position":1,"name":"Accueil","item":"https:\/\/369agara.com\/"},{"@type":"ListItem","position":2,"name":"La boutique","item":"https:\/\/369agara.com\/la-boutique\/"},{"@type":"ListItem","position":3,"name":"Lessive YShield pour tissus de protection anti-ondes &#8211; liquide | poudre"}]},{"@type":"WebSite","@id":"https:\/\/369agara.com\/#website","url":"https:\/\/369agara.com\/","name":"Livsrikedomar","description":"Trennen Sie die Verbindung, um sich besser zu verbinden","publisher":{"@id":"https:\/\/369agara.com\/#organization"},"potentialAction":[{"@type":"SearchAction","target":{"@type":"EntryPoint","urlTemplate":"https:\/\/369agara.com\/?s={search_term_string}"},"query-input":{"@type":"PropertyValueSpecification","valueRequired":true,"valueName":"search_term_string"}}],"inLanguage":"de"},{"@type":"Organization","@id":"https:\/\/369agara.com\/#organization","name":"EACreations","url":"https:\/\/369agara.com\/","logo":{"@type":"ImageObject","inLanguage":"de","@id":"https:\/\/369agara.com\/#\/schema\/logo\/image\/","url":"","contentUrl":"","caption":"EACreations"},"image":{"@id":"https:\/\/369agara.com\/#\/schema\/logo\/image\/"}}]}},"jetpack_sharing_enabled":true,"_links":{"self":[{"href":"https:\/\/369agara.com\/de\/wp-json\/wp\/v2\/product\/1919","targetHints":{"allow":["GET"]}}],"collection":[{"href":"https:\/\/369agara.com\/de\/wp-json\/wp\/v2\/product"}],"about":[{"href":"https:\/\/369agara.com\/de\/wp-json\/wp\/v2\/types\/product"}],"replies":[{"embeddable":true,"href":"https:\/\/369agara.com\/de\/wp-json\/wp\/v2\/comments?post=1919"}],"wp:featuredmedia":[{"embeddable":true,"href":"https:\/\/369agara.com\/de\/wp-json\/wp\/v2\/media\/1922"}],"wp:attachment":[{"href":"https:\/\/369agara.com\/de\/wp-json\/wp\/v2\/media?parent=1919"}],"wp:term":[{"taxonomy":"product_brand","embeddable":true,"href":"https:\/\/369agara.com\/de\/wp-json\/wp\/v2\/product_brand?post=1919"},{"taxonomy":"product_cat","embeddable":true,"href":"https:\/\/369agara.com\/de\/wp-json\/wp\/v2\/product_cat?post=1919"},{"taxonomy":"product_tag","embeddable":true,"href":"https:\/\/369agara.com\/de\/wp-json\/wp\/v2\/product_tag?post=1919"}],"curies":[{"name":"wp","href":"https:\/\/api.w.org\/{rel}","templated":true}]}}