{"id":1959,"date":"2023-09-19T21:29:06","date_gmt":"2023-09-19T19:29:06","guid":{"rendered":"https:\/\/369agara.com\/?post_type=product&#038;p=1959"},"modified":"2025-05-15T21:52:35","modified_gmt":"2025-05-15T19:52:35","slug":"toile-protection-hnv100-yshield-1-ou-2-pers","status":"publish","type":"product","link":"https:\/\/369agara.com\/de\/produkt\/toile-protection-hnv100-yshield-1-ou-2-pers\/","title":{"rendered":"HNV100 YShield Wellenschutztuch - Hohe und niedrige Frequenzen - 1- oder 2-Personen-Bett"},"content":{"rendered":"<div class=\"block md-bottom product-description-block\">\n<div class=\"block-content box-bg\">\n<div class=\"product-description typo\">\n<p><span style=\"font-family: 'Book Antiqua', Palatino; font-size: 120%; color: #333399;\">Die Bettunterlage Anti-Wellen-Teppich aus Leinen HNV100 erm\u00f6glicht es Ihnen, sich sowohl vor hochfrequenten Strahlungen (Mobiltelefonie,\u00a0<strong>5G<\/strong>(z. B. schnurlose DECT-Telefone, Wifi, Wimax, Bluetooth, Radar usw.) und niederfrequente Felder (elektrische Felder aus der Hausinstallation), wenn sie geerdet sind.<\/span><\/p>\n<p><span style=\"font-family: 'Book Antiqua', Palatino; font-size: 120%; color: #333399;\">Er ist optimal, um den Schutz durch Anti-Wellen-Baldachine zu erg\u00e4nzen, kann aber auch allein unter einem Bett oder Schreibtisch verwendet werden, um sich vor Strahlung aus dem Fu\u00dfboden oder vom Nachbarn unter Ihnen zu sch\u00fctzen.<\/span><\/p>\n<p><span style=\"font-family: 'Book Antiqua', Palatino; font-size: 120%; color: #333399;\">Es stellt das bestm\u00f6gliche Preis-Leistungs-Verh\u00e4ltnis f\u00fcr diese Art von Artikeln dar und bietet Ihnen eine D\u00e4mpfung von 100 dB bei 1 GHz und \u00fcber ein sehr breites Frequenzband.<\/span><\/p>\n<p><span style=\"font-family: 'Book Antiqua', Palatino; font-size: 120%; color: #ed1c24;\">Da er nicht waschbar ist, empfehlen wir Ihnen, ihn mit einem Teppich oder einem Bodenbelag Ihrer Wahl zu bedecken, um seine Lebensdauer zu erhalten.<\/span><\/p>\n<h3><span style=\"font-family: 'Book Antiqua', Palatino; font-size: 120%; color: #333399;\">2 Deklinationen<\/span><\/h3>\n<ul>\n<li><span style=\"font-family: 'Book Antiqua', Palatino; font-size: 120%; color: #333399;\"><strong>F\u00fcr Einzelbett | 175 x 250 cm<\/strong><\/span><br \/>\n<span style=\"font-family: 'Book Antiqua', Palatino; font-size: 120%; color: #333399;\">Besteht aus 2 Streifen HNV100 YShield, 90 cm breit und 250 cm lang, 5 cm \u00fcberlappend, f\u00fcr eine Gesamtbreite von 175 cm.<\/span><\/li>\n<li><span style=\"font-family: 'Book Antiqua', Palatino; font-size: 120%; color: #333399;\"><strong>F\u00fcr ein Doppelbett | 250 x 250 cm<\/strong><\/span><br \/>\n<span style=\"font-family: 'Book Antiqua', Palatino; font-size: 120%; color: #333399;\">Besteht aus 3 Streifen HNV100 YShield-Leinwand, 90 cm breit und 250 cm lang, 5 cm \u00fcberlappend, f\u00fcr eine Gesamtbreite von 260 cm.<\/span><\/li>\n<\/ul>\n<h3><span style=\"font-family: 'Book Antiqua', Palatino; font-size: 120%; color: #333399;\">Erdung<\/span><\/h3>\n<p><span style=\"font-family: 'Book Antiqua', Palatino; font-size: 120%; color: #333399;\">Das HNV100 ist ein extrem leitf\u00e4higes Tuch, das geerdet werden kann und somit auch einen Schutz vor niederfrequenten elektrischen Feldern bietet.<\/span><\/p>\n<p><span style=\"font-family: 'Book Antiqua', Palatino; font-size: 120%; color: #333399;\">Hierf\u00fcr sollte :<\/span><\/p>\n<ul>\n<li><span style=\"font-family: 'Book Antiqua', Palatino; font-size: 120%; color: #333399;\">eine magnetische Erdungsplatte GCM oder eine anschraubbare Erdungsplatte GCS<\/span><\/li>\n<li><span style=\"font-family: 'Book Antiqua', Palatino; font-size: 120%; color: #333399;\">ein GL-Erdungskabel (5 verschiedene L\u00e4ngen: 20 cm, 1 Meter, 2 Meter, 5 Meter und 10 Meter; die Auswahl richtet sich nach der Entfernung zu einer geerdeten Wandsteckdose),<\/span><\/li>\n<li><span style=\"font-family: 'Book Antiqua', Palatino; font-size: 120%; color: #333399;\">einen Erdungsstecker f\u00fcr permanente Abschirmungen GP1 f\u00fcr den Anschluss an eine Wandsteckdose oder einen Erdungsstab GCR f\u00fcr den Anschluss im Freien, direkt im Boden.<\/span><\/li>\n<\/ul>\n<p><span style=\"font-family: 'Book Antiqua', Palatino; font-size: 120%; color: #ed1c24;\"><strong>Bitte beachten. Das Erdungszubeh\u00f6r ist nicht im Preis der Matte enthalten!<\/strong>\u00a0Diese sollten separat gekauft werden.<\/span><\/p>\n<h3><span style=\"font-family: 'Book Antiqua', Palatino; font-size: 120%; color: #333399;\">Technische Daten<\/span><\/h3>\n<ul>\n<li><span style=\"font-family: 'Book Antiqua', Palatino; font-size: 120%; color: #333399;\">D\u00e4mpfung: 103 dB bei 1 GHz f\u00fcr eine Schicht<\/span><\/li>\n<li><span style=\"font-family: 'Book Antiqua', Palatino; font-size: 120%; color: #333399;\">Die Abschirmungsd\u00e4mpfung wird regelm\u00e4\u00dfig im YShield EMV-Labor gem\u00e4\u00df den folgenden Messkonfigurationen und Normen validiert und verifiziert: ASTM D4935-10, IEEE Std 299-2006, IEEEE Std 1128-1998, ASTM A698 \/ A698M-07.<\/span><\/li>\n<li><span style=\"font-family: 'Book Antiqua', Palatino; font-size: 120%; color: #333399;\">Zusammensetzung: Nylon, Kupfer, Nickel<\/span><\/li>\n<li><span style=\"font-family: 'Book Antiqua', Palatino; font-size: 120%; color: #333399;\">Gewicht: 70 g \/ m\u00b2<\/span><\/li>\n<li><span style=\"font-family: 'Book Antiqua', Palatino; font-size: 120%; color: #333399;\">Farbe: grau\u00a0<\/span><\/li>\n<li><span style=\"font-family: 'Book Antiqua', Palatino; font-size: 120%; color: #333399;\">Dicke: 0,16 mm<\/span><\/li>\n<li><span style=\"font-family: 'Book Antiqua', Palatino; font-size: 120%; color: #333399;\">Zugfestigkeit: sehr gut in beide Richtungen, 50 N\/mm<\/span><\/li>\n<li><span style=\"font-family: 'Book Antiqua', Palatino; font-size: 120%; color: #333399;\">Nicht waschen<\/span><\/li>\n<li><span style=\"font-family: 'Book Antiqua', Palatino; font-size: 120%; color: #333399;\">Nicht im Freien verwenden<\/span><\/li>\n<li><span style=\"font-family: 'Book Antiqua', Palatino; font-size: 120%; color: #333399;\">Oberfl\u00e4chenleitf\u00e4higkeit: 0,01 Ohm (quadratischer Widerstand)<\/span><\/li>\n<\/ul>\n<p><span style=\"font-family: 'Book Antiqua', Palatino; font-size: 120%; color: #333399;\">Hergestellt in China\u00a0<\/span><\/p>\n<p><span style=\"font-family: 'Book Antiqua', Palatino; font-size: 120%; color: #ed1c24;\"><strong>Da die Leinw\u00e4nde bei jeder Bestellung auf Wunsch zugeschnitten werden, k\u00f6nnen sie weder zur\u00fcckgegeben noch umgetauscht werden.<\/strong><\/span><\/p>\n<p><span style=\"font-family: 'Book Antiqua', Palatino; font-size: 120%; color: #ed1c24;\">Wir \u00fcbernehmen keine Haftung f\u00fcr Sch\u00e4den an Personen, Tieren oder Gegenst\u00e4nden, die durch unsachgem\u00e4\u00dfe Verwendung der wellenabweisenden T\u00fccher und Stoffe entstehen, insbesondere durch eine nicht DIN 57100 \/ VDE 0100 entsprechende Erdung und Elektroinstallation. Wir empfehlen die \u00dcberpr\u00fcfung der Elektroinstallation und die Erdung der YShield\u00ae-Gewebe durch einen Elektrofachmann.<\/span><\/p>\n<h3><span style=\"font-size: 120%; color: #333399; font-family: 'Book Antiqua', Palatino;\">Denken Sie daran, zu konsultieren<\/span><\/h3>\n<\/div>\n<\/div>\n<\/div>\n<div class=\"block product-attachments-block sm-bottom\">\n<div class=\"block-content\">\n<section class=\"product-attachments\">\n<div class=\"row\">\n<div class=\"attachment col-12 col-lg-4\">\n<div class=\"box-bg my-2\">\n<ul>\n<li class=\"h5\"><span style=\"font-family: 'Book Antiqua', Palatino; font-size: 120%; color: #333399;\">HNV100 YShield-Zertifikat<br \/>\n<\/span><span style=\"font-family: 'Book Antiqua', Palatino; font-size: 120%; color: #333399;\">D\u00e4mpfungszertifikat Leinwand HNV100 YShield<\/span><\/li>\n<\/ul>\n<\/div>\n<\/div>\n<div class=\"attachment col-12 col-lg-4\">\n<div class=\"box-bg my-2\">\n<ul>\n<li class=\"h5\"><span style=\"font-family: 'Book Antiqua', Palatino; font-size: 120%; color: #333399;\">Leinwand HNV100 YShield<br \/>\n<\/span><span style=\"font-family: 'Book Antiqua', Palatino; font-size: 120%; color: #333399;\">Datenblatt - Umsetzung<\/span><\/li>\n<\/ul>\n<\/div>\n<\/div>\n<\/div>\n<\/section>\n<\/div>\n<\/div>","protected":false},"excerpt":{"rendered":"<p><span style=\"font-family: 'Book Antiqua', Palatino; font-size: 120%; color: #333399;\">Ein hervorragendes Verh\u00e4ltnis von Qualit\u00e4t, D\u00e4mpfung und Preis!\u00a0<\/span><\/p>\n<p><span style=\"font-family: 'Book Antiqua', Palatino; font-size: 120%; color: #333399;\">Das HNV100 YShield-Wellenschutztuch ist ein Mischgewebe, das sowohl vor hochfrequenter Strahlung (Mobiltelefonie,\u00a0<strong>5G<\/strong>(z. B. schnurlose DECT-Telefone, Wifi, Wimax, Bluetooth, Radar usw.) und niederfrequente Felder (elektrische Felder, die mit der Hausinstallation verbunden sind), wenn sie geerdet ist.\u00a0<\/span><\/p>\n<p><span style=\"font-family: 'Book Antiqua', Palatino; font-size: 120%; color: #333399;\">2 Modelle erh\u00e4ltlich: f\u00fcr ein Einzelbett (zwei Bahnen f\u00fcr die Ma\u00dfe 175 x 250 cm) und f\u00fcr ein Doppelbett (drei Bahnen f\u00fcr die Ma\u00dfe 260 x 250 cm).\u00a0<\/span><\/p>\n<p><span style=\"font-family: 'Book Antiqua', Palatino; font-size: 120%; color: #333399;\">D\u00e4mpfung: 103 dB.<\/span><\/p>","protected":false},"featured_media":3778,"comment_status":"open","ping_status":"closed","template":"","meta":[],"product_brand":[268],"product_cat":[164],"product_tag":[248,246,247,249,245],"class_list":{"0":"post-1959","1":"product","2":"type-product","3":"status-publish","4":"has-post-thumbnail","6":"product_brand-yshield","7":"product_cat-baubiologie","8":"product_tag-baubiologie","9":"product_tag-bureau","10":"product_tag-chambre","11":"product_tag-electromagnetisme","12":"product_tag-maison","14":"first","15":"instock","16":"taxable","17":"shipping-taxable","18":"purchasable","19":"product-type-variable"},"yoast_head":"<!-- This site is optimized with the Yoast SEO Premium plugin v25.1 (Yoast SEO v27.4) - https:\/\/yoast.com\/product\/yoast-seo-premium-wordpress\/ -->\n<title>Toile de protection anti-ondes HNV100 YShield - Hautes et basses fr\u00e9quences - lit 1 ou 2 personnes | Agara<\/title>\n<meta name=\"description\" content=\"Un excellent rapport qualit\u00e9\/att\u00e9nuation\/prix !\u00a0La toile de protection anti-ondes HNV100 YShield est une toile mixte, qui permet de prot\u00e9ger \u00e0 la fois des rayonnements de hautes fr\u00e9quences (t\u00e9l\u00e9phonie mobile,\u00a05G, t\u00e9l\u00e9phones sans fil DECT, Wifi, Wimax, bluetooth, radars, etc) et de basses fr\u00e9quences (champs \u00e9lectriques li\u00e9s \u00e0 l&#039;installation domestique) lorsqu&#039;elle est reli\u00e9e \u00e0 la terre.\u00a02 mod\u00e8les disponibles : pour lit 1 personne (deux l\u00e9s pour dimensions 175 x 250 cm) et pour lit 2 personnes (trois l\u00e9s pour dimensions 260 x 250 cm).\u00a0Att\u00e9nuation : 103 dB.\" \/>\n<meta name=\"robots\" content=\"index, follow, max-snippet:-1, max-image-preview:large, max-video-preview:-1\" \/>\n<link rel=\"canonical\" href=\"https:\/\/369agara.com\/de\/produkt\/toile-protection-hnv100-yshield-1-ou-2-pers\/\" \/>\n<meta property=\"og:locale\" content=\"de_DE\" \/>\n<meta property=\"og:type\" content=\"article\" \/>\n<meta property=\"og:title\" content=\"Toile de protection anti-ondes HNV100 YShield - Hautes et basses fr\u00e9quences - lit 1 ou 2 personnes\" \/>\n<meta property=\"og:description\" content=\"Un excellent rapport qualit\u00e9\/att\u00e9nuation\/prix !\u00a0La toile de protection anti-ondes HNV100 YShield est une toile mixte, qui permet de prot\u00e9ger \u00e0 la fois des rayonnements de hautes fr\u00e9quences (t\u00e9l\u00e9phonie mobile,\u00a05G, t\u00e9l\u00e9phones sans fil DECT, Wifi, Wimax, bluetooth, radars, etc) et de basses fr\u00e9quences (champs \u00e9lectriques li\u00e9s \u00e0 l&#039;installation domestique) lorsqu&#039;elle est reli\u00e9e \u00e0 la terre.\u00a02 mod\u00e8les disponibles : pour lit 1 personne (deux l\u00e9s pour dimensions 175 x 250 cm) et pour lit 2 personnes (trois l\u00e9s pour dimensions 260 x 250 cm).\u00a0Att\u00e9nuation : 103 dB.\" \/>\n<meta property=\"og:url\" content=\"https:\/\/369agara.com\/de\/produkt\/toile-protection-hnv100-yshield-1-ou-2-pers\/\" \/>\n<meta property=\"og:site_name\" content=\"Agara\" \/>\n<meta property=\"article:modified_time\" content=\"2025-05-15T19:52:35+00:00\" \/>\n<meta property=\"og:image\" content=\"https:\/\/369agara.com\/wp-content\/uploads\/2023\/09\/dessous-de-lit-tapis-anti-ondes-en-toile-hnv100-yshield-hautes-et-basses-frequences-5.jpg\" \/>\n\t<meta property=\"og:image:width\" content=\"800\" \/>\n\t<meta property=\"og:image:height\" content=\"800\" \/>\n\t<meta property=\"og:image:type\" content=\"image\/jpeg\" \/>\n<meta name=\"twitter:card\" content=\"summary_large_image\" \/>\n<meta name=\"twitter:label1\" content=\"Gesch\u00e4tzte Lesezeit\" \/>\n\t<meta name=\"twitter:data1\" content=\"4\u00a0Minuten\" \/>\n<script type=\"application\/ld+json\" class=\"yoast-schema-graph\">{\"@context\":\"https:\\\/\\\/schema.org\",\"@graph\":[{\"@type\":\"WebPage\",\"@id\":\"https:\\\/\\\/369agara.com\\\/produit\\\/toile-protection-hnv100-yshield-1-ou-2-pers\\\/\",\"url\":\"https:\\\/\\\/369agara.com\\\/produit\\\/toile-protection-hnv100-yshield-1-ou-2-pers\\\/\",\"name\":\"Toile de protection anti-ondes HNV100 YShield - Hautes et basses fr\u00e9quences - lit 1 ou 2 personnes | Agara\",\"isPartOf\":{\"@id\":\"https:\\\/\\\/369agara.com\\\/#website\"},\"primaryImageOfPage\":{\"@id\":\"https:\\\/\\\/369agara.com\\\/produit\\\/toile-protection-hnv100-yshield-1-ou-2-pers\\\/#primaryimage\"},\"image\":{\"@id\":\"https:\\\/\\\/369agara.com\\\/produit\\\/toile-protection-hnv100-yshield-1-ou-2-pers\\\/#primaryimage\"},\"thumbnailUrl\":\"https:\\\/\\\/369agara.com\\\/wp-content\\\/uploads\\\/2023\\\/09\\\/dessous-de-lit-tapis-anti-ondes-en-toile-hnv100-yshield-hautes-et-basses-frequences-5.jpg\",\"datePublished\":\"2023-09-19T19:29:06+00:00\",\"dateModified\":\"2025-05-15T19:52:35+00:00\",\"description\":\"Un excellent rapport qualit\u00e9\\\/att\u00e9nuation\\\/prix !\u00a0La toile de protection anti-ondes HNV100 YShield est une toile mixte, qui permet de prot\u00e9ger \u00e0 la fois des rayonnements de hautes fr\u00e9quences (t\u00e9l\u00e9phonie mobile,\u00a05G, t\u00e9l\u00e9phones sans fil DECT, Wifi, Wimax, bluetooth, radars, etc) et de basses fr\u00e9quences (champs \u00e9lectriques li\u00e9s \u00e0 l'installation domestique) lorsqu'elle est reli\u00e9e \u00e0 la terre.\u00a02 mod\u00e8les disponibles : pour lit 1 personne (deux l\u00e9s pour dimensions 175 x 250 cm) et pour lit 2 personnes (trois l\u00e9s pour dimensions 260 x 250 cm).\u00a0Att\u00e9nuation : 103 dB.\",\"breadcrumb\":{\"@id\":\"https:\\\/\\\/369agara.com\\\/produit\\\/toile-protection-hnv100-yshield-1-ou-2-pers\\\/#breadcrumb\"},\"inLanguage\":\"de\",\"potentialAction\":[{\"@type\":\"ReadAction\",\"target\":[\"https:\\\/\\\/369agara.com\\\/produit\\\/toile-protection-hnv100-yshield-1-ou-2-pers\\\/\"]}]},{\"@type\":\"ImageObject\",\"inLanguage\":\"de\",\"@id\":\"https:\\\/\\\/369agara.com\\\/produit\\\/toile-protection-hnv100-yshield-1-ou-2-pers\\\/#primaryimage\",\"url\":\"https:\\\/\\\/369agara.com\\\/wp-content\\\/uploads\\\/2023\\\/09\\\/dessous-de-lit-tapis-anti-ondes-en-toile-hnv100-yshield-hautes-et-basses-frequences-5.jpg\",\"contentUrl\":\"https:\\\/\\\/369agara.com\\\/wp-content\\\/uploads\\\/2023\\\/09\\\/dessous-de-lit-tapis-anti-ondes-en-toile-hnv100-yshield-hautes-et-basses-frequences-5.jpg\",\"width\":800,\"height\":800},{\"@type\":\"BreadcrumbList\",\"@id\":\"https:\\\/\\\/369agara.com\\\/produit\\\/toile-protection-hnv100-yshield-1-ou-2-pers\\\/#breadcrumb\",\"itemListElement\":[{\"@type\":\"ListItem\",\"position\":1,\"name\":\"Accueil\",\"item\":\"https:\\\/\\\/369agara.com\\\/\"},{\"@type\":\"ListItem\",\"position\":2,\"name\":\"La boutique\",\"item\":\"https:\\\/\\\/369agara.com\\\/la-boutique\\\/\"},{\"@type\":\"ListItem\",\"position\":3,\"name\":\"Toile de protection anti-ondes HNV100 YShield &#8211; Hautes et basses fr\u00e9quences &#8211; lit 1 ou 2 personnes\"}]},{\"@type\":\"WebSite\",\"@id\":\"https:\\\/\\\/369agara.com\\\/#website\",\"url\":\"https:\\\/\\\/369agara.com\\\/\",\"name\":\"Livsrikedomar\",\"description\":\"D\u00e9connectez pour mieux vous connecter\",\"publisher\":{\"@id\":\"https:\\\/\\\/369agara.com\\\/#organization\"},\"potentialAction\":[{\"@type\":\"SearchAction\",\"target\":{\"@type\":\"EntryPoint\",\"urlTemplate\":\"https:\\\/\\\/369agara.com\\\/?s={search_term_string}\"},\"query-input\":{\"@type\":\"PropertyValueSpecification\",\"valueRequired\":true,\"valueName\":\"search_term_string\"}}],\"inLanguage\":\"de\"},{\"@type\":\"Organization\",\"@id\":\"https:\\\/\\\/369agara.com\\\/#organization\",\"name\":\"EACreations\",\"url\":\"https:\\\/\\\/369agara.com\\\/\",\"logo\":{\"@type\":\"ImageObject\",\"inLanguage\":\"de\",\"@id\":\"https:\\\/\\\/369agara.com\\\/#\\\/schema\\\/logo\\\/image\\\/\",\"url\":\"\",\"contentUrl\":\"\",\"caption\":\"EACreations\"},\"image\":{\"@id\":\"https:\\\/\\\/369agara.com\\\/#\\\/schema\\\/logo\\\/image\\\/\"}}]}<\/script>\n<!-- \/ Yoast SEO Premium plugin. -->","yoast_head_json":{"title":"Toile de protection anti-ondes HNV100 YShield - Hautes et basses fr\u00e9quences - lit 1 ou 2 personnes | Agara","description":"Un excellent rapport qualit\u00e9\/att\u00e9nuation\/prix !\u00a0La toile de protection anti-ondes HNV100 YShield est une toile mixte, qui permet de prot\u00e9ger \u00e0 la fois des rayonnements de hautes fr\u00e9quences (t\u00e9l\u00e9phonie mobile,\u00a05G, t\u00e9l\u00e9phones sans fil DECT, Wifi, Wimax, bluetooth, radars, etc) et de basses fr\u00e9quences (champs \u00e9lectriques li\u00e9s \u00e0 l'installation domestique) lorsqu'elle est reli\u00e9e \u00e0 la terre.\u00a02 mod\u00e8les disponibles : pour lit 1 personne (deux l\u00e9s pour dimensions 175 x 250 cm) et pour lit 2 personnes (trois l\u00e9s pour dimensions 260 x 250 cm).\u00a0Att\u00e9nuation : 103 dB.","robots":{"index":"index","follow":"follow","max-snippet":"max-snippet:-1","max-image-preview":"max-image-preview:large","max-video-preview":"max-video-preview:-1"},"canonical":"https:\/\/369agara.com\/de\/produkt\/toile-protection-hnv100-yshield-1-ou-2-pers\/","og_locale":"de_DE","og_type":"article","og_title":"Toile de protection anti-ondes HNV100 YShield - Hautes et basses fr\u00e9quences - lit 1 ou 2 personnes","og_description":"Un excellent rapport qualit\u00e9\/att\u00e9nuation\/prix !\u00a0La toile de protection anti-ondes HNV100 YShield est une toile mixte, qui permet de prot\u00e9ger \u00e0 la fois des rayonnements de hautes fr\u00e9quences (t\u00e9l\u00e9phonie mobile,\u00a05G, t\u00e9l\u00e9phones sans fil DECT, Wifi, Wimax, bluetooth, radars, etc) et de basses fr\u00e9quences (champs \u00e9lectriques li\u00e9s \u00e0 l'installation domestique) lorsqu'elle est reli\u00e9e \u00e0 la terre.\u00a02 mod\u00e8les disponibles : pour lit 1 personne (deux l\u00e9s pour dimensions 175 x 250 cm) et pour lit 2 personnes (trois l\u00e9s pour dimensions 260 x 250 cm).\u00a0Att\u00e9nuation : 103 dB.","og_url":"https:\/\/369agara.com\/de\/produkt\/toile-protection-hnv100-yshield-1-ou-2-pers\/","og_site_name":"Agara","article_modified_time":"2025-05-15T19:52:35+00:00","og_image":[{"width":800,"height":800,"url":"https:\/\/369agara.com\/wp-content\/uploads\/2023\/09\/dessous-de-lit-tapis-anti-ondes-en-toile-hnv100-yshield-hautes-et-basses-frequences-5.jpg","type":"image\/jpeg"}],"twitter_card":"summary_large_image","twitter_misc":{"Gesch\u00e4tzte Lesezeit":"4\u00a0Minuten"},"schema":{"@context":"https:\/\/schema.org","@graph":[{"@type":"WebPage","@id":"https:\/\/369agara.com\/produit\/toile-protection-hnv100-yshield-1-ou-2-pers\/","url":"https:\/\/369agara.com\/produit\/toile-protection-hnv100-yshield-1-ou-2-pers\/","name":"Toile de protection anti-ondes HNV100 YShield - Hautes et basses fr\u00e9quences - lit 1 ou 2 personnes | Agara","isPartOf":{"@id":"https:\/\/369agara.com\/#website"},"primaryImageOfPage":{"@id":"https:\/\/369agara.com\/produit\/toile-protection-hnv100-yshield-1-ou-2-pers\/#primaryimage"},"image":{"@id":"https:\/\/369agara.com\/produit\/toile-protection-hnv100-yshield-1-ou-2-pers\/#primaryimage"},"thumbnailUrl":"https:\/\/369agara.com\/wp-content\/uploads\/2023\/09\/dessous-de-lit-tapis-anti-ondes-en-toile-hnv100-yshield-hautes-et-basses-frequences-5.jpg","datePublished":"2023-09-19T19:29:06+00:00","dateModified":"2025-05-15T19:52:35+00:00","description":"Un excellent rapport qualit\u00e9\/att\u00e9nuation\/prix !\u00a0La toile de protection anti-ondes HNV100 YShield est une toile mixte, qui permet de prot\u00e9ger \u00e0 la fois des rayonnements de hautes fr\u00e9quences (t\u00e9l\u00e9phonie mobile,\u00a05G, t\u00e9l\u00e9phones sans fil DECT, Wifi, Wimax, bluetooth, radars, etc) et de basses fr\u00e9quences (champs \u00e9lectriques li\u00e9s \u00e0 l'installation domestique) lorsqu'elle est reli\u00e9e \u00e0 la terre.\u00a02 mod\u00e8les disponibles : pour lit 1 personne (deux l\u00e9s pour dimensions 175 x 250 cm) et pour lit 2 personnes (trois l\u00e9s pour dimensions 260 x 250 cm).\u00a0Att\u00e9nuation : 103 dB.","breadcrumb":{"@id":"https:\/\/369agara.com\/produit\/toile-protection-hnv100-yshield-1-ou-2-pers\/#breadcrumb"},"inLanguage":"de","potentialAction":[{"@type":"ReadAction","target":["https:\/\/369agara.com\/produit\/toile-protection-hnv100-yshield-1-ou-2-pers\/"]}]},{"@type":"ImageObject","inLanguage":"de","@id":"https:\/\/369agara.com\/produit\/toile-protection-hnv100-yshield-1-ou-2-pers\/#primaryimage","url":"https:\/\/369agara.com\/wp-content\/uploads\/2023\/09\/dessous-de-lit-tapis-anti-ondes-en-toile-hnv100-yshield-hautes-et-basses-frequences-5.jpg","contentUrl":"https:\/\/369agara.com\/wp-content\/uploads\/2023\/09\/dessous-de-lit-tapis-anti-ondes-en-toile-hnv100-yshield-hautes-et-basses-frequences-5.jpg","width":800,"height":800},{"@type":"BreadcrumbList","@id":"https:\/\/369agara.com\/produit\/toile-protection-hnv100-yshield-1-ou-2-pers\/#breadcrumb","itemListElement":[{"@type":"ListItem","position":1,"name":"Accueil","item":"https:\/\/369agara.com\/"},{"@type":"ListItem","position":2,"name":"La boutique","item":"https:\/\/369agara.com\/la-boutique\/"},{"@type":"ListItem","position":3,"name":"Toile de protection anti-ondes HNV100 YShield &#8211; Hautes et basses fr\u00e9quences &#8211; lit 1 ou 2 personnes"}]},{"@type":"WebSite","@id":"https:\/\/369agara.com\/#website","url":"https:\/\/369agara.com\/","name":"Livsrikedomar","description":"Trennen Sie die Verbindung, um sich besser zu verbinden","publisher":{"@id":"https:\/\/369agara.com\/#organization"},"potentialAction":[{"@type":"SearchAction","target":{"@type":"EntryPoint","urlTemplate":"https:\/\/369agara.com\/?s={search_term_string}"},"query-input":{"@type":"PropertyValueSpecification","valueRequired":true,"valueName":"search_term_string"}}],"inLanguage":"de"},{"@type":"Organization","@id":"https:\/\/369agara.com\/#organization","name":"EACreations","url":"https:\/\/369agara.com\/","logo":{"@type":"ImageObject","inLanguage":"de","@id":"https:\/\/369agara.com\/#\/schema\/logo\/image\/","url":"","contentUrl":"","caption":"EACreations"},"image":{"@id":"https:\/\/369agara.com\/#\/schema\/logo\/image\/"}}]}},"jetpack_sharing_enabled":true,"_links":{"self":[{"href":"https:\/\/369agara.com\/de\/wp-json\/wp\/v2\/product\/1959","targetHints":{"allow":["GET"]}}],"collection":[{"href":"https:\/\/369agara.com\/de\/wp-json\/wp\/v2\/product"}],"about":[{"href":"https:\/\/369agara.com\/de\/wp-json\/wp\/v2\/types\/product"}],"replies":[{"embeddable":true,"href":"https:\/\/369agara.com\/de\/wp-json\/wp\/v2\/comments?post=1959"}],"wp:featuredmedia":[{"embeddable":true,"href":"https:\/\/369agara.com\/de\/wp-json\/wp\/v2\/media\/3778"}],"wp:attachment":[{"href":"https:\/\/369agara.com\/de\/wp-json\/wp\/v2\/media?parent=1959"}],"wp:term":[{"taxonomy":"product_brand","embeddable":true,"href":"https:\/\/369agara.com\/de\/wp-json\/wp\/v2\/product_brand?post=1959"},{"taxonomy":"product_cat","embeddable":true,"href":"https:\/\/369agara.com\/de\/wp-json\/wp\/v2\/product_cat?post=1959"},{"taxonomy":"product_tag","embeddable":true,"href":"https:\/\/369agara.com\/de\/wp-json\/wp\/v2\/product_tag?post=1959"}],"curies":[{"name":"wp","href":"https:\/\/api.w.org\/{rel}","templated":true}]}}