{"id":1989,"date":"2023-09-23T15:58:59","date_gmt":"2023-09-23T13:58:59","guid":{"rendered":"https:\/\/369agara.com\/?post_type=product&#038;p=1989"},"modified":"2025-05-15T21:32:29","modified_gmt":"2025-05-15T19:32:29","slug":"interrupteur-auto-eltako-fr12-16a","status":"publish","type":"product","link":"https:\/\/369agara.com\/de\/produkt\/interrupteur-auto-eltako-fr12-16a\/","title":{"rendered":"Eltako-Feldfreischalter FR12 16 Ampere"},"content":{"rendered":"<p><span style=\"font-family: 'Book Antiqua', Palatino; font-size: 120%; color: #333399;\">Der automatische Feldfreischalter Eltako FR12 16 Ampere wird auf der elektrischen Schalttafel installiert.<\/span><\/p>\n<p><span style=\"font-family: 'Book Antiqua', Palatino; font-size: 120%; color: #333399;\">Er unterbricht automatisch den Stromkreis, f\u00fcr den er vorgesehen ist, wenn kein Strombedarf besteht. Der so vom Stromversorgungsnetz getrennte Stromkreis steht nicht mehr unter Spannung und erzeugt keine elektrischen Felder mehr.<\/span><\/p>\n<p><span style=\"font-family: 'Book Antiqua', Palatino; font-size: 120%; color: #333399;\">Ebenso stellt der Feldschalter, sobald ein Nutzer Strom anfordert, den Stromfluss sofort wieder her.<\/span><\/p>\n<p><span style=\"font-family: 'Book Antiqua', Palatino; font-size: 120%; color: #333399;\">So kann man Schlafbereiche, Kinderzimmer oder andere Wohnbereiche sehr einfach und effektiv sch\u00fctzen.<\/span><\/p>\n<p><span style=\"font-family: 'Book Antiqua', Palatino; font-size: 120%; color: #333399;\"><strong>Seine St\u00e4rken sind :<\/strong><\/span><\/p>\n<ul>\n<li><span style=\"font-family: 'Book Antiqua', Palatino; font-size: 120%; color: #333399;\">Sein Preis (das g\u00fcnstigste Modell auf dem Markt)<\/span><\/li>\n<li><span style=\"font-family: 'Book Antiqua', Palatino; font-size: 120%; color: #333399;\">Seine Schmalheit (geringer Platzbedarf, nimmt nur den Platz eines Moduls auf der Schalttafel ein)<\/span><\/li>\n<\/ul>\n<h3><span style=\"font-family: 'Book Antiqua', Palatino; font-size: 120%; color: #333399;\">Technische Daten<\/span><\/h3>\n<ul>\n<li><span style=\"font-family: 'Book Antiqua', Palatino; font-size: 120%; color: #333399;\">Betriebsspannung: 230 V<\/span><\/li>\n<li><span style=\"font-family: 'Book Antiqua', Palatino; font-size: 120%; color: #333399;\">Stromst\u00e4rke: 16 A<\/span><\/li>\n<li><span style=\"font-family: 'Book Antiqua', Palatino; font-size: 120%; color: #333399;\">Eigenverbrauch: 0,8 W<\/span><\/li>\n<li><span style=\"font-family: 'Book Antiqua', Palatino; font-size: 120%; color: #333399;\">Platzbedarf: 1 Modul an der Tafel (18 mm)<\/span><\/li>\n<li><span style=\"font-family: 'Book Antiqua', Palatino; font-size: 120%; color: #333399;\">Steuerspannung: Einstellbar<\/span><\/li>\n<li><span style=\"font-family: 'Book Antiqua', Palatino; font-size: 120%; color: #333399;\">Empfindlichkeit: Einstellbar<\/span><\/li>\n<li><span style=\"font-family: 'Book Antiqua', Palatino; font-size: 120%; color: #333399;\">Ausschaltverz\u00f6gerung: 1 s Leuchtanzeigen: Rot=Schaltkreis unter Last<\/span><\/li>\n<li><span style=\"font-family: 'Book Antiqua', Palatino; font-size: 120%; color: #333399;\">Garantie: 2 Jahre<\/span><\/li>\n<li><span style=\"font-family: 'Book Antiqua', Palatino; font-size: 120%; color: #333399;\">Montage: Auf Schiene (an der Tafel)<\/span><\/li>\n<li><span style=\"font-family: 'Book Antiqua', Palatino; font-size: 120%; color: #333399;\">Nutzungseinschr\u00e4nkungen: Funktioniert nicht mit bestimmten energiesparenden Kompaktleuchtstofflampen und bestimmten Schaltnetzteilen.<\/span><\/li>\n<li><span style=\"font-family: 'Book Antiqua', Palatino; font-size: 120%; color: #333399;\">Kompatibel mit Ger\u00e4ten mit einer Leistung von mehr als 15 W\u00a0<\/span><\/li>\n<\/ul>\n<h3><span style=\"font-family: 'Book Antiqua', Palatino; font-size: 120%; color: #333399;\">Agara-Tipps<\/span><\/h3>\n<p><span style=\"font-family: 'Book Antiqua', Palatino; font-size: 120%; color: #ed1c24;\">Lassen Sie den Feldschalter von einer qualifizierten Elektrofachkraft montieren und in Betrieb nehmen.<\/span><\/p>\n<p><span style=\"font-family: 'Book Antiqua', Palatino; font-size: 120%; color: #333399;\">Um herauszufinden, auf welchen Stromkreisen er installiert werden soll, empfehlen wir Ihnen, zun\u00e4chst die induzierte K\u00f6rperspannung zu messen, indem Sie sich in den Raum begeben, den Sie sch\u00fctzen m\u00f6chten (z. B. in Ihrem Schlafzimmer, indem Sie sich auf Ihr Bett legen). Schalten Sie die Stromkreise aus (oder, wenn Sie Hilfe bekommen k\u00f6nnen, lassen Sie die Stromkreise am Stromkasten einzeln ausschalten) und ermitteln Sie die Stromkreise, die sich auf Ihre induzierte Spannung auswirken. In den Stromkreisen, in denen die Spannung am st\u00e4rksten abf\u00e4llt, sollte ein Feldfreischalter installiert werden.<\/span><\/p>\n<p><span style=\"font-family: 'Book Antiqua', Palatino; font-size: 120%; color: #ed1c24;\">Der Einsatz von automatischen Feldschaltern muss von qualifiziertem Personal durchgef\u00fchrt werden. Wir \u00fcbernehmen keine Haftung f\u00fcr Sach- oder Personensch\u00e4den, die durch unsachgem\u00e4\u00dfe Verwendung der automatischen Feldfreischalter entstehen.\u00a0<\/span><br \/>\n<span style=\"font-family: 'Book Antiqua', Palatino; font-size: 120%; color: #333399;\">Alle Informationen, die wir Ihnen geben, dienen nur zu Informationszwecken und sind unverbindlich; es obliegt dem Fachmann, die Installation in \u00dcbereinstimmung mit den Normen des jeweiligen Landes und fachgerecht durchzuf\u00fchren.<\/span><\/p>\n<p><span style=\"font-family: 'Book Antiqua', Palatino; font-size: 120%; color: #333399;\"><a style=\"color: #333399;\" href=\"https:\/\/369agara.com\/a-quoi-sert-un-interrupteur-automatique-de-champ\/\">Wozu dient ein Feldfreischalter (und woher wei\u00df man, welche(n) Stromkreis(e) man unterbrechen muss)?<\/a><\/span><\/p>\n<p><span style=\"font-family: 'Book Antiqua', Palatino; font-size: 120%; color: #333399;\"><a style=\"color: #333399;\" href=\"https:\/\/369agara.com\/choisir-son-interrupteur-automatique-de-champ\/\">Wie w\u00e4hlt man einen automatischen Feldschalter aus?<\/a><\/span><\/p>","protected":false},"excerpt":{"rendered":"<p><span style=\"font-family: 'Book Antiqua', Palatino; font-size: 120%; color: #333399;\">Eltako Automatik-Feldfreischalter (AFS) FR12 16 Ampere, einpolig.\u00a0<\/span><\/p>\n<p><span style=\"font-family: 'Book Antiqua', Palatino; font-size: 120%; color: #333399;\">Schmal, nimmt den Platz eines Moduls auf der Schalttafel ein!<\/span><\/p>","protected":false},"featured_media":2020,"comment_status":"open","ping_status":"closed","template":"","meta":[],"product_brand":[276],"product_cat":[164],"product_tag":[248,246,247,251,275,245],"class_list":{"0":"post-1989","1":"product","2":"type-product","3":"status-publish","4":"has-post-thumbnail","6":"product_brand-eltako","7":"product_cat-baubiologie","8":"product_tag-baubiologie","9":"product_tag-bureau","10":"product_tag-chambre","11":"product_tag-electricite","12":"product_tag-interrupteur-automatique-de-champs","13":"product_tag-maison","15":"first","16":"instock","17":"taxable","18":"shipping-taxable","19":"purchasable","20":"product-type-simple"},"yoast_head":"<!-- This site is optimized with the Yoast SEO Premium plugin v25.1 (Yoast SEO v27.4) - https:\/\/yoast.com\/product\/yoast-seo-premium-wordpress\/ -->\n<title>Interrupteur automatique de champ Eltako FR12 16 Amp\u00e8res | Agara<\/title>\n<meta name=\"description\" content=\"Interrupteur automatique de champ (IAC) Eltako FR12 16 Amp\u00e8res, unipolaire.\u00a0Etroit, prend l&#039;espace d&#039;un module sur le tableau \u00e9lectrique !\" \/>\n<meta name=\"robots\" content=\"index, follow, max-snippet:-1, max-image-preview:large, max-video-preview:-1\" \/>\n<link rel=\"canonical\" href=\"https:\/\/369agara.com\/de\/produkt\/interrupteur-auto-eltako-fr12-16a\/\" \/>\n<meta property=\"og:locale\" content=\"de_DE\" \/>\n<meta property=\"og:type\" content=\"article\" \/>\n<meta property=\"og:title\" content=\"Interrupteur automatique de champ Eltako FR12 16 Amp\u00e8res\" \/>\n<meta property=\"og:description\" content=\"Interrupteur automatique de champ (IAC) Eltako FR12 16 Amp\u00e8res, unipolaire.\u00a0Etroit, prend l&#039;espace d&#039;un module sur le tableau \u00e9lectrique !\" \/>\n<meta property=\"og:url\" content=\"https:\/\/369agara.com\/de\/produkt\/interrupteur-auto-eltako-fr12-16a\/\" \/>\n<meta property=\"og:site_name\" content=\"Agara\" \/>\n<meta property=\"article:modified_time\" content=\"2025-05-15T19:32:29+00:00\" \/>\n<meta property=\"og:image\" content=\"https:\/\/369agara.com\/wp-content\/uploads\/2023\/09\/interrupteur-automatique-de-champ-eltako-fr12-16-amperes.jpg\" \/>\n\t<meta property=\"og:image:width\" content=\"800\" \/>\n\t<meta property=\"og:image:height\" content=\"800\" \/>\n\t<meta property=\"og:image:type\" content=\"image\/jpeg\" \/>\n<meta name=\"twitter:card\" content=\"summary_large_image\" \/>\n<meta name=\"twitter:label1\" content=\"Gesch\u00e4tzte Lesezeit\" \/>\n\t<meta name=\"twitter:data1\" content=\"3\u00a0Minuten\" \/>\n<script type=\"application\/ld+json\" class=\"yoast-schema-graph\">{\"@context\":\"https:\\\/\\\/schema.org\",\"@graph\":[{\"@type\":\"WebPage\",\"@id\":\"https:\\\/\\\/369agara.com\\\/produit\\\/interrupteur-auto-eltako-fr12-16a\\\/\",\"url\":\"https:\\\/\\\/369agara.com\\\/produit\\\/interrupteur-auto-eltako-fr12-16a\\\/\",\"name\":\"Interrupteur automatique de champ Eltako FR12 16 Amp\u00e8res | Agara\",\"isPartOf\":{\"@id\":\"https:\\\/\\\/369agara.com\\\/#website\"},\"primaryImageOfPage\":{\"@id\":\"https:\\\/\\\/369agara.com\\\/produit\\\/interrupteur-auto-eltako-fr12-16a\\\/#primaryimage\"},\"image\":{\"@id\":\"https:\\\/\\\/369agara.com\\\/produit\\\/interrupteur-auto-eltako-fr12-16a\\\/#primaryimage\"},\"thumbnailUrl\":\"https:\\\/\\\/369agara.com\\\/wp-content\\\/uploads\\\/2023\\\/09\\\/interrupteur-automatique-de-champ-eltako-fr12-16-amperes.jpg\",\"datePublished\":\"2023-09-23T13:58:59+00:00\",\"dateModified\":\"2025-05-15T19:32:29+00:00\",\"description\":\"Interrupteur automatique de champ (IAC) Eltako FR12 16 Amp\u00e8res, unipolaire.\u00a0Etroit, prend l'espace d'un module sur le tableau \u00e9lectrique !\",\"breadcrumb\":{\"@id\":\"https:\\\/\\\/369agara.com\\\/produit\\\/interrupteur-auto-eltako-fr12-16a\\\/#breadcrumb\"},\"inLanguage\":\"de\",\"potentialAction\":[{\"@type\":\"ReadAction\",\"target\":[\"https:\\\/\\\/369agara.com\\\/produit\\\/interrupteur-auto-eltako-fr12-16a\\\/\"]}]},{\"@type\":\"ImageObject\",\"inLanguage\":\"de\",\"@id\":\"https:\\\/\\\/369agara.com\\\/produit\\\/interrupteur-auto-eltako-fr12-16a\\\/#primaryimage\",\"url\":\"https:\\\/\\\/369agara.com\\\/wp-content\\\/uploads\\\/2023\\\/09\\\/interrupteur-automatique-de-champ-eltako-fr12-16-amperes.jpg\",\"contentUrl\":\"https:\\\/\\\/369agara.com\\\/wp-content\\\/uploads\\\/2023\\\/09\\\/interrupteur-automatique-de-champ-eltako-fr12-16-amperes.jpg\",\"width\":800,\"height\":800},{\"@type\":\"BreadcrumbList\",\"@id\":\"https:\\\/\\\/369agara.com\\\/produit\\\/interrupteur-auto-eltako-fr12-16a\\\/#breadcrumb\",\"itemListElement\":[{\"@type\":\"ListItem\",\"position\":1,\"name\":\"Accueil\",\"item\":\"https:\\\/\\\/369agara.com\\\/\"},{\"@type\":\"ListItem\",\"position\":2,\"name\":\"La boutique\",\"item\":\"https:\\\/\\\/369agara.com\\\/la-boutique\\\/\"},{\"@type\":\"ListItem\",\"position\":3,\"name\":\"Interrupteur automatique de champ Eltako FR12 16 Amp\u00e8res\"}]},{\"@type\":\"WebSite\",\"@id\":\"https:\\\/\\\/369agara.com\\\/#website\",\"url\":\"https:\\\/\\\/369agara.com\\\/\",\"name\":\"Livsrikedomar\",\"description\":\"D\u00e9connectez pour mieux vous connecter\",\"publisher\":{\"@id\":\"https:\\\/\\\/369agara.com\\\/#organization\"},\"potentialAction\":[{\"@type\":\"SearchAction\",\"target\":{\"@type\":\"EntryPoint\",\"urlTemplate\":\"https:\\\/\\\/369agara.com\\\/?s={search_term_string}\"},\"query-input\":{\"@type\":\"PropertyValueSpecification\",\"valueRequired\":true,\"valueName\":\"search_term_string\"}}],\"inLanguage\":\"de\"},{\"@type\":\"Organization\",\"@id\":\"https:\\\/\\\/369agara.com\\\/#organization\",\"name\":\"EACreations\",\"url\":\"https:\\\/\\\/369agara.com\\\/\",\"logo\":{\"@type\":\"ImageObject\",\"inLanguage\":\"de\",\"@id\":\"https:\\\/\\\/369agara.com\\\/#\\\/schema\\\/logo\\\/image\\\/\",\"url\":\"\",\"contentUrl\":\"\",\"caption\":\"EACreations\"},\"image\":{\"@id\":\"https:\\\/\\\/369agara.com\\\/#\\\/schema\\\/logo\\\/image\\\/\"}}]}<\/script>\n<!-- \/ Yoast SEO Premium plugin. -->","yoast_head_json":{"title":"Interrupteur automatique de champ Eltako FR12 16 Amp\u00e8res | Agara","description":"Interrupteur automatique de champ (IAC) Eltako FR12 16 Amp\u00e8res, unipolaire.\u00a0Etroit, prend l'espace d'un module sur le tableau \u00e9lectrique !","robots":{"index":"index","follow":"follow","max-snippet":"max-snippet:-1","max-image-preview":"max-image-preview:large","max-video-preview":"max-video-preview:-1"},"canonical":"https:\/\/369agara.com\/de\/produkt\/interrupteur-auto-eltako-fr12-16a\/","og_locale":"de_DE","og_type":"article","og_title":"Interrupteur automatique de champ Eltako FR12 16 Amp\u00e8res","og_description":"Interrupteur automatique de champ (IAC) Eltako FR12 16 Amp\u00e8res, unipolaire.\u00a0Etroit, prend l'espace d'un module sur le tableau \u00e9lectrique !","og_url":"https:\/\/369agara.com\/de\/produkt\/interrupteur-auto-eltako-fr12-16a\/","og_site_name":"Agara","article_modified_time":"2025-05-15T19:32:29+00:00","og_image":[{"width":800,"height":800,"url":"https:\/\/369agara.com\/wp-content\/uploads\/2023\/09\/interrupteur-automatique-de-champ-eltako-fr12-16-amperes.jpg","type":"image\/jpeg"}],"twitter_card":"summary_large_image","twitter_misc":{"Gesch\u00e4tzte Lesezeit":"3\u00a0Minuten"},"schema":{"@context":"https:\/\/schema.org","@graph":[{"@type":"WebPage","@id":"https:\/\/369agara.com\/produit\/interrupteur-auto-eltako-fr12-16a\/","url":"https:\/\/369agara.com\/produit\/interrupteur-auto-eltako-fr12-16a\/","name":"Interrupteur automatique de champ Eltako FR12 16 Amp\u00e8res | Agara","isPartOf":{"@id":"https:\/\/369agara.com\/#website"},"primaryImageOfPage":{"@id":"https:\/\/369agara.com\/produit\/interrupteur-auto-eltako-fr12-16a\/#primaryimage"},"image":{"@id":"https:\/\/369agara.com\/produit\/interrupteur-auto-eltako-fr12-16a\/#primaryimage"},"thumbnailUrl":"https:\/\/369agara.com\/wp-content\/uploads\/2023\/09\/interrupteur-automatique-de-champ-eltako-fr12-16-amperes.jpg","datePublished":"2023-09-23T13:58:59+00:00","dateModified":"2025-05-15T19:32:29+00:00","description":"Interrupteur automatique de champ (IAC) Eltako FR12 16 Amp\u00e8res, unipolaire.\u00a0Etroit, prend l'espace d'un module sur le tableau \u00e9lectrique !","breadcrumb":{"@id":"https:\/\/369agara.com\/produit\/interrupteur-auto-eltako-fr12-16a\/#breadcrumb"},"inLanguage":"de","potentialAction":[{"@type":"ReadAction","target":["https:\/\/369agara.com\/produit\/interrupteur-auto-eltako-fr12-16a\/"]}]},{"@type":"ImageObject","inLanguage":"de","@id":"https:\/\/369agara.com\/produit\/interrupteur-auto-eltako-fr12-16a\/#primaryimage","url":"https:\/\/369agara.com\/wp-content\/uploads\/2023\/09\/interrupteur-automatique-de-champ-eltako-fr12-16-amperes.jpg","contentUrl":"https:\/\/369agara.com\/wp-content\/uploads\/2023\/09\/interrupteur-automatique-de-champ-eltako-fr12-16-amperes.jpg","width":800,"height":800},{"@type":"BreadcrumbList","@id":"https:\/\/369agara.com\/produit\/interrupteur-auto-eltako-fr12-16a\/#breadcrumb","itemListElement":[{"@type":"ListItem","position":1,"name":"Accueil","item":"https:\/\/369agara.com\/"},{"@type":"ListItem","position":2,"name":"La boutique","item":"https:\/\/369agara.com\/la-boutique\/"},{"@type":"ListItem","position":3,"name":"Interrupteur automatique de champ Eltako FR12 16 Amp\u00e8res"}]},{"@type":"WebSite","@id":"https:\/\/369agara.com\/#website","url":"https:\/\/369agara.com\/","name":"Livsrikedomar","description":"Trennen Sie die Verbindung, um sich besser zu verbinden","publisher":{"@id":"https:\/\/369agara.com\/#organization"},"potentialAction":[{"@type":"SearchAction","target":{"@type":"EntryPoint","urlTemplate":"https:\/\/369agara.com\/?s={search_term_string}"},"query-input":{"@type":"PropertyValueSpecification","valueRequired":true,"valueName":"search_term_string"}}],"inLanguage":"de"},{"@type":"Organization","@id":"https:\/\/369agara.com\/#organization","name":"EACreations","url":"https:\/\/369agara.com\/","logo":{"@type":"ImageObject","inLanguage":"de","@id":"https:\/\/369agara.com\/#\/schema\/logo\/image\/","url":"","contentUrl":"","caption":"EACreations"},"image":{"@id":"https:\/\/369agara.com\/#\/schema\/logo\/image\/"}}]}},"jetpack_sharing_enabled":true,"_links":{"self":[{"href":"https:\/\/369agara.com\/de\/wp-json\/wp\/v2\/product\/1989","targetHints":{"allow":["GET"]}}],"collection":[{"href":"https:\/\/369agara.com\/de\/wp-json\/wp\/v2\/product"}],"about":[{"href":"https:\/\/369agara.com\/de\/wp-json\/wp\/v2\/types\/product"}],"replies":[{"embeddable":true,"href":"https:\/\/369agara.com\/de\/wp-json\/wp\/v2\/comments?post=1989"}],"wp:featuredmedia":[{"embeddable":true,"href":"https:\/\/369agara.com\/de\/wp-json\/wp\/v2\/media\/2020"}],"wp:attachment":[{"href":"https:\/\/369agara.com\/de\/wp-json\/wp\/v2\/media?parent=1989"}],"wp:term":[{"taxonomy":"product_brand","embeddable":true,"href":"https:\/\/369agara.com\/de\/wp-json\/wp\/v2\/product_brand?post=1989"},{"taxonomy":"product_cat","embeddable":true,"href":"https:\/\/369agara.com\/de\/wp-json\/wp\/v2\/product_cat?post=1989"},{"taxonomy":"product_tag","embeddable":true,"href":"https:\/\/369agara.com\/de\/wp-json\/wp\/v2\/product_tag?post=1989"}],"curies":[{"name":"wp","href":"https:\/\/api.w.org\/{rel}","templated":true}]}}