{"id":2101,"date":"2023-09-23T22:53:39","date_gmt":"2023-09-23T20:53:39","guid":{"rendered":"https:\/\/369agara.com\/?post_type=product&#038;p=2101"},"modified":"2025-05-15T21:29:44","modified_gmt":"2025-05-15T19:29:44","slug":"interrupteur-auto-na8-comfort-16-amp-gigahertz-solutions","status":"publish","type":"product","link":"https:\/\/369agara.com\/de\/produkt\/interrupteur-auto-na8-comfort-16-amp-gigahertz-solutions\/","title":{"rendered":"Gigahertz Solutions NA8 Comfort 16 Ampere Feld-Automatikschalter"},"content":{"rendered":"<p><span style=\"font-family: 'Book Antiqua', Palatino; font-size: 120%; color: #333399;\">Der Gigahertz Solutions NA8 Comfort 16 Ampere Feldfreischalter (auch oft als Bioswitch oder Netztrennungsrelais bezeichnet) wird auf dem Stromkasten installiert.<\/span><\/p>\n<p><span style=\"font-family: 'Book Antiqua', Palatino; font-size: 120%; color: #333399;\">Er unterbricht automatisch den Stromkreis, f\u00fcr den er vorgesehen ist, wenn kein Strombedarf besteht. Der so vom Stromversorgungsnetz getrennte Stromkreis steht nicht mehr unter Spannung und erzeugt keine elektrischen Felder mehr.<\/span><\/p>\n<p><span style=\"font-family: 'Book Antiqua', Palatino; font-size: 120%; color: #333399;\">Ebenso stellt der Feldschalter, sobald ein Nutzer Strom anfordert, den Stromfluss sofort wieder her.<\/span><\/p>\n<p><span style=\"font-family: 'Book Antiqua', Palatino; font-size: 120%; color: #333399;\">So kann man Schlafbereiche, Kinderzimmer oder andere Wohnbereiche sehr einfach und effektiv sch\u00fctzen.<\/span><\/p>\n<p><span style=\"font-family: 'Book Antiqua', Palatino; font-size: 120%; color: #333399;\">Im Gegensatz zu den anderen Modellen der Reihe (NA1 Comfort, NA5 Comfort, NA6 Comfort und NA7 Comfort) ist die Empfindlichkeit des NA8 Comfort einstellbar: Mit einer manuellen Einstellschraube k\u00f6nnen die Ein- und Ausschaltschwellen (ON und OFF) l hoch) festgelegt werden.<\/span><\/p>\n<p><span style=\"font-family: 'Book Antiqua', Palatino; font-size: 120%; color: #333399;\">So ist er nicht nur mit LED- und Energiesparlampen kompatibel, sondern auch mit Dimmern, Schrittschaltern und Schaltern mit Anzeigen.<\/span><\/p>\n<p><span style=\"font-family: 'Book Antiqua', Palatino; font-size: 120%; color: #333399;\">Dieses Modell empfiehlt sich auch, wenn Stand-by-Ger\u00e4te an den Stromkreis angeschlossen sind (elektrische Rolll\u00e4den, Ladeger\u00e4te, Ger\u00e4te im Stand-by-Modus usw.).<\/span><\/p>\n<p><span style=\"font-family: 'Book Antiqua', Palatino; font-size: 120%; color: #333399;\">Leuchtanzeige f\u00fcr den Modus \"unterbrochen\".<\/span><\/p>\n<p><span style=\"font-family: 'Book Antiqua', Palatino; font-size: 120%; color: #333399;\">Einfache und sichere Montage.<\/span><\/p>\n<h3><span style=\"font-family: 'Book Antiqua', Palatino; font-size: 120%; color: #333399;\">Technische Daten<\/span><\/h3>\n<ul>\n<li><span style=\"font-family: 'Book Antiqua', Palatino; font-size: 120%; color: #333399;\">Betriebsspannung: 230 V<\/span><\/li>\n<li><span style=\"font-family: 'Book Antiqua', Palatino; font-size: 120%; color: #333399;\">Stromst\u00e4rke: 16 A<\/span><\/li>\n<li><span style=\"font-family: 'Book Antiqua', Palatino; font-size: 120%; color: #333399;\">Eigenverbrauch: &lt; 0.9 - 1.4 W<\/span><\/li>\n<li><span style=\"font-family: 'Book Antiqua', Palatino; font-size: 120%; color: #333399;\">Platzbedarf: 2 Einheiten auf der Tafel (34 mm), H\u00f6he 55 mm<\/span><\/li>\n<li><span style=\"font-family: 'Book Antiqua', Palatino; font-size: 120%; color: #333399;\">\u00dcberwachungsspannung: 230 VDC max. 8 mA<\/span><\/li>\n<li><span style=\"font-family: 'Book Antiqua', Palatino; font-size: 120%; color: #333399;\">Empfindlichkeit: 0-3 mA<\/span><\/li>\n<li><span style=\"font-family: 'Book Antiqua', Palatino; font-size: 120%; color: #333399;\">Ausschaltverz\u00f6gerung: 3 s<\/span><\/li>\n<li><span style=\"font-family: 'Book Antiqua', Palatino; font-size: 120%; color: #333399;\">Verbindungsverz\u00f6gerung: 0.1 s<\/span><\/li>\n<li><span style=\"font-family: 'Book Antiqua', Palatino; font-size: 120%; color: #333399;\">Leuchtanzeigen: Gr\u00fcn = gesch\u00fctzter Stromkreis \/ Gelb = Stromkreis unter Last (1 LED leuchtet = geringer Verbraucher - 2 LEDs leuchten = gro\u00dfer Verbraucher)<\/span><\/li>\n<li><span style=\"font-family: 'Book Antiqua', Palatino; font-size: 120%; color: #333399;\">Einstellen des Schwellenwerts f\u00fcr die Aus- und Einschaltung, der die IAC rentiert\u00a0<strong>kompatibel mit sehr niedrigem Stromverbrauch (ab 1W)<\/strong><\/span><\/li>\n<\/ul>\n<p><span style=\"font-family: 'Book Antiqua', Palatino; font-size: 120%; color: #333399;\">Wird mit einem Kontroll-Nachtlicht geliefert, das im jeweiligen Raum angeschlossen wird und sich ausschaltet, wenn man z. B. das Licht oder die Nachttischlampe ausschaltet, oder es bleibt an, wenn man einen Stromverbraucher vergessen hat.<\/span><\/p>\n<p><span style=\"font-family: 'Book Antiqua', Palatino; font-size: 120%; color: #333399;\">Im Lieferumfang ist ein 1-\u00b5F-Filter von Gigahertz Solutions enthalten, der direkt am Feldfreischalter (am Stromkasten) angebracht werden kann. Dieser Filter reduziert Spannungsspitzen in der \u00f6ffentlichen Stromversorgung, die das Stromnetz im Haus verschmutzen (\"dirty power\" oder \"schmutzige Elektrizit\u00e4t\"), und erh\u00f6ht gleichzeitig die Stromstabilit\u00e4t und die Zuverl\u00e4ssigkeit der Ausl\u00f6sung des Feldfreischalters, insbesondere bei der Verwendung von LED-Lampen.<\/span><\/p>\n<p><span style=\"font-family: 'Book Antiqua', Palatino; font-size: 120%; color: #333399;\">Garantie: 2 Jahre<\/span><\/p>\n<p><span style=\"font-family: 'Book Antiqua', Palatino; font-size: 120%; color: #333399;\">Hergestellt in Deutschland von Gigahertz Solutions<\/span><\/p>\n<h3><span style=\"font-family: 'Book Antiqua', Palatino; font-size: 120%; color: #333399;\">Agara-Tipps<\/span><\/h3>\n<p><span style=\"font-family: 'Book Antiqua', Palatino; font-size: 120%; color: #ed1c24;\">Lassen Sie den Feldschalter von einer qualifizierten Elektrofachkraft montieren und in Betrieb nehmen.<\/span><\/p>\n<p><span style=\"font-family: 'Book Antiqua', Palatino; font-size: 120%; color: #333399;\">Um herauszufinden, auf welchen Stromkreisen er installiert werden soll, empfehlen wir Ihnen, zun\u00e4chst die induzierte K\u00f6rperspannung zu messen, indem Sie sich in den Raum begeben, den Sie sch\u00fctzen m\u00f6chten (z. B. in Ihrem Schlafzimmer, indem Sie sich auf Ihr Bett legen). Schalten Sie die Stromkreise aus (oder, wenn Sie Hilfe bekommen k\u00f6nnen, lassen Sie die Stromkreise am Stromkasten einzeln ausschalten) und ermitteln Sie die Stromkreise, die sich auf Ihre induzierte Spannung auswirken. In den Stromkreisen, in denen die Spannung am st\u00e4rksten abf\u00e4llt, sollte ein Feldfreischalter installiert werden.<\/span><\/p>\n<p><span style=\"font-family: 'Book Antiqua', Palatino; font-size: 120%; color: #ed1c24;\">Der Einsatz von automatischen Feldschaltern muss von qualifiziertem Personal durchgef\u00fchrt werden. Wir \u00fcbernehmen keine Haftung f\u00fcr Sach- oder Personensch\u00e4den, die durch unsachgem\u00e4\u00dfe Verwendung der automatischen Feldfreischalter entstehen.\u00a0<\/span><br \/>\n<span style=\"font-family: 'Book Antiqua', Palatino; font-size: 120%; color: #333399;\">Alle Informationen, die wir Ihnen geben, dienen nur zu Informationszwecken und sind unverbindlich; es obliegt dem Fachmann, die Installation in \u00dcbereinstimmung mit den Normen des jeweiligen Landes und fachgerecht durchzuf\u00fchren.<\/span><\/p>\n<p><span style=\"font-family: 'Book Antiqua', Palatino; font-size: 120%; color: #333399;\"><a style=\"color: #333399;\" href=\"https:\/\/369agara.com\/a-quoi-sert-un-interrupteur-automatique-de-champ\/\">Wozu dient ein Feldfreischalter (und woher wei\u00df man, welche(n) Stromkreis(e) man unterbrechen muss)?<\/a><\/span><\/p>\n<p><span style=\"font-family: 'Book Antiqua', Palatino; font-size: 120%; color: #333399;\"><a style=\"color: #333399;\" href=\"https:\/\/369agara.com\/choisir-son-interrupteur-automatique-de-champ\/\">Wie w\u00e4hlt man einen automatischen Feldschalter aus?<\/a><\/span><\/p>","protected":false},"excerpt":{"rendered":"<p><span style=\"font-family: 'Book Antiqua', Palatino; font-size: 120%; color: #333399;\">Der einpolige Feldfreischalter NA8 Comfort Gigahertz Solutions eignet sich f\u00fcr 16-A-Stromkreise.\u00a0<\/span><\/p>\n<p><span style=\"font-family: 'Book Antiqua', Palatino; font-size: 120%; color: #333399;\">Kompatibel mit Energiesparlampen und LEDs.\u00a0<\/span><\/p>\n<p><span style=\"font-family: 'Book Antiqua', Palatino; font-size: 120%; color: #333399;\">Einstellbare Einschalt- und Ausschaltschwellen.\u00a0<\/span><\/p>\n<p><span style=\"font-family: 'Book Antiqua', Palatino; font-size: 120%; color: #333399;\">Wird mit einem Kontroll-Nachtlicht und einem 1 \u00b5F-Filter geliefert.\u00a0<\/span><\/p>\n<p><span style=\"font-family: 'Book Antiqua', Palatino; font-size: 120%; color: #333399;\">VDE-zertifiziert.<\/span><\/p>","protected":false},"featured_media":2102,"comment_status":"open","ping_status":"closed","template":"","meta":[],"product_brand":[269],"product_cat":[164],"product_tag":[248,246,247,251,275,245],"class_list":{"0":"post-2101","1":"product","2":"type-product","3":"status-publish","4":"has-post-thumbnail","6":"product_brand-gigahertz-solutions","7":"product_cat-baubiologie","8":"product_tag-baubiologie","9":"product_tag-bureau","10":"product_tag-chambre","11":"product_tag-electricite","12":"product_tag-interrupteur-automatique-de-champs","13":"product_tag-maison","15":"first","16":"instock","17":"taxable","18":"shipping-taxable","19":"purchasable","20":"product-type-simple"},"yoast_head":"<!-- This site is optimized with the Yoast SEO Premium plugin v25.1 (Yoast SEO v27.4) - https:\/\/yoast.com\/product\/yoast-seo-premium-wordpress\/ -->\n<title>Interrupteur automatique de champ Gigahertz Solutions NA8 Comfort 16 Amp\u00e8res | Agara<\/title>\n<meta name=\"description\" content=\"L&#039;interrupteur automatique de champ unipolaire NA8 Comfort Gigahertz Solutions convient pour les circuits 16 A.\u00a0Compatible avec les ampoules basse consommation et les LED.\u00a0Seuils d&#039;enclenchement et de d\u00e9clenchement r\u00e9glables.\u00a0Livr\u00e9 avec une veilleuse de contr\u00f4le et un filtre 1 \u00b5F.\u00a0Certifi\u00e9 VDE.\" \/>\n<meta name=\"robots\" content=\"index, follow, max-snippet:-1, max-image-preview:large, max-video-preview:-1\" \/>\n<link rel=\"canonical\" href=\"https:\/\/369agara.com\/de\/produkt\/interrupteur-auto-na8-comfort-16-amp-gigahertz-solutions\/\" \/>\n<meta property=\"og:locale\" content=\"de_DE\" \/>\n<meta property=\"og:type\" content=\"article\" \/>\n<meta property=\"og:title\" content=\"Interrupteur automatique de champ Gigahertz Solutions NA8 Comfort 16 Amp\u00e8res\" \/>\n<meta property=\"og:description\" content=\"L&#039;interrupteur automatique de champ unipolaire NA8 Comfort Gigahertz Solutions convient pour les circuits 16 A.\u00a0Compatible avec les ampoules basse consommation et les LED.\u00a0Seuils d&#039;enclenchement et de d\u00e9clenchement r\u00e9glables.\u00a0Livr\u00e9 avec une veilleuse de contr\u00f4le et un filtre 1 \u00b5F.\u00a0Certifi\u00e9 VDE.\" \/>\n<meta property=\"og:url\" content=\"https:\/\/369agara.com\/de\/produkt\/interrupteur-auto-na8-comfort-16-amp-gigahertz-solutions\/\" \/>\n<meta property=\"og:site_name\" content=\"Agara\" \/>\n<meta property=\"article:modified_time\" content=\"2025-05-15T19:29:44+00:00\" \/>\n<meta property=\"og:image\" content=\"https:\/\/369agara.com\/wp-content\/uploads\/2023\/09\/interrupteur-automatique-de-champ-gigahertz-solutions-na8-comfort-16-amperes.jpg\" \/>\n\t<meta property=\"og:image:width\" content=\"800\" \/>\n\t<meta property=\"og:image:height\" content=\"800\" \/>\n\t<meta property=\"og:image:type\" content=\"image\/jpeg\" \/>\n<meta name=\"twitter:card\" content=\"summary_large_image\" \/>\n<meta name=\"twitter:label1\" content=\"Gesch\u00e4tzte Lesezeit\" \/>\n\t<meta name=\"twitter:data1\" content=\"4\u00a0Minuten\" \/>\n<script type=\"application\/ld+json\" class=\"yoast-schema-graph\">{\"@context\":\"https:\\\/\\\/schema.org\",\"@graph\":[{\"@type\":\"WebPage\",\"@id\":\"https:\\\/\\\/369agara.com\\\/produit\\\/interrupteur-auto-na8-comfort-16-amp-gigahertz-solutions\\\/\",\"url\":\"https:\\\/\\\/369agara.com\\\/produit\\\/interrupteur-auto-na8-comfort-16-amp-gigahertz-solutions\\\/\",\"name\":\"Interrupteur automatique de champ Gigahertz Solutions NA8 Comfort 16 Amp\u00e8res | Agara\",\"isPartOf\":{\"@id\":\"https:\\\/\\\/369agara.com\\\/#website\"},\"primaryImageOfPage\":{\"@id\":\"https:\\\/\\\/369agara.com\\\/produit\\\/interrupteur-auto-na8-comfort-16-amp-gigahertz-solutions\\\/#primaryimage\"},\"image\":{\"@id\":\"https:\\\/\\\/369agara.com\\\/produit\\\/interrupteur-auto-na8-comfort-16-amp-gigahertz-solutions\\\/#primaryimage\"},\"thumbnailUrl\":\"https:\\\/\\\/369agara.com\\\/wp-content\\\/uploads\\\/2023\\\/09\\\/interrupteur-automatique-de-champ-gigahertz-solutions-na8-comfort-16-amperes.jpg\",\"datePublished\":\"2023-09-23T20:53:39+00:00\",\"dateModified\":\"2025-05-15T19:29:44+00:00\",\"description\":\"L'interrupteur automatique de champ unipolaire NA8 Comfort Gigahertz Solutions convient pour les circuits 16 A.\u00a0Compatible avec les ampoules basse consommation et les LED.\u00a0Seuils d'enclenchement et de d\u00e9clenchement r\u00e9glables.\u00a0Livr\u00e9 avec une veilleuse de contr\u00f4le et un filtre 1 \u00b5F.\u00a0Certifi\u00e9 VDE.\",\"breadcrumb\":{\"@id\":\"https:\\\/\\\/369agara.com\\\/produit\\\/interrupteur-auto-na8-comfort-16-amp-gigahertz-solutions\\\/#breadcrumb\"},\"inLanguage\":\"de\",\"potentialAction\":[{\"@type\":\"ReadAction\",\"target\":[\"https:\\\/\\\/369agara.com\\\/produit\\\/interrupteur-auto-na8-comfort-16-amp-gigahertz-solutions\\\/\"]}]},{\"@type\":\"ImageObject\",\"inLanguage\":\"de\",\"@id\":\"https:\\\/\\\/369agara.com\\\/produit\\\/interrupteur-auto-na8-comfort-16-amp-gigahertz-solutions\\\/#primaryimage\",\"url\":\"https:\\\/\\\/369agara.com\\\/wp-content\\\/uploads\\\/2023\\\/09\\\/interrupteur-automatique-de-champ-gigahertz-solutions-na8-comfort-16-amperes.jpg\",\"contentUrl\":\"https:\\\/\\\/369agara.com\\\/wp-content\\\/uploads\\\/2023\\\/09\\\/interrupteur-automatique-de-champ-gigahertz-solutions-na8-comfort-16-amperes.jpg\",\"width\":800,\"height\":800},{\"@type\":\"BreadcrumbList\",\"@id\":\"https:\\\/\\\/369agara.com\\\/produit\\\/interrupteur-auto-na8-comfort-16-amp-gigahertz-solutions\\\/#breadcrumb\",\"itemListElement\":[{\"@type\":\"ListItem\",\"position\":1,\"name\":\"Accueil\",\"item\":\"https:\\\/\\\/369agara.com\\\/\"},{\"@type\":\"ListItem\",\"position\":2,\"name\":\"La boutique\",\"item\":\"https:\\\/\\\/369agara.com\\\/la-boutique\\\/\"},{\"@type\":\"ListItem\",\"position\":3,\"name\":\"Interrupteur automatique de champ Gigahertz Solutions NA8 Comfort 16 Amp\u00e8res\"}]},{\"@type\":\"WebSite\",\"@id\":\"https:\\\/\\\/369agara.com\\\/#website\",\"url\":\"https:\\\/\\\/369agara.com\\\/\",\"name\":\"Livsrikedomar\",\"description\":\"D\u00e9connectez pour mieux vous connecter\",\"publisher\":{\"@id\":\"https:\\\/\\\/369agara.com\\\/#organization\"},\"potentialAction\":[{\"@type\":\"SearchAction\",\"target\":{\"@type\":\"EntryPoint\",\"urlTemplate\":\"https:\\\/\\\/369agara.com\\\/?s={search_term_string}\"},\"query-input\":{\"@type\":\"PropertyValueSpecification\",\"valueRequired\":true,\"valueName\":\"search_term_string\"}}],\"inLanguage\":\"de\"},{\"@type\":\"Organization\",\"@id\":\"https:\\\/\\\/369agara.com\\\/#organization\",\"name\":\"EACreations\",\"url\":\"https:\\\/\\\/369agara.com\\\/\",\"logo\":{\"@type\":\"ImageObject\",\"inLanguage\":\"de\",\"@id\":\"https:\\\/\\\/369agara.com\\\/#\\\/schema\\\/logo\\\/image\\\/\",\"url\":\"\",\"contentUrl\":\"\",\"caption\":\"EACreations\"},\"image\":{\"@id\":\"https:\\\/\\\/369agara.com\\\/#\\\/schema\\\/logo\\\/image\\\/\"}}]}<\/script>\n<!-- \/ Yoast SEO Premium plugin. -->","yoast_head_json":{"title":"Interrupteur automatique de champ Gigahertz Solutions NA8 Comfort 16 Amp\u00e8res | Agara","description":"L'interrupteur automatique de champ unipolaire NA8 Comfort Gigahertz Solutions convient pour les circuits 16 A.\u00a0Compatible avec les ampoules basse consommation et les LED.\u00a0Seuils d'enclenchement et de d\u00e9clenchement r\u00e9glables.\u00a0Livr\u00e9 avec une veilleuse de contr\u00f4le et un filtre 1 \u00b5F.\u00a0Certifi\u00e9 VDE.","robots":{"index":"index","follow":"follow","max-snippet":"max-snippet:-1","max-image-preview":"max-image-preview:large","max-video-preview":"max-video-preview:-1"},"canonical":"https:\/\/369agara.com\/de\/produkt\/interrupteur-auto-na8-comfort-16-amp-gigahertz-solutions\/","og_locale":"de_DE","og_type":"article","og_title":"Interrupteur automatique de champ Gigahertz Solutions NA8 Comfort 16 Amp\u00e8res","og_description":"L'interrupteur automatique de champ unipolaire NA8 Comfort Gigahertz Solutions convient pour les circuits 16 A.\u00a0Compatible avec les ampoules basse consommation et les LED.\u00a0Seuils d'enclenchement et de d\u00e9clenchement r\u00e9glables.\u00a0Livr\u00e9 avec une veilleuse de contr\u00f4le et un filtre 1 \u00b5F.\u00a0Certifi\u00e9 VDE.","og_url":"https:\/\/369agara.com\/de\/produkt\/interrupteur-auto-na8-comfort-16-amp-gigahertz-solutions\/","og_site_name":"Agara","article_modified_time":"2025-05-15T19:29:44+00:00","og_image":[{"width":800,"height":800,"url":"https:\/\/369agara.com\/wp-content\/uploads\/2023\/09\/interrupteur-automatique-de-champ-gigahertz-solutions-na8-comfort-16-amperes.jpg","type":"image\/jpeg"}],"twitter_card":"summary_large_image","twitter_misc":{"Gesch\u00e4tzte Lesezeit":"4\u00a0Minuten"},"schema":{"@context":"https:\/\/schema.org","@graph":[{"@type":"WebPage","@id":"https:\/\/369agara.com\/produit\/interrupteur-auto-na8-comfort-16-amp-gigahertz-solutions\/","url":"https:\/\/369agara.com\/produit\/interrupteur-auto-na8-comfort-16-amp-gigahertz-solutions\/","name":"Interrupteur automatique de champ Gigahertz Solutions NA8 Comfort 16 Amp\u00e8res | Agara","isPartOf":{"@id":"https:\/\/369agara.com\/#website"},"primaryImageOfPage":{"@id":"https:\/\/369agara.com\/produit\/interrupteur-auto-na8-comfort-16-amp-gigahertz-solutions\/#primaryimage"},"image":{"@id":"https:\/\/369agara.com\/produit\/interrupteur-auto-na8-comfort-16-amp-gigahertz-solutions\/#primaryimage"},"thumbnailUrl":"https:\/\/369agara.com\/wp-content\/uploads\/2023\/09\/interrupteur-automatique-de-champ-gigahertz-solutions-na8-comfort-16-amperes.jpg","datePublished":"2023-09-23T20:53:39+00:00","dateModified":"2025-05-15T19:29:44+00:00","description":"L'interrupteur automatique de champ unipolaire NA8 Comfort Gigahertz Solutions convient pour les circuits 16 A.\u00a0Compatible avec les ampoules basse consommation et les LED.\u00a0Seuils d'enclenchement et de d\u00e9clenchement r\u00e9glables.\u00a0Livr\u00e9 avec une veilleuse de contr\u00f4le et un filtre 1 \u00b5F.\u00a0Certifi\u00e9 VDE.","breadcrumb":{"@id":"https:\/\/369agara.com\/produit\/interrupteur-auto-na8-comfort-16-amp-gigahertz-solutions\/#breadcrumb"},"inLanguage":"de","potentialAction":[{"@type":"ReadAction","target":["https:\/\/369agara.com\/produit\/interrupteur-auto-na8-comfort-16-amp-gigahertz-solutions\/"]}]},{"@type":"ImageObject","inLanguage":"de","@id":"https:\/\/369agara.com\/produit\/interrupteur-auto-na8-comfort-16-amp-gigahertz-solutions\/#primaryimage","url":"https:\/\/369agara.com\/wp-content\/uploads\/2023\/09\/interrupteur-automatique-de-champ-gigahertz-solutions-na8-comfort-16-amperes.jpg","contentUrl":"https:\/\/369agara.com\/wp-content\/uploads\/2023\/09\/interrupteur-automatique-de-champ-gigahertz-solutions-na8-comfort-16-amperes.jpg","width":800,"height":800},{"@type":"BreadcrumbList","@id":"https:\/\/369agara.com\/produit\/interrupteur-auto-na8-comfort-16-amp-gigahertz-solutions\/#breadcrumb","itemListElement":[{"@type":"ListItem","position":1,"name":"Accueil","item":"https:\/\/369agara.com\/"},{"@type":"ListItem","position":2,"name":"La boutique","item":"https:\/\/369agara.com\/la-boutique\/"},{"@type":"ListItem","position":3,"name":"Interrupteur automatique de champ Gigahertz Solutions NA8 Comfort 16 Amp\u00e8res"}]},{"@type":"WebSite","@id":"https:\/\/369agara.com\/#website","url":"https:\/\/369agara.com\/","name":"Livsrikedomar","description":"Trennen Sie die Verbindung, um sich besser zu verbinden","publisher":{"@id":"https:\/\/369agara.com\/#organization"},"potentialAction":[{"@type":"SearchAction","target":{"@type":"EntryPoint","urlTemplate":"https:\/\/369agara.com\/?s={search_term_string}"},"query-input":{"@type":"PropertyValueSpecification","valueRequired":true,"valueName":"search_term_string"}}],"inLanguage":"de"},{"@type":"Organization","@id":"https:\/\/369agara.com\/#organization","name":"EACreations","url":"https:\/\/369agara.com\/","logo":{"@type":"ImageObject","inLanguage":"de","@id":"https:\/\/369agara.com\/#\/schema\/logo\/image\/","url":"","contentUrl":"","caption":"EACreations"},"image":{"@id":"https:\/\/369agara.com\/#\/schema\/logo\/image\/"}}]}},"jetpack_sharing_enabled":true,"_links":{"self":[{"href":"https:\/\/369agara.com\/de\/wp-json\/wp\/v2\/product\/2101","targetHints":{"allow":["GET"]}}],"collection":[{"href":"https:\/\/369agara.com\/de\/wp-json\/wp\/v2\/product"}],"about":[{"href":"https:\/\/369agara.com\/de\/wp-json\/wp\/v2\/types\/product"}],"replies":[{"embeddable":true,"href":"https:\/\/369agara.com\/de\/wp-json\/wp\/v2\/comments?post=2101"}],"wp:featuredmedia":[{"embeddable":true,"href":"https:\/\/369agara.com\/de\/wp-json\/wp\/v2\/media\/2102"}],"wp:attachment":[{"href":"https:\/\/369agara.com\/de\/wp-json\/wp\/v2\/media?parent=2101"}],"wp:term":[{"taxonomy":"product_brand","embeddable":true,"href":"https:\/\/369agara.com\/de\/wp-json\/wp\/v2\/product_brand?post=2101"},{"taxonomy":"product_cat","embeddable":true,"href":"https:\/\/369agara.com\/de\/wp-json\/wp\/v2\/product_cat?post=2101"},{"taxonomy":"product_tag","embeddable":true,"href":"https:\/\/369agara.com\/de\/wp-json\/wp\/v2\/product_tag?post=2101"}],"curies":[{"name":"wp","href":"https:\/\/api.w.org\/{rel}","templated":true}]}}