{"id":2113,"date":"2023-09-24T15:54:36","date_gmt":"2023-09-24T13:54:36","guid":{"rendered":"https:\/\/369agara.com\/?post_type=product&#038;p=2113"},"modified":"2025-05-15T21:51:03","modified_gmt":"2025-05-15T19:51:03","slug":"filtre-1%c2%b5f-x21","status":"publish","type":"product","link":"https:\/\/369agara.com\/de\/produkt\/filtre-1%c2%b5f-x21\/","title":{"rendered":"Filter 1\u00b5F x 21 Gigahertz L\u00f6sungen f\u00fcr automatische Feldschalter"},"content":{"rendered":"<p><span style=\"font-family: 'Book Antiqua', Palatino; font-size: 120%; color: #333399;\">Der Filter 1 \u00b5F x 21 Gigahertz Solutions wird direkt auf den automatischen Feldschalter (am Stromkasten) montiert.<\/span><\/p>\n<p><span style=\"font-family: 'Book Antiqua', Palatino; font-size: 120%; color: #333399;\">Er reduziert die Spannungsspitzen der \u00f6ffentlichen Stromversorgung, die das Stromnetz im Haus verschmutzen (\"dirty power\" oder \"schmutzige Energie\"), und erh\u00f6ht damit die Stromstabilit\u00e4t und die Ausl\u00f6sezuverl\u00e4ssigkeit des Feldfreischalters.<\/span><\/p>\n<p><span style=\"font-family: 'Book Antiqua', Palatino; font-size: 120%; color: #333399;\">Dadurch wird die Gesamtqualit\u00e4t des Stromkreises, an den der automatische Feldschalter angeschlossen ist, verbessert.<\/span><\/p>\n<p><span style=\"font-family: 'Book Antiqua', Palatino; font-size: 120%; color: #333399;\">Au\u00dferdem verbessert er die Zuverl\u00e4ssigkeit der IAC-Ausl\u00f6sung bei der Verwendung von LED-Lampen (bei Modellen, die mit diesen Lampen kompatibel sind, z. B. NA7 Comfort und NA8 Comfort).<\/span><\/p>\n<p><span style=\"font-family: 'Book Antiqua', Palatino; font-size: 120%; color: #333399;\">Kompatibel mit allen Marken von automatischen Feldschaltern.<\/span><\/p>\n<p><span style=\"font-family: 'Book Antiqua', Palatino; font-size: 120%; color: #333399;\">VDE-zertifiziert.<\/span><\/p>\n<p><span style=\"font-family: 'Book Antiqua', Palatino; font-size: 120%; color: #333399;\">Wird mit einer Montageskizze geliefert.<\/span><\/p>","protected":false},"excerpt":{"rendered":"<p><span style=\"font-family: 'Book Antiqua', Palatino; font-size: 120%; color: #333399;\">VDE-zertifizierter Filter mit einer Kapazit\u00e4t von 1 \u00b5F, der direkt auf den automatischen Feldschalter montiert wird.  Geeignet f\u00fcr alle Marken.\u00a0<\/span><\/p>\n<p><span style=\"font-family: 'Book Antiqua', Palatino; font-size: 120%; color: #333399;\">Reduziert Spannungsspitzen im Stromkreis und verbessert die Gesamtqualit\u00e4t des betreffenden Stromkreises.<\/span><\/p>","protected":false},"featured_media":2025,"comment_status":"open","ping_status":"closed","template":"","meta":[],"product_brand":[269],"product_cat":[164],"product_tag":[248,246,247,251,245],"class_list":{"0":"post-2113","1":"product","2":"type-product","3":"status-publish","4":"has-post-thumbnail","6":"product_brand-gigahertz-solutions","7":"product_cat-baubiologie","8":"product_tag-baubiologie","9":"product_tag-bureau","10":"product_tag-chambre","11":"product_tag-electricite","12":"product_tag-maison","14":"first","15":"instock","16":"taxable","17":"shipping-taxable","18":"purchasable","19":"product-type-simple"},"yoast_head":"<!-- This site is optimized with the Yoast SEO Premium plugin v25.1 (Yoast SEO v27.4) - https:\/\/yoast.com\/product\/yoast-seo-premium-wordpress\/ -->\n<title>Filtre 1\u00b5F x 21 Gigahertz Solutions pour interrupteurs automatiques de champ | Agara<\/title>\n<meta name=\"description\" content=\"Filtre de capacit\u00e9 1 \u00b5F, certifi\u00e9 VDE, \u00e0 monter directement sur l&#039;interrupteur automatique de champ.\u00a0 Convient \u00e0 toutes les marques.\u00a0R\u00e9duit les pics de tension du circuit \u00e9lectrique et am\u00e9liore la qualit\u00e9 globale du circuit concern\u00e9.\" \/>\n<meta name=\"robots\" content=\"index, follow, max-snippet:-1, max-image-preview:large, max-video-preview:-1\" \/>\n<link rel=\"canonical\" href=\"https:\/\/369agara.com\/de\/produkt\/filtre-1\u00b5f-x21\/\" \/>\n<meta property=\"og:locale\" content=\"de_DE\" \/>\n<meta property=\"og:type\" content=\"article\" \/>\n<meta property=\"og:title\" content=\"Filtre 1\u00b5F x 21 Gigahertz Solutions pour interrupteurs automatiques de champ\" \/>\n<meta property=\"og:description\" content=\"Filtre de capacit\u00e9 1 \u00b5F, certifi\u00e9 VDE, \u00e0 monter directement sur l&#039;interrupteur automatique de champ.\u00a0 Convient \u00e0 toutes les marques.\u00a0R\u00e9duit les pics de tension du circuit \u00e9lectrique et am\u00e9liore la qualit\u00e9 globale du circuit concern\u00e9.\" \/>\n<meta property=\"og:url\" content=\"https:\/\/369agara.com\/de\/produkt\/filtre-1\u00b5f-x21\/\" \/>\n<meta property=\"og:site_name\" content=\"Agara\" \/>\n<meta property=\"article:modified_time\" content=\"2025-05-15T19:51:03+00:00\" \/>\n<meta property=\"og:image\" content=\"https:\/\/369agara.com\/wp-content\/uploads\/2023\/09\/interrupteur-automatique-de-champ-gigahertz-solutions-na5-comfort-16-amperes-1.jpg\" \/>\n\t<meta property=\"og:image:width\" content=\"800\" \/>\n\t<meta property=\"og:image:height\" content=\"800\" \/>\n\t<meta property=\"og:image:type\" content=\"image\/jpeg\" \/>\n<meta name=\"twitter:card\" content=\"summary_large_image\" \/>\n<meta name=\"twitter:label1\" content=\"Gesch\u00e4tzte Lesezeit\" \/>\n\t<meta name=\"twitter:data1\" content=\"1\u00a0Minute\" \/>\n<script type=\"application\/ld+json\" class=\"yoast-schema-graph\">{\"@context\":\"https:\\\/\\\/schema.org\",\"@graph\":[{\"@type\":\"WebPage\",\"@id\":\"https:\\\/\\\/369agara.com\\\/produit\\\/filtre-1%c2%b5f-x21\\\/\",\"url\":\"https:\\\/\\\/369agara.com\\\/produit\\\/filtre-1%c2%b5f-x21\\\/\",\"name\":\"Filtre 1\u00b5F x 21 Gigahertz Solutions pour interrupteurs automatiques de champ | Agara\",\"isPartOf\":{\"@id\":\"https:\\\/\\\/369agara.com\\\/#website\"},\"primaryImageOfPage\":{\"@id\":\"https:\\\/\\\/369agara.com\\\/produit\\\/filtre-1%c2%b5f-x21\\\/#primaryimage\"},\"image\":{\"@id\":\"https:\\\/\\\/369agara.com\\\/produit\\\/filtre-1%c2%b5f-x21\\\/#primaryimage\"},\"thumbnailUrl\":\"https:\\\/\\\/369agara.com\\\/wp-content\\\/uploads\\\/2023\\\/09\\\/interrupteur-automatique-de-champ-gigahertz-solutions-na5-comfort-16-amperes-1.jpg\",\"datePublished\":\"2023-09-24T13:54:36+00:00\",\"dateModified\":\"2025-05-15T19:51:03+00:00\",\"description\":\"Filtre de capacit\u00e9 1 \u00b5F, certifi\u00e9 VDE, \u00e0 monter directement sur l'interrupteur automatique de champ.\u00a0 Convient \u00e0 toutes les marques.\u00a0R\u00e9duit les pics de tension du circuit \u00e9lectrique et am\u00e9liore la qualit\u00e9 globale du circuit concern\u00e9.\",\"breadcrumb\":{\"@id\":\"https:\\\/\\\/369agara.com\\\/produit\\\/filtre-1%c2%b5f-x21\\\/#breadcrumb\"},\"inLanguage\":\"de\",\"potentialAction\":[{\"@type\":\"ReadAction\",\"target\":[\"https:\\\/\\\/369agara.com\\\/produit\\\/filtre-1%c2%b5f-x21\\\/\"]}]},{\"@type\":\"ImageObject\",\"inLanguage\":\"de\",\"@id\":\"https:\\\/\\\/369agara.com\\\/produit\\\/filtre-1%c2%b5f-x21\\\/#primaryimage\",\"url\":\"https:\\\/\\\/369agara.com\\\/wp-content\\\/uploads\\\/2023\\\/09\\\/interrupteur-automatique-de-champ-gigahertz-solutions-na5-comfort-16-amperes-1.jpg\",\"contentUrl\":\"https:\\\/\\\/369agara.com\\\/wp-content\\\/uploads\\\/2023\\\/09\\\/interrupteur-automatique-de-champ-gigahertz-solutions-na5-comfort-16-amperes-1.jpg\",\"width\":800,\"height\":800},{\"@type\":\"BreadcrumbList\",\"@id\":\"https:\\\/\\\/369agara.com\\\/produit\\\/filtre-1%c2%b5f-x21\\\/#breadcrumb\",\"itemListElement\":[{\"@type\":\"ListItem\",\"position\":1,\"name\":\"Accueil\",\"item\":\"https:\\\/\\\/369agara.com\\\/\"},{\"@type\":\"ListItem\",\"position\":2,\"name\":\"La boutique\",\"item\":\"https:\\\/\\\/369agara.com\\\/la-boutique\\\/\"},{\"@type\":\"ListItem\",\"position\":3,\"name\":\"Filtre 1\u00b5F x 21 Gigahertz Solutions pour interrupteurs automatiques de champ\"}]},{\"@type\":\"WebSite\",\"@id\":\"https:\\\/\\\/369agara.com\\\/#website\",\"url\":\"https:\\\/\\\/369agara.com\\\/\",\"name\":\"Livsrikedomar\",\"description\":\"D\u00e9connectez pour mieux vous connecter\",\"publisher\":{\"@id\":\"https:\\\/\\\/369agara.com\\\/#organization\"},\"potentialAction\":[{\"@type\":\"SearchAction\",\"target\":{\"@type\":\"EntryPoint\",\"urlTemplate\":\"https:\\\/\\\/369agara.com\\\/?s={search_term_string}\"},\"query-input\":{\"@type\":\"PropertyValueSpecification\",\"valueRequired\":true,\"valueName\":\"search_term_string\"}}],\"inLanguage\":\"de\"},{\"@type\":\"Organization\",\"@id\":\"https:\\\/\\\/369agara.com\\\/#organization\",\"name\":\"EACreations\",\"url\":\"https:\\\/\\\/369agara.com\\\/\",\"logo\":{\"@type\":\"ImageObject\",\"inLanguage\":\"de\",\"@id\":\"https:\\\/\\\/369agara.com\\\/#\\\/schema\\\/logo\\\/image\\\/\",\"url\":\"\",\"contentUrl\":\"\",\"caption\":\"EACreations\"},\"image\":{\"@id\":\"https:\\\/\\\/369agara.com\\\/#\\\/schema\\\/logo\\\/image\\\/\"}}]}<\/script>\n<!-- \/ Yoast SEO Premium plugin. -->","yoast_head_json":{"title":"Filtre 1\u00b5F x 21 Gigahertz Solutions pour interrupteurs automatiques de champ | Agara","description":"Filtre de capacit\u00e9 1 \u00b5F, certifi\u00e9 VDE, \u00e0 monter directement sur l'interrupteur automatique de champ.\u00a0 Convient \u00e0 toutes les marques.\u00a0R\u00e9duit les pics de tension du circuit \u00e9lectrique et am\u00e9liore la qualit\u00e9 globale du circuit concern\u00e9.","robots":{"index":"index","follow":"follow","max-snippet":"max-snippet:-1","max-image-preview":"max-image-preview:large","max-video-preview":"max-video-preview:-1"},"canonical":"https:\/\/369agara.com\/de\/produkt\/filtre-1\u00b5f-x21\/","og_locale":"de_DE","og_type":"article","og_title":"Filtre 1\u00b5F x 21 Gigahertz Solutions pour interrupteurs automatiques de champ","og_description":"Filtre de capacit\u00e9 1 \u00b5F, certifi\u00e9 VDE, \u00e0 monter directement sur l'interrupteur automatique de champ.\u00a0 Convient \u00e0 toutes les marques.\u00a0R\u00e9duit les pics de tension du circuit \u00e9lectrique et am\u00e9liore la qualit\u00e9 globale du circuit concern\u00e9.","og_url":"https:\/\/369agara.com\/de\/produkt\/filtre-1\u00b5f-x21\/","og_site_name":"Agara","article_modified_time":"2025-05-15T19:51:03+00:00","og_image":[{"width":800,"height":800,"url":"https:\/\/369agara.com\/wp-content\/uploads\/2023\/09\/interrupteur-automatique-de-champ-gigahertz-solutions-na5-comfort-16-amperes-1.jpg","type":"image\/jpeg"}],"twitter_card":"summary_large_image","twitter_misc":{"Gesch\u00e4tzte Lesezeit":"1\u00a0Minute"},"schema":{"@context":"https:\/\/schema.org","@graph":[{"@type":"WebPage","@id":"https:\/\/369agara.com\/produit\/filtre-1%c2%b5f-x21\/","url":"https:\/\/369agara.com\/produit\/filtre-1%c2%b5f-x21\/","name":"Filtre 1\u00b5F x 21 Gigahertz Solutions pour interrupteurs automatiques de champ | Agara","isPartOf":{"@id":"https:\/\/369agara.com\/#website"},"primaryImageOfPage":{"@id":"https:\/\/369agara.com\/produit\/filtre-1%c2%b5f-x21\/#primaryimage"},"image":{"@id":"https:\/\/369agara.com\/produit\/filtre-1%c2%b5f-x21\/#primaryimage"},"thumbnailUrl":"https:\/\/369agara.com\/wp-content\/uploads\/2023\/09\/interrupteur-automatique-de-champ-gigahertz-solutions-na5-comfort-16-amperes-1.jpg","datePublished":"2023-09-24T13:54:36+00:00","dateModified":"2025-05-15T19:51:03+00:00","description":"Filtre de capacit\u00e9 1 \u00b5F, certifi\u00e9 VDE, \u00e0 monter directement sur l'interrupteur automatique de champ.\u00a0 Convient \u00e0 toutes les marques.\u00a0R\u00e9duit les pics de tension du circuit \u00e9lectrique et am\u00e9liore la qualit\u00e9 globale du circuit concern\u00e9.","breadcrumb":{"@id":"https:\/\/369agara.com\/produit\/filtre-1%c2%b5f-x21\/#breadcrumb"},"inLanguage":"de","potentialAction":[{"@type":"ReadAction","target":["https:\/\/369agara.com\/produit\/filtre-1%c2%b5f-x21\/"]}]},{"@type":"ImageObject","inLanguage":"de","@id":"https:\/\/369agara.com\/produit\/filtre-1%c2%b5f-x21\/#primaryimage","url":"https:\/\/369agara.com\/wp-content\/uploads\/2023\/09\/interrupteur-automatique-de-champ-gigahertz-solutions-na5-comfort-16-amperes-1.jpg","contentUrl":"https:\/\/369agara.com\/wp-content\/uploads\/2023\/09\/interrupteur-automatique-de-champ-gigahertz-solutions-na5-comfort-16-amperes-1.jpg","width":800,"height":800},{"@type":"BreadcrumbList","@id":"https:\/\/369agara.com\/produit\/filtre-1%c2%b5f-x21\/#breadcrumb","itemListElement":[{"@type":"ListItem","position":1,"name":"Accueil","item":"https:\/\/369agara.com\/"},{"@type":"ListItem","position":2,"name":"La boutique","item":"https:\/\/369agara.com\/la-boutique\/"},{"@type":"ListItem","position":3,"name":"Filtre 1\u00b5F x 21 Gigahertz Solutions pour interrupteurs automatiques de champ"}]},{"@type":"WebSite","@id":"https:\/\/369agara.com\/#website","url":"https:\/\/369agara.com\/","name":"Livsrikedomar","description":"Trennen Sie die Verbindung, um sich besser zu verbinden","publisher":{"@id":"https:\/\/369agara.com\/#organization"},"potentialAction":[{"@type":"SearchAction","target":{"@type":"EntryPoint","urlTemplate":"https:\/\/369agara.com\/?s={search_term_string}"},"query-input":{"@type":"PropertyValueSpecification","valueRequired":true,"valueName":"search_term_string"}}],"inLanguage":"de"},{"@type":"Organization","@id":"https:\/\/369agara.com\/#organization","name":"EACreations","url":"https:\/\/369agara.com\/","logo":{"@type":"ImageObject","inLanguage":"de","@id":"https:\/\/369agara.com\/#\/schema\/logo\/image\/","url":"","contentUrl":"","caption":"EACreations"},"image":{"@id":"https:\/\/369agara.com\/#\/schema\/logo\/image\/"}}]}},"jetpack_sharing_enabled":true,"_links":{"self":[{"href":"https:\/\/369agara.com\/de\/wp-json\/wp\/v2\/product\/2113","targetHints":{"allow":["GET"]}}],"collection":[{"href":"https:\/\/369agara.com\/de\/wp-json\/wp\/v2\/product"}],"about":[{"href":"https:\/\/369agara.com\/de\/wp-json\/wp\/v2\/types\/product"}],"replies":[{"embeddable":true,"href":"https:\/\/369agara.com\/de\/wp-json\/wp\/v2\/comments?post=2113"}],"wp:featuredmedia":[{"embeddable":true,"href":"https:\/\/369agara.com\/de\/wp-json\/wp\/v2\/media\/2025"}],"wp:attachment":[{"href":"https:\/\/369agara.com\/de\/wp-json\/wp\/v2\/media?parent=2113"}],"wp:term":[{"taxonomy":"product_brand","embeddable":true,"href":"https:\/\/369agara.com\/de\/wp-json\/wp\/v2\/product_brand?post=2113"},{"taxonomy":"product_cat","embeddable":true,"href":"https:\/\/369agara.com\/de\/wp-json\/wp\/v2\/product_cat?post=2113"},{"taxonomy":"product_tag","embeddable":true,"href":"https:\/\/369agara.com\/de\/wp-json\/wp\/v2\/product_tag?post=2113"}],"curies":[{"name":"wp","href":"https:\/\/api.w.org\/{rel}","templated":true}]}}