{"id":2123,"date":"2023-09-25T16:55:53","date_gmt":"2023-09-25T14:55:53","guid":{"rendered":"https:\/\/369agara.com\/?post_type=product&#038;p=2123"},"modified":"2025-05-11T20:24:36","modified_gmt":"2025-05-11T18:24:36","slug":"lampe-bureau-blindee-architecte","status":"publish","type":"product","link":"https:\/\/369agara.com\/de\/produkt\/lampe-bureau-blindee-architecte\/","title":{"rendered":"Abgeschirmte Schreibtischlampe Biologa Danell \"Architekt\" alu matt | schwarz matt"},"content":{"rendered":"<p><span style=\"font-family: 'Book Antiqua', Palatino; font-size: 120%; color: #333399;\">Die abgeschirmte Biologa Danell Schreibtischlampe \"Architekt\" erm\u00f6glicht es, sich vor elektrischen und magnetischen Feldern zu sch\u00fctzen.<\/span><\/p>\n<p><span style=\"font-family: 'Book Antiqua', Palatino; font-size: 120%; color: #333399;\">Sie vereint au\u00dferdem schlichtes Design und Bedienkomfort (langer, drehbarer Arm, klare Lesbarkeit).<\/span><\/p>\n<p><span style=\"font-family: 'Book Antiqua', Palatino; font-size: 120%; color: #333399;\">Alle abgeschirmten Biologa Danell-Lampen werden aus gesunden, umweltfreundlichen Materialien hergestellt und sind vor allem frei von Elektrosmog.<\/span><\/p>\n<ul>\n<li><span style=\"font-family: 'Book Antiqua', Palatino; font-size: 120%; color: #333399;\">Das verwendete Kabel ist abgeschirmt: Die drei Adern (Phase + Neutralleiter + Erde) sind von einer Metallfolie umgeben, die geerdet ist, um das elektrische Feld zu unterdr\u00fccken.<\/span><\/li>\n<li><span style=\"font-family: 'Book Antiqua', Palatino; font-size: 120%; color: #333399;\">Die drei Dr\u00e4hte sind 15-mal pro Meter verdreht, um das Magnetfeld zu d\u00e4mpfen.<\/span><\/li>\n<li><span style=\"font-family: 'Book Antiqua', Palatino; font-size: 120%; color: #333399;\">Der 3-polige Anschlussstecker ist abgeschirmt. Die Tatsache, dass er mit einem Erdungsanschluss versehen ist, verhindert au\u00dferdem eine Verwechslung der Anschlussrichtung.<\/span><\/li>\n<li><span style=\"font-family: 'Book Antiqua', Palatino; font-size: 120%; color: #333399;\">Der Schalter ist zweipolig (schaltet gleichzeitig die Phase und den Neutralleiter aus).<\/span><\/li>\n<li><span style=\"font-family: 'Book Antiqua', Palatino; font-size: 120%; color: #333399;\">Auf jede Gl\u00fchbirne wird eine Abschirmwindung geschraubt, die die letzten elektrischen Felder, die von der Gl\u00fchbirne ausgehen, unterdr\u00fcckt.<\/span><\/li>\n<\/ul>\n<p><span style=\"font-family: 'Book Antiqua', Palatino; font-size: 120%; color: #333399;\">Elektrische Felder haben Auswirkungen auf unser Nerven-, Hormon- und Immunsystem. Sie beeinflussen die Qualit\u00e4t Ihres Schlafs und Ihre Erholungsf\u00e4higkeit, verursachen Stress, Nervosit\u00e4t und Konzentrationsschwierigkeiten. Sie st\u00f6ren auch das S\u00e4ure-Basen-Gleichgewicht, indem sie unseren K\u00f6rper \u00fcbers\u00e4uern. Mit einer abgeschirmten Lampe k\u00f6nnen Sie diese Probleme beseitigen!<\/span><\/p>\n<p><span style=\"font-family: 'Book Antiqua', Palatino; font-size: 120%; color: #ed1c24;\"><strong>Achtung! Um elektrische Felder zu unterdr\u00fccken, muss diese abgeschirmte Lampe an eine geerdete Wand- oder Mehrfachsteckdose angeschlossen werden!\u00a0<\/strong><\/span><\/p>\n<h3><span style=\"font-family: 'Book Antiqua', Palatino; font-size: 120%; color: #333399;\">Abschirmwirkung im Vergleich (gilt f\u00fcr alle abgeschirmten Leuchten von Biologa Danell)<\/span><\/h3>\n<p><span style=\"font-family: 'Book Antiqua', Palatino; font-size: 120%; color: #333399;\">Eine ungeschirmte Leuchte (Schutzklasse 2) mit einem ungeschirmten Zuleitungskabel erzeugt ein elektrisches Wechselfeld von 100,0 bis 160,0 V\/m (empfohlener Richtwert der Baubiologie: 10 V\/m).<\/span><\/p>\n<p><span style=\"font-family: 'Book Antiqua', Palatino; font-size: 120%; color: #333399;\">Die abgeschirmte Leuchte (Schutzklasse 1) mit entsprechendem Design erzeugt nur ein elektrisches Wechselfeld zwischen 0,4 und 0,6 V\/m.<\/span><br \/>\n<span style=\"font-family: 'Book Antiqua', Palatino; font-size: 120%; color: #333399;\">Die Pr\u00fcfung erfolgt nach den Spezifikationen, Frequenzb\u00e4ndern und Messabst\u00e4nden der anerkannten Bildschirmstandards (f\u00fcr strahlungsarme Bildschirme, Monitore): TCO'99, Volume I (MPR II) und DIN EN 50279 (Messabstand 30 cm).<\/span><\/p>\n<h3><span style=\"font-family: 'Book Antiqua', Palatino; font-size: 120%; color: #333399;\">Technische Daten<\/span><\/h3>\n<ul>\n<li><span style=\"font-family: 'Book Antiqua', Palatino; font-size: 120%; color: #333399;\">Alu-matt-Farbe<\/span><\/li>\n<li><span style=\"font-family: 'Book Antiqua', Palatino; font-size: 120%; color: #333399;\">Arml\u00e4nge: ca. 1 Meter<\/span><\/li>\n<li><span style=\"font-family: 'Book Antiqua', Palatino; font-size: 120%; color: #333399;\">Reflektordurchmesser: ca. 19 cm<\/span><\/li>\n<li><span style=\"font-family: 'Book Antiqua', Palatino; font-size: 120%; color: #333399;\">Der Reflektor ist au\u00dfen in der Farbe der Lampe gehalten, innen mattwei\u00df f\u00fcr mehr Klarheit<\/span><\/li>\n<li><span style=\"font-family: 'Book Antiqua', Palatino; font-size: 120%; color: #333399;\">Schwarzes abgeschirmtes Kabel ca. 2 Meter<\/span><\/li>\n<li><span style=\"font-family: 'Book Antiqua', Palatino; font-size: 120%; color: #333399;\">Inklusive Befestigungsklemme (Dicke max. 70 mm)<\/span><\/li>\n<li><span style=\"font-family: 'Book Antiqua', Palatino; font-size: 120%; color: #333399;\">Geliefert mit einer E27 Keramikfassung und 2 Halogenkapseln 48 W 740 lm (Energieeffizienzklasse C)<\/span><\/li>\n<\/ul>\n<p><span style=\"font-family: 'Book Antiqua', Palatino; font-size: 120%; color: #333399;\">Garantie: 3 Jahre<\/span><\/p>\n<p><span style=\"font-family: 'Book Antiqua', Palatino; font-size: 120%; color: #333399;\">Optionaler Fu\u00df in passender Farbe (Durchmesser 26 cm, Gewicht 6.5 kg)<\/span><\/p>\n<p><span style=\"font-family: 'Book Antiqua', Palatino; font-size: 120%; color: #333399;\">Hergestellt in Deutschland von Biologa Danell.\u00a0<\/span><\/p>","protected":false},"excerpt":{"rendered":"<p><span style=\"font-family: 'Book Antiqua', Palatino; font-size: 120%; color: #333399;\">Die abgeschirmte Biologa Danell Schreibtischlampe \"Architekt\" bietet Schutz vor Wellen (elektrischen und magnetischen Feldern).\u00a0<\/span><\/p>\n<p><span style=\"font-family: 'Book Antiqua', Palatino; font-size: 120%; color: #333399;\">Seine Vorteile: abgeschirmtes Kabel, Erdungsanschluss, zweipoliger Schalter, Abschirmungswindung...\u00a0<\/span><\/p>\n<p><span style=\"font-family: 'Book Antiqua', Palatino; font-size: 120%; color: #333399;\">Wird mit einer Befestigungsklemme in der Farbe der Lampe geliefert. Fu\u00df optional erh\u00e4ltlich.<\/span><\/p>","protected":false},"featured_media":2130,"comment_status":"open","ping_status":"closed","template":"","meta":[],"product_brand":[],"product_cat":[164],"product_tag":[248,246,247,249,258,245],"class_list":{"0":"post-2123","1":"product","2":"type-product","3":"status-publish","4":"has-post-thumbnail","6":"product_cat-baubiologie","7":"product_tag-baubiologie","8":"product_tag-bureau","9":"product_tag-chambre","10":"product_tag-electromagnetisme","11":"product_tag-lampe","12":"product_tag-maison","14":"first","15":"instock","16":"taxable","17":"shipping-taxable","18":"purchasable","19":"product-type-variable"},"yoast_head":"<!-- This site is optimized with the Yoast SEO Premium plugin v25.1 (Yoast SEO v27.4) - https:\/\/yoast.com\/product\/yoast-seo-premium-wordpress\/ -->\n<title>Lampe de bureau blind\u00e9e Biologa Danell &quot;Architecte&quot; alu mat | noir mat | Agara<\/title>\n<meta name=\"description\" content=\"Biologa Danell &#039;Architecte&#039; sk\u00e4rmad skrivbordslampa skyddar mot v\u00e5gor (elektriska och magnetiska f\u00e4lt). Dess f\u00f6rdelar: sk\u00e4rmad kabel, jordanslutning, bipol\u00e4r brytare, sk\u00e4rmsv\u00e4ng, etc. Levereras med f\u00e4stkl\u00e4mma i lampans f\u00e4rg. Valfri fot.\" \/>\n<meta name=\"robots\" content=\"index, follow, max-snippet:-1, max-image-preview:large, max-video-preview:-1\" \/>\n<link rel=\"canonical\" href=\"https:\/\/369agara.com\/de\/produkt\/lampe-bureau-blindee-architecte\/\" \/>\n<meta property=\"og:locale\" content=\"de_DE\" \/>\n<meta property=\"og:type\" content=\"article\" \/>\n<meta property=\"og:title\" content=\"Lampe de bureau blind\u00e9e Biologa Danell &quot;Architecte&quot; alu mat | noir mat\" \/>\n<meta property=\"og:description\" content=\"Biologa Danell &#039;Architecte&#039; sk\u00e4rmad skrivbordslampa skyddar mot v\u00e5gor (elektriska och magnetiska f\u00e4lt). Dess f\u00f6rdelar: sk\u00e4rmad kabel, jordanslutning, bipol\u00e4r brytare, sk\u00e4rmsv\u00e4ng, etc. Levereras med f\u00e4stkl\u00e4mma i lampans f\u00e4rg. Valfri fot.\" \/>\n<meta property=\"og:url\" content=\"https:\/\/369agara.com\/de\/produkt\/lampe-bureau-blindee-architecte\/\" \/>\n<meta property=\"og:site_name\" content=\"Agara\" \/>\n<meta property=\"article:modified_time\" content=\"2025-05-11T18:24:36+00:00\" \/>\n<meta property=\"og:image\" content=\"https:\/\/369agara.com\/wp-content\/uploads\/2023\/09\/lampe-de-bureau-blindee-danell-architecte-alu-mat.jpg\" \/>\n\t<meta property=\"og:image:width\" content=\"800\" \/>\n\t<meta property=\"og:image:height\" content=\"800\" \/>\n\t<meta property=\"og:image:type\" content=\"image\/jpeg\" \/>\n<meta name=\"twitter:card\" content=\"summary_large_image\" \/>\n<meta name=\"twitter:label1\" content=\"Gesch\u00e4tzte Lesezeit\" \/>\n\t<meta name=\"twitter:data1\" content=\"3\u00a0Minuten\" \/>\n<script type=\"application\/ld+json\" class=\"yoast-schema-graph\">{\"@context\":\"https:\\\/\\\/schema.org\",\"@graph\":[{\"@type\":\"WebPage\",\"@id\":\"https:\\\/\\\/369agara.com\\\/produit\\\/lampe-bureau-blindee-architecte\\\/\",\"url\":\"https:\\\/\\\/369agara.com\\\/produit\\\/lampe-bureau-blindee-architecte\\\/\",\"name\":\"Lampe de bureau blind\u00e9e Biologa Danell \\\"Architecte\\\" alu mat | noir mat | Agara\",\"isPartOf\":{\"@id\":\"https:\\\/\\\/369agara.com\\\/#website\"},\"primaryImageOfPage\":{\"@id\":\"https:\\\/\\\/369agara.com\\\/produit\\\/lampe-bureau-blindee-architecte\\\/#primaryimage\"},\"image\":{\"@id\":\"https:\\\/\\\/369agara.com\\\/produit\\\/lampe-bureau-blindee-architecte\\\/#primaryimage\"},\"thumbnailUrl\":\"https:\\\/\\\/369agara.com\\\/wp-content\\\/uploads\\\/2023\\\/09\\\/lampe-de-bureau-blindee-danell-architecte-alu-mat.jpg\",\"datePublished\":\"2023-09-25T14:55:53+00:00\",\"dateModified\":\"2025-05-11T18:24:36+00:00\",\"description\":\"Biologa Danell 'Architecte' sk\u00e4rmad skrivbordslampa skyddar mot v\u00e5gor (elektriska och magnetiska f\u00e4lt). Dess f\u00f6rdelar: sk\u00e4rmad kabel, jordanslutning, bipol\u00e4r brytare, sk\u00e4rmsv\u00e4ng, etc. Levereras med f\u00e4stkl\u00e4mma i lampans f\u00e4rg. Valfri fot.\",\"breadcrumb\":{\"@id\":\"https:\\\/\\\/369agara.com\\\/produit\\\/lampe-bureau-blindee-architecte\\\/#breadcrumb\"},\"inLanguage\":\"de\",\"potentialAction\":[{\"@type\":\"ReadAction\",\"target\":[\"https:\\\/\\\/369agara.com\\\/produit\\\/lampe-bureau-blindee-architecte\\\/\"]}]},{\"@type\":\"ImageObject\",\"inLanguage\":\"de\",\"@id\":\"https:\\\/\\\/369agara.com\\\/produit\\\/lampe-bureau-blindee-architecte\\\/#primaryimage\",\"url\":\"https:\\\/\\\/369agara.com\\\/wp-content\\\/uploads\\\/2023\\\/09\\\/lampe-de-bureau-blindee-danell-architecte-alu-mat.jpg\",\"contentUrl\":\"https:\\\/\\\/369agara.com\\\/wp-content\\\/uploads\\\/2023\\\/09\\\/lampe-de-bureau-blindee-danell-architecte-alu-mat.jpg\",\"width\":800,\"height\":800},{\"@type\":\"BreadcrumbList\",\"@id\":\"https:\\\/\\\/369agara.com\\\/produit\\\/lampe-bureau-blindee-architecte\\\/#breadcrumb\",\"itemListElement\":[{\"@type\":\"ListItem\",\"position\":1,\"name\":\"Accueil\",\"item\":\"https:\\\/\\\/369agara.com\\\/\"},{\"@type\":\"ListItem\",\"position\":2,\"name\":\"La boutique\",\"item\":\"https:\\\/\\\/369agara.com\\\/la-boutique\\\/\"},{\"@type\":\"ListItem\",\"position\":3,\"name\":\"Lampe de bureau blind\u00e9e Biologa Danell \u00ab\u00a0Architecte\u00a0\u00bb alu mat | noir mat\"}]},{\"@type\":\"WebSite\",\"@id\":\"https:\\\/\\\/369agara.com\\\/#website\",\"url\":\"https:\\\/\\\/369agara.com\\\/\",\"name\":\"Livsrikedomar\",\"description\":\"D\u00e9connectez pour mieux vous connecter\",\"publisher\":{\"@id\":\"https:\\\/\\\/369agara.com\\\/#organization\"},\"potentialAction\":[{\"@type\":\"SearchAction\",\"target\":{\"@type\":\"EntryPoint\",\"urlTemplate\":\"https:\\\/\\\/369agara.com\\\/?s={search_term_string}\"},\"query-input\":{\"@type\":\"PropertyValueSpecification\",\"valueRequired\":true,\"valueName\":\"search_term_string\"}}],\"inLanguage\":\"de\"},{\"@type\":\"Organization\",\"@id\":\"https:\\\/\\\/369agara.com\\\/#organization\",\"name\":\"EACreations\",\"url\":\"https:\\\/\\\/369agara.com\\\/\",\"logo\":{\"@type\":\"ImageObject\",\"inLanguage\":\"de\",\"@id\":\"https:\\\/\\\/369agara.com\\\/#\\\/schema\\\/logo\\\/image\\\/\",\"url\":\"\",\"contentUrl\":\"\",\"caption\":\"EACreations\"},\"image\":{\"@id\":\"https:\\\/\\\/369agara.com\\\/#\\\/schema\\\/logo\\\/image\\\/\"}}]}<\/script>\n<!-- \/ Yoast SEO Premium plugin. -->","yoast_head_json":{"title":"Lampe de bureau blind\u00e9e Biologa Danell \"Architecte\" alu mat | noir mat | Agara","description":"Biologa Danell 'Architect' sk\u00e4rmad skrivbordslampa skyddar mot v\u00e5gor (elektriska och magnetiska f\u00e4lt). Dess f\u00f6rdelar: sk\u00e4rmad kabel, jordanslutning, bipol\u00e4r brytare, sk\u00e4rmsv\u00e4ng, etc. Levereras med f\u00e4stkl\u00e4mma i lampans f\u00e4rg. Valfri fot.","robots":{"index":"index","follow":"follow","max-snippet":"max-snippet:-1","max-image-preview":"max-image-preview:large","max-video-preview":"max-video-preview:-1"},"canonical":"https:\/\/369agara.com\/de\/produkt\/lampe-bureau-blindee-architecte\/","og_locale":"de_DE","og_type":"article","og_title":"Lampe de bureau blind\u00e9e Biologa Danell \"Architecte\" alu mat | noir mat","og_description":"Biologa Danell 'Architecte' sk\u00e4rmad skrivbordslampa skyddar mot v\u00e5gor (elektriska och magnetiska f\u00e4lt). Dess f\u00f6rdelar: sk\u00e4rmad kabel, jordanslutning, bipol\u00e4r brytare, sk\u00e4rmsv\u00e4ng, etc. Levereras med f\u00e4stkl\u00e4mma i lampans f\u00e4rg. Valfri fot.","og_url":"https:\/\/369agara.com\/de\/produkt\/lampe-bureau-blindee-architecte\/","og_site_name":"Agara","article_modified_time":"2025-05-11T18:24:36+00:00","og_image":[{"width":800,"height":800,"url":"https:\/\/369agara.com\/wp-content\/uploads\/2023\/09\/lampe-de-bureau-blindee-danell-architecte-alu-mat.jpg","type":"image\/jpeg"}],"twitter_card":"summary_large_image","twitter_misc":{"Gesch\u00e4tzte Lesezeit":"3\u00a0Minuten"},"schema":{"@context":"https:\/\/schema.org","@graph":[{"@type":"WebPage","@id":"https:\/\/369agara.com\/produit\/lampe-bureau-blindee-architecte\/","url":"https:\/\/369agara.com\/produit\/lampe-bureau-blindee-architecte\/","name":"Lampe de bureau blind\u00e9e Biologa Danell \"Architecte\" alu mat | noir mat | Agara","isPartOf":{"@id":"https:\/\/369agara.com\/#website"},"primaryImageOfPage":{"@id":"https:\/\/369agara.com\/produit\/lampe-bureau-blindee-architecte\/#primaryimage"},"image":{"@id":"https:\/\/369agara.com\/produit\/lampe-bureau-blindee-architecte\/#primaryimage"},"thumbnailUrl":"https:\/\/369agara.com\/wp-content\/uploads\/2023\/09\/lampe-de-bureau-blindee-danell-architecte-alu-mat.jpg","datePublished":"2023-09-25T14:55:53+00:00","dateModified":"2025-05-11T18:24:36+00:00","description":"Biologa Danell 'Architect' sk\u00e4rmad skrivbordslampa skyddar mot v\u00e5gor (elektriska och magnetiska f\u00e4lt). Dess f\u00f6rdelar: sk\u00e4rmad kabel, jordanslutning, bipol\u00e4r brytare, sk\u00e4rmsv\u00e4ng, etc. Levereras med f\u00e4stkl\u00e4mma i lampans f\u00e4rg. Valfri fot.","breadcrumb":{"@id":"https:\/\/369agara.com\/produit\/lampe-bureau-blindee-architecte\/#breadcrumb"},"inLanguage":"de","potentialAction":[{"@type":"ReadAction","target":["https:\/\/369agara.com\/produit\/lampe-bureau-blindee-architecte\/"]}]},{"@type":"ImageObject","inLanguage":"de","@id":"https:\/\/369agara.com\/produit\/lampe-bureau-blindee-architecte\/#primaryimage","url":"https:\/\/369agara.com\/wp-content\/uploads\/2023\/09\/lampe-de-bureau-blindee-danell-architecte-alu-mat.jpg","contentUrl":"https:\/\/369agara.com\/wp-content\/uploads\/2023\/09\/lampe-de-bureau-blindee-danell-architecte-alu-mat.jpg","width":800,"height":800},{"@type":"BreadcrumbList","@id":"https:\/\/369agara.com\/produit\/lampe-bureau-blindee-architecte\/#breadcrumb","itemListElement":[{"@type":"ListItem","position":1,"name":"Accueil","item":"https:\/\/369agara.com\/"},{"@type":"ListItem","position":2,"name":"La boutique","item":"https:\/\/369agara.com\/la-boutique\/"},{"@type":"ListItem","position":3,"name":"Lampe de bureau blind\u00e9e Biologa Danell \u00ab\u00a0Architecte\u00a0\u00bb alu mat | noir mat"}]},{"@type":"WebSite","@id":"https:\/\/369agara.com\/#website","url":"https:\/\/369agara.com\/","name":"Livsrikedomar","description":"Trennen Sie die Verbindung, um sich besser zu verbinden","publisher":{"@id":"https:\/\/369agara.com\/#organization"},"potentialAction":[{"@type":"SearchAction","target":{"@type":"EntryPoint","urlTemplate":"https:\/\/369agara.com\/?s={search_term_string}"},"query-input":{"@type":"PropertyValueSpecification","valueRequired":true,"valueName":"search_term_string"}}],"inLanguage":"de"},{"@type":"Organization","@id":"https:\/\/369agara.com\/#organization","name":"EACreations","url":"https:\/\/369agara.com\/","logo":{"@type":"ImageObject","inLanguage":"de","@id":"https:\/\/369agara.com\/#\/schema\/logo\/image\/","url":"","contentUrl":"","caption":"EACreations"},"image":{"@id":"https:\/\/369agara.com\/#\/schema\/logo\/image\/"}}]}},"jetpack_sharing_enabled":true,"_links":{"self":[{"href":"https:\/\/369agara.com\/de\/wp-json\/wp\/v2\/product\/2123","targetHints":{"allow":["GET"]}}],"collection":[{"href":"https:\/\/369agara.com\/de\/wp-json\/wp\/v2\/product"}],"about":[{"href":"https:\/\/369agara.com\/de\/wp-json\/wp\/v2\/types\/product"}],"replies":[{"embeddable":true,"href":"https:\/\/369agara.com\/de\/wp-json\/wp\/v2\/comments?post=2123"}],"wp:featuredmedia":[{"embeddable":true,"href":"https:\/\/369agara.com\/de\/wp-json\/wp\/v2\/media\/2130"}],"wp:attachment":[{"href":"https:\/\/369agara.com\/de\/wp-json\/wp\/v2\/media?parent=2123"}],"wp:term":[{"taxonomy":"product_brand","embeddable":true,"href":"https:\/\/369agara.com\/de\/wp-json\/wp\/v2\/product_brand?post=2123"},{"taxonomy":"product_cat","embeddable":true,"href":"https:\/\/369agara.com\/de\/wp-json\/wp\/v2\/product_cat?post=2123"},{"taxonomy":"product_tag","embeddable":true,"href":"https:\/\/369agara.com\/de\/wp-json\/wp\/v2\/product_tag?post=2123"}],"curies":[{"name":"wp","href":"https:\/\/api.w.org\/{rel}","templated":true}]}}