{"id":2139,"date":"2023-09-25T17:52:00","date_gmt":"2023-09-25T15:52:00","guid":{"rendered":"https:\/\/369agara.com\/?post_type=product&#038;p=2139"},"modified":"2025-05-11T12:27:08","modified_gmt":"2025-05-11T10:27:08","slug":"filtre-polier-panda","status":"publish","type":"product","link":"https:\/\/369agara.com\/de\/produkt\/filtre-polier-panda\/","title":{"rendered":"Polier-Filter PANDA15X2 Schmutziger Strom und Linky-PLC"},"content":{"rendered":"<p><span style=\"font-family: 'Book Antiqua', Palatino; font-size: 120%; color: #333399;\">Der Polier-Filter PANDA15X2 filtert st\u00f6rende Frequenzen aus dem Stromnetz, die als \"schmutzige Elektrizit\u00e4t\" bezeichnet werden, im Frequenzbereich von 10 kHz bis 1 MHz (kompakte Fluxlampen, Computertransformatoren, Neonr\u00f6hren, ...) sowie die PLC des Linky, die in Ihrem Stromnetz zirkuliert, heraus.<\/span><\/p>\n<p><span style=\"font-family: 'Book Antiqua', Palatino; font-size: 120%; color: #333399;\">Er enth\u00e4lt einen Hochleistungskondensator mit 15 \u00b5F (Mikrofarad), der durch eine Sicherung gesch\u00fctzt ist und elektrische St\u00f6rungen in Ihrem Netzwerk reduziert. Die interne elektromagnetische Abschirmung reduziert das elektrische Feld um den Filter (damit die Abschirmung funktioniert, muss der Panda-Filter an eine geerdete Steckdose angeschlossen werden).<\/span><\/p>\n<p><span style=\"font-family: 'Book Antiqua', Palatino; font-size: 120%; color: #333399;\">So k\u00f6nnen die biologischen Auswirkungen von St\u00f6rfrequenzen, die als \"schmutzige Elektrizit\u00e4t\" oder \"Dirty Electricity\" bezeichnet werden und \u00fcber die elektrischen Leitungen Ihrer elektrischen Anlage \u00fcbertragen werden, begrenzt werden.<\/span><\/p>\n<p><span style=\"font-family: 'Book Antiqua', Palatino; font-size: 120%; color: #333399;\">Ein weiterer Vorteil dieses Filters ist seine\u00a0<strong>in das Geh\u00e4use integrierte Buchse<\/strong>(Bei anderen Filtern ist die Steckdose, in die der Filter eingesteckt ist, nur f\u00fcr diesen Zweck bestimmt und kann nicht f\u00fcr andere Ger\u00e4te verwendet werden).<\/span><\/p>\n<h3><span style=\"font-family: 'Book Antiqua', Palatino; font-size: 120%; color: #333399;\">Was ist \"schmutziger Strom\"?<\/span><\/h3>\n<p><span style=\"font-family: 'Book Antiqua', Palatino; font-size: 120%; color: #333399;\">Als \"schmutzige Elektrizit\u00e4t\" bezeichnet man die \u00dcberlagerung des niederfrequenten 50-Hz-Stromnetzes durch hochfrequente St\u00f6rfrequenzen. Sie stammen haupts\u00e4chlich aus :<\/span><\/p>\n<ul>\n<li><span style=\"font-family: 'Book Antiqua', Palatino; font-size: 120%; color: #333399;\">Kompaktleuchtstofflampen, Neonr\u00f6hren<\/span><\/li>\n<li><span style=\"font-family: 'Book Antiqua', Palatino; font-size: 120%; color: #333399;\">von Wechselrichtern von Photovoltaikpaneelen<\/span><\/li>\n<li><span style=\"font-family: 'Book Antiqua', Palatino; font-size: 120%; color: #333399;\">von einigen Dimmern<\/span><\/li>\n<li><span style=\"font-family: 'Book Antiqua', Palatino; font-size: 120%; color: #333399;\">von Computern und Computertransformatoren<\/span><\/li>\n<li><span style=\"font-family: 'Book Antiqua', Palatino; font-size: 120%; color: #333399;\">von Kopierern<\/span><\/li>\n<li><span style=\"font-family: 'Book Antiqua', Palatino; font-size: 120%; color: #333399;\">des PLC (Powerline Current), einschlie\u00dflich Linky<\/span><\/li>\n<li><span style=\"font-family: 'Book Antiqua', Palatino; font-size: 120%; color: #333399;\">Elektromotoren mit variabler Geschwindigkeit<\/span><\/li>\n<li><span style=\"font-family: 'Book Antiqua', Palatino; font-size: 120%; color: #333399;\">elektrische Transformatoren<\/span><\/li>\n<\/ul>\n<p><span style=\"font-family: 'Book Antiqua', Palatino; font-size: 120%; color: #333399;\">Die gesundheitlichen Auswirkungen k\u00f6nnen sein: Herzklopfen, Schlaflosigkeit, Migr\u00e4ne und Kopfschmerzen, Tinnitus, Schwindel, Konzentrationsprobleme, Reizbarkeit, Angstzust\u00e4nde, \u00dcbelkeit, Kribbeln oder Brennen, Gelenk- und Muskelschmerzen etc.\u00a0<\/span><\/p>\n<p><span style=\"font-family: 'Book Antiqua', Palatino; font-size: 120%; color: #333399;\">Elektrohypersensible Personen kombinieren oft mehrere dieser Symptome.<\/span><\/p>\n<h3><span style=\"font-family: 'Book Antiqua', Palatino; font-size: 120%; color: #333399;\">Funktionsweise des Panda POLIER-Filters<\/span><\/h3>\n<p><span style=\"font-family: 'Book Antiqua', Palatino; font-size: 120%; color: #333399;\">Der Panda POLIER-Filter reduziert die schmutzige Elektrizit\u00e4t in Ihrem Netzwerk und d\u00e4mpft gleichzeitig hochfrequente St\u00f6rungen in der N\u00e4he Ihrer Kabel und elektrischen Ger\u00e4te. Die Reduzierung von leitungsgebundenen St\u00f6rungen ist gleichbedeutend mit der Vermeidung, dass diese st\u00f6renden Frequenzen um Sie herum in alle Kabel in Ihrem Haus abgestrahlt werden.\u00a0\u00a0<\/span><\/p>\n<p><span style=\"font-family: 'Book Antiqua', Palatino; font-size: 120%; color: #333399;\">Der Panda-Filter wird an eine 16-A-Steckdose angeschlossen, und zwar so nah wie m\u00f6glich an der\/den Quelle(n), die schmutzige Elektrizit\u00e4t ausstrahlt\/ausstrahlen (damit sich diese nicht \u00fcber das gesamte Stromnetz ausbreitet), und reduziert den Pegel der schmutzigen Elektrizit\u00e4t im gesamten Stromkreis, an den er angeschlossen ist.\u00a0<\/span><br \/>\n<span style=\"font-family: 'Book Antiqua', Palatino; font-size: 120%; color: #333399;\">In Bezug auf schmutzigen Strom, der von au\u00dfen kommt (Photovoltaikpaneele oder Transformatoren), sollte der Panda-Filter so nah wie m\u00f6glich am Stromkasten angebracht werden.<\/span><\/p>\n<p><span style=\"font-family: 'Book Antiqua', Palatino; font-size: 120%; color: #333399;\">Je nach Gr\u00f6\u00dfe Ihrer Wohnung empfehlen wir die Einrichtung von\u00a0<strong>2 bis 5 Filter<\/strong>\u00a0:<\/span><\/p>\n<ul>\n<li><span style=\"font-family: 'Book Antiqua', Palatino; font-size: 120%; color: #333399;\">einen in der N\u00e4he des Hauptstromverteilers, um Sie vor Linky-PLC und\/oder externen elektrischen Transformatoren zu sch\u00fctzen,\u00a0<\/span><\/li>\n<li><span style=\"font-family: 'Book Antiqua', Palatino; font-size: 120%; color: #333399;\">eine in der N\u00e4he Ihres Computers<\/span><\/li>\n<li><span style=\"font-family: 'Book Antiqua', Palatino; font-size: 120%; color: #333399;\">eine in der K\u00fcche<\/span><\/li>\n<li><span style=\"font-family: 'Book Antiqua', Palatino; font-size: 120%; color: #333399;\">eine in der N\u00e4he von st\u00f6renden Ger\u00e4ten<\/span><\/li>\n<\/ul>\n<p><span style=\"font-family: 'Book Antiqua', Palatino; font-size: 120%; color: #333399;\">Wir empfehlen, diese Filter an geerdete Steckdosen anzuschlie\u00dfen, um von der eingebauten Abschirmung zu profitieren.<\/span><\/p>\n<p><span style=\"font-family: 'Book Antiqua', Palatino; font-size: 120%; color: #333399;\">Durch den Einsatz mehrerer Filter k\u00f6nnen deren Wirksamkeit und Lebensdauer erh\u00f6ht werden.<\/span><\/p>\n<h3><span style=\"font-family: 'Book Antiqua', Palatino; font-size: 120%; color: #333399;\">Technische Daten<\/span><\/h3>\n<ul>\n<li><span style=\"font-family: 'Book Antiqua', Palatino; font-size: 120%; color: #333399;\">Wirksam im Frequenzbereich von 10 kHz bis 1 MHz<\/span><\/li>\n<li><span style=\"font-family: 'Book Antiqua', Palatino; font-size: 120%; color: #333399;\">AC-Kondensator mit 15 \u00b5F (AC = Wechselstrom)<\/span><\/li>\n<li><span style=\"font-family: 'Book Antiqua', Palatino; font-size: 120%; color: #333399;\">Nennbetriebsspannung des Filters: 230 V AC<\/span><\/li>\n<li><span style=\"font-family: 'Book Antiqua', Palatino; font-size: 120%; color: #333399;\">In den Kondensator integrierter Entladewiderstand<\/span><\/li>\n<li><span style=\"font-family: 'Book Antiqua', Palatino; font-size: 120%; color: #333399;\">Interne Sicherung<\/span><\/li>\n<li><span style=\"font-family: 'Book Antiqua', Palatino; font-size: 120%; color: #333399;\">Elektromagnetischer Abschirmungsschirm \u00fcber dem Kondensator, der mit der Erdungsklemme verbunden werden muss<\/span><\/li>\n<li><span style=\"font-family: 'Book Antiqua', Palatino; font-size: 120%; color: #333399;\">Anschl\u00fcsse 2P+T f\u00fcr franz\u00f6sische Stecker; Schuko-Buchse nach europ\u00e4ischem Standard<\/span><\/li>\n<li><span style=\"font-family: 'Book Antiqua', Palatino; font-size: 120%; color: #333399;\">Zugelassen f\u00fcr die europ\u00e4ischen Sicherheitsstandards<\/span><\/li>\n<li><span style=\"font-family: 'Book Antiqua', Palatino; font-size: 120%; color: #333399;\">Abmessungen: 110 x 65 x 95 mm<\/span><\/li>\n<li><span style=\"font-family: 'Book Antiqua', Palatino; font-size: 120%; color: #333399;\">Gewicht: 260 g<\/span><\/li>\n<\/ul>\n<p><span style=\"font-family: 'Book Antiqua', Palatino; font-size: 120%; color: #333399;\">Hergestellt in Frankreich von Polier<\/span><\/p>\n<p><span style=\"font-family: 'Book Antiqua', Palatino; font-size: 120%; color: #333399;\">Garantie: 3 Jahre<\/span><\/p>\n<h3><span style=\"font-family: 'Book Antiqua', Palatino; font-size: 120%; color: #333399;\">Der Agara-Rat\u00a0<\/span><\/h3>\n<p><span style=\"font-family: 'Book Antiqua', Palatino; font-size: 120%; color: #333399;\">Der Panda POLIER-Filter sch\u00fctzt vor schmutziger Elektrizit\u00e4t, hat aber keinen Einfluss auf die elektrischen 50-Hz-Felder Ihrer Elektroinstallation (Kabel in den W\u00e4nden) und angeschlossenen Elektroger\u00e4te.<\/span><br \/>\n<span style=\"font-family: 'Book Antiqua', Palatino; font-size: 120%; color: #ed1c24;\">Um Ihre Belastung so gering wie m\u00f6glich zu halten, ist es daher wichtig, sich ebenfalls vor diesen elektrischen Feldern zu sch\u00fctzen, indem Sie geeignete Schutzvorrichtungen anbringen (Mehrfachsteckdosen, abgeschirmte Kabel und Verl\u00e4ngerungskabel, abgeschirmte Leuchten, automatische Feldschalter usw.).<\/span><\/p>","protected":false},"excerpt":{"rendered":"<p><span style=\"font-family: 'Book Antiqua', Palatino; font-size: 120%; color: #333399;\">Der Filter PANDA15x2 von Polier filtert schmutzige Elektrizit\u00e4t im Frequenzbereich von 10 kHz bis 1 MHz (kompakte Fluxlampen, Computertransformatoren, Neonr\u00f6hren, ...) sowie das Linky-PLC, das in Ihrem Stromnetz zirkuliert.\u00a0<\/span><\/p>\n<p><span style=\"font-family: 'Book Antiqua', Palatino; font-size: 120%; color: #333399;\">Das neue Modell ist mit einem neuen Kondensator der Klasse X2 15 \u00b5F ausgestattet. Er wird nun aus recyceltem Kunststoff hergestellt, was seinen CO2-Fu\u00dfabdruck verringert.<\/span><\/p>","protected":false},"featured_media":2140,"comment_status":"open","ping_status":"closed","template":"","meta":[],"product_brand":[],"product_cat":[164],"product_tag":[248,246,247,251,245],"class_list":{"0":"post-2139","1":"product","2":"type-product","3":"status-publish","4":"has-post-thumbnail","6":"product_cat-baubiologie","7":"product_tag-baubiologie","8":"product_tag-bureau","9":"product_tag-chambre","10":"product_tag-electricite","11":"product_tag-maison","13":"first","14":"instock","15":"taxable","16":"shipping-taxable","17":"purchasable","18":"product-type-simple"},"yoast_head":"<!-- This site is optimized with the Yoast SEO Premium plugin v25.1 (Yoast SEO v27.4) - https:\/\/yoast.com\/product\/yoast-seo-premium-wordpress\/ -->\n<title>Filtre Polier PANDA15X2 \u00e9lectricit\u00e9 sale et CPL Linky | Agara<\/title>\n<meta name=\"description\" content=\"Le filtre PANDA15x2 de Polier permet de filtrer l&#039;\u00e9lectricit\u00e9 sale dans la bande de fr\u00e9quences 10 kHz \u00e0 1 MHz (lampes flux compactes, transformateurs d&#039;ordinateurs, n\u00e9ons, ...) ainsi que le CPL du Linky circulant sur votre r\u00e9seau \u00e9lectrique.\u00a0Ce nouveau mod\u00e8le est muni d&#039;un nouveau condensateur de classe X2 15 \u00b5F. Il est d\u00e9sormais fabriqu\u00e9 \u00e0 partir de plastique recycl\u00e9, ce qui permet de r\u00e9duire son empreinte carbone.\" \/>\n<meta name=\"robots\" content=\"index, follow, max-snippet:-1, max-image-preview:large, max-video-preview:-1\" \/>\n<link rel=\"canonical\" href=\"https:\/\/369agara.com\/de\/produkt\/filtre-polier-panda\/\" \/>\n<meta property=\"og:locale\" content=\"de_DE\" \/>\n<meta property=\"og:type\" content=\"article\" \/>\n<meta property=\"og:title\" content=\"Filtre Polier PANDA15X2 \u00e9lectricit\u00e9 sale et CPL Linky\" \/>\n<meta property=\"og:description\" content=\"Le filtre PANDA15x2 de Polier permet de filtrer l&#039;\u00e9lectricit\u00e9 sale dans la bande de fr\u00e9quences 10 kHz \u00e0 1 MHz (lampes flux compactes, transformateurs d&#039;ordinateurs, n\u00e9ons, ...) ainsi que le CPL du Linky circulant sur votre r\u00e9seau \u00e9lectrique.\u00a0Ce nouveau mod\u00e8le est muni d&#039;un nouveau condensateur de classe X2 15 \u00b5F. Il est d\u00e9sormais fabriqu\u00e9 \u00e0 partir de plastique recycl\u00e9, ce qui permet de r\u00e9duire son empreinte carbone.\" \/>\n<meta property=\"og:url\" content=\"https:\/\/369agara.com\/de\/produkt\/filtre-polier-panda\/\" \/>\n<meta property=\"og:site_name\" content=\"Agara\" \/>\n<meta property=\"article:modified_time\" content=\"2025-05-11T10:27:08+00:00\" \/>\n<meta property=\"og:image\" content=\"https:\/\/369agara.com\/wp-content\/uploads\/2023\/09\/filtre-polier-panda-electricite-sale-et-cpl-linky.jpg\" \/>\n\t<meta property=\"og:image:width\" content=\"800\" \/>\n\t<meta property=\"og:image:height\" content=\"800\" \/>\n\t<meta property=\"og:image:type\" content=\"image\/jpeg\" \/>\n<meta name=\"twitter:card\" content=\"summary_large_image\" \/>\n<meta name=\"twitter:label1\" content=\"Gesch\u00e4tzte Lesezeit\" \/>\n\t<meta name=\"twitter:data1\" content=\"4\u00a0Minuten\" \/>\n<script type=\"application\/ld+json\" class=\"yoast-schema-graph\">{\"@context\":\"https:\\\/\\\/schema.org\",\"@graph\":[{\"@type\":\"WebPage\",\"@id\":\"https:\\\/\\\/369agara.com\\\/produit\\\/filtre-polier-panda\\\/\",\"url\":\"https:\\\/\\\/369agara.com\\\/produit\\\/filtre-polier-panda\\\/\",\"name\":\"Filtre Polier PANDA15X2 \u00e9lectricit\u00e9 sale et CPL Linky | Agara\",\"isPartOf\":{\"@id\":\"https:\\\/\\\/369agara.com\\\/#website\"},\"primaryImageOfPage\":{\"@id\":\"https:\\\/\\\/369agara.com\\\/produit\\\/filtre-polier-panda\\\/#primaryimage\"},\"image\":{\"@id\":\"https:\\\/\\\/369agara.com\\\/produit\\\/filtre-polier-panda\\\/#primaryimage\"},\"thumbnailUrl\":\"https:\\\/\\\/369agara.com\\\/wp-content\\\/uploads\\\/2023\\\/09\\\/filtre-polier-panda-electricite-sale-et-cpl-linky.jpg\",\"datePublished\":\"2023-09-25T15:52:00+00:00\",\"dateModified\":\"2025-05-11T10:27:08+00:00\",\"description\":\"Le filtre PANDA15x2 de Polier permet de filtrer l'\u00e9lectricit\u00e9 sale dans la bande de fr\u00e9quences 10 kHz \u00e0 1 MHz (lampes flux compactes, transformateurs d'ordinateurs, n\u00e9ons, ...) ainsi que le CPL du Linky circulant sur votre r\u00e9seau \u00e9lectrique.\u00a0Ce nouveau mod\u00e8le est muni d'un nouveau condensateur de classe X2 15 \u00b5F. Il est d\u00e9sormais fabriqu\u00e9 \u00e0 partir de plastique recycl\u00e9, ce qui permet de r\u00e9duire son empreinte carbone.\",\"breadcrumb\":{\"@id\":\"https:\\\/\\\/369agara.com\\\/produit\\\/filtre-polier-panda\\\/#breadcrumb\"},\"inLanguage\":\"de\",\"potentialAction\":[{\"@type\":\"ReadAction\",\"target\":[\"https:\\\/\\\/369agara.com\\\/produit\\\/filtre-polier-panda\\\/\"]}]},{\"@type\":\"ImageObject\",\"inLanguage\":\"de\",\"@id\":\"https:\\\/\\\/369agara.com\\\/produit\\\/filtre-polier-panda\\\/#primaryimage\",\"url\":\"https:\\\/\\\/369agara.com\\\/wp-content\\\/uploads\\\/2023\\\/09\\\/filtre-polier-panda-electricite-sale-et-cpl-linky.jpg\",\"contentUrl\":\"https:\\\/\\\/369agara.com\\\/wp-content\\\/uploads\\\/2023\\\/09\\\/filtre-polier-panda-electricite-sale-et-cpl-linky.jpg\",\"width\":800,\"height\":800},{\"@type\":\"BreadcrumbList\",\"@id\":\"https:\\\/\\\/369agara.com\\\/produit\\\/filtre-polier-panda\\\/#breadcrumb\",\"itemListElement\":[{\"@type\":\"ListItem\",\"position\":1,\"name\":\"Accueil\",\"item\":\"https:\\\/\\\/369agara.com\\\/\"},{\"@type\":\"ListItem\",\"position\":2,\"name\":\"La boutique\",\"item\":\"https:\\\/\\\/369agara.com\\\/la-boutique\\\/\"},{\"@type\":\"ListItem\",\"position\":3,\"name\":\"Filtre Polier PANDA15X2 \u00e9lectricit\u00e9 sale et CPL Linky\"}]},{\"@type\":\"WebSite\",\"@id\":\"https:\\\/\\\/369agara.com\\\/#website\",\"url\":\"https:\\\/\\\/369agara.com\\\/\",\"name\":\"Livsrikedomar\",\"description\":\"D\u00e9connectez pour mieux vous connecter\",\"publisher\":{\"@id\":\"https:\\\/\\\/369agara.com\\\/#organization\"},\"potentialAction\":[{\"@type\":\"SearchAction\",\"target\":{\"@type\":\"EntryPoint\",\"urlTemplate\":\"https:\\\/\\\/369agara.com\\\/?s={search_term_string}\"},\"query-input\":{\"@type\":\"PropertyValueSpecification\",\"valueRequired\":true,\"valueName\":\"search_term_string\"}}],\"inLanguage\":\"de\"},{\"@type\":\"Organization\",\"@id\":\"https:\\\/\\\/369agara.com\\\/#organization\",\"name\":\"EACreations\",\"url\":\"https:\\\/\\\/369agara.com\\\/\",\"logo\":{\"@type\":\"ImageObject\",\"inLanguage\":\"de\",\"@id\":\"https:\\\/\\\/369agara.com\\\/#\\\/schema\\\/logo\\\/image\\\/\",\"url\":\"\",\"contentUrl\":\"\",\"caption\":\"EACreations\"},\"image\":{\"@id\":\"https:\\\/\\\/369agara.com\\\/#\\\/schema\\\/logo\\\/image\\\/\"}}]}<\/script>\n<!-- \/ Yoast SEO Premium plugin. -->","yoast_head_json":{"title":"Filtre Polier PANDA15X2 \u00e9lectricit\u00e9 sale et CPL Linky | Agara","description":"Le filtre PANDA15x2 de Polier permet de filtrer l'\u00e9lectricit\u00e9 sale dans la bande de fr\u00e9quences 10 kHz \u00e0 1 MHz (lampes flux compactes, transformateurs d'ordinateurs, n\u00e9ons, ...) ainsi que le CPL du Linky circulant sur votre r\u00e9seau \u00e9lectrique.\u00a0Ce nouveau mod\u00e8le est muni d'un nouveau condensateur de classe X2 15 \u00b5F. Il est d\u00e9sormais fabriqu\u00e9 \u00e0 partir de plastique recycl\u00e9, ce qui permet de r\u00e9duire son empreinte carbone.","robots":{"index":"index","follow":"follow","max-snippet":"max-snippet:-1","max-image-preview":"max-image-preview:large","max-video-preview":"max-video-preview:-1"},"canonical":"https:\/\/369agara.com\/de\/produkt\/filtre-polier-panda\/","og_locale":"de_DE","og_type":"article","og_title":"Filtre Polier PANDA15X2 \u00e9lectricit\u00e9 sale et CPL Linky","og_description":"Le filtre PANDA15x2 de Polier permet de filtrer l'\u00e9lectricit\u00e9 sale dans la bande de fr\u00e9quences 10 kHz \u00e0 1 MHz (lampes flux compactes, transformateurs d'ordinateurs, n\u00e9ons, ...) ainsi que le CPL du Linky circulant sur votre r\u00e9seau \u00e9lectrique.\u00a0Ce nouveau mod\u00e8le est muni d'un nouveau condensateur de classe X2 15 \u00b5F. Il est d\u00e9sormais fabriqu\u00e9 \u00e0 partir de plastique recycl\u00e9, ce qui permet de r\u00e9duire son empreinte carbone.","og_url":"https:\/\/369agara.com\/de\/produkt\/filtre-polier-panda\/","og_site_name":"Agara","article_modified_time":"2025-05-11T10:27:08+00:00","og_image":[{"width":800,"height":800,"url":"https:\/\/369agara.com\/wp-content\/uploads\/2023\/09\/filtre-polier-panda-electricite-sale-et-cpl-linky.jpg","type":"image\/jpeg"}],"twitter_card":"summary_large_image","twitter_misc":{"Gesch\u00e4tzte Lesezeit":"4\u00a0Minuten"},"schema":{"@context":"https:\/\/schema.org","@graph":[{"@type":"WebPage","@id":"https:\/\/369agara.com\/produit\/filtre-polier-panda\/","url":"https:\/\/369agara.com\/produit\/filtre-polier-panda\/","name":"Filtre Polier PANDA15X2 \u00e9lectricit\u00e9 sale et CPL Linky | Agara","isPartOf":{"@id":"https:\/\/369agara.com\/#website"},"primaryImageOfPage":{"@id":"https:\/\/369agara.com\/produit\/filtre-polier-panda\/#primaryimage"},"image":{"@id":"https:\/\/369agara.com\/produit\/filtre-polier-panda\/#primaryimage"},"thumbnailUrl":"https:\/\/369agara.com\/wp-content\/uploads\/2023\/09\/filtre-polier-panda-electricite-sale-et-cpl-linky.jpg","datePublished":"2023-09-25T15:52:00+00:00","dateModified":"2025-05-11T10:27:08+00:00","description":"Le filtre PANDA15x2 de Polier permet de filtrer l'\u00e9lectricit\u00e9 sale dans la bande de fr\u00e9quences 10 kHz \u00e0 1 MHz (lampes flux compactes, transformateurs d'ordinateurs, n\u00e9ons, ...) ainsi que le CPL du Linky circulant sur votre r\u00e9seau \u00e9lectrique.\u00a0Ce nouveau mod\u00e8le est muni d'un nouveau condensateur de classe X2 15 \u00b5F. Il est d\u00e9sormais fabriqu\u00e9 \u00e0 partir de plastique recycl\u00e9, ce qui permet de r\u00e9duire son empreinte carbone.","breadcrumb":{"@id":"https:\/\/369agara.com\/produit\/filtre-polier-panda\/#breadcrumb"},"inLanguage":"de","potentialAction":[{"@type":"ReadAction","target":["https:\/\/369agara.com\/produit\/filtre-polier-panda\/"]}]},{"@type":"ImageObject","inLanguage":"de","@id":"https:\/\/369agara.com\/produit\/filtre-polier-panda\/#primaryimage","url":"https:\/\/369agara.com\/wp-content\/uploads\/2023\/09\/filtre-polier-panda-electricite-sale-et-cpl-linky.jpg","contentUrl":"https:\/\/369agara.com\/wp-content\/uploads\/2023\/09\/filtre-polier-panda-electricite-sale-et-cpl-linky.jpg","width":800,"height":800},{"@type":"BreadcrumbList","@id":"https:\/\/369agara.com\/produit\/filtre-polier-panda\/#breadcrumb","itemListElement":[{"@type":"ListItem","position":1,"name":"Accueil","item":"https:\/\/369agara.com\/"},{"@type":"ListItem","position":2,"name":"La boutique","item":"https:\/\/369agara.com\/la-boutique\/"},{"@type":"ListItem","position":3,"name":"Filtre Polier PANDA15X2 \u00e9lectricit\u00e9 sale et CPL Linky"}]},{"@type":"WebSite","@id":"https:\/\/369agara.com\/#website","url":"https:\/\/369agara.com\/","name":"Livsrikedomar","description":"Trennen Sie die Verbindung, um sich besser zu verbinden","publisher":{"@id":"https:\/\/369agara.com\/#organization"},"potentialAction":[{"@type":"SearchAction","target":{"@type":"EntryPoint","urlTemplate":"https:\/\/369agara.com\/?s={search_term_string}"},"query-input":{"@type":"PropertyValueSpecification","valueRequired":true,"valueName":"search_term_string"}}],"inLanguage":"de"},{"@type":"Organization","@id":"https:\/\/369agara.com\/#organization","name":"EACreations","url":"https:\/\/369agara.com\/","logo":{"@type":"ImageObject","inLanguage":"de","@id":"https:\/\/369agara.com\/#\/schema\/logo\/image\/","url":"","contentUrl":"","caption":"EACreations"},"image":{"@id":"https:\/\/369agara.com\/#\/schema\/logo\/image\/"}}]}},"jetpack_sharing_enabled":true,"_links":{"self":[{"href":"https:\/\/369agara.com\/de\/wp-json\/wp\/v2\/product\/2139","targetHints":{"allow":["GET"]}}],"collection":[{"href":"https:\/\/369agara.com\/de\/wp-json\/wp\/v2\/product"}],"about":[{"href":"https:\/\/369agara.com\/de\/wp-json\/wp\/v2\/types\/product"}],"replies":[{"embeddable":true,"href":"https:\/\/369agara.com\/de\/wp-json\/wp\/v2\/comments?post=2139"}],"wp:featuredmedia":[{"embeddable":true,"href":"https:\/\/369agara.com\/de\/wp-json\/wp\/v2\/media\/2140"}],"wp:attachment":[{"href":"https:\/\/369agara.com\/de\/wp-json\/wp\/v2\/media?parent=2139"}],"wp:term":[{"taxonomy":"product_brand","embeddable":true,"href":"https:\/\/369agara.com\/de\/wp-json\/wp\/v2\/product_brand?post=2139"},{"taxonomy":"product_cat","embeddable":true,"href":"https:\/\/369agara.com\/de\/wp-json\/wp\/v2\/product_cat?post=2139"},{"taxonomy":"product_tag","embeddable":true,"href":"https:\/\/369agara.com\/de\/wp-json\/wp\/v2\/product_tag?post=2139"}],"curies":[{"name":"wp","href":"https:\/\/api.w.org\/{rel}","templated":true}]}}