{"id":2152,"date":"2023-09-25T19:06:33","date_gmt":"2023-09-25T17:06:33","guid":{"rendered":"https:\/\/369agara.com\/?post_type=product&#038;p=2152"},"modified":"2025-05-13T11:38:18","modified_gmt":"2025-05-13T09:38:18","slug":"drap-housse-bio-6-tailles","status":"publish","type":"product","link":"https:\/\/369agara.com\/de\/produkt\/drap-housse-bio-6-tailles\/","title":{"rendered":"Erdungs-Spannbetttuch aus Bio-Baumwolle | 6 Gr\u00f6\u00dfen erh\u00e4ltlich Earthing"},"content":{"rendered":"<p><span style=\"font-family: 'Book Antiqua', Palatino; font-size: 120%; color: #333399;\">Verbinden Sie Ihren K\u00f6rper w\u00e4hrend des Schlafs wieder mit der nat\u00fcrlichen Energie der Erde durch das\u00a0<strong>Erdungsspannbetttuch<\/strong>.<\/span><\/p>\n<p><span style=\"font-family: 'Book Antiqua', Palatino; font-size: 120%; color: #333399;\">Konzipiert f\u00fcr einen\u00a0<strong>direkter Hautkontakt<\/strong>Er f\u00f6rdert eine\u00a0<strong>erholsamer Schlaf<\/strong>Es lindert chronische Schmerzen und hilft, Stress abzubauen, indem es die wohltuenden Wirkungen des direkten Kontakts mit der Natur nachahmt.<\/span><\/p>\n<h3><span style=\"font-family: 'Book Antiqua', Palatino; font-size: 120%; color: #333399;\">Die Vorteile von Earthing w\u00e4hrend des Schlafs<\/span><\/h3>\n<p><span style=\"font-family: 'Book Antiqua', Palatino; font-size: 120%; color: #333399;\">Laut Clinton Ober und den Autoren des Buches\u00a0<em>\"Verbinde dich mit der Erde\"<\/em>Ein Schlaf, der mit der Erde verbunden ist, stellt Folgendes wieder her\u00a0<strong>das nat\u00fcrliche elektrische Gleichgewicht des K\u00f6rpers<\/strong>\u00a0und elektrostatische Aufladungen zu beseitigen, wie beim Barfu\u00dflaufen in der Natur.<\/span><\/p>\n<p><span style=\"font-family: 'Book Antiqua', Palatino; font-size: 120%; color: #333399;\">Die Earthing-Produkte stellen dieses Ph\u00e4nomen im Alltag einfach und effektiv nach. Inspiriert von dem uralten Prinzip des Barfu\u00dflaufens im Gras, erm\u00f6glicht Earthing :<\/span><\/p>\n<ul>\n<li><span style=\"font-family: 'Book Antiqua', Palatino; font-size: 120%; color: #333399;\">Aufgestaute elektrische K\u00f6rperspannungen abbauen<\/span><\/li>\n<li><span style=\"font-family: 'Book Antiqua', Palatino; font-size: 120%; color: #333399;\">Verbesserung der Schlafqualit\u00e4t und der Regulierung der biologischen Uhr<\/span><\/li>\n<li><span style=\"font-family: 'Book Antiqua', Palatino; font-size: 120%; color: #333399;\">Entz\u00fcndungen, Muskelschmerzen und Kopfschmerzen lindern<\/span><\/li>\n<li><span style=\"font-family: 'Book Antiqua', Palatino; font-size: 120%; color: #333399;\">St\u00e4rkung des Immunsystems und des Blutkreislaufs<\/span><\/li>\n<li><span style=\"font-family: 'Book Antiqua', Palatino; font-size: 120%; color: #333399;\">Stress, Reizbarkeit, Angstzust\u00e4nde und bestimmte Symptome im Zusammenhang mit Elektrosensibilit\u00e4t verringern<\/span><\/li>\n<\/ul>\n<p><span style=\"font-family: 'Book Antiqua', Palatino; font-size: 120%; color: #333399;\">Die erw\u00e4hnten Vorteile beruhen auf Erfahrungsberichten und empirischen Beobachtungen. Dieses Spannbetttuch\u00a0<strong>ist kein medizinisches Ger\u00e4t<\/strong>. Bei gesundheitlichen Problemen wenden Sie sich bitte an medizinisches Fachpersonal.<\/span><\/p>\n<h3><span style=\"font-family: 'Book Antiqua', Palatino; font-size: 120%; color: #333399;\">Unauff\u00e4llige und nat\u00fcrliche Technologie<\/span><\/h3>\n<ul>\n<li><span style=\"font-family: 'Book Antiqua', Palatino; font-size: 120%; color: #333399;\"><strong>100 % biologische Baumwolle<\/strong>weich und atmungsaktiv<\/span><\/li>\n<li><span style=\"font-family: 'Book Antiqua', Palatino; font-size: 120%; color: #333399;\">Verschlungen von\u00a0<strong>leitf\u00e4hige Silberfasern<\/strong>\u00a0(je nach Gr\u00f6\u00dfe bis zu 1000 m Faden)<\/span><\/li>\n<li><span style=\"font-family: 'Book Antiqua', Palatino; font-size: 120%; color: #333399;\"><strong>Farbe: gebrochenes Wei\u00df<\/strong>\u00a0nat\u00fcrlich (ungef\u00e4rbt)<\/span><\/li>\n<li><span style=\"font-family: 'Book Antiqua', Palatino; font-size: 120%; color: #333399;\"><strong>Optimaler Komfort<\/strong>\u00a0: Baumwollgef\u00fchl, kein metallisches Gef\u00fchl<\/span><\/li>\n<\/ul>\n<blockquote><p><span style=\"font-family: 'Book Antiqua', Palatino; font-size: 120%; color: #333399;\">Um eine maximale Wirkung zu erzielen, sollten Sie in\u00a0<strong>direkter Hautkontakt<\/strong>\u00a0(ohne Pyjama oder mit leichter Kleidung).<\/span><\/p><\/blockquote>\n<h3><span style=\"font-family: 'Book Antiqua', Palatino; font-size: 120%; color: #333399;\">Verf\u00fcgbare Ma\u00dfe<\/span><\/h3>\n<p><span style=\"font-family: 'Book Antiqua', Palatino; font-size: 120%; color: #333399;\">Dieses Spannbettlaken l\u00e4sst sich dank seiner\u00a0<strong>elastische R\u00e4nder<\/strong>\u00a0:<\/span><\/p>\n<ul>\n<li><span style=\"font-family: 'Book Antiqua', Palatino; font-size: 120%; color: #333399;\">90 x 200 cm<\/span><\/li>\n<li><span style=\"font-family: 'Book Antiqua', Palatino; font-size: 120%; color: #333399;\">140 x 200 cm<\/span><\/li>\n<li><span style=\"font-family: 'Book Antiqua', Palatino; font-size: 120%; color: #333399;\">150 x 200 cm\u00a0<em>(auf Bestellung)<\/em><\/span><\/li>\n<li><span style=\"font-family: 'Book Antiqua', Palatino; font-size: 120%; color: #333399;\">160 x 200 cm<\/span><\/li>\n<li><span style=\"font-family: 'Book Antiqua', Palatino; font-size: 120%; color: #333399;\">180 x 213 cm\u00a0<em>(auf Bestellung)<\/em><\/span><\/li>\n<li><span style=\"font-family: 'Book Antiqua', Palatino; font-size: 120%; color: #333399;\">200 x 213 cm\u00a0<em>(auf Bestellung)<\/em><\/span><span style=\"font-family: 'Book Antiqua', Palatino; font-size: 120%; color: #333399;\">Eignet sich auch f\u00fcr\u00a0<strong>dicke Matratze<\/strong>\u00a0dank seines breiten, dehnbaren Umrisses.<\/span><\/li>\n<\/ul>\n<h3><span style=\"font-family: 'Book Antiqua', Palatino; font-size: 120%; color: #333399;\">Einfache und sichere Installation<\/span><\/h3>\n<ul>\n<li><span style=\"font-family: 'Book Antiqua', Palatino; font-size: 120%; color: #333399;\">Geliefert mit einem\u00a0<strong>4,60 m langes Erdungskabel<\/strong><\/span><\/li>\n<li><span style=\"font-family: 'Book Antiqua', Palatino; font-size: 120%; color: #333399;\">Geliefert mit einer\u00a0<strong>Verbindungsstecker<\/strong>\u00a0kompatibel mit Steckdosen in vielen L\u00e4ndern (Frankreich, Belgien, Deutschland, Italien usw.)<\/span><\/li>\n<li><span style=\"font-family: 'Book Antiqua', Palatino; font-size: 120%; color: #333399;\">Eine\u00a0<strong>unauff\u00e4llige Verbindung<\/strong>\u00a0ist am Rand des Lakens integriert, um das Kabel anzuschlie\u00dfen<\/span><\/li>\n<li><span style=\"font-family: 'Book Antiqua', Palatino; font-size: 120%; color: #333399;\">Funktioniert nur, wenn\u00a0<strong>Ihre Steckdose geerdet ist<\/strong><\/span><\/li>\n<\/ul>\n<p><span style=\"font-family: 'Book Antiqua', Palatino; font-size: 120%; color: #333399;\">Wenn keine ordnungsgem\u00e4\u00df angeschlossene Steckdose vorhanden ist, k\u00f6nnen Sie eine <strong>externer Erdungsstab<\/strong>\u00a0ob Sie in einem Haus oder im Erdgeschoss wohnen.<\/span><\/p>\n<h3><span style=\"font-family: 'Book Antiqua', Palatino; font-size: 120%; color: #333399;\">Einfache Pflege<\/span><\/h3>\n<ul>\n<li><span style=\"font-family: 'Book Antiqua', Palatino; font-size: 120%; color: #333399;\">Waschen bei 30\u00b0C in der Maschine m\u00f6glich mit einer\u00a0<strong>mildes Waschmittel ohne Bleichmittel<\/strong><\/span><\/li>\n<li><span style=\"font-family: 'Book Antiqua', Palatino; font-size: 120%; color: #333399;\">Keine Bleiche oder aggressive Mittel verwenden (Gefahr der Besch\u00e4digung der leitenden Fasern).<\/span><\/li>\n<li><span style=\"font-family: 'Book Antiqua', Palatino; font-size: 120%; color: #333399;\">Lufttrocknung empfohlen<\/span><\/li>\n<\/ul>\n<p><span style=\"font-family: 'Book Antiqua', Palatino; font-size: 120%; color: #333399;\">Bleichmittel, Lotionen und \u00d6le k\u00f6nnen Silber anlaufen lassen und es nicht mehr leitf\u00e4hig machen.\u00a0<\/span><br \/>\n<span style=\"font-family: 'Book Antiqua', Palatino; font-size: 120%; color: #333399;\">Weichmacher lagern sich auf Silber an und besch\u00e4digen seine Leitf\u00e4higkeit.<\/span><\/p>\n<h3><span style=\"font-family: 'Book Antiqua', Palatino; font-size: 120%; color: #333399;\">Der Agara-Rat<\/span><\/h3>\n<p><span style=\"font-family: 'Book Antiqua', Palatino; font-size: 120%; color: #333399;\">Damit Earthing wirksam ist, ist es entscheidend, dass Sie die Qualit\u00e4t Ihrer Erdung testen, entweder mit einem geeigneten Ger\u00e4t (Erdungspr\u00fcfer, Tohm-E Erdungsmessger\u00e4t oder Catohm DT-300) oder indem Sie einen Fachmann mit entsprechender Ausr\u00fcstung beauftragen.\u00a0<\/span><\/p>\n<p><span style=\"font-family: 'Book Antiqua', Palatino; font-size: 120%; color: #333399;\">Denn wenn die elektrischen Installationen zu alt oder falsch installiert sind, kann es sein, dass die Erdverbindung nicht ausreichend oder gar nicht vorhanden ist.<\/span><\/p>\n<p><span style=\"font-family: 'Book Antiqua', Palatino; font-size: 120%; color: #333399;\">Es ist auch sehr wichtig, elektrische Felder im Raum so weit wie m\u00f6glich einzuschr\u00e4nken (Radiowecker, Nachttischlampen, nicht abgeschirmte Mehrfachsteckdosen und Verl\u00e4ngerungskabel), damit sie die Erdung nicht st\u00f6ren. Z\u00f6gern Sie nicht, sie zu messen oder messen zu lassen!<\/span><\/p>\n<p><span style=\"font-family: 'Book Antiqua', Palatino; font-size: 120%; color: #ed1c24;\"><strong>Aus hygienischen Gr\u00fcnden sind Textilien (Kleidung, M\u00fctzen, Kappen, Bettw\u00e4sche, Schlafs\u00e4cke, Decken, Handschuhe, Socken...) oder andere Artikel, die in direktem Kontakt mit dem K\u00f6rper getragen werden, von der R\u00fcckgabe und dem Umtausch ausgeschlossen. Wir danken Ihnen im Voraus f\u00fcr Ihr Verst\u00e4ndnis.<\/strong><\/span><\/p>","protected":false},"excerpt":{"rendered":"<p><span style=\"font-family: 'Book Antiqua', Palatino; font-size: 120%; color: #333399;\">Verbinden Sie Ihren K\u00f6rper w\u00e4hrend des Schlafs wieder mit der nat\u00fcrlichen Energie der Erde durch das\u00a0<strong>Erdungsspannbetttuch<\/strong>.\u00a0<\/span><\/p>\n<p><span style=\"font-family: 'Book Antiqua', Palatino; font-size: 120%; color: #333399;\">Konzipiert f\u00fcr einen\u00a0<strong>direkter Hautkontakt<\/strong>Er f\u00f6rdert eine\u00a0<strong>erholsamer Schlaf<\/strong>Es lindert chronische Schmerzen und hilft, Stress abzubauen, indem es die wohltuenden Wirkungen des direkten Kontakts mit der Natur nachahmt.\u00a0<\/span><\/p>\n<p><span style=\"font-family: 'Book Antiqua', Palatino; font-size: 120%; color: #333399;\">6 verf\u00fcgbare Gr\u00f6\u00dfen: 90\/100 x 200 cm, 140 x 200 cm, 150 x 200 cm, 160 x 200 cm, 180 x 200 cm, 200 x 200 cm.\u00a0<\/span><\/p>\n<p><span style=\"font-family: 'Book Antiqua', Palatino; font-size: 120%; color: #333399;\">Wird mit Erdungszubeh\u00f6r geliefert.<\/span><\/p>","protected":false},"featured_media":2159,"comment_status":"open","ping_status":"closed","template":"","meta":[],"product_brand":[267],"product_cat":[164],"product_tag":[248,247,249,245],"class_list":{"0":"post-2152","1":"product","2":"type-product","3":"status-publish","4":"has-post-thumbnail","6":"product_brand-earthing","7":"product_cat-baubiologie","8":"product_tag-baubiologie","9":"product_tag-chambre","10":"product_tag-electromagnetisme","11":"product_tag-maison","13":"first","14":"instock","15":"taxable","16":"shipping-taxable","17":"purchasable","18":"product-type-variable"},"yoast_head":"<!-- This site is optimized with the Yoast SEO Premium plugin v25.1 (Yoast SEO v27.4) - https:\/\/yoast.com\/product\/yoast-seo-premium-wordpress\/ -->\n<title>Drap-housse de mise \u00e0 la terre en coton bio | 6 tailles disponibles Earthing | Agara<\/title>\n<meta name=\"description\" content=\"Drap-housse de mise \u00e0 la terre con\u00e7u pour un\u00a0contact direct avec la peau. Favorise un\u00a0sommeil r\u00e9parateur, apaise les douleurs chroniques et aide \u00e0 r\u00e9duire le stress, en reproduisant les effets b\u00e9n\u00e9fiques du contact direct avec la nature.\u00a06 tailles disponibles : 90\/100 x 200 cm, 140 x 200 cm, 150 x 200 cm, 160 x 200 cm, 180 x 200 cm, 200 x 200 cm.\u00a0Livr\u00e9 avec ses accessoires de mise \u00e0 la terre.\" \/>\n<meta name=\"robots\" content=\"index, follow, max-snippet:-1, max-image-preview:large, max-video-preview:-1\" \/>\n<link rel=\"canonical\" href=\"https:\/\/369agara.com\/de\/produkt\/drap-housse-bio-6-tailles\/\" \/>\n<meta property=\"og:locale\" content=\"de_DE\" \/>\n<meta property=\"og:type\" content=\"article\" \/>\n<meta property=\"og:title\" content=\"Drap-housse de mise \u00e0 la terre en coton bio | 6 tailles disponibles Earthing\" \/>\n<meta property=\"og:description\" content=\"Drap-housse de mise \u00e0 la terre con\u00e7u pour un\u00a0contact direct avec la peau. Favorise un\u00a0sommeil r\u00e9parateur, apaise les douleurs chroniques et aide \u00e0 r\u00e9duire le stress, en reproduisant les effets b\u00e9n\u00e9fiques du contact direct avec la nature.\u00a06 tailles disponibles : 90\/100 x 200 cm, 140 x 200 cm, 150 x 200 cm, 160 x 200 cm, 180 x 200 cm, 200 x 200 cm.\u00a0Livr\u00e9 avec ses accessoires de mise \u00e0 la terre.\" \/>\n<meta property=\"og:url\" content=\"https:\/\/369agara.com\/de\/produkt\/drap-housse-bio-6-tailles\/\" \/>\n<meta property=\"og:site_name\" content=\"Agara\" \/>\n<meta property=\"article:modified_time\" content=\"2025-05-13T09:38:18+00:00\" \/>\n<meta property=\"og:image\" content=\"https:\/\/369agara.com\/wp-content\/uploads\/2023\/09\/drap-housse-de-mise-a-la-terre-earthing.jpg\" \/>\n\t<meta property=\"og:image:width\" content=\"800\" \/>\n\t<meta property=\"og:image:height\" content=\"800\" \/>\n\t<meta property=\"og:image:type\" content=\"image\/jpeg\" \/>\n<meta name=\"twitter:card\" content=\"summary_large_image\" \/>\n<meta name=\"twitter:label1\" content=\"Gesch\u00e4tzte Lesezeit\" \/>\n\t<meta name=\"twitter:data1\" content=\"4\u00a0Minuten\" \/>\n<script type=\"application\/ld+json\" class=\"yoast-schema-graph\">{\"@context\":\"https:\\\/\\\/schema.org\",\"@graph\":[{\"@type\":\"WebPage\",\"@id\":\"https:\\\/\\\/369agara.com\\\/produit\\\/drap-housse-bio-6-tailles\\\/\",\"url\":\"https:\\\/\\\/369agara.com\\\/produit\\\/drap-housse-bio-6-tailles\\\/\",\"name\":\"Drap-housse de mise \u00e0 la terre en coton bio | 6 tailles disponibles Earthing | Agara\",\"isPartOf\":{\"@id\":\"https:\\\/\\\/369agara.com\\\/#website\"},\"primaryImageOfPage\":{\"@id\":\"https:\\\/\\\/369agara.com\\\/produit\\\/drap-housse-bio-6-tailles\\\/#primaryimage\"},\"image\":{\"@id\":\"https:\\\/\\\/369agara.com\\\/produit\\\/drap-housse-bio-6-tailles\\\/#primaryimage\"},\"thumbnailUrl\":\"https:\\\/\\\/369agara.com\\\/wp-content\\\/uploads\\\/2023\\\/09\\\/drap-housse-de-mise-a-la-terre-earthing.jpg\",\"datePublished\":\"2023-09-25T17:06:33+00:00\",\"dateModified\":\"2025-05-13T09:38:18+00:00\",\"description\":\"Drap-housse de mise \u00e0 la terre con\u00e7u pour un\u00a0contact direct avec la peau. Favorise un\u00a0sommeil r\u00e9parateur, apaise les douleurs chroniques et aide \u00e0 r\u00e9duire le stress, en reproduisant les effets b\u00e9n\u00e9fiques du contact direct avec la nature.\u00a06 tailles disponibles : 90\\\/100 x 200 cm, 140 x 200 cm, 150 x 200 cm, 160 x 200 cm, 180 x 200 cm, 200 x 200 cm.\u00a0Livr\u00e9 avec ses accessoires de mise \u00e0 la terre.\",\"breadcrumb\":{\"@id\":\"https:\\\/\\\/369agara.com\\\/produit\\\/drap-housse-bio-6-tailles\\\/#breadcrumb\"},\"inLanguage\":\"de\",\"potentialAction\":[{\"@type\":\"ReadAction\",\"target\":[\"https:\\\/\\\/369agara.com\\\/produit\\\/drap-housse-bio-6-tailles\\\/\"]}]},{\"@type\":\"ImageObject\",\"inLanguage\":\"de\",\"@id\":\"https:\\\/\\\/369agara.com\\\/produit\\\/drap-housse-bio-6-tailles\\\/#primaryimage\",\"url\":\"https:\\\/\\\/369agara.com\\\/wp-content\\\/uploads\\\/2023\\\/09\\\/drap-housse-de-mise-a-la-terre-earthing.jpg\",\"contentUrl\":\"https:\\\/\\\/369agara.com\\\/wp-content\\\/uploads\\\/2023\\\/09\\\/drap-housse-de-mise-a-la-terre-earthing.jpg\",\"width\":800,\"height\":800},{\"@type\":\"BreadcrumbList\",\"@id\":\"https:\\\/\\\/369agara.com\\\/produit\\\/drap-housse-bio-6-tailles\\\/#breadcrumb\",\"itemListElement\":[{\"@type\":\"ListItem\",\"position\":1,\"name\":\"Accueil\",\"item\":\"https:\\\/\\\/369agara.com\\\/\"},{\"@type\":\"ListItem\",\"position\":2,\"name\":\"La boutique\",\"item\":\"https:\\\/\\\/369agara.com\\\/la-boutique\\\/\"},{\"@type\":\"ListItem\",\"position\":3,\"name\":\"Drap-housse de mise \u00e0 la terre en coton bio | 6 tailles disponibles Earthing\"}]},{\"@type\":\"WebSite\",\"@id\":\"https:\\\/\\\/369agara.com\\\/#website\",\"url\":\"https:\\\/\\\/369agara.com\\\/\",\"name\":\"Livsrikedomar\",\"description\":\"D\u00e9connectez pour mieux vous connecter\",\"publisher\":{\"@id\":\"https:\\\/\\\/369agara.com\\\/#organization\"},\"potentialAction\":[{\"@type\":\"SearchAction\",\"target\":{\"@type\":\"EntryPoint\",\"urlTemplate\":\"https:\\\/\\\/369agara.com\\\/?s={search_term_string}\"},\"query-input\":{\"@type\":\"PropertyValueSpecification\",\"valueRequired\":true,\"valueName\":\"search_term_string\"}}],\"inLanguage\":\"de\"},{\"@type\":\"Organization\",\"@id\":\"https:\\\/\\\/369agara.com\\\/#organization\",\"name\":\"EACreations\",\"url\":\"https:\\\/\\\/369agara.com\\\/\",\"logo\":{\"@type\":\"ImageObject\",\"inLanguage\":\"de\",\"@id\":\"https:\\\/\\\/369agara.com\\\/#\\\/schema\\\/logo\\\/image\\\/\",\"url\":\"\",\"contentUrl\":\"\",\"caption\":\"EACreations\"},\"image\":{\"@id\":\"https:\\\/\\\/369agara.com\\\/#\\\/schema\\\/logo\\\/image\\\/\"}}]}<\/script>\n<!-- \/ Yoast SEO Premium plugin. -->","yoast_head_json":{"title":"Drap-housse de mise \u00e0 la terre en coton bio | 6 tailles disponibles Earthing | Agara","description":"Drap-housse de mise \u00e0 la terre con\u00e7u pour un\u00a0contact direct avec la peau. Favorise un\u00a0sommeil r\u00e9parateur, apaise les douleurs chroniques et aide \u00e0 r\u00e9duire le stress, en reproduisant les effets b\u00e9n\u00e9fiques du contact direct avec la nature.\u00a06 tailles disponibles : 90\/100 x 200 cm, 140 x 200 cm, 150 x 200 cm, 160 x 200 cm, 180 x 200 cm, 200 x 200 cm.\u00a0Livr\u00e9 avec ses accessoires de mise \u00e0 la terre.","robots":{"index":"index","follow":"follow","max-snippet":"max-snippet:-1","max-image-preview":"max-image-preview:large","max-video-preview":"max-video-preview:-1"},"canonical":"https:\/\/369agara.com\/de\/produkt\/drap-housse-bio-6-tailles\/","og_locale":"de_DE","og_type":"article","og_title":"Drap-housse de mise \u00e0 la terre en coton bio | 6 tailles disponibles Earthing","og_description":"Drap-housse de mise \u00e0 la terre con\u00e7u pour un\u00a0contact direct avec la peau. Favorise un\u00a0sommeil r\u00e9parateur, apaise les douleurs chroniques et aide \u00e0 r\u00e9duire le stress, en reproduisant les effets b\u00e9n\u00e9fiques du contact direct avec la nature.\u00a06 tailles disponibles : 90\/100 x 200 cm, 140 x 200 cm, 150 x 200 cm, 160 x 200 cm, 180 x 200 cm, 200 x 200 cm.\u00a0Livr\u00e9 avec ses accessoires de mise \u00e0 la terre.","og_url":"https:\/\/369agara.com\/de\/produkt\/drap-housse-bio-6-tailles\/","og_site_name":"Agara","article_modified_time":"2025-05-13T09:38:18+00:00","og_image":[{"width":800,"height":800,"url":"https:\/\/369agara.com\/wp-content\/uploads\/2023\/09\/drap-housse-de-mise-a-la-terre-earthing.jpg","type":"image\/jpeg"}],"twitter_card":"summary_large_image","twitter_misc":{"Gesch\u00e4tzte Lesezeit":"4\u00a0Minuten"},"schema":{"@context":"https:\/\/schema.org","@graph":[{"@type":"WebPage","@id":"https:\/\/369agara.com\/produit\/drap-housse-bio-6-tailles\/","url":"https:\/\/369agara.com\/produit\/drap-housse-bio-6-tailles\/","name":"Drap-housse de mise \u00e0 la terre en coton bio | 6 tailles disponibles Earthing | Agara","isPartOf":{"@id":"https:\/\/369agara.com\/#website"},"primaryImageOfPage":{"@id":"https:\/\/369agara.com\/produit\/drap-housse-bio-6-tailles\/#primaryimage"},"image":{"@id":"https:\/\/369agara.com\/produit\/drap-housse-bio-6-tailles\/#primaryimage"},"thumbnailUrl":"https:\/\/369agara.com\/wp-content\/uploads\/2023\/09\/drap-housse-de-mise-a-la-terre-earthing.jpg","datePublished":"2023-09-25T17:06:33+00:00","dateModified":"2025-05-13T09:38:18+00:00","description":"Drap-housse de mise \u00e0 la terre con\u00e7u pour un\u00a0contact direct avec la peau. Favorise un\u00a0sommeil r\u00e9parateur, apaise les douleurs chroniques et aide \u00e0 r\u00e9duire le stress, en reproduisant les effets b\u00e9n\u00e9fiques du contact direct avec la nature.\u00a06 tailles disponibles : 90\/100 x 200 cm, 140 x 200 cm, 150 x 200 cm, 160 x 200 cm, 180 x 200 cm, 200 x 200 cm.\u00a0Livr\u00e9 avec ses accessoires de mise \u00e0 la terre.","breadcrumb":{"@id":"https:\/\/369agara.com\/produit\/drap-housse-bio-6-tailles\/#breadcrumb"},"inLanguage":"de","potentialAction":[{"@type":"ReadAction","target":["https:\/\/369agara.com\/produit\/drap-housse-bio-6-tailles\/"]}]},{"@type":"ImageObject","inLanguage":"de","@id":"https:\/\/369agara.com\/produit\/drap-housse-bio-6-tailles\/#primaryimage","url":"https:\/\/369agara.com\/wp-content\/uploads\/2023\/09\/drap-housse-de-mise-a-la-terre-earthing.jpg","contentUrl":"https:\/\/369agara.com\/wp-content\/uploads\/2023\/09\/drap-housse-de-mise-a-la-terre-earthing.jpg","width":800,"height":800},{"@type":"BreadcrumbList","@id":"https:\/\/369agara.com\/produit\/drap-housse-bio-6-tailles\/#breadcrumb","itemListElement":[{"@type":"ListItem","position":1,"name":"Accueil","item":"https:\/\/369agara.com\/"},{"@type":"ListItem","position":2,"name":"La boutique","item":"https:\/\/369agara.com\/la-boutique\/"},{"@type":"ListItem","position":3,"name":"Drap-housse de mise \u00e0 la terre en coton bio | 6 tailles disponibles Earthing"}]},{"@type":"WebSite","@id":"https:\/\/369agara.com\/#website","url":"https:\/\/369agara.com\/","name":"Livsrikedomar","description":"Trennen Sie die Verbindung, um sich besser zu verbinden","publisher":{"@id":"https:\/\/369agara.com\/#organization"},"potentialAction":[{"@type":"SearchAction","target":{"@type":"EntryPoint","urlTemplate":"https:\/\/369agara.com\/?s={search_term_string}"},"query-input":{"@type":"PropertyValueSpecification","valueRequired":true,"valueName":"search_term_string"}}],"inLanguage":"de"},{"@type":"Organization","@id":"https:\/\/369agara.com\/#organization","name":"EACreations","url":"https:\/\/369agara.com\/","logo":{"@type":"ImageObject","inLanguage":"de","@id":"https:\/\/369agara.com\/#\/schema\/logo\/image\/","url":"","contentUrl":"","caption":"EACreations"},"image":{"@id":"https:\/\/369agara.com\/#\/schema\/logo\/image\/"}}]}},"jetpack_sharing_enabled":true,"_links":{"self":[{"href":"https:\/\/369agara.com\/de\/wp-json\/wp\/v2\/product\/2152","targetHints":{"allow":["GET"]}}],"collection":[{"href":"https:\/\/369agara.com\/de\/wp-json\/wp\/v2\/product"}],"about":[{"href":"https:\/\/369agara.com\/de\/wp-json\/wp\/v2\/types\/product"}],"replies":[{"embeddable":true,"href":"https:\/\/369agara.com\/de\/wp-json\/wp\/v2\/comments?post=2152"}],"wp:featuredmedia":[{"embeddable":true,"href":"https:\/\/369agara.com\/de\/wp-json\/wp\/v2\/media\/2159"}],"wp:attachment":[{"href":"https:\/\/369agara.com\/de\/wp-json\/wp\/v2\/media?parent=2152"}],"wp:term":[{"taxonomy":"product_brand","embeddable":true,"href":"https:\/\/369agara.com\/de\/wp-json\/wp\/v2\/product_brand?post=2152"},{"taxonomy":"product_cat","embeddable":true,"href":"https:\/\/369agara.com\/de\/wp-json\/wp\/v2\/product_cat?post=2152"},{"taxonomy":"product_tag","embeddable":true,"href":"https:\/\/369agara.com\/de\/wp-json\/wp\/v2\/product_tag?post=2152"}],"curies":[{"name":"wp","href":"https:\/\/api.w.org\/{rel}","templated":true}]}}