{"id":2173,"date":"2023-09-30T15:35:41","date_gmt":"2023-09-30T13:35:41","guid":{"rendered":"https:\/\/369agara.com\/?post_type=product&#038;p=2173"},"modified":"2025-05-11T09:36:04","modified_gmt":"2025-05-11T07:36:04","slug":"cable-blinde-x3-differentes-sections","status":"publish","type":"product","link":"https:\/\/369agara.com\/de\/produkt\/cable-blinde-x3-differentes-sections\/","title":{"rendered":"Abgeschirmtes Kabel Biologa Danell wei\u00df 3 x 0.75 mm\u00b2 | 3 x 1.5 mm\u00b2 PVC-frei"},"content":{"rendered":"<p><span style=\"font-family: 'Book Antiqua', Palatino; font-size: 120%; color: #333399;\">Das abgeschirmte Kabel Biologa Danell wei\u00df 3 x 0,75 mm\u00b2 ohne PVC erm\u00f6glicht es Ihnen, sich vor elektrischen und magnetischen Feldern zu sch\u00fctzen.<\/span><\/p>\n<p><span style=\"font-family: 'Book Antiqua', Palatino; font-size: 120%; color: #333399;\">Elektrische Felder beeinflussen unser Nerven-, Endokrin- und Immunsystem. <\/span><br \/>\n<span style=\"font-family: 'Book Antiqua', Palatino; font-size: 120%; color: #333399;\">Sie st\u00f6ren :<\/span><\/p>\n<ul>\n<li><span style=\"font-family: 'Book Antiqua', Palatino; font-size: 120%; color: #333399;\">die Sekretion von Melatonin (Schlafhormon, Anti-Krebsmittel)<\/span><\/li>\n<li><span style=\"font-family: 'Book Antiqua', Palatino; font-size: 120%; color: #333399;\">das S\u00e4ure-Basen-Gleichgewicht, indem sie unseren K\u00f6rper ans\u00e4uern. <\/span><\/li>\n<\/ul>\n<p><span style=\"font-family: 'Book Antiqua', Palatino; font-size: 120%; color: #333399;\">Sie ionisieren die Luft auch positiv, was zu einer erh\u00f6hten : <\/span><\/p>\n<ul>\n<li><span style=\"font-family: 'Book Antiqua', Palatino; font-size: 120%; color: #333399;\">den Herzrhythmus<\/span><\/li>\n<li><span style=\"font-family: 'Book Antiqua', Palatino; font-size: 120%; color: #333399;\">Stress<\/span><\/li>\n<li><span style=\"font-family: 'Book Antiqua', Palatino; font-size: 120%; color: #333399;\">Unbehagen<\/span><\/li>\n<li><span style=\"font-family: 'Book Antiqua', Palatino; font-size: 120%; color: #333399;\">die Sauerstoffversorgung des Gehirns ver\u00e4ndern<\/span><\/li>\n<\/ul>\n<p><span style=\"font-family: 'Book Antiqua', Palatino; font-size: 120%; color: #333399;\">Magnetfelder wirken sich auf unser Zellsystem aus.<\/span><\/p>\n<p><span style=\"font-family: 'Book Antiqua', Palatino; font-size: 120%; color: #333399;\">Dieses abgeschirmte Biologa-Danell-Kabel ist so konzipiert, dass es im Gegensatz zu Standardkabeln keine elektrischen Felder (Niederfrequenz 50 Hertz) aussendet. Dieses Kabel besteht aus drei Dr\u00e4hten (Phase, Erde und Neutralleiter), die mit einer Metallfolie umh\u00fcllt sind, die geerdet elektrische Felder unterdr\u00fcckt. Diese Dr\u00e4hte sind au\u00dferdem 15 Mal pro Meter in sich selbst verdreht, um magnetische Felder sehr stark zu d\u00e4mpfen.<\/span><\/p>\n<p><span style=\"font-family: 'Book Antiqua', Palatino; font-size: 120%; color: #333399;\">Dieses abgeschirmte Kabel, das in 50-Meter-Spulen verkauft wird, erm\u00f6glicht es Ihnen, Ihre elektrischen Installationen selbst zu arrangieren.<\/span><\/p>\n<h3><span style=\"font-family: 'Book Antiqua', Palatino; font-size: 120%; color: #333399;\">Technische Daten<\/span><\/h3>\n<ul>\n<li><span style=\"font-family: 'Book Antiqua', Palatino; font-size: 120%; color: #333399;\">PVC-freies, abgeschirmtes Kabel<\/span><\/li>\n<li><span style=\"font-family: 'Book Antiqua', Palatino; font-size: 120%; color: #333399;\">Querschnitt: 3 x 0.75 mm\u00b2<\/span><\/li>\n<li><span style=\"font-family: 'Book Antiqua', Palatino; font-size: 120%; color: #333399;\">Verkauft in Rollen zu 20 Metern\u00a0<\/span><\/li>\n<\/ul>\n<p><span style=\"font-family: 'Book Antiqua', Palatino; font-size: 120%; color: #333399;\">Hergestellt in Deutschland\u00a0<\/span><\/p>","protected":false},"excerpt":{"rendered":"<p><span style=\"font-family: 'Book Antiqua', Palatino; font-size: 120%; color: #333399;\">Mit dem wei\u00dfen, flexiblen, PVC-freien, abgeschirmten Biologa Danell Kabel 0,75 mm\u00b2 oder 1,5 mm\u00b2 k\u00f6nnen Sie sich sowohl vor elektrischen als auch vor magnetischen Feldern sch\u00fctzen.\u00a0<\/span><\/p>\n<p><span style=\"font-family: 'Book Antiqua', Palatino; font-size: 120%; color: #333399;\">Wird in Rollen zu 50 Metern verkauft.<\/span><\/p>","protected":false},"featured_media":2174,"comment_status":"open","ping_status":"closed","template":"","meta":[],"product_brand":[],"product_cat":[164],"product_tag":[248,246,247,251,245,255],"class_list":{"0":"post-2173","1":"product","2":"type-product","3":"status-publish","4":"has-post-thumbnail","6":"product_cat-baubiologie","7":"product_tag-baubiologie","8":"product_tag-bureau","9":"product_tag-chambre","10":"product_tag-electricite","11":"product_tag-maison","12":"product_tag-mur","14":"first","15":"instock","16":"taxable","17":"shipping-taxable","18":"purchasable","19":"product-type-variable"},"yoast_head":"<!-- This site is optimized with the Yoast SEO Premium plugin v25.1 (Yoast SEO v27.4) - https:\/\/yoast.com\/product\/yoast-seo-premium-wordpress\/ -->\n<title>C\u00e2ble blind\u00e9 Biologa Danell blanc 3 x 0.75 mm\u00b2 | 3 x 1.5 mm\u00b2 sans PVC | Agara<\/title>\n<meta name=\"description\" content=\"Le c\u00e2ble blind\u00e9 Biologa Danell blanc, souple, sans PVC, 0.75 mm\u00b2 ou 1.5 mm\u00b2, permet de vous prot\u00e9ger \u00e0 la fois des champs \u00e9lectriques et des champs magn\u00e9tiques.\u00a0Vendu par bobine de 50 m\u00e8tres.\" \/>\n<meta name=\"robots\" content=\"index, follow, max-snippet:-1, max-image-preview:large, max-video-preview:-1\" \/>\n<link rel=\"canonical\" href=\"https:\/\/369agara.com\/de\/produkt\/cable-blinde-x3-differentes-sections\/\" \/>\n<meta property=\"og:locale\" content=\"de_DE\" \/>\n<meta property=\"og:type\" content=\"article\" \/>\n<meta property=\"og:title\" content=\"C\u00e2ble blind\u00e9 Biologa Danell blanc 3 x 0.75 mm\u00b2 | 3 x 1.5 mm\u00b2 sans PVC\" \/>\n<meta property=\"og:description\" content=\"Le c\u00e2ble blind\u00e9 Biologa Danell blanc, souple, sans PVC, 0.75 mm\u00b2 ou 1.5 mm\u00b2, permet de vous prot\u00e9ger \u00e0 la fois des champs \u00e9lectriques et des champs magn\u00e9tiques.\u00a0Vendu par bobine de 50 m\u00e8tres.\" \/>\n<meta property=\"og:url\" content=\"https:\/\/369agara.com\/de\/produkt\/cable-blinde-x3-differentes-sections\/\" \/>\n<meta property=\"og:site_name\" content=\"Agara\" \/>\n<meta property=\"article:modified_time\" content=\"2025-05-11T07:36:04+00:00\" \/>\n<meta property=\"og:image\" content=\"https:\/\/369agara.com\/wp-content\/uploads\/2023\/09\/cable-blinde-d-installation-sans-pvc-075mm.jpg\" \/>\n\t<meta property=\"og:image:width\" content=\"800\" \/>\n\t<meta property=\"og:image:height\" content=\"800\" \/>\n\t<meta property=\"og:image:type\" content=\"image\/jpeg\" \/>\n<meta name=\"twitter:card\" content=\"summary_large_image\" \/>\n<meta name=\"twitter:label1\" content=\"Gesch\u00e4tzte Lesezeit\" \/>\n\t<meta name=\"twitter:data1\" content=\"2\u00a0Minuten\" \/>\n<script type=\"application\/ld+json\" class=\"yoast-schema-graph\">{\"@context\":\"https:\\\/\\\/schema.org\",\"@graph\":[{\"@type\":\"WebPage\",\"@id\":\"https:\\\/\\\/369agara.com\\\/produit\\\/cable-blinde-x3-differentes-sections\\\/\",\"url\":\"https:\\\/\\\/369agara.com\\\/produit\\\/cable-blinde-x3-differentes-sections\\\/\",\"name\":\"C\u00e2ble blind\u00e9 Biologa Danell blanc 3 x 0.75 mm\u00b2 | 3 x 1.5 mm\u00b2 sans PVC | Agara\",\"isPartOf\":{\"@id\":\"https:\\\/\\\/369agara.com\\\/#website\"},\"primaryImageOfPage\":{\"@id\":\"https:\\\/\\\/369agara.com\\\/produit\\\/cable-blinde-x3-differentes-sections\\\/#primaryimage\"},\"image\":{\"@id\":\"https:\\\/\\\/369agara.com\\\/produit\\\/cable-blinde-x3-differentes-sections\\\/#primaryimage\"},\"thumbnailUrl\":\"https:\\\/\\\/369agara.com\\\/wp-content\\\/uploads\\\/2023\\\/09\\\/cable-blinde-d-installation-sans-pvc-075mm.jpg\",\"datePublished\":\"2023-09-30T13:35:41+00:00\",\"dateModified\":\"2025-05-11T07:36:04+00:00\",\"description\":\"Le c\u00e2ble blind\u00e9 Biologa Danell blanc, souple, sans PVC, 0.75 mm\u00b2 ou 1.5 mm\u00b2, permet de vous prot\u00e9ger \u00e0 la fois des champs \u00e9lectriques et des champs magn\u00e9tiques.\u00a0Vendu par bobine de 50 m\u00e8tres.\",\"breadcrumb\":{\"@id\":\"https:\\\/\\\/369agara.com\\\/produit\\\/cable-blinde-x3-differentes-sections\\\/#breadcrumb\"},\"inLanguage\":\"de\",\"potentialAction\":[{\"@type\":\"ReadAction\",\"target\":[\"https:\\\/\\\/369agara.com\\\/produit\\\/cable-blinde-x3-differentes-sections\\\/\"]}]},{\"@type\":\"ImageObject\",\"inLanguage\":\"de\",\"@id\":\"https:\\\/\\\/369agara.com\\\/produit\\\/cable-blinde-x3-differentes-sections\\\/#primaryimage\",\"url\":\"https:\\\/\\\/369agara.com\\\/wp-content\\\/uploads\\\/2023\\\/09\\\/cable-blinde-d-installation-sans-pvc-075mm.jpg\",\"contentUrl\":\"https:\\\/\\\/369agara.com\\\/wp-content\\\/uploads\\\/2023\\\/09\\\/cable-blinde-d-installation-sans-pvc-075mm.jpg\",\"width\":800,\"height\":800},{\"@type\":\"BreadcrumbList\",\"@id\":\"https:\\\/\\\/369agara.com\\\/produit\\\/cable-blinde-x3-differentes-sections\\\/#breadcrumb\",\"itemListElement\":[{\"@type\":\"ListItem\",\"position\":1,\"name\":\"Accueil\",\"item\":\"https:\\\/\\\/369agara.com\\\/\"},{\"@type\":\"ListItem\",\"position\":2,\"name\":\"La boutique\",\"item\":\"https:\\\/\\\/369agara.com\\\/la-boutique\\\/\"},{\"@type\":\"ListItem\",\"position\":3,\"name\":\"C\u00e2ble blind\u00e9 Biologa Danell blanc 3 x 0.75 mm\u00b2 | 3 x 1.5 mm\u00b2 sans PVC\"}]},{\"@type\":\"WebSite\",\"@id\":\"https:\\\/\\\/369agara.com\\\/#website\",\"url\":\"https:\\\/\\\/369agara.com\\\/\",\"name\":\"Livsrikedomar\",\"description\":\"D\u00e9connectez pour mieux vous connecter\",\"publisher\":{\"@id\":\"https:\\\/\\\/369agara.com\\\/#organization\"},\"potentialAction\":[{\"@type\":\"SearchAction\",\"target\":{\"@type\":\"EntryPoint\",\"urlTemplate\":\"https:\\\/\\\/369agara.com\\\/?s={search_term_string}\"},\"query-input\":{\"@type\":\"PropertyValueSpecification\",\"valueRequired\":true,\"valueName\":\"search_term_string\"}}],\"inLanguage\":\"de\"},{\"@type\":\"Organization\",\"@id\":\"https:\\\/\\\/369agara.com\\\/#organization\",\"name\":\"EACreations\",\"url\":\"https:\\\/\\\/369agara.com\\\/\",\"logo\":{\"@type\":\"ImageObject\",\"inLanguage\":\"de\",\"@id\":\"https:\\\/\\\/369agara.com\\\/#\\\/schema\\\/logo\\\/image\\\/\",\"url\":\"\",\"contentUrl\":\"\",\"caption\":\"EACreations\"},\"image\":{\"@id\":\"https:\\\/\\\/369agara.com\\\/#\\\/schema\\\/logo\\\/image\\\/\"}}]}<\/script>\n<!-- \/ Yoast SEO Premium plugin. -->","yoast_head_json":{"title":"C\u00e2ble blind\u00e9 Biologa Danell blanc 3 x 0.75 mm\u00b2 | 3 x 1.5 mm\u00b2 sans PVC | Agara","description":"Das wei\u00dfe, flexible, PVC-freie, abgeschirmte Biologa Danell-Kabel, 0,75 mm\u00b2 oder 1,5 mm\u00b2, sch\u00fctzt Sie sowohl vor elektrischen als auch vor magnetischen Feldern. Wird in Spulen zu 50 m verkauft.","robots":{"index":"index","follow":"follow","max-snippet":"max-snippet:-1","max-image-preview":"max-image-preview:large","max-video-preview":"max-video-preview:-1"},"canonical":"https:\/\/369agara.com\/de\/produkt\/cable-blinde-x3-differentes-sections\/","og_locale":"de_DE","og_type":"article","og_title":"C\u00e2ble blind\u00e9 Biologa Danell blanc 3 x 0.75 mm\u00b2 | 3 x 1.5 mm\u00b2 sans PVC","og_description":"Le c\u00e2ble blind\u00e9 Biologa Danell blanc, souple, sans PVC, 0.75 mm\u00b2 ou 1.5 mm\u00b2, permet de vous prot\u00e9ger \u00e0 la fois des champs \u00e9lectriques et des champs magn\u00e9tiques.\u00a0Vendu par bobine de 50 m\u00e8tres.","og_url":"https:\/\/369agara.com\/de\/produkt\/cable-blinde-x3-differentes-sections\/","og_site_name":"Agara","article_modified_time":"2025-05-11T07:36:04+00:00","og_image":[{"width":800,"height":800,"url":"https:\/\/369agara.com\/wp-content\/uploads\/2023\/09\/cable-blinde-d-installation-sans-pvc-075mm.jpg","type":"image\/jpeg"}],"twitter_card":"summary_large_image","twitter_misc":{"Gesch\u00e4tzte Lesezeit":"2\u00a0Minuten"},"schema":{"@context":"https:\/\/schema.org","@graph":[{"@type":"WebPage","@id":"https:\/\/369agara.com\/produit\/cable-blinde-x3-differentes-sections\/","url":"https:\/\/369agara.com\/produit\/cable-blinde-x3-differentes-sections\/","name":"C\u00e2ble blind\u00e9 Biologa Danell blanc 3 x 0.75 mm\u00b2 | 3 x 1.5 mm\u00b2 sans PVC | Agara","isPartOf":{"@id":"https:\/\/369agara.com\/#website"},"primaryImageOfPage":{"@id":"https:\/\/369agara.com\/produit\/cable-blinde-x3-differentes-sections\/#primaryimage"},"image":{"@id":"https:\/\/369agara.com\/produit\/cable-blinde-x3-differentes-sections\/#primaryimage"},"thumbnailUrl":"https:\/\/369agara.com\/wp-content\/uploads\/2023\/09\/cable-blinde-d-installation-sans-pvc-075mm.jpg","datePublished":"2023-09-30T13:35:41+00:00","dateModified":"2025-05-11T07:36:04+00:00","description":"Das wei\u00dfe, flexible, PVC-freie, abgeschirmte Biologa Danell-Kabel, 0,75 mm\u00b2 oder 1,5 mm\u00b2, sch\u00fctzt Sie sowohl vor elektrischen als auch vor magnetischen Feldern. Wird in Spulen zu 50 m verkauft.","breadcrumb":{"@id":"https:\/\/369agara.com\/produit\/cable-blinde-x3-differentes-sections\/#breadcrumb"},"inLanguage":"de","potentialAction":[{"@type":"ReadAction","target":["https:\/\/369agara.com\/produit\/cable-blinde-x3-differentes-sections\/"]}]},{"@type":"ImageObject","inLanguage":"de","@id":"https:\/\/369agara.com\/produit\/cable-blinde-x3-differentes-sections\/#primaryimage","url":"https:\/\/369agara.com\/wp-content\/uploads\/2023\/09\/cable-blinde-d-installation-sans-pvc-075mm.jpg","contentUrl":"https:\/\/369agara.com\/wp-content\/uploads\/2023\/09\/cable-blinde-d-installation-sans-pvc-075mm.jpg","width":800,"height":800},{"@type":"BreadcrumbList","@id":"https:\/\/369agara.com\/produit\/cable-blinde-x3-differentes-sections\/#breadcrumb","itemListElement":[{"@type":"ListItem","position":1,"name":"Accueil","item":"https:\/\/369agara.com\/"},{"@type":"ListItem","position":2,"name":"La boutique","item":"https:\/\/369agara.com\/la-boutique\/"},{"@type":"ListItem","position":3,"name":"C\u00e2ble blind\u00e9 Biologa Danell blanc 3 x 0.75 mm\u00b2 | 3 x 1.5 mm\u00b2 sans PVC"}]},{"@type":"WebSite","@id":"https:\/\/369agara.com\/#website","url":"https:\/\/369agara.com\/","name":"Livsrikedomar","description":"Trennen Sie die Verbindung, um sich besser zu verbinden","publisher":{"@id":"https:\/\/369agara.com\/#organization"},"potentialAction":[{"@type":"SearchAction","target":{"@type":"EntryPoint","urlTemplate":"https:\/\/369agara.com\/?s={search_term_string}"},"query-input":{"@type":"PropertyValueSpecification","valueRequired":true,"valueName":"search_term_string"}}],"inLanguage":"de"},{"@type":"Organization","@id":"https:\/\/369agara.com\/#organization","name":"EACreations","url":"https:\/\/369agara.com\/","logo":{"@type":"ImageObject","inLanguage":"de","@id":"https:\/\/369agara.com\/#\/schema\/logo\/image\/","url":"","contentUrl":"","caption":"EACreations"},"image":{"@id":"https:\/\/369agara.com\/#\/schema\/logo\/image\/"}}]}},"jetpack_sharing_enabled":true,"_links":{"self":[{"href":"https:\/\/369agara.com\/de\/wp-json\/wp\/v2\/product\/2173","targetHints":{"allow":["GET"]}}],"collection":[{"href":"https:\/\/369agara.com\/de\/wp-json\/wp\/v2\/product"}],"about":[{"href":"https:\/\/369agara.com\/de\/wp-json\/wp\/v2\/types\/product"}],"replies":[{"embeddable":true,"href":"https:\/\/369agara.com\/de\/wp-json\/wp\/v2\/comments?post=2173"}],"wp:featuredmedia":[{"embeddable":true,"href":"https:\/\/369agara.com\/de\/wp-json\/wp\/v2\/media\/2174"}],"wp:attachment":[{"href":"https:\/\/369agara.com\/de\/wp-json\/wp\/v2\/media?parent=2173"}],"wp:term":[{"taxonomy":"product_brand","embeddable":true,"href":"https:\/\/369agara.com\/de\/wp-json\/wp\/v2\/product_brand?post=2173"},{"taxonomy":"product_cat","embeddable":true,"href":"https:\/\/369agara.com\/de\/wp-json\/wp\/v2\/product_cat?post=2173"},{"taxonomy":"product_tag","embeddable":true,"href":"https:\/\/369agara.com\/de\/wp-json\/wp\/v2\/product_tag?post=2173"}],"curies":[{"name":"wp","href":"https:\/\/api.w.org\/{rel}","templated":true}]}}