{"id":2175,"date":"2023-09-30T16:24:02","date_gmt":"2023-09-30T14:24:02","guid":{"rendered":"https:\/\/369agara.com\/?post_type=product&#038;p=2175"},"modified":"2025-05-10T23:23:32","modified_gmt":"2025-05-10T21:23:32","slug":"fil-phase-blinde-1-5mm2-plusieurs-couleurs","status":"publish","type":"product","link":"https:\/\/369agara.com\/de\/produkt\/fil-phase-blinde-1-5mm2-plusieurs-couleurs\/","title":{"rendered":"Abgeschirmter Phasendraht 1,5 mm\u00b2 rot | schwarz | orange | braun | violett"},"content":{"rendered":"<p><span style=\"font-family: 'book antiqua', palatino, serif; font-size: 120%; color: #333399;\">Anv\u00e4ndningen av 1,5 mm\u00b2 sk\u00e4rmad fasledning i din elinstallation eliminerar elektriska f\u00e4lt och de nackdelar som \u00e4r f\u00f6rknippade med det.<\/span><\/p>\n<p><span style=\"font-family: 'book antiqua', palatino, serif; font-size: 120%; color: #333399;\">P\u00e5verkar v\u00e5ra nerv-, immun- och endokrina system, deras huvudsakliga effekter \u00e4r: stress, nervositet, irritabilitet, hyperaktivitet, s\u00f6mnl\u00f6shet, huvudv\u00e4rk, koncentrationsproblem och minnesproblem, onormal tr\u00f6tthet, depression, f\u00f6rsurning av kroppen, svagt immunf\u00f6rsvar, etc.<\/span><\/p>\n<p><span style=\"font-family: 'book antiqua', palatino, serif; font-size: 120%; color: #333399;\">Anv\u00e4ndningen av sk\u00e4rmade ledningar \u00e4r avg\u00f6rande n\u00e4r byggmaterial \u00e4r mycket ledande, s\u00e5som tr\u00e4 eller Gipskarton.<\/span><\/p>\n<p><span style=\"font-family: 'book antiqua', palatino, serif; font-size: 120%; color: #333399;\">Sk\u00e4rmade ledningar b\u00f6r fr\u00e4mst anv\u00e4ndas i rum d\u00e4r du vistas l\u00e4nge (sovrum, kontor) eller till och med i hela ditt hem beroende p\u00e5 din grad av k\u00e4nslighet f\u00f6r elektriska f\u00e4lt och tiden du vistas i andra rum.<\/span><\/p>\n<p><span style=\"text-decoration: underline; font-family: 'book antiqua', palatino, serif; font-size: 120%; color: #333399;\"><strong>Tekniska egenskaper:<\/strong><\/span><\/p>\n<p><span style=\"font-family: 'book antiqua', palatino, serif; font-size: 120%; color: #333399;\">Sk\u00e4rmad tr\u00e5dsektion: 1,5 mm\u00b2.<\/span><\/p>\n<p><span style=\"font-family: 'book antiqua', palatino, serif; font-size: 120%; color: #333399;\">Durchmesser: 5,1 mm<\/span><\/p>\n<p><span style=\"font-family: 'book antiqua', palatino, serif; font-size: 120%; color: #333399;\">Spolens l\u00e4ngd: 100 m<\/span><\/p>\n<p><span style=\"font-family: 'book antiqua', palatino, serif; font-size: 120%; color: #333399;\">Sk\u00e4rmen m\u00e5ste anslutas till jord via ett avlopp.<\/span><\/p>","protected":false},"excerpt":{"rendered":"<p><span style=\"font-family: 'book antiqua', palatino, serif; font-size: 120%; color: #333399;\">Den 1,5 mm\u00b2 gro\u00dfen Sk\u00e4rmade fastr\u00e5den eliminerar elektriska f\u00e4lt och de tillh\u00f6rande nackdelarna.<\/span><\/p>\n<p><span style=\"font-family: 'book antiqua', palatino, serif; font-size: 120%; color: #333399;\">Tillg\u00e4ngliga i r\u00f6d, svart, orange, braun och lila.<\/span><\/p>\n<p><span style=\"font-family: 'book antiqua', palatino, serif; font-size: 120%; color: #333399;\">S\u00e4ljes med 100 m spole.<\/span><\/p>","protected":false},"featured_media":2184,"comment_status":"open","ping_status":"closed","template":"","meta":[],"product_brand":[],"product_cat":[164],"product_tag":[],"class_list":{"0":"post-2175","1":"product","2":"type-product","3":"status-publish","4":"has-post-thumbnail","6":"product_cat-baubiologie","8":"first","9":"instock","10":"taxable","11":"shipping-taxable","12":"purchasable","13":"product-type-variable"},"yoast_head":"<!-- This site is optimized with the Yoast SEO Premium plugin v25.1 (Yoast SEO v27.4) - https:\/\/yoast.com\/product\/yoast-seo-premium-wordpress\/ -->\n<title>Fil de phase blind\u00e9 1,5 mm\u00b2 rouge | noir | orange | marron | violet | Agara<\/title>\n<meta name=\"description\" content=\"Den 1,5 mm\u00b2 sk\u00e4rmade fastr\u00e5den eliminerar elektriska f\u00e4lt och de tillh\u00f6rande nackdelarna. Tillg\u00e4ngliga i r\u00f6d, svart, orange, brun och lila. S\u00e4ljes med 100 m spole\" \/>\n<meta name=\"robots\" content=\"index, follow, max-snippet:-1, max-image-preview:large, max-video-preview:-1\" \/>\n<link rel=\"canonical\" href=\"https:\/\/369agara.com\/de\/produkt\/fil-phase-blinde-1-5mm2-plusieurs-couleurs\/\" \/>\n<meta property=\"og:locale\" content=\"de_DE\" \/>\n<meta property=\"og:type\" content=\"article\" \/>\n<meta property=\"og:title\" content=\"Fil de phase blind\u00e9 1,5 mm\u00b2 rouge | noir | orange | marron | violet\" \/>\n<meta property=\"og:description\" content=\"Den 1,5 mm\u00b2 sk\u00e4rmade fastr\u00e5den eliminerar elektriska f\u00e4lt och de tillh\u00f6rande nackdelarna. Tillg\u00e4ngliga i r\u00f6d, svart, orange, brun och lila. S\u00e4ljes med 100 m spole\" \/>\n<meta property=\"og:url\" content=\"https:\/\/369agara.com\/de\/produkt\/fil-phase-blinde-1-5mm2-plusieurs-couleurs\/\" \/>\n<meta property=\"og:site_name\" content=\"Agara\" \/>\n<meta property=\"article:modified_time\" content=\"2025-05-10T21:23:32+00:00\" \/>\n<meta property=\"og:image\" content=\"https:\/\/369agara.com\/wp-content\/uploads\/2023\/09\/fil-de-phase-blinde-1-5-mmc2b2-rouge.jpg\" \/>\n\t<meta property=\"og:image:width\" content=\"800\" \/>\n\t<meta property=\"og:image:height\" content=\"800\" \/>\n\t<meta property=\"og:image:type\" content=\"image\/jpeg\" \/>\n<meta name=\"twitter:card\" content=\"summary_large_image\" \/>\n<meta name=\"twitter:label1\" content=\"Gesch\u00e4tzte Lesezeit\" \/>\n\t<meta name=\"twitter:data1\" content=\"1\u00a0Minute\" \/>\n<script type=\"application\/ld+json\" class=\"yoast-schema-graph\">{\"@context\":\"https:\\\/\\\/schema.org\",\"@graph\":[{\"@type\":\"WebPage\",\"@id\":\"https:\\\/\\\/369agara.com\\\/produit\\\/fil-phase-blinde-1-5mm2-plusieurs-couleurs\\\/\",\"url\":\"https:\\\/\\\/369agara.com\\\/produit\\\/fil-phase-blinde-1-5mm2-plusieurs-couleurs\\\/\",\"name\":\"Fil de phase blind\u00e9 1,5 mm\u00b2 rouge | noir | orange | marron | violet | Agara\",\"isPartOf\":{\"@id\":\"https:\\\/\\\/369agara.com\\\/#website\"},\"primaryImageOfPage\":{\"@id\":\"https:\\\/\\\/369agara.com\\\/produit\\\/fil-phase-blinde-1-5mm2-plusieurs-couleurs\\\/#primaryimage\"},\"image\":{\"@id\":\"https:\\\/\\\/369agara.com\\\/produit\\\/fil-phase-blinde-1-5mm2-plusieurs-couleurs\\\/#primaryimage\"},\"thumbnailUrl\":\"https:\\\/\\\/369agara.com\\\/wp-content\\\/uploads\\\/2023\\\/09\\\/fil-de-phase-blinde-1-5-mmc2b2-rouge.jpg\",\"datePublished\":\"2023-09-30T14:24:02+00:00\",\"dateModified\":\"2025-05-10T21:23:32+00:00\",\"description\":\"Den 1,5 mm\u00b2 sk\u00e4rmade fastr\u00e5den eliminerar elektriska f\u00e4lt och de tillh\u00f6rande nackdelarna. Tillg\u00e4ngliga i r\u00f6d, svart, orange, brun och lila. S\u00e4ljes med 100 m spole\",\"breadcrumb\":{\"@id\":\"https:\\\/\\\/369agara.com\\\/produit\\\/fil-phase-blinde-1-5mm2-plusieurs-couleurs\\\/#breadcrumb\"},\"inLanguage\":\"de\",\"potentialAction\":[{\"@type\":\"ReadAction\",\"target\":[\"https:\\\/\\\/369agara.com\\\/produit\\\/fil-phase-blinde-1-5mm2-plusieurs-couleurs\\\/\"]}]},{\"@type\":\"ImageObject\",\"inLanguage\":\"de\",\"@id\":\"https:\\\/\\\/369agara.com\\\/produit\\\/fil-phase-blinde-1-5mm2-plusieurs-couleurs\\\/#primaryimage\",\"url\":\"https:\\\/\\\/369agara.com\\\/wp-content\\\/uploads\\\/2023\\\/09\\\/fil-de-phase-blinde-1-5-mmc2b2-rouge.jpg\",\"contentUrl\":\"https:\\\/\\\/369agara.com\\\/wp-content\\\/uploads\\\/2023\\\/09\\\/fil-de-phase-blinde-1-5-mmc2b2-rouge.jpg\",\"width\":800,\"height\":800},{\"@type\":\"BreadcrumbList\",\"@id\":\"https:\\\/\\\/369agara.com\\\/produit\\\/fil-phase-blinde-1-5mm2-plusieurs-couleurs\\\/#breadcrumb\",\"itemListElement\":[{\"@type\":\"ListItem\",\"position\":1,\"name\":\"Accueil\",\"item\":\"https:\\\/\\\/369agara.com\\\/\"},{\"@type\":\"ListItem\",\"position\":2,\"name\":\"La boutique\",\"item\":\"https:\\\/\\\/369agara.com\\\/la-boutique\\\/\"},{\"@type\":\"ListItem\",\"position\":3,\"name\":\"Fil de phase blind\u00e9 1,5 mm\u00b2 rouge | noir | orange | marron | violet\"}]},{\"@type\":\"WebSite\",\"@id\":\"https:\\\/\\\/369agara.com\\\/#website\",\"url\":\"https:\\\/\\\/369agara.com\\\/\",\"name\":\"Livsrikedomar\",\"description\":\"D\u00e9connectez pour mieux vous connecter\",\"publisher\":{\"@id\":\"https:\\\/\\\/369agara.com\\\/#organization\"},\"potentialAction\":[{\"@type\":\"SearchAction\",\"target\":{\"@type\":\"EntryPoint\",\"urlTemplate\":\"https:\\\/\\\/369agara.com\\\/?s={search_term_string}\"},\"query-input\":{\"@type\":\"PropertyValueSpecification\",\"valueRequired\":true,\"valueName\":\"search_term_string\"}}],\"inLanguage\":\"de\"},{\"@type\":\"Organization\",\"@id\":\"https:\\\/\\\/369agara.com\\\/#organization\",\"name\":\"EACreations\",\"url\":\"https:\\\/\\\/369agara.com\\\/\",\"logo\":{\"@type\":\"ImageObject\",\"inLanguage\":\"de\",\"@id\":\"https:\\\/\\\/369agara.com\\\/#\\\/schema\\\/logo\\\/image\\\/\",\"url\":\"\",\"contentUrl\":\"\",\"caption\":\"EACreations\"},\"image\":{\"@id\":\"https:\\\/\\\/369agara.com\\\/#\\\/schema\\\/logo\\\/image\\\/\"}}]}<\/script>\n<!-- \/ Yoast SEO Premium plugin. -->","yoast_head_json":{"title":"Fil de phase blind\u00e9 1,5 mm\u00b2 rouge | noir | orange | marron | violet | Agara","description":"Den 1,5 mm\u00b2 sk\u00e4rmade fastr\u00e5den eliminerar elektriska f\u00e4lt och de tillh\u00f6rande nackdelarna. Tillg\u00e4ngliga i r\u00f6d, svart, orange, brun och lila. S\u00e4ljes med 100 m spole","robots":{"index":"index","follow":"follow","max-snippet":"max-snippet:-1","max-image-preview":"max-image-preview:large","max-video-preview":"max-video-preview:-1"},"canonical":"https:\/\/369agara.com\/de\/produkt\/fil-phase-blinde-1-5mm2-plusieurs-couleurs\/","og_locale":"de_DE","og_type":"article","og_title":"Fil de phase blind\u00e9 1,5 mm\u00b2 rouge | noir | orange | marron | violet","og_description":"Den 1,5 mm\u00b2 sk\u00e4rmade fastr\u00e5den eliminerar elektriska f\u00e4lt och de tillh\u00f6rande nackdelarna. Tillg\u00e4ngliga i r\u00f6d, svart, orange, brun och lila. S\u00e4ljes med 100 m spole","og_url":"https:\/\/369agara.com\/de\/produkt\/fil-phase-blinde-1-5mm2-plusieurs-couleurs\/","og_site_name":"Agara","article_modified_time":"2025-05-10T21:23:32+00:00","og_image":[{"width":800,"height":800,"url":"https:\/\/369agara.com\/wp-content\/uploads\/2023\/09\/fil-de-phase-blinde-1-5-mmc2b2-rouge.jpg","type":"image\/jpeg"}],"twitter_card":"summary_large_image","twitter_misc":{"Gesch\u00e4tzte Lesezeit":"1\u00a0Minute"},"schema":{"@context":"https:\/\/schema.org","@graph":[{"@type":"WebPage","@id":"https:\/\/369agara.com\/produit\/fil-phase-blinde-1-5mm2-plusieurs-couleurs\/","url":"https:\/\/369agara.com\/produit\/fil-phase-blinde-1-5mm2-plusieurs-couleurs\/","name":"Fil de phase blind\u00e9 1,5 mm\u00b2 rouge | noir | orange | marron | violet | Agara","isPartOf":{"@id":"https:\/\/369agara.com\/#website"},"primaryImageOfPage":{"@id":"https:\/\/369agara.com\/produit\/fil-phase-blinde-1-5mm2-plusieurs-couleurs\/#primaryimage"},"image":{"@id":"https:\/\/369agara.com\/produit\/fil-phase-blinde-1-5mm2-plusieurs-couleurs\/#primaryimage"},"thumbnailUrl":"https:\/\/369agara.com\/wp-content\/uploads\/2023\/09\/fil-de-phase-blinde-1-5-mmc2b2-rouge.jpg","datePublished":"2023-09-30T14:24:02+00:00","dateModified":"2025-05-10T21:23:32+00:00","description":"Den 1,5 mm\u00b2 sk\u00e4rmade fastr\u00e5den eliminerar elektriska f\u00e4lt och de tillh\u00f6rande nackdelarna. Tillg\u00e4ngliga i r\u00f6d, svart, orange, brun och lila. S\u00e4ljes med 100 m spole","breadcrumb":{"@id":"https:\/\/369agara.com\/produit\/fil-phase-blinde-1-5mm2-plusieurs-couleurs\/#breadcrumb"},"inLanguage":"de","potentialAction":[{"@type":"ReadAction","target":["https:\/\/369agara.com\/produit\/fil-phase-blinde-1-5mm2-plusieurs-couleurs\/"]}]},{"@type":"ImageObject","inLanguage":"de","@id":"https:\/\/369agara.com\/produit\/fil-phase-blinde-1-5mm2-plusieurs-couleurs\/#primaryimage","url":"https:\/\/369agara.com\/wp-content\/uploads\/2023\/09\/fil-de-phase-blinde-1-5-mmc2b2-rouge.jpg","contentUrl":"https:\/\/369agara.com\/wp-content\/uploads\/2023\/09\/fil-de-phase-blinde-1-5-mmc2b2-rouge.jpg","width":800,"height":800},{"@type":"BreadcrumbList","@id":"https:\/\/369agara.com\/produit\/fil-phase-blinde-1-5mm2-plusieurs-couleurs\/#breadcrumb","itemListElement":[{"@type":"ListItem","position":1,"name":"Accueil","item":"https:\/\/369agara.com\/"},{"@type":"ListItem","position":2,"name":"La boutique","item":"https:\/\/369agara.com\/la-boutique\/"},{"@type":"ListItem","position":3,"name":"Fil de phase blind\u00e9 1,5 mm\u00b2 rouge | noir | orange | marron | violet"}]},{"@type":"WebSite","@id":"https:\/\/369agara.com\/#website","url":"https:\/\/369agara.com\/","name":"Livsrikedomar","description":"Trennen Sie die Verbindung, um sich besser zu verbinden","publisher":{"@id":"https:\/\/369agara.com\/#organization"},"potentialAction":[{"@type":"SearchAction","target":{"@type":"EntryPoint","urlTemplate":"https:\/\/369agara.com\/?s={search_term_string}"},"query-input":{"@type":"PropertyValueSpecification","valueRequired":true,"valueName":"search_term_string"}}],"inLanguage":"de"},{"@type":"Organization","@id":"https:\/\/369agara.com\/#organization","name":"EACreations","url":"https:\/\/369agara.com\/","logo":{"@type":"ImageObject","inLanguage":"de","@id":"https:\/\/369agara.com\/#\/schema\/logo\/image\/","url":"","contentUrl":"","caption":"EACreations"},"image":{"@id":"https:\/\/369agara.com\/#\/schema\/logo\/image\/"}}]}},"jetpack_sharing_enabled":true,"_links":{"self":[{"href":"https:\/\/369agara.com\/de\/wp-json\/wp\/v2\/product\/2175","targetHints":{"allow":["GET"]}}],"collection":[{"href":"https:\/\/369agara.com\/de\/wp-json\/wp\/v2\/product"}],"about":[{"href":"https:\/\/369agara.com\/de\/wp-json\/wp\/v2\/types\/product"}],"replies":[{"embeddable":true,"href":"https:\/\/369agara.com\/de\/wp-json\/wp\/v2\/comments?post=2175"}],"wp:featuredmedia":[{"embeddable":true,"href":"https:\/\/369agara.com\/de\/wp-json\/wp\/v2\/media\/2184"}],"wp:attachment":[{"href":"https:\/\/369agara.com\/de\/wp-json\/wp\/v2\/media?parent=2175"}],"wp:term":[{"taxonomy":"product_brand","embeddable":true,"href":"https:\/\/369agara.com\/de\/wp-json\/wp\/v2\/product_brand?post=2175"},{"taxonomy":"product_cat","embeddable":true,"href":"https:\/\/369agara.com\/de\/wp-json\/wp\/v2\/product_cat?post=2175"},{"taxonomy":"product_tag","embeddable":true,"href":"https:\/\/369agara.com\/de\/wp-json\/wp\/v2\/product_tag?post=2175"}],"curies":[{"name":"wp","href":"https:\/\/api.w.org\/{rel}","templated":true}]}}