{"id":2186,"date":"2023-09-30T17:58:30","date_gmt":"2023-09-30T15:58:30","guid":{"rendered":"https:\/\/369agara.com\/?post_type=product&#038;p=2186"},"modified":"2025-05-10T23:08:49","modified_gmt":"2025-05-10T21:08:49","slug":"fil-phase-blinde-2-5mm2-rouge-noir","status":"publish","type":"product","link":"https:\/\/369agara.com\/de\/produkt\/fil-phase-blinde-2-5mm2-rouge-noir\/","title":{"rendered":"Abgeschirmter Phasendraht 2.5 mm\u00b2 Rot | Schwarz"},"content":{"rendered":"<p><span style=\"font-family: 'Book Antiqua', Palatino; font-size: 120%; color: #333399;\">Durch die Verwendung von abgeschirmtem Phasendraht 2,5 mm\u00b2 in Ihrer Elektroinstallation werden elektrische Felder und die damit verbundenen Unannehmlichkeiten beseitigt.<\/span><\/p>\n<p><span style=\"font-family: 'Book Antiqua', Palatino; font-size: 120%; color: #333399;\">Sie beeinflussen unser Nerven-, Immun- und Hormonsystem und haben folgende Hauptwirkungen: <\/span><\/p>\n<ul>\n<li><span style=\"font-family: 'Book Antiqua', Palatino; font-size: 120%; color: #333399;\">Stress<\/span><\/li>\n<li><span style=\"font-family: 'Book Antiqua', Palatino; font-size: 120%; color: #333399;\">Nervosit\u00e4t<\/span><\/li>\n<li><span style=\"font-family: 'Book Antiqua', Palatino; font-size: 120%; color: #333399;\">Reizbarkeit<\/span><\/li>\n<li><span style=\"font-family: 'Book Antiqua', Palatino; font-size: 120%; color: #333399;\">Hyperaktivit\u00e4t<\/span><\/li>\n<li><span style=\"font-family: 'Book Antiqua', Palatino; font-size: 120%; color: #333399;\">Schlaflosigkeit<\/span><\/li>\n<li><span style=\"font-family: 'Book Antiqua', Palatino; font-size: 120%; color: #333399;\">Kopfschmerzen<\/span><\/li>\n<li><span style=\"font-family: 'Book Antiqua', Palatino; font-size: 120%; color: #333399;\">Konzentrationsprobleme<\/span><\/li>\n<li><span style=\"font-family: 'Book Antiqua', Palatino; font-size: 120%; color: #333399;\">Ged\u00e4chtnisst\u00f6rungen<\/span><\/li>\n<li><span style=\"font-family: 'Book Antiqua', Palatino; font-size: 120%; color: #333399;\">abnormale M\u00fcdigkeit<\/span><\/li>\n<li><span style=\"font-family: 'Book Antiqua', Palatino; font-size: 120%; color: #333399;\">Depression<\/span><\/li>\n<li><span style=\"font-family: 'Book Antiqua', Palatino; font-size: 120%; color: #333399;\">\u00dcbers\u00e4uerung des K\u00f6rpers<\/span><\/li>\n<li><span style=\"font-family: 'Book Antiqua', Palatino; font-size: 120%; color: #333399;\">geschw\u00e4chtes Immunsystem<\/span><\/li>\n<li><span style=\"font-family: 'Book Antiqua', Palatino; font-size: 120%; color: #333399;\">usw.<\/span><\/li>\n<\/ul>\n<p><span style=\"font-family: 'Book Antiqua', Palatino; font-size: 120%; color: #333399;\">Abgeschirmte Dr\u00e4hte m\u00fcssen verwendet werden, wenn die Baumaterialien stark leitf\u00e4hig sind, z. B. Holz oder Gipskartonplatten.<\/span><\/p>\n<p><span style=\"font-family: 'Book Antiqua', Palatino; font-size: 120%; color: #333399;\">Abgeschirmte Dr\u00e4hte sollten vorrangig in R\u00e4umen verwendet werden, in denen Sie sich l\u00e4nger aufhalten (Schlafzimmer, B\u00fcro), oder sogar in der gesamten Wohnung, je nachdem, wie empfindlich Sie auf elektrische Felder reagieren und wie viel Zeit Sie in den anderen R\u00e4umen verbringen.<\/span><\/p>\n<h3><span style=\"font-family: 'Book Antiqua', Palatino; font-size: 120%; color: #333399;\">Technische Daten<\/span><\/h3>\n<ul>\n<li><span style=\"font-family: 'Book Antiqua', Palatino; font-size: 120%; color: #333399;\">Querschnitt des abgeschirmten Drahtes: 2,5 mm\u00b2.<\/span><\/li>\n<li><span style=\"font-family: 'Book Antiqua', Palatino; font-size: 120%; color: #333399;\">Durchmesser: 5,5 mm<\/span><\/li>\n<li><span style=\"font-family: 'Book Antiqua', Palatino; font-size: 120%; color: #333399;\">Farben: Rot oder Schwarz<\/span><\/li>\n<li><span style=\"font-family: 'Book Antiqua', Palatino; font-size: 120%; color: #333399;\">L\u00e4nge der Spule: 100 m<\/span><\/li>\n<li><span style=\"font-family: 'Book Antiqua', Palatino; font-size: 120%; color: #333399;\">Gewicht der Spule: 5.100 kg<\/span><\/li>\n<\/ul>\n<p><span style=\"font-family: 'Book Antiqua', Palatino; font-size: 120%; color: #333399;\">Die Abschirmung muss \u00fcber einen Drain mit der Erde verbunden sein.<\/span><\/p>","protected":false},"excerpt":{"rendered":"<p><span style=\"font-family: 'Book Antiqua', Palatino; font-size: 120%; color: #333399;\">Mit dem abgeschirmten Phasendraht 2,5 mm\u00b2 k\u00f6nnen elektrische Felder und die damit verbundenen Nachteile unterdr\u00fcckt werden.\u00a0<\/span><\/p>\n<p><span style=\"font-family: 'Book Antiqua', Palatino; font-size: 120%; color: #333399;\">Rote oder schwarze Farben.\u00a0<\/span><\/p>\n<p><span style=\"font-family: 'Book Antiqua', Palatino; font-size: 120%; color: #333399;\">Wird in Rollen zu 100 m verkauft.<\/span><\/p>","protected":false},"featured_media":2191,"comment_status":"open","ping_status":"closed","template":"","meta":[],"product_brand":[],"product_cat":[164],"product_tag":[248,246,247,251,245,255],"class_list":{"0":"post-2186","1":"product","2":"type-product","3":"status-publish","4":"has-post-thumbnail","6":"product_cat-baubiologie","7":"product_tag-baubiologie","8":"product_tag-bureau","9":"product_tag-chambre","10":"product_tag-electricite","11":"product_tag-maison","12":"product_tag-mur","14":"first","15":"instock","16":"taxable","17":"shipping-taxable","18":"purchasable","19":"product-type-variable"},"yoast_head":"<!-- This site is optimized with the Yoast SEO Premium plugin v25.1 (Yoast SEO v27.4) - https:\/\/yoast.com\/product\/yoast-seo-premium-wordpress\/ -->\n<title>Fil de phase blind\u00e9 2.5 mm\u00b2 Rouge | Noir | Agara<\/title>\n<meta name=\"description\" content=\"Le fil de phase blind\u00e9 2.5 mm\u00b2 permet de supprimer les champs \u00e9lectriques et les inconv\u00e9nients qui lui sont li\u00e9s.\u00a0Coloris rouge ou noir.\u00a0Vendu par bobine de 100 m.\" \/>\n<meta name=\"robots\" content=\"index, follow, max-snippet:-1, max-image-preview:large, max-video-preview:-1\" \/>\n<link rel=\"canonical\" href=\"https:\/\/369agara.com\/de\/produkt\/fil-phase-blinde-2-5mm2-rouge-noir\/\" \/>\n<meta property=\"og:locale\" content=\"de_DE\" \/>\n<meta property=\"og:type\" content=\"article\" \/>\n<meta property=\"og:title\" content=\"Fil de phase blind\u00e9 2.5 mm\u00b2 Rouge | Noir\" \/>\n<meta property=\"og:description\" content=\"Le fil de phase blind\u00e9 2.5 mm\u00b2 permet de supprimer les champs \u00e9lectriques et les inconv\u00e9nients qui lui sont li\u00e9s.\u00a0Coloris rouge ou noir.\u00a0Vendu par bobine de 100 m.\" \/>\n<meta property=\"og:url\" content=\"https:\/\/369agara.com\/de\/produkt\/fil-phase-blinde-2-5mm2-rouge-noir\/\" \/>\n<meta property=\"og:site_name\" content=\"Agara\" \/>\n<meta property=\"article:modified_time\" content=\"2025-05-10T21:08:49+00:00\" \/>\n<meta property=\"og:image\" content=\"https:\/\/369agara.com\/wp-content\/uploads\/2023\/09\/fil-de-phase-blinde-2-5-mmc2b2-rouge.jpg\" \/>\n\t<meta property=\"og:image:width\" content=\"800\" \/>\n\t<meta property=\"og:image:height\" content=\"800\" \/>\n\t<meta property=\"og:image:type\" content=\"image\/jpeg\" \/>\n<meta name=\"twitter:card\" content=\"summary_large_image\" \/>\n<meta name=\"twitter:label1\" content=\"Gesch\u00e4tzte Lesezeit\" \/>\n\t<meta name=\"twitter:data1\" content=\"2\u00a0Minuten\" \/>\n<script type=\"application\/ld+json\" class=\"yoast-schema-graph\">{\"@context\":\"https:\\\/\\\/schema.org\",\"@graph\":[{\"@type\":\"WebPage\",\"@id\":\"https:\\\/\\\/369agara.com\\\/produit\\\/fil-phase-blinde-2-5mm2-rouge-noir\\\/\",\"url\":\"https:\\\/\\\/369agara.com\\\/produit\\\/fil-phase-blinde-2-5mm2-rouge-noir\\\/\",\"name\":\"Fil de phase blind\u00e9 2.5 mm\u00b2 Rouge | Noir | Agara\",\"isPartOf\":{\"@id\":\"https:\\\/\\\/369agara.com\\\/#website\"},\"primaryImageOfPage\":{\"@id\":\"https:\\\/\\\/369agara.com\\\/produit\\\/fil-phase-blinde-2-5mm2-rouge-noir\\\/#primaryimage\"},\"image\":{\"@id\":\"https:\\\/\\\/369agara.com\\\/produit\\\/fil-phase-blinde-2-5mm2-rouge-noir\\\/#primaryimage\"},\"thumbnailUrl\":\"https:\\\/\\\/369agara.com\\\/wp-content\\\/uploads\\\/2023\\\/09\\\/fil-de-phase-blinde-2-5-mmc2b2-rouge.jpg\",\"datePublished\":\"2023-09-30T15:58:30+00:00\",\"dateModified\":\"2025-05-10T21:08:49+00:00\",\"description\":\"Le fil de phase blind\u00e9 2.5 mm\u00b2 permet de supprimer les champs \u00e9lectriques et les inconv\u00e9nients qui lui sont li\u00e9s.\u00a0Coloris rouge ou noir.\u00a0Vendu par bobine de 100 m.\",\"breadcrumb\":{\"@id\":\"https:\\\/\\\/369agara.com\\\/produit\\\/fil-phase-blinde-2-5mm2-rouge-noir\\\/#breadcrumb\"},\"inLanguage\":\"de\",\"potentialAction\":[{\"@type\":\"ReadAction\",\"target\":[\"https:\\\/\\\/369agara.com\\\/produit\\\/fil-phase-blinde-2-5mm2-rouge-noir\\\/\"]}]},{\"@type\":\"ImageObject\",\"inLanguage\":\"de\",\"@id\":\"https:\\\/\\\/369agara.com\\\/produit\\\/fil-phase-blinde-2-5mm2-rouge-noir\\\/#primaryimage\",\"url\":\"https:\\\/\\\/369agara.com\\\/wp-content\\\/uploads\\\/2023\\\/09\\\/fil-de-phase-blinde-2-5-mmc2b2-rouge.jpg\",\"contentUrl\":\"https:\\\/\\\/369agara.com\\\/wp-content\\\/uploads\\\/2023\\\/09\\\/fil-de-phase-blinde-2-5-mmc2b2-rouge.jpg\",\"width\":800,\"height\":800},{\"@type\":\"BreadcrumbList\",\"@id\":\"https:\\\/\\\/369agara.com\\\/produit\\\/fil-phase-blinde-2-5mm2-rouge-noir\\\/#breadcrumb\",\"itemListElement\":[{\"@type\":\"ListItem\",\"position\":1,\"name\":\"Accueil\",\"item\":\"https:\\\/\\\/369agara.com\\\/\"},{\"@type\":\"ListItem\",\"position\":2,\"name\":\"La boutique\",\"item\":\"https:\\\/\\\/369agara.com\\\/la-boutique\\\/\"},{\"@type\":\"ListItem\",\"position\":3,\"name\":\"Fil de phase blind\u00e9 2.5 mm\u00b2 Rouge | Noir\"}]},{\"@type\":\"WebSite\",\"@id\":\"https:\\\/\\\/369agara.com\\\/#website\",\"url\":\"https:\\\/\\\/369agara.com\\\/\",\"name\":\"Livsrikedomar\",\"description\":\"D\u00e9connectez pour mieux vous connecter\",\"publisher\":{\"@id\":\"https:\\\/\\\/369agara.com\\\/#organization\"},\"potentialAction\":[{\"@type\":\"SearchAction\",\"target\":{\"@type\":\"EntryPoint\",\"urlTemplate\":\"https:\\\/\\\/369agara.com\\\/?s={search_term_string}\"},\"query-input\":{\"@type\":\"PropertyValueSpecification\",\"valueRequired\":true,\"valueName\":\"search_term_string\"}}],\"inLanguage\":\"de\"},{\"@type\":\"Organization\",\"@id\":\"https:\\\/\\\/369agara.com\\\/#organization\",\"name\":\"EACreations\",\"url\":\"https:\\\/\\\/369agara.com\\\/\",\"logo\":{\"@type\":\"ImageObject\",\"inLanguage\":\"de\",\"@id\":\"https:\\\/\\\/369agara.com\\\/#\\\/schema\\\/logo\\\/image\\\/\",\"url\":\"\",\"contentUrl\":\"\",\"caption\":\"EACreations\"},\"image\":{\"@id\":\"https:\\\/\\\/369agara.com\\\/#\\\/schema\\\/logo\\\/image\\\/\"}}]}<\/script>\n<!-- \/ Yoast SEO Premium plugin. -->","yoast_head_json":{"title":"Fil de phase blind\u00e9 2.5 mm\u00b2 Rouge | Noir | Agara","description":"Le fil de phase blind\u00e9 2.5 mm\u00b2 permet de supprimer les champs \u00e9lectriques et les inconv\u00e9nients qui lui sont li\u00e9s.\u00a0Coloris rouge ou noir.\u00a0Vendu par bobine de 100 m.","robots":{"index":"index","follow":"follow","max-snippet":"max-snippet:-1","max-image-preview":"max-image-preview:large","max-video-preview":"max-video-preview:-1"},"canonical":"https:\/\/369agara.com\/de\/produkt\/fil-phase-blinde-2-5mm2-rouge-noir\/","og_locale":"de_DE","og_type":"article","og_title":"Fil de phase blind\u00e9 2.5 mm\u00b2 Rouge | Noir","og_description":"Le fil de phase blind\u00e9 2.5 mm\u00b2 permet de supprimer les champs \u00e9lectriques et les inconv\u00e9nients qui lui sont li\u00e9s.\u00a0Coloris rouge ou noir.\u00a0Vendu par bobine de 100 m.","og_url":"https:\/\/369agara.com\/de\/produkt\/fil-phase-blinde-2-5mm2-rouge-noir\/","og_site_name":"Agara","article_modified_time":"2025-05-10T21:08:49+00:00","og_image":[{"width":800,"height":800,"url":"https:\/\/369agara.com\/wp-content\/uploads\/2023\/09\/fil-de-phase-blinde-2-5-mmc2b2-rouge.jpg","type":"image\/jpeg"}],"twitter_card":"summary_large_image","twitter_misc":{"Gesch\u00e4tzte Lesezeit":"2\u00a0Minuten"},"schema":{"@context":"https:\/\/schema.org","@graph":[{"@type":"WebPage","@id":"https:\/\/369agara.com\/produit\/fil-phase-blinde-2-5mm2-rouge-noir\/","url":"https:\/\/369agara.com\/produit\/fil-phase-blinde-2-5mm2-rouge-noir\/","name":"Fil de phase blind\u00e9 2.5 mm\u00b2 Rouge | Noir | Agara","isPartOf":{"@id":"https:\/\/369agara.com\/#website"},"primaryImageOfPage":{"@id":"https:\/\/369agara.com\/produit\/fil-phase-blinde-2-5mm2-rouge-noir\/#primaryimage"},"image":{"@id":"https:\/\/369agara.com\/produit\/fil-phase-blinde-2-5mm2-rouge-noir\/#primaryimage"},"thumbnailUrl":"https:\/\/369agara.com\/wp-content\/uploads\/2023\/09\/fil-de-phase-blinde-2-5-mmc2b2-rouge.jpg","datePublished":"2023-09-30T15:58:30+00:00","dateModified":"2025-05-10T21:08:49+00:00","description":"Le fil de phase blind\u00e9 2.5 mm\u00b2 permet de supprimer les champs \u00e9lectriques et les inconv\u00e9nients qui lui sont li\u00e9s.\u00a0Coloris rouge ou noir.\u00a0Vendu par bobine de 100 m.","breadcrumb":{"@id":"https:\/\/369agara.com\/produit\/fil-phase-blinde-2-5mm2-rouge-noir\/#breadcrumb"},"inLanguage":"de","potentialAction":[{"@type":"ReadAction","target":["https:\/\/369agara.com\/produit\/fil-phase-blinde-2-5mm2-rouge-noir\/"]}]},{"@type":"ImageObject","inLanguage":"de","@id":"https:\/\/369agara.com\/produit\/fil-phase-blinde-2-5mm2-rouge-noir\/#primaryimage","url":"https:\/\/369agara.com\/wp-content\/uploads\/2023\/09\/fil-de-phase-blinde-2-5-mmc2b2-rouge.jpg","contentUrl":"https:\/\/369agara.com\/wp-content\/uploads\/2023\/09\/fil-de-phase-blinde-2-5-mmc2b2-rouge.jpg","width":800,"height":800},{"@type":"BreadcrumbList","@id":"https:\/\/369agara.com\/produit\/fil-phase-blinde-2-5mm2-rouge-noir\/#breadcrumb","itemListElement":[{"@type":"ListItem","position":1,"name":"Accueil","item":"https:\/\/369agara.com\/"},{"@type":"ListItem","position":2,"name":"La boutique","item":"https:\/\/369agara.com\/la-boutique\/"},{"@type":"ListItem","position":3,"name":"Fil de phase blind\u00e9 2.5 mm\u00b2 Rouge | Noir"}]},{"@type":"WebSite","@id":"https:\/\/369agara.com\/#website","url":"https:\/\/369agara.com\/","name":"Livsrikedomar","description":"Trennen Sie die Verbindung, um sich besser zu verbinden","publisher":{"@id":"https:\/\/369agara.com\/#organization"},"potentialAction":[{"@type":"SearchAction","target":{"@type":"EntryPoint","urlTemplate":"https:\/\/369agara.com\/?s={search_term_string}"},"query-input":{"@type":"PropertyValueSpecification","valueRequired":true,"valueName":"search_term_string"}}],"inLanguage":"de"},{"@type":"Organization","@id":"https:\/\/369agara.com\/#organization","name":"EACreations","url":"https:\/\/369agara.com\/","logo":{"@type":"ImageObject","inLanguage":"de","@id":"https:\/\/369agara.com\/#\/schema\/logo\/image\/","url":"","contentUrl":"","caption":"EACreations"},"image":{"@id":"https:\/\/369agara.com\/#\/schema\/logo\/image\/"}}]}},"jetpack_sharing_enabled":true,"_links":{"self":[{"href":"https:\/\/369agara.com\/de\/wp-json\/wp\/v2\/product\/2186","targetHints":{"allow":["GET"]}}],"collection":[{"href":"https:\/\/369agara.com\/de\/wp-json\/wp\/v2\/product"}],"about":[{"href":"https:\/\/369agara.com\/de\/wp-json\/wp\/v2\/types\/product"}],"replies":[{"embeddable":true,"href":"https:\/\/369agara.com\/de\/wp-json\/wp\/v2\/comments?post=2186"}],"wp:featuredmedia":[{"embeddable":true,"href":"https:\/\/369agara.com\/de\/wp-json\/wp\/v2\/media\/2191"}],"wp:attachment":[{"href":"https:\/\/369agara.com\/de\/wp-json\/wp\/v2\/media?parent=2186"}],"wp:term":[{"taxonomy":"product_brand","embeddable":true,"href":"https:\/\/369agara.com\/de\/wp-json\/wp\/v2\/product_brand?post=2186"},{"taxonomy":"product_cat","embeddable":true,"href":"https:\/\/369agara.com\/de\/wp-json\/wp\/v2\/product_cat?post=2186"},{"taxonomy":"product_tag","embeddable":true,"href":"https:\/\/369agara.com\/de\/wp-json\/wp\/v2\/product_tag?post=2186"}],"curies":[{"name":"wp","href":"https:\/\/api.w.org\/{rel}","templated":true}]}}