{"id":2194,"date":"2023-09-30T19:27:43","date_gmt":"2023-09-30T17:27:43","guid":{"rendered":"https:\/\/369agara.com\/?post_type=product&#038;p=2194"},"modified":"2025-05-15T22:13:37","modified_gmt":"2025-05-15T20:13:37","slug":"boitier-maconnerie-blinde-41mm-61mm","status":"publish","type":"product","link":"https:\/\/369agara.com\/de\/produkt\/boitier-maconnerie-blinde-41mm-61mm\/","title":{"rendered":"Abgeschirmte Mauerwerksdose Biologa Danell 41 mm | 61 mm"},"content":{"rendered":"<p><span style=\"font-family: 'Book Antiqua', Palatino; font-size: 120%; color: #333399;\">Abgeschirmte Mauerwerksgeh\u00e4use sind Mauerwerksgeh\u00e4use, die im Vakuum mit einer Metallschicht ausgekleidet werden, um niederfrequente elektrische Wechselfelder zu reduzieren. Die Metallbeschichtung befindet sich an der Au\u00dfenseite des Geh\u00e4uses und ist mit einem vernieteten 1,5 mm\u00b2 gro\u00dfen Potenzialausgleichsdraht versehen. Dieser wird mit herk\u00f6mmlichen Steckklemmen (Wago, Weidm\u00fcller) und dem Abschirmungsdraht des Kabels oder dem PE (gelb\/gr\u00fcn) eines ungeschirmten Kabels verbunden.<\/span><\/p>\n<p><span style=\"font-family: 'Book Antiqua', Palatino; font-size: 120%; color: #333399;\">Die abgeschirmte Mauerdose von Danell, die in Verbindung mit abgeschirmten Phasendr\u00e4hten oder abgeschirmten Kabeln in Ihrer Elektroinstallation verwendet wird, erm\u00f6glicht es Ihnen somit, elektrische Felder und die damit verbundenen Nachteile zu beseitigen.<\/span><\/p>\n<p><span style=\"font-family: 'Book Antiqua', Palatino; font-size: 120%; color: #333399;\">Sie beeinflussen unser Nerven-, Immun- und Hormonsystem und haben folgende Hauptwirkungen:<\/span><\/p>\n<ul>\n<li><span style=\"font-family: 'Book Antiqua', Palatino; font-size: 120%; color: #333399;\">Stress,<\/span><\/li>\n<li><span style=\"font-family: 'Book Antiqua', Palatino; font-size: 120%; color: #333399;\">Nervosit\u00e4t,<\/span><\/li>\n<li><span style=\"font-family: 'Book Antiqua', Palatino; font-size: 120%; color: #333399;\">Reizbarkeit,<\/span><\/li>\n<li><span style=\"font-family: 'Book Antiqua', Palatino; font-size: 120%; color: #333399;\">Hyperaktivit\u00e4t,<\/span><\/li>\n<li><span style=\"font-family: 'Book Antiqua', Palatino; font-size: 120%; color: #333399;\">Schlaflosigkeit,<\/span><\/li>\n<li><span style=\"font-family: 'Book Antiqua', Palatino; font-size: 120%; color: #333399;\">Kopfschmerzen,<\/span><\/li>\n<li><span style=\"font-family: 'Book Antiqua', Palatino; font-size: 120%; color: #333399;\">Konzentrationsprobleme und Ged\u00e4chtnisst\u00f6rungen\u00a0<\/span><\/li>\n<li><span style=\"font-family: 'Book Antiqua', Palatino; font-size: 120%; color: #333399;\">abnormale M\u00fcdigkeit,<\/span><\/li>\n<li><span style=\"font-family: 'Book Antiqua', Palatino; font-size: 120%; color: #333399;\">Depression,<\/span><\/li>\n<li><span style=\"font-family: 'Book Antiqua', Palatino; font-size: 120%; color: #333399;\">\u00dcbers\u00e4uerung des K\u00f6rpers,<\/span><\/li>\n<li><span style=\"font-family: 'Book Antiqua', Palatino; font-size: 120%; color: #333399;\">geschw\u00e4chtes Immunsystem,<\/span><\/li>\n<li><span style=\"font-family: 'Book Antiqua', Palatino; font-size: 120%; color: #333399;\">usw.<\/span><\/li>\n<\/ul>\n<p><span style=\"font-family: 'Book Antiqua', Palatino; font-size: 120%; color: #ed1c24;\"><strong>Die Verwendung abgeschirmter Produkte ist unerl\u00e4sslich, wenn die Baumaterialien stark leitf\u00e4hig sind, wie z. B. Holz oder Gipskartonplatten.<\/strong><\/span><\/p>\n<p><span style=\"font-family: 'Book Antiqua', Palatino; font-size: 120%; color: #ed1c24;\"><strong>Abgeschirmte Dr\u00e4hte, Kabel und Geh\u00e4use sollten vorrangig in R\u00e4umen verwendet werden, in denen Sie sich l\u00e4nger aufhalten (Schlafzimmer, B\u00fcro), oder sogar in der gesamten Wohnung, je nachdem, wie empfindlich Sie auf elektrische Felder reagieren und wie viel Zeit Sie in den anderen R\u00e4umen verbringen.<\/strong><\/span><\/p>\n<h3><span style=\"font-family: 'Book Antiqua', Palatino; font-size: 120%; color: #333399;\">Technische Daten<\/span><\/h3>\n<ul>\n<li><span style=\"font-family: 'Book Antiqua', Palatino; font-size: 120%; color: #333399;\">Tiefe: 41 mm (flache Version) | 61 mm (tiefe Version)<\/span><\/li>\n<li><span style=\"font-family: 'Book Antiqua', Palatino; font-size: 120%; color: #333399;\">Durchmesser: \u2300 60 mm<\/span><\/li>\n<li><span style=\"font-family: 'Book Antiqua', Palatino; font-size: 120%; color: #333399;\">Farbe: Schwarz \/ Silber<\/span><\/li>\n<li><span style=\"font-family: 'Book Antiqua', Palatino; font-size: 120%; color: #333399;\">Material: Synthetisches Material (PS)<\/span><\/li>\n<li><span style=\"font-family: 'Book Antiqua', Palatino; font-size: 120%; color: #333399;\">Genormter Abstand der einzelnen Schrauben: 60 mm<\/span><\/li>\n<li><span style=\"font-family: 'Book Antiqua', Palatino; font-size: 120%; color: #333399;\">Montage mit Schraubenbefestigung oder Abstandshalter<\/span><\/li>\n<li><span style=\"font-family: 'Book Antiqua', Palatino; font-size: 120%; color: #333399;\">Mit Verriegelungsanschluss<\/span><\/li>\n<li><span style=\"font-family: 'Book Antiqua', Palatino; font-size: 120%; color: #333399;\">Potenzielles Anschlusskabel 1,5 mm\u00b2 (CU, fest, starr)<\/span><\/li>\n<li><span style=\"font-family: 'Book Antiqua', Palatino; font-size: 120%; color: #333399;\">Schutzklasse: IP20<\/span><\/li>\n<\/ul>\n<p><span style=\"font-family: 'Book Antiqua', Palatino; font-size: 120%; color: #333399;\">Hergestellt in Deutschland<\/span><\/p>","protected":false},"excerpt":{"rendered":"<p><span style=\"font-family: 'Book Antiqua', Palatino; font-size: 120%; color: #333399;\">Mit dem abgeschirmten Mauerkasten Biologa Danell k\u00f6nnen Sie sich vor elektrischen Feldern sch\u00fctzen.<\/span><\/p>","protected":false},"featured_media":2195,"comment_status":"open","ping_status":"closed","template":"","meta":[],"product_brand":[265],"product_cat":[164],"product_tag":[248,246,247,251,245,255],"class_list":{"0":"post-2194","1":"product","2":"type-product","3":"status-publish","4":"has-post-thumbnail","6":"product_brand-biologa-danell","7":"product_cat-baubiologie","8":"product_tag-baubiologie","9":"product_tag-bureau","10":"product_tag-chambre","11":"product_tag-electricite","12":"product_tag-maison","13":"product_tag-mur","15":"first","16":"instock","17":"taxable","18":"shipping-taxable","19":"purchasable","20":"product-type-variable"},"yoast_head":"<!-- This site is optimized with the Yoast SEO Premium plugin v25.1 (Yoast SEO v27.4) - https:\/\/yoast.com\/product\/yoast-seo-premium-wordpress\/ -->\n<title>Bo\u00eetier de ma\u00e7onnerie blind\u00e9 Biologa Danell 41 mm | 61 mm | Agara<\/title>\n<meta name=\"description\" content=\"Le bo\u00eetier de ma\u00e7onnerie blind\u00e9 Biologa Danell permet de prot\u00e9ger des champs \u00e9lectriques.\" \/>\n<meta name=\"robots\" content=\"index, follow, max-snippet:-1, max-image-preview:large, max-video-preview:-1\" \/>\n<link rel=\"canonical\" href=\"https:\/\/369agara.com\/de\/produkt\/boitier-maconnerie-blinde-41mm-61mm\/\" \/>\n<meta property=\"og:locale\" content=\"de_DE\" \/>\n<meta property=\"og:type\" content=\"article\" \/>\n<meta property=\"og:title\" content=\"Bo\u00eetier de ma\u00e7onnerie blind\u00e9 Biologa Danell 41 mm | 61 mm\" \/>\n<meta property=\"og:description\" content=\"Le bo\u00eetier de ma\u00e7onnerie blind\u00e9 Biologa Danell permet de prot\u00e9ger des champs \u00e9lectriques.\" \/>\n<meta property=\"og:url\" content=\"https:\/\/369agara.com\/de\/produkt\/boitier-maconnerie-blinde-41mm-61mm\/\" \/>\n<meta property=\"og:site_name\" content=\"Agara\" \/>\n<meta property=\"article:modified_time\" content=\"2025-05-15T20:13:37+00:00\" \/>\n<meta property=\"og:image\" content=\"https:\/\/369agara.com\/wp-content\/uploads\/2023\/09\/boitier-de-maconnerie-blinde-danell-41-mm.jpg\" \/>\n\t<meta property=\"og:image:width\" content=\"800\" \/>\n\t<meta property=\"og:image:height\" content=\"800\" \/>\n\t<meta property=\"og:image:type\" content=\"image\/jpeg\" \/>\n<meta name=\"twitter:card\" content=\"summary_large_image\" \/>\n<meta name=\"twitter:label1\" content=\"Gesch\u00e4tzte Lesezeit\" \/>\n\t<meta name=\"twitter:data1\" content=\"2\u00a0Minuten\" \/>\n<script type=\"application\/ld+json\" class=\"yoast-schema-graph\">{\"@context\":\"https:\\\/\\\/schema.org\",\"@graph\":[{\"@type\":\"WebPage\",\"@id\":\"https:\\\/\\\/369agara.com\\\/produit\\\/boitier-maconnerie-blinde-41mm-61mm\\\/\",\"url\":\"https:\\\/\\\/369agara.com\\\/produit\\\/boitier-maconnerie-blinde-41mm-61mm\\\/\",\"name\":\"Bo\u00eetier de ma\u00e7onnerie blind\u00e9 Biologa Danell 41 mm | 61 mm | Agara\",\"isPartOf\":{\"@id\":\"https:\\\/\\\/369agara.com\\\/#website\"},\"primaryImageOfPage\":{\"@id\":\"https:\\\/\\\/369agara.com\\\/produit\\\/boitier-maconnerie-blinde-41mm-61mm\\\/#primaryimage\"},\"image\":{\"@id\":\"https:\\\/\\\/369agara.com\\\/produit\\\/boitier-maconnerie-blinde-41mm-61mm\\\/#primaryimage\"},\"thumbnailUrl\":\"https:\\\/\\\/369agara.com\\\/wp-content\\\/uploads\\\/2023\\\/09\\\/boitier-de-maconnerie-blinde-danell-41-mm.jpg\",\"datePublished\":\"2023-09-30T17:27:43+00:00\",\"dateModified\":\"2025-05-15T20:13:37+00:00\",\"description\":\"Le bo\u00eetier de ma\u00e7onnerie blind\u00e9 Biologa Danell permet de prot\u00e9ger des champs \u00e9lectriques.\",\"breadcrumb\":{\"@id\":\"https:\\\/\\\/369agara.com\\\/produit\\\/boitier-maconnerie-blinde-41mm-61mm\\\/#breadcrumb\"},\"inLanguage\":\"de\",\"potentialAction\":[{\"@type\":\"ReadAction\",\"target\":[\"https:\\\/\\\/369agara.com\\\/produit\\\/boitier-maconnerie-blinde-41mm-61mm\\\/\"]}]},{\"@type\":\"ImageObject\",\"inLanguage\":\"de\",\"@id\":\"https:\\\/\\\/369agara.com\\\/produit\\\/boitier-maconnerie-blinde-41mm-61mm\\\/#primaryimage\",\"url\":\"https:\\\/\\\/369agara.com\\\/wp-content\\\/uploads\\\/2023\\\/09\\\/boitier-de-maconnerie-blinde-danell-41-mm.jpg\",\"contentUrl\":\"https:\\\/\\\/369agara.com\\\/wp-content\\\/uploads\\\/2023\\\/09\\\/boitier-de-maconnerie-blinde-danell-41-mm.jpg\",\"width\":800,\"height\":800},{\"@type\":\"BreadcrumbList\",\"@id\":\"https:\\\/\\\/369agara.com\\\/produit\\\/boitier-maconnerie-blinde-41mm-61mm\\\/#breadcrumb\",\"itemListElement\":[{\"@type\":\"ListItem\",\"position\":1,\"name\":\"Accueil\",\"item\":\"https:\\\/\\\/369agara.com\\\/\"},{\"@type\":\"ListItem\",\"position\":2,\"name\":\"La boutique\",\"item\":\"https:\\\/\\\/369agara.com\\\/la-boutique\\\/\"},{\"@type\":\"ListItem\",\"position\":3,\"name\":\"Bo\u00eetier de ma\u00e7onnerie blind\u00e9 Biologa Danell 41 mm | 61 mm\"}]},{\"@type\":\"WebSite\",\"@id\":\"https:\\\/\\\/369agara.com\\\/#website\",\"url\":\"https:\\\/\\\/369agara.com\\\/\",\"name\":\"Livsrikedomar\",\"description\":\"D\u00e9connectez pour mieux vous connecter\",\"publisher\":{\"@id\":\"https:\\\/\\\/369agara.com\\\/#organization\"},\"potentialAction\":[{\"@type\":\"SearchAction\",\"target\":{\"@type\":\"EntryPoint\",\"urlTemplate\":\"https:\\\/\\\/369agara.com\\\/?s={search_term_string}\"},\"query-input\":{\"@type\":\"PropertyValueSpecification\",\"valueRequired\":true,\"valueName\":\"search_term_string\"}}],\"inLanguage\":\"de\"},{\"@type\":\"Organization\",\"@id\":\"https:\\\/\\\/369agara.com\\\/#organization\",\"name\":\"EACreations\",\"url\":\"https:\\\/\\\/369agara.com\\\/\",\"logo\":{\"@type\":\"ImageObject\",\"inLanguage\":\"de\",\"@id\":\"https:\\\/\\\/369agara.com\\\/#\\\/schema\\\/logo\\\/image\\\/\",\"url\":\"\",\"contentUrl\":\"\",\"caption\":\"EACreations\"},\"image\":{\"@id\":\"https:\\\/\\\/369agara.com\\\/#\\\/schema\\\/logo\\\/image\\\/\"}}]}<\/script>\n<!-- \/ Yoast SEO Premium plugin. -->","yoast_head_json":{"title":"Bo\u00eetier de ma\u00e7onnerie blind\u00e9 Biologa Danell 41 mm | 61 mm | Agara","description":"Mit dem abgeschirmten Mauerkasten Biologa Danell k\u00f6nnen Sie sich vor elektrischen Feldern sch\u00fctzen.","robots":{"index":"index","follow":"follow","max-snippet":"max-snippet:-1","max-image-preview":"max-image-preview:large","max-video-preview":"max-video-preview:-1"},"canonical":"https:\/\/369agara.com\/de\/produkt\/boitier-maconnerie-blinde-41mm-61mm\/","og_locale":"de_DE","og_type":"article","og_title":"Bo\u00eetier de ma\u00e7onnerie blind\u00e9 Biologa Danell 41 mm | 61 mm","og_description":"Le bo\u00eetier de ma\u00e7onnerie blind\u00e9 Biologa Danell permet de prot\u00e9ger des champs \u00e9lectriques.","og_url":"https:\/\/369agara.com\/de\/produkt\/boitier-maconnerie-blinde-41mm-61mm\/","og_site_name":"Agara","article_modified_time":"2025-05-15T20:13:37+00:00","og_image":[{"width":800,"height":800,"url":"https:\/\/369agara.com\/wp-content\/uploads\/2023\/09\/boitier-de-maconnerie-blinde-danell-41-mm.jpg","type":"image\/jpeg"}],"twitter_card":"summary_large_image","twitter_misc":{"Gesch\u00e4tzte Lesezeit":"2\u00a0Minuten"},"schema":{"@context":"https:\/\/schema.org","@graph":[{"@type":"WebPage","@id":"https:\/\/369agara.com\/produit\/boitier-maconnerie-blinde-41mm-61mm\/","url":"https:\/\/369agara.com\/produit\/boitier-maconnerie-blinde-41mm-61mm\/","name":"Bo\u00eetier de ma\u00e7onnerie blind\u00e9 Biologa Danell 41 mm | 61 mm | Agara","isPartOf":{"@id":"https:\/\/369agara.com\/#website"},"primaryImageOfPage":{"@id":"https:\/\/369agara.com\/produit\/boitier-maconnerie-blinde-41mm-61mm\/#primaryimage"},"image":{"@id":"https:\/\/369agara.com\/produit\/boitier-maconnerie-blinde-41mm-61mm\/#primaryimage"},"thumbnailUrl":"https:\/\/369agara.com\/wp-content\/uploads\/2023\/09\/boitier-de-maconnerie-blinde-danell-41-mm.jpg","datePublished":"2023-09-30T17:27:43+00:00","dateModified":"2025-05-15T20:13:37+00:00","description":"Mit dem abgeschirmten Mauerkasten Biologa Danell k\u00f6nnen Sie sich vor elektrischen Feldern sch\u00fctzen.","breadcrumb":{"@id":"https:\/\/369agara.com\/produit\/boitier-maconnerie-blinde-41mm-61mm\/#breadcrumb"},"inLanguage":"de","potentialAction":[{"@type":"ReadAction","target":["https:\/\/369agara.com\/produit\/boitier-maconnerie-blinde-41mm-61mm\/"]}]},{"@type":"ImageObject","inLanguage":"de","@id":"https:\/\/369agara.com\/produit\/boitier-maconnerie-blinde-41mm-61mm\/#primaryimage","url":"https:\/\/369agara.com\/wp-content\/uploads\/2023\/09\/boitier-de-maconnerie-blinde-danell-41-mm.jpg","contentUrl":"https:\/\/369agara.com\/wp-content\/uploads\/2023\/09\/boitier-de-maconnerie-blinde-danell-41-mm.jpg","width":800,"height":800},{"@type":"BreadcrumbList","@id":"https:\/\/369agara.com\/produit\/boitier-maconnerie-blinde-41mm-61mm\/#breadcrumb","itemListElement":[{"@type":"ListItem","position":1,"name":"Accueil","item":"https:\/\/369agara.com\/"},{"@type":"ListItem","position":2,"name":"La boutique","item":"https:\/\/369agara.com\/la-boutique\/"},{"@type":"ListItem","position":3,"name":"Bo\u00eetier de ma\u00e7onnerie blind\u00e9 Biologa Danell 41 mm | 61 mm"}]},{"@type":"WebSite","@id":"https:\/\/369agara.com\/#website","url":"https:\/\/369agara.com\/","name":"Livsrikedomar","description":"Trennen Sie die Verbindung, um sich besser zu verbinden","publisher":{"@id":"https:\/\/369agara.com\/#organization"},"potentialAction":[{"@type":"SearchAction","target":{"@type":"EntryPoint","urlTemplate":"https:\/\/369agara.com\/?s={search_term_string}"},"query-input":{"@type":"PropertyValueSpecification","valueRequired":true,"valueName":"search_term_string"}}],"inLanguage":"de"},{"@type":"Organization","@id":"https:\/\/369agara.com\/#organization","name":"EACreations","url":"https:\/\/369agara.com\/","logo":{"@type":"ImageObject","inLanguage":"de","@id":"https:\/\/369agara.com\/#\/schema\/logo\/image\/","url":"","contentUrl":"","caption":"EACreations"},"image":{"@id":"https:\/\/369agara.com\/#\/schema\/logo\/image\/"}}]}},"jetpack_sharing_enabled":true,"_links":{"self":[{"href":"https:\/\/369agara.com\/de\/wp-json\/wp\/v2\/product\/2194","targetHints":{"allow":["GET"]}}],"collection":[{"href":"https:\/\/369agara.com\/de\/wp-json\/wp\/v2\/product"}],"about":[{"href":"https:\/\/369agara.com\/de\/wp-json\/wp\/v2\/types\/product"}],"replies":[{"embeddable":true,"href":"https:\/\/369agara.com\/de\/wp-json\/wp\/v2\/comments?post=2194"}],"wp:featuredmedia":[{"embeddable":true,"href":"https:\/\/369agara.com\/de\/wp-json\/wp\/v2\/media\/2195"}],"wp:attachment":[{"href":"https:\/\/369agara.com\/de\/wp-json\/wp\/v2\/media?parent=2194"}],"wp:term":[{"taxonomy":"product_brand","embeddable":true,"href":"https:\/\/369agara.com\/de\/wp-json\/wp\/v2\/product_brand?post=2194"},{"taxonomy":"product_cat","embeddable":true,"href":"https:\/\/369agara.com\/de\/wp-json\/wp\/v2\/product_cat?post=2194"},{"taxonomy":"product_tag","embeddable":true,"href":"https:\/\/369agara.com\/de\/wp-json\/wp\/v2\/product_tag?post=2194"}],"curies":[{"name":"wp","href":"https:\/\/api.w.org\/{rel}","templated":true}]}}