{"id":229,"date":"2020-06-30T18:25:20","date_gmt":"2020-06-30T16:25:20","guid":{"rendered":"https:\/\/369agara.com\/?post_type=product&#038;p=229"},"modified":"2025-07-01T19:52:59","modified_gmt":"2025-07-01T17:52:59","slug":"collier-devakanya-ojoda-oman-pranaya-ksemya-90","status":"publish","type":"product","link":"https:\/\/369agara.com\/de\/produkt\/collier-devakanya-ojoda-oman-pranaya-ksemya-90\/","title":{"rendered":"Halskette Devakanya Ojoda Oman Ardra Pranaya Ksemya"},"content":{"rendered":"<p><span style=\"font-family: 'Book Antiqua', Palatino; font-size: 120%; color: #333399;\">Diese Halskette besteht aus Citrin, Labradorit, Rosenquarz und Rhodochrosit und hat einen Verschluss aus vergoldetem Edelstahl von 4 bis 10 mm.\u00a0<\/span><\/p>\n<p><span style=\"font-family: 'Book Antiqua', Palatino; font-size: 120%; color: #333399;\">Eigenschaften :\u00a0<\/span><\/p>\n<p><span style=\"font-family: 'Book Antiqua', Palatino; font-size: 120%; color: #333399;\">Citrin: Energetisierend.\u00a0<\/span><br \/>\n<span style=\"font-family: 'Book Antiqua', Palatino; font-size: 120%; color: #333399;\">Labradorit: Besch\u00fctzend.\u00a0<\/span><br \/>\n<span style=\"font-family: 'Book Antiqua', Palatino; font-size: 120%; color: #333399;\">Rosenquarz: Liebe.\u00a0<\/span><br \/>\n<span style=\"font-family: 'Book Antiqua', Palatino; font-size: 120%; color: #333399;\">Rhodochrosit: Beruhigend.\u00a0<\/span><\/p>","protected":false},"excerpt":{"rendered":"<p><span style=\"font-family: 'Book Antiqua', Palatino; font-size: 120%; color: #333399;\">Zusammensetzung: 90 Steine \/ Gewicht: 30 g \/ L\u00e4nge: 47,5 cm<\/span><\/p>","protected":false},"featured_media":231,"comment_status":"open","ping_status":"closed","template":"","meta":[],"product_brand":[278],"product_cat":[123,72,41],"product_tag":[44,151,48,45,35,156,159],"class_list":{"0":"post-229","1":"product","2":"type-product","3":"status-publish","4":"has-post-thumbnail","6":"product_brand-agara-creations","7":"product_cat-collection-deesse","8":"product_cat-colliers","9":"product_cat-femme","10":"product_tag-citrine","11":"product_tag-jaune","12":"product_tag-labradorite","13":"product_tag-quartz-rose","14":"product_tag-rhodochrosite","15":"product_tag-rose","16":"product_tag-vert","18":"first","19":"instock","20":"sold-individually","21":"taxable","22":"shipping-taxable","23":"purchasable","24":"product-type-simple"},"yoast_head":"<!-- This site is optimized with the Yoast SEO Premium plugin v25.1 (Yoast SEO v27.4) - https:\/\/yoast.com\/product\/yoast-seo-premium-wordpress\/ -->\n<title>Collier Devakanya Ojoda Oman Ardra Pranaya Ksemya | Agara<\/title>\n<meta name=\"description\" content=\"Ce collier est compos\u00e9 de citrine, de labradorite, de quartz rose et de rhodochrosite, avec un fermoir en acier inoxydable dor\u00e9 de 4 \u00e0 10 mm.\u00a0Propri\u00e9t\u00e9s :\u00a0Citrine : \u00c9nergisante.\u00a0Labradorite : Protectrice.\u00a0Quartz rose : Amour.\u00a0Rhodochrosite : Apaisante.\u00a0\" \/>\n<meta name=\"robots\" content=\"index, follow, max-snippet:-1, max-image-preview:large, max-video-preview:-1\" \/>\n<link rel=\"canonical\" href=\"https:\/\/369agara.com\/de\/produkt\/collier-devakanya-ojoda-oman-pranaya-ksemya-90\/\" \/>\n<meta property=\"og:locale\" content=\"de_DE\" \/>\n<meta property=\"og:type\" content=\"article\" \/>\n<meta property=\"og:title\" content=\"Collier Devakanya Ojoda Oman Ardra Pranaya Ksemya\" \/>\n<meta property=\"og:description\" content=\"Ce collier est compos\u00e9 de citrine, de labradorite, de quartz rose et de rhodochrosite, avec un fermoir en acier inoxydable dor\u00e9 de 4 \u00e0 10 mm.\u00a0Propri\u00e9t\u00e9s :\u00a0Citrine : \u00c9nergisante.\u00a0Labradorite : Protectrice.\u00a0Quartz rose : Amour.\u00a0Rhodochrosite : Apaisante.\u00a0\" \/>\n<meta property=\"og:url\" content=\"https:\/\/369agara.com\/de\/produkt\/collier-devakanya-ojoda-oman-pranaya-ksemya-90\/\" \/>\n<meta property=\"og:site_name\" content=\"Agara\" \/>\n<meta property=\"article:modified_time\" content=\"2025-07-01T17:52:59+00:00\" \/>\n<meta property=\"og:image\" content=\"https:\/\/369agara.com\/wp-content\/uploads\/2020\/06\/IMG_4455c-scaled.jpg\" \/>\n\t<meta property=\"og:image:width\" content=\"2560\" \/>\n\t<meta property=\"og:image:height\" content=\"2560\" \/>\n\t<meta property=\"og:image:type\" content=\"image\/jpeg\" \/>\n<meta name=\"twitter:card\" content=\"summary_large_image\" \/>\n<meta name=\"twitter:label1\" content=\"Gesch\u00e4tzte Lesezeit\" \/>\n\t<meta name=\"twitter:data1\" content=\"1\u00a0Minute\" \/>\n<script type=\"application\/ld+json\" class=\"yoast-schema-graph\">{\"@context\":\"https:\\\/\\\/schema.org\",\"@graph\":[{\"@type\":\"WebPage\",\"@id\":\"https:\\\/\\\/369agara.com\\\/produit\\\/collier-devakanya-ojoda-oman-pranaya-ksemya-90\\\/\",\"url\":\"https:\\\/\\\/369agara.com\\\/produit\\\/collier-devakanya-ojoda-oman-pranaya-ksemya-90\\\/\",\"name\":\"Collier Devakanya Ojoda Oman Ardra Pranaya Ksemya | Agara\",\"isPartOf\":{\"@id\":\"https:\\\/\\\/369agara.com\\\/#website\"},\"primaryImageOfPage\":{\"@id\":\"https:\\\/\\\/369agara.com\\\/produit\\\/collier-devakanya-ojoda-oman-pranaya-ksemya-90\\\/#primaryimage\"},\"image\":{\"@id\":\"https:\\\/\\\/369agara.com\\\/produit\\\/collier-devakanya-ojoda-oman-pranaya-ksemya-90\\\/#primaryimage\"},\"thumbnailUrl\":\"https:\\\/\\\/369agara.com\\\/wp-content\\\/uploads\\\/2020\\\/06\\\/IMG_4455c-scaled.jpg\",\"datePublished\":\"2020-06-30T16:25:20+00:00\",\"dateModified\":\"2025-07-01T17:52:59+00:00\",\"description\":\"Ce collier est compos\u00e9 de citrine, de labradorite, de quartz rose et de rhodochrosite, avec un fermoir en acier inoxydable dor\u00e9 de 4 \u00e0 10 mm.\u00a0Propri\u00e9t\u00e9s :\u00a0Citrine : \u00c9nergisante.\u00a0Labradorite : Protectrice.\u00a0Quartz rose : Amour.\u00a0Rhodochrosite : Apaisante.\u00a0\",\"breadcrumb\":{\"@id\":\"https:\\\/\\\/369agara.com\\\/produit\\\/collier-devakanya-ojoda-oman-pranaya-ksemya-90\\\/#breadcrumb\"},\"inLanguage\":\"de\",\"potentialAction\":[{\"@type\":\"ReadAction\",\"target\":[\"https:\\\/\\\/369agara.com\\\/produit\\\/collier-devakanya-ojoda-oman-pranaya-ksemya-90\\\/\"]}]},{\"@type\":\"ImageObject\",\"inLanguage\":\"de\",\"@id\":\"https:\\\/\\\/369agara.com\\\/produit\\\/collier-devakanya-ojoda-oman-pranaya-ksemya-90\\\/#primaryimage\",\"url\":\"https:\\\/\\\/369agara.com\\\/wp-content\\\/uploads\\\/2020\\\/06\\\/IMG_4455c-scaled.jpg\",\"contentUrl\":\"https:\\\/\\\/369agara.com\\\/wp-content\\\/uploads\\\/2020\\\/06\\\/IMG_4455c-scaled.jpg\",\"width\":2560,\"height\":2560},{\"@type\":\"BreadcrumbList\",\"@id\":\"https:\\\/\\\/369agara.com\\\/produit\\\/collier-devakanya-ojoda-oman-pranaya-ksemya-90\\\/#breadcrumb\",\"itemListElement\":[{\"@type\":\"ListItem\",\"position\":1,\"name\":\"Accueil\",\"item\":\"https:\\\/\\\/369agara.com\\\/\"},{\"@type\":\"ListItem\",\"position\":2,\"name\":\"La boutique\",\"item\":\"https:\\\/\\\/369agara.com\\\/la-boutique\\\/\"},{\"@type\":\"ListItem\",\"position\":3,\"name\":\"Collier Devakanya Ojoda Oman Ardra Pranaya Ksemya\"}]},{\"@type\":\"WebSite\",\"@id\":\"https:\\\/\\\/369agara.com\\\/#website\",\"url\":\"https:\\\/\\\/369agara.com\\\/\",\"name\":\"Livsrikedomar\",\"description\":\"D\u00e9connectez pour mieux vous connecter\",\"publisher\":{\"@id\":\"https:\\\/\\\/369agara.com\\\/#organization\"},\"potentialAction\":[{\"@type\":\"SearchAction\",\"target\":{\"@type\":\"EntryPoint\",\"urlTemplate\":\"https:\\\/\\\/369agara.com\\\/?s={search_term_string}\"},\"query-input\":{\"@type\":\"PropertyValueSpecification\",\"valueRequired\":true,\"valueName\":\"search_term_string\"}}],\"inLanguage\":\"de\"},{\"@type\":\"Organization\",\"@id\":\"https:\\\/\\\/369agara.com\\\/#organization\",\"name\":\"EACreations\",\"url\":\"https:\\\/\\\/369agara.com\\\/\",\"logo\":{\"@type\":\"ImageObject\",\"inLanguage\":\"de\",\"@id\":\"https:\\\/\\\/369agara.com\\\/#\\\/schema\\\/logo\\\/image\\\/\",\"url\":\"\",\"contentUrl\":\"\",\"caption\":\"EACreations\"},\"image\":{\"@id\":\"https:\\\/\\\/369agara.com\\\/#\\\/schema\\\/logo\\\/image\\\/\"}}]}<\/script>\n<!-- \/ Yoast SEO Premium plugin. -->","yoast_head_json":{"title":"Collier Devakanya Ojoda Oman Ardra Pranaya Ksemya | Agara","description":"Diese Halskette besteht aus Citrin, Labradorit, Rosenquarz und Rhodochrosit und hat einen Verschluss aus vergoldetem Edelstahl von 4 bis 10 mm. Eigenschaften: Citrin: Energetisierend. Labradorit: Besch\u00fctzend. Rosenquarz: Liebe. Rhodochrosit: Beruhigend.\u00a0","robots":{"index":"index","follow":"follow","max-snippet":"max-snippet:-1","max-image-preview":"max-image-preview:large","max-video-preview":"max-video-preview:-1"},"canonical":"https:\/\/369agara.com\/de\/produkt\/collier-devakanya-ojoda-oman-pranaya-ksemya-90\/","og_locale":"de_DE","og_type":"article","og_title":"Collier Devakanya Ojoda Oman Ardra Pranaya Ksemya","og_description":"Ce collier est compos\u00e9 de citrine, de labradorite, de quartz rose et de rhodochrosite, avec un fermoir en acier inoxydable dor\u00e9 de 4 \u00e0 10 mm.\u00a0Propri\u00e9t\u00e9s :\u00a0Citrine : \u00c9nergisante.\u00a0Labradorite : Protectrice.\u00a0Quartz rose : Amour.\u00a0Rhodochrosite : Apaisante.\u00a0","og_url":"https:\/\/369agara.com\/de\/produkt\/collier-devakanya-ojoda-oman-pranaya-ksemya-90\/","og_site_name":"Agara","article_modified_time":"2025-07-01T17:52:59+00:00","og_image":[{"width":2560,"height":2560,"url":"https:\/\/369agara.com\/wp-content\/uploads\/2020\/06\/IMG_4455c-scaled.jpg","type":"image\/jpeg"}],"twitter_card":"summary_large_image","twitter_misc":{"Gesch\u00e4tzte Lesezeit":"1\u00a0Minute"},"schema":{"@context":"https:\/\/schema.org","@graph":[{"@type":"WebPage","@id":"https:\/\/369agara.com\/produit\/collier-devakanya-ojoda-oman-pranaya-ksemya-90\/","url":"https:\/\/369agara.com\/produit\/collier-devakanya-ojoda-oman-pranaya-ksemya-90\/","name":"Collier Devakanya Ojoda Oman Ardra Pranaya Ksemya | Agara","isPartOf":{"@id":"https:\/\/369agara.com\/#website"},"primaryImageOfPage":{"@id":"https:\/\/369agara.com\/produit\/collier-devakanya-ojoda-oman-pranaya-ksemya-90\/#primaryimage"},"image":{"@id":"https:\/\/369agara.com\/produit\/collier-devakanya-ojoda-oman-pranaya-ksemya-90\/#primaryimage"},"thumbnailUrl":"https:\/\/369agara.com\/wp-content\/uploads\/2020\/06\/IMG_4455c-scaled.jpg","datePublished":"2020-06-30T16:25:20+00:00","dateModified":"2025-07-01T17:52:59+00:00","description":"Diese Halskette besteht aus Citrin, Labradorit, Rosenquarz und Rhodochrosit und hat einen Verschluss aus vergoldetem Edelstahl von 4 bis 10 mm. Eigenschaften: Citrin: Energetisierend. Labradorit: Besch\u00fctzend. Rosenquarz: Liebe. Rhodochrosit: Beruhigend.\u00a0","breadcrumb":{"@id":"https:\/\/369agara.com\/produit\/collier-devakanya-ojoda-oman-pranaya-ksemya-90\/#breadcrumb"},"inLanguage":"de","potentialAction":[{"@type":"ReadAction","target":["https:\/\/369agara.com\/produit\/collier-devakanya-ojoda-oman-pranaya-ksemya-90\/"]}]},{"@type":"ImageObject","inLanguage":"de","@id":"https:\/\/369agara.com\/produit\/collier-devakanya-ojoda-oman-pranaya-ksemya-90\/#primaryimage","url":"https:\/\/369agara.com\/wp-content\/uploads\/2020\/06\/IMG_4455c-scaled.jpg","contentUrl":"https:\/\/369agara.com\/wp-content\/uploads\/2020\/06\/IMG_4455c-scaled.jpg","width":2560,"height":2560},{"@type":"BreadcrumbList","@id":"https:\/\/369agara.com\/produit\/collier-devakanya-ojoda-oman-pranaya-ksemya-90\/#breadcrumb","itemListElement":[{"@type":"ListItem","position":1,"name":"Accueil","item":"https:\/\/369agara.com\/"},{"@type":"ListItem","position":2,"name":"La boutique","item":"https:\/\/369agara.com\/la-boutique\/"},{"@type":"ListItem","position":3,"name":"Collier Devakanya Ojoda Oman Ardra Pranaya Ksemya"}]},{"@type":"WebSite","@id":"https:\/\/369agara.com\/#website","url":"https:\/\/369agara.com\/","name":"Livsrikedomar","description":"Trennen Sie die Verbindung, um sich besser zu verbinden","publisher":{"@id":"https:\/\/369agara.com\/#organization"},"potentialAction":[{"@type":"SearchAction","target":{"@type":"EntryPoint","urlTemplate":"https:\/\/369agara.com\/?s={search_term_string}"},"query-input":{"@type":"PropertyValueSpecification","valueRequired":true,"valueName":"search_term_string"}}],"inLanguage":"de"},{"@type":"Organization","@id":"https:\/\/369agara.com\/#organization","name":"EACreations","url":"https:\/\/369agara.com\/","logo":{"@type":"ImageObject","inLanguage":"de","@id":"https:\/\/369agara.com\/#\/schema\/logo\/image\/","url":"","contentUrl":"","caption":"EACreations"},"image":{"@id":"https:\/\/369agara.com\/#\/schema\/logo\/image\/"}}]}},"jetpack_sharing_enabled":true,"_links":{"self":[{"href":"https:\/\/369agara.com\/de\/wp-json\/wp\/v2\/product\/229","targetHints":{"allow":["GET"]}}],"collection":[{"href":"https:\/\/369agara.com\/de\/wp-json\/wp\/v2\/product"}],"about":[{"href":"https:\/\/369agara.com\/de\/wp-json\/wp\/v2\/types\/product"}],"replies":[{"embeddable":true,"href":"https:\/\/369agara.com\/de\/wp-json\/wp\/v2\/comments?post=229"}],"wp:featuredmedia":[{"embeddable":true,"href":"https:\/\/369agara.com\/de\/wp-json\/wp\/v2\/media\/231"}],"wp:attachment":[{"href":"https:\/\/369agara.com\/de\/wp-json\/wp\/v2\/media?parent=229"}],"wp:term":[{"taxonomy":"product_brand","embeddable":true,"href":"https:\/\/369agara.com\/de\/wp-json\/wp\/v2\/product_brand?post=229"},{"taxonomy":"product_cat","embeddable":true,"href":"https:\/\/369agara.com\/de\/wp-json\/wp\/v2\/product_cat?post=229"},{"taxonomy":"product_tag","embeddable":true,"href":"https:\/\/369agara.com\/de\/wp-json\/wp\/v2\/product_tag?post=229"}],"curies":[{"name":"wp","href":"https:\/\/api.w.org\/{rel}","templated":true}]}}