{"id":2382,"date":"2023-10-24T14:17:35","date_gmt":"2023-10-24T12:17:35","guid":{"rendered":"https:\/\/369agara.com\/?post_type=product&#038;p=2382"},"modified":"2025-05-15T22:13:49","modified_gmt":"2025-05-15T20:13:49","slug":"plaque-earthing-gcs-tissu-toile","status":"publish","type":"product","link":"https:\/\/369agara.com\/de\/produkt\/plaque-earthing-gcs-tissu-toile\/","title":{"rendered":"GCS YShield Schraub-Erdungsplatte f\u00fcr wellenabweisende Stoffe und Gewebe"},"content":{"rendered":"<p><span style=\"font-family: 'Book Antiqua', Palatino; font-size: 120%; color: #333399;\">Die GCS YShield Schraub-Erdungsplatte wurde speziell entwickelt, um eine gute Erdung von Vorh\u00e4ngen, Stoffen und Baldachinen zur Abschirmung von niedrigen und hohen Frequenzen sowie von MCL- und MCF5-Magnetfeld-Abschirmmaterial zu gew\u00e4hrleisten.<\/span><\/p>\n<p><span style=\"font-family: 'Book Antiqua', Palatino; font-size: 120%; color: #333399;\">Die beiden Erdungsplatten werden mit einer Schraube zusammengehalten. Das Material, das geerdet werden soll, muss also durchbohrt werden (du musst ein kleines Loch hineinschneiden, durch das die Schraube passt).<\/span><br \/>\n<span style=\"font-family: 'Book Antiqua', Palatino; font-size: 120%; color: #333399;\">Der Vorteil ist, dass die Platte nicht versehentlich gel\u00f6st werden kann; deine Leinwand oder dein Stoff ist also immer richtig geerdet.<\/span><\/p>\n<h3><span style=\"font-family: 'Book Antiqua', Palatino; font-size: 120%; color: #333399;\">Inhalt der Lieferung<\/span><\/h3>\n<p><span style=\"font-family: 'Book Antiqua', Palatino; font-size: 120%; color: #333399;\">2 Anschlussplatten 36 x 36 x 6 mm, alle ben\u00f6tigten Schrauben, Unterlegscheiben, Kabelschuhe und ein Schraubwerkzeug mit Torx\u00ae-Bits<\/span><\/p>\n<p><span style=\"font-family: 'Book Antiqua', Palatino; font-size: 120%; color: #333399;\"><span style=\"color: #ed1c24;\">Diese Platte wird allein verkauft!<\/span> Wir empfehlen Ihnen, gleichzeitig ein fertiges Erdungskabel der GL-Serie (in 5 verschiedenen L\u00e4ngen erh\u00e4ltlich) + einen GPE-Erdungsstecker zu kaufen.<\/span><\/p>\n<h3><span style=\"font-family: 'Book Antiqua', Palatino; font-size: 120%; color: #333399;\">Konnektivit\u00e4t<\/span><\/h3>\n<p><span style=\"font-family: 'Book Antiqua', Palatino; font-size: 120%; color: #333399;\">Eine Kabelverbindung<\/span><\/p>\n<h3><span style=\"font-family: 'Book Antiqua', Palatino; font-size: 120%; color: #333399;\">Einsetzen<\/span><\/h3>\n<p><span style=\"font-family: 'Book Antiqua', Palatino; font-size: 120%; color: #333399;\">1. Schrauben Sie das Kabel (Kabelschuh) mit den M4x3.2-Schrauben und der Spannscheibe fest.<\/span><\/p>\n<p><span style=\"font-family: 'Book Antiqua', Palatino; font-size: 120%; color: #333399;\">2. Schrauben Sie die beiden Platten ab und trennen Sie sie.<\/span><\/p>\n<p><span style=\"font-family: 'Book Antiqua', Palatino; font-size: 120%; color: #333399;\">3. Bohren Sie mit einer Schere oder einem kleinen scharfen Messer ein kleines Loch in das zu erdende Material. Achten Sie darauf, dass Sie sich nicht verletzen!<\/span><\/p>\n<p><span style=\"font-family: 'Book Antiqua', Palatino; font-size: 120%; color: #333399;\">4. Schrauben Sie die beiden Platten wieder fest zusammen.<\/span><\/p>\n<h3><span style=\"font-family: 'Book Antiqua', Palatino; font-size: 120%; color: #333399;\">Technische Daten<\/span><\/h3>\n<p><span style=\"font-family: 'Book Antiqua', Palatino; font-size: 120%; color: #333399;\">Inhalt: eine anschraubbare Erdungsplatte mit Zubeh\u00f6r\u00a0<\/span><\/p>\n<p><span style=\"font-family: 'Book Antiqua', Palatino; font-size: 120%; color: #333399;\">Gewicht: 130 g<\/span><\/p>\n<p><span style=\"font-family: 'Book Antiqua', Palatino; font-size: 120%; color: #333399;\">Abmessungen der Verpackung: 150 x 120 x 30 mm<\/span><\/p>\n<p><span style=\"font-family: 'Book Antiqua', Palatino; font-size: 120%; color: #333399;\">Hergestellt in Deutschland\u00a0\u00a0<\/span><\/p>\n<p><span style=\"font-family: 'Book Antiqua', Palatino; font-size: 120%; color: #ed1c24;\">Wir \u00fcbernehmen keine Haftung f\u00fcr Sch\u00e4den an Personen, Tieren oder Gegenst\u00e4nden, die durch eine unsachgem\u00e4\u00dfe Verwendung dieses Produkts entstehen, insbesondere durch eine nicht DIN 57100 \/ VDE 0100 entsprechende Erdung und elektrische Installation. Wir empfehlen die \u00dcberpr\u00fcfung der elektrischen Installation und die Erdung der YShield\u00ae-Produkte durch einen Elektrofachmann.<\/span><\/p>","protected":false},"excerpt":{"rendered":"<p><span style=\"font-family: 'Book Antiqua', Palatino; font-size: 120%; color: #333399;\">Die GCS YShield Schraub-Erdungsplatte ist f\u00fcr die Erdung von Geweben und Stoffen zum Schutz gegen Wellen bestimmt.\u00a0<\/span><\/p>\n<p><span style=\"font-family: 'Book Antiqua', Palatino; font-size: 120%; color: #333399;\">Wird in Verbindung mit den GL-Erdungskabeln und dem GPE-Erdungsstecker verwendet.\u00a0<\/span><\/p>\n<p><span style=\"font-family: 'Book Antiqua', Palatino; font-size: 120%; color: #333399;\">Verwendung in Innenr\u00e4umen.<\/span><\/p>","protected":false},"featured_media":2387,"comment_status":"open","ping_status":"closed","template":"","meta":[],"product_brand":[265],"product_cat":[164],"product_tag":[248,246,247,251,249,245,255,256],"class_list":{"0":"post-2382","1":"product","2":"type-product","3":"status-publish","4":"has-post-thumbnail","6":"product_brand-biologa-danell","7":"product_cat-baubiologie","8":"product_tag-baubiologie","9":"product_tag-bureau","10":"product_tag-chambre","11":"product_tag-electricite","12":"product_tag-electromagnetisme","13":"product_tag-maison","14":"product_tag-mur","15":"product_tag-tapis","17":"first","18":"instock","19":"taxable","20":"shipping-taxable","21":"purchasable","22":"product-type-simple"},"yoast_head":"<!-- This site is optimized with the Yoast SEO Premium plugin v25.1 (Yoast SEO v27.4) - https:\/\/yoast.com\/product\/yoast-seo-premium-wordpress\/ -->\n<title>Plaque de mise \u00e0 la terre \u00e0 vis GCS YShield pour tissus et toiles anti-ondes | Agara<\/title>\n<meta name=\"description\" content=\"La plaque de mise \u00e0 la terre \u00e0 vis GCS YShield est destin\u00e9e \u00e0 la mise \u00e0 la terre des tissus et toiles de protection anti-ondes.\u00a0S&#039;utilise en association avec les c\u00e2bles de mise \u00e0 la terre GL et la fiche de mise \u00e0 la terre GPE.\u00a0Usage en int\u00e9rieur.\" \/>\n<meta name=\"robots\" content=\"index, follow, max-snippet:-1, max-image-preview:large, max-video-preview:-1\" \/>\n<link rel=\"canonical\" href=\"https:\/\/369agara.com\/de\/produkt\/plaque-earthing-gcs-tissu-toile\/\" \/>\n<meta property=\"og:locale\" content=\"de_DE\" \/>\n<meta property=\"og:type\" content=\"article\" \/>\n<meta property=\"og:title\" content=\"Plaque de mise \u00e0 la terre \u00e0 vis GCS YShield pour tissus et toiles anti-ondes\" \/>\n<meta property=\"og:description\" content=\"La plaque de mise \u00e0 la terre \u00e0 vis GCS YShield est destin\u00e9e \u00e0 la mise \u00e0 la terre des tissus et toiles de protection anti-ondes.\u00a0S&#039;utilise en association avec les c\u00e2bles de mise \u00e0 la terre GL et la fiche de mise \u00e0 la terre GPE.\u00a0Usage en int\u00e9rieur.\" \/>\n<meta property=\"og:url\" content=\"https:\/\/369agara.com\/de\/produkt\/plaque-earthing-gcs-tissu-toile\/\" \/>\n<meta property=\"og:site_name\" content=\"Agara\" \/>\n<meta property=\"article:modified_time\" content=\"2025-05-15T20:13:49+00:00\" \/>\n<meta property=\"og:image\" content=\"https:\/\/369agara.com\/wp-content\/uploads\/2023\/10\/plaque-de-mise-a-la-terre-a-vis-gcs-yshield-pour-tissus-et-toiles-anti-ondes-.jpg\" \/>\n\t<meta property=\"og:image:width\" content=\"800\" \/>\n\t<meta property=\"og:image:height\" content=\"800\" \/>\n\t<meta property=\"og:image:type\" content=\"image\/jpeg\" \/>\n<meta name=\"twitter:card\" content=\"summary_large_image\" \/>\n<meta name=\"twitter:label1\" content=\"Gesch\u00e4tzte Lesezeit\" \/>\n\t<meta name=\"twitter:data1\" content=\"2\u00a0Minuten\" \/>\n<script type=\"application\/ld+json\" class=\"yoast-schema-graph\">{\"@context\":\"https:\\\/\\\/schema.org\",\"@graph\":[{\"@type\":\"WebPage\",\"@id\":\"https:\\\/\\\/369agara.com\\\/produit\\\/plaque-earthing-gcs-tissu-toile\\\/\",\"url\":\"https:\\\/\\\/369agara.com\\\/produit\\\/plaque-earthing-gcs-tissu-toile\\\/\",\"name\":\"Plaque de mise \u00e0 la terre \u00e0 vis GCS YShield pour tissus et toiles anti-ondes | Agara\",\"isPartOf\":{\"@id\":\"https:\\\/\\\/369agara.com\\\/#website\"},\"primaryImageOfPage\":{\"@id\":\"https:\\\/\\\/369agara.com\\\/produit\\\/plaque-earthing-gcs-tissu-toile\\\/#primaryimage\"},\"image\":{\"@id\":\"https:\\\/\\\/369agara.com\\\/produit\\\/plaque-earthing-gcs-tissu-toile\\\/#primaryimage\"},\"thumbnailUrl\":\"https:\\\/\\\/369agara.com\\\/wp-content\\\/uploads\\\/2023\\\/10\\\/plaque-de-mise-a-la-terre-a-vis-gcs-yshield-pour-tissus-et-toiles-anti-ondes-.jpg\",\"datePublished\":\"2023-10-24T12:17:35+00:00\",\"dateModified\":\"2025-05-15T20:13:49+00:00\",\"description\":\"La plaque de mise \u00e0 la terre \u00e0 vis GCS YShield est destin\u00e9e \u00e0 la mise \u00e0 la terre des tissus et toiles de protection anti-ondes.\u00a0S'utilise en association avec les c\u00e2bles de mise \u00e0 la terre GL et la fiche de mise \u00e0 la terre GPE.\u00a0Usage en int\u00e9rieur.\",\"breadcrumb\":{\"@id\":\"https:\\\/\\\/369agara.com\\\/produit\\\/plaque-earthing-gcs-tissu-toile\\\/#breadcrumb\"},\"inLanguage\":\"de\",\"potentialAction\":[{\"@type\":\"ReadAction\",\"target\":[\"https:\\\/\\\/369agara.com\\\/produit\\\/plaque-earthing-gcs-tissu-toile\\\/\"]}]},{\"@type\":\"ImageObject\",\"inLanguage\":\"de\",\"@id\":\"https:\\\/\\\/369agara.com\\\/produit\\\/plaque-earthing-gcs-tissu-toile\\\/#primaryimage\",\"url\":\"https:\\\/\\\/369agara.com\\\/wp-content\\\/uploads\\\/2023\\\/10\\\/plaque-de-mise-a-la-terre-a-vis-gcs-yshield-pour-tissus-et-toiles-anti-ondes-.jpg\",\"contentUrl\":\"https:\\\/\\\/369agara.com\\\/wp-content\\\/uploads\\\/2023\\\/10\\\/plaque-de-mise-a-la-terre-a-vis-gcs-yshield-pour-tissus-et-toiles-anti-ondes-.jpg\",\"width\":800,\"height\":800},{\"@type\":\"BreadcrumbList\",\"@id\":\"https:\\\/\\\/369agara.com\\\/produit\\\/plaque-earthing-gcs-tissu-toile\\\/#breadcrumb\",\"itemListElement\":[{\"@type\":\"ListItem\",\"position\":1,\"name\":\"Accueil\",\"item\":\"https:\\\/\\\/369agara.com\\\/\"},{\"@type\":\"ListItem\",\"position\":2,\"name\":\"La boutique\",\"item\":\"https:\\\/\\\/369agara.com\\\/la-boutique\\\/\"},{\"@type\":\"ListItem\",\"position\":3,\"name\":\"Plaque de mise \u00e0 la terre \u00e0 vis GCS YShield pour tissus et toiles anti-ondes\"}]},{\"@type\":\"WebSite\",\"@id\":\"https:\\\/\\\/369agara.com\\\/#website\",\"url\":\"https:\\\/\\\/369agara.com\\\/\",\"name\":\"Livsrikedomar\",\"description\":\"D\u00e9connectez pour mieux vous connecter\",\"publisher\":{\"@id\":\"https:\\\/\\\/369agara.com\\\/#organization\"},\"potentialAction\":[{\"@type\":\"SearchAction\",\"target\":{\"@type\":\"EntryPoint\",\"urlTemplate\":\"https:\\\/\\\/369agara.com\\\/?s={search_term_string}\"},\"query-input\":{\"@type\":\"PropertyValueSpecification\",\"valueRequired\":true,\"valueName\":\"search_term_string\"}}],\"inLanguage\":\"de\"},{\"@type\":\"Organization\",\"@id\":\"https:\\\/\\\/369agara.com\\\/#organization\",\"name\":\"EACreations\",\"url\":\"https:\\\/\\\/369agara.com\\\/\",\"logo\":{\"@type\":\"ImageObject\",\"inLanguage\":\"de\",\"@id\":\"https:\\\/\\\/369agara.com\\\/#\\\/schema\\\/logo\\\/image\\\/\",\"url\":\"\",\"contentUrl\":\"\",\"caption\":\"EACreations\"},\"image\":{\"@id\":\"https:\\\/\\\/369agara.com\\\/#\\\/schema\\\/logo\\\/image\\\/\"}}]}<\/script>\n<!-- \/ Yoast SEO Premium plugin. -->","yoast_head_json":{"title":"Plaque de mise \u00e0 la terre \u00e0 vis GCS YShield pour tissus et toiles anti-ondes | Agara","description":"La plaque de mise \u00e0 la terre \u00e0 vis GCS YShield est destin\u00e9e \u00e0 la mise \u00e0 la terre des tissus et toiles de protection anti-ondes.\u00a0S'utilise en association avec les c\u00e2bles de mise \u00e0 la terre GL et la fiche de mise \u00e0 la terre GPE.\u00a0Usage en int\u00e9rieur.","robots":{"index":"index","follow":"follow","max-snippet":"max-snippet:-1","max-image-preview":"max-image-preview:large","max-video-preview":"max-video-preview:-1"},"canonical":"https:\/\/369agara.com\/de\/produkt\/plaque-earthing-gcs-tissu-toile\/","og_locale":"de_DE","og_type":"article","og_title":"Plaque de mise \u00e0 la terre \u00e0 vis GCS YShield pour tissus et toiles anti-ondes","og_description":"La plaque de mise \u00e0 la terre \u00e0 vis GCS YShield est destin\u00e9e \u00e0 la mise \u00e0 la terre des tissus et toiles de protection anti-ondes.\u00a0S'utilise en association avec les c\u00e2bles de mise \u00e0 la terre GL et la fiche de mise \u00e0 la terre GPE.\u00a0Usage en int\u00e9rieur.","og_url":"https:\/\/369agara.com\/de\/produkt\/plaque-earthing-gcs-tissu-toile\/","og_site_name":"Agara","article_modified_time":"2025-05-15T20:13:49+00:00","og_image":[{"width":800,"height":800,"url":"https:\/\/369agara.com\/wp-content\/uploads\/2023\/10\/plaque-de-mise-a-la-terre-a-vis-gcs-yshield-pour-tissus-et-toiles-anti-ondes-.jpg","type":"image\/jpeg"}],"twitter_card":"summary_large_image","twitter_misc":{"Gesch\u00e4tzte Lesezeit":"2\u00a0Minuten"},"schema":{"@context":"https:\/\/schema.org","@graph":[{"@type":"WebPage","@id":"https:\/\/369agara.com\/produit\/plaque-earthing-gcs-tissu-toile\/","url":"https:\/\/369agara.com\/produit\/plaque-earthing-gcs-tissu-toile\/","name":"Plaque de mise \u00e0 la terre \u00e0 vis GCS YShield pour tissus et toiles anti-ondes | Agara","isPartOf":{"@id":"https:\/\/369agara.com\/#website"},"primaryImageOfPage":{"@id":"https:\/\/369agara.com\/produit\/plaque-earthing-gcs-tissu-toile\/#primaryimage"},"image":{"@id":"https:\/\/369agara.com\/produit\/plaque-earthing-gcs-tissu-toile\/#primaryimage"},"thumbnailUrl":"https:\/\/369agara.com\/wp-content\/uploads\/2023\/10\/plaque-de-mise-a-la-terre-a-vis-gcs-yshield-pour-tissus-et-toiles-anti-ondes-.jpg","datePublished":"2023-10-24T12:17:35+00:00","dateModified":"2025-05-15T20:13:49+00:00","description":"La plaque de mise \u00e0 la terre \u00e0 vis GCS YShield est destin\u00e9e \u00e0 la mise \u00e0 la terre des tissus et toiles de protection anti-ondes.\u00a0S'utilise en association avec les c\u00e2bles de mise \u00e0 la terre GL et la fiche de mise \u00e0 la terre GPE.\u00a0Usage en int\u00e9rieur.","breadcrumb":{"@id":"https:\/\/369agara.com\/produit\/plaque-earthing-gcs-tissu-toile\/#breadcrumb"},"inLanguage":"de","potentialAction":[{"@type":"ReadAction","target":["https:\/\/369agara.com\/produit\/plaque-earthing-gcs-tissu-toile\/"]}]},{"@type":"ImageObject","inLanguage":"de","@id":"https:\/\/369agara.com\/produit\/plaque-earthing-gcs-tissu-toile\/#primaryimage","url":"https:\/\/369agara.com\/wp-content\/uploads\/2023\/10\/plaque-de-mise-a-la-terre-a-vis-gcs-yshield-pour-tissus-et-toiles-anti-ondes-.jpg","contentUrl":"https:\/\/369agara.com\/wp-content\/uploads\/2023\/10\/plaque-de-mise-a-la-terre-a-vis-gcs-yshield-pour-tissus-et-toiles-anti-ondes-.jpg","width":800,"height":800},{"@type":"BreadcrumbList","@id":"https:\/\/369agara.com\/produit\/plaque-earthing-gcs-tissu-toile\/#breadcrumb","itemListElement":[{"@type":"ListItem","position":1,"name":"Accueil","item":"https:\/\/369agara.com\/"},{"@type":"ListItem","position":2,"name":"La boutique","item":"https:\/\/369agara.com\/la-boutique\/"},{"@type":"ListItem","position":3,"name":"Plaque de mise \u00e0 la terre \u00e0 vis GCS YShield pour tissus et toiles anti-ondes"}]},{"@type":"WebSite","@id":"https:\/\/369agara.com\/#website","url":"https:\/\/369agara.com\/","name":"Livsrikedomar","description":"Trennen Sie die Verbindung, um sich besser zu verbinden","publisher":{"@id":"https:\/\/369agara.com\/#organization"},"potentialAction":[{"@type":"SearchAction","target":{"@type":"EntryPoint","urlTemplate":"https:\/\/369agara.com\/?s={search_term_string}"},"query-input":{"@type":"PropertyValueSpecification","valueRequired":true,"valueName":"search_term_string"}}],"inLanguage":"de"},{"@type":"Organization","@id":"https:\/\/369agara.com\/#organization","name":"EACreations","url":"https:\/\/369agara.com\/","logo":{"@type":"ImageObject","inLanguage":"de","@id":"https:\/\/369agara.com\/#\/schema\/logo\/image\/","url":"","contentUrl":"","caption":"EACreations"},"image":{"@id":"https:\/\/369agara.com\/#\/schema\/logo\/image\/"}}]}},"jetpack_sharing_enabled":true,"_links":{"self":[{"href":"https:\/\/369agara.com\/de\/wp-json\/wp\/v2\/product\/2382","targetHints":{"allow":["GET"]}}],"collection":[{"href":"https:\/\/369agara.com\/de\/wp-json\/wp\/v2\/product"}],"about":[{"href":"https:\/\/369agara.com\/de\/wp-json\/wp\/v2\/types\/product"}],"replies":[{"embeddable":true,"href":"https:\/\/369agara.com\/de\/wp-json\/wp\/v2\/comments?post=2382"}],"wp:featuredmedia":[{"embeddable":true,"href":"https:\/\/369agara.com\/de\/wp-json\/wp\/v2\/media\/2387"}],"wp:attachment":[{"href":"https:\/\/369agara.com\/de\/wp-json\/wp\/v2\/media?parent=2382"}],"wp:term":[{"taxonomy":"product_brand","embeddable":true,"href":"https:\/\/369agara.com\/de\/wp-json\/wp\/v2\/product_brand?post=2382"},{"taxonomy":"product_cat","embeddable":true,"href":"https:\/\/369agara.com\/de\/wp-json\/wp\/v2\/product_cat?post=2382"},{"taxonomy":"product_tag","embeddable":true,"href":"https:\/\/369agara.com\/de\/wp-json\/wp\/v2\/product_tag?post=2382"}],"curies":[{"name":"wp","href":"https:\/\/api.w.org\/{rel}","templated":true}]}}