{"id":2411,"date":"2023-10-28T18:44:44","date_gmt":"2023-10-28T16:44:44","guid":{"rendered":"https:\/\/369agara.com\/?post_type=product&#038;p=2411"},"modified":"2025-05-13T11:36:52","modified_gmt":"2025-05-13T09:36:52","slug":"tapis-antistatique-voiture-earthing","status":"publish","type":"product","link":"https:\/\/369agara.com\/de\/produkt\/tapis-antistatique-voiture-earthing\/","title":{"rendered":"Antistatische Sitzmatte f\u00fcr das Auto Earthing"},"content":{"rendered":"<p><span style=\"font-family: 'Book Antiqua', Palatino; font-size: 120%; color: #333399;\">Nutzen Sie die Vorteile von Earthing auch im Auto mit unserer Sitzmatte f\u00fcr den Fahrer.<\/span><\/p>\n<p><span style=\"font-family: 'Book Antiqua', Palatino; font-size: 120%; color: #333399;\">Diese antistatische Matte wurde speziell entwickelt, um die elektrostatische Aufladung, die sich w\u00e4hrend der Fahrt ansammelt, zu reduzieren und den Komfort unterwegs zu erh\u00f6hen.<\/span><\/p>\n<h3><span style=\"font-family: 'Book Antiqua', Palatino; font-size: 120%; color: #333399;\">F\u00fcr den Gebrauch im Auto konzipiert<\/span><\/h3>\n<p><span style=\"font-family: 'Book Antiqua', Palatino; font-size: 120%; color: #333399;\">Diese Earthing-Matte f\u00fcr Autositze besteht aus leitf\u00e4higem, mit Kohlenstoff angereichertem Gummi und wird direkt auf Ihre Sitzfl\u00e4che gelegt. Sie wird geliefert mit :<\/span><\/p>\n<ul>\n<li><span style=\"font-family: 'Book Antiqua', Palatino; font-size: 120%; color: #333399;\">Ein Verbindungskabel<\/span><\/li>\n<li><span style=\"font-family: 'Book Antiqua', Palatino; font-size: 120%; color: #333399;\">Eine Krokodilklemme zur einfachen Befestigung an einem Metallteil des Fahrzeugs (normalerweise das Fahrgestell oder der Rahmen unter dem Sitz - eventuell muss der Lack etwas abgekratzt werden, um einen guten Kontakt mit dem Metall zu gew\u00e4hrleisten).<\/span><\/li>\n<\/ul>\n<p><span style=\"font-family: 'Book Antiqua', Palatino; font-size: 120%; color: #333399;\">Im Gegensatz zu einer Erdungsmatte f\u00fcr zu Hause, die direkt mit der Erde verbunden ist, verbindet Sie dieses Modell f\u00fcr das Auto mit der Masse des Fahrzeugs, wodurch die Ansammlung elektrischer Ladungen zwischen Ihrem K\u00f6rper und der Karosserie begrenzt wird.<\/span><\/p>\n<h3><span style=\"font-family: 'Book Antiqua', Palatino; font-size: 120%; color: #333399;\">Ideal f\u00fcr lange Fahrten und sensible Fahrer<\/span><\/h3>\n<p><span style=\"font-family: 'Book Antiqua', Palatino; font-size: 120%; color: #333399;\">Studien legen nahe, dass die Verringerung der elektrostatischen Aufladung beim Autofahren :<\/span><\/p>\n<ul>\n<li><span style=\"font-family: 'Book Antiqua', Palatino; font-size: 120%; color: #333399;\">Reisekrankheit lindern ;<\/span><\/li>\n<li><span style=\"font-family: 'Book Antiqua', Palatino; font-size: 120%; color: #333399;\">M\u00fcdigkeit beim Fahren reduzieren ;<\/span><\/li>\n<li><span style=\"font-family: 'Book Antiqua', Palatino; font-size: 120%; color: #333399;\">Einen besseren elektromagnetischen Komfort bieten.<\/span><\/li>\n<\/ul>\n<p><span style=\"font-family: 'Book Antiqua', Palatino; font-size: 120%; color: #333399;\">Diese Matte kann durch die Kleidung hindurch verwendet werden, da ihre Hauptaufgabe darin besteht, statische Elektrizit\u00e4t zu vermeiden. Sie muss nicht direkt mit der Haut in Ber\u00fchrung kommen.<\/span><\/p>\n<h3><span style=\"font-family: 'Book Antiqua', Palatino; font-size: 120%; color: #333399;\">Was ist Earthing?<\/span><\/h3>\n<p><span style=\"font-family: 'Book Antiqua', Palatino; font-size: 120%; color: #333399;\">Earthing oder K\u00f6rpererdung ist eine nat\u00fcrliche Praxis, bei der man sich elektrisch mit der Erde verbindet, um das bioelektrische Gleichgewicht wiederherzustellen. Wie beim Barfu\u00dflaufen in der Natur wird diese wohltuende Wirkung durch Earthing-Zubeh\u00f6r nachgeahmt.<\/span><\/p>\n<p><span style=\"font-family: 'Book Antiqua', Palatino; font-size: 120%; color: #333399;\">Nach den Arbeiten von Clinton Ober, Stephen Sinatra und Martin Zucker kann Earthing viele Vorteile bieten:<\/span><\/p>\n<ul>\n<li><span style=\"font-family: 'Book Antiqua', Palatino; font-size: 120%; color: #333399;\">Verbesserung des Immunsystems ;<\/span><\/li>\n<li><span style=\"font-family: 'Book Antiqua', Palatino; font-size: 120%; color: #333399;\">Regulierung des Schlafs und der biologischen Uhr ;<\/span><\/li>\n<li><span style=\"font-family: 'Book Antiqua', Palatino; font-size: 120%; color: #333399;\">Abbau von Stress, Angstzust\u00e4nden und Muskelschmerzen ;<\/span><\/li>\n<li><span style=\"font-family: 'Book Antiqua', Palatino; font-size: 120%; color: #333399;\">Bessere Durchblutung ;<\/span><\/li>\n<li><span style=\"font-family: 'Book Antiqua', Palatino; font-size: 120%; color: #333399;\">Linderung der Symptome von Elektrosensibilit\u00e4t ;<\/span><\/li>\n<li><span style=\"font-family: 'Book Antiqua', Palatino; font-size: 120%; color: #333399;\">Beschleunigung der k\u00f6rperlichen Erholung und Verringerung von Entz\u00fcndungen.<\/span><\/li>\n<\/ul>\n<p><span style=\"font-family: 'Book Antiqua', Palatino; font-size: 120%; color: #ed1c24;\">Dieses Wellnessprodukt ist kein Ersatz f\u00fcr \u00e4rztlichen Rat. Im Zweifelsfall oder bei gesundheitlichen Problemen wenden Sie sich bitte an eine qualifizierte medizinische Fachkraft.<\/span><\/p>\n<h3><span style=\"font-family: 'Book Antiqua', Palatino; font-size: 120%; color: #333399;\">Technische Daten<\/span><\/h3>\n<p><span style=\"font-family: 'Book Antiqua', Palatino; font-size: 120%; color: #333399;\">Ma\u00dfe: 25 x 25 cm<\/span><\/p>\n<p><span style=\"font-family: 'Book Antiqua', Palatino; font-size: 120%; color: #333399;\">Hergestellt aus einem Schaumstoffkern mit einer Schicht aus leitf\u00e4higem Kohlenstoff.<\/span><\/p>\n<p><span style=\"font-family: 'Book Antiqua', Palatino; font-size: 120%; color: #333399;\">Wird mit einem dehnbaren Anschlusskabel mit Krokodilklemme geliefert.<\/span><\/p>","protected":false},"excerpt":{"rendered":"<p><span style=\"font-family: 'Book Antiqua', Palatino; font-size: 120%; color: #333399;\"><strong>Nutzen Sie die Vorteile von Earthing auch im Auto mit unserer Sitzmatte f\u00fcr den Fahrer.\u00a0<\/strong><\/span><\/p>\n<p><span style=\"font-family: 'Book Antiqua', Palatino; font-size: 120%; color: #333399;\">Diese antistatische Matte wurde speziell entwickelt, um die elektrostatische Aufladung, die sich w\u00e4hrend der Fahrt ansammelt, zu reduzieren und den Komfort unterwegs zu erh\u00f6hen.\u00a0<\/span><\/p>\n<p><span style=\"font-family: 'Book Antiqua', Palatino; font-size: 120%; color: #333399;\">Wirkt gegen Reisekrankheit und M\u00fcdigkeit beim Autofahren.\u00a0<\/span><\/p>\n<p><span style=\"font-family: 'Book Antiqua', Palatino; font-size: 120%; color: #333399;\">Ma\u00dfe: 25 x 25 cm<\/span><\/p>","protected":false},"featured_media":2413,"comment_status":"open","ping_status":"closed","template":"","meta":[],"product_brand":[267],"product_cat":[164],"product_tag":[248,249,254],"class_list":{"0":"post-2411","1":"product","2":"type-product","3":"status-publish","4":"has-post-thumbnail","6":"product_brand-earthing","7":"product_cat-baubiologie","8":"product_tag-baubiologie","9":"product_tag-electromagnetisme","10":"product_tag-voiture","12":"first","13":"instock","14":"taxable","15":"shipping-taxable","16":"purchasable","17":"product-type-simple"},"yoast_head":"<!-- This site is optimized with the Yoast SEO Premium plugin v25.1 (Yoast SEO v27.4) - https:\/\/yoast.com\/product\/yoast-seo-premium-wordpress\/ -->\n<title>Tapis d&#039;assise antistatique pour voiture Earthing | Agara<\/title>\n<meta name=\"description\" content=\"Profitez des bienfaits de l&#039;Earthing m\u00eame en voiture gr\u00e2ce \u00e0 notre tapis d\u2019assise conducteur.\u00a0Ce tapis antistatique est sp\u00e9cialement con\u00e7u pour r\u00e9duire les charges \u00e9lectrostatiques accumul\u00e9es lors de vos trajets et am\u00e9liorer votre confort en route. Efficace contre le mal des transports et la fatigue au volant. Dimensions : 25 x 25 cm\" \/>\n<meta name=\"robots\" content=\"index, follow, max-snippet:-1, max-image-preview:large, max-video-preview:-1\" \/>\n<link rel=\"canonical\" href=\"https:\/\/369agara.com\/de\/produkt\/tapis-antistatique-voiture-earthing\/\" \/>\n<meta property=\"og:locale\" content=\"de_DE\" \/>\n<meta property=\"og:type\" content=\"article\" \/>\n<meta property=\"og:title\" content=\"Tapis d&#039;assise antistatique pour voiture Earthing\" \/>\n<meta property=\"og:description\" content=\"Profitez des bienfaits de l&#039;Earthing m\u00eame en voiture gr\u00e2ce \u00e0 notre tapis d\u2019assise conducteur.\u00a0Ce tapis antistatique est sp\u00e9cialement con\u00e7u pour r\u00e9duire les charges \u00e9lectrostatiques accumul\u00e9es lors de vos trajets et am\u00e9liorer votre confort en route. Efficace contre le mal des transports et la fatigue au volant. Dimensions : 25 x 25 cm\" \/>\n<meta property=\"og:url\" content=\"https:\/\/369agara.com\/de\/produkt\/tapis-antistatique-voiture-earthing\/\" \/>\n<meta property=\"og:site_name\" content=\"Agara\" \/>\n<meta property=\"article:modified_time\" content=\"2025-05-13T09:36:52+00:00\" \/>\n<meta property=\"og:image\" content=\"https:\/\/369agara.com\/wp-content\/uploads\/2023\/10\/tapis-dassise-voiture-earthing.jpg\" \/>\n\t<meta property=\"og:image:width\" content=\"800\" \/>\n\t<meta property=\"og:image:height\" content=\"800\" \/>\n\t<meta property=\"og:image:type\" content=\"image\/jpeg\" \/>\n<meta name=\"twitter:card\" content=\"summary_large_image\" \/>\n<meta name=\"twitter:label1\" content=\"Gesch\u00e4tzte Lesezeit\" \/>\n\t<meta name=\"twitter:data1\" content=\"3\u00a0Minuten\" \/>\n<script type=\"application\/ld+json\" class=\"yoast-schema-graph\">{\"@context\":\"https:\\\/\\\/schema.org\",\"@graph\":[{\"@type\":\"WebPage\",\"@id\":\"https:\\\/\\\/369agara.com\\\/produit\\\/tapis-antistatique-voiture-earthing\\\/\",\"url\":\"https:\\\/\\\/369agara.com\\\/produit\\\/tapis-antistatique-voiture-earthing\\\/\",\"name\":\"Tapis d'assise antistatique pour voiture Earthing | Agara\",\"isPartOf\":{\"@id\":\"https:\\\/\\\/369agara.com\\\/#website\"},\"primaryImageOfPage\":{\"@id\":\"https:\\\/\\\/369agara.com\\\/produit\\\/tapis-antistatique-voiture-earthing\\\/#primaryimage\"},\"image\":{\"@id\":\"https:\\\/\\\/369agara.com\\\/produit\\\/tapis-antistatique-voiture-earthing\\\/#primaryimage\"},\"thumbnailUrl\":\"https:\\\/\\\/369agara.com\\\/wp-content\\\/uploads\\\/2023\\\/10\\\/tapis-dassise-voiture-earthing.jpg\",\"datePublished\":\"2023-10-28T16:44:44+00:00\",\"dateModified\":\"2025-05-13T09:36:52+00:00\",\"description\":\"Profitez des bienfaits de l'Earthing m\u00eame en voiture gr\u00e2ce \u00e0 notre tapis d\u2019assise conducteur.\u00a0Ce tapis antistatique est sp\u00e9cialement con\u00e7u pour r\u00e9duire les charges \u00e9lectrostatiques accumul\u00e9es lors de vos trajets et am\u00e9liorer votre confort en route. Efficace contre le mal des transports et la fatigue au volant. Dimensions : 25 x 25 cm\",\"breadcrumb\":{\"@id\":\"https:\\\/\\\/369agara.com\\\/produit\\\/tapis-antistatique-voiture-earthing\\\/#breadcrumb\"},\"inLanguage\":\"de\",\"potentialAction\":[{\"@type\":\"ReadAction\",\"target\":[\"https:\\\/\\\/369agara.com\\\/produit\\\/tapis-antistatique-voiture-earthing\\\/\"]}]},{\"@type\":\"ImageObject\",\"inLanguage\":\"de\",\"@id\":\"https:\\\/\\\/369agara.com\\\/produit\\\/tapis-antistatique-voiture-earthing\\\/#primaryimage\",\"url\":\"https:\\\/\\\/369agara.com\\\/wp-content\\\/uploads\\\/2023\\\/10\\\/tapis-dassise-voiture-earthing.jpg\",\"contentUrl\":\"https:\\\/\\\/369agara.com\\\/wp-content\\\/uploads\\\/2023\\\/10\\\/tapis-dassise-voiture-earthing.jpg\",\"width\":800,\"height\":800},{\"@type\":\"BreadcrumbList\",\"@id\":\"https:\\\/\\\/369agara.com\\\/produit\\\/tapis-antistatique-voiture-earthing\\\/#breadcrumb\",\"itemListElement\":[{\"@type\":\"ListItem\",\"position\":1,\"name\":\"Accueil\",\"item\":\"https:\\\/\\\/369agara.com\\\/\"},{\"@type\":\"ListItem\",\"position\":2,\"name\":\"La boutique\",\"item\":\"https:\\\/\\\/369agara.com\\\/la-boutique\\\/\"},{\"@type\":\"ListItem\",\"position\":3,\"name\":\"Tapis d&rsquo;assise antistatique pour voiture Earthing\"}]},{\"@type\":\"WebSite\",\"@id\":\"https:\\\/\\\/369agara.com\\\/#website\",\"url\":\"https:\\\/\\\/369agara.com\\\/\",\"name\":\"Livsrikedomar\",\"description\":\"D\u00e9connectez pour mieux vous connecter\",\"publisher\":{\"@id\":\"https:\\\/\\\/369agara.com\\\/#organization\"},\"potentialAction\":[{\"@type\":\"SearchAction\",\"target\":{\"@type\":\"EntryPoint\",\"urlTemplate\":\"https:\\\/\\\/369agara.com\\\/?s={search_term_string}\"},\"query-input\":{\"@type\":\"PropertyValueSpecification\",\"valueRequired\":true,\"valueName\":\"search_term_string\"}}],\"inLanguage\":\"de\"},{\"@type\":\"Organization\",\"@id\":\"https:\\\/\\\/369agara.com\\\/#organization\",\"name\":\"EACreations\",\"url\":\"https:\\\/\\\/369agara.com\\\/\",\"logo\":{\"@type\":\"ImageObject\",\"inLanguage\":\"de\",\"@id\":\"https:\\\/\\\/369agara.com\\\/#\\\/schema\\\/logo\\\/image\\\/\",\"url\":\"\",\"contentUrl\":\"\",\"caption\":\"EACreations\"},\"image\":{\"@id\":\"https:\\\/\\\/369agara.com\\\/#\\\/schema\\\/logo\\\/image\\\/\"}}]}<\/script>\n<!-- \/ Yoast SEO Premium plugin. -->","yoast_head_json":{"title":"Tapis d'assise antistatique pour voiture Earthing | Agara","description":"Profitez des bienfaits de l'Earthing m\u00eame en voiture gr\u00e2ce \u00e0 notre tapis d\u2019assise conducteur.\u00a0Ce tapis antistatique est sp\u00e9cialement con\u00e7u pour r\u00e9duire les charges \u00e9lectrostatiques accumul\u00e9es lors de vos trajets et am\u00e9liorer votre confort en route. Efficace contre le mal des transports et la fatigue au volant. Dimensions : 25 x 25 cm","robots":{"index":"index","follow":"follow","max-snippet":"max-snippet:-1","max-image-preview":"max-image-preview:large","max-video-preview":"max-video-preview:-1"},"canonical":"https:\/\/369agara.com\/de\/produkt\/tapis-antistatique-voiture-earthing\/","og_locale":"de_DE","og_type":"article","og_title":"Tapis d'assise antistatique pour voiture Earthing","og_description":"Profitez des bienfaits de l'Earthing m\u00eame en voiture gr\u00e2ce \u00e0 notre tapis d\u2019assise conducteur.\u00a0Ce tapis antistatique est sp\u00e9cialement con\u00e7u pour r\u00e9duire les charges \u00e9lectrostatiques accumul\u00e9es lors de vos trajets et am\u00e9liorer votre confort en route. Efficace contre le mal des transports et la fatigue au volant. Dimensions : 25 x 25 cm","og_url":"https:\/\/369agara.com\/de\/produkt\/tapis-antistatique-voiture-earthing\/","og_site_name":"Agara","article_modified_time":"2025-05-13T09:36:52+00:00","og_image":[{"width":800,"height":800,"url":"https:\/\/369agara.com\/wp-content\/uploads\/2023\/10\/tapis-dassise-voiture-earthing.jpg","type":"image\/jpeg"}],"twitter_card":"summary_large_image","twitter_misc":{"Gesch\u00e4tzte Lesezeit":"3\u00a0Minuten"},"schema":{"@context":"https:\/\/schema.org","@graph":[{"@type":"WebPage","@id":"https:\/\/369agara.com\/produit\/tapis-antistatique-voiture-earthing\/","url":"https:\/\/369agara.com\/produit\/tapis-antistatique-voiture-earthing\/","name":"Tapis d'assise antistatique pour voiture Earthing | Agara","isPartOf":{"@id":"https:\/\/369agara.com\/#website"},"primaryImageOfPage":{"@id":"https:\/\/369agara.com\/produit\/tapis-antistatique-voiture-earthing\/#primaryimage"},"image":{"@id":"https:\/\/369agara.com\/produit\/tapis-antistatique-voiture-earthing\/#primaryimage"},"thumbnailUrl":"https:\/\/369agara.com\/wp-content\/uploads\/2023\/10\/tapis-dassise-voiture-earthing.jpg","datePublished":"2023-10-28T16:44:44+00:00","dateModified":"2025-05-13T09:36:52+00:00","description":"Profitez des bienfaits de l'Earthing m\u00eame en voiture gr\u00e2ce \u00e0 notre tapis d\u2019assise conducteur.\u00a0Ce tapis antistatique est sp\u00e9cialement con\u00e7u pour r\u00e9duire les charges \u00e9lectrostatiques accumul\u00e9es lors de vos trajets et am\u00e9liorer votre confort en route. Efficace contre le mal des transports et la fatigue au volant. Dimensions : 25 x 25 cm","breadcrumb":{"@id":"https:\/\/369agara.com\/produit\/tapis-antistatique-voiture-earthing\/#breadcrumb"},"inLanguage":"de","potentialAction":[{"@type":"ReadAction","target":["https:\/\/369agara.com\/produit\/tapis-antistatique-voiture-earthing\/"]}]},{"@type":"ImageObject","inLanguage":"de","@id":"https:\/\/369agara.com\/produit\/tapis-antistatique-voiture-earthing\/#primaryimage","url":"https:\/\/369agara.com\/wp-content\/uploads\/2023\/10\/tapis-dassise-voiture-earthing.jpg","contentUrl":"https:\/\/369agara.com\/wp-content\/uploads\/2023\/10\/tapis-dassise-voiture-earthing.jpg","width":800,"height":800},{"@type":"BreadcrumbList","@id":"https:\/\/369agara.com\/produit\/tapis-antistatique-voiture-earthing\/#breadcrumb","itemListElement":[{"@type":"ListItem","position":1,"name":"Accueil","item":"https:\/\/369agara.com\/"},{"@type":"ListItem","position":2,"name":"La boutique","item":"https:\/\/369agara.com\/la-boutique\/"},{"@type":"ListItem","position":3,"name":"Tapis d&rsquo;assise antistatique pour voiture Earthing"}]},{"@type":"WebSite","@id":"https:\/\/369agara.com\/#website","url":"https:\/\/369agara.com\/","name":"Livsrikedomar","description":"Trennen Sie die Verbindung, um sich besser zu verbinden","publisher":{"@id":"https:\/\/369agara.com\/#organization"},"potentialAction":[{"@type":"SearchAction","target":{"@type":"EntryPoint","urlTemplate":"https:\/\/369agara.com\/?s={search_term_string}"},"query-input":{"@type":"PropertyValueSpecification","valueRequired":true,"valueName":"search_term_string"}}],"inLanguage":"de"},{"@type":"Organization","@id":"https:\/\/369agara.com\/#organization","name":"EACreations","url":"https:\/\/369agara.com\/","logo":{"@type":"ImageObject","inLanguage":"de","@id":"https:\/\/369agara.com\/#\/schema\/logo\/image\/","url":"","contentUrl":"","caption":"EACreations"},"image":{"@id":"https:\/\/369agara.com\/#\/schema\/logo\/image\/"}}]}},"jetpack_sharing_enabled":true,"_links":{"self":[{"href":"https:\/\/369agara.com\/de\/wp-json\/wp\/v2\/product\/2411","targetHints":{"allow":["GET"]}}],"collection":[{"href":"https:\/\/369agara.com\/de\/wp-json\/wp\/v2\/product"}],"about":[{"href":"https:\/\/369agara.com\/de\/wp-json\/wp\/v2\/types\/product"}],"replies":[{"embeddable":true,"href":"https:\/\/369agara.com\/de\/wp-json\/wp\/v2\/comments?post=2411"}],"wp:featuredmedia":[{"embeddable":true,"href":"https:\/\/369agara.com\/de\/wp-json\/wp\/v2\/media\/2413"}],"wp:attachment":[{"href":"https:\/\/369agara.com\/de\/wp-json\/wp\/v2\/media?parent=2411"}],"wp:term":[{"taxonomy":"product_brand","embeddable":true,"href":"https:\/\/369agara.com\/de\/wp-json\/wp\/v2\/product_brand?post=2411"},{"taxonomy":"product_cat","embeddable":true,"href":"https:\/\/369agara.com\/de\/wp-json\/wp\/v2\/product_cat?post=2411"},{"taxonomy":"product_tag","embeddable":true,"href":"https:\/\/369agara.com\/de\/wp-json\/wp\/v2\/product_tag?post=2411"}],"curies":[{"name":"wp","href":"https:\/\/api.w.org\/{rel}","templated":true}]}}