{"id":2421,"date":"2023-11-12T21:28:52","date_gmt":"2023-11-12T20:28:52","guid":{"rendered":"https:\/\/369agara.com\/?post_type=product&#038;p=2421"},"modified":"2025-05-10T22:01:20","modified_gmt":"2025-05-10T20:01:20","slug":"filtre-cpl-polier-prostop65","status":"publish","type":"product","link":"https:\/\/369agara.com\/de\/produkt\/filtre-cpl-polier-prostop65\/","title":{"rendered":"PLC-Filter Polier PROSTOP65 CENELEC A (Linky), B, C und D"},"content":{"rendered":"<p><span style=\"font-family: 'Book Antiqua', Palatino; font-size: 120%; color: #333399;\">Der Polier PROSTOP65 PLC-Filter ist ein leistungsstarker Breitband-PLC-Filter, der verhindert, dass PLC-Strom der verschiedenen CENELEC-B\u00e4nder (CENELEC A Linky, B, C und D) Ihre Schalttafel durchquert und sich \u00fcber das Stromnetz Ihres Hauses ausbreitet.<\/span><\/p>\n<p><img loading=\"lazy\" decoding=\"async\" class=\"alignnone wp-image-3747\" src=\"https:\/\/369agara.com\/wp-content\/uploads\/2023\/11\/Illustration-filtre-CPL-Polier-Prostop65-300x86.png\" alt=\"\" width=\"698\" height=\"200\" srcset=\"https:\/\/369agara.com\/wp-content\/uploads\/2023\/11\/Illustration-filtre-CPL-Polier-Prostop65-300x86.png 300w, https:\/\/369agara.com\/wp-content\/uploads\/2023\/11\/Illustration-filtre-CPL-Polier-Prostop65-18x5.png 18w, https:\/\/369agara.com\/wp-content\/uploads\/2023\/11\/Illustration-filtre-CPL-Polier-Prostop65-510x146.png 510w, https:\/\/369agara.com\/wp-content\/uploads\/2023\/11\/Illustration-filtre-CPL-Polier-Prostop65.png 729w\" sizes=\"auto, (max-width: 698px) 100vw, 698px\" \/><\/p>\n<h3><span style=\"font-family: 'Book Antiqua', Palatino; font-size: 120%; color: #333399;\">Das Prinzip des Filters<\/span><\/h3>\n<ul>\n<li><span style=\"font-family: 'Book Antiqua', Palatino; font-size: 120%; color: #333399;\">Der LINKY-Stromz\u00e4hler sowie Haushaltsger\u00e4te (Heimautomatisierung, Alarmanlagen, Sicherheitssysteme) senden PLC-Signale (Powerline Communication) \u00fcber das Stromnetz aus. Diese St\u00f6rsignale im Stromnetz st\u00f6ren Menschen mit Elektrosensibilit\u00e4t.<\/span><\/li>\n<li><span style=\"font-family: 'Book Antiqua', Palatino; font-size: 120%; color: #333399;\">Diese Wellen k\u00f6nnen vom eigenen LINKY-Stromz\u00e4hler, aber auch vom Stromz\u00e4hler oder den Ger\u00e4ten des Nachbarn ausgehen. Sie werden \u00fcber das gesamte Stromnetz gesendet.<\/span><\/li>\n<li><span style=\"font-family: 'Book Antiqua', Palatino; font-size: 120%; color: #333399;\">Mit 35 Jahren Erfahrung im Bereich der Energiekontrolle bietet POLIER den Hochleistungs-PLC-Filter PROSTOP an, der die Wellen der elektrischen Linky-Z\u00e4hler, aber auch aller Haushaltsger\u00e4te filtert.<\/span><\/li>\n<li><span style=\"font-family: 'Book Antiqua', Palatino; font-size: 120%; color: #333399;\">Der PROSTOP-Filter wird zwischen dem Hausanschlussschalter und dem Stromkasten angeschlossen. Er wird also auf dem privaten Teil der Installation installiert und sperrt die Wellen ab, die nicht mehr in die Wohnung gelangen.<\/span><\/li>\n<li><span style=\"font-family: 'Book Antiqua', Palatino; font-size: 120%; color: #333399;\">Der Anschluss muss von einem Fachmann vorgenommen werden.<\/span><\/li>\n<\/ul>\n<h3><span style=\"font-family: 'Book Antiqua', Palatino; font-size: 120%; color: #333399;\">Die St\u00e4rken dieses Filters<\/span><\/h3>\n<ul>\n<li><span style=\"font-family: 'Book Antiqua', Palatino; font-size: 120%; color: #333399;\">Der PROSTOP65 Polierfilter filtert die 4 CENELEC-Frequenzb\u00e4nder (A Linky, B, C und D).<\/span><\/li>\n<li><span style=\"font-family: 'Book Antiqua', Palatino; font-size: 120%; color: #333399;\">Abschw\u00e4chung von -40 dB (99.99 % der Signale werden gefiltert)<\/span><\/li>\n<li><span style=\"font-family: 'Book Antiqua', Palatino; font-size: 120%; color: #333399;\">Der filtert PLC-Signale, die zwischen Phase und Neutralleiter gesendet werden.\u00a0<strong>Er filtert also sowohl die Phase als auch den Neutralleiter.\u00a0<\/strong><\/span><\/li>\n<li><span style=\"font-family: 'Book Antiqua', Palatino; font-size: 120%; color: #333399;\">Geringer Platzbedarf (nur 4 Module auf der Tafel)<\/span><\/li>\n<\/ul>\n<h3><span style=\"font-family: 'Book Antiqua', Palatino; font-size: 120%; color: #333399;\">Technische Daten :<\/span><\/h3>\n<ul>\n<li><span style=\"font-family: 'Book Antiqua', Palatino; font-size: 120%; color: #333399;\">Gefilterte Frequenzen: 35 - 150 kHz<\/span><\/li>\n<li><span style=\"font-family: 'Book Antiqua', Palatino; font-size: 120%; color: #333399;\">Nennstromst\u00e4rke: 10 (65)<\/span><\/li>\n<li><span style=\"font-family: 'Book Antiqua', Palatino; font-size: 120%; color: #333399;\">Maximale Stromst\u00e4rke: 65 A. Erm\u00f6glicht die Abdeckung aller Abonnements von 3 bis 15 kVA einphasig.<\/span><\/li>\n<li><span style=\"font-family: 'Book Antiqua', Palatino; font-size: 120%; color: #333399;\">Zertifizierung - CENELEC-Standard: CE - EN 50065-1<\/span><\/li>\n<li><span style=\"font-family: 'Book Antiqua', Palatino; font-size: 120%; color: #333399;\">Betriebsspannung: 110 -270 V<\/span><\/li>\n<li><span style=\"font-family: 'Book Antiqua', Palatino; font-size: 120%; color: #333399;\">Betriebsfrequenz: 50 - 60 Hz<\/span><\/li>\n<li><span style=\"font-family: 'Book Antiqua', Palatino; font-size: 120%; color: #333399;\">Schutzklasse: IP51<\/span><\/li>\n<li><span style=\"font-family: 'Book Antiqua', Palatino; font-size: 120%; color: #333399;\">Lebensdauer: 25 Jahre @ 50\u00b0C<\/span><\/li>\n<li><span style=\"font-family: 'Book Antiqua', Palatino; font-size: 120%; color: #333399;\">Gebrauchstemperatur: -25 +85 \u00b0C<\/span><\/li>\n<li><span style=\"font-family: 'Book Antiqua', Palatino; font-size: 120%; color: #333399;\">Max Anschlussquerschnitt Phase\/Neutral: 6 - 16 mm\u00b2.<\/span><\/li>\n<li><span style=\"font-family: 'Book Antiqua', Palatino; font-size: 120%; color: #333399;\">Anzugsmoment: 3 +-0.1 Nm<\/span><\/li>\n<li><span style=\"font-family: 'Book Antiqua', Palatino; font-size: 120%; color: #333399;\">Gewicht: 0.8 kg<\/span><\/li>\n<\/ul>\n<h3><span style=\"font-family: 'Book Antiqua', Palatino; font-size: 120%; color: #333399;\">Anschlie\u00dfen :<\/span><\/h3>\n<p><span style=\"font-family: 'Book Antiqua', Palatino; font-size: 120%; color: #333399;\">Der PROSTOP65-Filter wird zwischen dem Hausanschlussschalter und dem Stromkasten angeschlossen. Er wird also ganz legal auf dem privaten Teil der Installation installiert.<\/span><\/p>\n<p><span style=\"font-family: 'Book Antiqua', Palatino; font-size: 120%; color: #333399;\">Wir empfehlen Ihnen, die Installation von einem Fachmann durchf\u00fchren zu lassen.<\/span><\/p>\n<table style=\"width: 100%; border-collapse: collapse; border-style: none;\">\n<tbody>\n<tr>\n<td style=\"width: 17.0203%;\"><span style=\"font-family: 'Book Antiqua', Palatino; font-size: 120%; color: #333399;\">Einphasiger Anschluss<\/span><\/p>\n<p>&nbsp;<\/p>\n<p>&nbsp;<\/p>\n<p>&nbsp;<\/p>\n<p>&nbsp;<\/p>\n<p><span style=\"font-family: 'Book Antiqua', Palatino; font-size: 120%; color: #333399;\">Dreiphasiger Anschluss<\/span><\/td>\n<td style=\"width: 82.9797%;\"><span style=\"font-family: 'Book Antiqua', Palatino; font-size: 120%; color: #333399;\"><img loading=\"lazy\" decoding=\"async\" class=\"alignnone wp-image-3746\" src=\"https:\/\/369agara.com\/wp-content\/uploads\/2023\/11\/Branchement-filtre-CPL-Polier-PROSTOP65-300x294.jpg\" alt=\"\" width=\"371\" height=\"363\" srcset=\"https:\/\/369agara.com\/wp-content\/uploads\/2023\/11\/Branchement-filtre-CPL-Polier-PROSTOP65-300x294.jpg 300w, https:\/\/369agara.com\/wp-content\/uploads\/2023\/11\/Branchement-filtre-CPL-Polier-PROSTOP65-12x12.jpg 12w, https:\/\/369agara.com\/wp-content\/uploads\/2023\/11\/Branchement-filtre-CPL-Polier-PROSTOP65.jpg 437w\" sizes=\"auto, (max-width: 371px) 100vw, 371px\" \/><\/span><\/td>\n<\/tr>\n<\/tbody>\n<\/table>\n<p><span style=\"font-family: 'Book Antiqua', Palatino; font-size: 120%; color: #333399;\">Der PROSTOP65-Filter wurde von der Zertifizierungsstelle ENAC\/ECA zertifiziert und entspricht den folgenden Normen:\u00a0\u00a0<\/span><\/p>\n<ul>\n<li><span style=\"font-family: 'Book Antiqua', Palatino; font-size: 120%; color: #333399;\">EN-50065-1; EN-60939-2\u00a0 \u00a0<\/span><\/li>\n<li><span style=\"font-family: 'Book Antiqua', Palatino; font-size: 120%; color: #333399;\">IEC-60950-1; IEC-62052-31; IEC-60950-1\u00a0 \u00a0 \u00a0 \u00a0 \u00a0 \u00a0 \u00a0 \u00a0 \u00a0<\/span><\/li>\n<li><span style=\"font-family: 'Book Antiqua', Palatino; font-size: 120%; color: #333399;\">2004\/108\/EC; 2011\/65\/UE<\/span><\/li>\n<li><span style=\"font-family: 'Book Antiqua', Palatino; font-size: 120%; color: #333399;\">EINE-20324; EINE-EN-50102; EINE-EN-61709<\/span><\/li>\n<li><span style=\"font-family: 'Book Antiqua', Palatino; font-size: 120%; color: #333399;\">UL-1283<\/span><\/li>\n<li><span style=\"font-family: 'Book Antiqua', Palatino; font-size: 120%; color: #333399;\">ROHS<\/span><\/li>\n<\/ul>","protected":false},"excerpt":{"rendered":"<p><span style=\"font-family: 'Book Antiqua', Palatino; font-size: 120%; color: #333399;\">Der Polier PROSTOP65 PLC-Filter ist ein leistungsstarker Breitband-PLC-Filter, der verhindert, dass PLC-Strom der verschiedenen CENELEC-B\u00e4nder (CENELEC A Linky, B, C und D) Ihre Schalttafel durchquert und sich \u00fcber das Stromnetz Ihres Hauses ausbreitet.<\/span><\/p>\n<p><span style=\"font-family: 'Book Antiqua', Palatino; font-size: 120%; color: #333399;\">Geeignet f\u00fcr einphasige und dreiphasige Installationen (in diesem Fall ist ein Filter pro Phase erforderlich).<\/span><\/p>","protected":false},"featured_media":2423,"comment_status":"open","ping_status":"closed","template":"","meta":[],"product_brand":[],"product_cat":[164],"product_tag":[248,251,249,245],"class_list":{"0":"post-2421","1":"product","2":"type-product","3":"status-publish","4":"has-post-thumbnail","6":"product_cat-baubiologie","7":"product_tag-baubiologie","8":"product_tag-electricite","9":"product_tag-electromagnetisme","10":"product_tag-maison","12":"first","13":"instock","14":"taxable","15":"shipping-taxable","16":"purchasable","17":"product-type-simple"},"yoast_head":"<!-- This site is optimized with the Yoast SEO Premium plugin v25.1 (Yoast SEO v27.4) - https:\/\/yoast.com\/product\/yoast-seo-premium-wordpress\/ -->\n<title>Filtre CPL Polier PROSTOP65 CENELEC A (Linky), B, C et D | Agara<\/title>\n<meta name=\"description\" content=\"Le filtre CPL Polier PROSTOP65 est un filtre CPL large bande de haute performance permettant d&#039;emp\u00eacher tout courant CPL des diff\u00e9rentes bandes CENELEC (CENELEC A Linky, B, C et D) de franchir votre tableau \u00e9lectrique et de se propager sur le r\u00e9seau \u00e9lectrique de votre habitation. Convient pour les installations monophas\u00e9es et triphas\u00e9es (dans ce cas, un filtre par phase est n\u00e9cessaire).\" \/>\n<meta name=\"robots\" content=\"index, follow, max-snippet:-1, max-image-preview:large, max-video-preview:-1\" \/>\n<link rel=\"canonical\" href=\"https:\/\/369agara.com\/de\/produkt\/filtre-cpl-polier-prostop65\/\" \/>\n<meta property=\"og:locale\" content=\"de_DE\" \/>\n<meta property=\"og:type\" content=\"article\" \/>\n<meta property=\"og:title\" content=\"Filtre CPL Polier PROSTOP65 CENELEC A (Linky), B, C et D\" \/>\n<meta property=\"og:description\" content=\"Le filtre CPL Polier PROSTOP65 est un filtre CPL large bande de haute performance permettant d&#039;emp\u00eacher tout courant CPL des diff\u00e9rentes bandes CENELEC (CENELEC A Linky, B, C et D) de franchir votre tableau \u00e9lectrique et de se propager sur le r\u00e9seau \u00e9lectrique de votre habitation. Convient pour les installations monophas\u00e9es et triphas\u00e9es (dans ce cas, un filtre par phase est n\u00e9cessaire).\" \/>\n<meta property=\"og:url\" content=\"https:\/\/369agara.com\/de\/produkt\/filtre-cpl-polier-prostop65\/\" \/>\n<meta property=\"og:site_name\" content=\"Agara\" \/>\n<meta property=\"article:modified_time\" content=\"2025-05-10T20:01:20+00:00\" \/>\n<meta property=\"og:image\" content=\"https:\/\/369agara.com\/wp-content\/uploads\/2023\/11\/filtre-cpl-polier-prostop65-cenelec-a-linky-b-c-et-d-.jpg\" \/>\n\t<meta property=\"og:image:width\" content=\"800\" \/>\n\t<meta property=\"og:image:height\" content=\"800\" \/>\n\t<meta property=\"og:image:type\" content=\"image\/jpeg\" \/>\n<meta name=\"twitter:card\" content=\"summary_large_image\" \/>\n<meta name=\"twitter:label1\" content=\"Gesch\u00e4tzte Lesezeit\" \/>\n\t<meta name=\"twitter:data1\" content=\"3\u00a0Minuten\" \/>\n<script type=\"application\/ld+json\" class=\"yoast-schema-graph\">{\"@context\":\"https:\\\/\\\/schema.org\",\"@graph\":[{\"@type\":\"WebPage\",\"@id\":\"https:\\\/\\\/369agara.com\\\/produit\\\/filtre-cpl-polier-prostop65\\\/\",\"url\":\"https:\\\/\\\/369agara.com\\\/produit\\\/filtre-cpl-polier-prostop65\\\/\",\"name\":\"Filtre CPL Polier PROSTOP65 CENELEC A (Linky), B, C et D | Agara\",\"isPartOf\":{\"@id\":\"https:\\\/\\\/369agara.com\\\/#website\"},\"primaryImageOfPage\":{\"@id\":\"https:\\\/\\\/369agara.com\\\/produit\\\/filtre-cpl-polier-prostop65\\\/#primaryimage\"},\"image\":{\"@id\":\"https:\\\/\\\/369agara.com\\\/produit\\\/filtre-cpl-polier-prostop65\\\/#primaryimage\"},\"thumbnailUrl\":\"https:\\\/\\\/369agara.com\\\/wp-content\\\/uploads\\\/2023\\\/11\\\/filtre-cpl-polier-prostop65-cenelec-a-linky-b-c-et-d-.jpg\",\"datePublished\":\"2023-11-12T20:28:52+00:00\",\"dateModified\":\"2025-05-10T20:01:20+00:00\",\"description\":\"Le filtre CPL Polier PROSTOP65 est un filtre CPL large bande de haute performance permettant d'emp\u00eacher tout courant CPL des diff\u00e9rentes bandes CENELEC (CENELEC A Linky, B, C et D) de franchir votre tableau \u00e9lectrique et de se propager sur le r\u00e9seau \u00e9lectrique de votre habitation. Convient pour les installations monophas\u00e9es et triphas\u00e9es (dans ce cas, un filtre par phase est n\u00e9cessaire).\",\"breadcrumb\":{\"@id\":\"https:\\\/\\\/369agara.com\\\/produit\\\/filtre-cpl-polier-prostop65\\\/#breadcrumb\"},\"inLanguage\":\"de\",\"potentialAction\":[{\"@type\":\"ReadAction\",\"target\":[\"https:\\\/\\\/369agara.com\\\/produit\\\/filtre-cpl-polier-prostop65\\\/\"]}]},{\"@type\":\"ImageObject\",\"inLanguage\":\"de\",\"@id\":\"https:\\\/\\\/369agara.com\\\/produit\\\/filtre-cpl-polier-prostop65\\\/#primaryimage\",\"url\":\"https:\\\/\\\/369agara.com\\\/wp-content\\\/uploads\\\/2023\\\/11\\\/filtre-cpl-polier-prostop65-cenelec-a-linky-b-c-et-d-.jpg\",\"contentUrl\":\"https:\\\/\\\/369agara.com\\\/wp-content\\\/uploads\\\/2023\\\/11\\\/filtre-cpl-polier-prostop65-cenelec-a-linky-b-c-et-d-.jpg\",\"width\":800,\"height\":800},{\"@type\":\"BreadcrumbList\",\"@id\":\"https:\\\/\\\/369agara.com\\\/produit\\\/filtre-cpl-polier-prostop65\\\/#breadcrumb\",\"itemListElement\":[{\"@type\":\"ListItem\",\"position\":1,\"name\":\"Accueil\",\"item\":\"https:\\\/\\\/369agara.com\\\/\"},{\"@type\":\"ListItem\",\"position\":2,\"name\":\"La boutique\",\"item\":\"https:\\\/\\\/369agara.com\\\/la-boutique\\\/\"},{\"@type\":\"ListItem\",\"position\":3,\"name\":\"Filtre CPL Polier PROSTOP65 CENELEC A (Linky), B, C et D\"}]},{\"@type\":\"WebSite\",\"@id\":\"https:\\\/\\\/369agara.com\\\/#website\",\"url\":\"https:\\\/\\\/369agara.com\\\/\",\"name\":\"Livsrikedomar\",\"description\":\"D\u00e9connectez pour mieux vous connecter\",\"publisher\":{\"@id\":\"https:\\\/\\\/369agara.com\\\/#organization\"},\"potentialAction\":[{\"@type\":\"SearchAction\",\"target\":{\"@type\":\"EntryPoint\",\"urlTemplate\":\"https:\\\/\\\/369agara.com\\\/?s={search_term_string}\"},\"query-input\":{\"@type\":\"PropertyValueSpecification\",\"valueRequired\":true,\"valueName\":\"search_term_string\"}}],\"inLanguage\":\"de\"},{\"@type\":\"Organization\",\"@id\":\"https:\\\/\\\/369agara.com\\\/#organization\",\"name\":\"EACreations\",\"url\":\"https:\\\/\\\/369agara.com\\\/\",\"logo\":{\"@type\":\"ImageObject\",\"inLanguage\":\"de\",\"@id\":\"https:\\\/\\\/369agara.com\\\/#\\\/schema\\\/logo\\\/image\\\/\",\"url\":\"\",\"contentUrl\":\"\",\"caption\":\"EACreations\"},\"image\":{\"@id\":\"https:\\\/\\\/369agara.com\\\/#\\\/schema\\\/logo\\\/image\\\/\"}}]}<\/script>\n<!-- \/ Yoast SEO Premium plugin. -->","yoast_head_json":{"title":"Filtre CPL Polier PROSTOP65 CENELEC A (Linky), B, C et D | Agara","description":"Le filtre CPL Polier PROSTOP65 est un filtre CPL large bande de haute performance permettant d'emp\u00eacher tout courant CPL des diff\u00e9rentes bandes CENELEC (CENELEC A Linky, B, C et D) de franchir votre tableau \u00e9lectrique et de se propager sur le r\u00e9seau \u00e9lectrique de votre habitation. Convient pour les installations monophas\u00e9es et triphas\u00e9es (dans ce cas, un filtre par phase est n\u00e9cessaire).","robots":{"index":"index","follow":"follow","max-snippet":"max-snippet:-1","max-image-preview":"max-image-preview:large","max-video-preview":"max-video-preview:-1"},"canonical":"https:\/\/369agara.com\/de\/produkt\/filtre-cpl-polier-prostop65\/","og_locale":"de_DE","og_type":"article","og_title":"Filtre CPL Polier PROSTOP65 CENELEC A (Linky), B, C et D","og_description":"Le filtre CPL Polier PROSTOP65 est un filtre CPL large bande de haute performance permettant d'emp\u00eacher tout courant CPL des diff\u00e9rentes bandes CENELEC (CENELEC A Linky, B, C et D) de franchir votre tableau \u00e9lectrique et de se propager sur le r\u00e9seau \u00e9lectrique de votre habitation. Convient pour les installations monophas\u00e9es et triphas\u00e9es (dans ce cas, un filtre par phase est n\u00e9cessaire).","og_url":"https:\/\/369agara.com\/de\/produkt\/filtre-cpl-polier-prostop65\/","og_site_name":"Agara","article_modified_time":"2025-05-10T20:01:20+00:00","og_image":[{"width":800,"height":800,"url":"https:\/\/369agara.com\/wp-content\/uploads\/2023\/11\/filtre-cpl-polier-prostop65-cenelec-a-linky-b-c-et-d-.jpg","type":"image\/jpeg"}],"twitter_card":"summary_large_image","twitter_misc":{"Gesch\u00e4tzte Lesezeit":"3\u00a0Minuten"},"schema":{"@context":"https:\/\/schema.org","@graph":[{"@type":"WebPage","@id":"https:\/\/369agara.com\/produit\/filtre-cpl-polier-prostop65\/","url":"https:\/\/369agara.com\/produit\/filtre-cpl-polier-prostop65\/","name":"Filtre CPL Polier PROSTOP65 CENELEC A (Linky), B, C et D | Agara","isPartOf":{"@id":"https:\/\/369agara.com\/#website"},"primaryImageOfPage":{"@id":"https:\/\/369agara.com\/produit\/filtre-cpl-polier-prostop65\/#primaryimage"},"image":{"@id":"https:\/\/369agara.com\/produit\/filtre-cpl-polier-prostop65\/#primaryimage"},"thumbnailUrl":"https:\/\/369agara.com\/wp-content\/uploads\/2023\/11\/filtre-cpl-polier-prostop65-cenelec-a-linky-b-c-et-d-.jpg","datePublished":"2023-11-12T20:28:52+00:00","dateModified":"2025-05-10T20:01:20+00:00","description":"Le filtre CPL Polier PROSTOP65 est un filtre CPL large bande de haute performance permettant d'emp\u00eacher tout courant CPL des diff\u00e9rentes bandes CENELEC (CENELEC A Linky, B, C et D) de franchir votre tableau \u00e9lectrique et de se propager sur le r\u00e9seau \u00e9lectrique de votre habitation. Convient pour les installations monophas\u00e9es et triphas\u00e9es (dans ce cas, un filtre par phase est n\u00e9cessaire).","breadcrumb":{"@id":"https:\/\/369agara.com\/produit\/filtre-cpl-polier-prostop65\/#breadcrumb"},"inLanguage":"de","potentialAction":[{"@type":"ReadAction","target":["https:\/\/369agara.com\/produit\/filtre-cpl-polier-prostop65\/"]}]},{"@type":"ImageObject","inLanguage":"de","@id":"https:\/\/369agara.com\/produit\/filtre-cpl-polier-prostop65\/#primaryimage","url":"https:\/\/369agara.com\/wp-content\/uploads\/2023\/11\/filtre-cpl-polier-prostop65-cenelec-a-linky-b-c-et-d-.jpg","contentUrl":"https:\/\/369agara.com\/wp-content\/uploads\/2023\/11\/filtre-cpl-polier-prostop65-cenelec-a-linky-b-c-et-d-.jpg","width":800,"height":800},{"@type":"BreadcrumbList","@id":"https:\/\/369agara.com\/produit\/filtre-cpl-polier-prostop65\/#breadcrumb","itemListElement":[{"@type":"ListItem","position":1,"name":"Accueil","item":"https:\/\/369agara.com\/"},{"@type":"ListItem","position":2,"name":"La boutique","item":"https:\/\/369agara.com\/la-boutique\/"},{"@type":"ListItem","position":3,"name":"Filtre CPL Polier PROSTOP65 CENELEC A (Linky), B, C et D"}]},{"@type":"WebSite","@id":"https:\/\/369agara.com\/#website","url":"https:\/\/369agara.com\/","name":"Livsrikedomar","description":"Trennen Sie die Verbindung, um sich besser zu verbinden","publisher":{"@id":"https:\/\/369agara.com\/#organization"},"potentialAction":[{"@type":"SearchAction","target":{"@type":"EntryPoint","urlTemplate":"https:\/\/369agara.com\/?s={search_term_string}"},"query-input":{"@type":"PropertyValueSpecification","valueRequired":true,"valueName":"search_term_string"}}],"inLanguage":"de"},{"@type":"Organization","@id":"https:\/\/369agara.com\/#organization","name":"EACreations","url":"https:\/\/369agara.com\/","logo":{"@type":"ImageObject","inLanguage":"de","@id":"https:\/\/369agara.com\/#\/schema\/logo\/image\/","url":"","contentUrl":"","caption":"EACreations"},"image":{"@id":"https:\/\/369agara.com\/#\/schema\/logo\/image\/"}}]}},"jetpack_sharing_enabled":true,"_links":{"self":[{"href":"https:\/\/369agara.com\/de\/wp-json\/wp\/v2\/product\/2421","targetHints":{"allow":["GET"]}}],"collection":[{"href":"https:\/\/369agara.com\/de\/wp-json\/wp\/v2\/product"}],"about":[{"href":"https:\/\/369agara.com\/de\/wp-json\/wp\/v2\/types\/product"}],"replies":[{"embeddable":true,"href":"https:\/\/369agara.com\/de\/wp-json\/wp\/v2\/comments?post=2421"}],"wp:featuredmedia":[{"embeddable":true,"href":"https:\/\/369agara.com\/de\/wp-json\/wp\/v2\/media\/2423"}],"wp:attachment":[{"href":"https:\/\/369agara.com\/de\/wp-json\/wp\/v2\/media?parent=2421"}],"wp:term":[{"taxonomy":"product_brand","embeddable":true,"href":"https:\/\/369agara.com\/de\/wp-json\/wp\/v2\/product_brand?post=2421"},{"taxonomy":"product_cat","embeddable":true,"href":"https:\/\/369agara.com\/de\/wp-json\/wp\/v2\/product_cat?post=2421"},{"taxonomy":"product_tag","embeddable":true,"href":"https:\/\/369agara.com\/de\/wp-json\/wp\/v2\/product_tag?post=2421"}],"curies":[{"name":"wp","href":"https:\/\/api.w.org\/{rel}","templated":true}]}}