{"id":2675,"date":"2024-01-22T16:46:00","date_gmt":"2024-01-22T15:46:00","guid":{"rendered":"https:\/\/369agara.com\/?post_type=product&#038;p=2675"},"modified":"2025-05-13T11:35:59","modified_gmt":"2025-05-13T09:35:59","slug":"boitier-extension-multi-earthing","status":"publish","type":"product","link":"https:\/\/369agara.com\/de\/produkt\/boitier-extension-multi-earthing\/","title":{"rendered":"Earthing-Erweiterungsgeh\u00e4use"},"content":{"rendered":"<p><span style=\"font-family: 'Book Antiqua', Palatino; font-size: 120%; color: #333399;\">Die Earthing-Erweiterungsbox aus hochwertigem Edelstahl erm\u00f6glicht es, 4 Earthing-Produkte gleichzeitig an einem Ort anzuschlie\u00dfen siehe 8 Earthing-Produkte unter Verwendung von 4 doppelten Earthing-Steckern.<\/span><\/p>\n<p><span style=\"font-family: 'Book Antiqua', Palatino; font-size: 120%; color: #333399;\">Er wird mit einem 4,60 m langen geraden Kabel geliefert, mit dem er an einen Erdungsstecker, eine Erdungsstange aus Metall oder ein Verl\u00e4ngerungskabel angeschlossen werden kann.<\/span><\/p>\n<p><span style=\"font-family: 'Book Antiqua', Palatino; font-size: 120%; color: #333399;\">Kompatibel mit allen Erdungszubeh\u00f6ren der Marke Earthing.<\/span><\/p>\n<p><span style=\"font-family: 'Book Antiqua', Palatino; font-size: 120%; color: #ed1c24;\">Damit Earthing wirksam ist, ist es entscheidend, dass Sie die Qualit\u00e4t Ihres Erdungsanschlusses testen, entweder mit einem geeigneten Ger\u00e4t oder durch einen Fachmann mit entsprechender Ausr\u00fcstung.<\/span><br \/>\n<span style=\"font-family: 'Book Antiqua', Palatino; font-size: 120%; color: #ed1c24;\">Denn wenn die elektrischen Installationen zu alt oder falsch installiert sind, kann es sein, dass die Erdverbindung nicht ausreichend oder gar nicht vorhanden ist.<\/span><\/p>\n<h3><span style=\"font-family: 'Book Antiqua', Palatino; font-size: 120%; color: #333399;\">Was ist Earthing?<\/span><\/h3>\n<p><span style=\"font-family: 'Book Antiqua', Palatino; font-size: 120%; color: #333399;\">Laut dem Buch von Clinton Ober, Stephen Sinatra und Martin Zucker \"Verbinde dich mit der Erde, Vielleicht die wichtigste Entdeckung unserer Zeit\", das als Standardwerk zu diesem Thema gilt, stellt die Verbindung des K\u00f6rpers mit der Erde (oder Earthing) das nat\u00fcrliche elektrische Gleichgewicht des K\u00f6rpers wieder her und entl\u00e4dt ihn von elektrostatischen Ladungen, wie wenn man barfu\u00df durch das Gras geht.<\/span><\/p>\n<p><span style=\"font-family: 'Book Antiqua', Palatino; font-size: 120%; color: #333399;\">Die verschiedenen Produkte von Earthing ahmen dieses nat\u00fcrliche Ph\u00e4nomen nach.<\/span><\/p>\n<p><span style=\"font-family: 'Book Antiqua', Palatino; font-size: 120%; color: #333399;\">Daraus ergeben sich zahlreiche Vorteile, wie :<\/span><\/p>\n<ul>\n<li><span style=\"font-family: 'Book Antiqua', Palatino; font-size: 120%; color: #333399;\">eine Verbesserung des Immunsystems<\/span><\/li>\n<li><span style=\"font-family: 'Book Antiqua', Palatino; font-size: 120%; color: #333399;\">eine Verbesserung der Verdauung<\/span><\/li>\n<li><span style=\"font-family: 'Book Antiqua', Palatino; font-size: 120%; color: #333399;\">eine Verbesserung der Schlafqualit\u00e4t und ein Ausbalancieren unserer biologischen Uhr<\/span><\/li>\n<li><span style=\"font-family: 'Book Antiqua', Palatino; font-size: 120%; color: #333399;\">eine Steigerung der Energie und eine Verringerung von Stress<\/span><\/li>\n<li><span style=\"font-family: 'Book Antiqua', Palatino; font-size: 120%; color: #333399;\">eine Verbesserung der Blutzirkulation<\/span><\/li>\n<li><span style=\"font-family: 'Book Antiqua', Palatino; font-size: 120%; color: #333399;\">eine schnellere Erholung nach intensiver k\u00f6rperlicher Aktivit\u00e4t und eine schnellere Heilung von Verletzungen<\/span><\/li>\n<li><span style=\"font-family: 'Book Antiqua', Palatino; font-size: 120%; color: #333399;\">eine Linderung von Muskelverspannungen, Kopfschmerzen, hormonellen und menstruellen Symptomen<\/span><\/li>\n<li><span style=\"font-family: 'Book Antiqua', Palatino; font-size: 120%; color: #333399;\">eine Verringerung von Entz\u00fcndungen<\/span><\/li>\n<li><span style=\"font-family: 'Book Antiqua', Palatino; font-size: 120%; color: #333399;\">eine Verringerung von Stress, Angst, Reizbarkeit oder sogar Symptomen von Elektrosensibilit\u00e4t<\/span><\/li>\n<\/ul>\n<p><span style=\"font-family: 'Book Antiqua', Palatino; font-size: 120%; color: #ed1c24;\">Diese Informationen ersetzen keinesfalls den Rat Ihres Arztes und erheben nicht den Anspruch, irgendwelche Krankheitszust\u00e4nde zu behandeln oder zu heilen.<\/span><\/p>","protected":false},"excerpt":{"rendered":"<p>Mit der Erdungs-Erweiterungsbox k\u00f6nnen 4 Earthing-Produkte gleichzeitig an einem Ort angeschlossen werden.<\/p>\n<p>Sie k\u00f6nnen bis zu 8 Erdungskabel erweitern, indem Sie 4 doppelte Earthing-Stecker verwenden.<\/p>","protected":false},"featured_media":2678,"comment_status":"open","ping_status":"closed","template":"","meta":[],"product_brand":[267],"product_cat":[164],"product_tag":[248,246,247,245,184],"class_list":{"0":"post-2675","1":"product","2":"type-product","3":"status-publish","4":"has-post-thumbnail","6":"product_brand-earthing","7":"product_cat-baubiologie","8":"product_tag-baubiologie","9":"product_tag-bureau","10":"product_tag-chambre","11":"product_tag-maison","12":"product_tag-yoga","14":"first","15":"instock","16":"taxable","17":"shipping-taxable","18":"purchasable","19":"product-type-simple"},"yoast_head":"<!-- This site is optimized with the Yoast SEO Premium plugin v25.1 (Yoast SEO v27.4) - https:\/\/yoast.com\/product\/yoast-seo-premium-wordpress\/ -->\n<title>Bo\u00eetier d&#039;extension de mise \u00e0 la terre Earthing | Agara<\/title>\n<meta name=\"description\" content=\"Le bo\u00eetier d&#039;extension Earthing permet de connecter 4 produits \u00e0 la fois en un seul endroit voir 8 produits en utilisant 4 doubles connecteurs Earthing.\" \/>\n<meta name=\"robots\" content=\"index, follow, max-snippet:-1, max-image-preview:large, max-video-preview:-1\" \/>\n<link rel=\"canonical\" href=\"https:\/\/369agara.com\/de\/produkt\/boitier-extension-multi-earthing\/\" \/>\n<meta property=\"og:locale\" content=\"de_DE\" \/>\n<meta property=\"og:type\" content=\"article\" \/>\n<meta property=\"og:title\" content=\"Bo\u00eetier d&#039;extension de mise \u00e0 la terre Earthing\" \/>\n<meta property=\"og:description\" content=\"Le bo\u00eetier d&#039;extension Earthing permet de connecter 4 produits \u00e0 la fois en un seul endroit voir 8 produits en utilisant 4 doubles connecteurs Earthing.\" \/>\n<meta property=\"og:url\" content=\"https:\/\/369agara.com\/de\/produkt\/boitier-extension-multi-earthing\/\" \/>\n<meta property=\"og:site_name\" content=\"Agara\" \/>\n<meta property=\"article:modified_time\" content=\"2025-05-13T09:35:59+00:00\" \/>\n<meta property=\"og:image\" content=\"https:\/\/369agara.com\/wp-content\/uploads\/2024\/01\/boitier-d-extension-de-mise-a-la-terre-earthing.jpg\" \/>\n\t<meta property=\"og:image:width\" content=\"800\" \/>\n\t<meta property=\"og:image:height\" content=\"800\" \/>\n\t<meta property=\"og:image:type\" content=\"image\/jpeg\" \/>\n<meta name=\"twitter:card\" content=\"summary_large_image\" \/>\n<meta name=\"twitter:label1\" content=\"Gesch\u00e4tzte Lesezeit\" \/>\n\t<meta name=\"twitter:data1\" content=\"2\u00a0Minuten\" \/>\n<script type=\"application\/ld+json\" class=\"yoast-schema-graph\">{\"@context\":\"https:\\\/\\\/schema.org\",\"@graph\":[{\"@type\":\"WebPage\",\"@id\":\"https:\\\/\\\/369agara.com\\\/produit\\\/boitier-extension-multi-earthing\\\/\",\"url\":\"https:\\\/\\\/369agara.com\\\/produit\\\/boitier-extension-multi-earthing\\\/\",\"name\":\"Bo\u00eetier d'extension de mise \u00e0 la terre Earthing | Agara\",\"isPartOf\":{\"@id\":\"https:\\\/\\\/369agara.com\\\/#website\"},\"primaryImageOfPage\":{\"@id\":\"https:\\\/\\\/369agara.com\\\/produit\\\/boitier-extension-multi-earthing\\\/#primaryimage\"},\"image\":{\"@id\":\"https:\\\/\\\/369agara.com\\\/produit\\\/boitier-extension-multi-earthing\\\/#primaryimage\"},\"thumbnailUrl\":\"https:\\\/\\\/369agara.com\\\/wp-content\\\/uploads\\\/2024\\\/01\\\/boitier-d-extension-de-mise-a-la-terre-earthing.jpg\",\"datePublished\":\"2024-01-22T15:46:00+00:00\",\"dateModified\":\"2025-05-13T09:35:59+00:00\",\"description\":\"Le bo\u00eetier d'extension Earthing permet de connecter 4 produits \u00e0 la fois en un seul endroit voir 8 produits en utilisant 4 doubles connecteurs Earthing.\",\"breadcrumb\":{\"@id\":\"https:\\\/\\\/369agara.com\\\/produit\\\/boitier-extension-multi-earthing\\\/#breadcrumb\"},\"inLanguage\":\"de\",\"potentialAction\":[{\"@type\":\"ReadAction\",\"target\":[\"https:\\\/\\\/369agara.com\\\/produit\\\/boitier-extension-multi-earthing\\\/\"]}]},{\"@type\":\"ImageObject\",\"inLanguage\":\"de\",\"@id\":\"https:\\\/\\\/369agara.com\\\/produit\\\/boitier-extension-multi-earthing\\\/#primaryimage\",\"url\":\"https:\\\/\\\/369agara.com\\\/wp-content\\\/uploads\\\/2024\\\/01\\\/boitier-d-extension-de-mise-a-la-terre-earthing.jpg\",\"contentUrl\":\"https:\\\/\\\/369agara.com\\\/wp-content\\\/uploads\\\/2024\\\/01\\\/boitier-d-extension-de-mise-a-la-terre-earthing.jpg\",\"width\":800,\"height\":800},{\"@type\":\"BreadcrumbList\",\"@id\":\"https:\\\/\\\/369agara.com\\\/produit\\\/boitier-extension-multi-earthing\\\/#breadcrumb\",\"itemListElement\":[{\"@type\":\"ListItem\",\"position\":1,\"name\":\"Accueil\",\"item\":\"https:\\\/\\\/369agara.com\\\/\"},{\"@type\":\"ListItem\",\"position\":2,\"name\":\"La boutique\",\"item\":\"https:\\\/\\\/369agara.com\\\/la-boutique\\\/\"},{\"@type\":\"ListItem\",\"position\":3,\"name\":\"Bo\u00eetier d&rsquo;extension de mise \u00e0 la terre Earthing\"}]},{\"@type\":\"WebSite\",\"@id\":\"https:\\\/\\\/369agara.com\\\/#website\",\"url\":\"https:\\\/\\\/369agara.com\\\/\",\"name\":\"Livsrikedomar\",\"description\":\"D\u00e9connectez pour mieux vous connecter\",\"publisher\":{\"@id\":\"https:\\\/\\\/369agara.com\\\/#organization\"},\"potentialAction\":[{\"@type\":\"SearchAction\",\"target\":{\"@type\":\"EntryPoint\",\"urlTemplate\":\"https:\\\/\\\/369agara.com\\\/?s={search_term_string}\"},\"query-input\":{\"@type\":\"PropertyValueSpecification\",\"valueRequired\":true,\"valueName\":\"search_term_string\"}}],\"inLanguage\":\"de\"},{\"@type\":\"Organization\",\"@id\":\"https:\\\/\\\/369agara.com\\\/#organization\",\"name\":\"EACreations\",\"url\":\"https:\\\/\\\/369agara.com\\\/\",\"logo\":{\"@type\":\"ImageObject\",\"inLanguage\":\"de\",\"@id\":\"https:\\\/\\\/369agara.com\\\/#\\\/schema\\\/logo\\\/image\\\/\",\"url\":\"\",\"contentUrl\":\"\",\"caption\":\"EACreations\"},\"image\":{\"@id\":\"https:\\\/\\\/369agara.com\\\/#\\\/schema\\\/logo\\\/image\\\/\"}}]}<\/script>\n<!-- \/ Yoast SEO Premium plugin. -->","yoast_head_json":{"title":"Bo\u00eetier d'extension de mise \u00e0 la terre Earthing | Agara","description":"Die Earthing-Erweiterungsbox erm\u00f6glicht den Anschluss von 4 Produkten gleichzeitig an einem Ort oder von 8 Produkten mithilfe von 4 doppelten Earthing-Steckern.","robots":{"index":"index","follow":"follow","max-snippet":"max-snippet:-1","max-image-preview":"max-image-preview:large","max-video-preview":"max-video-preview:-1"},"canonical":"https:\/\/369agara.com\/de\/produkt\/boitier-extension-multi-earthing\/","og_locale":"de_DE","og_type":"article","og_title":"Bo\u00eetier d'extension de mise \u00e0 la terre Earthing","og_description":"Le bo\u00eetier d'extension Earthing permet de connecter 4 produits \u00e0 la fois en un seul endroit voir 8 produits en utilisant 4 doubles connecteurs Earthing.","og_url":"https:\/\/369agara.com\/de\/produkt\/boitier-extension-multi-earthing\/","og_site_name":"Agara","article_modified_time":"2025-05-13T09:35:59+00:00","og_image":[{"width":800,"height":800,"url":"https:\/\/369agara.com\/wp-content\/uploads\/2024\/01\/boitier-d-extension-de-mise-a-la-terre-earthing.jpg","type":"image\/jpeg"}],"twitter_card":"summary_large_image","twitter_misc":{"Gesch\u00e4tzte Lesezeit":"2\u00a0Minuten"},"schema":{"@context":"https:\/\/schema.org","@graph":[{"@type":"WebPage","@id":"https:\/\/369agara.com\/produit\/boitier-extension-multi-earthing\/","url":"https:\/\/369agara.com\/produit\/boitier-extension-multi-earthing\/","name":"Bo\u00eetier d'extension de mise \u00e0 la terre Earthing | Agara","isPartOf":{"@id":"https:\/\/369agara.com\/#website"},"primaryImageOfPage":{"@id":"https:\/\/369agara.com\/produit\/boitier-extension-multi-earthing\/#primaryimage"},"image":{"@id":"https:\/\/369agara.com\/produit\/boitier-extension-multi-earthing\/#primaryimage"},"thumbnailUrl":"https:\/\/369agara.com\/wp-content\/uploads\/2024\/01\/boitier-d-extension-de-mise-a-la-terre-earthing.jpg","datePublished":"2024-01-22T15:46:00+00:00","dateModified":"2025-05-13T09:35:59+00:00","description":"Die Earthing-Erweiterungsbox erm\u00f6glicht den Anschluss von 4 Produkten gleichzeitig an einem Ort oder von 8 Produkten mithilfe von 4 doppelten Earthing-Steckern.","breadcrumb":{"@id":"https:\/\/369agara.com\/produit\/boitier-extension-multi-earthing\/#breadcrumb"},"inLanguage":"de","potentialAction":[{"@type":"ReadAction","target":["https:\/\/369agara.com\/produit\/boitier-extension-multi-earthing\/"]}]},{"@type":"ImageObject","inLanguage":"de","@id":"https:\/\/369agara.com\/produit\/boitier-extension-multi-earthing\/#primaryimage","url":"https:\/\/369agara.com\/wp-content\/uploads\/2024\/01\/boitier-d-extension-de-mise-a-la-terre-earthing.jpg","contentUrl":"https:\/\/369agara.com\/wp-content\/uploads\/2024\/01\/boitier-d-extension-de-mise-a-la-terre-earthing.jpg","width":800,"height":800},{"@type":"BreadcrumbList","@id":"https:\/\/369agara.com\/produit\/boitier-extension-multi-earthing\/#breadcrumb","itemListElement":[{"@type":"ListItem","position":1,"name":"Accueil","item":"https:\/\/369agara.com\/"},{"@type":"ListItem","position":2,"name":"La boutique","item":"https:\/\/369agara.com\/la-boutique\/"},{"@type":"ListItem","position":3,"name":"Bo\u00eetier d&rsquo;extension de mise \u00e0 la terre Earthing"}]},{"@type":"WebSite","@id":"https:\/\/369agara.com\/#website","url":"https:\/\/369agara.com\/","name":"Livsrikedomar","description":"Trennen Sie die Verbindung, um sich besser zu verbinden","publisher":{"@id":"https:\/\/369agara.com\/#organization"},"potentialAction":[{"@type":"SearchAction","target":{"@type":"EntryPoint","urlTemplate":"https:\/\/369agara.com\/?s={search_term_string}"},"query-input":{"@type":"PropertyValueSpecification","valueRequired":true,"valueName":"search_term_string"}}],"inLanguage":"de"},{"@type":"Organization","@id":"https:\/\/369agara.com\/#organization","name":"EACreations","url":"https:\/\/369agara.com\/","logo":{"@type":"ImageObject","inLanguage":"de","@id":"https:\/\/369agara.com\/#\/schema\/logo\/image\/","url":"","contentUrl":"","caption":"EACreations"},"image":{"@id":"https:\/\/369agara.com\/#\/schema\/logo\/image\/"}}]}},"jetpack_sharing_enabled":true,"_links":{"self":[{"href":"https:\/\/369agara.com\/de\/wp-json\/wp\/v2\/product\/2675","targetHints":{"allow":["GET"]}}],"collection":[{"href":"https:\/\/369agara.com\/de\/wp-json\/wp\/v2\/product"}],"about":[{"href":"https:\/\/369agara.com\/de\/wp-json\/wp\/v2\/types\/product"}],"replies":[{"embeddable":true,"href":"https:\/\/369agara.com\/de\/wp-json\/wp\/v2\/comments?post=2675"}],"wp:featuredmedia":[{"embeddable":true,"href":"https:\/\/369agara.com\/de\/wp-json\/wp\/v2\/media\/2678"}],"wp:attachment":[{"href":"https:\/\/369agara.com\/de\/wp-json\/wp\/v2\/media?parent=2675"}],"wp:term":[{"taxonomy":"product_brand","embeddable":true,"href":"https:\/\/369agara.com\/de\/wp-json\/wp\/v2\/product_brand?post=2675"},{"taxonomy":"product_cat","embeddable":true,"href":"https:\/\/369agara.com\/de\/wp-json\/wp\/v2\/product_cat?post=2675"},{"taxonomy":"product_tag","embeddable":true,"href":"https:\/\/369agara.com\/de\/wp-json\/wp\/v2\/product_tag?post=2675"}],"curies":[{"name":"wp","href":"https:\/\/api.w.org\/{rel}","templated":true}]}}