{"id":2685,"date":"2024-01-22T18:24:04","date_gmt":"2024-01-22T17:24:04","guid":{"rendered":"https:\/\/369agara.com\/?post_type=product&#038;p=2685"},"modified":"2025-05-13T11:34:48","modified_gmt":"2025-05-13T09:34:48","slug":"paire-lanieres-chaussures","status":"publish","type":"product","link":"https:\/\/369agara.com\/de\/produkt\/paire-lanieres-chaussures\/","title":{"rendered":"Paar Erdungsriemen f\u00fcr Earthing-Schuhe"},"content":{"rendered":"<p><span style=\"font-family: 'Book Antiqua', Palatino; font-size: 120%; color: #333399;\"><strong>Dieses Paar Erdungsriemen kann jeden Schuh oder jede Sandale in Erdungsschuhe verwandeln.<\/strong>. Anschlie\u00dfend werden Sie auf einer beliebigen leitf\u00e4higen Oberfl\u00e4che geerdet, z. B. Gras, Erde, Sand oder Beton.<\/span><\/p>\n<p><span style=\"font-family: 'Book Antiqua', Palatino; font-size: 120%; color: #333399;\">Sie wurden f\u00fcr die Verwendung durch Spitzensportler entwickelt, die ihre Leistung und Erholung durch Training und Wettkampf verbessern wollen.<\/span><\/p>\n<p><span style=\"font-family: 'Book Antiqua', Palatino; font-size: 120%; color: #333399;\">Sie sind selbstklebend, einfach zu installieren und bieten eine hervorragende Haltbarkeit und langfristige Leistung.<\/span><br \/>\n<span style=\"font-family: 'Book Antiqua', Palatino; font-size: 120%; color: #333399;\">So k\u00f6nnen auf Gras die Erdungsb\u00e4nder, die an Stiefeln oder Turnschuhen verwendet werden, ein Jahr oder l\u00e4nger halten.<\/span><br \/>\n<span style=\"font-family: 'Book Antiqua', Palatino; font-size: 120%; color: #333399;\">Wenn der Nutzer w\u00e4hrend einst\u00fcndiger Sitzungen auf harten Pisten f\u00e4hrt, kann er es f\u00fcr 10 bis 25 Sitzungen verwenden.<\/span><br \/>\n<span style=\"font-family: 'Book Antiqua', Palatino; font-size: 120%; color: #333399;\">Bei einer einst\u00fcndigen Wanderung auf schwierigen Pfaden halten die Riemen zwischen 30 und 50 Sitzungen.<\/span><\/p>\n<p><span style=\"font-family: 'Book Antiqua', Palatino; font-size: 120%; color: #333399;\">Generell gilt, dass die Riemen bei Spazierg\u00e4ngen auf Wegen oder im Gras etwa 50 Stunden lang einsetzbar sind.<\/span><\/p>\n<p><span style=\"font-family: 'Book Antiqua', Palatino; font-size: 120%; color: #333399;\">Die Riemen werden im 2er-Set verkauft und eignen sich entweder f\u00fcr ein einziges Paar Schuhe, um beide F\u00fc\u00dfe optimal zu verankern, oder f\u00fcr zwei verschiedene Paar Schuhe (nur ein Fu\u00df steht auf dem Boden).<\/span><\/p>\n<p><span style=\"font-family: 'Book Antiqua', Palatino; font-size: 120%; color: #333399;\">Das Tragen unserer hochleitf\u00e4higen Erdungssocken verbessert die Verbindung zu deiner Haut und deine Erdung noch weiter.<\/span><\/p>\n<p><span style=\"font-family: 'Book Antiqua', Palatino; font-size: 120%; color: #333399;\">Einmal angebracht, sind die Riemen dauerhaft, obwohl sie durch vorsichtiges Ziehen entfernt oder ersetzt werden k\u00f6nnen. F\u00fcr eine vollst\u00e4ndige Entfernung k\u00f6nnen Sie einen Klebstoffentferner oder einen mit Alkohol getr\u00e4nkten Tupfer verwenden, um alle Klebstoffreste zu entfernen. Die Erdungsb\u00e4nder werden mit einem kleinen Beutel geliefert, der ein Reinigungstuch enth\u00e4lt, mit dem Sie die Oberfl\u00e4che des Schuhs vor dem Anbringen des Bandes vorbereiten k\u00f6nnen.<\/span><\/p>\n<h3><span style=\"font-family: 'Book Antiqua', Palatino; font-size: 120%; color: #333399;\">Was ist Erdung?<\/span><\/h3>\n<p><span style=\"font-family: 'Book Antiqua', Palatino; font-size: 120%; color: #333399;\">Nach dem Buch von <strong>Clinton Ober<\/strong>, <strong>Stephen Sinatra und Martin Zucker<\/strong> \" <strong>Connect to Earth, Maybe the Most Important Discovery in Health<\/strong> \", das als Standardwerk zu diesem Thema dient, hilft das Erden des K\u00f6rpers (oder Grounding), das nat\u00fcrliche elektrische Gleichgewicht des K\u00f6rpers wiederherzustellen und ihn von elektrostatischen Ladungen zu befreien, z. B. wenn Sie barfu\u00df durch das Gras gehen.<\/span><\/p>\n<p><span style=\"font-family: 'Book Antiqua', Palatino; font-size: 120%; color: #333399;\">Die verschiedenen Erdungsprodukte ahmen dieses nat\u00fcrliche Ph\u00e4nomen nach.<\/span><\/p>\n<p><span style=\"font-family: 'Book Antiqua', Palatino; font-size: 120%; color: #333399;\">Dies stellt de <strong>zahlreiche Vorteile<\/strong>, so dass :<\/span><\/p>\n<ul>\n<li><strong><span style=\"font-family: 'Book Antiqua', Palatino; font-size: 120%; color: #333399;\">eine Verbesserung des Immunsystems<\/span><\/strong><\/li>\n<li><strong><span style=\"font-family: 'Book Antiqua', Palatino; font-size: 120%; color: #333399;\">eine verbesserte Verdauung<\/span><\/strong><\/li>\n<li><strong><span style=\"font-family: 'Book Antiqua', Palatino; font-size: 120%; color: #333399;\">die Schlafqualit\u00e4t zu verbessern und unsere biologische Uhr ins Gleichgewicht zu bringen<\/span><\/strong><\/li>\n<li><strong><span style=\"font-family: 'Book Antiqua', Palatino; font-size: 120%; color: #333399;\">Steigerung der Energie und Abbau von Stress<\/span><\/strong><\/li>\n<li><strong><span style=\"font-family: 'Book Antiqua', Palatino; font-size: 120%; color: #333399;\">Verbesserung der Blutzirkulation<\/span><\/strong><\/li>\n<li><strong><span style=\"font-family: 'Book Antiqua', Palatino; font-size: 120%; color: #333399;\">schnellere Erholung nach intensiver k\u00f6rperlicher Aktivit\u00e4t und schnellere Heilung von Verletzungen<\/span><\/strong><\/li>\n<li><strong><span style=\"font-family: 'Book Antiqua', Palatino; font-size: 120%; color: #333399;\">Linderung von Muskelverspannungen, Kopfschmerzen, hormonellen und menstruellen Symptomen<\/span><\/strong><\/li>\n<li><strong><span style=\"font-family: 'Book Antiqua', Palatino; font-size: 120%; color: #333399;\">eine Verringerung der Entz\u00fcndung<\/span><\/strong><\/li>\n<li><strong><span style=\"font-family: 'Book Antiqua', Palatino; font-size: 120%; color: #333399;\">eine Verringerung von Stress, Angst, Reizbarkeit und sogar von Symptomen der Elektrosensibilit\u00e4t<\/span><\/strong><\/li>\n<\/ul>\n<p><strong><span style=\"font-family: 'Book Antiqua', Palatino; font-size: 120%; color: #ed1c24;\">Diese Informationen ersetzen nicht die Beratung durch Ihren Arzt und geben nicht vor, medizinische Probleme zu behandeln oder zu heilen. Bei gesundheitlichen Problemen wenden Sie sich bitte an Ihren Arzt.<\/span><\/strong><\/p>","protected":false},"excerpt":{"rendered":"<p>Dieses Paar Erdungsriemen kann jeden Schuh oder jede Sandale in Erdungsschuhe verwandeln.<br \/>\nSie sind dann auf allen leitenden Oberfl\u00e4chen geerdet.<\/p>\n<p>2 Farben: Wei\u00df und Schwarz.<\/p>","protected":false},"featured_media":2687,"comment_status":"open","ping_status":"closed","template":"","meta":[],"product_brand":[267],"product_cat":[164],"product_tag":[248,244,184],"class_list":{"0":"post-2685","1":"product","2":"type-product","3":"status-publish","4":"has-post-thumbnail","6":"product_brand-earthing","7":"product_cat-baubiologie","8":"product_tag-baubiologie","9":"product_tag-chaussures","10":"product_tag-yoga","12":"first","13":"instock","14":"taxable","15":"shipping-taxable","16":"purchasable","17":"product-type-variable"},"yoast_head":"<!-- This site is optimized with the Yoast SEO Premium plugin v25.1 (Yoast SEO v27.4) - https:\/\/yoast.com\/product\/yoast-seo-premium-wordpress\/ -->\n<title>Paire de lani\u00e8res de mise \u00e0 la terre pour chaussures Earthing | Agara<\/title>\n<meta name=\"description\" content=\"Cette paire de lani\u00e8res de mise \u00e0 la terre peut transformer n&#039;importe quelle chaussure ou sandale en chaussures de mise \u00e0 la terre. Vous serez alors reli\u00e9 \u00e0 la terre sur toutes les surfaces conductrices. 2 couleurs : blanc et noir.\" \/>\n<meta name=\"robots\" content=\"index, follow, max-snippet:-1, max-image-preview:large, max-video-preview:-1\" \/>\n<link rel=\"canonical\" href=\"https:\/\/369agara.com\/de\/produkt\/paire-lanieres-chaussures\/\" \/>\n<meta property=\"og:locale\" content=\"de_DE\" \/>\n<meta property=\"og:type\" content=\"article\" \/>\n<meta property=\"og:title\" content=\"Paire de lani\u00e8res de mise \u00e0 la terre pour chaussures Earthing\" \/>\n<meta property=\"og:description\" content=\"Cette paire de lani\u00e8res de mise \u00e0 la terre peut transformer n&#039;importe quelle chaussure ou sandale en chaussures de mise \u00e0 la terre. Vous serez alors reli\u00e9 \u00e0 la terre sur toutes les surfaces conductrices. 2 couleurs : blanc et noir.\" \/>\n<meta property=\"og:url\" content=\"https:\/\/369agara.com\/de\/produkt\/paire-lanieres-chaussures\/\" \/>\n<meta property=\"og:site_name\" content=\"Agara\" \/>\n<meta property=\"article:modified_time\" content=\"2025-05-13T09:34:48+00:00\" \/>\n<meta property=\"og:image\" content=\"https:\/\/369agara.com\/wp-content\/uploads\/2024\/01\/paire-de-lanieres-de-mise-a-la-terre-pour-chaussures-earthing-1.jpg\" \/>\n\t<meta property=\"og:image:width\" content=\"800\" \/>\n\t<meta property=\"og:image:height\" content=\"800\" \/>\n\t<meta property=\"og:image:type\" content=\"image\/jpeg\" \/>\n<meta name=\"twitter:card\" content=\"summary_large_image\" \/>\n<meta name=\"twitter:label1\" content=\"Gesch\u00e4tzte Lesezeit\" \/>\n\t<meta name=\"twitter:data1\" content=\"3\u00a0Minuten\" \/>\n<script type=\"application\/ld+json\" class=\"yoast-schema-graph\">{\"@context\":\"https:\\\/\\\/schema.org\",\"@graph\":[{\"@type\":\"WebPage\",\"@id\":\"https:\\\/\\\/369agara.com\\\/produit\\\/paire-lanieres-chaussures\\\/\",\"url\":\"https:\\\/\\\/369agara.com\\\/produit\\\/paire-lanieres-chaussures\\\/\",\"name\":\"Paire de lani\u00e8res de mise \u00e0 la terre pour chaussures Earthing | Agara\",\"isPartOf\":{\"@id\":\"https:\\\/\\\/369agara.com\\\/#website\"},\"primaryImageOfPage\":{\"@id\":\"https:\\\/\\\/369agara.com\\\/produit\\\/paire-lanieres-chaussures\\\/#primaryimage\"},\"image\":{\"@id\":\"https:\\\/\\\/369agara.com\\\/produit\\\/paire-lanieres-chaussures\\\/#primaryimage\"},\"thumbnailUrl\":\"https:\\\/\\\/369agara.com\\\/wp-content\\\/uploads\\\/2024\\\/01\\\/paire-de-lanieres-de-mise-a-la-terre-pour-chaussures-earthing-1.jpg\",\"datePublished\":\"2024-01-22T17:24:04+00:00\",\"dateModified\":\"2025-05-13T09:34:48+00:00\",\"description\":\"Cette paire de lani\u00e8res de mise \u00e0 la terre peut transformer n'importe quelle chaussure ou sandale en chaussures de mise \u00e0 la terre. Vous serez alors reli\u00e9 \u00e0 la terre sur toutes les surfaces conductrices. 2 couleurs : blanc et noir.\",\"breadcrumb\":{\"@id\":\"https:\\\/\\\/369agara.com\\\/produit\\\/paire-lanieres-chaussures\\\/#breadcrumb\"},\"inLanguage\":\"de\",\"potentialAction\":[{\"@type\":\"ReadAction\",\"target\":[\"https:\\\/\\\/369agara.com\\\/produit\\\/paire-lanieres-chaussures\\\/\"]}]},{\"@type\":\"ImageObject\",\"inLanguage\":\"de\",\"@id\":\"https:\\\/\\\/369agara.com\\\/produit\\\/paire-lanieres-chaussures\\\/#primaryimage\",\"url\":\"https:\\\/\\\/369agara.com\\\/wp-content\\\/uploads\\\/2024\\\/01\\\/paire-de-lanieres-de-mise-a-la-terre-pour-chaussures-earthing-1.jpg\",\"contentUrl\":\"https:\\\/\\\/369agara.com\\\/wp-content\\\/uploads\\\/2024\\\/01\\\/paire-de-lanieres-de-mise-a-la-terre-pour-chaussures-earthing-1.jpg\",\"width\":800,\"height\":800},{\"@type\":\"BreadcrumbList\",\"@id\":\"https:\\\/\\\/369agara.com\\\/produit\\\/paire-lanieres-chaussures\\\/#breadcrumb\",\"itemListElement\":[{\"@type\":\"ListItem\",\"position\":1,\"name\":\"Accueil\",\"item\":\"https:\\\/\\\/369agara.com\\\/\"},{\"@type\":\"ListItem\",\"position\":2,\"name\":\"La boutique\",\"item\":\"https:\\\/\\\/369agara.com\\\/la-boutique\\\/\"},{\"@type\":\"ListItem\",\"position\":3,\"name\":\"Paire de lani\u00e8res de mise \u00e0 la terre pour chaussures Earthing\"}]},{\"@type\":\"WebSite\",\"@id\":\"https:\\\/\\\/369agara.com\\\/#website\",\"url\":\"https:\\\/\\\/369agara.com\\\/\",\"name\":\"Livsrikedomar\",\"description\":\"D\u00e9connectez pour mieux vous connecter\",\"publisher\":{\"@id\":\"https:\\\/\\\/369agara.com\\\/#organization\"},\"potentialAction\":[{\"@type\":\"SearchAction\",\"target\":{\"@type\":\"EntryPoint\",\"urlTemplate\":\"https:\\\/\\\/369agara.com\\\/?s={search_term_string}\"},\"query-input\":{\"@type\":\"PropertyValueSpecification\",\"valueRequired\":true,\"valueName\":\"search_term_string\"}}],\"inLanguage\":\"de\"},{\"@type\":\"Organization\",\"@id\":\"https:\\\/\\\/369agara.com\\\/#organization\",\"name\":\"EACreations\",\"url\":\"https:\\\/\\\/369agara.com\\\/\",\"logo\":{\"@type\":\"ImageObject\",\"inLanguage\":\"de\",\"@id\":\"https:\\\/\\\/369agara.com\\\/#\\\/schema\\\/logo\\\/image\\\/\",\"url\":\"\",\"contentUrl\":\"\",\"caption\":\"EACreations\"},\"image\":{\"@id\":\"https:\\\/\\\/369agara.com\\\/#\\\/schema\\\/logo\\\/image\\\/\"}}]}<\/script>\n<!-- \/ Yoast SEO Premium plugin. -->","yoast_head_json":{"title":"Paire de lani\u00e8res de mise \u00e0 la terre pour chaussures Earthing | Agara","description":"Cette paire de lani\u00e8res de mise \u00e0 la terre peut transformer n'importe quelle chaussure ou sandale en chaussures de mise \u00e0 la terre. Vous serez alors reli\u00e9 \u00e0 la terre sur toutes les surfaces conductrices. 2 couleurs : blanc et noir.","robots":{"index":"index","follow":"follow","max-snippet":"max-snippet:-1","max-image-preview":"max-image-preview:large","max-video-preview":"max-video-preview:-1"},"canonical":"https:\/\/369agara.com\/de\/produkt\/paire-lanieres-chaussures\/","og_locale":"de_DE","og_type":"article","og_title":"Paire de lani\u00e8res de mise \u00e0 la terre pour chaussures Earthing","og_description":"Cette paire de lani\u00e8res de mise \u00e0 la terre peut transformer n'importe quelle chaussure ou sandale en chaussures de mise \u00e0 la terre. Vous serez alors reli\u00e9 \u00e0 la terre sur toutes les surfaces conductrices. 2 couleurs : blanc et noir.","og_url":"https:\/\/369agara.com\/de\/produkt\/paire-lanieres-chaussures\/","og_site_name":"Agara","article_modified_time":"2025-05-13T09:34:48+00:00","og_image":[{"width":800,"height":800,"url":"https:\/\/369agara.com\/wp-content\/uploads\/2024\/01\/paire-de-lanieres-de-mise-a-la-terre-pour-chaussures-earthing-1.jpg","type":"image\/jpeg"}],"twitter_card":"summary_large_image","twitter_misc":{"Gesch\u00e4tzte Lesezeit":"3\u00a0Minuten"},"schema":{"@context":"https:\/\/schema.org","@graph":[{"@type":"WebPage","@id":"https:\/\/369agara.com\/produit\/paire-lanieres-chaussures\/","url":"https:\/\/369agara.com\/produit\/paire-lanieres-chaussures\/","name":"Paire de lani\u00e8res de mise \u00e0 la terre pour chaussures Earthing | Agara","isPartOf":{"@id":"https:\/\/369agara.com\/#website"},"primaryImageOfPage":{"@id":"https:\/\/369agara.com\/produit\/paire-lanieres-chaussures\/#primaryimage"},"image":{"@id":"https:\/\/369agara.com\/produit\/paire-lanieres-chaussures\/#primaryimage"},"thumbnailUrl":"https:\/\/369agara.com\/wp-content\/uploads\/2024\/01\/paire-de-lanieres-de-mise-a-la-terre-pour-chaussures-earthing-1.jpg","datePublished":"2024-01-22T17:24:04+00:00","dateModified":"2025-05-13T09:34:48+00:00","description":"Cette paire de lani\u00e8res de mise \u00e0 la terre peut transformer n'importe quelle chaussure ou sandale en chaussures de mise \u00e0 la terre. Vous serez alors reli\u00e9 \u00e0 la terre sur toutes les surfaces conductrices. 2 couleurs : blanc et noir.","breadcrumb":{"@id":"https:\/\/369agara.com\/produit\/paire-lanieres-chaussures\/#breadcrumb"},"inLanguage":"de","potentialAction":[{"@type":"ReadAction","target":["https:\/\/369agara.com\/produit\/paire-lanieres-chaussures\/"]}]},{"@type":"ImageObject","inLanguage":"de","@id":"https:\/\/369agara.com\/produit\/paire-lanieres-chaussures\/#primaryimage","url":"https:\/\/369agara.com\/wp-content\/uploads\/2024\/01\/paire-de-lanieres-de-mise-a-la-terre-pour-chaussures-earthing-1.jpg","contentUrl":"https:\/\/369agara.com\/wp-content\/uploads\/2024\/01\/paire-de-lanieres-de-mise-a-la-terre-pour-chaussures-earthing-1.jpg","width":800,"height":800},{"@type":"BreadcrumbList","@id":"https:\/\/369agara.com\/produit\/paire-lanieres-chaussures\/#breadcrumb","itemListElement":[{"@type":"ListItem","position":1,"name":"Accueil","item":"https:\/\/369agara.com\/"},{"@type":"ListItem","position":2,"name":"La boutique","item":"https:\/\/369agara.com\/la-boutique\/"},{"@type":"ListItem","position":3,"name":"Paire de lani\u00e8res de mise \u00e0 la terre pour chaussures Earthing"}]},{"@type":"WebSite","@id":"https:\/\/369agara.com\/#website","url":"https:\/\/369agara.com\/","name":"Livsrikedomar","description":"Trennen Sie die Verbindung, um sich besser zu verbinden","publisher":{"@id":"https:\/\/369agara.com\/#organization"},"potentialAction":[{"@type":"SearchAction","target":{"@type":"EntryPoint","urlTemplate":"https:\/\/369agara.com\/?s={search_term_string}"},"query-input":{"@type":"PropertyValueSpecification","valueRequired":true,"valueName":"search_term_string"}}],"inLanguage":"de"},{"@type":"Organization","@id":"https:\/\/369agara.com\/#organization","name":"EACreations","url":"https:\/\/369agara.com\/","logo":{"@type":"ImageObject","inLanguage":"de","@id":"https:\/\/369agara.com\/#\/schema\/logo\/image\/","url":"","contentUrl":"","caption":"EACreations"},"image":{"@id":"https:\/\/369agara.com\/#\/schema\/logo\/image\/"}}]}},"jetpack_sharing_enabled":true,"_links":{"self":[{"href":"https:\/\/369agara.com\/de\/wp-json\/wp\/v2\/product\/2685","targetHints":{"allow":["GET"]}}],"collection":[{"href":"https:\/\/369agara.com\/de\/wp-json\/wp\/v2\/product"}],"about":[{"href":"https:\/\/369agara.com\/de\/wp-json\/wp\/v2\/types\/product"}],"replies":[{"embeddable":true,"href":"https:\/\/369agara.com\/de\/wp-json\/wp\/v2\/comments?post=2685"}],"wp:featuredmedia":[{"embeddable":true,"href":"https:\/\/369agara.com\/de\/wp-json\/wp\/v2\/media\/2687"}],"wp:attachment":[{"href":"https:\/\/369agara.com\/de\/wp-json\/wp\/v2\/media?parent=2685"}],"wp:term":[{"taxonomy":"product_brand","embeddable":true,"href":"https:\/\/369agara.com\/de\/wp-json\/wp\/v2\/product_brand?post=2685"},{"taxonomy":"product_cat","embeddable":true,"href":"https:\/\/369agara.com\/de\/wp-json\/wp\/v2\/product_cat?post=2685"},{"taxonomy":"product_tag","embeddable":true,"href":"https:\/\/369agara.com\/de\/wp-json\/wp\/v2\/product_tag?post=2685"}],"curies":[{"name":"wp","href":"https:\/\/api.w.org\/{rel}","templated":true}]}}