{"id":2936,"date":"2024-06-23T21:50:21","date_gmt":"2024-06-23T19:50:21","guid":{"rendered":"https:\/\/369agara.com\/?post_type=product&#038;p=2936"},"modified":"2025-05-15T22:36:05","modified_gmt":"2025-05-15T20:36:05","slug":"modulaur-cristalo-photonique-3w","status":"publish","type":"product","link":"https:\/\/369agara.com\/de\/produkt\/modulaur-cristalo-photonique-3w\/","title":{"rendered":"3W Kristall-Photonen-Modulator + Zome 13 Skalarwellen-Polarisator"},"content":{"rendered":"<h3><span style=\"font-family: 'Book Antiqua', Palatino; font-size: 120%; color: #333399;\">Dieses Ger\u00e4t hat zwei Funktionen:<\/span><\/h3>\n<p><span style=\"font-family: 'Book Antiqua', Palatino; font-size: 120%; color: #333399;\">Sie kann auf einem Schreibtisch, einem Tisch oder wie eine Lampe aufgestellt werden.<\/span><br \/>\n<span style=\"font-family: 'Book Antiqua', Palatino; font-size: 120%; color: #333399;\">Dieser intuitive chromatische Diffusor harmonisiert sanft Ihr Wohnzimmer und Ihren Raum.<\/span><\/p>\n<p><span style=\"font-family: 'Book Antiqua', Palatino; font-size: 120%; color: #333399;\">Sie kann auch als Behandlungslampe f\u00fcr die Farbtherapie verwendet werden.<\/span><br \/>\n<span style=\"font-family: 'Book Antiqua', Palatino; font-size: 120%; color: #333399;\">Dank seiner ergonomischen Form und seines geringen Gewichts ist er sehr handlich und leicht zu bedienen.<\/span><\/p>\n<p><span style=\"font-family: 'Book Antiqua', Palatino; font-size: 120%; color: #333399;\">Es verst\u00e4rkt den Magnetismus Ihrer H\u00e4nde mit einem n\u00e4hrenden Lichtstrom und verbessert die Pflege, die Tiefe der helfenden Beziehung zwischen dem Praktizierenden und dem Empf\u00e4nger.<\/span><br \/>\n<span style=\"font-family: 'Book Antiqua', Palatino; font-size: 120%; color: #333399;\">Die Wohltaten aus dem B\u00fcndnis zwischen Ihnen und dem Fluss des Elektromagnetismus werden so weitergegeben, verst\u00e4rkt durch den Amethyst plus das von den Formwellen erzeugte Skalarfeld.<\/span><\/p>\n<p><span style=\"font-family: 'Book Antiqua', Palatino; font-size: 120%; color: #333399;\">Von allen Edelsteinen gilt der Amethyst (Quarzfamilie) aufgrund seiner nat\u00fcrlichen Sch\u00f6nheit und seiner bemerkenswerten Kr\u00e4fte als K\u00f6nigin im Reich der Lithotherapie, ebenso wie Diamanten in der Juwelierkunst.<\/span><br \/>\n<span style=\"font-family: 'Book Antiqua', Palatino; font-size: 120%; color: #333399;\">Es ist ein starkes Heilmittel gegen alle Arten von emotionaler Negativit\u00e4t.<\/span><br \/>\n<span style=\"font-family: 'Book Antiqua', Palatino; font-size: 120%; color: #333399;\">Der Amethyst ist reich an Geschichte und wird besonders wegen seiner eleganten, beruhigenden und hypnotischen Violettschattierungen gesch\u00e4tzt.<\/span><br \/>\n<span style=\"font-family: 'Book Antiqua', Palatino; font-size: 120%; color: #333399;\">Diese Perlen stehen f\u00fcr die Weisheit des Geistes und den inneren Frieden. Entdecken Sie ihre vielen M\u00f6glichkeiten und die Vorteile, die sie f\u00fcr Ihr gesamtes Gleichgewicht, aber auch f\u00fcr Ihr Zuhause und Ihre Umgebung haben k\u00f6nnen.<\/span><\/p>\n<h3><span style=\"font-family: 'Book Antiqua', Palatino; font-size: 120%; color: #333399;\">Formwellen und die Geometrie des Lebens (oder die sogenannte heilige Geometrie).<\/span><\/h3>\n<p><span style=\"font-family: 'Book Antiqua', Palatino; font-size: 120%; color: #333399;\">Wenn wir die Formen betrachten, die die Natur hervorbringt, ist es faszinierend zu sehen, wie sehr die Lebewesen nach bestimmten Regeln der mathematischen Harmonie strukturiert sind.<\/span><br \/>\n<span style=\"font-family: 'Book Antiqua', Palatino; font-size: 120%; color: #333399;\">Ebenso hat der Mensch schon immer Tempel und heilige St\u00e4tten gebaut, die bestimmte harmonische Formen verwenden. Die Harmonie der Formen in der Natur und die sakrale Kunst sind durch ein Spiel der Nachahmung eng miteinander verbunden.<\/span><br \/>\n<span style=\"font-family: 'Book Antiqua', Palatino; font-size: 120%; color: #333399;\">F\u00fcr manche ist diese Harmonie ein Spiegelbild der G\u00f6ttlichkeit. Es gibt verschiedene mathematische Prinzipien, die in nat\u00fcrlichen Formen beobachtet werden k\u00f6nnen. Zu ihnen geh\u00f6ren der Goldene Schnitt und die Fibonacci-Folge...<\/span><br \/>\n<span style=\"font-family: 'Book Antiqua', Palatino; font-size: 120%; color: #333399;\">Formen k\u00f6nnen mit Konzepten in Verbindung gebracht werden, und die Art dieser Konzepte definiert auch das Energiespektrum dieser Formen.<\/span><br \/>\n<span style=\"font-family: 'Book Antiqua', Palatino; font-size: 120%; color: #333399;\">Diese Idee findet sich auch in Mandalas oder Yantras...<\/span><\/p>","protected":false},"excerpt":{"rendered":"<p><span style=\"font-family: 'Book Antiqua', Palatino; font-size: 120%; color: #333399;\">Intuitiv bedienbarer monochromatischer Stromdiffusor mit verbesserter Genauigkeit bei 125 kHz.<\/span><br \/>\n<span style=\"font-family: 'Book Antiqua', Palatino; font-size: 120%; color: #333399;\">Verst\u00e4rkung und Harmonisierung mit Amethyst und Formwellen.<\/span><\/p>\n<p><span style=\"font-family: 'Book Antiqua', Palatino; font-size: 120%; color: #333399;\">Lieferung mit 5V-USB-Netzteil + 3D-Pr\u00e4sentationsst\u00e4nder zum Aufstellen verschiedener zu f\u00fctternder Objekte (Wasser, Kristalle, geformte Wellen) + transparenter Zome13 Formwellenpolarisator<\/span><br \/>\n<span style=\"font-family: 'Book Antiqua', Palatino; font-size: 120%; color: #333399;\">Geh\u00e4use Diam 7 cm. Gewicht ~ 120 g (~ 50 g Amethyst)<\/span><\/p>\n<p><span style=\"font-family: 'Book Antiqua', Palatino; font-size: 120%; color: #333399;\">Modulare Uhr mit 15 monochromatischen Programmen verbesserte Genauigkeit (125Khz) + 4 Farbzyklen, \u00fcber einfache Infrarot-Fernbedienung (20 pgm) :<\/span><\/p>\n<ul>\n<li><span style=\"font-family: 'Book Antiqua', Palatino; font-size: 120%; color: #333399;\">15 Farben<\/span><\/li>\n<li><span style=\"font-family: 'Book Antiqua', Palatino; font-size: 120%; color: #333399;\">1 wei\u00df<\/span><\/li>\n<li><span style=\"font-family: 'Book Antiqua', Palatino; font-size: 120%; color: #333399;\">1 endloses Regenbogenfahrrad<\/span><\/li>\n<li><span style=\"font-family: 'Book Antiqua', Palatino; font-size: 120%; color: #333399;\">1 Hin- und R\u00fcckfahrt mit dem Regenbogenfahrrad<\/span><\/li>\n<li><span style=\"font-family: 'Book Antiqua', Palatino; font-size: 120%; color: #333399;\">1 Chrominanz-Impulszyklus 5\u00b0<\/span><\/li>\n<li><span style=\"font-family: 'Book Antiqua', Palatino; font-size: 120%; color: #333399;\">1 Luminanz-Impulszyklus (mit einstellbarer Geschwindigkeit)<\/span><\/li>\n<\/ul>\n<p><span style=\"font-family: 'Book Antiqua', Palatino; font-size: 120%; color: #333399;\">Franz\u00f6sische Herstellung.<\/span><\/p>","protected":false},"featured_media":2950,"comment_status":"open","ping_status":"closed","template":"","meta":[],"product_brand":[],"product_cat":[140],"product_tag":[232,233,222],"class_list":{"0":"post-2936","1":"product","2":"type-product","3":"status-publish","4":"has-post-thumbnail","6":"product_cat-aec-innovations","7":"product_tag-amethyste","8":"product_tag-chromotherapie","9":"product_tag-geometrie-sacree","11":"first","12":"instock","13":"taxable","14":"shipping-taxable","15":"purchasable","16":"product-type-simple"},"yoast_head":"<!-- This site is optimized with the Yoast SEO Premium plugin v25.1 (Yoast SEO v27.4) - https:\/\/yoast.com\/product\/yoast-seo-premium-wordpress\/ -->\n<title>Modulaur Cristalo-photonique 3W + Zome 13 polarisateur d&#039;ondes scalaires | Agara<\/title>\n<meta name=\"description\" content=\"Diffuseur de courant monochromatique intuitif avec une pr\u00e9cision am\u00e9lior\u00e9e \u00e0 125 kHz. Amplification et harmonisation avec l&#039;am\u00e9thyste et les ondes de forme. Livr\u00e9 avec alimentation USB 5V + support de pr\u00e9sentation 3D pour placer divers objets \u00e0 alimenter (eau, cristaux, ondes en forme) + polariseur d&#039;ondes en forme Zome13 transparentBo\u00eetier Diam 7 cm. Poids ~ 120 g (~ 50 g d&#039;am\u00e9thyste) Horloge modulaire avec 15 programmes monochromatiques pr\u00e9cision am\u00e9lior\u00e9e (125Khz) + 4 cycles de couleurs, via simple t\u00e9l\u00e9commande infrarouge (20 pgm) : 15 couleurs ; 1 blanc ; 1 v\u00e9lo arc-en-ciel sans fin ; 1 aller-retour en v\u00e9lo arc-en-ciel ; 1 cycle d&#039;impulsion de chrominance 5\u00b0 ; 1 cycle d&#039;impulsion de luminance (avec vitesse r\u00e9glable). Fabrication fran\u00e7aise.\" \/>\n<meta name=\"robots\" content=\"index, follow, max-snippet:-1, max-image-preview:large, max-video-preview:-1\" \/>\n<link rel=\"canonical\" href=\"https:\/\/369agara.com\/de\/produkt\/modulaur-cristalo-photonique-3w\/\" \/>\n<meta property=\"og:locale\" content=\"de_DE\" \/>\n<meta property=\"og:type\" content=\"article\" \/>\n<meta property=\"og:title\" content=\"Modulaur Cristalo-photonique 3W + Zome 13 polarisateur d&#039;ondes scalaires\" \/>\n<meta property=\"og:description\" content=\"Diffuseur de courant monochromatique intuitif avec une pr\u00e9cision am\u00e9lior\u00e9e \u00e0 125 kHz. Amplification et harmonisation avec l&#039;am\u00e9thyste et les ondes de forme. Livr\u00e9 avec alimentation USB 5V + support de pr\u00e9sentation 3D pour placer divers objets \u00e0 alimenter (eau, cristaux, ondes en forme) + polariseur d&#039;ondes en forme Zome13 transparentBo\u00eetier Diam 7 cm. Poids ~ 120 g (~ 50 g d&#039;am\u00e9thyste) Horloge modulaire avec 15 programmes monochromatiques pr\u00e9cision am\u00e9lior\u00e9e (125Khz) + 4 cycles de couleurs, via simple t\u00e9l\u00e9commande infrarouge (20 pgm) : 15 couleurs ; 1 blanc ; 1 v\u00e9lo arc-en-ciel sans fin ; 1 aller-retour en v\u00e9lo arc-en-ciel ; 1 cycle d&#039;impulsion de chrominance 5\u00b0 ; 1 cycle d&#039;impulsion de luminance (avec vitesse r\u00e9glable). Fabrication fran\u00e7aise.\" \/>\n<meta property=\"og:url\" content=\"https:\/\/369agara.com\/de\/produkt\/modulaur-cristalo-photonique-3w\/\" \/>\n<meta property=\"og:site_name\" content=\"Agara\" \/>\n<meta property=\"article:modified_time\" content=\"2025-05-15T20:36:05+00:00\" \/>\n<meta property=\"og:image\" content=\"https:\/\/369agara.com\/wp-content\/uploads\/2024\/06\/IMG_20240521_141946-scaled.jpg\" \/>\n\t<meta property=\"og:image:width\" content=\"2560\" \/>\n\t<meta property=\"og:image:height\" content=\"2560\" \/>\n\t<meta property=\"og:image:type\" content=\"image\/jpeg\" \/>\n<meta name=\"twitter:card\" content=\"summary_large_image\" \/>\n<meta name=\"twitter:label1\" content=\"Gesch\u00e4tzte Lesezeit\" \/>\n\t<meta name=\"twitter:data1\" content=\"3\u00a0Minuten\" \/>\n<script type=\"application\/ld+json\" class=\"yoast-schema-graph\">{\"@context\":\"https:\\\/\\\/schema.org\",\"@graph\":[{\"@type\":\"WebPage\",\"@id\":\"https:\\\/\\\/369agara.com\\\/produit\\\/modulaur-cristalo-photonique-3w\\\/\",\"url\":\"https:\\\/\\\/369agara.com\\\/produit\\\/modulaur-cristalo-photonique-3w\\\/\",\"name\":\"Modulaur Cristalo-photonique 3W + Zome 13 polarisateur d'ondes scalaires | Agara\",\"isPartOf\":{\"@id\":\"https:\\\/\\\/369agara.com\\\/#website\"},\"primaryImageOfPage\":{\"@id\":\"https:\\\/\\\/369agara.com\\\/produit\\\/modulaur-cristalo-photonique-3w\\\/#primaryimage\"},\"image\":{\"@id\":\"https:\\\/\\\/369agara.com\\\/produit\\\/modulaur-cristalo-photonique-3w\\\/#primaryimage\"},\"thumbnailUrl\":\"https:\\\/\\\/369agara.com\\\/wp-content\\\/uploads\\\/2024\\\/06\\\/IMG_20240521_141946-scaled.jpg\",\"datePublished\":\"2024-06-23T19:50:21+00:00\",\"dateModified\":\"2025-05-15T20:36:05+00:00\",\"description\":\"Diffuseur de courant monochromatique intuitif avec une pr\u00e9cision am\u00e9lior\u00e9e \u00e0 125 kHz. Amplification et harmonisation avec l'am\u00e9thyste et les ondes de forme. Livr\u00e9 avec alimentation USB 5V + support de pr\u00e9sentation 3D pour placer divers objets \u00e0 alimenter (eau, cristaux, ondes en forme) + polariseur d'ondes en forme Zome13 transparentBo\u00eetier Diam 7 cm. Poids ~ 120 g (~ 50 g d'am\u00e9thyste) Horloge modulaire avec 15 programmes monochromatiques pr\u00e9cision am\u00e9lior\u00e9e (125Khz) + 4 cycles de couleurs, via simple t\u00e9l\u00e9commande infrarouge (20 pgm) : 15 couleurs ; 1 blanc ; 1 v\u00e9lo arc-en-ciel sans fin ; 1 aller-retour en v\u00e9lo arc-en-ciel ; 1 cycle d'impulsion de chrominance 5\u00b0 ; 1 cycle d'impulsion de luminance (avec vitesse r\u00e9glable). Fabrication fran\u00e7aise.\",\"breadcrumb\":{\"@id\":\"https:\\\/\\\/369agara.com\\\/produit\\\/modulaur-cristalo-photonique-3w\\\/#breadcrumb\"},\"inLanguage\":\"de\",\"potentialAction\":[{\"@type\":\"ReadAction\",\"target\":[\"https:\\\/\\\/369agara.com\\\/produit\\\/modulaur-cristalo-photonique-3w\\\/\"]}]},{\"@type\":\"ImageObject\",\"inLanguage\":\"de\",\"@id\":\"https:\\\/\\\/369agara.com\\\/produit\\\/modulaur-cristalo-photonique-3w\\\/#primaryimage\",\"url\":\"https:\\\/\\\/369agara.com\\\/wp-content\\\/uploads\\\/2024\\\/06\\\/IMG_20240521_141946-scaled.jpg\",\"contentUrl\":\"https:\\\/\\\/369agara.com\\\/wp-content\\\/uploads\\\/2024\\\/06\\\/IMG_20240521_141946-scaled.jpg\",\"width\":2560,\"height\":2560},{\"@type\":\"BreadcrumbList\",\"@id\":\"https:\\\/\\\/369agara.com\\\/produit\\\/modulaur-cristalo-photonique-3w\\\/#breadcrumb\",\"itemListElement\":[{\"@type\":\"ListItem\",\"position\":1,\"name\":\"Accueil\",\"item\":\"https:\\\/\\\/369agara.com\\\/\"},{\"@type\":\"ListItem\",\"position\":2,\"name\":\"La boutique\",\"item\":\"https:\\\/\\\/369agara.com\\\/la-boutique\\\/\"},{\"@type\":\"ListItem\",\"position\":3,\"name\":\"Modulaur Cristalo-photonique 3W + Zome 13 polarisateur d&rsquo;ondes scalaires\"}]},{\"@type\":\"WebSite\",\"@id\":\"https:\\\/\\\/369agara.com\\\/#website\",\"url\":\"https:\\\/\\\/369agara.com\\\/\",\"name\":\"Livsrikedomar\",\"description\":\"D\u00e9connectez pour mieux vous connecter\",\"publisher\":{\"@id\":\"https:\\\/\\\/369agara.com\\\/#organization\"},\"potentialAction\":[{\"@type\":\"SearchAction\",\"target\":{\"@type\":\"EntryPoint\",\"urlTemplate\":\"https:\\\/\\\/369agara.com\\\/?s={search_term_string}\"},\"query-input\":{\"@type\":\"PropertyValueSpecification\",\"valueRequired\":true,\"valueName\":\"search_term_string\"}}],\"inLanguage\":\"de\"},{\"@type\":\"Organization\",\"@id\":\"https:\\\/\\\/369agara.com\\\/#organization\",\"name\":\"EACreations\",\"url\":\"https:\\\/\\\/369agara.com\\\/\",\"logo\":{\"@type\":\"ImageObject\",\"inLanguage\":\"de\",\"@id\":\"https:\\\/\\\/369agara.com\\\/#\\\/schema\\\/logo\\\/image\\\/\",\"url\":\"\",\"contentUrl\":\"\",\"caption\":\"EACreations\"},\"image\":{\"@id\":\"https:\\\/\\\/369agara.com\\\/#\\\/schema\\\/logo\\\/image\\\/\"}}]}<\/script>\n<!-- \/ Yoast SEO Premium plugin. -->","yoast_head_json":{"title":"Modulaur Cristalo-photonique 3W + Zome 13 polarisateur d'ondes scalaires | Agara","description":"Intuitiver monochromatischer Stromdiffusor mit verbesserter Genauigkeit bei 125 kHz. Verst\u00e4rkung und Harmonisierung mit Amethyst und geformten Wellen. Lieferung mit 5V-USB-Stromversorgung + 3D-Pr\u00e4sentationsst\u00e4nder zum Aufstellen verschiedener zu versorgender Objekte (Wasser, Kristalle, Formwellen) + Formwellenpolarisator Zome13 transparentGeh\u00e4use Diam 7 cm. Gewicht ~ 120 g (~ 50 g Amethyst) Modulare Uhr mit 15 monochromatischen Programmen verbesserte Pr\u00e4zision (125Khz) + 4 Farbzyklen, \u00fcber einfache Infrarot-Fernbedienung (20 pgm): 15 Farben; 1 Wei\u00df; 1 endloses Regenbogenfahrrad; 1 Hin- und R\u00fcckfahrt im Regenbogenfahrrad; 1 Chrominanz-Impulszyklus 5\u00b0; 1 Luminanz-Impulszyklus (mit einstellbarer Geschwindigkeit). Franz\u00f6sische Herstellung.","robots":{"index":"index","follow":"follow","max-snippet":"max-snippet:-1","max-image-preview":"max-image-preview:large","max-video-preview":"max-video-preview:-1"},"canonical":"https:\/\/369agara.com\/de\/produkt\/modulaur-cristalo-photonique-3w\/","og_locale":"de_DE","og_type":"article","og_title":"Modulaur Cristalo-photonique 3W + Zome 13 polarisateur d'ondes scalaires","og_description":"Diffuseur de courant monochromatique intuitif avec une pr\u00e9cision am\u00e9lior\u00e9e \u00e0 125 kHz. Amplification et harmonisation avec l'am\u00e9thyste et les ondes de forme. Livr\u00e9 avec alimentation USB 5V + support de pr\u00e9sentation 3D pour placer divers objets \u00e0 alimenter (eau, cristaux, ondes en forme) + polariseur d'ondes en forme Zome13 transparentBo\u00eetier Diam 7 cm. Poids ~ 120 g (~ 50 g d'am\u00e9thyste) Horloge modulaire avec 15 programmes monochromatiques pr\u00e9cision am\u00e9lior\u00e9e (125Khz) + 4 cycles de couleurs, via simple t\u00e9l\u00e9commande infrarouge (20 pgm) : 15 couleurs ; 1 blanc ; 1 v\u00e9lo arc-en-ciel sans fin ; 1 aller-retour en v\u00e9lo arc-en-ciel ; 1 cycle d'impulsion de chrominance 5\u00b0 ; 1 cycle d'impulsion de luminance (avec vitesse r\u00e9glable). Fabrication fran\u00e7aise.","og_url":"https:\/\/369agara.com\/de\/produkt\/modulaur-cristalo-photonique-3w\/","og_site_name":"Agara","article_modified_time":"2025-05-15T20:36:05+00:00","og_image":[{"width":2560,"height":2560,"url":"https:\/\/369agara.com\/wp-content\/uploads\/2024\/06\/IMG_20240521_141946-scaled.jpg","type":"image\/jpeg"}],"twitter_card":"summary_large_image","twitter_misc":{"Gesch\u00e4tzte Lesezeit":"3\u00a0Minuten"},"schema":{"@context":"https:\/\/schema.org","@graph":[{"@type":"WebPage","@id":"https:\/\/369agara.com\/produit\/modulaur-cristalo-photonique-3w\/","url":"https:\/\/369agara.com\/produit\/modulaur-cristalo-photonique-3w\/","name":"Modulaur Cristalo-photonique 3W + Zome 13 polarisateur d'ondes scalaires | Agara","isPartOf":{"@id":"https:\/\/369agara.com\/#website"},"primaryImageOfPage":{"@id":"https:\/\/369agara.com\/produit\/modulaur-cristalo-photonique-3w\/#primaryimage"},"image":{"@id":"https:\/\/369agara.com\/produit\/modulaur-cristalo-photonique-3w\/#primaryimage"},"thumbnailUrl":"https:\/\/369agara.com\/wp-content\/uploads\/2024\/06\/IMG_20240521_141946-scaled.jpg","datePublished":"2024-06-23T19:50:21+00:00","dateModified":"2025-05-15T20:36:05+00:00","description":"Intuitiver monochromatischer Stromdiffusor mit verbesserter Genauigkeit bei 125 kHz. Verst\u00e4rkung und Harmonisierung mit Amethyst und geformten Wellen. Lieferung mit 5V-USB-Stromversorgung + 3D-Pr\u00e4sentationsst\u00e4nder zum Aufstellen verschiedener zu versorgender Objekte (Wasser, Kristalle, Formwellen) + Formwellenpolarisator Zome13 transparentGeh\u00e4use Diam 7 cm. Gewicht ~ 120 g (~ 50 g Amethyst) Modulare Uhr mit 15 monochromatischen Programmen verbesserte Pr\u00e4zision (125Khz) + 4 Farbzyklen, \u00fcber einfache Infrarot-Fernbedienung (20 pgm): 15 Farben; 1 Wei\u00df; 1 endloses Regenbogenfahrrad; 1 Hin- und R\u00fcckfahrt im Regenbogenfahrrad; 1 Chrominanz-Impulszyklus 5\u00b0; 1 Luminanz-Impulszyklus (mit einstellbarer Geschwindigkeit). Franz\u00f6sische Herstellung.","breadcrumb":{"@id":"https:\/\/369agara.com\/produit\/modulaur-cristalo-photonique-3w\/#breadcrumb"},"inLanguage":"de","potentialAction":[{"@type":"ReadAction","target":["https:\/\/369agara.com\/produit\/modulaur-cristalo-photonique-3w\/"]}]},{"@type":"ImageObject","inLanguage":"de","@id":"https:\/\/369agara.com\/produit\/modulaur-cristalo-photonique-3w\/#primaryimage","url":"https:\/\/369agara.com\/wp-content\/uploads\/2024\/06\/IMG_20240521_141946-scaled.jpg","contentUrl":"https:\/\/369agara.com\/wp-content\/uploads\/2024\/06\/IMG_20240521_141946-scaled.jpg","width":2560,"height":2560},{"@type":"BreadcrumbList","@id":"https:\/\/369agara.com\/produit\/modulaur-cristalo-photonique-3w\/#breadcrumb","itemListElement":[{"@type":"ListItem","position":1,"name":"Accueil","item":"https:\/\/369agara.com\/"},{"@type":"ListItem","position":2,"name":"La boutique","item":"https:\/\/369agara.com\/la-boutique\/"},{"@type":"ListItem","position":3,"name":"Modulaur Cristalo-photonique 3W + Zome 13 polarisateur d&rsquo;ondes scalaires"}]},{"@type":"WebSite","@id":"https:\/\/369agara.com\/#website","url":"https:\/\/369agara.com\/","name":"Livsrikedomar","description":"Trennen Sie die Verbindung, um sich besser zu verbinden","publisher":{"@id":"https:\/\/369agara.com\/#organization"},"potentialAction":[{"@type":"SearchAction","target":{"@type":"EntryPoint","urlTemplate":"https:\/\/369agara.com\/?s={search_term_string}"},"query-input":{"@type":"PropertyValueSpecification","valueRequired":true,"valueName":"search_term_string"}}],"inLanguage":"de"},{"@type":"Organization","@id":"https:\/\/369agara.com\/#organization","name":"EACreations","url":"https:\/\/369agara.com\/","logo":{"@type":"ImageObject","inLanguage":"de","@id":"https:\/\/369agara.com\/#\/schema\/logo\/image\/","url":"","contentUrl":"","caption":"EACreations"},"image":{"@id":"https:\/\/369agara.com\/#\/schema\/logo\/image\/"}}]}},"jetpack_sharing_enabled":true,"_links":{"self":[{"href":"https:\/\/369agara.com\/de\/wp-json\/wp\/v2\/product\/2936","targetHints":{"allow":["GET"]}}],"collection":[{"href":"https:\/\/369agara.com\/de\/wp-json\/wp\/v2\/product"}],"about":[{"href":"https:\/\/369agara.com\/de\/wp-json\/wp\/v2\/types\/product"}],"replies":[{"embeddable":true,"href":"https:\/\/369agara.com\/de\/wp-json\/wp\/v2\/comments?post=2936"}],"wp:featuredmedia":[{"embeddable":true,"href":"https:\/\/369agara.com\/de\/wp-json\/wp\/v2\/media\/2950"}],"wp:attachment":[{"href":"https:\/\/369agara.com\/de\/wp-json\/wp\/v2\/media?parent=2936"}],"wp:term":[{"taxonomy":"product_brand","embeddable":true,"href":"https:\/\/369agara.com\/de\/wp-json\/wp\/v2\/product_brand?post=2936"},{"taxonomy":"product_cat","embeddable":true,"href":"https:\/\/369agara.com\/de\/wp-json\/wp\/v2\/product_cat?post=2936"},{"taxonomy":"product_tag","embeddable":true,"href":"https:\/\/369agara.com\/de\/wp-json\/wp\/v2\/product_tag?post=2936"}],"curies":[{"name":"wp","href":"https:\/\/api.w.org\/{rel}","templated":true}]}}