{"id":2965,"date":"2024-07-16T20:18:50","date_gmt":"2024-07-16T18:18:50","guid":{"rendered":"https:\/\/369agara.com\/?post_type=product&#038;p=2965"},"modified":"2025-05-15T22:35:37","modified_gmt":"2025-05-15T20:35:37","slug":"stylet-cristalo-photonique-4w","status":"publish","type":"product","link":"https:\/\/369agara.com\/de\/produkt\/stylet-cristalo-photonique-4w\/","title":{"rendered":"Kristallphotonischer Stift 4W"},"content":{"rendered":"<h3><span style=\"font-family: 'Book Antiqua', Palatino; font-size: 120%; color: #333399;\">Die Vorteile von farbigem Licht und Quarz :<\/span><\/h3>\n<p><span style=\"font-family: 'Book Antiqua', Palatino; font-size: 120%; color: #333399;\">Dieser einfach zu verwendende Stift f\u00fcr die Behandlungsarten der sensitiven Farbtherapie wurde haupts\u00e4chlich daf\u00fcr entwickelt, die Streuung des farbigen Lichts mit Quarz zu nutzen, um von seinem einzigartigen bioresonierenden und n\u00e4hrenden Schwingungsausdruck auf allen Ebenen zu profitieren.<\/span><br \/>\n<span style=\"font-family: 'Book Antiqua', Palatino; font-size: 120%; color: #333399;\">Dieses Instrument ist gel\u00e4ndeg\u00e4ngig und zug\u00e4nglicher als die BioColor\/PhiColor\/MiniBio-Stiftbox aus unserem Pro-Sortiment.<\/span><br \/>\n<span style=\"font-family: 'Book Antiqua', Palatino; font-size: 120%; color: #333399;\">Es erm\u00f6glicht allen Praktizierenden, monochrome Farbfl\u00fcsse zu kontrollieren, um sie auf Bereiche des physischen K\u00f6rpers oder auf die subtilen K\u00f6rper derjenigen anzuwenden, die diesen Weg erforschen...<\/span><\/p>\n<p><span style=\"font-family: 'Book Antiqua', Palatino; font-size: 120%; color: #333399;\">19 Programme \u00fcber 2 Tasten pgm+ \/ pgm - verf\u00fcgbar :<\/span><\/p>\n<ul>\n<li><span style=\"font-family: 'Book Antiqua', Palatino; font-size: 120%; color: #333399;\">16 monochrome Farben mit 125 kHz Modulation<\/span><\/li>\n<li><span style=\"font-family: 'Book Antiqua', Palatino; font-size: 120%; color: #333399;\">1 wei\u00df mehrfarbig<\/span><\/li>\n<li><span style=\"font-family: 'Book Antiqua', Palatino; font-size: 120%; color: #333399;\">1 endloses Regenbogenfahrrad<\/span><\/li>\n<li><span style=\"font-family: 'Book Antiqua', Palatino; font-size: 120%; color: #333399;\">1 pulsierender Regenbogenzyklus<\/span><\/li>\n<\/ul>\n<table style=\"width: 100%; border-collapse: collapse; border-style: hidden;\">\n<tbody>\n<tr>\n<td style=\"width: 59.5203%;\"><span style=\"font-family: 'Book Antiqua', Palatino; font-size: 120%; color: #333399;\"><img loading=\"lazy\" decoding=\"async\" class=\"wp-image-3737 alignright\" src=\"https:\/\/369agara.com\/wp-content\/uploads\/2024\/07\/Cercle-chromatique-300x300.jpg\" alt=\"\" width=\"551\" height=\"549\" srcset=\"https:\/\/369agara.com\/wp-content\/uploads\/2024\/07\/Cercle-chromatique-300x300.jpg 300w, https:\/\/369agara.com\/wp-content\/uploads\/2024\/07\/Cercle-chromatique-150x150.jpg 150w, https:\/\/369agara.com\/wp-content\/uploads\/2024\/07\/Cercle-chromatique-12x12.jpg 12w, https:\/\/369agara.com\/wp-content\/uploads\/2024\/07\/Cercle-chromatique-247x247.jpg 247w, https:\/\/369agara.com\/wp-content\/uploads\/2024\/07\/Cercle-chromatique-100x100.jpg 100w\" sizes=\"auto, (max-width: 551px) 100vw, 551px\" \/><\/span><\/td>\n<td style=\"width: 40.4797%;\"><span style=\"font-family: 'Book Antiqua', Palatino; font-size: 120%; color: #333399;\"><img loading=\"lazy\" decoding=\"async\" class=\"alignnone size-medium wp-image-3736\" src=\"https:\/\/369agara.com\/wp-content\/uploads\/2024\/07\/Stylet-cristalo-photonique-4W-couleurs-300x300.png\" alt=\"\" width=\"300\" height=\"300\" srcset=\"https:\/\/369agara.com\/wp-content\/uploads\/2024\/07\/Stylet-cristalo-photonique-4W-couleurs-300x300.png 300w, https:\/\/369agara.com\/wp-content\/uploads\/2024\/07\/Stylet-cristalo-photonique-4W-couleurs-1024x1024.png 1024w, https:\/\/369agara.com\/wp-content\/uploads\/2024\/07\/Stylet-cristalo-photonique-4W-couleurs-150x150.png 150w, https:\/\/369agara.com\/wp-content\/uploads\/2024\/07\/Stylet-cristalo-photonique-4W-couleurs-768x768.png 768w, https:\/\/369agara.com\/wp-content\/uploads\/2024\/07\/Stylet-cristalo-photonique-4W-couleurs-12x12.png 12w, https:\/\/369agara.com\/wp-content\/uploads\/2024\/07\/Stylet-cristalo-photonique-4W-couleurs-247x247.png 247w, https:\/\/369agara.com\/wp-content\/uploads\/2024\/07\/Stylet-cristalo-photonique-4W-couleurs-510x510.png 510w, https:\/\/369agara.com\/wp-content\/uploads\/2024\/07\/Stylet-cristalo-photonique-4W-couleurs-100x100.png 100w, https:\/\/369agara.com\/wp-content\/uploads\/2024\/07\/Stylet-cristalo-photonique-4W-couleurs.png 1280w\" sizes=\"auto, (max-width: 300px) 100vw, 300px\" \/><\/span><\/td>\n<\/tr>\n<\/tbody>\n<\/table>\n<p>&nbsp;<\/p>\n<p><span style=\"font-family: 'Book Antiqua', Palatino; font-size: 120%; color: #333399;\">Arbeiten:<\/span><\/p>\n<p><span style=\"font-family: 'Book Antiqua', Palatino; font-size: 120%; color: #333399;\">Ein kr\u00e4ftiger Druck auf pgm+ (die untere Taste) startet ein Programm und dann das n\u00e4chste.<\/span><br \/>\n<span style=\"font-family: 'Book Antiqua', Palatino; font-size: 120%; color: #333399;\">Durch Dr\u00fccken von pgm- (obere Taste) wird ein vorheriges Programm gestartet.<\/span><br \/>\n<span style=\"font-family: 'Book Antiqua', Palatino; font-size: 120%; color: #333399;\">Ein langer Druck auf pgm+ f\u00fcr 3 Sekunden oder ein Doppelklick auf pgm+ schaltet den Stift aus.<\/span><\/p>\n<p><span style=\"font-family: 'Book Antiqua', Palatino; font-size: 120%; color: #333399;\">Geliefert mit :<\/span><\/p>\n<ul>\n<li><span style=\"font-family: 'Book Antiqua', Palatino; font-size: 120%; color: #333399;\">3 Schreibfedern<\/span><\/li>\n<li><span style=\"font-family: 'Book Antiqua', Palatino; font-size: 120%; color: #333399;\">1 lemurische Hexa-Quarzspitze.<\/span><\/li>\n<li><span style=\"font-family: 'Book Antiqua', Palatino; font-size: 120%; color: #333399;\">5V-USB-Stromversorgung, integrierte Halterung und Akkuladung.<\/span><\/li>\n<\/ul>\n<p><span style=\"font-family: 'Book Antiqua', Palatino; font-size: 120%; color: #333399;\">Akkulaufzeit 60 Min.<\/span><br \/>\n<span style=\"font-family: 'Book Antiqua', Palatino; font-size: 120%; color: #333399;\">Verwendung unter Last als Diffusor m\u00f6glich.<\/span><\/p>\n<p style=\"text-align: center;\"><span style=\"font-family: 'Book Antiqua', Palatino; font-size: 120%; color: #333399;\">Verschiedene hochwertige Quarzspitzen erh\u00e4ltlich, um Vibrationsbehandlungen zu praktizieren :<\/span><br \/>\n<span style=\"font-family: 'Book Antiqua', Palatino; font-size: 120%; color: #333399;\">Lemurischer Quarz, Laserquarz, Vogelquarz, Selenit... auf Anfrage.<\/span><\/p>\n<p>&nbsp;<\/p>\n<p><span style=\"color: #333399; font-family: 'Book Antiqua', Palatino; font-size: 120%;\"><img loading=\"lazy\" decoding=\"async\" class=\"aligncenter wp-image-3188 size-medium\" src=\"https:\/\/369agara.com\/wp-content\/uploads\/2024\/07\/IMG_20240307_115755-300x300.jpg\" alt=\"\" width=\"300\" height=\"300\" srcset=\"https:\/\/369agara.com\/wp-content\/uploads\/2024\/07\/IMG_20240307_115755-300x300.jpg 300w, https:\/\/369agara.com\/wp-content\/uploads\/2024\/07\/IMG_20240307_115755-1024x1024.jpg 1024w, https:\/\/369agara.com\/wp-content\/uploads\/2024\/07\/IMG_20240307_115755-150x150.jpg 150w, https:\/\/369agara.com\/wp-content\/uploads\/2024\/07\/IMG_20240307_115755-768x768.jpg 768w, https:\/\/369agara.com\/wp-content\/uploads\/2024\/07\/IMG_20240307_115755-1536x1536.jpg 1536w, https:\/\/369agara.com\/wp-content\/uploads\/2024\/07\/IMG_20240307_115755-2048x2048.jpg 2048w, https:\/\/369agara.com\/wp-content\/uploads\/2024\/07\/IMG_20240307_115755-12x12.jpg 12w, https:\/\/369agara.com\/wp-content\/uploads\/2024\/07\/IMG_20240307_115755-247x247.jpg 247w, https:\/\/369agara.com\/wp-content\/uploads\/2024\/07\/IMG_20240307_115755-510x510.jpg 510w, https:\/\/369agara.com\/wp-content\/uploads\/2024\/07\/IMG_20240307_115755-100x100.jpg 100w\" sizes=\"auto, (max-width: 300px) 100vw, 300px\" \/><\/span><\/p>","protected":false},"excerpt":{"rendered":"<p>Intuitiver Diffusor mit pr\u00e4zisem Farbfluss unter Verwendung von 125KHz Photomodulation.<br \/>\nVerst\u00e4rkung mit Quarzspitzen + sph\u00e4rische Beugungslinse.<\/p>\n<p>19 Programme \u00fcber 2 Tasten pgm+ \/ pgm - verf\u00fcgbar :<\/p>\n<ul>\n<li>16 monochrome Farben mit 125 kHz Modulation<\/li>\n<li>1 wei\u00df mehrfarbig<\/li>\n<li>1 endloses Regenbogenfahrrad<\/li>\n<li>1 pulsierender Regenbogenzyklus<\/li>\n<\/ul>","protected":false},"featured_media":3189,"comment_status":"open","ping_status":"closed","template":"","meta":[],"product_brand":[],"product_cat":[140],"product_tag":[233,235,236],"class_list":{"0":"post-2965","1":"product","2":"type-product","3":"status-publish","4":"has-post-thumbnail","6":"product_cat-aec-innovations","7":"product_tag-chromotherapie","8":"product_tag-cristaux","9":"product_tag-quartz","11":"first","12":"instock","13":"taxable","14":"shipping-taxable","15":"purchasable","16":"product-type-simple"},"yoast_head":"<!-- This site is optimized with the Yoast SEO Premium plugin v25.1 (Yoast SEO v27.4) - https:\/\/yoast.com\/product\/yoast-seo-premium-wordpress\/ -->\n<title>Stylet cristalo-photonique 4W | Agara<\/title>\n<meta name=\"description\" content=\"Diffuseur intuitif avec flux de couleurs pr\u00e9cis utilisant la photomodulation 125KHz.\u00a0Amplification avec pointes de quartz + lentille de diffraction sph\u00e9rique.\u00a019 programmes disponibles via 2 boutons pgm+ \/ pgm - : 16 couleurs monochromes avec modulation de 125 kHz ; 1 blanc polychrome ; 1 v\u00e9lo arc-en-ciel sans fin ; 1 cycle arc-en-ciel puls\u00e9.\" \/>\n<meta name=\"robots\" content=\"index, follow, max-snippet:-1, max-image-preview:large, max-video-preview:-1\" \/>\n<link rel=\"canonical\" href=\"https:\/\/369agara.com\/de\/produkt\/stylet-cristalo-photonique-4w\/\" \/>\n<meta property=\"og:locale\" content=\"de_DE\" \/>\n<meta property=\"og:type\" content=\"article\" \/>\n<meta property=\"og:title\" content=\"Stylet cristalo-photonique 4W\" \/>\n<meta property=\"og:description\" content=\"Diffuseur intuitif avec flux de couleurs pr\u00e9cis utilisant la photomodulation 125KHz.\u00a0Amplification avec pointes de quartz + lentille de diffraction sph\u00e9rique.\u00a019 programmes disponibles via 2 boutons pgm+ \/ pgm - : 16 couleurs monochromes avec modulation de 125 kHz ; 1 blanc polychrome ; 1 v\u00e9lo arc-en-ciel sans fin ; 1 cycle arc-en-ciel puls\u00e9.\" \/>\n<meta property=\"og:url\" content=\"https:\/\/369agara.com\/de\/produkt\/stylet-cristalo-photonique-4w\/\" \/>\n<meta property=\"og:site_name\" content=\"Agara\" \/>\n<meta property=\"article:modified_time\" content=\"2025-05-15T20:35:37+00:00\" \/>\n<meta property=\"og:image\" content=\"https:\/\/369agara.com\/wp-content\/uploads\/2024\/07\/IMG_20240522_163959-scaled.jpg\" \/>\n\t<meta property=\"og:image:width\" content=\"2560\" \/>\n\t<meta property=\"og:image:height\" content=\"2560\" \/>\n\t<meta property=\"og:image:type\" content=\"image\/jpeg\" \/>\n<meta name=\"twitter:card\" content=\"summary_large_image\" \/>\n<meta name=\"twitter:label1\" content=\"Gesch\u00e4tzte Lesezeit\" \/>\n\t<meta name=\"twitter:data1\" content=\"2\u00a0Minuten\" \/>\n<script type=\"application\/ld+json\" class=\"yoast-schema-graph\">{\"@context\":\"https:\\\/\\\/schema.org\",\"@graph\":[{\"@type\":\"WebPage\",\"@id\":\"https:\\\/\\\/369agara.com\\\/produit\\\/stylet-cristalo-photonique-4w\\\/\",\"url\":\"https:\\\/\\\/369agara.com\\\/produit\\\/stylet-cristalo-photonique-4w\\\/\",\"name\":\"Stylet cristalo-photonique 4W | Agara\",\"isPartOf\":{\"@id\":\"https:\\\/\\\/369agara.com\\\/#website\"},\"primaryImageOfPage\":{\"@id\":\"https:\\\/\\\/369agara.com\\\/produit\\\/stylet-cristalo-photonique-4w\\\/#primaryimage\"},\"image\":{\"@id\":\"https:\\\/\\\/369agara.com\\\/produit\\\/stylet-cristalo-photonique-4w\\\/#primaryimage\"},\"thumbnailUrl\":\"https:\\\/\\\/369agara.com\\\/wp-content\\\/uploads\\\/2024\\\/07\\\/IMG_20240522_163959-scaled.jpg\",\"datePublished\":\"2024-07-16T18:18:50+00:00\",\"dateModified\":\"2025-05-15T20:35:37+00:00\",\"description\":\"Diffuseur intuitif avec flux de couleurs pr\u00e9cis utilisant la photomodulation 125KHz.\u00a0Amplification avec pointes de quartz + lentille de diffraction sph\u00e9rique.\u00a019 programmes disponibles via 2 boutons pgm+ \\\/ pgm - : 16 couleurs monochromes avec modulation de 125 kHz ; 1 blanc polychrome ; 1 v\u00e9lo arc-en-ciel sans fin ; 1 cycle arc-en-ciel puls\u00e9.\",\"breadcrumb\":{\"@id\":\"https:\\\/\\\/369agara.com\\\/produit\\\/stylet-cristalo-photonique-4w\\\/#breadcrumb\"},\"inLanguage\":\"de\",\"potentialAction\":[{\"@type\":\"ReadAction\",\"target\":[\"https:\\\/\\\/369agara.com\\\/produit\\\/stylet-cristalo-photonique-4w\\\/\"]}]},{\"@type\":\"ImageObject\",\"inLanguage\":\"de\",\"@id\":\"https:\\\/\\\/369agara.com\\\/produit\\\/stylet-cristalo-photonique-4w\\\/#primaryimage\",\"url\":\"https:\\\/\\\/369agara.com\\\/wp-content\\\/uploads\\\/2024\\\/07\\\/IMG_20240522_163959-scaled.jpg\",\"contentUrl\":\"https:\\\/\\\/369agara.com\\\/wp-content\\\/uploads\\\/2024\\\/07\\\/IMG_20240522_163959-scaled.jpg\",\"width\":2560,\"height\":2560},{\"@type\":\"BreadcrumbList\",\"@id\":\"https:\\\/\\\/369agara.com\\\/produit\\\/stylet-cristalo-photonique-4w\\\/#breadcrumb\",\"itemListElement\":[{\"@type\":\"ListItem\",\"position\":1,\"name\":\"Accueil\",\"item\":\"https:\\\/\\\/369agara.com\\\/\"},{\"@type\":\"ListItem\",\"position\":2,\"name\":\"La boutique\",\"item\":\"https:\\\/\\\/369agara.com\\\/la-boutique\\\/\"},{\"@type\":\"ListItem\",\"position\":3,\"name\":\"Stylet cristalo-photonique 4W\"}]},{\"@type\":\"WebSite\",\"@id\":\"https:\\\/\\\/369agara.com\\\/#website\",\"url\":\"https:\\\/\\\/369agara.com\\\/\",\"name\":\"Livsrikedomar\",\"description\":\"D\u00e9connectez pour mieux vous connecter\",\"publisher\":{\"@id\":\"https:\\\/\\\/369agara.com\\\/#organization\"},\"potentialAction\":[{\"@type\":\"SearchAction\",\"target\":{\"@type\":\"EntryPoint\",\"urlTemplate\":\"https:\\\/\\\/369agara.com\\\/?s={search_term_string}\"},\"query-input\":{\"@type\":\"PropertyValueSpecification\",\"valueRequired\":true,\"valueName\":\"search_term_string\"}}],\"inLanguage\":\"de\"},{\"@type\":\"Organization\",\"@id\":\"https:\\\/\\\/369agara.com\\\/#organization\",\"name\":\"EACreations\",\"url\":\"https:\\\/\\\/369agara.com\\\/\",\"logo\":{\"@type\":\"ImageObject\",\"inLanguage\":\"de\",\"@id\":\"https:\\\/\\\/369agara.com\\\/#\\\/schema\\\/logo\\\/image\\\/\",\"url\":\"\",\"contentUrl\":\"\",\"caption\":\"EACreations\"},\"image\":{\"@id\":\"https:\\\/\\\/369agara.com\\\/#\\\/schema\\\/logo\\\/image\\\/\"}}]}<\/script>\n<!-- \/ Yoast SEO Premium plugin. -->","yoast_head_json":{"title":"Stylet cristalo-photonique 4W | Agara","description":"Diffuseur intuitif avec flux de couleurs pr\u00e9cis utilisant la photomodulation 125KHz.\u00a0Amplification avec pointes de quartz + lentille de diffraction sph\u00e9rique.\u00a019 programmes disponibles via 2 boutons pgm+ \/ pgm - : 16 couleurs monochromes avec modulation de 125 kHz ; 1 blanc polychrome ; 1 v\u00e9lo arc-en-ciel sans fin ; 1 cycle arc-en-ciel puls\u00e9.","robots":{"index":"index","follow":"follow","max-snippet":"max-snippet:-1","max-image-preview":"max-image-preview:large","max-video-preview":"max-video-preview:-1"},"canonical":"https:\/\/369agara.com\/de\/produkt\/stylet-cristalo-photonique-4w\/","og_locale":"de_DE","og_type":"article","og_title":"Stylet cristalo-photonique 4W","og_description":"Diffuseur intuitif avec flux de couleurs pr\u00e9cis utilisant la photomodulation 125KHz.\u00a0Amplification avec pointes de quartz + lentille de diffraction sph\u00e9rique.\u00a019 programmes disponibles via 2 boutons pgm+ \/ pgm - : 16 couleurs monochromes avec modulation de 125 kHz ; 1 blanc polychrome ; 1 v\u00e9lo arc-en-ciel sans fin ; 1 cycle arc-en-ciel puls\u00e9.","og_url":"https:\/\/369agara.com\/de\/produkt\/stylet-cristalo-photonique-4w\/","og_site_name":"Agara","article_modified_time":"2025-05-15T20:35:37+00:00","og_image":[{"width":2560,"height":2560,"url":"https:\/\/369agara.com\/wp-content\/uploads\/2024\/07\/IMG_20240522_163959-scaled.jpg","type":"image\/jpeg"}],"twitter_card":"summary_large_image","twitter_misc":{"Gesch\u00e4tzte Lesezeit":"2\u00a0Minuten"},"schema":{"@context":"https:\/\/schema.org","@graph":[{"@type":"WebPage","@id":"https:\/\/369agara.com\/produit\/stylet-cristalo-photonique-4w\/","url":"https:\/\/369agara.com\/produit\/stylet-cristalo-photonique-4w\/","name":"Stylet cristalo-photonique 4W | Agara","isPartOf":{"@id":"https:\/\/369agara.com\/#website"},"primaryImageOfPage":{"@id":"https:\/\/369agara.com\/produit\/stylet-cristalo-photonique-4w\/#primaryimage"},"image":{"@id":"https:\/\/369agara.com\/produit\/stylet-cristalo-photonique-4w\/#primaryimage"},"thumbnailUrl":"https:\/\/369agara.com\/wp-content\/uploads\/2024\/07\/IMG_20240522_163959-scaled.jpg","datePublished":"2024-07-16T18:18:50+00:00","dateModified":"2025-05-15T20:35:37+00:00","description":"Diffuseur intuitif avec flux de couleurs pr\u00e9cis utilisant la photomodulation 125KHz.\u00a0Amplification avec pointes de quartz + lentille de diffraction sph\u00e9rique.\u00a019 programmes disponibles via 2 boutons pgm+ \/ pgm - : 16 couleurs monochromes avec modulation de 125 kHz ; 1 blanc polychrome ; 1 v\u00e9lo arc-en-ciel sans fin ; 1 cycle arc-en-ciel puls\u00e9.","breadcrumb":{"@id":"https:\/\/369agara.com\/produit\/stylet-cristalo-photonique-4w\/#breadcrumb"},"inLanguage":"de","potentialAction":[{"@type":"ReadAction","target":["https:\/\/369agara.com\/produit\/stylet-cristalo-photonique-4w\/"]}]},{"@type":"ImageObject","inLanguage":"de","@id":"https:\/\/369agara.com\/produit\/stylet-cristalo-photonique-4w\/#primaryimage","url":"https:\/\/369agara.com\/wp-content\/uploads\/2024\/07\/IMG_20240522_163959-scaled.jpg","contentUrl":"https:\/\/369agara.com\/wp-content\/uploads\/2024\/07\/IMG_20240522_163959-scaled.jpg","width":2560,"height":2560},{"@type":"BreadcrumbList","@id":"https:\/\/369agara.com\/produit\/stylet-cristalo-photonique-4w\/#breadcrumb","itemListElement":[{"@type":"ListItem","position":1,"name":"Accueil","item":"https:\/\/369agara.com\/"},{"@type":"ListItem","position":2,"name":"La boutique","item":"https:\/\/369agara.com\/la-boutique\/"},{"@type":"ListItem","position":3,"name":"Stylet cristalo-photonique 4W"}]},{"@type":"WebSite","@id":"https:\/\/369agara.com\/#website","url":"https:\/\/369agara.com\/","name":"Livsrikedomar","description":"Trennen Sie die Verbindung, um sich besser zu verbinden","publisher":{"@id":"https:\/\/369agara.com\/#organization"},"potentialAction":[{"@type":"SearchAction","target":{"@type":"EntryPoint","urlTemplate":"https:\/\/369agara.com\/?s={search_term_string}"},"query-input":{"@type":"PropertyValueSpecification","valueRequired":true,"valueName":"search_term_string"}}],"inLanguage":"de"},{"@type":"Organization","@id":"https:\/\/369agara.com\/#organization","name":"EACreations","url":"https:\/\/369agara.com\/","logo":{"@type":"ImageObject","inLanguage":"de","@id":"https:\/\/369agara.com\/#\/schema\/logo\/image\/","url":"","contentUrl":"","caption":"EACreations"},"image":{"@id":"https:\/\/369agara.com\/#\/schema\/logo\/image\/"}}]}},"jetpack_sharing_enabled":true,"_links":{"self":[{"href":"https:\/\/369agara.com\/de\/wp-json\/wp\/v2\/product\/2965","targetHints":{"allow":["GET"]}}],"collection":[{"href":"https:\/\/369agara.com\/de\/wp-json\/wp\/v2\/product"}],"about":[{"href":"https:\/\/369agara.com\/de\/wp-json\/wp\/v2\/types\/product"}],"replies":[{"embeddable":true,"href":"https:\/\/369agara.com\/de\/wp-json\/wp\/v2\/comments?post=2965"}],"wp:featuredmedia":[{"embeddable":true,"href":"https:\/\/369agara.com\/de\/wp-json\/wp\/v2\/media\/3189"}],"wp:attachment":[{"href":"https:\/\/369agara.com\/de\/wp-json\/wp\/v2\/media?parent=2965"}],"wp:term":[{"taxonomy":"product_brand","embeddable":true,"href":"https:\/\/369agara.com\/de\/wp-json\/wp\/v2\/product_brand?post=2965"},{"taxonomy":"product_cat","embeddable":true,"href":"https:\/\/369agara.com\/de\/wp-json\/wp\/v2\/product_cat?post=2965"},{"taxonomy":"product_tag","embeddable":true,"href":"https:\/\/369agara.com\/de\/wp-json\/wp\/v2\/product_tag?post=2965"}],"curies":[{"name":"wp","href":"https:\/\/api.w.org\/{rel}","templated":true}]}}