{"id":2967,"date":"2024-07-14T17:41:25","date_gmt":"2024-07-14T15:41:25","guid":{"rendered":"https:\/\/369agara.com\/?post_type=product&#038;p=2967"},"modified":"2025-05-15T22:35:49","modified_gmt":"2025-05-15T20:35:49","slug":"vecteur-equilibrium-144-yin-ou-yang","status":"publish","type":"product","link":"https:\/\/369agara.com\/de\/produkt\/vecteur-equilibrium-144-yin-ou-yang\/","title":{"rendered":"Vektor Equilibrium 144 Yin oder Yang"},"content":{"rendered":"<h3><span style=\"font-family: 'Book Antiqua', Palatino; font-size: 120%; color: #333399;\">Wie funktioniert VE144?<\/span><\/h3>\n<p><span style=\"font-family: 'Book Antiqua', Palatino; font-size: 120%; color: #333399;\">Diese Form verbindet, stabilisiert und verst\u00e4rkt die Energie des Nullpunkts durch Ihren Willen.<\/span><br \/>\n<span style=\"font-family: 'Book Antiqua', Palatino; font-size: 120%; color: #333399;\">Diese entwickelte Geometrie sorgt f\u00fcr ein gutes Gleichgewicht und regt gleichzeitig einen harmonischen Energiefluss in uns und in einem Lebensraum an.<\/span><br \/>\n<span style=\"font-family: 'Book Antiqua', Palatino; font-size: 120%; color: #333399;\">Es gleicht alle Yin\/Yang-Aspekte auf uns, in uns und um uns herum aus.<\/span><\/p>\n<p><span style=\"font-family: 'Book Antiqua', Palatino; font-size: 120%; color: #333399;\">Jede VE144 enth\u00e4lt :<\/span><\/p>\n<p><span style=\"font-family: 'Book Antiqua', Palatino; font-size: 120%; color: #333399;\">1 Kupfersch\u00fcssel<\/span><br \/>\n<span style=\"font-family: 'Book Antiqua', Palatino; font-size: 120%; color: #333399;\">Rosenquarz<\/span><br \/>\n<span style=\"font-family: 'Book Antiqua', Palatino; font-size: 120%; color: #333399;\">\u00c4therisches \u00d6l aus kalifornischem wei\u00dfem Salbei<\/span><br \/>\n<span style=\"font-family: 'Book Antiqua', Palatino; font-size: 120%; color: #333399;\">\u00c4therisches \u00d6l der Damaszener-Rose<\/span><br \/>\n<span style=\"font-family: 'Book Antiqua', Palatino; font-size: 120%; color: #333399;\">24-kar\u00e4tiges Goldpulver<\/span><br \/>\n<span style=\"font-family: 'Book Antiqua', Palatino; font-size: 120%; color: #333399;\">Glimmerpulver<\/span><br \/>\n<span style=\"font-family: 'Book Antiqua', Palatino; font-size: 120%; color: #333399;\">Titanium-Pulver<\/span><\/p>\n<p><span style=\"font-family: 'Book Antiqua', Palatino; font-size: 120%; color: #333399;\">Der VE144 kann einzeln oder paarweise verwendet werden.<\/span><br \/>\n<span style=\"font-family: 'Book Antiqua', Palatino; font-size: 120%; color: #333399;\">Ein Paar mit der gleichen Form und unterschiedlichen Farben oder nicht.<\/span><br \/>\n<span style=\"font-family: 'Book Antiqua', Palatino; font-size: 120%; color: #333399;\">Ein Paar von jeder Yin+Yang-Form und in verschiedenen Farben oder nicht.<\/span><br \/>\n<span style=\"font-family: 'Book Antiqua', Palatino; font-size: 120%; color: #333399;\">Handeln Sie nach Ihrem Gef\u00fchl.<\/span><\/p>\n<p><span style=\"font-family: 'Book Antiqua', Palatino; font-size: 120%; color: #333399;\">Der VE144 kann punktuell in den H\u00e4nden bei Meditations- oder Entspannungssitzungen oder in den Taschen verwendet werden.<\/span><br \/>\n<span style=\"font-family: 'Book Antiqua', Palatino; font-size: 120%; color: #333399;\">Die empfohlene Dauer betr\u00e4gt maximal 60 Minuten.<\/span><br \/>\n<span style=\"font-family: 'Book Antiqua', Palatino; font-size: 120%; color: #333399;\">F\u00fchren Sie bei Bedarf mehrere Sitzungen pro Tag durch.<\/span><br \/>\n<span style=\"font-family: 'Book Antiqua', Palatino; font-size: 120%; color: #333399;\">Die Wirkung kann je nach Ihrer Situation leicht oder stark sein.<\/span><br \/>\n<span style=\"font-family: 'Book Antiqua', Palatino; font-size: 120%; color: #333399;\">Seien Sie aufmerksam und h\u00f6ren Sie auf Ihren K\u00f6rper... Am Anfang kann es zu einigen Unannehmlichkeiten kommen, bis die zirkulierenden Str\u00f6me integriert\/ausgeglichen sind.<\/span><\/p>\n<h3><span style=\"font-family: 'Book Antiqua', Palatino; font-size: 120%; color: #333399;\">Was ist ihr Ursprung?<\/span><\/h3>\n<p><span style=\"font-family: 'Book Antiqua', Palatino; font-size: 120%; color: #333399;\">Diese Form kann auch als das (nach Kepler) sternf\u00f6rmige Kuboktaeder mit 144 Fl\u00e4chen bezeichnet werden.<\/span><br \/>\n<span style=\"font-family: 'Book Antiqua', Palatino; font-size: 120%; color: #333399;\">Olivier Gon\u00e7alves nennt es auch das 144 Stern-Wappen-Gleichgewicht (der 12\u00d712 Stabilisierte-Wellen-Generator).<\/span><br \/>\n<span style=\"font-family: 'Book Antiqua', Palatino; font-size: 120%; color: #333399;\">Diese Form verbindet, stabilisiert und verst\u00e4rkt die Energie des Quantennullpunkts.<\/span><br \/>\n<span style=\"font-family: 'Book Antiqua', Palatino; font-size: 120%; color: #333399;\">Dies ist eine der Blaupausen der 3D-Metatronischen Siegel und des 3D-Samens des Lebens.<\/span><\/p>\n<p><span style=\"font-family: 'Book Antiqua', Palatino; font-size: 120%; color: #333399;\">Das Wurzelvektorgleichgewicht ist insofern eine besondere Form, als alle seine Kanten identisch sind (Quadrate und gleichseitige Dreiecke auf der Oberfl\u00e4che) und alle Abst\u00e4nde zwischen jeder Ecke und dem Mittelpunkt des Volumens untereinander und zu den Kanten identisch sind.<\/span><br \/>\n<span style=\"font-family: 'Book Antiqua', Palatino; font-size: 120%; color: #333399;\">Diese Geometrie erm\u00f6glicht es dieser Form, ein gutes Gleichgewicht zu bieten und gleichzeitig einen harmonischen Energiefluss in uns und in einem Lebensraum anzuregen.<\/span><br \/>\n<span style=\"font-family: 'Book Antiqua', Palatino; font-size: 120%; color: #333399;\">Es bringt alle Yin\/Yang-Aspekte auf uns, in uns und um uns herum zusammen und leitet jeden Weg zum Aufstieg auf gesunde und stabile Weise.<\/span><\/p>\n<p><span style=\"font-family: 'Book Antiqua', Palatino; font-size: 120%; color: #333399;\">Diese Form ist eine wichtige Grundlage, um sich der Multidimensionalit\u00e4t\/Multimentalit\u00e4t zu \u00f6ffnen, ohne sich auf dem Weg zu verlieren oder zu explodieren (Regulierung\/Stabilisierung des Egos im Dienste der Gesundheit).<\/span><br \/>\n<span style=\"font-family: 'Book Antiqua', Palatino; font-size: 120%; color: #333399;\">Dieser Archetyp erg\u00e4nzt das Tandem Dodekaeder\/Ikosaeder insofern, als er das Hexaeder, das Oktaeder und das Tetraeder kombiniert...<\/span><br \/>\n<span style=\"font-family: 'Book Antiqua', Palatino; font-size: 120%; color: #333399;\">Die Wurzelform besteht aus 8 Dreiecken (Yang) und 6 Quadraten (Yin) mit insgesamt 14 Fl\u00e4chen.<\/span><\/p>\n<p>&nbsp;<\/p>\n<p><span style=\"font-family: 'Book Antiqua', Palatino; font-size: 120%; color: #333399;\"><img loading=\"lazy\" decoding=\"async\" class=\"size-medium wp-image-3179 aligncenter\" src=\"https:\/\/369agara.com\/wp-content\/uploads\/2024\/07\/vector_equilibriumvortex-300x300.jpg\" alt=\"\" width=\"300\" height=\"300\" srcset=\"https:\/\/369agara.com\/wp-content\/uploads\/2024\/07\/vector_equilibriumvortex-300x300.jpg 300w, https:\/\/369agara.com\/wp-content\/uploads\/2024\/07\/vector_equilibriumvortex-150x150.jpg 150w, https:\/\/369agara.com\/wp-content\/uploads\/2024\/07\/vector_equilibriumvortex-12x12.jpg 12w, https:\/\/369agara.com\/wp-content\/uploads\/2024\/07\/vector_equilibriumvortex-247x247.jpg 247w, https:\/\/369agara.com\/wp-content\/uploads\/2024\/07\/vector_equilibriumvortex-510x510.jpg 510w, https:\/\/369agara.com\/wp-content\/uploads\/2024\/07\/vector_equilibriumvortex-100x100.jpg 100w, https:\/\/369agara.com\/wp-content\/uploads\/2024\/07\/vector_equilibriumvortex.jpg 768w\" sizes=\"auto, (max-width: 300px) 100vw, 300px\" \/><\/span><\/p>\n<p>&nbsp;<\/p>\n<h3><span style=\"font-family: 'Book Antiqua', Palatino; font-size: 120%; color: #333399;\">Wie entstehen die 144 Seiten auf der Wurzelform?<\/span><\/h3>\n<p><span style=\"font-family: 'Book Antiqua', Palatino; font-size: 120%; color: #333399;\">Ausgehend vom trinitarischen Ansatz auf jeder Urform :<\/span><br \/>\n<span style=\"font-family: 'Book Antiqua', Palatino; font-size: 120%; color: #333399;\">Jedes Dreieck besteht aus (3\u00d73) 9 Dreiecken &gt; d. h. 8 Dreiecke x 9 = 72 Seiten<\/span><br \/>\n<span style=\"font-family: 'Book Antiqua', Palatino; font-size: 120%; color: #333399;\">Jedes Quadrat besteht aus (3\u00d74) 12 Dreiecken &gt; d.h. 6 Quadrate x 12 = 72 Seiten<\/span><\/p>\n<p><span style=\"color: #333399;\"><span style=\"font-family: 'Book Antiqua', Palatino; font-size: 120%;\">Also insgesamt 144 Seiten, die sternf\u00f6rmig sind und atmen (unter Beachtung der umschriebenen Sph\u00e4re um die <\/span><span style=\"font-family: 'Book Antiqua', Palatino; font-size: 120%;\">Wurzelform), um die multidimensionale Schwingungsmanifestation dieser Form zu erh\u00f6hen <\/span><span style=\"font-family: 'Book Antiqua', Palatino; font-size: 120%;\">einzigartig!<\/span><\/span><\/p>\n<p>&nbsp;<\/p>\n<p><span style=\"font-family: 'Book Antiqua', Palatino; font-size: 120%; color: #333399;\"><img loading=\"lazy\" decoding=\"async\" class=\"size-medium wp-image-3180 aligncenter\" src=\"https:\/\/369agara.com\/wp-content\/uploads\/2024\/07\/ondaF144_plein_01-Copie-300x271.jpg\" alt=\"\" width=\"300\" height=\"271\" srcset=\"https:\/\/369agara.com\/wp-content\/uploads\/2024\/07\/ondaF144_plein_01-Copie-300x271.jpg 300w, https:\/\/369agara.com\/wp-content\/uploads\/2024\/07\/ondaF144_plein_01-Copie-13x12.jpg 13w, https:\/\/369agara.com\/wp-content\/uploads\/2024\/07\/ondaF144_plein_01-Copie-510x461.jpg 510w, https:\/\/369agara.com\/wp-content\/uploads\/2024\/07\/ondaF144_plein_01-Copie.jpg 683w\" sizes=\"auto, (max-width: 300px) 100vw, 300px\" \/><\/span><\/p>","protected":false},"excerpt":{"rendered":"<p><span style=\"font-family: 'Book Antiqua', Palatino; font-size: 120%; color: #333399;\">Diese Form verbindet, stabilisiert und verst\u00e4rkt die Energie des Nullpunkts durch Ihren Willen.<\/span><br \/>\n<span style=\"font-family: 'Book Antiqua', Palatino; font-size: 120%; color: #333399;\">Diese entwickelte Geometrie sorgt f\u00fcr ein gutes Gleichgewicht und regt gleichzeitig einen harmonischen Energiefluss in uns und in einem Lebensraum an.<\/span><br \/>\n<span style=\"font-family: 'Book Antiqua', Palatino; font-size: 120%; color: #333399;\">Es gleicht alle Yin\/Yang-Aspekte auf uns, in uns und um uns herum aus.<\/span><\/p>\n<p><span style=\"font-family: 'Book Antiqua', Palatino; font-size: 120%; color: #333399;\">Jede VE144 enth\u00e4lt :<\/span><\/p>\n<ul>\n<li><span style=\"font-family: 'Book Antiqua', Palatino; font-size: 120%; color: #333399;\">Rosenquarz<\/span><\/li>\n<li><span style=\"font-family: 'Book Antiqua', Palatino; font-size: 120%; color: #333399;\">Kupfer<\/span><\/li>\n<li><span style=\"font-family: 'Book Antiqua', Palatino; font-size: 120%; color: #333399;\">\u00c4therisches \u00d6l aus kalifornischem wei\u00dfem Salbei<\/span><\/li>\n<li><span style=\"font-family: 'Book Antiqua', Palatino; font-size: 120%; color: #333399;\">\u00c4therisches \u00d6l der Damaszener-Rose<\/span><\/li>\n<li><span style=\"font-family: 'Book Antiqua', Palatino; font-size: 120%; color: #333399;\">24-kar\u00e4tiges Goldpulver<\/span><\/li>\n<li><span style=\"font-family: 'Book Antiqua', Palatino; font-size: 120%; color: #333399;\">Titanium-Pulver<\/span><\/li>\n<li><span style=\"font-family: 'Book Antiqua', Palatino; font-size: 120%; color: #333399;\">Glimmerpulver<\/span><\/li>\n<\/ul>","protected":false},"featured_media":3184,"comment_status":"open","ping_status":"closed","template":"","meta":[],"product_brand":[],"product_cat":[140],"product_tag":[233,234,202,201],"class_list":{"0":"post-2967","1":"product","2":"type-product","3":"status-publish","4":"has-post-thumbnail","6":"product_cat-aec-innovations","7":"product_tag-chromotherapie","8":"product_tag-reequilibrage","9":"product_tag-yang","10":"product_tag-yin","12":"first","13":"instock","14":"taxable","15":"shipping-taxable","16":"purchasable","17":"product-type-variable"},"yoast_head":"<!-- This site is optimized with the Yoast SEO Premium plugin v25.1 (Yoast SEO v27.4) - https:\/\/yoast.com\/product\/yoast-seo-premium-wordpress\/ -->\n<title>Vecteur Equilibrium 144 Yin ou Yang | Agara<\/title>\n<meta name=\"description\" content=\"Cette forme connecte, stabilise et amplifie l\u2019\u00e9nergie du point z\u00e9ro gr\u00e2ce \u00e0 votre volont\u00e9. Cette g\u00e9om\u00e9trie d\u00e9velopp\u00e9e procure un bon \u00e9quilibre tout en stimulant une circulation harmonieuse de l&#039;\u00e9nergie en nous et dans un espace de vie. Il \u00e9quilibre tous les aspects Yin\/Yang sur nous, en nous et autour de nous. Chaque VE144 contient : Quartz rose, Cuivre, Huile essentielle de sauge blanche de Californie, Huile essentielle de rose de Damas, Poudre d&#039;or 24 carats, Poudre de titane, Poudre de mica.\" \/>\n<meta name=\"robots\" content=\"index, follow, max-snippet:-1, max-image-preview:large, max-video-preview:-1\" \/>\n<link rel=\"canonical\" href=\"https:\/\/369agara.com\/de\/produkt\/vecteur-equilibrium-144-yin-ou-yang\/\" \/>\n<meta property=\"og:locale\" content=\"de_DE\" \/>\n<meta property=\"og:type\" content=\"article\" \/>\n<meta property=\"og:title\" content=\"Vecteur Equilibrium 144 Yin ou Yang\" \/>\n<meta property=\"og:description\" content=\"Cette forme connecte, stabilise et amplifie l\u2019\u00e9nergie du point z\u00e9ro gr\u00e2ce \u00e0 votre volont\u00e9. Cette g\u00e9om\u00e9trie d\u00e9velopp\u00e9e procure un bon \u00e9quilibre tout en stimulant une circulation harmonieuse de l&#039;\u00e9nergie en nous et dans un espace de vie. Il \u00e9quilibre tous les aspects Yin\/Yang sur nous, en nous et autour de nous. Chaque VE144 contient : Quartz rose, Cuivre, Huile essentielle de sauge blanche de Californie, Huile essentielle de rose de Damas, Poudre d&#039;or 24 carats, Poudre de titane, Poudre de mica.\" \/>\n<meta property=\"og:url\" content=\"https:\/\/369agara.com\/de\/produkt\/vecteur-equilibrium-144-yin-ou-yang\/\" \/>\n<meta property=\"og:site_name\" content=\"Agara\" \/>\n<meta property=\"article:modified_time\" content=\"2025-05-15T20:35:49+00:00\" \/>\n<meta property=\"og:image\" content=\"https:\/\/369agara.com\/wp-content\/uploads\/2024\/07\/Yin-och-Yang.jpg\" \/>\n\t<meta property=\"og:image:width\" content=\"958\" \/>\n\t<meta property=\"og:image:height\" content=\"958\" \/>\n\t<meta property=\"og:image:type\" content=\"image\/jpeg\" \/>\n<meta name=\"twitter:card\" content=\"summary_large_image\" \/>\n<meta name=\"twitter:label1\" content=\"Gesch\u00e4tzte Lesezeit\" \/>\n\t<meta name=\"twitter:data1\" content=\"4\u00a0Minuten\" \/>\n<script type=\"application\/ld+json\" class=\"yoast-schema-graph\">{\"@context\":\"https:\\\/\\\/schema.org\",\"@graph\":[{\"@type\":\"WebPage\",\"@id\":\"https:\\\/\\\/369agara.com\\\/produit\\\/vecteur-equilibrium-144-yin-ou-yang\\\/\",\"url\":\"https:\\\/\\\/369agara.com\\\/produit\\\/vecteur-equilibrium-144-yin-ou-yang\\\/\",\"name\":\"Vecteur Equilibrium 144 Yin ou Yang | Agara\",\"isPartOf\":{\"@id\":\"https:\\\/\\\/369agara.com\\\/#website\"},\"primaryImageOfPage\":{\"@id\":\"https:\\\/\\\/369agara.com\\\/produit\\\/vecteur-equilibrium-144-yin-ou-yang\\\/#primaryimage\"},\"image\":{\"@id\":\"https:\\\/\\\/369agara.com\\\/produit\\\/vecteur-equilibrium-144-yin-ou-yang\\\/#primaryimage\"},\"thumbnailUrl\":\"https:\\\/\\\/369agara.com\\\/wp-content\\\/uploads\\\/2024\\\/07\\\/Yin-och-Yang.jpg\",\"datePublished\":\"2024-07-14T15:41:25+00:00\",\"dateModified\":\"2025-05-15T20:35:49+00:00\",\"description\":\"Cette forme connecte, stabilise et amplifie l\u2019\u00e9nergie du point z\u00e9ro gr\u00e2ce \u00e0 votre volont\u00e9. Cette g\u00e9om\u00e9trie d\u00e9velopp\u00e9e procure un bon \u00e9quilibre tout en stimulant une circulation harmonieuse de l'\u00e9nergie en nous et dans un espace de vie. Il \u00e9quilibre tous les aspects Yin\\\/Yang sur nous, en nous et autour de nous. Chaque VE144 contient : Quartz rose, Cuivre, Huile essentielle de sauge blanche de Californie, Huile essentielle de rose de Damas, Poudre d'or 24 carats, Poudre de titane, Poudre de mica.\",\"breadcrumb\":{\"@id\":\"https:\\\/\\\/369agara.com\\\/produit\\\/vecteur-equilibrium-144-yin-ou-yang\\\/#breadcrumb\"},\"inLanguage\":\"de\",\"potentialAction\":[{\"@type\":\"ReadAction\",\"target\":[\"https:\\\/\\\/369agara.com\\\/produit\\\/vecteur-equilibrium-144-yin-ou-yang\\\/\"]}]},{\"@type\":\"ImageObject\",\"inLanguage\":\"de\",\"@id\":\"https:\\\/\\\/369agara.com\\\/produit\\\/vecteur-equilibrium-144-yin-ou-yang\\\/#primaryimage\",\"url\":\"https:\\\/\\\/369agara.com\\\/wp-content\\\/uploads\\\/2024\\\/07\\\/Yin-och-Yang.jpg\",\"contentUrl\":\"https:\\\/\\\/369agara.com\\\/wp-content\\\/uploads\\\/2024\\\/07\\\/Yin-och-Yang.jpg\",\"width\":958,\"height\":958},{\"@type\":\"BreadcrumbList\",\"@id\":\"https:\\\/\\\/369agara.com\\\/produit\\\/vecteur-equilibrium-144-yin-ou-yang\\\/#breadcrumb\",\"itemListElement\":[{\"@type\":\"ListItem\",\"position\":1,\"name\":\"Accueil\",\"item\":\"https:\\\/\\\/369agara.com\\\/\"},{\"@type\":\"ListItem\",\"position\":2,\"name\":\"La boutique\",\"item\":\"https:\\\/\\\/369agara.com\\\/la-boutique\\\/\"},{\"@type\":\"ListItem\",\"position\":3,\"name\":\"Vecteur Equilibrium 144 Yin ou Yang\"}]},{\"@type\":\"WebSite\",\"@id\":\"https:\\\/\\\/369agara.com\\\/#website\",\"url\":\"https:\\\/\\\/369agara.com\\\/\",\"name\":\"Livsrikedomar\",\"description\":\"D\u00e9connectez pour mieux vous connecter\",\"publisher\":{\"@id\":\"https:\\\/\\\/369agara.com\\\/#organization\"},\"potentialAction\":[{\"@type\":\"SearchAction\",\"target\":{\"@type\":\"EntryPoint\",\"urlTemplate\":\"https:\\\/\\\/369agara.com\\\/?s={search_term_string}\"},\"query-input\":{\"@type\":\"PropertyValueSpecification\",\"valueRequired\":true,\"valueName\":\"search_term_string\"}}],\"inLanguage\":\"de\"},{\"@type\":\"Organization\",\"@id\":\"https:\\\/\\\/369agara.com\\\/#organization\",\"name\":\"EACreations\",\"url\":\"https:\\\/\\\/369agara.com\\\/\",\"logo\":{\"@type\":\"ImageObject\",\"inLanguage\":\"de\",\"@id\":\"https:\\\/\\\/369agara.com\\\/#\\\/schema\\\/logo\\\/image\\\/\",\"url\":\"\",\"contentUrl\":\"\",\"caption\":\"EACreations\"},\"image\":{\"@id\":\"https:\\\/\\\/369agara.com\\\/#\\\/schema\\\/logo\\\/image\\\/\"}}]}<\/script>\n<!-- \/ Yoast SEO Premium plugin. -->","yoast_head_json":{"title":"Vecteur Equilibrium 144 Yin ou Yang | Agara","description":"Cette forme connecte, stabilise et amplifie l\u2019\u00e9nergie du point z\u00e9ro gr\u00e2ce \u00e0 votre volont\u00e9. Cette g\u00e9om\u00e9trie d\u00e9velopp\u00e9e procure un bon \u00e9quilibre tout en stimulant une circulation harmonieuse de l'\u00e9nergie en nous et dans un espace de vie. Il \u00e9quilibre tous les aspects Yin\/Yang sur nous, en nous et autour de nous. Chaque VE144 contient : Quartz rose, Cuivre, Huile essentielle de sauge blanche de Californie, Huile essentielle de rose de Damas, Poudre d'or 24 carats, Poudre de titane, Poudre de mica.","robots":{"index":"index","follow":"follow","max-snippet":"max-snippet:-1","max-image-preview":"max-image-preview:large","max-video-preview":"max-video-preview:-1"},"canonical":"https:\/\/369agara.com\/de\/produkt\/vecteur-equilibrium-144-yin-ou-yang\/","og_locale":"de_DE","og_type":"article","og_title":"Vecteur Equilibrium 144 Yin ou Yang","og_description":"Cette forme connecte, stabilise et amplifie l\u2019\u00e9nergie du point z\u00e9ro gr\u00e2ce \u00e0 votre volont\u00e9. Cette g\u00e9om\u00e9trie d\u00e9velopp\u00e9e procure un bon \u00e9quilibre tout en stimulant une circulation harmonieuse de l'\u00e9nergie en nous et dans un espace de vie. Il \u00e9quilibre tous les aspects Yin\/Yang sur nous, en nous et autour de nous. Chaque VE144 contient : Quartz rose, Cuivre, Huile essentielle de sauge blanche de Californie, Huile essentielle de rose de Damas, Poudre d'or 24 carats, Poudre de titane, Poudre de mica.","og_url":"https:\/\/369agara.com\/de\/produkt\/vecteur-equilibrium-144-yin-ou-yang\/","og_site_name":"Agara","article_modified_time":"2025-05-15T20:35:49+00:00","og_image":[{"width":958,"height":958,"url":"https:\/\/369agara.com\/wp-content\/uploads\/2024\/07\/Yin-och-Yang.jpg","type":"image\/jpeg"}],"twitter_card":"summary_large_image","twitter_misc":{"Gesch\u00e4tzte Lesezeit":"4\u00a0Minuten"},"schema":{"@context":"https:\/\/schema.org","@graph":[{"@type":"WebPage","@id":"https:\/\/369agara.com\/produit\/vecteur-equilibrium-144-yin-ou-yang\/","url":"https:\/\/369agara.com\/produit\/vecteur-equilibrium-144-yin-ou-yang\/","name":"Vecteur Equilibrium 144 Yin ou Yang | Agara","isPartOf":{"@id":"https:\/\/369agara.com\/#website"},"primaryImageOfPage":{"@id":"https:\/\/369agara.com\/produit\/vecteur-equilibrium-144-yin-ou-yang\/#primaryimage"},"image":{"@id":"https:\/\/369agara.com\/produit\/vecteur-equilibrium-144-yin-ou-yang\/#primaryimage"},"thumbnailUrl":"https:\/\/369agara.com\/wp-content\/uploads\/2024\/07\/Yin-och-Yang.jpg","datePublished":"2024-07-14T15:41:25+00:00","dateModified":"2025-05-15T20:35:49+00:00","description":"Cette forme connecte, stabilise et amplifie l\u2019\u00e9nergie du point z\u00e9ro gr\u00e2ce \u00e0 votre volont\u00e9. Cette g\u00e9om\u00e9trie d\u00e9velopp\u00e9e procure un bon \u00e9quilibre tout en stimulant une circulation harmonieuse de l'\u00e9nergie en nous et dans un espace de vie. Il \u00e9quilibre tous les aspects Yin\/Yang sur nous, en nous et autour de nous. Chaque VE144 contient : Quartz rose, Cuivre, Huile essentielle de sauge blanche de Californie, Huile essentielle de rose de Damas, Poudre d'or 24 carats, Poudre de titane, Poudre de mica.","breadcrumb":{"@id":"https:\/\/369agara.com\/produit\/vecteur-equilibrium-144-yin-ou-yang\/#breadcrumb"},"inLanguage":"de","potentialAction":[{"@type":"ReadAction","target":["https:\/\/369agara.com\/produit\/vecteur-equilibrium-144-yin-ou-yang\/"]}]},{"@type":"ImageObject","inLanguage":"de","@id":"https:\/\/369agara.com\/produit\/vecteur-equilibrium-144-yin-ou-yang\/#primaryimage","url":"https:\/\/369agara.com\/wp-content\/uploads\/2024\/07\/Yin-och-Yang.jpg","contentUrl":"https:\/\/369agara.com\/wp-content\/uploads\/2024\/07\/Yin-och-Yang.jpg","width":958,"height":958},{"@type":"BreadcrumbList","@id":"https:\/\/369agara.com\/produit\/vecteur-equilibrium-144-yin-ou-yang\/#breadcrumb","itemListElement":[{"@type":"ListItem","position":1,"name":"Accueil","item":"https:\/\/369agara.com\/"},{"@type":"ListItem","position":2,"name":"La boutique","item":"https:\/\/369agara.com\/la-boutique\/"},{"@type":"ListItem","position":3,"name":"Vecteur Equilibrium 144 Yin ou Yang"}]},{"@type":"WebSite","@id":"https:\/\/369agara.com\/#website","url":"https:\/\/369agara.com\/","name":"Livsrikedomar","description":"Trennen Sie die Verbindung, um sich besser zu verbinden","publisher":{"@id":"https:\/\/369agara.com\/#organization"},"potentialAction":[{"@type":"SearchAction","target":{"@type":"EntryPoint","urlTemplate":"https:\/\/369agara.com\/?s={search_term_string}"},"query-input":{"@type":"PropertyValueSpecification","valueRequired":true,"valueName":"search_term_string"}}],"inLanguage":"de"},{"@type":"Organization","@id":"https:\/\/369agara.com\/#organization","name":"EACreations","url":"https:\/\/369agara.com\/","logo":{"@type":"ImageObject","inLanguage":"de","@id":"https:\/\/369agara.com\/#\/schema\/logo\/image\/","url":"","contentUrl":"","caption":"EACreations"},"image":{"@id":"https:\/\/369agara.com\/#\/schema\/logo\/image\/"}}]}},"jetpack_sharing_enabled":true,"_links":{"self":[{"href":"https:\/\/369agara.com\/de\/wp-json\/wp\/v2\/product\/2967","targetHints":{"allow":["GET"]}}],"collection":[{"href":"https:\/\/369agara.com\/de\/wp-json\/wp\/v2\/product"}],"about":[{"href":"https:\/\/369agara.com\/de\/wp-json\/wp\/v2\/types\/product"}],"replies":[{"embeddable":true,"href":"https:\/\/369agara.com\/de\/wp-json\/wp\/v2\/comments?post=2967"}],"wp:featuredmedia":[{"embeddable":true,"href":"https:\/\/369agara.com\/de\/wp-json\/wp\/v2\/media\/3184"}],"wp:attachment":[{"href":"https:\/\/369agara.com\/de\/wp-json\/wp\/v2\/media?parent=2967"}],"wp:term":[{"taxonomy":"product_brand","embeddable":true,"href":"https:\/\/369agara.com\/de\/wp-json\/wp\/v2\/product_brand?post=2967"},{"taxonomy":"product_cat","embeddable":true,"href":"https:\/\/369agara.com\/de\/wp-json\/wp\/v2\/product_cat?post=2967"},{"taxonomy":"product_tag","embeddable":true,"href":"https:\/\/369agara.com\/de\/wp-json\/wp\/v2\/product_tag?post=2967"}],"curies":[{"name":"wp","href":"https:\/\/api.w.org\/{rel}","templated":true}]}}