{"id":3361,"date":"2024-11-28T21:20:46","date_gmt":"2024-11-28T20:20:46","guid":{"rendered":"https:\/\/369agara.com\/?post_type=product&#038;p=3361"},"modified":"2025-05-14T09:55:16","modified_gmt":"2025-05-14T07:55:16","slug":"biodynamic-water-precious-home-ou-pro","status":"publish","type":"product","link":"https:\/\/369agara.com\/de\/produkt\/biodynamic-water-precious-home-ou-pro\/","title":{"rendered":"Biodynamic Water Precious Home oder Pro"},"content":{"rendered":"<h2 class=\"\" data-start=\"418\" data-end=\"460\"><span style=\"font-family: 'Book Antiqua', Palatino; font-size: 120%; color: #333399;\">\ud83c\udf3f\u00a0<strong data-start=\"424\" data-end=\"458\">Biodynamic Water Home Precious<\/strong><\/span><\/h2>\n<h3 class=\"\" data-start=\"461\" data-end=\"559\"><span style=\"font-family: 'Book Antiqua', Palatino; font-size: 120%; color: #333399;\">Wasserbelebung f\u00fcr zu Hause - Optimale Feuchtigkeitsversorgung und Schutz vor Kalkablagerungen<\/span><\/h3>\n<p class=\"\" data-start=\"561\" data-end=\"607\"><span style=\"font-family: 'Book Antiqua', Palatino; font-size: 120%; color: #333399;\">\ud83d\udca7\u00a0<strong data-start=\"564\" data-end=\"607\">Lebendiges Wasser f\u00fcr Ihr ganzes Haus<\/strong><\/span><\/p>\n<p class=\"\" data-start=\"609\" data-end=\"984\"><span style=\"font-family: 'Book Antiqua', Palatino; font-size: 120%; color: #333399;\">Die\u00a0<strong data-start=\"612\" data-end=\"646\">Biodynamic Water Home Precious oder Pro<\/strong>\u00a0ist ein\u00a0<strong data-start=\"654\" data-end=\"705\">Wasser-Energiesystem f\u00fcr zu Hause<\/strong>\u00a0die das Wasser in Ihrem Hausnetz restrukturiert, seine Schwingungszahl erh\u00f6ht und eine\u00a0<strong data-start=\"802\" data-end=\"831\">effektivere Hydratation<\/strong>\u00a0im t\u00e4glichen Leben. Dank seiner nat\u00fcrlichen, wartungsfreien Technologie bietet er eine dauerhafte L\u00f6sung zur Belebung von Wasser, das im ganzen Haus verwendet wird.<\/span><\/p>\n<hr class=\"\" data-start=\"986\" data-end=\"989\" \/>\n<h2 class=\"\" data-start=\"991\" data-end=\"1041\"><span style=\"font-family: 'Book Antiqua', Palatino; font-size: 120%; color: #333399;\">\ud83d\udee1\ufe0f\u00a0<strong data-start=\"998\" data-end=\"1041\">Nat\u00fcrlicher Schutz vor Kalk<\/strong><\/span><\/h2>\n<p class=\"\" data-start=\"1043\" data-end=\"1213\"><span style=\"font-family: 'Book Antiqua', Palatino; font-size: 120%; color: #333399;\">Das System energetisiert nicht nur das Wasser :<\/span><br data-start=\"1093\" data-end=\"1096\" \/><span style=\"font-family: 'Book Antiqua', Palatino; font-size: 120%; color: #333399;\">verarbeitet er auch die R\u00fcckst\u00e4nde von\u00a0<strong data-start=\"1135\" data-end=\"1147\">Kalkstein<\/strong>\u00a0(Calcit) in\u00a0<strong data-start=\"1161\" data-end=\"1174\">Aragonit<\/strong>Eine nicht verkrustete Form. Ergebnis :<\/span><\/p>\n<ul data-start=\"1215\" data-end=\"1350\">\n<li class=\"\" data-start=\"1215\" data-end=\"1257\">\n<p class=\"\" data-start=\"1217\" data-end=\"1257\"><span style=\"font-family: 'Book Antiqua', Palatino; font-size: 120%; color: #333399;\">Weniger Ablagerungen in der Kanalisation<\/span><\/p>\n<\/li>\n<li class=\"\" data-start=\"1258\" data-end=\"1312\">\n<p class=\"\" data-start=\"1260\" data-end=\"1312\"><span style=\"font-family: 'Book Antiqua', Palatino; font-size: 120%; color: #333399;\">Besserer Schutz f\u00fcr Haushaltsger\u00e4te<\/span><\/p>\n<\/li>\n<li class=\"\" data-start=\"1313\" data-end=\"1350\">\n<p class=\"\" data-start=\"1315\" data-end=\"1350\"><span style=\"font-family: 'Book Antiqua', Palatino; font-size: 120%; color: #333399;\">Langfristige Einsparungen bei der Wartung<\/span><\/p>\n<\/li>\n<\/ul>\n<hr class=\"\" data-start=\"1352\" data-end=\"1355\" \/>\n<h2 class=\"\" data-start=\"1357\" data-end=\"1420\"><span style=\"font-family: 'Book Antiqua', Palatino; font-size: 120%; color: #333399;\">\u2699\ufe0f\u00a0<strong data-start=\"1363\" data-end=\"1420\">Einfache Installation, kein Strom, keine Wartung<\/strong><\/span><\/h2>\n<ul data-start=\"1422\" data-end=\"1688\">\n<li class=\"\" data-start=\"1422\" data-end=\"1496\">\n<p class=\"\" data-start=\"1424\" data-end=\"1496\"><span style=\"font-family: 'Book Antiqua', Palatino; font-size: 120%; color: #333399;\">\u2705\u00a0<strong data-start=\"1426\" data-end=\"1451\">L\u00e4sst sich leicht installieren<\/strong>\u00a0auf dem Hauptkanal (klippbar)<\/span><\/p>\n<\/li>\n<li class=\"\" data-start=\"1497\" data-end=\"1549\">\n<p class=\"\" data-start=\"1499\" data-end=\"1549\"><span style=\"font-family: 'Book Antiqua', Palatino; font-size: 120%; color: #333399;\">\u2705\u00a0<strong data-start=\"1501\" data-end=\"1521\">Ohne Strom<\/strong>\u00a0: autonomer Betrieb<\/span><\/p>\n<\/li>\n<li class=\"\" data-start=\"1550\" data-end=\"1589\">\n<p class=\"\" data-start=\"1552\" data-end=\"1589\"><span style=\"font-family: 'Book Antiqua', Palatino; font-size: 120%; color: #333399;\">\u2705\u00a0<strong data-start=\"1554\" data-end=\"1587\">Filterlos, wartungsfrei<\/strong><\/span><\/p>\n<\/li>\n<li class=\"\" data-start=\"1590\" data-end=\"1688\">\n<p class=\"\" data-start=\"1592\" data-end=\"1688\"><span style=\"font-family: 'Book Antiqua', Palatino; font-size: 120%; color: #333399;\">\u2705\u00a0<strong data-start=\"1594\" data-end=\"1606\">Tragbar<\/strong>\u00a0: Sie k\u00f6nnen es auf Reisen mitnehmen, um eine\u00a0<strong data-start=\"1662\" data-end=\"1680\">strukturiertes Wasser<\/strong>\u00a0\u00fcberall<\/span><\/p>\n<\/li>\n<\/ul>\n<hr class=\"\" data-start=\"1690\" data-end=\"1693\" \/>\n<h2 class=\"\" data-start=\"1695\" data-end=\"1754\"><span style=\"font-family: 'Book Antiqua', Palatino; font-size: 120%; color: #333399;\">\ud83c\udf1f\u00a0<strong data-start=\"1701\" data-end=\"1754\">Die Vorteile von energetisiertem Wasser in Ihrem Haushalt<\/strong><\/span><\/h2>\n<p class=\"\" data-start=\"1756\" data-end=\"1824\"><span style=\"font-family: 'Book Antiqua', Palatino; font-size: 120%; color: #333399;\">Dank der\u00a0<strong data-start=\"1767\" data-end=\"1807\">Dynamisierung von Wasser f\u00fcr den Haushalt<\/strong>Sie profitieren:<\/span><\/p>\n<ul data-start=\"1826\" data-end=\"2153\">\n<li class=\"\" data-start=\"1826\" data-end=\"1880\">\n<p class=\"\" data-start=\"1828\" data-end=\"1880\"><span style=\"font-family: 'Book Antiqua', Palatino; font-size: 120%; color: #333399;\">Von einer\u00a0<strong data-start=\"1834\" data-end=\"1878\">bis zu 6-mal effektivere Feuchtigkeitsversorgung<\/strong><\/span><\/p>\n<\/li>\n<li class=\"\" data-start=\"1881\" data-end=\"1949\">\n<p class=\"\" data-start=\"1883\" data-end=\"1949\"><span style=\"font-family: 'Book Antiqua', Palatino; font-size: 120%; color: #333399;\">Von einer besseren\u00a0<strong data-start=\"1899\" data-end=\"1917\">Entgiftung<\/strong>\u00a0und\u00a0<strong data-start=\"1921\" data-end=\"1947\">Zell-Sauerstoffversorgung<\/strong><\/span><\/p>\n<\/li>\n<li class=\"\" data-start=\"1950\" data-end=\"1995\">\n<p class=\"\" data-start=\"1952\" data-end=\"1995\"><span style=\"font-family: 'Book Antiqua', Palatino; font-size: 120%; color: #333399;\">Von einem\u00a0<strong data-start=\"1957\" data-end=\"1985\">Immunst\u00e4rkung<\/strong>\u00a0nat\u00fcrlich<\/span><\/p>\n<\/li>\n<li class=\"\" data-start=\"1996\" data-end=\"2077\">\n<p class=\"\" data-start=\"1998\" data-end=\"2077\"><span style=\"font-family: 'Book Antiqua', Palatino; font-size: 120%; color: #333399;\">Von weicherer Haut, gl\u00e4nzenderem Haar, kr\u00e4ftigeren Pflanzen<\/span><\/p>\n<\/li>\n<li class=\"\" data-start=\"2078\" data-end=\"2153\">\n<p class=\"\" data-start=\"2080\" data-end=\"2153\"><span style=\"font-family: 'Book Antiqua', Palatino; font-size: 120%; color: #333399;\">Von einem\u00a0<strong data-start=\"2085\" data-end=\"2106\">globales Wohlbefinden<\/strong>F\u00fcr Sie, Ihre Tiere und Ihre Umwelt<\/span><\/p>\n<\/li>\n<\/ul>\n<hr class=\"\" data-start=\"2155\" data-end=\"2158\" \/>\n<h2 class=\"\" data-start=\"2160\" data-end=\"2197\"><span style=\"font-family: 'Book Antiqua', Palatino; font-size: 120%; color: #333399;\">\ud83d\udd2c\u00a0<strong data-start=\"2166\" data-end=\"2197\">Technische Daten<\/strong><\/span><\/h2>\n<ul style=\"list-style-type: square;\" data-start=\"2199\" data-end=\"2589\">\n<li class=\"\" data-start=\"2199\" data-end=\"2265\">\n<p class=\"\" data-start=\"2201\" data-end=\"2265\"><span style=\"font-family: 'Book Antiqua', Palatino; font-size: 120%; color: #333399;\"><strong data-start=\"2201\" data-end=\"2215\">Abmessungen<\/strong> :<br \/>\n<\/span><span style=\"font-family: 'Book Antiqua', Palatino; font-size: 120%; color: #333399;\">- 2 R\u00f6hren mit einem Durchmesser von 1,6 cm x 11 cm L\u00e4nge f\u00fcr die HOME-Version<br \/>\n- 2 R\u00f6hren mit einem Durchmesser von 4 cm x 25 cm L\u00e4nge f\u00fcr die PRO-Version<\/span><\/p>\n<\/li>\n<li class=\"\" data-start=\"2266\" data-end=\"2318\">\n<p class=\"\" data-start=\"2268\" data-end=\"2318\"><span style=\"font-family: 'Book Antiqua', Palatino; font-size: 120%; color: #333399;\"><strong data-start=\"2268\" data-end=\"2284\">Installation<\/strong>\u00a0: Montage auf klippbarem Tr\u00e4ger<\/span><\/p>\n<\/li>\n<li class=\"\" data-start=\"2319\" data-end=\"2387\">\n<p class=\"\" data-start=\"2321\" data-end=\"2387\"><span style=\"font-family: 'Book Antiqua', Palatino; font-size: 120%; color: #333399;\"><strong data-start=\"2321\" data-end=\"2342\">Energiefeld<\/strong>\u00a0: Strahlung bis zu\u00a0<strong data-start=\"2365\" data-end=\"2378\">10 Meter<\/strong>\u00a0um<\/span><\/p>\n<\/li>\n<li class=\"\" data-start=\"2388\" data-end=\"2589\">\n<p class=\"\" data-start=\"2390\" data-end=\"2589\"><span style=\"font-family: 'Book Antiqua', Palatino; font-size: 120%; color: #333399;\"><strong data-start=\"2390\" data-end=\"2420\">Funktionsprinzip<\/strong>\u00a0:<\/span><br data-start=\"2422\" data-end=\"2425\" \/><span style=\"font-family: 'Book Antiqua', Palatino; font-size: 120%; color: #333399;\">Wasser durchl\u00e4uft ein strukturierendes Magnetfeld und geht in Resonanz mit einer\u00a0<strong data-start=\"2505\" data-end=\"2546\">fl\u00fcssige Energiel\u00f6sung PRECIOUS<\/strong>Es ist ein Produkt, das ohne jegliche Zusatzstoffe oder Chemikalien hergestellt wird.<\/span><\/p>\n<\/li>\n<\/ul>\n<hr class=\"\" data-start=\"2591\" data-end=\"2594\" \/>\n<h2 class=\"\" data-start=\"2596\" data-end=\"2628\"><span style=\"font-family: 'Book Antiqua', Palatino; font-size: 120%; color: #333399;\">\u2705\u00a0<strong data-start=\"2601\" data-end=\"2628\">StructWater-Verpflichtungen<\/strong><\/span><\/h2>\n<ul data-start=\"2630\" data-end=\"2832\">\n<li class=\"\" data-start=\"2630\" data-end=\"2673\">\n<p class=\"\" data-start=\"2632\" data-end=\"2673\"><span style=\"font-family: 'Book Antiqua', Palatino; font-size: 120%; color: #333399;\">\ud83d\ude9a Schnelle Lieferung \u00fcber Colissimo (96 Stunden)<\/span><\/p>\n<\/li>\n<li class=\"\" data-start=\"2674\" data-end=\"2746\">\n<p class=\"\" data-start=\"2676\" data-end=\"2746\"><span style=\"font-family: 'Book Antiqua', Palatino; font-size: 120%; color: #333399;\">\ud83d\udcb3 Sichere Zahlung (Karte, PayPal) +\u00a0<strong data-start=\"2715\" data-end=\"2744\">geb\u00fchrenfreie Zahlung in 4x<\/strong><\/span><\/p>\n<\/li>\n<li class=\"\" data-start=\"2747\" data-end=\"2799\">\n<p class=\"\" data-start=\"2749\" data-end=\"2799\"><span style=\"font-family: 'Book Antiqua', Palatino; font-size: 120%; color: #333399;\">\ud83d\udd04 30-Tage-Geld-zur\u00fcck-Garantie<\/span><\/p>\n<\/li>\n<li class=\"\" data-start=\"2800\" data-end=\"2832\">\n<p class=\"\" data-start=\"2802\" data-end=\"2832\"><span style=\"font-family: 'Book Antiqua', Palatino; font-size: 120%; color: #333399;\">\ud83d\udee1\ufe0f\u00a0<strong data-start=\"2806\" data-end=\"2832\">5 Jahre Produktgarantie<\/strong><\/span><\/p>\n<\/li>\n<\/ul>\n<hr class=\"\" data-start=\"2834\" data-end=\"2837\" \/>\n<h3 class=\"\" data-start=\"2839\" data-end=\"2948\"><span style=\"font-family: 'Book Antiqua', Palatino; font-size: 120%; color: #333399;\">\ud83c\udf0e G\u00f6nnen Sie Ihrem Haus reines, strukturiertes Wasser, das Ihre Gesundheit und die Umwelt schont.<\/span><\/h3>\n<p class=\"\" data-start=\"2949\" data-end=\"3095\"><span style=\"font-family: 'Book Antiqua', Palatino; font-size: 120%; color: #333399;\"><strong data-start=\"2949\" data-end=\"2986\">Das Biodynamic Water Home Precious<\/strong>\u00a0ist die ideale L\u00f6sung, um eine\u00a0<strong data-start=\"3027\" data-end=\"3051\">optimale Feuchtigkeitsversorgung<\/strong>\u00a0und eine\u00a0<strong data-start=\"3059\" data-end=\"3094\">nat\u00fcrlicher Ansatz zum Wohlbefinden<\/strong>.<\/span><\/p>","protected":false},"excerpt":{"rendered":"<h4><span style=\"font-family: 'Book Antiqua', Palatino; font-size: 120%; color: #333399;\">Der Biodynamic Water Home oder Pro energetisiert das Wasser in Ihrem Haus f\u00fcr eine optimale Hydratation und verbessert die Wasserqualit\u00e4t zum Trinken, Kochen und mehr.<\/span><\/h4>\n<p><span style=\"font-family: 'Book Antiqua', Palatino; font-size: 120%; color: #333399;\">Franz\u00f6sische Herstellung.<\/span><\/p>","protected":false},"featured_media":3691,"comment_status":"open","ping_status":"closed","template":"","meta":[],"product_brand":[],"product_cat":[206],"product_tag":[231,229,230],"class_list":{"0":"post-3361","1":"product","2":"type-product","3":"status-publish","4":"has-post-thumbnail","6":"product_cat-structwater","7":"product_tag-dynamisation","8":"product_tag-fleur-de-vie","9":"product_tag-graine-de-vie","11":"first","12":"instock","13":"taxable","14":"shipping-taxable","15":"purchasable","16":"product-type-variable"},"yoast_head":"<!-- This site is optimized with the Yoast SEO Premium plugin v25.1 (Yoast SEO v27.4) - https:\/\/yoast.com\/product\/yoast-seo-premium-wordpress\/ -->\n<title>Biodynamic Water Precious Home ou Pro | Agara<\/title>\n<meta name=\"description\" content=\"Le Biodynamic Water Home dynamise l\u2019eau de votre maison pour une hydratation optimale, en am\u00e9liorant la qualit\u00e9 de l\u2019eau pour boire, cuisiner et plus encore. Fabrication fran\u00e7aise.\" \/>\n<meta name=\"robots\" content=\"index, follow, max-snippet:-1, max-image-preview:large, max-video-preview:-1\" \/>\n<link rel=\"canonical\" href=\"https:\/\/369agara.com\/de\/produkt\/biodynamic-water-precious-home-ou-pro\/\" \/>\n<meta property=\"og:locale\" content=\"de_DE\" \/>\n<meta property=\"og:type\" content=\"article\" \/>\n<meta property=\"og:title\" content=\"Biodynamic Water Precious Home ou Pro\" \/>\n<meta property=\"og:description\" content=\"Le Biodynamic Water Home dynamise l\u2019eau de votre maison pour une hydratation optimale, en am\u00e9liorant la qualit\u00e9 de l\u2019eau pour boire, cuisiner et plus encore. Fabrication fran\u00e7aise.\" \/>\n<meta property=\"og:url\" content=\"https:\/\/369agara.com\/de\/produkt\/biodynamic-water-precious-home-ou-pro\/\" \/>\n<meta property=\"og:site_name\" content=\"Agara\" \/>\n<meta property=\"article:modified_time\" content=\"2025-05-14T07:55:16+00:00\" \/>\n<meta property=\"og:image\" content=\"https:\/\/369agara.com\/wp-content\/uploads\/2024\/11\/biodynamic-water-home-precious-Photoroom.jpg\" \/>\n\t<meta property=\"og:image:width\" content=\"640\" \/>\n\t<meta property=\"og:image:height\" content=\"640\" \/>\n\t<meta property=\"og:image:type\" content=\"image\/jpeg\" \/>\n<meta name=\"twitter:card\" content=\"summary_large_image\" \/>\n<meta name=\"twitter:label1\" content=\"Gesch\u00e4tzte Lesezeit\" \/>\n\t<meta name=\"twitter:data1\" content=\"3\u00a0Minuten\" \/>\n<script type=\"application\/ld+json\" class=\"yoast-schema-graph\">{\"@context\":\"https:\\\/\\\/schema.org\",\"@graph\":[{\"@type\":\"WebPage\",\"@id\":\"https:\\\/\\\/369agara.com\\\/produit\\\/biodynamic-water-precious-home-ou-pro\\\/\",\"url\":\"https:\\\/\\\/369agara.com\\\/produit\\\/biodynamic-water-precious-home-ou-pro\\\/\",\"name\":\"Biodynamic Water Precious Home ou Pro | Agara\",\"isPartOf\":{\"@id\":\"https:\\\/\\\/369agara.com\\\/#website\"},\"primaryImageOfPage\":{\"@id\":\"https:\\\/\\\/369agara.com\\\/produit\\\/biodynamic-water-precious-home-ou-pro\\\/#primaryimage\"},\"image\":{\"@id\":\"https:\\\/\\\/369agara.com\\\/produit\\\/biodynamic-water-precious-home-ou-pro\\\/#primaryimage\"},\"thumbnailUrl\":\"https:\\\/\\\/369agara.com\\\/wp-content\\\/uploads\\\/2024\\\/11\\\/biodynamic-water-home-precious-Photoroom.jpg\",\"datePublished\":\"2024-11-28T20:20:46+00:00\",\"dateModified\":\"2025-05-14T07:55:16+00:00\",\"description\":\"Le Biodynamic Water Home dynamise l\u2019eau de votre maison pour une hydratation optimale, en am\u00e9liorant la qualit\u00e9 de l\u2019eau pour boire, cuisiner et plus encore. Fabrication fran\u00e7aise.\",\"breadcrumb\":{\"@id\":\"https:\\\/\\\/369agara.com\\\/produit\\\/biodynamic-water-precious-home-ou-pro\\\/#breadcrumb\"},\"inLanguage\":\"de\",\"potentialAction\":[{\"@type\":\"ReadAction\",\"target\":[\"https:\\\/\\\/369agara.com\\\/produit\\\/biodynamic-water-precious-home-ou-pro\\\/\"]}]},{\"@type\":\"ImageObject\",\"inLanguage\":\"de\",\"@id\":\"https:\\\/\\\/369agara.com\\\/produit\\\/biodynamic-water-precious-home-ou-pro\\\/#primaryimage\",\"url\":\"https:\\\/\\\/369agara.com\\\/wp-content\\\/uploads\\\/2024\\\/11\\\/biodynamic-water-home-precious-Photoroom.jpg\",\"contentUrl\":\"https:\\\/\\\/369agara.com\\\/wp-content\\\/uploads\\\/2024\\\/11\\\/biodynamic-water-home-precious-Photoroom.jpg\",\"width\":640,\"height\":640},{\"@type\":\"BreadcrumbList\",\"@id\":\"https:\\\/\\\/369agara.com\\\/produit\\\/biodynamic-water-precious-home-ou-pro\\\/#breadcrumb\",\"itemListElement\":[{\"@type\":\"ListItem\",\"position\":1,\"name\":\"Accueil\",\"item\":\"https:\\\/\\\/369agara.com\\\/\"},{\"@type\":\"ListItem\",\"position\":2,\"name\":\"La boutique\",\"item\":\"https:\\\/\\\/369agara.com\\\/la-boutique\\\/\"},{\"@type\":\"ListItem\",\"position\":3,\"name\":\"Biodynamic Water Precious Home ou Pro\"}]},{\"@type\":\"WebSite\",\"@id\":\"https:\\\/\\\/369agara.com\\\/#website\",\"url\":\"https:\\\/\\\/369agara.com\\\/\",\"name\":\"Livsrikedomar\",\"description\":\"D\u00e9connectez pour mieux vous connecter\",\"publisher\":{\"@id\":\"https:\\\/\\\/369agara.com\\\/#organization\"},\"potentialAction\":[{\"@type\":\"SearchAction\",\"target\":{\"@type\":\"EntryPoint\",\"urlTemplate\":\"https:\\\/\\\/369agara.com\\\/?s={search_term_string}\"},\"query-input\":{\"@type\":\"PropertyValueSpecification\",\"valueRequired\":true,\"valueName\":\"search_term_string\"}}],\"inLanguage\":\"de\"},{\"@type\":\"Organization\",\"@id\":\"https:\\\/\\\/369agara.com\\\/#organization\",\"name\":\"EACreations\",\"url\":\"https:\\\/\\\/369agara.com\\\/\",\"logo\":{\"@type\":\"ImageObject\",\"inLanguage\":\"de\",\"@id\":\"https:\\\/\\\/369agara.com\\\/#\\\/schema\\\/logo\\\/image\\\/\",\"url\":\"\",\"contentUrl\":\"\",\"caption\":\"EACreations\"},\"image\":{\"@id\":\"https:\\\/\\\/369agara.com\\\/#\\\/schema\\\/logo\\\/image\\\/\"}}]}<\/script>\n<!-- \/ Yoast SEO Premium plugin. -->","yoast_head_json":{"title":"Biodynamic Water Precious Home ou Pro | Agara","description":"Le Biodynamic Water Home dynamise l\u2019eau de votre maison pour une hydratation optimale, en am\u00e9liorant la qualit\u00e9 de l\u2019eau pour boire, cuisiner et plus encore. Fabrication fran\u00e7aise.","robots":{"index":"index","follow":"follow","max-snippet":"max-snippet:-1","max-image-preview":"max-image-preview:large","max-video-preview":"max-video-preview:-1"},"canonical":"https:\/\/369agara.com\/de\/produkt\/biodynamic-water-precious-home-ou-pro\/","og_locale":"de_DE","og_type":"article","og_title":"Biodynamic Water Precious Home ou Pro","og_description":"Le Biodynamic Water Home dynamise l\u2019eau de votre maison pour une hydratation optimale, en am\u00e9liorant la qualit\u00e9 de l\u2019eau pour boire, cuisiner et plus encore. Fabrication fran\u00e7aise.","og_url":"https:\/\/369agara.com\/de\/produkt\/biodynamic-water-precious-home-ou-pro\/","og_site_name":"Agara","article_modified_time":"2025-05-14T07:55:16+00:00","og_image":[{"width":640,"height":640,"url":"https:\/\/369agara.com\/wp-content\/uploads\/2024\/11\/biodynamic-water-home-precious-Photoroom.jpg","type":"image\/jpeg"}],"twitter_card":"summary_large_image","twitter_misc":{"Gesch\u00e4tzte Lesezeit":"3\u00a0Minuten"},"schema":{"@context":"https:\/\/schema.org","@graph":[{"@type":"WebPage","@id":"https:\/\/369agara.com\/produit\/biodynamic-water-precious-home-ou-pro\/","url":"https:\/\/369agara.com\/produit\/biodynamic-water-precious-home-ou-pro\/","name":"Biodynamic Water Precious Home ou Pro | Agara","isPartOf":{"@id":"https:\/\/369agara.com\/#website"},"primaryImageOfPage":{"@id":"https:\/\/369agara.com\/produit\/biodynamic-water-precious-home-ou-pro\/#primaryimage"},"image":{"@id":"https:\/\/369agara.com\/produit\/biodynamic-water-precious-home-ou-pro\/#primaryimage"},"thumbnailUrl":"https:\/\/369agara.com\/wp-content\/uploads\/2024\/11\/biodynamic-water-home-precious-Photoroom.jpg","datePublished":"2024-11-28T20:20:46+00:00","dateModified":"2025-05-14T07:55:16+00:00","description":"Le Biodynamic Water Home dynamise l\u2019eau de votre maison pour une hydratation optimale, en am\u00e9liorant la qualit\u00e9 de l\u2019eau pour boire, cuisiner et plus encore. Fabrication fran\u00e7aise.","breadcrumb":{"@id":"https:\/\/369agara.com\/produit\/biodynamic-water-precious-home-ou-pro\/#breadcrumb"},"inLanguage":"de","potentialAction":[{"@type":"ReadAction","target":["https:\/\/369agara.com\/produit\/biodynamic-water-precious-home-ou-pro\/"]}]},{"@type":"ImageObject","inLanguage":"de","@id":"https:\/\/369agara.com\/produit\/biodynamic-water-precious-home-ou-pro\/#primaryimage","url":"https:\/\/369agara.com\/wp-content\/uploads\/2024\/11\/biodynamic-water-home-precious-Photoroom.jpg","contentUrl":"https:\/\/369agara.com\/wp-content\/uploads\/2024\/11\/biodynamic-water-home-precious-Photoroom.jpg","width":640,"height":640},{"@type":"BreadcrumbList","@id":"https:\/\/369agara.com\/produit\/biodynamic-water-precious-home-ou-pro\/#breadcrumb","itemListElement":[{"@type":"ListItem","position":1,"name":"Accueil","item":"https:\/\/369agara.com\/"},{"@type":"ListItem","position":2,"name":"La boutique","item":"https:\/\/369agara.com\/la-boutique\/"},{"@type":"ListItem","position":3,"name":"Biodynamic Water Precious Home ou Pro"}]},{"@type":"WebSite","@id":"https:\/\/369agara.com\/#website","url":"https:\/\/369agara.com\/","name":"Livsrikedomar","description":"Trennen Sie die Verbindung, um sich besser zu verbinden","publisher":{"@id":"https:\/\/369agara.com\/#organization"},"potentialAction":[{"@type":"SearchAction","target":{"@type":"EntryPoint","urlTemplate":"https:\/\/369agara.com\/?s={search_term_string}"},"query-input":{"@type":"PropertyValueSpecification","valueRequired":true,"valueName":"search_term_string"}}],"inLanguage":"de"},{"@type":"Organization","@id":"https:\/\/369agara.com\/#organization","name":"EACreations","url":"https:\/\/369agara.com\/","logo":{"@type":"ImageObject","inLanguage":"de","@id":"https:\/\/369agara.com\/#\/schema\/logo\/image\/","url":"","contentUrl":"","caption":"EACreations"},"image":{"@id":"https:\/\/369agara.com\/#\/schema\/logo\/image\/"}}]}},"jetpack_sharing_enabled":true,"_links":{"self":[{"href":"https:\/\/369agara.com\/de\/wp-json\/wp\/v2\/product\/3361","targetHints":{"allow":["GET"]}}],"collection":[{"href":"https:\/\/369agara.com\/de\/wp-json\/wp\/v2\/product"}],"about":[{"href":"https:\/\/369agara.com\/de\/wp-json\/wp\/v2\/types\/product"}],"replies":[{"embeddable":true,"href":"https:\/\/369agara.com\/de\/wp-json\/wp\/v2\/comments?post=3361"}],"wp:featuredmedia":[{"embeddable":true,"href":"https:\/\/369agara.com\/de\/wp-json\/wp\/v2\/media\/3691"}],"wp:attachment":[{"href":"https:\/\/369agara.com\/de\/wp-json\/wp\/v2\/media?parent=3361"}],"wp:term":[{"taxonomy":"product_brand","embeddable":true,"href":"https:\/\/369agara.com\/de\/wp-json\/wp\/v2\/product_brand?post=3361"},{"taxonomy":"product_cat","embeddable":true,"href":"https:\/\/369agara.com\/de\/wp-json\/wp\/v2\/product_cat?post=3361"},{"taxonomy":"product_tag","embeddable":true,"href":"https:\/\/369agara.com\/de\/wp-json\/wp\/v2\/product_tag?post=3361"}],"curies":[{"name":"wp","href":"https:\/\/api.w.org\/{rel}","templated":true}]}}