{"id":3372,"date":"2024-11-28T21:57:49","date_gmt":"2024-11-28T20:57:49","guid":{"rendered":"https:\/\/369agara.com\/?post_type=product&#038;p=3372"},"modified":"2025-05-14T09:55:05","modified_gmt":"2025-05-14T07:55:05","slug":"pack-structvitality","status":"publish","type":"product","link":"https:\/\/369agara.com\/de\/produkt\/pack-structvitality\/","title":{"rendered":"StructVitality Pack - Dynamisiertes Wasser und revitalisierte Ern\u00e4hrung f\u00fcr jeden Tag - 9 Farben"},"content":{"rendered":"<h3 class=\"\" data-start=\"271\" data-end=\"334\"><span style=\"font-family: 'Book Antiqua', Palatino; font-size: 120%; color: #333399;\">\ud83c\udf3f Entdecken Sie die nat\u00fcrliche Energie von Wasser und Lebensmitteln neu.<\/span><\/h3>\n<p class=\"\" data-start=\"336\" data-end=\"591\"><span style=\"font-family: 'Book Antiqua', Palatino; font-size: 120%; color: #333399;\">Die\u00a0<strong data-start=\"339\" data-end=\"362\">StructVitality-Paket<\/strong>\u00a0ist f\u00fcr diejenigen gedacht, die sowohl ihre\u00a0<strong data-start=\"433\" data-end=\"448\">Feuchtigkeit<\/strong>\u00a0und die\u00a0<strong data-start=\"455\" data-end=\"488\">Vitalit\u00e4t ihrer Ern\u00e4hrung<\/strong>.<\/span><br data-start=\"489\" data-end=\"492\" \/><span style=\"font-family: 'Book Antiqua', Palatino; font-size: 120%; color: #333399;\"><strong data-start=\"492\" data-end=\"504\">In der Tat<\/strong>Die Kombination aus zwei sich erg\u00e4nzenden Ger\u00e4ten erm\u00f6glicht einen nat\u00fcrlichen Ansatz f\u00fcr das Wohlbefinden, indem Wasser und Lebensmittel dynamisiert werden.<\/span><\/p>\n<ul data-start=\"593\" data-end=\"804\">\n<li class=\"\" data-start=\"593\" data-end=\"712\">\n<p class=\"\" data-start=\"595\" data-end=\"712\"><span style=\"font-family: 'Book Antiqua', Palatino; font-size: 120%; color: #333399;\">Einerseits ist der\u00a0<strong data-start=\"610\" data-end=\"634\">StructWater Precious<\/strong>\u00a0 wird das Wasser umstrukturieren, ohne Strom und Wartung.<\/span><\/p>\n<\/li>\n<li class=\"\" data-start=\"713\" data-end=\"804\">\n<p class=\"\" data-start=\"715\" data-end=\"804\"><span style=\"font-family: 'Book Antiqua', Palatino; font-size: 120%; color: #333399;\">Andererseits ist der\u00a0<strong data-start=\"732\" data-end=\"754\">StructFood-Tablett<\/strong>\u00a0erh\u00f6ht die Schwingungsrate von Lebensmitteln.<\/span><\/p>\n<\/li>\n<\/ul>\n<p class=\"\" data-start=\"806\" data-end=\"918\"><span style=\"font-family: 'Book Antiqua', Palatino; font-size: 120%; color: #333399;\"><strong data-start=\"806\" data-end=\"815\">So<\/strong>Wenn Sie sich f\u00fcr eine einfache, nachhaltige und ganzheitliche L\u00f6sung entscheiden, um Ihre Energie im Alltag zu steigern, k\u00f6nnen Sie sich auf die folgenden Punkte konzentrieren<\/span><\/p>\n<hr class=\"\" data-start=\"920\" data-end=\"923\" \/>\n<h3 class=\"\" data-start=\"925\" data-end=\"977\"><span style=\"font-family: 'Book Antiqua', Palatino; font-size: 120%; color: #333399;\">\ud83d\udca7 Die kombinierten Vorteile des StructVitality Packs<\/span><\/h3>\n<p class=\"\" data-start=\"979\" data-end=\"1239\"><span style=\"font-family: 'Book Antiqua', Palatino; font-size: 120%; color: #333399;\"><strong data-start=\"979\" data-end=\"997\">Dank dieses Duos<\/strong>Wenn Sie das Wasser in den Mund nehmen, wird es leichter und besser verdaulich, und Ihre Lebensmittel behalten ihre nat\u00fcrlichen Eigenschaften besser.<\/span><br data-start=\"1109\" data-end=\"1112\" \/><span style=\"font-family: 'Book Antiqua', Palatino; font-size: 120%; color: #333399;\"><strong data-start=\"1112\" data-end=\"1123\">Au\u00dferdem<\/strong>In der Regel unterst\u00fctzt dieser Schwingungsansatz die gesunde Zellfunktion und f\u00f6rdert ein besseres Energiegleichgewicht.<\/span><\/p>\n<hr class=\"\" data-start=\"1241\" data-end=\"1244\" \/>\n<h3 class=\"\" data-start=\"1246\" data-end=\"1270\"><span style=\"font-family: 'Book Antiqua', Palatino; font-size: 120%; color: #333399;\">\ud83d\udce6 Packungsinhalt :<\/span><\/h3>\n<ul data-start=\"1272\" data-end=\"1444\">\n<li class=\"\" data-start=\"1272\" data-end=\"1354\">\n<p class=\"\" data-start=\"1274\" data-end=\"1354\"><span style=\"font-family: 'Book Antiqua', Palatino; font-size: 120%; color: #333399;\"><strong data-start=\"1274\" data-end=\"1300\">1 StructWater Precious<\/strong>\u00a0mit seiner OmWater-Flasche 1,23 L und Zome-Verschluss 13<\/span><\/p>\n<\/li>\n<li class=\"\" data-start=\"1355\" data-end=\"1444\">\n<p class=\"\" data-start=\"1357\" data-end=\"1444\"><span style=\"font-family: 'Book Antiqua', Palatino; font-size: 120%; color: #333399;\"><strong data-start=\"1357\" data-end=\"1381\">1 StructFood-Tablett<\/strong>\u00a0(goldenes Modell) zum Dynamisieren von Lebensmitteln, Getr\u00e4nken und Kosmetika<\/span><\/p>\n<\/li>\n<\/ul>\n<hr class=\"\" data-start=\"1446\" data-end=\"1449\" \/>\n<h3 class=\"\" data-start=\"1451\" data-end=\"1485\"><span style=\"font-family: 'Book Antiqua', Palatino; font-size: 120%; color: #333399;\">\u2699\ufe0f Technische Daten<\/span><\/h3>\n<h4 class=\"\" data-start=\"1487\" data-end=\"1517\"><span style=\"font-family: 'Book Antiqua', Palatino; font-size: 120%; color: #333399;\">\ud83d\udd39 StructWater Precious :<\/span><\/h4>\n<ul data-start=\"1518\" data-end=\"1686\">\n<li class=\"\" data-start=\"1518\" data-end=\"1569\">\n<p class=\"\" data-start=\"1520\" data-end=\"1569\"><span style=\"font-family: 'Book Antiqua', Palatino; font-size: 120%; color: #333399;\">Funktioniert\u00a0<strong data-start=\"1531\" data-end=\"1551\">ohne Strom<\/strong>noch Wartung<\/span><\/p>\n<\/li>\n<li class=\"\" data-start=\"1570\" data-end=\"1631\">\n<p class=\"\" data-start=\"1572\" data-end=\"1631\"><span style=\"font-family: 'Book Antiqua', Palatino; font-size: 120%; color: #333399;\">Inspiriert von der nat\u00fcrlichen Bewegung des Wassers, um es zu beleben<\/span><\/p>\n<\/li>\n<li class=\"\" data-start=\"1632\" data-end=\"1686\">\n<p class=\"\" data-start=\"1634\" data-end=\"1686\"><span style=\"font-family: 'Book Antiqua', Palatino; font-size: 120%; color: #333399;\">Verbessert die Wasserqualit\u00e4t in nur 15 Minuten<\/span><\/p>\n<\/li>\n<\/ul>\n<h4 class=\"\" data-start=\"1688\" data-end=\"1716\"><span style=\"font-family: 'Book Antiqua', Palatino; font-size: 120%; color: #333399;\">\ud83d\udd39 StructFood-Tablett :<\/span><\/h4>\n<ul data-start=\"1717\" data-end=\"1923\">\n<li class=\"\" data-start=\"1717\" data-end=\"1798\">\n<p class=\"\" data-start=\"1719\" data-end=\"1798\"><span style=\"font-family: 'Book Antiqua', Palatino; font-size: 120%; color: #333399;\">Entwickelt f\u00fcr\u00a0<strong data-start=\"1730\" data-end=\"1762\">die Schwingungszahl erh\u00f6hen<\/strong>\u00a0von Lebensmitteln, Cremes, Erg\u00e4nzungsmitteln<\/span><\/p>\n<\/li>\n<li class=\"\" data-start=\"1799\" data-end=\"1885\">\n<p class=\"\" data-start=\"1801\" data-end=\"1885\"><span style=\"font-family: 'Book Antiqua', Palatino; font-size: 120%; color: #333399;\"><strong data-start=\"1801\" data-end=\"1819\">Infolgedessen<\/strong>Es f\u00f6rdert die Assimilation und unterst\u00fctzt eine bessere Verdauung.<\/span><\/p>\n<\/li>\n<li class=\"\" data-start=\"1886\" data-end=\"1923\">\n<p class=\"\" data-start=\"1888\" data-end=\"1923\"><span style=\"font-family: 'Book Antiqua', Palatino; font-size: 120%; color: #333399;\">Durchdachtes Design und langlebige Materialien<\/span><\/p>\n<\/li>\n<\/ul>\n<hr class=\"\" data-start=\"1925\" data-end=\"1928\" \/>\n<h3 class=\"\" data-start=\"1930\" data-end=\"1959\"><span style=\"font-family: 'Book Antiqua', Palatino; font-size: 120%; color: #333399;\">\u2705 StructWater-Verpflichtungen<\/span><\/h3>\n<ul data-start=\"1961\" data-end=\"2151\">\n<li class=\"\" data-start=\"1961\" data-end=\"2000\">\n<p class=\"\" data-start=\"1963\" data-end=\"2000\"><span style=\"font-family: 'Book Antiqua', Palatino; font-size: 120%; color: #333399;\">\ud83d\ude9a Schnelle Lieferung (Colissimo 96h)<\/span><\/p>\n<\/li>\n<li class=\"\" data-start=\"2001\" data-end=\"2039\">\n<p class=\"\" data-start=\"2003\" data-end=\"2039\"><span style=\"font-family: 'Book Antiqua', Palatino; font-size: 120%; color: #333399;\">\ud83d\udcb3 Sichere Zahlung (CB \/ PayPal)<\/span><\/p>\n<\/li>\n<li class=\"\" data-start=\"2040\" data-end=\"2083\">\n<p class=\"\" data-start=\"2042\" data-end=\"2083\"><span style=\"font-family: 'Book Antiqua', Palatino; font-size: 120%; color: #333399;\">\ud83d\udcb0 Kostenlose 4x-Zahlung verf\u00fcgbar<\/span><\/p>\n<\/li>\n<li class=\"\" data-start=\"2084\" data-end=\"2122\">\n<p class=\"\" data-start=\"2086\" data-end=\"2122\"><span style=\"font-family: 'Book Antiqua', Palatino; font-size: 120%; color: #333399;\">\ud83d\udd04 Zufrieden oder Geld zur\u00fcck 30 Tage<\/span><\/p>\n<\/li>\n<li class=\"\" data-start=\"2123\" data-end=\"2151\">\n<p class=\"\" data-start=\"2125\" data-end=\"2151\"><span style=\"font-family: 'Book Antiqua', Palatino; font-size: 120%; color: #333399;\">\ud83d\udee1\ufe0f 5 Jahre Produktgarantie<\/span><\/p>\n<\/li>\n<\/ul>\n<hr class=\"\" data-start=\"2153\" data-end=\"2156\" \/>\n<h3 class=\"\" data-start=\"2158\" data-end=\"2198\"><span style=\"font-family: 'Book Antiqua', Palatino; font-size: 120%; color: #333399;\">\ud83c\udf1f Warum sollten Sie sich f\u00fcr StructVitality entscheiden?<\/span><\/h3>\n<p class=\"\" data-start=\"2200\" data-end=\"2476\"><span style=\"font-family: 'Book Antiqua', Palatino; font-size: 120%; color: #333399;\"><strong data-start=\"2200\" data-end=\"2213\">Zusammenfassend<\/strong>am\u00a0<strong data-start=\"2218\" data-end=\"2241\">StructVitality-Paket<\/strong>\u00a0erm\u00f6glicht es Ihnen, mehr zu tun, als nur Wasser zu filtern.<\/span><br data-start=\"2306\" data-end=\"2309\" \/><span style=\"font-family: 'Book Antiqua', Palatino; font-size: 120%; color: #333399;\">Er wirkt sowohl\u00a0<strong data-start=\"2327\" data-end=\"2348\">auf die Feuchtigkeitsversorgung<\/strong>\u00a0und\u00a0<strong data-start=\"2352\" data-end=\"2374\">\u00fcber die Ern\u00e4hrung<\/strong>,\u00a0<strong data-start=\"2376\" data-end=\"2415\">was sie zu einer umfassenden L\u00f6sung macht<\/strong>\u00a0um Ihre Vitalit\u00e4t und Ihr Energiegleichgewicht zu unterst\u00fctzen.<\/span><\/p>\n<p class=\"\" data-start=\"2478\" data-end=\"2601\"><span style=\"font-family: 'Book Antiqua', Palatino; font-size: 120%; color: #333399;\"><strong data-start=\"2478\" data-end=\"2504\">Nehmen Sie StructVitality an<\/strong>\u00a0um Ihren Alltag auf nat\u00fcrliche Weise zu dynamisieren, ohne Zwang und ohne Kompromisse bei Ihrer Gesundheit.<\/span><\/p>","protected":false},"excerpt":{"rendered":"<p><span style=\"font-family: 'Book Antiqua', Palatino; font-size: 120%; color: #333399;\"><strong>Das StructVitality-Paket<\/strong>\u00a0kombiniert<strong>\u00a0StructWater Precious und\u00a0<\/strong>das Tablett<strong>\u00a0StructFood\u00a0<\/strong>um Ihr Wasser zu beleben und Ihre Lebensmittel zu revitalisieren, was Wohlbefinden und Energie im Alltag f\u00f6rdert.<\/span><\/p>\n<p><span style=\"font-family: 'Book Antiqua', Palatino; color: #333399; font-size: 120%;\">Erh\u00e4ltlich in 9 Farben.<\/span><\/p>\n<p><span style=\"font-family: 'Book Antiqua', Palatino; font-size: 120%; color: #333399;\">Franz\u00f6sische Herstellung.<\/span><\/p>","protected":false},"featured_media":3673,"comment_status":"open","ping_status":"closed","template":"","meta":[],"product_brand":[],"product_cat":[206],"product_tag":[224,222,221,225,207,208],"class_list":{"0":"post-3372","1":"product","2":"type-product","3":"status-publish","4":"has-post-thumbnail","6":"product_cat-structwater","7":"product_tag-biodynamisation","8":"product_tag-geometrie-sacree","9":"product_tag-harmonisation","10":"product_tag-nourriture","11":"product_tag-om-water","12":"product_tag-struct-water","14":"first","15":"instock","16":"taxable","17":"shipping-taxable","18":"purchasable","19":"product-type-variable"},"yoast_head":"<!-- This site is optimized with the Yoast SEO Premium plugin v25.1 (Yoast SEO v27.4) - https:\/\/yoast.com\/product\/yoast-seo-premium-wordpress\/ -->\n<title>Pack StructVitality \u2013 Eau Dynamis\u00e9e et Alimentation Revitalis\u00e9e au Quotidien - 9 coloris | Agara<\/title>\n<meta name=\"description\" content=\"Le Pack StructVitality\u00a0combine\u00a0StructWater Precious et\u00a0le plateau\u00a0StructFood\u00a0pour dynamiser votre eau et revitaliser vos aliments, favorisant bien-\u00eatre et \u00e9nergie au quotidien. Existe en 9 coloris. Fabrication Fran\u00e7aise.\" \/>\n<meta name=\"robots\" content=\"index, follow, max-snippet:-1, max-image-preview:large, max-video-preview:-1\" \/>\n<link rel=\"canonical\" href=\"https:\/\/369agara.com\/de\/produkt\/pack-structvitality\/\" \/>\n<meta property=\"og:locale\" content=\"de_DE\" \/>\n<meta property=\"og:type\" content=\"article\" \/>\n<meta property=\"og:title\" content=\"Pack StructVitality \u2013 Eau Dynamis\u00e9e et Alimentation Revitalis\u00e9e au Quotidien - 9 coloris\" \/>\n<meta property=\"og:description\" content=\"Le Pack StructVitality\u00a0combine\u00a0StructWater Precious et\u00a0le plateau\u00a0StructFood\u00a0pour dynamiser votre eau et revitaliser vos aliments, favorisant bien-\u00eatre et \u00e9nergie au quotidien. Existe en 9 coloris. Fabrication Fran\u00e7aise.\" \/>\n<meta property=\"og:url\" content=\"https:\/\/369agara.com\/de\/produkt\/pack-structvitality\/\" \/>\n<meta property=\"og:site_name\" content=\"Agara\" \/>\n<meta property=\"article:modified_time\" content=\"2025-05-14T07:55:05+00:00\" \/>\n<meta property=\"og:image\" content=\"https:\/\/369agara.com\/wp-content\/uploads\/2024\/11\/PACK-STRUCTVITALITY-BLANC.jpg\" \/>\n\t<meta property=\"og:image:width\" content=\"640\" \/>\n\t<meta property=\"og:image:height\" content=\"640\" \/>\n\t<meta property=\"og:image:type\" content=\"image\/jpeg\" \/>\n<meta name=\"twitter:card\" content=\"summary_large_image\" \/>\n<meta name=\"twitter:label1\" content=\"Gesch\u00e4tzte Lesezeit\" \/>\n\t<meta name=\"twitter:data1\" content=\"2\u00a0Minuten\" \/>\n<script type=\"application\/ld+json\" class=\"yoast-schema-graph\">{\"@context\":\"https:\\\/\\\/schema.org\",\"@graph\":[{\"@type\":\"WebPage\",\"@id\":\"https:\\\/\\\/369agara.com\\\/produit\\\/pack-structvitality\\\/\",\"url\":\"https:\\\/\\\/369agara.com\\\/produit\\\/pack-structvitality\\\/\",\"name\":\"Pack StructVitality \u2013 Eau Dynamis\u00e9e et Alimentation Revitalis\u00e9e au Quotidien - 9 coloris | Agara\",\"isPartOf\":{\"@id\":\"https:\\\/\\\/369agara.com\\\/#website\"},\"primaryImageOfPage\":{\"@id\":\"https:\\\/\\\/369agara.com\\\/produit\\\/pack-structvitality\\\/#primaryimage\"},\"image\":{\"@id\":\"https:\\\/\\\/369agara.com\\\/produit\\\/pack-structvitality\\\/#primaryimage\"},\"thumbnailUrl\":\"https:\\\/\\\/369agara.com\\\/wp-content\\\/uploads\\\/2024\\\/11\\\/PACK-STRUCTVITALITY-BLANC.jpg\",\"datePublished\":\"2024-11-28T20:57:49+00:00\",\"dateModified\":\"2025-05-14T07:55:05+00:00\",\"description\":\"Le Pack StructVitality\u00a0combine\u00a0StructWater Precious et\u00a0le plateau\u00a0StructFood\u00a0pour dynamiser votre eau et revitaliser vos aliments, favorisant bien-\u00eatre et \u00e9nergie au quotidien. Existe en 9 coloris. Fabrication Fran\u00e7aise.\",\"breadcrumb\":{\"@id\":\"https:\\\/\\\/369agara.com\\\/produit\\\/pack-structvitality\\\/#breadcrumb\"},\"inLanguage\":\"de\",\"potentialAction\":[{\"@type\":\"ReadAction\",\"target\":[\"https:\\\/\\\/369agara.com\\\/produit\\\/pack-structvitality\\\/\"]}]},{\"@type\":\"ImageObject\",\"inLanguage\":\"de\",\"@id\":\"https:\\\/\\\/369agara.com\\\/produit\\\/pack-structvitality\\\/#primaryimage\",\"url\":\"https:\\\/\\\/369agara.com\\\/wp-content\\\/uploads\\\/2024\\\/11\\\/PACK-STRUCTVITALITY-BLANC.jpg\",\"contentUrl\":\"https:\\\/\\\/369agara.com\\\/wp-content\\\/uploads\\\/2024\\\/11\\\/PACK-STRUCTVITALITY-BLANC.jpg\",\"width\":640,\"height\":640},{\"@type\":\"BreadcrumbList\",\"@id\":\"https:\\\/\\\/369agara.com\\\/produit\\\/pack-structvitality\\\/#breadcrumb\",\"itemListElement\":[{\"@type\":\"ListItem\",\"position\":1,\"name\":\"Accueil\",\"item\":\"https:\\\/\\\/369agara.com\\\/\"},{\"@type\":\"ListItem\",\"position\":2,\"name\":\"La boutique\",\"item\":\"https:\\\/\\\/369agara.com\\\/la-boutique\\\/\"},{\"@type\":\"ListItem\",\"position\":3,\"name\":\"Pack StructVitality \u2013 Eau Dynamis\u00e9e et Alimentation Revitalis\u00e9e au Quotidien &#8211; 9 coloris\"}]},{\"@type\":\"WebSite\",\"@id\":\"https:\\\/\\\/369agara.com\\\/#website\",\"url\":\"https:\\\/\\\/369agara.com\\\/\",\"name\":\"Livsrikedomar\",\"description\":\"D\u00e9connectez pour mieux vous connecter\",\"publisher\":{\"@id\":\"https:\\\/\\\/369agara.com\\\/#organization\"},\"potentialAction\":[{\"@type\":\"SearchAction\",\"target\":{\"@type\":\"EntryPoint\",\"urlTemplate\":\"https:\\\/\\\/369agara.com\\\/?s={search_term_string}\"},\"query-input\":{\"@type\":\"PropertyValueSpecification\",\"valueRequired\":true,\"valueName\":\"search_term_string\"}}],\"inLanguage\":\"de\"},{\"@type\":\"Organization\",\"@id\":\"https:\\\/\\\/369agara.com\\\/#organization\",\"name\":\"EACreations\",\"url\":\"https:\\\/\\\/369agara.com\\\/\",\"logo\":{\"@type\":\"ImageObject\",\"inLanguage\":\"de\",\"@id\":\"https:\\\/\\\/369agara.com\\\/#\\\/schema\\\/logo\\\/image\\\/\",\"url\":\"\",\"contentUrl\":\"\",\"caption\":\"EACreations\"},\"image\":{\"@id\":\"https:\\\/\\\/369agara.com\\\/#\\\/schema\\\/logo\\\/image\\\/\"}}]}<\/script>\n<!-- \/ Yoast SEO Premium plugin. -->","yoast_head_json":{"title":"Pack StructVitality \u2013 Eau Dynamis\u00e9e et Alimentation Revitalis\u00e9e au Quotidien - 9 coloris | Agara","description":"Le Pack StructVitality\u00a0combine\u00a0StructWater Precious et\u00a0le plateau\u00a0StructFood\u00a0pour dynamiser votre eau et revitaliser vos aliments, favorisant bien-\u00eatre et \u00e9nergie au quotidien. Existe en 9 coloris. Fabrication Fran\u00e7aise.","robots":{"index":"index","follow":"follow","max-snippet":"max-snippet:-1","max-image-preview":"max-image-preview:large","max-video-preview":"max-video-preview:-1"},"canonical":"https:\/\/369agara.com\/de\/produkt\/pack-structvitality\/","og_locale":"de_DE","og_type":"article","og_title":"Pack StructVitality \u2013 Eau Dynamis\u00e9e et Alimentation Revitalis\u00e9e au Quotidien - 9 coloris","og_description":"Le Pack StructVitality\u00a0combine\u00a0StructWater Precious et\u00a0le plateau\u00a0StructFood\u00a0pour dynamiser votre eau et revitaliser vos aliments, favorisant bien-\u00eatre et \u00e9nergie au quotidien. Existe en 9 coloris. Fabrication Fran\u00e7aise.","og_url":"https:\/\/369agara.com\/de\/produkt\/pack-structvitality\/","og_site_name":"Agara","article_modified_time":"2025-05-14T07:55:05+00:00","og_image":[{"width":640,"height":640,"url":"https:\/\/369agara.com\/wp-content\/uploads\/2024\/11\/PACK-STRUCTVITALITY-BLANC.jpg","type":"image\/jpeg"}],"twitter_card":"summary_large_image","twitter_misc":{"Gesch\u00e4tzte Lesezeit":"2\u00a0Minuten"},"schema":{"@context":"https:\/\/schema.org","@graph":[{"@type":"WebPage","@id":"https:\/\/369agara.com\/produit\/pack-structvitality\/","url":"https:\/\/369agara.com\/produit\/pack-structvitality\/","name":"Pack StructVitality \u2013 Eau Dynamis\u00e9e et Alimentation Revitalis\u00e9e au Quotidien - 9 coloris | Agara","isPartOf":{"@id":"https:\/\/369agara.com\/#website"},"primaryImageOfPage":{"@id":"https:\/\/369agara.com\/produit\/pack-structvitality\/#primaryimage"},"image":{"@id":"https:\/\/369agara.com\/produit\/pack-structvitality\/#primaryimage"},"thumbnailUrl":"https:\/\/369agara.com\/wp-content\/uploads\/2024\/11\/PACK-STRUCTVITALITY-BLANC.jpg","datePublished":"2024-11-28T20:57:49+00:00","dateModified":"2025-05-14T07:55:05+00:00","description":"Le Pack StructVitality\u00a0combine\u00a0StructWater Precious et\u00a0le plateau\u00a0StructFood\u00a0pour dynamiser votre eau et revitaliser vos aliments, favorisant bien-\u00eatre et \u00e9nergie au quotidien. Existe en 9 coloris. Fabrication Fran\u00e7aise.","breadcrumb":{"@id":"https:\/\/369agara.com\/produit\/pack-structvitality\/#breadcrumb"},"inLanguage":"de","potentialAction":[{"@type":"ReadAction","target":["https:\/\/369agara.com\/produit\/pack-structvitality\/"]}]},{"@type":"ImageObject","inLanguage":"de","@id":"https:\/\/369agara.com\/produit\/pack-structvitality\/#primaryimage","url":"https:\/\/369agara.com\/wp-content\/uploads\/2024\/11\/PACK-STRUCTVITALITY-BLANC.jpg","contentUrl":"https:\/\/369agara.com\/wp-content\/uploads\/2024\/11\/PACK-STRUCTVITALITY-BLANC.jpg","width":640,"height":640},{"@type":"BreadcrumbList","@id":"https:\/\/369agara.com\/produit\/pack-structvitality\/#breadcrumb","itemListElement":[{"@type":"ListItem","position":1,"name":"Accueil","item":"https:\/\/369agara.com\/"},{"@type":"ListItem","position":2,"name":"La boutique","item":"https:\/\/369agara.com\/la-boutique\/"},{"@type":"ListItem","position":3,"name":"Pack StructVitality \u2013 Eau Dynamis\u00e9e et Alimentation Revitalis\u00e9e au Quotidien &#8211; 9 coloris"}]},{"@type":"WebSite","@id":"https:\/\/369agara.com\/#website","url":"https:\/\/369agara.com\/","name":"Livsrikedomar","description":"Trennen Sie die Verbindung, um sich besser zu verbinden","publisher":{"@id":"https:\/\/369agara.com\/#organization"},"potentialAction":[{"@type":"SearchAction","target":{"@type":"EntryPoint","urlTemplate":"https:\/\/369agara.com\/?s={search_term_string}"},"query-input":{"@type":"PropertyValueSpecification","valueRequired":true,"valueName":"search_term_string"}}],"inLanguage":"de"},{"@type":"Organization","@id":"https:\/\/369agara.com\/#organization","name":"EACreations","url":"https:\/\/369agara.com\/","logo":{"@type":"ImageObject","inLanguage":"de","@id":"https:\/\/369agara.com\/#\/schema\/logo\/image\/","url":"","contentUrl":"","caption":"EACreations"},"image":{"@id":"https:\/\/369agara.com\/#\/schema\/logo\/image\/"}}]}},"jetpack_sharing_enabled":true,"_links":{"self":[{"href":"https:\/\/369agara.com\/de\/wp-json\/wp\/v2\/product\/3372","targetHints":{"allow":["GET"]}}],"collection":[{"href":"https:\/\/369agara.com\/de\/wp-json\/wp\/v2\/product"}],"about":[{"href":"https:\/\/369agara.com\/de\/wp-json\/wp\/v2\/types\/product"}],"replies":[{"embeddable":true,"href":"https:\/\/369agara.com\/de\/wp-json\/wp\/v2\/comments?post=3372"}],"wp:featuredmedia":[{"embeddable":true,"href":"https:\/\/369agara.com\/de\/wp-json\/wp\/v2\/media\/3673"}],"wp:attachment":[{"href":"https:\/\/369agara.com\/de\/wp-json\/wp\/v2\/media?parent=3372"}],"wp:term":[{"taxonomy":"product_brand","embeddable":true,"href":"https:\/\/369agara.com\/de\/wp-json\/wp\/v2\/product_brand?post=3372"},{"taxonomy":"product_cat","embeddable":true,"href":"https:\/\/369agara.com\/de\/wp-json\/wp\/v2\/product_cat?post=3372"},{"taxonomy":"product_tag","embeddable":true,"href":"https:\/\/369agara.com\/de\/wp-json\/wp\/v2\/product_tag?post=3372"}],"curies":[{"name":"wp","href":"https:\/\/api.w.org\/{rel}","templated":true}]}}