{"id":3750,"date":"2025-05-10T21:47:38","date_gmt":"2025-05-10T19:47:38","guid":{"rendered":"https:\/\/369agara.com\/?post_type=product&#038;p=3750"},"modified":"2025-05-13T11:34:20","modified_gmt":"2025-05-13T09:34:20","slug":"taie-oreiller-earthing-rectangulaire","status":"publish","type":"product","link":"https:\/\/369agara.com\/de\/produkt\/taie-oreiller-earthing-rectangulaire\/","title":{"rendered":"Rechteckiger Erdungs-Kopfkissenbezug Earthing"},"content":{"rendered":"<p><span style=\"font-family: 'Book Antiqua', Palatino; font-size: 120%; color: #333399;\">Der Earthing-Kopfkissenbezug l\u00e4sst Sie vor den Strahlen der elektrischen Anlage Ihres Hauses gesch\u00fctzt schlafen und bietet Ihrem K\u00f6rper gleichzeitig alle Vorteile des Earthing (Verbindung des K\u00f6rpers mit der Erde, wie wenn man barfu\u00df durch das Gras geht).<\/span><\/p>\n<p><span style=\"font-family: 'Book Antiqua', Palatino; font-size: 120%; color: #333399;\">Es wird empfohlen, direkt auf dem Earthing-Kissenbezug zu schlafen (direkter Hautkontakt f\u00fcr eine optimale Nutzung), so dass Kopf und Oberk\u00f6rper w\u00e4hrend des Schlafs geerdet sind.<\/span><\/p>\n<p><span style=\"font-family: 'Book Antiqua', Palatino; font-size: 120%; color: #333399;\">Dieser Kissenbezug besteht aus 100 % Baumwolle, die mit weichen, langlebigen, leitf\u00e4higen Silberfasern verflochten ist, die in den gesamten Stoff eingewebt sind. Er enth\u00e4lt je nach Gr\u00f6\u00dfe zwischen 500 und 1000 Meter Silberf\u00e4den.<\/span><\/p>\n<p><span style=\"font-family: 'Book Antiqua', Palatino; font-size: 120%; color: #333399;\">Sie wird mit einem 6 m langen Erdungskabel geliefert.<\/span><br \/>\n<span style=\"font-family: 'Book Antiqua', Palatino; font-size: 120%; color: #333399;\"><span style=\"color: #ed1c24;\"><strong>Achtung!<\/strong>\u00a0<strong>Es ist kein Erdungsstecker enthalten<\/strong><\/span>(Die Erdungsstecker haben zwei Eing\u00e4nge, was ausreicht, um ein Bettlaken und einen Kissenbezug anzuschlie\u00dfen.) Die meisten Menschen verwenden diesen Kissenbezug zusammen mit einem Spannbettlaken oder einem Halblaken, und diese Produkte k\u00f6nnen sich denselben Stecker teilen. Um ein Bettlaken und einen Kissenbezug anzuschlie\u00dfen, m\u00fcssen Sie zus\u00e4tzlich einen doppelten Earthing-Stecker kaufen).<\/span><br \/>\n<span style=\"font-family: 'Book Antiqua', Palatino; font-size: 120%; color: #333399;\">Wenn Sie den Kissenbezug allein kaufen, sollten Sie zus\u00e4tzlich einen Erdungsstecker kaufen.<\/span><\/p>\n<p><span style=\"font-family: 'Book Antiqua', Palatino; font-size: 120%; color: #333399;\">Am Rand des Kissenbezugs befindet sich ein Verbindungsst\u00fcck, an dem das Anschlusskabel befestigt wird. Wenn Sie jedoch zu Hause keine zufriedenstellende Erdung hatten und in einem Einfamilienhaus oder am unteren Ende eines Geb\u00e4udes wohnen, k\u00f6nnen Sie die \"Metallerdungsstange\" verwenden.<\/span><\/p>\n<h3><span style=\"font-family: 'Book Antiqua', Palatino; font-size: 120%; color: #333399;\">Was ist Earthing?<\/span><\/h3>\n<p><span style=\"font-family: 'Book Antiqua', Palatino; font-size: 120%; color: #333399;\">Laut dem Buch von Clinton Ober, Stephen Sinatra und Martin Zucker \"Verbinde dich mit der Erde, Vielleicht die wichtigste Entdeckung f\u00fcr die Gesundheit\", das als Standardwerk zu diesem Thema gilt, wird durch die Verbindung des K\u00f6rpers mit der Erde (oder Earthing) das nat\u00fcrliche elektrische Gleichgewicht des K\u00f6rpers wiederhergestellt und er wird von elektrostatischen Ladungen entladen, wie wenn man barfu\u00df durch das Gras geht.<\/span><\/p>\n<p><span style=\"font-family: 'Book Antiqua', Palatino; font-size: 120%; color: #333399;\">Die verschiedenen Produkte von Earthing ahmen dieses nat\u00fcrliche Ph\u00e4nomen nach.<\/span><\/p>\n<p><span style=\"font-family: 'Book Antiqua', Palatino; font-size: 120%; color: #333399;\">Daraus ergeben sich zahlreiche Vorteile, wie :<\/span><\/p>\n<ul>\n<li><span style=\"font-family: 'Book Antiqua', Palatino; font-size: 120%; color: #333399;\">eine Verbesserung des Immunsystems<\/span><\/li>\n<li><span style=\"font-family: 'Book Antiqua', Palatino; font-size: 120%; color: #333399;\">eine Verbesserung der Verdauung<\/span><\/li>\n<li><span style=\"font-family: 'Book Antiqua', Palatino; font-size: 120%; color: #333399;\">eine Verbesserung der Schlafqualit\u00e4t und ein Ausbalancieren unserer biologischen Uhr<\/span><\/li>\n<li><span style=\"font-family: 'Book Antiqua', Palatino; font-size: 120%; color: #333399;\">eine Steigerung der Energie und eine Verringerung von Stress<\/span><\/li>\n<li><span style=\"font-family: 'Book Antiqua', Palatino; font-size: 120%; color: #333399;\">eine Verbesserung der Blutzirkulation<\/span><\/li>\n<li><span style=\"font-family: 'Book Antiqua', Palatino; font-size: 120%; color: #333399;\">eine schnellere Erholung nach intensiver k\u00f6rperlicher Aktivit\u00e4t und eine schnellere Heilung von Verletzungen<\/span><\/li>\n<li><span style=\"font-family: 'Book Antiqua', Palatino; font-size: 120%; color: #333399;\">eine Linderung von Muskelverspannungen, Kopfschmerzen, hormonellen und menstruellen Symptomen<\/span><\/li>\n<li><span style=\"font-family: 'Book Antiqua', Palatino; font-size: 120%; color: #333399;\">eine Verringerung von Entz\u00fcndungen<\/span><\/li>\n<li><span style=\"font-family: 'Book Antiqua', Palatino; font-size: 120%; color: #333399;\">eine Verringerung von Stress, Angst, Reizbarkeit oder sogar Symptomen von Elektrosensibilit\u00e4t<\/span><\/li>\n<\/ul>\n<p><span style=\"font-family: 'Book Antiqua', Palatino; font-size: 120%; color: #ed1c24;\">Diese Informationen ersetzen keinesfalls den Rat Ihres Arztes und erheben nicht den Anspruch, irgendwelche Krankheitszust\u00e4nde zu behandeln oder zu heilen. Bei gesundheitlichen Problemen wenden Sie sich bitte an Ihren Arzt.<\/span><\/p>\n<h3><span style=\"font-family: 'Book Antiqua', Palatino; font-size: 120%; color: #333399;\">Technische Daten<\/span><\/h3>\n<p><span style=\"font-family: 'Book Antiqua', Palatino; font-size: 120%; color: #333399;\">Zusammensetzung: 93 % Baumwolle, 7% Silber<\/span><\/p>\n<p><span style=\"font-family: 'Book Antiqua', Palatino; font-size: 120%; color: #333399;\">6 m geerdetes verdrilltes Kabel inklusive; kein Anschlussstecker<\/span><\/p>\n<h3><span style=\"font-family: 'Book Antiqua', Palatino; font-size: 120%; color: #333399;\">Tipps zum Pflegen und Waschen<\/span><\/h3>\n<p><span style=\"font-family: 'Book Antiqua', Palatino; font-size: 120%; color: #333399;\">Es ist wichtig und gut, Ihr Earthing-Produkt h\u00e4ufig zu waschen. Es wird durch das Waschen nicht besch\u00e4digt, sondern profitiert im Gegenteil davon.<\/span><\/p>\n<p><span style=\"font-family: 'Book Antiqua', Palatino; font-size: 120%; color: #333399;\">Durch das Waschen werden Schwei\u00df und nat\u00fcrliche \u00d6le von der Haut entfernt, wodurch die Leitf\u00e4higkeit des Silbers erhalten bleibt.<\/span><\/p>\n<p><span style=\"font-family: 'Book Antiqua', Palatino; font-size: 120%; color: #333399;\"><strong>Zu erledigen:\u00a0<\/strong><\/span><\/p>\n<ul>\n<li><span style=\"font-family: 'Book Antiqua', Palatino; font-size: 120%; color: #333399;\">Waschen Sie jede Woche oder zwei Maschinenw\u00e4sche mit warmem Wasser (40\u00b0C).<\/span><\/li>\n<li><span style=\"font-family: 'Book Antiqua', Palatino; font-size: 120%; color: #333399;\">Verwenden Sie ein fl\u00fcssiges Waschmittel f\u00fcr die W\u00e4sche.<\/span><\/li>\n<li><span style=\"font-family: 'Book Antiqua', Palatino; font-size: 120%; color: #333399;\">Flach liegend oder in einem Trockner bei niedriger Temperatur (nicht \u00fcber 65 \u00b0C) trocknen lassen.<\/span><\/li>\n<li><span style=\"font-family: 'Book Antiqua', Palatino; font-size: 120%; color: #333399;\">Kann bei niedriger Temperatur geb\u00fcgelt werden, wenn gew\u00fcnscht.<\/span><\/li>\n<\/ul>\n<p><span style=\"font-family: 'Book Antiqua', Palatino; font-size: 120%; color: #333399;\"><strong>Nicht zu tun :\u00a0<\/strong><\/span><\/p>\n<ul>\n<li><span style=\"font-family: 'Book Antiqua', Palatino; font-size: 120%; color: #333399;\">Nicht mit Bleichmittel waschen Nicht mit Weichsp\u00fcler waschen\u00a0<\/span><\/li>\n<li><span style=\"font-family: 'Book Antiqua', Palatino; font-size: 120%; color: #333399;\">Verwenden Sie keine bleichenden Waschmittel oder Oxiclean-Waschmittel oder Waschmittel, die \u00d6le wie Lavendel oder Kokos\u00f6l enthalten.\u00a0<\/span><\/li>\n<li><span style=\"font-family: 'Book Antiqua', Palatino; font-size: 120%; color: #333399;\">Verwenden Sie keine Weichsp\u00fclert\u00fccher f\u00fcr W\u00e4schetrockner.\u00a0<\/span><\/li>\n<li><span style=\"font-family: 'Book Antiqua', Palatino; font-size: 120%; color: #333399;\">Keine chemische Reinigung<\/span><\/li>\n<li><span style=\"font-family: 'Book Antiqua', Palatino; font-size: 120%; color: #333399;\">Bleichmittel, Lotionen und \u00d6le k\u00f6nnen Silber anlaufen lassen und es nicht mehr leitf\u00e4hig machen.\u00a0<\/span><\/li>\n<li><span style=\"font-family: 'Book Antiqua', Palatino; font-size: 120%; color: #333399;\">Weichmacher lagern sich auf Silber an und besch\u00e4digen seine Leitf\u00e4higkeit.<\/span><\/li>\n<\/ul>\n<h3><span style=\"font-family: 'Book Antiqua', Palatino; font-size: 120%; color: #333399;\">Der Agara-Rat<\/span><\/h3>\n<p><span style=\"font-family: 'Book Antiqua', Palatino; font-size: 120%; color: #333399;\">Damit Earthing wirksam ist, m\u00fcssen Sie unbedingt die Qualit\u00e4t Ihres Erdungsanschlusses testen, entweder mit einem geeigneten Ger\u00e4t (Earthing-Steckdosentester, Tohm-E Erdungsmessger\u00e4t oder Catohm DT-300) oder indem Sie einen Fachmann mit entsprechender Ausr\u00fcstung beauftragen.\u00a0<\/span><\/p>\n<p><span style=\"font-family: 'Book Antiqua', Palatino; font-size: 120%; color: #ed1c24;\">Denn wenn die elektrischen Installationen zu alt oder falsch installiert sind, kann es sein, dass die Erdverbindung nicht ausreichend oder gar nicht vorhanden ist.<\/span><\/p>\n<p><span style=\"font-family: 'Book Antiqua', Palatino; font-size: 120%; color: #ed1c24;\">Es ist auch sehr wichtig, elektrische Felder im Raum so weit wie m\u00f6glich einzuschr\u00e4nken (Radiowecker, Nachttischlampen, nicht abgeschirmte Mehrfachsteckdosen und Verl\u00e4ngerungskabel), damit sie die Erdung nicht st\u00f6ren. Z\u00f6gern Sie nicht, sie zu messen oder messen zu lassen!<\/span><\/p>","protected":false},"excerpt":{"rendered":"<p><span style=\"font-family: 'Book Antiqua', Palatino; font-size: 120%; color: #333399;\">Mit dem Earthing-Kissenbezug kann Ihr K\u00f6rper die vielen Vorteile von Earthing nutzen, w\u00e4hrend Sie schlafen.\u00a0<\/span><\/p>\n<p><span style=\"font-family: 'Book Antiqua', Palatino; font-size: 120%; color: #333399;\">Rechteckige Form, Ma\u00dfe 40 x 70 cm.\u00a0<\/span><\/p>\n<p><span style=\"font-family: 'Book Antiqua', Palatino; font-size: 120%; color: #333399;\">Wird mit einem 6 m langen, verdrillten Erdungskabel geliefert (<strong>geerdeter Stecker nicht enthalten<\/strong>).<\/span><\/p>","protected":false},"featured_media":3751,"comment_status":"open","ping_status":"closed","template":"","meta":[],"product_brand":[267],"product_cat":[164],"product_tag":[248,247,249,245],"class_list":{"0":"post-3750","1":"product","2":"type-product","3":"status-publish","4":"has-post-thumbnail","6":"product_brand-earthing","7":"product_cat-baubiologie","8":"product_tag-baubiologie","9":"product_tag-chambre","10":"product_tag-electromagnetisme","11":"product_tag-maison","13":"first","14":"instock","15":"taxable","16":"shipping-taxable","17":"purchasable","18":"product-type-simple"},"yoast_head":"<!-- This site is optimized with the Yoast SEO Premium plugin v25.1 (Yoast SEO v27.4) - https:\/\/yoast.com\/product\/yoast-seo-premium-wordpress\/ -->\n<title>Taie d&#039;oreiller de mise \u00e0 la terre rectangulaire Earthing | Agara<\/title>\n<meta name=\"description\" content=\"La taie d&#039;oreiller de mise \u00e0 la terre Earthing permet \u00e0 votre corps de profiter des nombreux bienfaits du Earthing pendant votre sommeil.\u00a0Forme rectangulaire, dimensions 40 x 70 cm.\u00a0Livr\u00e9e avec un c\u00e2ble torsad\u00e9 de mise \u00e0 la terre de 6 m (fiche de connexion \u00e0 la terre non incluse).\" \/>\n<meta name=\"robots\" content=\"index, follow, max-snippet:-1, max-image-preview:large, max-video-preview:-1\" \/>\n<link rel=\"canonical\" href=\"https:\/\/369agara.com\/de\/produkt\/taie-oreiller-earthing-rectangulaire\/\" \/>\n<meta property=\"og:locale\" content=\"de_DE\" \/>\n<meta property=\"og:type\" content=\"article\" \/>\n<meta property=\"og:title\" content=\"Taie d&#039;oreiller de mise \u00e0 la terre rectangulaire Earthing\" \/>\n<meta property=\"og:description\" content=\"La taie d&#039;oreiller de mise \u00e0 la terre Earthing permet \u00e0 votre corps de profiter des nombreux bienfaits du Earthing pendant votre sommeil.\u00a0Forme rectangulaire, dimensions 40 x 70 cm.\u00a0Livr\u00e9e avec un c\u00e2ble torsad\u00e9 de mise \u00e0 la terre de 6 m (fiche de connexion \u00e0 la terre non incluse).\" \/>\n<meta property=\"og:url\" content=\"https:\/\/369agara.com\/de\/produkt\/taie-oreiller-earthing-rectangulaire\/\" \/>\n<meta property=\"og:site_name\" content=\"Agara\" \/>\n<meta property=\"article:modified_time\" content=\"2025-05-13T09:34:20+00:00\" \/>\n<meta property=\"og:image\" content=\"https:\/\/369agara.com\/wp-content\/uploads\/2025\/05\/taie-d-oreiller-de-mise-a-la-terre-earthing-rectangulaire.jpg\" \/>\n\t<meta property=\"og:image:width\" content=\"800\" \/>\n\t<meta property=\"og:image:height\" content=\"800\" \/>\n\t<meta property=\"og:image:type\" content=\"image\/jpeg\" \/>\n<meta name=\"twitter:card\" content=\"summary_large_image\" \/>\n<meta name=\"twitter:label1\" content=\"Gesch\u00e4tzte Lesezeit\" \/>\n\t<meta name=\"twitter:data1\" content=\"5\u00a0Minuten\" \/>\n<script type=\"application\/ld+json\" class=\"yoast-schema-graph\">{\"@context\":\"https:\\\/\\\/schema.org\",\"@graph\":[{\"@type\":\"WebPage\",\"@id\":\"https:\\\/\\\/369agara.com\\\/produit\\\/taie-oreiller-earthing-rectangulaire\\\/\",\"url\":\"https:\\\/\\\/369agara.com\\\/produit\\\/taie-oreiller-earthing-rectangulaire\\\/\",\"name\":\"Taie d'oreiller de mise \u00e0 la terre rectangulaire Earthing | Agara\",\"isPartOf\":{\"@id\":\"https:\\\/\\\/369agara.com\\\/#website\"},\"primaryImageOfPage\":{\"@id\":\"https:\\\/\\\/369agara.com\\\/produit\\\/taie-oreiller-earthing-rectangulaire\\\/#primaryimage\"},\"image\":{\"@id\":\"https:\\\/\\\/369agara.com\\\/produit\\\/taie-oreiller-earthing-rectangulaire\\\/#primaryimage\"},\"thumbnailUrl\":\"https:\\\/\\\/369agara.com\\\/wp-content\\\/uploads\\\/2025\\\/05\\\/taie-d-oreiller-de-mise-a-la-terre-earthing-rectangulaire.jpg\",\"datePublished\":\"2025-05-10T19:47:38+00:00\",\"dateModified\":\"2025-05-13T09:34:20+00:00\",\"description\":\"La taie d'oreiller de mise \u00e0 la terre Earthing permet \u00e0 votre corps de profiter des nombreux bienfaits du Earthing pendant votre sommeil.\u00a0Forme rectangulaire, dimensions 40 x 70 cm.\u00a0Livr\u00e9e avec un c\u00e2ble torsad\u00e9 de mise \u00e0 la terre de 6 m (fiche de connexion \u00e0 la terre non incluse).\",\"breadcrumb\":{\"@id\":\"https:\\\/\\\/369agara.com\\\/produit\\\/taie-oreiller-earthing-rectangulaire\\\/#breadcrumb\"},\"inLanguage\":\"de\",\"potentialAction\":[{\"@type\":\"ReadAction\",\"target\":[\"https:\\\/\\\/369agara.com\\\/produit\\\/taie-oreiller-earthing-rectangulaire\\\/\"]}]},{\"@type\":\"ImageObject\",\"inLanguage\":\"de\",\"@id\":\"https:\\\/\\\/369agara.com\\\/produit\\\/taie-oreiller-earthing-rectangulaire\\\/#primaryimage\",\"url\":\"https:\\\/\\\/369agara.com\\\/wp-content\\\/uploads\\\/2025\\\/05\\\/taie-d-oreiller-de-mise-a-la-terre-earthing-rectangulaire.jpg\",\"contentUrl\":\"https:\\\/\\\/369agara.com\\\/wp-content\\\/uploads\\\/2025\\\/05\\\/taie-d-oreiller-de-mise-a-la-terre-earthing-rectangulaire.jpg\",\"width\":800,\"height\":800},{\"@type\":\"BreadcrumbList\",\"@id\":\"https:\\\/\\\/369agara.com\\\/produit\\\/taie-oreiller-earthing-rectangulaire\\\/#breadcrumb\",\"itemListElement\":[{\"@type\":\"ListItem\",\"position\":1,\"name\":\"Accueil\",\"item\":\"https:\\\/\\\/369agara.com\\\/\"},{\"@type\":\"ListItem\",\"position\":2,\"name\":\"La boutique\",\"item\":\"https:\\\/\\\/369agara.com\\\/la-boutique\\\/\"},{\"@type\":\"ListItem\",\"position\":3,\"name\":\"Taie d&rsquo;oreiller de mise \u00e0 la terre rectangulaire Earthing\"}]},{\"@type\":\"WebSite\",\"@id\":\"https:\\\/\\\/369agara.com\\\/#website\",\"url\":\"https:\\\/\\\/369agara.com\\\/\",\"name\":\"Livsrikedomar\",\"description\":\"D\u00e9connectez pour mieux vous connecter\",\"publisher\":{\"@id\":\"https:\\\/\\\/369agara.com\\\/#organization\"},\"potentialAction\":[{\"@type\":\"SearchAction\",\"target\":{\"@type\":\"EntryPoint\",\"urlTemplate\":\"https:\\\/\\\/369agara.com\\\/?s={search_term_string}\"},\"query-input\":{\"@type\":\"PropertyValueSpecification\",\"valueRequired\":true,\"valueName\":\"search_term_string\"}}],\"inLanguage\":\"de\"},{\"@type\":\"Organization\",\"@id\":\"https:\\\/\\\/369agara.com\\\/#organization\",\"name\":\"EACreations\",\"url\":\"https:\\\/\\\/369agara.com\\\/\",\"logo\":{\"@type\":\"ImageObject\",\"inLanguage\":\"de\",\"@id\":\"https:\\\/\\\/369agara.com\\\/#\\\/schema\\\/logo\\\/image\\\/\",\"url\":\"\",\"contentUrl\":\"\",\"caption\":\"EACreations\"},\"image\":{\"@id\":\"https:\\\/\\\/369agara.com\\\/#\\\/schema\\\/logo\\\/image\\\/\"}}]}<\/script>\n<!-- \/ Yoast SEO Premium plugin. -->","yoast_head_json":{"title":"Taie d'oreiller de mise \u00e0 la terre rectangulaire Earthing | Agara","description":"La taie d'oreiller de mise \u00e0 la terre Earthing permet \u00e0 votre corps de profiter des nombreux bienfaits du Earthing pendant votre sommeil.\u00a0Forme rectangulaire, dimensions 40 x 70 cm.\u00a0Livr\u00e9e avec un c\u00e2ble torsad\u00e9 de mise \u00e0 la terre de 6 m (fiche de connexion \u00e0 la terre non incluse).","robots":{"index":"index","follow":"follow","max-snippet":"max-snippet:-1","max-image-preview":"max-image-preview:large","max-video-preview":"max-video-preview:-1"},"canonical":"https:\/\/369agara.com\/de\/produkt\/taie-oreiller-earthing-rectangulaire\/","og_locale":"de_DE","og_type":"article","og_title":"Taie d'oreiller de mise \u00e0 la terre rectangulaire Earthing","og_description":"La taie d'oreiller de mise \u00e0 la terre Earthing permet \u00e0 votre corps de profiter des nombreux bienfaits du Earthing pendant votre sommeil.\u00a0Forme rectangulaire, dimensions 40 x 70 cm.\u00a0Livr\u00e9e avec un c\u00e2ble torsad\u00e9 de mise \u00e0 la terre de 6 m (fiche de connexion \u00e0 la terre non incluse).","og_url":"https:\/\/369agara.com\/de\/produkt\/taie-oreiller-earthing-rectangulaire\/","og_site_name":"Agara","article_modified_time":"2025-05-13T09:34:20+00:00","og_image":[{"width":800,"height":800,"url":"https:\/\/369agara.com\/wp-content\/uploads\/2025\/05\/taie-d-oreiller-de-mise-a-la-terre-earthing-rectangulaire.jpg","type":"image\/jpeg"}],"twitter_card":"summary_large_image","twitter_misc":{"Gesch\u00e4tzte Lesezeit":"5\u00a0Minuten"},"schema":{"@context":"https:\/\/schema.org","@graph":[{"@type":"WebPage","@id":"https:\/\/369agara.com\/produit\/taie-oreiller-earthing-rectangulaire\/","url":"https:\/\/369agara.com\/produit\/taie-oreiller-earthing-rectangulaire\/","name":"Taie d'oreiller de mise \u00e0 la terre rectangulaire Earthing | Agara","isPartOf":{"@id":"https:\/\/369agara.com\/#website"},"primaryImageOfPage":{"@id":"https:\/\/369agara.com\/produit\/taie-oreiller-earthing-rectangulaire\/#primaryimage"},"image":{"@id":"https:\/\/369agara.com\/produit\/taie-oreiller-earthing-rectangulaire\/#primaryimage"},"thumbnailUrl":"https:\/\/369agara.com\/wp-content\/uploads\/2025\/05\/taie-d-oreiller-de-mise-a-la-terre-earthing-rectangulaire.jpg","datePublished":"2025-05-10T19:47:38+00:00","dateModified":"2025-05-13T09:34:20+00:00","description":"La taie d'oreiller de mise \u00e0 la terre Earthing permet \u00e0 votre corps de profiter des nombreux bienfaits du Earthing pendant votre sommeil.\u00a0Forme rectangulaire, dimensions 40 x 70 cm.\u00a0Livr\u00e9e avec un c\u00e2ble torsad\u00e9 de mise \u00e0 la terre de 6 m (fiche de connexion \u00e0 la terre non incluse).","breadcrumb":{"@id":"https:\/\/369agara.com\/produit\/taie-oreiller-earthing-rectangulaire\/#breadcrumb"},"inLanguage":"de","potentialAction":[{"@type":"ReadAction","target":["https:\/\/369agara.com\/produit\/taie-oreiller-earthing-rectangulaire\/"]}]},{"@type":"ImageObject","inLanguage":"de","@id":"https:\/\/369agara.com\/produit\/taie-oreiller-earthing-rectangulaire\/#primaryimage","url":"https:\/\/369agara.com\/wp-content\/uploads\/2025\/05\/taie-d-oreiller-de-mise-a-la-terre-earthing-rectangulaire.jpg","contentUrl":"https:\/\/369agara.com\/wp-content\/uploads\/2025\/05\/taie-d-oreiller-de-mise-a-la-terre-earthing-rectangulaire.jpg","width":800,"height":800},{"@type":"BreadcrumbList","@id":"https:\/\/369agara.com\/produit\/taie-oreiller-earthing-rectangulaire\/#breadcrumb","itemListElement":[{"@type":"ListItem","position":1,"name":"Accueil","item":"https:\/\/369agara.com\/"},{"@type":"ListItem","position":2,"name":"La boutique","item":"https:\/\/369agara.com\/la-boutique\/"},{"@type":"ListItem","position":3,"name":"Taie d&rsquo;oreiller de mise \u00e0 la terre rectangulaire Earthing"}]},{"@type":"WebSite","@id":"https:\/\/369agara.com\/#website","url":"https:\/\/369agara.com\/","name":"Livsrikedomar","description":"Trennen Sie die Verbindung, um sich besser zu verbinden","publisher":{"@id":"https:\/\/369agara.com\/#organization"},"potentialAction":[{"@type":"SearchAction","target":{"@type":"EntryPoint","urlTemplate":"https:\/\/369agara.com\/?s={search_term_string}"},"query-input":{"@type":"PropertyValueSpecification","valueRequired":true,"valueName":"search_term_string"}}],"inLanguage":"de"},{"@type":"Organization","@id":"https:\/\/369agara.com\/#organization","name":"EACreations","url":"https:\/\/369agara.com\/","logo":{"@type":"ImageObject","inLanguage":"de","@id":"https:\/\/369agara.com\/#\/schema\/logo\/image\/","url":"","contentUrl":"","caption":"EACreations"},"image":{"@id":"https:\/\/369agara.com\/#\/schema\/logo\/image\/"}}]}},"jetpack_sharing_enabled":true,"_links":{"self":[{"href":"https:\/\/369agara.com\/de\/wp-json\/wp\/v2\/product\/3750","targetHints":{"allow":["GET"]}}],"collection":[{"href":"https:\/\/369agara.com\/de\/wp-json\/wp\/v2\/product"}],"about":[{"href":"https:\/\/369agara.com\/de\/wp-json\/wp\/v2\/types\/product"}],"replies":[{"embeddable":true,"href":"https:\/\/369agara.com\/de\/wp-json\/wp\/v2\/comments?post=3750"}],"wp:featuredmedia":[{"embeddable":true,"href":"https:\/\/369agara.com\/de\/wp-json\/wp\/v2\/media\/3751"}],"wp:attachment":[{"href":"https:\/\/369agara.com\/de\/wp-json\/wp\/v2\/media?parent=3750"}],"wp:term":[{"taxonomy":"product_brand","embeddable":true,"href":"https:\/\/369agara.com\/de\/wp-json\/wp\/v2\/product_brand?post=3750"},{"taxonomy":"product_cat","embeddable":true,"href":"https:\/\/369agara.com\/de\/wp-json\/wp\/v2\/product_cat?post=3750"},{"taxonomy":"product_tag","embeddable":true,"href":"https:\/\/369agara.com\/de\/wp-json\/wp\/v2\/product_tag?post=3750"}],"curies":[{"name":"wp","href":"https:\/\/api.w.org\/{rel}","templated":true}]}}