{"id":3764,"date":"2025-05-11T12:06:37","date_gmt":"2025-05-11T10:06:37","guid":{"rendered":"https:\/\/369agara.com\/?post_type=product&#038;p=3764"},"modified":"2025-05-13T11:32:54","modified_gmt":"2025-05-13T09:32:54","slug":"couverture-plaid","status":"publish","type":"product","link":"https:\/\/369agara.com\/de\/produkt\/couverture-plaid\/","title":{"rendered":"Plaid \"Kuscheldecke\" zur Earthing-Erdung"},"content":{"rendered":"<p><span style=\"font-family: 'Book Antiqua', Palatino; font-size: 120%; color: #333399;\">Die Earthing-Kuscheldecke ist eine weiche, leitf\u00e4hige Decke, die sehr angenehm zu verwenden ist. Sie ist ideal, wenn Sie fernsehen, ein Buch lesen oder sich einfach nur entspannen.<\/span><\/p>\n<p><span style=\"font-family: 'Book Antiqua', Palatino; font-size: 120%; color: #333399;\">Sie h\u00e4lt Sie warm und versorgt Ihren K\u00f6rper gleichzeitig mit allen Vorteilen des Earthing (Verbindung des K\u00f6rpers mit der Erde, wie beim Barfu\u00dflaufen im Gras).<\/span><\/p>\n<p><span style=\"font-family: 'Book Antiqua', Palatino; font-size: 120%; color: #333399;\">Sie kann auch im Bett verwendet werden, um Sie im Schlaf mit der Erde zu verbinden.<\/span><\/p>\n<p><span style=\"font-family: 'Book Antiqua', Palatino; font-size: 120%; color: #333399;\">Die helle Seite (gebrochenes Wei\u00df) besteht aus Bio-Baumwolle, die mit hochleitf\u00e4higen Fasern gewebt ist; die schokoladenbraune R\u00fcckseite ist aus weichen Mikrofasern.<\/span><\/p>\n<p><span style=\"font-family: 'Book Antiqua', Palatino; font-size: 120%; color: #333399;\">Es muss ein direkter Kontakt zwischen der Haut und dem leitenden Teil der Decke bestehen (das ist die Seite, auf der die Silberfaser und das Wort \"Earthing\" eingepr\u00e4gt sind).<\/span><\/p>\n<p><span style=\"font-family: 'Book Antiqua', Palatino; font-size: 120%; color: #333399;\">Die Earthing-Plaid-Decke \"Doudou\" wird mit einer 4,60 m langen Erdungsschnur und einem Anschlussstecker geliefert. Am Rand der Decke befindet sich ein Verbindungsst\u00fcck, an dem die Anschlussschnur befestigt wird.<span style=\"color: #ed1c24;\"> Sie muss an eine geerdete Steckdose angeschlossen werden.<\/span><\/span><br \/>\n<span style=\"font-family: 'Book Antiqua', Palatino; font-size: 120%; color: #333399;\">Wenn Sie jedoch zu Hause keine zufriedenstellende Erdung hatten und in einem Einfamilienhaus oder am unteren Ende eines Geb\u00e4udes wohnen, k\u00f6nnen Sie die \"Metallerdungsstange\" verwenden. \u00a0\u00a0<\/span><\/p>\n<h3><span style=\"font-family: 'Book Antiqua', Palatino; font-size: 120%; color: #333399;\">Technische Daten<\/span><\/h3>\n<ul>\n<li><span style=\"font-family: 'Book Antiqua', Palatino; font-size: 120%; color: #333399;\">Ma\u00dfe: 114 x 152 cm (f\u00fcr Einzelbett)<\/span><\/li>\n<li><span style=\"font-family: 'Book Antiqua', Palatino; font-size: 120%; color: #333399;\">Zusammensetzung: 100 % Bio-Baumwolle, Silberf\u00e4den<\/span><\/li>\n<li><span style=\"font-family: 'Book Antiqua', Palatino; font-size: 120%; color: #333399;\">Wird mit Erdungskabel und Anschlussstecker geliefert.<\/span><\/li>\n<\/ul>\n<h3><span style=\"font-family: 'Book Antiqua', Palatino; font-size: 120%; color: #333399;\">Was ist Earthing?<\/span><\/h3>\n<p><span style=\"font-family: 'Book Antiqua', Palatino; font-size: 120%; color: #333399;\">Laut dem Buch von Clinton Ober, Stephen Sinatra und Martin Zucker \"Verbinde dich mit der Erde, Vielleicht die wichtigste Entdeckung f\u00fcr die Gesundheit\", das als Standardwerk zu diesem Thema gilt, wird durch die Verbindung des K\u00f6rpers mit der Erde (oder Earthing) das nat\u00fcrliche elektrische Gleichgewicht des K\u00f6rpers wiederhergestellt und er wird von elektrostatischen Ladungen entladen, wie wenn man barfu\u00df durch das Gras geht.<\/span><\/p>\n<p><span style=\"font-family: 'Book Antiqua', Palatino; font-size: 120%; color: #333399;\">Die verschiedenen Produkte von Earthing ahmen dieses nat\u00fcrliche Ph\u00e4nomen nach.<\/span><\/p>\n<p><span style=\"font-family: 'Book Antiqua', Palatino; font-size: 120%; color: #333399;\">Daraus ergeben sich zahlreiche Vorteile, wie :<\/span><\/p>\n<ul>\n<li><span style=\"font-family: 'Book Antiqua', Palatino; font-size: 120%; color: #333399;\">eine Verbesserung des Immunsystems<\/span><\/li>\n<li><span style=\"font-family: 'Book Antiqua', Palatino; font-size: 120%; color: #333399;\">eine Verbesserung der Verdauung<\/span><\/li>\n<li><span style=\"font-family: 'Book Antiqua', Palatino; font-size: 120%; color: #333399;\">eine Verbesserung der Schlafqualit\u00e4t und ein Ausbalancieren unserer biologischen Uhr<\/span><\/li>\n<li><span style=\"font-family: 'Book Antiqua', Palatino; font-size: 120%; color: #333399;\">eine Steigerung der Energie und eine Verringerung von Stress<\/span><\/li>\n<li><span style=\"font-family: 'Book Antiqua', Palatino; font-size: 120%; color: #333399;\">eine Verbesserung der Blutzirkulation<\/span><\/li>\n<li><span style=\"font-family: 'Book Antiqua', Palatino; font-size: 120%; color: #333399;\">eine schnellere Erholung nach intensiver k\u00f6rperlicher Aktivit\u00e4t und eine schnellere Heilung von Verletzungen<\/span><\/li>\n<li><span style=\"font-family: 'Book Antiqua', Palatino; font-size: 120%; color: #333399;\">eine Linderung von Muskelverspannungen, Kopfschmerzen, hormonellen und menstruellen Symptomen<\/span><\/li>\n<li><span style=\"font-family: 'Book Antiqua', Palatino; font-size: 120%; color: #333399;\">eine Verringerung von Entz\u00fcndungen<\/span><\/li>\n<li><span style=\"font-family: 'Book Antiqua', Palatino; font-size: 120%; color: #333399;\">eine Verringerung von Stress, Angst, Reizbarkeit oder sogar Symptomen von Elektrosensibilit\u00e4t<\/span><\/li>\n<\/ul>\n<p><span style=\"font-family: 'Book Antiqua', Palatino; font-size: 120%; color: #ed1c24;\">Diese Informationen ersetzen keinesfalls den Rat Ihres Arztes und erheben nicht den Anspruch, irgendwelche Krankheitszust\u00e4nde zu behandeln oder zu heilen. Bei gesundheitlichen Problemen wenden Sie sich bitte an Ihren Arzt.<\/span><\/p>\n<h3><span style=\"font-family: 'Book Antiqua', Palatino; font-size: 120%; color: #333399;\">Tipps zum Pflegen und Waschen<\/span><\/h3>\n<p><span style=\"font-family: 'Book Antiqua', Palatino; font-size: 120%; color: #333399;\">Es ist wichtig und gut, Ihr Earthing-Produkt h\u00e4ufig zu waschen. Es wird durch das Waschen nicht besch\u00e4digt, sondern profitiert im Gegenteil davon.<\/span><\/p>\n<p><span style=\"font-family: 'Book Antiqua', Palatino; font-size: 120%; color: #333399;\">Durch das Waschen werden Schwei\u00df und nat\u00fcrliche \u00d6le von der Haut entfernt, wodurch die Leitf\u00e4higkeit des Silbers erhalten bleibt.<\/span><\/p>\n<p><span style=\"font-family: 'Book Antiqua', Palatino; font-size: 120%; color: #333399;\"><strong>Zu erledigen:<\/strong><\/span><\/p>\n<ul>\n<li><span style=\"font-family: 'Book Antiqua', Palatino; font-size: 120%; color: #333399;\">Jede oder zwei Wochen waschen Maschinenw\u00e4sche mit warmem Wasser (40\u00b0C)<\/span><\/li>\n<li><span style=\"font-family: 'Book Antiqua', Palatino; font-size: 120%; color: #333399;\">Verwenden Sie ein fl\u00fcssiges Waschmittel f\u00fcr die W\u00e4sche<\/span><\/li>\n<li><span style=\"font-family: 'Book Antiqua', Palatino; font-size: 120%; color: #333399;\">Flach liegend oder in einem Trockner bei niedriger Temperatur (nicht \u00fcber 65\u00b0C) trocknen.<\/span><\/li>\n<li><span style=\"font-family: 'Book Antiqua', Palatino; font-size: 120%; color: #333399;\">Kann bei niedriger Temperatur geb\u00fcgelt werden, wenn gew\u00fcnscht<\/span><\/li>\n<\/ul>\n<p><span style=\"font-family: 'Book Antiqua', Palatino; font-size: 120%; color: #333399;\"><strong>Nicht zu tun :<\/strong><\/span><\/p>\n<ul>\n<li><span style=\"font-family: 'Book Antiqua', Palatino; font-size: 120%; color: #ed1c24;\">Nicht mit Bleichmittel waschen Nicht mit Weichsp\u00fcler waschen<\/span><\/li>\n<li><span style=\"font-family: 'Book Antiqua', Palatino; font-size: 120%; color: #ed1c24;\">Verwenden Sie keine bleichenden Waschmittel oder Oxiclean-Waschmittel oder Waschmittel, die \u00d6le wie Lavendel oder Kokos\u00f6l enthalten.<\/span><\/li>\n<li><span style=\"font-family: 'Book Antiqua', Palatino; font-size: 120%; color: #ed1c24;\">Verwenden Sie keine Weichsp\u00fclert\u00fccher f\u00fcr W\u00e4schetrockner.<\/span><\/li>\n<li><span style=\"font-family: 'Book Antiqua', Palatino; font-size: 120%; color: #ed1c24;\">Keine chemische Reinigung<\/span><\/li>\n<li><span style=\"font-family: 'Book Antiqua', Palatino; font-size: 120%; color: #ed1c24;\">Bleichmittel, Lotionen und \u00d6le k\u00f6nnen Silber anlaufen lassen und es nicht mehr leitf\u00e4hig machen.<\/span><\/li>\n<li><span style=\"font-family: 'Book Antiqua', Palatino; font-size: 120%; color: #ed1c24;\">Weichmacher lagern sich auf Silber an und besch\u00e4digen seine Leitf\u00e4higkeit.<\/span><\/li>\n<\/ul>\n<h3><span style=\"font-family: 'Book Antiqua', Palatino; font-size: 120%; color: #333399;\">Der Agara-Rat<\/span><\/h3>\n<p><span style=\"font-family: 'Book Antiqua', Palatino; font-size: 120%; color: #333399;\">Damit Earthing wirksam ist, m\u00fcssen Sie unbedingt die Qualit\u00e4t Ihres Erdungsanschlusses testen, entweder mit einem geeigneten Ger\u00e4t (Earthing-Steckdosentester, Tohm-E Erdungsmessger\u00e4t oder Catohm DT-300) oder indem Sie einen Fachmann mit entsprechender Ausr\u00fcstung beauftragen.\u00a0<\/span><\/p>\n<p><span style=\"font-family: 'Book Antiqua', Palatino; font-size: 120%; color: #333399;\">Denn wenn die elektrischen Installationen zu alt oder falsch installiert sind, kann es sein, dass die Erdverbindung nicht ausreichend oder gar nicht vorhanden ist.<\/span><\/p>\n<p><span style=\"font-family: 'Book Antiqua', Palatino; font-size: 120%; color: #333399;\">Es ist auch sehr wichtig, elektrische Felder im Raum so weit wie m\u00f6glich einzuschr\u00e4nken (Radiowecker, Nachttischlampen, nicht abgeschirmte Mehrfachsteckdosen und Verl\u00e4ngerungskabel), damit sie die Erdung nicht st\u00f6ren. Z\u00f6gern Sie nicht, sie zu messen oder messen zu lassen!<\/span><\/p>\n<p><span style=\"font-family: 'Book Antiqua', Palatino; font-size: 120%; color: #ed1c24;\"><strong>Aus hygienischen Gr\u00fcnden sind Textilartikel (Kleidung, M\u00fctzen, Kappen, Bettw\u00e4sche, Schlafs\u00e4cke, Decken, Handschuhe, Socken, ...) oder andere Artikel, die in direktem Kontakt mit dem K\u00f6rper getragen werden, von der R\u00fcckgabe und vom Umtausch ausgeschlossen.<br \/>\nWir danken Ihnen im Voraus f\u00fcr Ihr Verst\u00e4ndnis.<\/strong><\/span><\/p>","protected":false},"excerpt":{"rendered":"<p><span style=\"font-family: 'Book Antiqua', Palatino; font-size: 120%; color: #333399;\">Mit der Earthing-Kuscheldecke kann Ihr K\u00f6rper viele Vorteile der Erdung genie\u00dfen, w\u00e4hrend Sie sich ausruhen, lesen, fernsehen usw.\u00a0<\/span><\/p>\n<p><span style=\"font-family: 'Book Antiqua', Palatino; font-size: 120%; color: #333399;\">Abmessungen 114 x 152 cm.\u00a0<\/span><\/p>\n<p><span style=\"font-family: 'Book Antiqua', Palatino; font-size: 120%; color: #333399;\">Wird mit Erdungszubeh\u00f6r geliefert.<\/span><\/p>","protected":false},"featured_media":3767,"comment_status":"open","ping_status":"closed","template":"","meta":[],"product_brand":[267],"product_cat":[164],"product_tag":[248,246,247,249,257,245],"class_list":{"0":"post-3764","1":"product","2":"type-product","3":"status-publish","4":"has-post-thumbnail","6":"product_brand-earthing","7":"product_cat-baubiologie","8":"product_tag-baubiologie","9":"product_tag-bureau","10":"product_tag-chambre","11":"product_tag-electromagnetisme","12":"product_tag-linge","13":"product_tag-maison","15":"first","16":"instock","17":"taxable","18":"shipping-taxable","19":"purchasable","20":"product-type-simple"},"yoast_head":"<!-- This site is optimized with the Yoast SEO Premium plugin v25.1 (Yoast SEO v27.4) - https:\/\/yoast.com\/product\/yoast-seo-premium-wordpress\/ -->\n<title>Couverture plaid &quot;Doudou&quot; de mise \u00e0 la terre Earthing | Agara<\/title>\n<meta name=\"description\" content=\"La couverture plaid &quot;Doudou&quot; Earthing permet \u00e0 votre corps de profiter nombreux bienfaits de la mise \u00e0 la terre pendant que vous vous reposez, lisez, regardez la t\u00e9l\u00e9vision, etc.\u00a0Dimensions 114 x 152 cm.\u00a0Livr\u00e9 avec accessoires de mise \u00e0 la terre.\" \/>\n<meta name=\"robots\" content=\"index, follow, max-snippet:-1, max-image-preview:large, max-video-preview:-1\" \/>\n<link rel=\"canonical\" href=\"https:\/\/369agara.com\/de\/produkt\/couverture-plaid\/\" \/>\n<meta property=\"og:locale\" content=\"de_DE\" \/>\n<meta property=\"og:type\" content=\"article\" \/>\n<meta property=\"og:title\" content=\"Couverture plaid &quot;Doudou&quot; de mise \u00e0 la terre Earthing\" \/>\n<meta property=\"og:description\" content=\"La couverture plaid &quot;Doudou&quot; Earthing permet \u00e0 votre corps de profiter nombreux bienfaits de la mise \u00e0 la terre pendant que vous vous reposez, lisez, regardez la t\u00e9l\u00e9vision, etc.\u00a0Dimensions 114 x 152 cm.\u00a0Livr\u00e9 avec accessoires de mise \u00e0 la terre.\" \/>\n<meta property=\"og:url\" content=\"https:\/\/369agara.com\/de\/produkt\/couverture-plaid\/\" \/>\n<meta property=\"og:site_name\" content=\"Agara\" \/>\n<meta property=\"article:modified_time\" content=\"2025-05-13T09:32:54+00:00\" \/>\n<meta property=\"og:image\" content=\"https:\/\/369agara.com\/wp-content\/uploads\/2025\/05\/couverture-plaid-doudou-de-mise-a-la-terre-earthing.jpg\" \/>\n\t<meta property=\"og:image:width\" content=\"800\" \/>\n\t<meta property=\"og:image:height\" content=\"800\" \/>\n\t<meta property=\"og:image:type\" content=\"image\/jpeg\" \/>\n<meta name=\"twitter:card\" content=\"summary_large_image\" \/>\n<meta name=\"twitter:label1\" content=\"Gesch\u00e4tzte Lesezeit\" \/>\n\t<meta name=\"twitter:data1\" content=\"5\u00a0Minuten\" \/>\n<script type=\"application\/ld+json\" class=\"yoast-schema-graph\">{\"@context\":\"https:\\\/\\\/schema.org\",\"@graph\":[{\"@type\":\"WebPage\",\"@id\":\"https:\\\/\\\/369agara.com\\\/produit\\\/couverture-plaid\\\/\",\"url\":\"https:\\\/\\\/369agara.com\\\/produit\\\/couverture-plaid\\\/\",\"name\":\"Couverture plaid \\\"Doudou\\\" de mise \u00e0 la terre Earthing | Agara\",\"isPartOf\":{\"@id\":\"https:\\\/\\\/369agara.com\\\/#website\"},\"primaryImageOfPage\":{\"@id\":\"https:\\\/\\\/369agara.com\\\/produit\\\/couverture-plaid\\\/#primaryimage\"},\"image\":{\"@id\":\"https:\\\/\\\/369agara.com\\\/produit\\\/couverture-plaid\\\/#primaryimage\"},\"thumbnailUrl\":\"https:\\\/\\\/369agara.com\\\/wp-content\\\/uploads\\\/2025\\\/05\\\/couverture-plaid-doudou-de-mise-a-la-terre-earthing.jpg\",\"datePublished\":\"2025-05-11T10:06:37+00:00\",\"dateModified\":\"2025-05-13T09:32:54+00:00\",\"description\":\"La couverture plaid \\\"Doudou\\\" Earthing permet \u00e0 votre corps de profiter nombreux bienfaits de la mise \u00e0 la terre pendant que vous vous reposez, lisez, regardez la t\u00e9l\u00e9vision, etc.\u00a0Dimensions 114 x 152 cm.\u00a0Livr\u00e9 avec accessoires de mise \u00e0 la terre.\",\"breadcrumb\":{\"@id\":\"https:\\\/\\\/369agara.com\\\/produit\\\/couverture-plaid\\\/#breadcrumb\"},\"inLanguage\":\"de\",\"potentialAction\":[{\"@type\":\"ReadAction\",\"target\":[\"https:\\\/\\\/369agara.com\\\/produit\\\/couverture-plaid\\\/\"]}]},{\"@type\":\"ImageObject\",\"inLanguage\":\"de\",\"@id\":\"https:\\\/\\\/369agara.com\\\/produit\\\/couverture-plaid\\\/#primaryimage\",\"url\":\"https:\\\/\\\/369agara.com\\\/wp-content\\\/uploads\\\/2025\\\/05\\\/couverture-plaid-doudou-de-mise-a-la-terre-earthing.jpg\",\"contentUrl\":\"https:\\\/\\\/369agara.com\\\/wp-content\\\/uploads\\\/2025\\\/05\\\/couverture-plaid-doudou-de-mise-a-la-terre-earthing.jpg\",\"width\":800,\"height\":800},{\"@type\":\"BreadcrumbList\",\"@id\":\"https:\\\/\\\/369agara.com\\\/produit\\\/couverture-plaid\\\/#breadcrumb\",\"itemListElement\":[{\"@type\":\"ListItem\",\"position\":1,\"name\":\"Accueil\",\"item\":\"https:\\\/\\\/369agara.com\\\/\"},{\"@type\":\"ListItem\",\"position\":2,\"name\":\"La boutique\",\"item\":\"https:\\\/\\\/369agara.com\\\/la-boutique\\\/\"},{\"@type\":\"ListItem\",\"position\":3,\"name\":\"Couverture plaid \u00ab\u00a0Doudou\u00a0\u00bb de mise \u00e0 la terre Earthing\"}]},{\"@type\":\"WebSite\",\"@id\":\"https:\\\/\\\/369agara.com\\\/#website\",\"url\":\"https:\\\/\\\/369agara.com\\\/\",\"name\":\"Livsrikedomar\",\"description\":\"D\u00e9connectez pour mieux vous connecter\",\"publisher\":{\"@id\":\"https:\\\/\\\/369agara.com\\\/#organization\"},\"potentialAction\":[{\"@type\":\"SearchAction\",\"target\":{\"@type\":\"EntryPoint\",\"urlTemplate\":\"https:\\\/\\\/369agara.com\\\/?s={search_term_string}\"},\"query-input\":{\"@type\":\"PropertyValueSpecification\",\"valueRequired\":true,\"valueName\":\"search_term_string\"}}],\"inLanguage\":\"de\"},{\"@type\":\"Organization\",\"@id\":\"https:\\\/\\\/369agara.com\\\/#organization\",\"name\":\"EACreations\",\"url\":\"https:\\\/\\\/369agara.com\\\/\",\"logo\":{\"@type\":\"ImageObject\",\"inLanguage\":\"de\",\"@id\":\"https:\\\/\\\/369agara.com\\\/#\\\/schema\\\/logo\\\/image\\\/\",\"url\":\"\",\"contentUrl\":\"\",\"caption\":\"EACreations\"},\"image\":{\"@id\":\"https:\\\/\\\/369agara.com\\\/#\\\/schema\\\/logo\\\/image\\\/\"}}]}<\/script>\n<!-- \/ Yoast SEO Premium plugin. -->","yoast_head_json":{"title":"Couverture plaid \"Doudou\" de mise \u00e0 la terre Earthing | Agara","description":"La couverture plaid \"Doudou\" Earthing permet \u00e0 votre corps de profiter nombreux bienfaits de la mise \u00e0 la terre pendant que vous vous reposez, lisez, regardez la t\u00e9l\u00e9vision, etc.\u00a0Dimensions 114 x 152 cm.\u00a0Livr\u00e9 avec accessoires de mise \u00e0 la terre.","robots":{"index":"index","follow":"follow","max-snippet":"max-snippet:-1","max-image-preview":"max-image-preview:large","max-video-preview":"max-video-preview:-1"},"canonical":"https:\/\/369agara.com\/de\/produkt\/couverture-plaid\/","og_locale":"de_DE","og_type":"article","og_title":"Couverture plaid \"Doudou\" de mise \u00e0 la terre Earthing","og_description":"La couverture plaid \"Doudou\" Earthing permet \u00e0 votre corps de profiter nombreux bienfaits de la mise \u00e0 la terre pendant que vous vous reposez, lisez, regardez la t\u00e9l\u00e9vision, etc.\u00a0Dimensions 114 x 152 cm.\u00a0Livr\u00e9 avec accessoires de mise \u00e0 la terre.","og_url":"https:\/\/369agara.com\/de\/produkt\/couverture-plaid\/","og_site_name":"Agara","article_modified_time":"2025-05-13T09:32:54+00:00","og_image":[{"width":800,"height":800,"url":"https:\/\/369agara.com\/wp-content\/uploads\/2025\/05\/couverture-plaid-doudou-de-mise-a-la-terre-earthing.jpg","type":"image\/jpeg"}],"twitter_card":"summary_large_image","twitter_misc":{"Gesch\u00e4tzte Lesezeit":"5\u00a0Minuten"},"schema":{"@context":"https:\/\/schema.org","@graph":[{"@type":"WebPage","@id":"https:\/\/369agara.com\/produit\/couverture-plaid\/","url":"https:\/\/369agara.com\/produit\/couverture-plaid\/","name":"Couverture plaid \"Doudou\" de mise \u00e0 la terre Earthing | Agara","isPartOf":{"@id":"https:\/\/369agara.com\/#website"},"primaryImageOfPage":{"@id":"https:\/\/369agara.com\/produit\/couverture-plaid\/#primaryimage"},"image":{"@id":"https:\/\/369agara.com\/produit\/couverture-plaid\/#primaryimage"},"thumbnailUrl":"https:\/\/369agara.com\/wp-content\/uploads\/2025\/05\/couverture-plaid-doudou-de-mise-a-la-terre-earthing.jpg","datePublished":"2025-05-11T10:06:37+00:00","dateModified":"2025-05-13T09:32:54+00:00","description":"La couverture plaid \"Doudou\" Earthing permet \u00e0 votre corps de profiter nombreux bienfaits de la mise \u00e0 la terre pendant que vous vous reposez, lisez, regardez la t\u00e9l\u00e9vision, etc.\u00a0Dimensions 114 x 152 cm.\u00a0Livr\u00e9 avec accessoires de mise \u00e0 la terre.","breadcrumb":{"@id":"https:\/\/369agara.com\/produit\/couverture-plaid\/#breadcrumb"},"inLanguage":"de","potentialAction":[{"@type":"ReadAction","target":["https:\/\/369agara.com\/produit\/couverture-plaid\/"]}]},{"@type":"ImageObject","inLanguage":"de","@id":"https:\/\/369agara.com\/produit\/couverture-plaid\/#primaryimage","url":"https:\/\/369agara.com\/wp-content\/uploads\/2025\/05\/couverture-plaid-doudou-de-mise-a-la-terre-earthing.jpg","contentUrl":"https:\/\/369agara.com\/wp-content\/uploads\/2025\/05\/couverture-plaid-doudou-de-mise-a-la-terre-earthing.jpg","width":800,"height":800},{"@type":"BreadcrumbList","@id":"https:\/\/369agara.com\/produit\/couverture-plaid\/#breadcrumb","itemListElement":[{"@type":"ListItem","position":1,"name":"Accueil","item":"https:\/\/369agara.com\/"},{"@type":"ListItem","position":2,"name":"La boutique","item":"https:\/\/369agara.com\/la-boutique\/"},{"@type":"ListItem","position":3,"name":"Couverture plaid \u00ab\u00a0Doudou\u00a0\u00bb de mise \u00e0 la terre Earthing"}]},{"@type":"WebSite","@id":"https:\/\/369agara.com\/#website","url":"https:\/\/369agara.com\/","name":"Livsrikedomar","description":"Trennen Sie die Verbindung, um sich besser zu verbinden","publisher":{"@id":"https:\/\/369agara.com\/#organization"},"potentialAction":[{"@type":"SearchAction","target":{"@type":"EntryPoint","urlTemplate":"https:\/\/369agara.com\/?s={search_term_string}"},"query-input":{"@type":"PropertyValueSpecification","valueRequired":true,"valueName":"search_term_string"}}],"inLanguage":"de"},{"@type":"Organization","@id":"https:\/\/369agara.com\/#organization","name":"EACreations","url":"https:\/\/369agara.com\/","logo":{"@type":"ImageObject","inLanguage":"de","@id":"https:\/\/369agara.com\/#\/schema\/logo\/image\/","url":"","contentUrl":"","caption":"EACreations"},"image":{"@id":"https:\/\/369agara.com\/#\/schema\/logo\/image\/"}}]}},"jetpack_sharing_enabled":true,"_links":{"self":[{"href":"https:\/\/369agara.com\/de\/wp-json\/wp\/v2\/product\/3764","targetHints":{"allow":["GET"]}}],"collection":[{"href":"https:\/\/369agara.com\/de\/wp-json\/wp\/v2\/product"}],"about":[{"href":"https:\/\/369agara.com\/de\/wp-json\/wp\/v2\/types\/product"}],"replies":[{"embeddable":true,"href":"https:\/\/369agara.com\/de\/wp-json\/wp\/v2\/comments?post=3764"}],"wp:featuredmedia":[{"embeddable":true,"href":"https:\/\/369agara.com\/de\/wp-json\/wp\/v2\/media\/3767"}],"wp:attachment":[{"href":"https:\/\/369agara.com\/de\/wp-json\/wp\/v2\/media?parent=3764"}],"wp:term":[{"taxonomy":"product_brand","embeddable":true,"href":"https:\/\/369agara.com\/de\/wp-json\/wp\/v2\/product_brand?post=3764"},{"taxonomy":"product_cat","embeddable":true,"href":"https:\/\/369agara.com\/de\/wp-json\/wp\/v2\/product_cat?post=3764"},{"taxonomy":"product_tag","embeddable":true,"href":"https:\/\/369agara.com\/de\/wp-json\/wp\/v2\/product_tag?post=3764"}],"curies":[{"name":"wp","href":"https:\/\/api.w.org\/{rel}","templated":true}]}}