{"id":3806,"date":"2025-05-12T19:37:10","date_gmt":"2025-05-12T17:37:10","guid":{"rendered":"https:\/\/369agara.com\/?post_type=product&#038;p=3806"},"modified":"2025-05-12T19:55:42","modified_gmt":"2025-05-12T17:55:42","slug":"cable-ethernet-rj45-cat5e-3m-ou-5m","status":"publish","type":"product","link":"https:\/\/369agara.com\/de\/produkt\/cable-ethernet-rj45-cat5e-3m-ou-5m\/","title":{"rendered":"Ethernet-Kabel RJ45 CAT5E - 3 m | 5 m"},"content":{"rendered":"<p><span style=\"font-family: 'Book Antiqua', Palatino; font-size: 120%; color: #333399;\">Genie\u00dfen Sie das Internet in aller Ruhe, ohne WiFi, aber mit einer leistungsstarken Kabelverbindung!<\/span><\/p>\n<p><span style=\"font-family: 'Book Antiqua', Palatino; font-size: 120%; color: #333399;\">Wussten Sie, dass Wi-Fi st\u00e4ndig elektromagnetische Wellen in Ihre Wohnung sendet?<\/span><br \/>\n<span style=\"font-family: 'Book Antiqua', Palatino; font-size: 120%; color: #333399;\">Mit diesem RJ45 CAT 5E Ethernet-Kabel erhalten Sie eine stabile und schnelle Verbindung und reduzieren gleichzeitig Ihre Strahlenbelastung. Ideal f\u00fcr eine ges\u00fcndere Umgebung, ob zu Hause oder im B\u00fcro.<\/span><\/p>\n<p><span style=\"font-family: 'Book Antiqua', Palatino; font-size: 120%; color: #333399;\">Die Vorteile einer kabelgebundenen Verbindung :<\/span><\/p>\n<ul>\n<li><span style=\"font-family: 'Book Antiqua', Palatino; font-size: 120%; color: #333399;\">Reduzierte Wellenbelastung - ideal f\u00fcr einen beruhigenderen Lebensraum.<\/span><\/li>\n<li><span style=\"font-family: 'Book Antiqua', Palatino; font-size: 120%; color: #333399;\">Stabile und schnelle Verbindung (Datenrate bis zu 1 Gbps): reibungsloses Surfen, effiziente Telearbeit, unterbrechungsfreies Streaming<\/span><\/li>\n<li><span style=\"font-family: 'Book Antiqua', Palatino; font-size: 120%; color: #333399;\">Stabile und dauerhafte Installation: widerstandsf\u00e4hige Materialien und universelle RJ45-Anschl\u00fcsse<\/span><\/li>\n<li><span style=\"font-family: 'Book Antiqua', Palatino; font-size: 120%; color: #333399;\">Kompatibel mit all Ihren Ger\u00e4ten: Computer, Boxen, Konsolen, TV,...<\/span><\/li>\n<\/ul>\n<p><span style=\"font-family: 'Book Antiqua', Palatino; font-size: 120%; color: #333399;\"><strong>Ideal f\u00fcr alle, die ihre Belastung durch Wi-Fi-Wellen begrenzen und gleichzeitig eine zuverl\u00e4ssige Datenrate genie\u00dfen m\u00f6chten.<\/strong>\u00a0f\u00fcr Telearbeit, Gaming oder HD-Streaming.<\/span><\/p>\n<h3><span style=\"font-family: 'Book Antiqua', Palatino; font-size: 120%; color: #333399;\">2 L\u00e4ngen<\/span><\/h3>\n<ul>\n<li><span style=\"font-family: 'Book Antiqua', Palatino; font-size: 120%; color: #333399;\">3 Meter<\/span><\/li>\n<li><span style=\"font-family: 'Book Antiqua', Palatino; font-size: 120%; color: #333399;\">5 Meter<\/span><\/li>\n<\/ul>\n<h3><span style=\"font-family: 'Book Antiqua', Palatino; font-size: 120%; color: #333399;\">Technische Daten<\/span><\/h3>\n<ul>\n<li><span style=\"font-family: 'Book Antiqua', Palatino; font-size: 120%; color: #333399;\">Anwendung: Routerverbindung<\/span><\/li>\n<li><span style=\"font-family: 'Book Antiqua', Palatino; font-size: 120%; color: #333399;\">Schnittstellentyp: RJ45-Anschluss<\/span><\/li>\n<li><span style=\"font-family: 'Book Antiqua', Palatino; font-size: 120%; color: #333399;\">Durchmesser: 5,3 mm<\/span><\/li>\n<li><span style=\"font-family: 'Book Antiqua', Palatino; font-size: 120%; color: #333399;\">Kabell\u00e4nge: 3 Meter \/ 5 Meter<\/span><\/li>\n<li><span style=\"font-family: 'Book Antiqua', Palatino; font-size: 120%; color: #333399;\">Zusammensetzung: supraleitende Legierung<\/span><\/li>\n<li><span style=\"font-family: 'Book Antiqua', Palatino; font-size: 120%; color: #333399;\">Daten\u00fcbertragungsgeschwindigkeit: bis zu 1 Gbps<\/span><\/li>\n<li><span style=\"font-family: 'Book Antiqua', Palatino; font-size: 120%; color: #333399;\">Betriebstemperatur: -45 bis 75 \u00b0C<\/span><\/li>\n<li><span style=\"font-family: 'Book Antiqua', Palatino; font-size: 120%; color: #333399;\">Zugfestigkeit: 1000N<\/span><\/li>\n<li><span style=\"font-family: 'Book Antiqua', Palatino; font-size: 120%; color: #333399;\">Druckfestigkeit: 250P<\/span><\/li>\n<\/ul>\n<h3><span style=\"font-family: 'Book Antiqua', Palatino; font-size: 120%; color: #333399;\">Der Agara-Rat<\/span><\/h3>\n<p><span style=\"font-family: 'Book Antiqua', Palatino; font-size: 120%; color: #333399;\">Wenn Sie dieses Paket mit einem Tablet oder einem Computer ohne RJ45-Ethernet-Anschluss oder mit Ihrem Telefon verwenden m\u00f6chten, ist das kein Problem! Verwenden Sie einfach einen Hub :<\/span><\/p>\n<ul>\n<li><a href=\"https:\/\/369agara.com\/produit\/adaptateur-rj45-usb-c\/\"><span style=\"font-family: 'Book Antiqua', Palatino; font-size: 120%; color: #333399;\">Ethernet-Hub-Adapter RJ45 - USB-C<\/span><\/a><\/li>\n<li><span style=\"font-family: 'Book Antiqua', Palatino; font-size: 120%; color: #333399;\"><a href=\"https:\/\/369agara.com\/produit\/adaptateur-hub-e\u2026t-rj45-lightning\/\">Ethernet-Hub-Adapter RJ45 - Ligthning<\/a>\u00a0wenn Sie auf einem Mac \/ iPhone sind.<\/span><\/li>\n<\/ul>","protected":false},"excerpt":{"rendered":"<p><span style=\"font-family: 'Book Antiqua', Palatino; font-size: 120%; color: #333399;\">Mit diesem RJ45-Ethernet-Kabel k\u00f6nnen Sie Ihre Box \"kabelgebunden\" und ohne WLAN mit Ihrem Computer verbinden und sich so vor WLAN-Strahlung sch\u00fctzen.\u00a0<\/span><\/p>\n<p><span style=\"font-family: 'Book Antiqua', Palatino; font-size: 120%; color: #333399;\">2 L\u00e4ngen: 3 oder 5 Meter<\/span><\/p>","protected":false},"featured_media":3808,"comment_status":"open","ping_status":"closed","template":"","meta":[],"product_brand":[],"product_cat":[164],"product_tag":[248,246,247,251,249,245],"class_list":{"0":"post-3806","1":"product","2":"type-product","3":"status-publish","4":"has-post-thumbnail","6":"product_cat-baubiologie","7":"product_tag-baubiologie","8":"product_tag-bureau","9":"product_tag-chambre","10":"product_tag-electricite","11":"product_tag-electromagnetisme","12":"product_tag-maison","14":"first","15":"instock","16":"taxable","17":"shipping-taxable","18":"purchasable","19":"product-type-variable"},"yoast_head":"<!-- This site is optimized with the Yoast SEO Premium plugin v25.1 (Yoast SEO v27.4) - https:\/\/yoast.com\/product\/yoast-seo-premium-wordpress\/ -->\n<title>C\u00e2ble Ethernet RJ45 CAT5E - 3 m | 5 m | Agara<\/title>\n<meta name=\"description\" content=\"Ce c\u00e2ble Ethernet RJ45 permet de connecter votre box \u00e0 votre ordinateur &quot;en filaire&quot;, sans Wifi, vous pr\u00e9servant ainsi des rayonnements sans fil.\u00a02 longueurs : 3 ou 5 m\u00e8tres\" \/>\n<meta name=\"robots\" content=\"index, follow, max-snippet:-1, max-image-preview:large, max-video-preview:-1\" \/>\n<link rel=\"canonical\" href=\"https:\/\/369agara.com\/de\/produkt\/cable-ethernet-rj45-cat5e-3m-ou-5m\/\" \/>\n<meta property=\"og:locale\" content=\"de_DE\" \/>\n<meta property=\"og:type\" content=\"article\" \/>\n<meta property=\"og:title\" content=\"C\u00e2ble Ethernet RJ45 CAT5E - 3 m | 5 m\" \/>\n<meta property=\"og:description\" content=\"Ce c\u00e2ble Ethernet RJ45 permet de connecter votre box \u00e0 votre ordinateur &quot;en filaire&quot;, sans Wifi, vous pr\u00e9servant ainsi des rayonnements sans fil.\u00a02 longueurs : 3 ou 5 m\u00e8tres\" \/>\n<meta property=\"og:url\" content=\"https:\/\/369agara.com\/de\/produkt\/cable-ethernet-rj45-cat5e-3m-ou-5m\/\" \/>\n<meta property=\"og:site_name\" content=\"Agara\" \/>\n<meta property=\"article:modified_time\" content=\"2025-05-12T17:55:42+00:00\" \/>\n<meta property=\"og:image\" content=\"https:\/\/369agara.com\/wp-content\/uploads\/2025\/05\/cable-ethernet-rj45-cat5e-3-metres.png\" \/>\n\t<meta property=\"og:image:width\" content=\"800\" \/>\n\t<meta property=\"og:image:height\" content=\"800\" \/>\n\t<meta property=\"og:image:type\" content=\"image\/png\" \/>\n<meta name=\"twitter:card\" content=\"summary_large_image\" \/>\n<meta name=\"twitter:label1\" content=\"Gesch\u00e4tzte Lesezeit\" \/>\n\t<meta name=\"twitter:data1\" content=\"2\u00a0Minuten\" \/>\n<script type=\"application\/ld+json\" class=\"yoast-schema-graph\">{\"@context\":\"https:\\\/\\\/schema.org\",\"@graph\":[{\"@type\":\"WebPage\",\"@id\":\"https:\\\/\\\/369agara.com\\\/produit\\\/cable-ethernet-rj45-cat5e-3m-ou-5m\\\/\",\"url\":\"https:\\\/\\\/369agara.com\\\/produit\\\/cable-ethernet-rj45-cat5e-3m-ou-5m\\\/\",\"name\":\"C\u00e2ble Ethernet RJ45 CAT5E - 3 m | 5 m | Agara\",\"isPartOf\":{\"@id\":\"https:\\\/\\\/369agara.com\\\/#website\"},\"primaryImageOfPage\":{\"@id\":\"https:\\\/\\\/369agara.com\\\/produit\\\/cable-ethernet-rj45-cat5e-3m-ou-5m\\\/#primaryimage\"},\"image\":{\"@id\":\"https:\\\/\\\/369agara.com\\\/produit\\\/cable-ethernet-rj45-cat5e-3m-ou-5m\\\/#primaryimage\"},\"thumbnailUrl\":\"https:\\\/\\\/369agara.com\\\/wp-content\\\/uploads\\\/2025\\\/05\\\/cable-ethernet-rj45-cat5e-3-metres.png\",\"datePublished\":\"2025-05-12T17:37:10+00:00\",\"dateModified\":\"2025-05-12T17:55:42+00:00\",\"description\":\"Ce c\u00e2ble Ethernet RJ45 permet de connecter votre box \u00e0 votre ordinateur \\\"en filaire\\\", sans Wifi, vous pr\u00e9servant ainsi des rayonnements sans fil.\u00a02 longueurs : 3 ou 5 m\u00e8tres\",\"breadcrumb\":{\"@id\":\"https:\\\/\\\/369agara.com\\\/produit\\\/cable-ethernet-rj45-cat5e-3m-ou-5m\\\/#breadcrumb\"},\"inLanguage\":\"de\",\"potentialAction\":[{\"@type\":\"ReadAction\",\"target\":[\"https:\\\/\\\/369agara.com\\\/produit\\\/cable-ethernet-rj45-cat5e-3m-ou-5m\\\/\"]}]},{\"@type\":\"ImageObject\",\"inLanguage\":\"de\",\"@id\":\"https:\\\/\\\/369agara.com\\\/produit\\\/cable-ethernet-rj45-cat5e-3m-ou-5m\\\/#primaryimage\",\"url\":\"https:\\\/\\\/369agara.com\\\/wp-content\\\/uploads\\\/2025\\\/05\\\/cable-ethernet-rj45-cat5e-3-metres.png\",\"contentUrl\":\"https:\\\/\\\/369agara.com\\\/wp-content\\\/uploads\\\/2025\\\/05\\\/cable-ethernet-rj45-cat5e-3-metres.png\",\"width\":800,\"height\":800},{\"@type\":\"BreadcrumbList\",\"@id\":\"https:\\\/\\\/369agara.com\\\/produit\\\/cable-ethernet-rj45-cat5e-3m-ou-5m\\\/#breadcrumb\",\"itemListElement\":[{\"@type\":\"ListItem\",\"position\":1,\"name\":\"Accueil\",\"item\":\"https:\\\/\\\/369agara.com\\\/\"},{\"@type\":\"ListItem\",\"position\":2,\"name\":\"La boutique\",\"item\":\"https:\\\/\\\/369agara.com\\\/la-boutique\\\/\"},{\"@type\":\"ListItem\",\"position\":3,\"name\":\"C\u00e2ble Ethernet RJ45 CAT5E &#8211; 3 m | 5 m\"}]},{\"@type\":\"WebSite\",\"@id\":\"https:\\\/\\\/369agara.com\\\/#website\",\"url\":\"https:\\\/\\\/369agara.com\\\/\",\"name\":\"Livsrikedomar\",\"description\":\"D\u00e9connectez pour mieux vous connecter\",\"publisher\":{\"@id\":\"https:\\\/\\\/369agara.com\\\/#organization\"},\"potentialAction\":[{\"@type\":\"SearchAction\",\"target\":{\"@type\":\"EntryPoint\",\"urlTemplate\":\"https:\\\/\\\/369agara.com\\\/?s={search_term_string}\"},\"query-input\":{\"@type\":\"PropertyValueSpecification\",\"valueRequired\":true,\"valueName\":\"search_term_string\"}}],\"inLanguage\":\"de\"},{\"@type\":\"Organization\",\"@id\":\"https:\\\/\\\/369agara.com\\\/#organization\",\"name\":\"EACreations\",\"url\":\"https:\\\/\\\/369agara.com\\\/\",\"logo\":{\"@type\":\"ImageObject\",\"inLanguage\":\"de\",\"@id\":\"https:\\\/\\\/369agara.com\\\/#\\\/schema\\\/logo\\\/image\\\/\",\"url\":\"\",\"contentUrl\":\"\",\"caption\":\"EACreations\"},\"image\":{\"@id\":\"https:\\\/\\\/369agara.com\\\/#\\\/schema\\\/logo\\\/image\\\/\"}}]}<\/script>\n<!-- \/ Yoast SEO Premium plugin. -->","yoast_head_json":{"title":"C\u00e2ble Ethernet RJ45 CAT5E - 3 m | 5 m | Agara","description":"Mit diesem RJ45-Ethernet-Kabel k\u00f6nnen Sie Ihre Box \"kabelgebunden\" ohne WLAN mit Ihrem Computer verbinden und sich so vor WLAN-Strahlung sch\u00fctzen. 2 L\u00e4ngen: 3 oder 5 Meter","robots":{"index":"index","follow":"follow","max-snippet":"max-snippet:-1","max-image-preview":"max-image-preview:large","max-video-preview":"max-video-preview:-1"},"canonical":"https:\/\/369agara.com\/de\/produkt\/cable-ethernet-rj45-cat5e-3m-ou-5m\/","og_locale":"de_DE","og_type":"article","og_title":"C\u00e2ble Ethernet RJ45 CAT5E - 3 m | 5 m","og_description":"Ce c\u00e2ble Ethernet RJ45 permet de connecter votre box \u00e0 votre ordinateur \"en filaire\", sans Wifi, vous pr\u00e9servant ainsi des rayonnements sans fil.\u00a02 longueurs : 3 ou 5 m\u00e8tres","og_url":"https:\/\/369agara.com\/de\/produkt\/cable-ethernet-rj45-cat5e-3m-ou-5m\/","og_site_name":"Agara","article_modified_time":"2025-05-12T17:55:42+00:00","og_image":[{"width":800,"height":800,"url":"https:\/\/369agara.com\/wp-content\/uploads\/2025\/05\/cable-ethernet-rj45-cat5e-3-metres.png","type":"image\/png"}],"twitter_card":"summary_large_image","twitter_misc":{"Gesch\u00e4tzte Lesezeit":"2\u00a0Minuten"},"schema":{"@context":"https:\/\/schema.org","@graph":[{"@type":"WebPage","@id":"https:\/\/369agara.com\/produit\/cable-ethernet-rj45-cat5e-3m-ou-5m\/","url":"https:\/\/369agara.com\/produit\/cable-ethernet-rj45-cat5e-3m-ou-5m\/","name":"C\u00e2ble Ethernet RJ45 CAT5E - 3 m | 5 m | Agara","isPartOf":{"@id":"https:\/\/369agara.com\/#website"},"primaryImageOfPage":{"@id":"https:\/\/369agara.com\/produit\/cable-ethernet-rj45-cat5e-3m-ou-5m\/#primaryimage"},"image":{"@id":"https:\/\/369agara.com\/produit\/cable-ethernet-rj45-cat5e-3m-ou-5m\/#primaryimage"},"thumbnailUrl":"https:\/\/369agara.com\/wp-content\/uploads\/2025\/05\/cable-ethernet-rj45-cat5e-3-metres.png","datePublished":"2025-05-12T17:37:10+00:00","dateModified":"2025-05-12T17:55:42+00:00","description":"Mit diesem RJ45-Ethernet-Kabel k\u00f6nnen Sie Ihre Box \"kabelgebunden\" ohne WLAN mit Ihrem Computer verbinden und sich so vor WLAN-Strahlung sch\u00fctzen. 2 L\u00e4ngen: 3 oder 5 Meter","breadcrumb":{"@id":"https:\/\/369agara.com\/produit\/cable-ethernet-rj45-cat5e-3m-ou-5m\/#breadcrumb"},"inLanguage":"de","potentialAction":[{"@type":"ReadAction","target":["https:\/\/369agara.com\/produit\/cable-ethernet-rj45-cat5e-3m-ou-5m\/"]}]},{"@type":"ImageObject","inLanguage":"de","@id":"https:\/\/369agara.com\/produit\/cable-ethernet-rj45-cat5e-3m-ou-5m\/#primaryimage","url":"https:\/\/369agara.com\/wp-content\/uploads\/2025\/05\/cable-ethernet-rj45-cat5e-3-metres.png","contentUrl":"https:\/\/369agara.com\/wp-content\/uploads\/2025\/05\/cable-ethernet-rj45-cat5e-3-metres.png","width":800,"height":800},{"@type":"BreadcrumbList","@id":"https:\/\/369agara.com\/produit\/cable-ethernet-rj45-cat5e-3m-ou-5m\/#breadcrumb","itemListElement":[{"@type":"ListItem","position":1,"name":"Accueil","item":"https:\/\/369agara.com\/"},{"@type":"ListItem","position":2,"name":"La boutique","item":"https:\/\/369agara.com\/la-boutique\/"},{"@type":"ListItem","position":3,"name":"C\u00e2ble Ethernet RJ45 CAT5E &#8211; 3 m | 5 m"}]},{"@type":"WebSite","@id":"https:\/\/369agara.com\/#website","url":"https:\/\/369agara.com\/","name":"Livsrikedomar","description":"Trennen Sie die Verbindung, um sich besser zu verbinden","publisher":{"@id":"https:\/\/369agara.com\/#organization"},"potentialAction":[{"@type":"SearchAction","target":{"@type":"EntryPoint","urlTemplate":"https:\/\/369agara.com\/?s={search_term_string}"},"query-input":{"@type":"PropertyValueSpecification","valueRequired":true,"valueName":"search_term_string"}}],"inLanguage":"de"},{"@type":"Organization","@id":"https:\/\/369agara.com\/#organization","name":"EACreations","url":"https:\/\/369agara.com\/","logo":{"@type":"ImageObject","inLanguage":"de","@id":"https:\/\/369agara.com\/#\/schema\/logo\/image\/","url":"","contentUrl":"","caption":"EACreations"},"image":{"@id":"https:\/\/369agara.com\/#\/schema\/logo\/image\/"}}]}},"jetpack_sharing_enabled":true,"_links":{"self":[{"href":"https:\/\/369agara.com\/de\/wp-json\/wp\/v2\/product\/3806","targetHints":{"allow":["GET"]}}],"collection":[{"href":"https:\/\/369agara.com\/de\/wp-json\/wp\/v2\/product"}],"about":[{"href":"https:\/\/369agara.com\/de\/wp-json\/wp\/v2\/types\/product"}],"replies":[{"embeddable":true,"href":"https:\/\/369agara.com\/de\/wp-json\/wp\/v2\/comments?post=3806"}],"wp:featuredmedia":[{"embeddable":true,"href":"https:\/\/369agara.com\/de\/wp-json\/wp\/v2\/media\/3808"}],"wp:attachment":[{"href":"https:\/\/369agara.com\/de\/wp-json\/wp\/v2\/media?parent=3806"}],"wp:term":[{"taxonomy":"product_brand","embeddable":true,"href":"https:\/\/369agara.com\/de\/wp-json\/wp\/v2\/product_brand?post=3806"},{"taxonomy":"product_cat","embeddable":true,"href":"https:\/\/369agara.com\/de\/wp-json\/wp\/v2\/product_cat?post=3806"},{"taxonomy":"product_tag","embeddable":true,"href":"https:\/\/369agara.com\/de\/wp-json\/wp\/v2\/product_tag?post=3806"}],"curies":[{"name":"wp","href":"https:\/\/api.w.org\/{rel}","templated":true}]}}