{"id":3811,"date":"2025-05-12T19:48:34","date_gmt":"2025-05-12T17:48:34","guid":{"rendered":"https:\/\/369agara.com\/?post_type=product&#038;p=3811"},"modified":"2025-05-12T19:55:09","modified_gmt":"2025-05-12T17:55:09","slug":"adaptateur-hub-ethernet-rj45-lightning","status":"publish","type":"product","link":"https:\/\/369agara.com\/de\/produkt\/adaptateur-hub-ethernet-rj45-lightning\/","title":{"rendered":"Ethernet-Hub-Adapter RJ45 - Lightning"},"content":{"rendered":"<p><span style=\"font-family: 'Book Antiqua', Palatino; font-size: 120%; color: #333399;\">Mit diesem Adapter Ethernet-Hub RJ45 - Lightning k\u00f6nnen Sie ein Ethernet-Kabel an ein Apple\u00ae iPhone, iPad, iPod mit Lightning-Eingang anschlie\u00dfen.<\/span><br \/>\n<span style=\"font-family: 'Book Antiqua', Palatino; font-size: 120%; color: #333399;\"><strong>Es ist das unverzichtbare Zubeh\u00f6r, um auf diesen Ger\u00e4ten ohne jegliche Wellen (weder WiFi noch mobile Daten) eine Internetverbindung herzustellen.<\/strong>.<\/span><\/p>\n<p><span style=\"font-family: 'Book Antiqua', Palatino; font-size: 120%; color: #333399;\">So profitieren Sie von allen technologischen Vorteilen, die sie mit sich bringen. Sie k\u00f6nnen so lange auf das Internet zugreifen und surfen, wie Sie m\u00f6chten, und sind dabei vor Hochfrequenzstrahlung gesch\u00fctzt.<\/span><\/p>\n<p><span style=\"font-family: 'Book Antiqua', Palatino; font-size: 120%; color: #333399;\">Dazu schlie\u00dfen Sie den Adapter einfach auf einer Seite an ein RJ45-Ethernet-Kabel an, stecken die andere Seite in den Lightning-Eingang des Ger\u00e4ts, das Sie verwenden m\u00f6chten, und schalten das Tablet, Smartphone oder den Laptop in den Flugzeugmodus.<\/span><br \/>\n<span style=\"font-family: 'Book Antiqua', Palatino; font-size: 120%; color: #333399;\">Anschlie\u00dfend haben Sie Zugriff auf alle Ihre Lieblings-Apps, das Internet, WhatsApp usw.\u00a0<\/span><br \/>\n<span style=\"font-family: 'Book Antiqua', Palatino; font-size: 120%; color: #333399;\">So k\u00f6nnen Sie von zu Hause aus arbeiten, online und im Netzwerk spielen, einen Film auf Netflix ansehen, in sozialen Netzwerken surfen, ...<\/span><\/p>\n<p><span style=\"font-family: 'Book Antiqua', Palatino; font-size: 120%; color: #333399;\">Da Sie sich im Flugzeugmodus befinden, sind Sie jedoch nicht \u00fcber Ihr Telefon erreichbar und k\u00f6nnen keine SMS oder MMS versenden. Nur Nachrichten-Apps werden funktionieren.<\/span><\/p>\n<p><span style=\"font-family: 'Book Antiqua', Palatino; font-size: 120%; color: #333399;\">Da dieser Adapter auch \u00fcber einen Eingang f\u00fcr Ihr Ladekabel verf\u00fcgt, k\u00f6nnen Sie Ihr Ger\u00e4t aufladen, w\u00e4hrend Sie es benutzen.<\/span><\/p>\n<h3><span style=\"font-family: 'Book Antiqua', Palatino; font-size: 120%; color: #333399;\">Lightning-Anschl\u00fcsse<\/span><\/h3>\n<p><span style=\"font-family: 'Book Antiqua', Palatino; font-size: 120%; color: #333399;\">Dieser RJ45-Ethernet-Adapter verf\u00fcgt \u00fcber einen Lightning-Anschluss und ist mit dem iPhone bis zum iPhone 14, dem Apple iPad und dem iPod\u00ae kompatibel.<\/span><\/p>\n<p><span style=\"font-family: 'Book Antiqua', Palatino; font-size: 120%; color: #333399;\">Bitte beachten. iPhones ab dem iPhone 15, Tablets, MacBooks und MacBok Pro sowie iPad pro (ab 2018) haben einen USB-C-Anschluss. Es empfiehlt sich, mit diesen Ger\u00e4ten unsere\u00a0<a href=\"https:\/\/369agara.com\/produit\/adaptateur-rj45-usb-c\/\">Ethernet-Hub-Adapter RJ45 - USB-C<\/a>.\u00a0<\/span><\/p>\n<h3><span style=\"font-family: 'Book Antiqua', Palatino; font-size: 120%; color: #333399;\">Plug and Play<\/span><\/h3>\n<p><span style=\"font-family: 'Book Antiqua', Palatino; font-size: 120%; color: #333399;\">Dieser Adapter wird einfach durch Einstecken verwendet; es sind keine Voreinstellungen erforderlich.\u00a0<\/span><\/p>\n<h3><span style=\"font-family: 'Book Antiqua', Palatino; font-size: 120%; color: #333399;\">Technische Daten<\/span><\/h3>\n<ul>\n<li><span style=\"font-family: 'Book Antiqua', Palatino; font-size: 120%; color: #333399;\">Netzwerktyp: Gigabit Ethernet<\/span><\/li>\n<li><span style=\"font-family: 'Book Antiqua', Palatino; font-size: 120%; color: #333399;\">Ladefunktion<\/span><\/li>\n<li><span style=\"font-family: 'Book Antiqua', Palatino; font-size: 120%; color: #333399;\">RJ45-Eingangs- und Lightning-Ausgangsanschl\u00fcsse<\/span><\/li>\n<li><span style=\"font-family: 'Book Antiqua', Palatino; font-size: 120%; color: #333399;\">Material: Plastik<\/span><\/li>\n<\/ul>","protected":false},"excerpt":{"rendered":"<p><span style=\"font-family: 'Book Antiqua', Palatino; font-size: 120%; color: #333399;\">Mit diesem Adapter Ethernet-Hub RJ45 - Lightning k\u00f6nnen Sie ein Ethernet-Kabel an ein Apple\u00ae iPhone, iPad oder iPod mit Lightning-Eingang anschlie\u00dfen. <\/span><\/p>\n<p><span style=\"font-family: 'Book Antiqua', Palatino; font-size: 120%; color: #333399;\"><strong>So k\u00f6nnen Sie auf diesen Ger\u00e4ten wellenfrei ins Internet gehen.<\/strong> (weder WiFi noch mobile Daten). <\/span><\/p>\n<p><span style=\"font-family: 'Book Antiqua', Palatino; font-size: 120%; color: #333399;\">Ideal f\u00fcr das B\u00fcro und zu Hause.<\/span><\/p>","protected":false},"featured_media":3812,"comment_status":"open","ping_status":"closed","template":"","meta":[],"product_brand":[],"product_cat":[164],"product_tag":[248,246,247,249,245],"class_list":{"0":"post-3811","1":"product","2":"type-product","3":"status-publish","4":"has-post-thumbnail","6":"product_cat-baubiologie","7":"product_tag-baubiologie","8":"product_tag-bureau","9":"product_tag-chambre","10":"product_tag-electromagnetisme","11":"product_tag-maison","13":"first","14":"instock","15":"taxable","16":"shipping-taxable","17":"purchasable","18":"product-type-simple"},"yoast_head":"<!-- This site is optimized with the Yoast SEO Premium plugin v25.1 (Yoast SEO v27.4) - https:\/\/yoast.com\/product\/yoast-seo-premium-wordpress\/ -->\n<title>Adaptateur hub Ethernet RJ45 - Lightning | Agara<\/title>\n<meta name=\"description\" content=\"Cet adaptateur hub Ethernet RJ45 - Lightning permet de relier un c\u00e2ble Ethernet \u00e0 un iPhone, iPad, iPod Apple\u00ae muni d&#039;une entr\u00e9e Lightning.Vous pouvez ainsi vous connecter \u00e0 Internet sur ces appareils sans aucune onde (ni WiFi, ni donn\u00e9es mobiles).Id\u00e9al au bureau et \u00e0 la maison.\" \/>\n<meta name=\"robots\" content=\"index, follow, max-snippet:-1, max-image-preview:large, max-video-preview:-1\" \/>\n<link rel=\"canonical\" href=\"https:\/\/369agara.com\/de\/produkt\/adaptateur-hub-ethernet-rj45-lightning\/\" \/>\n<meta property=\"og:locale\" content=\"de_DE\" \/>\n<meta property=\"og:type\" content=\"article\" \/>\n<meta property=\"og:title\" content=\"Adaptateur hub Ethernet RJ45 - Lightning\" \/>\n<meta property=\"og:description\" content=\"Cet adaptateur hub Ethernet RJ45 - Lightning permet de relier un c\u00e2ble Ethernet \u00e0 un iPhone, iPad, iPod Apple\u00ae muni d&#039;une entr\u00e9e Lightning.Vous pouvez ainsi vous connecter \u00e0 Internet sur ces appareils sans aucune onde (ni WiFi, ni donn\u00e9es mobiles).Id\u00e9al au bureau et \u00e0 la maison.\" \/>\n<meta property=\"og:url\" content=\"https:\/\/369agara.com\/de\/produkt\/adaptateur-hub-ethernet-rj45-lightning\/\" \/>\n<meta property=\"og:site_name\" content=\"Agara\" \/>\n<meta property=\"article:modified_time\" content=\"2025-05-12T17:55:09+00:00\" \/>\n<meta property=\"og:image\" content=\"https:\/\/369agara.com\/wp-content\/uploads\/2025\/05\/adaptateur-hub-ethernet-rj45-lightning.jpg\" \/>\n\t<meta property=\"og:image:width\" content=\"800\" \/>\n\t<meta property=\"og:image:height\" content=\"800\" \/>\n\t<meta property=\"og:image:type\" content=\"image\/jpeg\" \/>\n<meta name=\"twitter:card\" content=\"summary_large_image\" \/>\n<meta name=\"twitter:label1\" content=\"Gesch\u00e4tzte Lesezeit\" \/>\n\t<meta name=\"twitter:data1\" content=\"2\u00a0Minuten\" \/>\n<script type=\"application\/ld+json\" class=\"yoast-schema-graph\">{\"@context\":\"https:\\\/\\\/schema.org\",\"@graph\":[{\"@type\":\"WebPage\",\"@id\":\"https:\\\/\\\/369agara.com\\\/produit\\\/adaptateur-hub-ethernet-rj45-lightning\\\/\",\"url\":\"https:\\\/\\\/369agara.com\\\/produit\\\/adaptateur-hub-ethernet-rj45-lightning\\\/\",\"name\":\"Adaptateur hub Ethernet RJ45 - Lightning | Agara\",\"isPartOf\":{\"@id\":\"https:\\\/\\\/369agara.com\\\/#website\"},\"primaryImageOfPage\":{\"@id\":\"https:\\\/\\\/369agara.com\\\/produit\\\/adaptateur-hub-ethernet-rj45-lightning\\\/#primaryimage\"},\"image\":{\"@id\":\"https:\\\/\\\/369agara.com\\\/produit\\\/adaptateur-hub-ethernet-rj45-lightning\\\/#primaryimage\"},\"thumbnailUrl\":\"https:\\\/\\\/369agara.com\\\/wp-content\\\/uploads\\\/2025\\\/05\\\/adaptateur-hub-ethernet-rj45-lightning.jpg\",\"datePublished\":\"2025-05-12T17:48:34+00:00\",\"dateModified\":\"2025-05-12T17:55:09+00:00\",\"description\":\"Cet adaptateur hub Ethernet RJ45 - Lightning permet de relier un c\u00e2ble Ethernet \u00e0 un iPhone, iPad, iPod Apple\u00ae muni d'une entr\u00e9e Lightning.Vous pouvez ainsi vous connecter \u00e0 Internet sur ces appareils sans aucune onde (ni WiFi, ni donn\u00e9es mobiles).Id\u00e9al au bureau et \u00e0 la maison.\",\"breadcrumb\":{\"@id\":\"https:\\\/\\\/369agara.com\\\/produit\\\/adaptateur-hub-ethernet-rj45-lightning\\\/#breadcrumb\"},\"inLanguage\":\"de\",\"potentialAction\":[{\"@type\":\"ReadAction\",\"target\":[\"https:\\\/\\\/369agara.com\\\/produit\\\/adaptateur-hub-ethernet-rj45-lightning\\\/\"]}]},{\"@type\":\"ImageObject\",\"inLanguage\":\"de\",\"@id\":\"https:\\\/\\\/369agara.com\\\/produit\\\/adaptateur-hub-ethernet-rj45-lightning\\\/#primaryimage\",\"url\":\"https:\\\/\\\/369agara.com\\\/wp-content\\\/uploads\\\/2025\\\/05\\\/adaptateur-hub-ethernet-rj45-lightning.jpg\",\"contentUrl\":\"https:\\\/\\\/369agara.com\\\/wp-content\\\/uploads\\\/2025\\\/05\\\/adaptateur-hub-ethernet-rj45-lightning.jpg\",\"width\":800,\"height\":800},{\"@type\":\"BreadcrumbList\",\"@id\":\"https:\\\/\\\/369agara.com\\\/produit\\\/adaptateur-hub-ethernet-rj45-lightning\\\/#breadcrumb\",\"itemListElement\":[{\"@type\":\"ListItem\",\"position\":1,\"name\":\"Accueil\",\"item\":\"https:\\\/\\\/369agara.com\\\/\"},{\"@type\":\"ListItem\",\"position\":2,\"name\":\"La boutique\",\"item\":\"https:\\\/\\\/369agara.com\\\/la-boutique\\\/\"},{\"@type\":\"ListItem\",\"position\":3,\"name\":\"Adaptateur hub Ethernet RJ45 &#8211; Lightning\"}]},{\"@type\":\"WebSite\",\"@id\":\"https:\\\/\\\/369agara.com\\\/#website\",\"url\":\"https:\\\/\\\/369agara.com\\\/\",\"name\":\"Livsrikedomar\",\"description\":\"D\u00e9connectez pour mieux vous connecter\",\"publisher\":{\"@id\":\"https:\\\/\\\/369agara.com\\\/#organization\"},\"potentialAction\":[{\"@type\":\"SearchAction\",\"target\":{\"@type\":\"EntryPoint\",\"urlTemplate\":\"https:\\\/\\\/369agara.com\\\/?s={search_term_string}\"},\"query-input\":{\"@type\":\"PropertyValueSpecification\",\"valueRequired\":true,\"valueName\":\"search_term_string\"}}],\"inLanguage\":\"de\"},{\"@type\":\"Organization\",\"@id\":\"https:\\\/\\\/369agara.com\\\/#organization\",\"name\":\"EACreations\",\"url\":\"https:\\\/\\\/369agara.com\\\/\",\"logo\":{\"@type\":\"ImageObject\",\"inLanguage\":\"de\",\"@id\":\"https:\\\/\\\/369agara.com\\\/#\\\/schema\\\/logo\\\/image\\\/\",\"url\":\"\",\"contentUrl\":\"\",\"caption\":\"EACreations\"},\"image\":{\"@id\":\"https:\\\/\\\/369agara.com\\\/#\\\/schema\\\/logo\\\/image\\\/\"}}]}<\/script>\n<!-- \/ Yoast SEO Premium plugin. -->","yoast_head_json":{"title":"Adaptateur hub Ethernet RJ45 - Lightning | Agara","description":"Cet adaptateur hub Ethernet RJ45 - Lightning permet de relier un c\u00e2ble Ethernet \u00e0 un iPhone, iPad, iPod Apple\u00ae muni d'une entr\u00e9e Lightning.Vous pouvez ainsi vous connecter \u00e0 Internet sur ces appareils sans aucune onde (ni WiFi, ni donn\u00e9es mobiles).Id\u00e9al au bureau et \u00e0 la maison.","robots":{"index":"index","follow":"follow","max-snippet":"max-snippet:-1","max-image-preview":"max-image-preview:large","max-video-preview":"max-video-preview:-1"},"canonical":"https:\/\/369agara.com\/de\/produkt\/adaptateur-hub-ethernet-rj45-lightning\/","og_locale":"de_DE","og_type":"article","og_title":"Adaptateur hub Ethernet RJ45 - Lightning","og_description":"Cet adaptateur hub Ethernet RJ45 - Lightning permet de relier un c\u00e2ble Ethernet \u00e0 un iPhone, iPad, iPod Apple\u00ae muni d'une entr\u00e9e Lightning.Vous pouvez ainsi vous connecter \u00e0 Internet sur ces appareils sans aucune onde (ni WiFi, ni donn\u00e9es mobiles).Id\u00e9al au bureau et \u00e0 la maison.","og_url":"https:\/\/369agara.com\/de\/produkt\/adaptateur-hub-ethernet-rj45-lightning\/","og_site_name":"Agara","article_modified_time":"2025-05-12T17:55:09+00:00","og_image":[{"width":800,"height":800,"url":"https:\/\/369agara.com\/wp-content\/uploads\/2025\/05\/adaptateur-hub-ethernet-rj45-lightning.jpg","type":"image\/jpeg"}],"twitter_card":"summary_large_image","twitter_misc":{"Gesch\u00e4tzte Lesezeit":"2\u00a0Minuten"},"schema":{"@context":"https:\/\/schema.org","@graph":[{"@type":"WebPage","@id":"https:\/\/369agara.com\/produit\/adaptateur-hub-ethernet-rj45-lightning\/","url":"https:\/\/369agara.com\/produit\/adaptateur-hub-ethernet-rj45-lightning\/","name":"Adaptateur hub Ethernet RJ45 - Lightning | Agara","isPartOf":{"@id":"https:\/\/369agara.com\/#website"},"primaryImageOfPage":{"@id":"https:\/\/369agara.com\/produit\/adaptateur-hub-ethernet-rj45-lightning\/#primaryimage"},"image":{"@id":"https:\/\/369agara.com\/produit\/adaptateur-hub-ethernet-rj45-lightning\/#primaryimage"},"thumbnailUrl":"https:\/\/369agara.com\/wp-content\/uploads\/2025\/05\/adaptateur-hub-ethernet-rj45-lightning.jpg","datePublished":"2025-05-12T17:48:34+00:00","dateModified":"2025-05-12T17:55:09+00:00","description":"Cet adaptateur hub Ethernet RJ45 - Lightning permet de relier un c\u00e2ble Ethernet \u00e0 un iPhone, iPad, iPod Apple\u00ae muni d'une entr\u00e9e Lightning.Vous pouvez ainsi vous connecter \u00e0 Internet sur ces appareils sans aucune onde (ni WiFi, ni donn\u00e9es mobiles).Id\u00e9al au bureau et \u00e0 la maison.","breadcrumb":{"@id":"https:\/\/369agara.com\/produit\/adaptateur-hub-ethernet-rj45-lightning\/#breadcrumb"},"inLanguage":"de","potentialAction":[{"@type":"ReadAction","target":["https:\/\/369agara.com\/produit\/adaptateur-hub-ethernet-rj45-lightning\/"]}]},{"@type":"ImageObject","inLanguage":"de","@id":"https:\/\/369agara.com\/produit\/adaptateur-hub-ethernet-rj45-lightning\/#primaryimage","url":"https:\/\/369agara.com\/wp-content\/uploads\/2025\/05\/adaptateur-hub-ethernet-rj45-lightning.jpg","contentUrl":"https:\/\/369agara.com\/wp-content\/uploads\/2025\/05\/adaptateur-hub-ethernet-rj45-lightning.jpg","width":800,"height":800},{"@type":"BreadcrumbList","@id":"https:\/\/369agara.com\/produit\/adaptateur-hub-ethernet-rj45-lightning\/#breadcrumb","itemListElement":[{"@type":"ListItem","position":1,"name":"Accueil","item":"https:\/\/369agara.com\/"},{"@type":"ListItem","position":2,"name":"La boutique","item":"https:\/\/369agara.com\/la-boutique\/"},{"@type":"ListItem","position":3,"name":"Adaptateur hub Ethernet RJ45 &#8211; Lightning"}]},{"@type":"WebSite","@id":"https:\/\/369agara.com\/#website","url":"https:\/\/369agara.com\/","name":"Livsrikedomar","description":"Trennen Sie die Verbindung, um sich besser zu verbinden","publisher":{"@id":"https:\/\/369agara.com\/#organization"},"potentialAction":[{"@type":"SearchAction","target":{"@type":"EntryPoint","urlTemplate":"https:\/\/369agara.com\/?s={search_term_string}"},"query-input":{"@type":"PropertyValueSpecification","valueRequired":true,"valueName":"search_term_string"}}],"inLanguage":"de"},{"@type":"Organization","@id":"https:\/\/369agara.com\/#organization","name":"EACreations","url":"https:\/\/369agara.com\/","logo":{"@type":"ImageObject","inLanguage":"de","@id":"https:\/\/369agara.com\/#\/schema\/logo\/image\/","url":"","contentUrl":"","caption":"EACreations"},"image":{"@id":"https:\/\/369agara.com\/#\/schema\/logo\/image\/"}}]}},"jetpack_sharing_enabled":true,"_links":{"self":[{"href":"https:\/\/369agara.com\/de\/wp-json\/wp\/v2\/product\/3811","targetHints":{"allow":["GET"]}}],"collection":[{"href":"https:\/\/369agara.com\/de\/wp-json\/wp\/v2\/product"}],"about":[{"href":"https:\/\/369agara.com\/de\/wp-json\/wp\/v2\/types\/product"}],"replies":[{"embeddable":true,"href":"https:\/\/369agara.com\/de\/wp-json\/wp\/v2\/comments?post=3811"}],"wp:featuredmedia":[{"embeddable":true,"href":"https:\/\/369agara.com\/de\/wp-json\/wp\/v2\/media\/3812"}],"wp:attachment":[{"href":"https:\/\/369agara.com\/de\/wp-json\/wp\/v2\/media?parent=3811"}],"wp:term":[{"taxonomy":"product_brand","embeddable":true,"href":"https:\/\/369agara.com\/de\/wp-json\/wp\/v2\/product_brand?post=3811"},{"taxonomy":"product_cat","embeddable":true,"href":"https:\/\/369agara.com\/de\/wp-json\/wp\/v2\/product_cat?post=3811"},{"taxonomy":"product_tag","embeddable":true,"href":"https:\/\/369agara.com\/de\/wp-json\/wp\/v2\/product_tag?post=3811"}],"curies":[{"name":"wp","href":"https:\/\/api.w.org\/{rel}","templated":true}]}}